{"id":45845,"date":"2026-02-04T14:44:20","date_gmt":"2026-02-04T13:44:20","guid":{"rendered":"https:\/\/naturalpoland.com\/produkty\/kategorilenmemis\/pterostilben\/"},"modified":"2026-02-13T13:20:10","modified_gmt":"2026-02-13T12:20:10","slug":"pterostilben","status":"publish","type":"product","link":"https:\/\/naturalpoland.com\/tr\/urunler\/farmasotik-hammaddeler\/takviye-edici-gida-bilesenleri\/pterostilben\/","title":{"rendered":"Pterostilben"},"content":{"rendered":"<h2>Pterostilbenin \u00d6zellikleri ve Etkileri<\/h2>\n<p>Pterostilben, kimyasal yap\u0131s\u0131ndaki metoksi gruplar\u0131n\u0131n varl\u0131\u011f\u0131ndan dolay\u0131 resveratrol\u00fcn daha biyoyararl\u0131 ve metabolik olarak daha stabil bir t\u00fcrevi olarak kabul edilir. Bu modifikasyon, v\u00fccutta <strong>daha iyi emilim<\/strong> ve <strong>daha yava\u015f metabolizma<\/strong> sa\u011flayarak, klasik polifenollere k\u0131yasla \u00f6nemli bir teknolojik avantaj sunar. <\/p>\n<p>Bu bile\u015fik, serbest oksijen radikallerini n\u00f6tralize ederek ve h\u00fccreleri oksidatif stresten koruyarak g\u00fc\u00e7l\u00fc <strong>antioksidan \u00f6zellikler<\/strong> g\u00f6sterir. Bu nedenle pterostilben, h\u00fccresel koruma ve uzun vadeli v\u00fccut deste\u011fine y\u00f6nelik preparatlarda s\u0131kl\u0131kla kullan\u0131l\u0131r. <\/p>\n<p>Bilimsel literat\u00fcrde pterostilben, <strong>sinir sisteminin d\u00fczg\u00fcn \u00e7al\u0131\u015fmas\u0131n\u0131 destekleyen<\/strong> bir bile\u015fen olarak da tan\u0131mlanmaktad\u0131r; bu da <em>beyin sa\u011fl\u0131\u011f\u0131<\/em> ve <em>bili\u015fsel destek<\/em> takviyelerindeki artan pop\u00fclaritesini a\u00e7\u0131klamaktad\u0131r. Ayr\u0131ca, <strong>lipid ve glikoz metabolizmas\u0131n\u0131 destekleyen<\/strong> form\u00fclasyonlardaki potansiyeline de dikkat \u00e7ekilmektedir. <\/p>\n<p>Pterostilben, uygun stabilite profili sayesinde modern, \u00e7ok bile\u015fenli nutras\u00f6tik kompozisyonlar i\u00e7in uygun bir hammadde olarak g\u00f6r\u00fclmektedir.<\/p>\n<h2>Kullan\u0131m alanlar\u0131<\/h2>\n<p>Toz halindeki pterostilben, esas olarak diyet takviyelerinde ve nutras\u00f6tik ara \u00fcr\u00fcnlerde, \u00f6zellikle \u015funlarda kullan\u0131lmak \u00fczere tasarlanm\u0131\u015ft\u0131r:<\/p>\n<ul>\n<li>y\u00fcksek aktif madde i\u00e7eri\u011fine sahip kaps\u00fcl ve tabletlerde,<\/li>\n<li><em>anti-aging<\/em> ve <em>longevity<\/em> tipi form\u00fclasyonlarda,<\/li>\n<li>bili\u015fsel i\u015flevleri destekleyen preparatlarda (<em>nootropikler<\/em>),<\/li>\n<li><span style=\"color: #555555;\">antioksidan korumaya y\u00f6nelik \u00fcr\u00fcnlerde,<\/span><\/li>\n<li>geli\u015fmi\u015f polifenol kar\u0131\u015f\u0131mlar\u0131nda (\u00f6rn. resveratrol ile kombinasyon halinde).<\/li>\n<\/ul>\n","protected":false},"excerpt":{"rendered":"<p><strong>Pterostilben<\/strong>, stilbenler grubundan, yap\u0131sal olarak <a href=\"https:\/\/naturalpoland.com\/produkty\/produkty-dla-przemyslu-farmaceutycznego-i-medycznego\/dodatki-do-suplementow-diety\/resverasol-lsme-resweratrol\/\"><strong>resveratrol<\/strong><\/a> ile ili\u015fkili do\u011fal bir polifenolik bile\u015fiktir. Do\u011fal olarak yaban mersini, \u00fcz\u00fcm ve baz\u0131 bitkilerin odunlar\u0131nda koruyucu bir i\u015flev g\u00f6rerek bulunur. Y\u00fcksek safl\u0131kta formu, yeni nesil diyet takviyelerinde kullan\u0131lan modern bir fonksiyonel hammaddedir.   <\/p>\n","protected":false},"featured_media":45848,"template":"","meta":[],"product_brand":[],"product_cat":[9540],"product_tag":[],"class_list":{"0":"post-45845","1":"product","2":"type-product","3":"status-publish","4":"has-post-thumbnail","6":"product_cat-takviye-edici-gida-bilesenleri","7":"pa_grupa-substancji-fenoller-ve-polifenoller","9":"first","10":"instock","11":"shipping-taxable","12":"product-type-simple"},"yoast_head":"<!-- This site is optimized with the Yoast SEO plugin v27.3 - https:\/\/yoast.com\/product\/yoast-seo-wordpress\/ -->\n<title>Pterostilben - Hurtowy Dystrybutor<\/title>\n<meta name=\"description\" content=\"Pterostilben \u226598% toz \u2013 y\u00fcksek biyoyararlan\u0131ma sahip modern bir polifenol, anti-aging ve beyin sa\u011fl\u0131\u011f\u0131 takviyeleri i\u00e7in. B2B hammadde.\" \/>\n<meta name=\"robots\" content=\"index, follow, max-snippet:-1, max-image-preview:large, max-video-preview:-1\" \/>\n<link rel=\"canonical\" href=\"https:\/\/naturalpoland.com\/tr\/urunler\/farmasotik-hammaddeler\/takviye-edici-gida-bilesenleri\/pterostilben\/\" \/>\n<meta property=\"og:locale\" content=\"tr_TR\" \/>\n<meta property=\"og:type\" content=\"article\" \/>\n<meta property=\"og:title\" content=\"Pterostilben - Hurtowy Dystrybutor\" \/>\n<meta property=\"og:description\" content=\"Pterostilben \u226598% toz \u2013 y\u00fcksek biyoyararlan\u0131ma sahip modern bir polifenol, anti-aging ve beyin sa\u011fl\u0131\u011f\u0131 takviyeleri i\u00e7in. B2B hammadde.\" \/>\n<meta property=\"og:url\" content=\"https:\/\/naturalpoland.com\/tr\/urunler\/farmasotik-hammaddeler\/takviye-edici-gida-bilesenleri\/pterostilben\/\" \/>\n<meta property=\"og:site_name\" content=\"NATURAL POLAND - Hurtowy Dystrybutor Surowc\u00f3w\" \/>\n<meta property=\"article:publisher\" content=\"https:\/\/www.facebook.com\/naturalpoland.b2b\" \/>\n<meta property=\"article:modified_time\" content=\"2026-02-13T12:20:10+00:00\" \/>\n<meta property=\"og:image\" content=\"https:\/\/naturalpoland.com\/wp-content\/uploads\/pterostilben.webp\" \/>\n\t<meta property=\"og:image:width\" content=\"1024\" \/>\n\t<meta property=\"og:image:height\" content=\"1024\" \/>\n\t<meta property=\"og:image:type\" content=\"image\/webp\" \/>\n<script type=\"application\/ld+json\" class=\"yoast-schema-graph\">{\"@context\":\"https:\\\/\\\/schema.org\",\"@graph\":[{\"@type\":\"WebPage\",\"@id\":\"https:\\\/\\\/naturalpoland.com\\\/tr\\\/urunler\\\/farmasotik-hammaddeler\\\/takviye-edici-gida-bilesenleri\\\/pterostilben\\\/\",\"url\":\"https:\\\/\\\/naturalpoland.com\\\/tr\\\/urunler\\\/farmasotik-hammaddeler\\\/takviye-edici-gida-bilesenleri\\\/pterostilben\\\/\",\"name\":\"Pterostilben - Hurtowy Dystrybutor\",\"isPartOf\":{\"@id\":\"https:\\\/\\\/naturalpoland.com\\\/tr\\\/#website\"},\"primaryImageOfPage\":{\"@id\":\"https:\\\/\\\/naturalpoland.com\\\/tr\\\/urunler\\\/farmasotik-hammaddeler\\\/takviye-edici-gida-bilesenleri\\\/pterostilben\\\/#primaryimage\"},\"image\":{\"@id\":\"https:\\\/\\\/naturalpoland.com\\\/tr\\\/urunler\\\/farmasotik-hammaddeler\\\/takviye-edici-gida-bilesenleri\\\/pterostilben\\\/#primaryimage\"},\"thumbnailUrl\":\"https:\\\/\\\/naturalpoland.com\\\/wp-content\\\/uploads\\\/pterostilben.webp\",\"datePublished\":\"2026-02-04T13:44:20+00:00\",\"dateModified\":\"2026-02-13T12:20:10+00:00\",\"description\":\"Pterostilben \u226598% toz \u2013 y\u00fcksek biyoyararlan\u0131ma sahip modern bir polifenol, anti-aging ve beyin sa\u011fl\u0131\u011f\u0131 takviyeleri i\u00e7in. B2B hammadde.\",\"breadcrumb\":{\"@id\":\"https:\\\/\\\/naturalpoland.com\\\/tr\\\/urunler\\\/farmasotik-hammaddeler\\\/takviye-edici-gida-bilesenleri\\\/pterostilben\\\/#breadcrumb\"},\"inLanguage\":\"tr\",\"potentialAction\":[{\"@type\":\"ReadAction\",\"target\":[\"https:\\\/\\\/naturalpoland.com\\\/tr\\\/urunler\\\/farmasotik-hammaddeler\\\/takviye-edici-gida-bilesenleri\\\/pterostilben\\\/\"]}]},{\"@type\":\"ImageObject\",\"inLanguage\":\"tr\",\"@id\":\"https:\\\/\\\/naturalpoland.com\\\/tr\\\/urunler\\\/farmasotik-hammaddeler\\\/takviye-edici-gida-bilesenleri\\\/pterostilben\\\/#primaryimage\",\"url\":\"https:\\\/\\\/naturalpoland.com\\\/wp-content\\\/uploads\\\/pterostilben.webp\",\"contentUrl\":\"https:\\\/\\\/naturalpoland.com\\\/wp-content\\\/uploads\\\/pterostilben.webp\",\"width\":1024,\"height\":1024,\"caption\":\"pterostilben\"},{\"@type\":\"BreadcrumbList\",\"@id\":\"https:\\\/\\\/naturalpoland.com\\\/tr\\\/urunler\\\/farmasotik-hammaddeler\\\/takviye-edici-gida-bilesenleri\\\/pterostilben\\\/#breadcrumb\",\"itemListElement\":[{\"@type\":\"ListItem\",\"position\":1,\"name\":\"Ana Sayfa\",\"item\":\"https:\\\/\\\/naturalpoland.com\\\/tr\\\/\"},{\"@type\":\"ListItem\",\"position\":2,\"name\":\"\u00dcr\u00fcnler\",\"item\":\"https:\\\/\\\/naturalpoland.com\\\/tr\\\/urunler\\\/\"},{\"@type\":\"ListItem\",\"position\":3,\"name\":\"Pterostilben\"}]},{\"@type\":\"WebSite\",\"@id\":\"https:\\\/\\\/naturalpoland.com\\\/tr\\\/#website\",\"url\":\"https:\\\/\\\/naturalpoland.com\\\/tr\\\/\",\"name\":\"NATURAL POLAND - Hurtowy Dystrybutor Surowc\u00f3w\",\"description\":\"Surowce dla przemys\u0142u spo\u017cywczego, kosmetycznego i farmaceutycznego\",\"publisher\":{\"@id\":\"https:\\\/\\\/naturalpoland.com\\\/tr\\\/#organization\"},\"potentialAction\":[{\"@type\":\"SearchAction\",\"target\":{\"@type\":\"EntryPoint\",\"urlTemplate\":\"https:\\\/\\\/naturalpoland.com\\\/tr\\\/?s={search_term_string}\"},\"query-input\":{\"@type\":\"PropertyValueSpecification\",\"valueRequired\":true,\"valueName\":\"search_term_string\"}}],\"inLanguage\":\"tr\"},{\"@type\":\"Organization\",\"@id\":\"https:\\\/\\\/naturalpoland.com\\\/tr\\\/#organization\",\"name\":\"Natural Poland\",\"url\":\"https:\\\/\\\/naturalpoland.com\\\/tr\\\/\",\"logo\":{\"@type\":\"ImageObject\",\"inLanguage\":\"tr\",\"@id\":\"https:\\\/\\\/naturalpoland.com\\\/tr\\\/#\\\/schema\\\/logo\\\/image\\\/\",\"url\":\"https:\\\/\\\/naturalpoland.com\\\/wp-content\\\/uploads\\\/2021\\\/05\\\/natural-poland-icon.png\",\"contentUrl\":\"https:\\\/\\\/naturalpoland.com\\\/wp-content\\\/uploads\\\/2021\\\/05\\\/natural-poland-icon.png\",\"width\":512,\"height\":512,\"caption\":\"Natural Poland\"},\"image\":{\"@id\":\"https:\\\/\\\/naturalpoland.com\\\/tr\\\/#\\\/schema\\\/logo\\\/image\\\/\"},\"sameAs\":[\"https:\\\/\\\/www.facebook.com\\\/naturalpoland.b2b\",\"https:\\\/\\\/pl.linkedin.com\\\/company\\\/natural-poland\",\"https:\\\/\\\/www.youtube.com\\\/channel\\\/UCgeGGkvOMahZo-xu_MSEWxg\"]}]}<\/script>\n<!-- \/ Yoast SEO plugin. -->","yoast_head_json":{"title":"Pterostilben - Hurtowy Dystrybutor","description":"Pterostilben \u226598% toz \u2013 y\u00fcksek biyoyararlan\u0131ma sahip modern bir polifenol, anti-aging ve beyin sa\u011fl\u0131\u011f\u0131 takviyeleri i\u00e7in. B2B hammadde.","robots":{"index":"index","follow":"follow","max-snippet":"max-snippet:-1","max-image-preview":"max-image-preview:large","max-video-preview":"max-video-preview:-1"},"canonical":"https:\/\/naturalpoland.com\/tr\/urunler\/farmasotik-hammaddeler\/takviye-edici-gida-bilesenleri\/pterostilben\/","og_locale":"tr_TR","og_type":"article","og_title":"Pterostilben - Hurtowy Dystrybutor","og_description":"Pterostilben \u226598% toz \u2013 y\u00fcksek biyoyararlan\u0131ma sahip modern bir polifenol, anti-aging ve beyin sa\u011fl\u0131\u011f\u0131 takviyeleri i\u00e7in. B2B hammadde.","og_url":"https:\/\/naturalpoland.com\/tr\/urunler\/farmasotik-hammaddeler\/takviye-edici-gida-bilesenleri\/pterostilben\/","og_site_name":"NATURAL POLAND - Hurtowy Dystrybutor Surowc\u00f3w","article_publisher":"https:\/\/www.facebook.com\/naturalpoland.b2b","article_modified_time":"2026-02-13T12:20:10+00:00","og_image":[{"width":1024,"height":1024,"url":"https:\/\/naturalpoland.com\/wp-content\/uploads\/pterostilben.webp","type":"image\/webp"}],"schema":{"@context":"https:\/\/schema.org","@graph":[{"@type":"WebPage","@id":"https:\/\/naturalpoland.com\/tr\/urunler\/farmasotik-hammaddeler\/takviye-edici-gida-bilesenleri\/pterostilben\/","url":"https:\/\/naturalpoland.com\/tr\/urunler\/farmasotik-hammaddeler\/takviye-edici-gida-bilesenleri\/pterostilben\/","name":"Pterostilben - Hurtowy Dystrybutor","isPartOf":{"@id":"https:\/\/naturalpoland.com\/tr\/#website"},"primaryImageOfPage":{"@id":"https:\/\/naturalpoland.com\/tr\/urunler\/farmasotik-hammaddeler\/takviye-edici-gida-bilesenleri\/pterostilben\/#primaryimage"},"image":{"@id":"https:\/\/naturalpoland.com\/tr\/urunler\/farmasotik-hammaddeler\/takviye-edici-gida-bilesenleri\/pterostilben\/#primaryimage"},"thumbnailUrl":"https:\/\/naturalpoland.com\/wp-content\/uploads\/pterostilben.webp","datePublished":"2026-02-04T13:44:20+00:00","dateModified":"2026-02-13T12:20:10+00:00","description":"Pterostilben \u226598% toz \u2013 y\u00fcksek biyoyararlan\u0131ma sahip modern bir polifenol, anti-aging ve beyin sa\u011fl\u0131\u011f\u0131 takviyeleri i\u00e7in. B2B hammadde.","breadcrumb":{"@id":"https:\/\/naturalpoland.com\/tr\/urunler\/farmasotik-hammaddeler\/takviye-edici-gida-bilesenleri\/pterostilben\/#breadcrumb"},"inLanguage":"tr","potentialAction":[{"@type":"ReadAction","target":["https:\/\/naturalpoland.com\/tr\/urunler\/farmasotik-hammaddeler\/takviye-edici-gida-bilesenleri\/pterostilben\/"]}]},{"@type":"ImageObject","inLanguage":"tr","@id":"https:\/\/naturalpoland.com\/tr\/urunler\/farmasotik-hammaddeler\/takviye-edici-gida-bilesenleri\/pterostilben\/#primaryimage","url":"https:\/\/naturalpoland.com\/wp-content\/uploads\/pterostilben.webp","contentUrl":"https:\/\/naturalpoland.com\/wp-content\/uploads\/pterostilben.webp","width":1024,"height":1024,"caption":"pterostilben"},{"@type":"BreadcrumbList","@id":"https:\/\/naturalpoland.com\/tr\/urunler\/farmasotik-hammaddeler\/takviye-edici-gida-bilesenleri\/pterostilben\/#breadcrumb","itemListElement":[{"@type":"ListItem","position":1,"name":"Ana Sayfa","item":"https:\/\/naturalpoland.com\/tr\/"},{"@type":"ListItem","position":2,"name":"\u00dcr\u00fcnler","item":"https:\/\/naturalpoland.com\/tr\/urunler\/"},{"@type":"ListItem","position":3,"name":"Pterostilben"}]},{"@type":"WebSite","@id":"https:\/\/naturalpoland.com\/tr\/#website","url":"https:\/\/naturalpoland.com\/tr\/","name":"NATURAL POLAND - Hurtowy Dystrybutor Surowc\u00f3w","description":"Surowce dla przemys\u0142u spo\u017cywczego, kosmetycznego i farmaceutycznego","publisher":{"@id":"https:\/\/naturalpoland.com\/tr\/#organization"},"potentialAction":[{"@type":"SearchAction","target":{"@type":"EntryPoint","urlTemplate":"https:\/\/naturalpoland.com\/tr\/?s={search_term_string}"},"query-input":{"@type":"PropertyValueSpecification","valueRequired":true,"valueName":"search_term_string"}}],"inLanguage":"tr"},{"@type":"Organization","@id":"https:\/\/naturalpoland.com\/tr\/#organization","name":"Natural Poland","url":"https:\/\/naturalpoland.com\/tr\/","logo":{"@type":"ImageObject","inLanguage":"tr","@id":"https:\/\/naturalpoland.com\/tr\/#\/schema\/logo\/image\/","url":"https:\/\/naturalpoland.com\/wp-content\/uploads\/2021\/05\/natural-poland-icon.png","contentUrl":"https:\/\/naturalpoland.com\/wp-content\/uploads\/2021\/05\/natural-poland-icon.png","width":512,"height":512,"caption":"Natural Poland"},"image":{"@id":"https:\/\/naturalpoland.com\/tr\/#\/schema\/logo\/image\/"},"sameAs":["https:\/\/www.facebook.com\/naturalpoland.b2b","https:\/\/pl.linkedin.com\/company\/natural-poland","https:\/\/www.youtube.com\/channel\/UCgeGGkvOMahZo-xu_MSEWxg"]}]}},"_links":{"self":[{"href":"https:\/\/naturalpoland.com\/tr\/wp-json\/wp\/v2\/product\/45845","targetHints":{"allow":["GET"]}}],"collection":[{"href":"https:\/\/naturalpoland.com\/tr\/wp-json\/wp\/v2\/product"}],"about":[{"href":"https:\/\/naturalpoland.com\/tr\/wp-json\/wp\/v2\/types\/product"}],"wp:featuredmedia":[{"embeddable":true,"href":"https:\/\/naturalpoland.com\/tr\/wp-json\/wp\/v2\/media\/45848"}],"wp:attachment":[{"href":"https:\/\/naturalpoland.com\/tr\/wp-json\/wp\/v2\/media?parent=45845"}],"wp:term":[{"taxonomy":"product_brand","embeddable":true,"href":"https:\/\/naturalpoland.com\/tr\/wp-json\/wp\/v2\/product_brand?post=45845"},{"taxonomy":"product_cat","embeddable":true,"href":"https:\/\/naturalpoland.com\/tr\/wp-json\/wp\/v2\/product_cat?post=45845"},{"taxonomy":"product_tag","embeddable":true,"href":"https:\/\/naturalpoland.com\/tr\/wp-json\/wp\/v2\/product_tag?post=45845"}],"curies":[{"name":"wp","href":"https:\/\/api.w.org\/{rel}","templated":true}]}}