{"id":45873,"date":"2026-02-05T13:56:04","date_gmt":"2026-02-05T12:56:04","guid":{"rendered":"https:\/\/naturalpoland.com\/produkty\/kategorilenmemis\/palmarosa-yagi\/"},"modified":"2026-02-13T13:53:00","modified_gmt":"2026-02-13T12:53:00","slug":"palmarosa-yagi","status":"publish","type":"product","link":"https:\/\/naturalpoland.com\/tr\/urunler\/kozmetik-hammaddeleri\/ucucu-yaglar\/palmarosa-yagi\/","title":{"rendered":"Palmarosa Ya\u011f\u0131"},"content":{"rendered":"<h2>Palmarosa ya\u011f\u0131n\u0131n \u00f6zellikleri ve form\u00fclasyonlardaki i\u015flevi:<\/h2>\n<p>Palmarosa ya\u011f\u0131, form\u00fclasyonlara hafif, taze bir arka plan ile yumu\u015fak, \u00e7i\u00e7eksi-g\u00fcl notas\u0131 veren do\u011fal bir koku bile\u015fenidir. Bu sayede hem cilt bak\u0131m kozmetiklerinde hem de parf\u00fcml\u00fc \u00fcr\u00fcnlerde kullan\u0131l\u0131r. <\/p>\n<p>Form\u00fclasyon a\u00e7\u0131s\u0131ndan bu ya\u011f \u015funlar\u0131 g\u00f6sterir:<\/p>\n<ul>\n<li>di\u011fer u\u00e7ucu ya\u011flarla iyi uyumluluk,<\/li>\n<li>y\u00fcksek koku bile\u015fikleri konsantrasyonu,<\/li>\n<li>tipik saklama ko\u015fullar\u0131nda stabilite.<\/li>\n<\/ul>\n<p>Geraniol ve di\u011fer monoterpenlerin varl\u0131\u011f\u0131, palmarosa ya\u011f\u0131n\u0131n do\u011fal karakterli koku kompozisyonunun \u00f6nemli oldu\u011fu \u00fcr\u00fcnlerde ve ayr\u0131ca aromaterapiden ilham alan form\u00fclasyonlarda s\u0131kl\u0131kla kullan\u0131lmas\u0131n\u0131 sa\u011flar.<\/p>\n<h2>Kullan\u0131m:<\/h2>\n<p>Palmarosa ya\u011f\u0131, end\u00fcstriyel uygulamalar i\u00e7in kozmetik ve koku hammaddesi olarak, \u00f6zellikle \u015funlarda tasarlanm\u0131\u015ft\u0131r:<\/p>\n<ul>\n<li>cilt bak\u0131m kremleri ve losyonlar\u0131,<\/li>\n<li>v\u00fccut kozmetikleri ve spa \u00fcr\u00fcnleri,<\/li>\n<li>sabunlar ve temizlik \u00fcr\u00fcnleri,<\/li>\n<li>masaj ya\u011flar\u0131 ve aromatik form\u00fclasyonlar,<\/li>\n<li>parf\u00fcmler ve koku kompozisyonlar\u0131,<\/li>\n<li>kokulu mumlar ve ev kokusu \u00fcr\u00fcnleri.<\/li>\n<\/ul>\n<p>Hammadde, y\u00fcr\u00fcrl\u00fckteki d\u00fczenlemelere ve IFRA ve CLP tavsiyelerine uygun olarak, nihai \u00fcr\u00fcnlerdeki konsantrasyon limitleri dikkate al\u0131narak kullan\u0131lmal\u0131d\u0131r.<\/p>\n","protected":false},"excerpt":{"rendered":"<p><strong>Palmarosa ya\u011f\u0131<\/strong>, Poaceae familyas\u0131na ait <em>Cymbopogon martini<\/em> otundan elde edilir. Bu ya\u011f, <span style=\"font-size: 14.4px;\"> ba\u015fta <strong>geraniol<\/strong> (%50\u2013100) olmak \u00fczere, <strong>geranil asetat<\/strong>, <strong>linalool<\/strong>, <strong>sitral<\/strong> ve <strong>limonen<\/strong> gibi bile\u015fiklerle tamamlanan bir koku maddeleri kar\u0131\u015f\u0131m\u0131d\u0131r. <\/span><\/p>\n","protected":false},"featured_media":45874,"template":"","meta":[],"product_brand":[],"product_cat":[9552],"product_tag":[],"class_list":{"0":"post-45873","1":"product","2":"type-product","3":"status-publish","4":"has-post-thumbnail","6":"product_cat-ucucu-yaglar","8":"first","9":"instock","10":"shipping-taxable","11":"product-type-simple"},"yoast_head":"<!-- This site is optimized with the Yoast SEO plugin v27.3 - https:\/\/yoast.com\/product\/yoast-seo-wordpress\/ -->\n<title>Palmarosa Ya\u011f\u0131 - Hurtowy Dystrybutor<\/title>\n<meta name=\"description\" content=\"Palmarosa ya\u011f\u0131 (Cymbopogon martini oil) \u2013 kozmetik ve parf\u00fcmler i\u00e7in do\u011fal bir koku bile\u015feni. \u00c7i\u00e7eksi aromal\u0131 B2B hammadde.\" \/>\n<meta name=\"robots\" content=\"index, follow, max-snippet:-1, max-image-preview:large, max-video-preview:-1\" \/>\n<link rel=\"canonical\" href=\"https:\/\/naturalpoland.com\/tr\/urunler\/kozmetik-hammaddeleri\/ucucu-yaglar\/palmarosa-yagi\/\" \/>\n<meta property=\"og:locale\" content=\"tr_TR\" \/>\n<meta property=\"og:type\" content=\"article\" \/>\n<meta property=\"og:title\" content=\"Palmarosa Ya\u011f\u0131 - Hurtowy Dystrybutor\" \/>\n<meta property=\"og:description\" content=\"Palmarosa ya\u011f\u0131 (Cymbopogon martini oil) \u2013 kozmetik ve parf\u00fcmler i\u00e7in do\u011fal bir koku bile\u015feni. \u00c7i\u00e7eksi aromal\u0131 B2B hammadde.\" \/>\n<meta property=\"og:url\" content=\"https:\/\/naturalpoland.com\/tr\/urunler\/kozmetik-hammaddeleri\/ucucu-yaglar\/palmarosa-yagi\/\" \/>\n<meta property=\"og:site_name\" content=\"NATURAL POLAND - Hurtowy Dystrybutor Surowc\u00f3w\" \/>\n<meta property=\"article:publisher\" content=\"https:\/\/www.facebook.com\/naturalpoland.b2b\" \/>\n<meta property=\"article:modified_time\" content=\"2026-02-13T12:53:00+00:00\" \/>\n<meta property=\"og:image\" content=\"https:\/\/naturalpoland.com\/wp-content\/uploads\/palmarosa-oil.webp\" \/>\n\t<meta property=\"og:image:width\" content=\"1024\" \/>\n\t<meta property=\"og:image:height\" content=\"1024\" \/>\n\t<meta property=\"og:image:type\" content=\"image\/webp\" \/>\n<script type=\"application\/ld+json\" class=\"yoast-schema-graph\">{\"@context\":\"https:\\\/\\\/schema.org\",\"@graph\":[{\"@type\":\"WebPage\",\"@id\":\"https:\\\/\\\/naturalpoland.com\\\/tr\\\/urunler\\\/kozmetik-hammaddeleri\\\/ucucu-yaglar\\\/palmarosa-yagi\\\/\",\"url\":\"https:\\\/\\\/naturalpoland.com\\\/tr\\\/urunler\\\/kozmetik-hammaddeleri\\\/ucucu-yaglar\\\/palmarosa-yagi\\\/\",\"name\":\"Palmarosa Ya\u011f\u0131 - Hurtowy Dystrybutor\",\"isPartOf\":{\"@id\":\"https:\\\/\\\/naturalpoland.com\\\/tr\\\/#website\"},\"primaryImageOfPage\":{\"@id\":\"https:\\\/\\\/naturalpoland.com\\\/tr\\\/urunler\\\/kozmetik-hammaddeleri\\\/ucucu-yaglar\\\/palmarosa-yagi\\\/#primaryimage\"},\"image\":{\"@id\":\"https:\\\/\\\/naturalpoland.com\\\/tr\\\/urunler\\\/kozmetik-hammaddeleri\\\/ucucu-yaglar\\\/palmarosa-yagi\\\/#primaryimage\"},\"thumbnailUrl\":\"https:\\\/\\\/naturalpoland.com\\\/wp-content\\\/uploads\\\/palmarosa-oil.webp\",\"datePublished\":\"2026-02-05T12:56:04+00:00\",\"dateModified\":\"2026-02-13T12:53:00+00:00\",\"description\":\"Palmarosa ya\u011f\u0131 (Cymbopogon martini oil) \u2013 kozmetik ve parf\u00fcmler i\u00e7in do\u011fal bir koku bile\u015feni. \u00c7i\u00e7eksi aromal\u0131 B2B hammadde.\",\"breadcrumb\":{\"@id\":\"https:\\\/\\\/naturalpoland.com\\\/tr\\\/urunler\\\/kozmetik-hammaddeleri\\\/ucucu-yaglar\\\/palmarosa-yagi\\\/#breadcrumb\"},\"inLanguage\":\"tr\",\"potentialAction\":[{\"@type\":\"ReadAction\",\"target\":[\"https:\\\/\\\/naturalpoland.com\\\/tr\\\/urunler\\\/kozmetik-hammaddeleri\\\/ucucu-yaglar\\\/palmarosa-yagi\\\/\"]}]},{\"@type\":\"ImageObject\",\"inLanguage\":\"tr\",\"@id\":\"https:\\\/\\\/naturalpoland.com\\\/tr\\\/urunler\\\/kozmetik-hammaddeleri\\\/ucucu-yaglar\\\/palmarosa-yagi\\\/#primaryimage\",\"url\":\"https:\\\/\\\/naturalpoland.com\\\/wp-content\\\/uploads\\\/palmarosa-oil.webp\",\"contentUrl\":\"https:\\\/\\\/naturalpoland.com\\\/wp-content\\\/uploads\\\/palmarosa-oil.webp\",\"width\":1024,\"height\":1024,\"caption\":\"palmarosa ya\u011f\u0131\"},{\"@type\":\"BreadcrumbList\",\"@id\":\"https:\\\/\\\/naturalpoland.com\\\/tr\\\/urunler\\\/kozmetik-hammaddeleri\\\/ucucu-yaglar\\\/palmarosa-yagi\\\/#breadcrumb\",\"itemListElement\":[{\"@type\":\"ListItem\",\"position\":1,\"name\":\"Ana Sayfa\",\"item\":\"https:\\\/\\\/naturalpoland.com\\\/tr\\\/\"},{\"@type\":\"ListItem\",\"position\":2,\"name\":\"\u00dcr\u00fcnler\",\"item\":\"https:\\\/\\\/naturalpoland.com\\\/tr\\\/urunler\\\/\"},{\"@type\":\"ListItem\",\"position\":3,\"name\":\"Palmarosa Ya\u011f\u0131\"}]},{\"@type\":\"WebSite\",\"@id\":\"https:\\\/\\\/naturalpoland.com\\\/tr\\\/#website\",\"url\":\"https:\\\/\\\/naturalpoland.com\\\/tr\\\/\",\"name\":\"NATURAL POLAND - Hurtowy Dystrybutor Surowc\u00f3w\",\"description\":\"Surowce dla przemys\u0142u spo\u017cywczego, kosmetycznego i farmaceutycznego\",\"publisher\":{\"@id\":\"https:\\\/\\\/naturalpoland.com\\\/tr\\\/#organization\"},\"potentialAction\":[{\"@type\":\"SearchAction\",\"target\":{\"@type\":\"EntryPoint\",\"urlTemplate\":\"https:\\\/\\\/naturalpoland.com\\\/tr\\\/?s={search_term_string}\"},\"query-input\":{\"@type\":\"PropertyValueSpecification\",\"valueRequired\":true,\"valueName\":\"search_term_string\"}}],\"inLanguage\":\"tr\"},{\"@type\":\"Organization\",\"@id\":\"https:\\\/\\\/naturalpoland.com\\\/tr\\\/#organization\",\"name\":\"Natural Poland\",\"url\":\"https:\\\/\\\/naturalpoland.com\\\/tr\\\/\",\"logo\":{\"@type\":\"ImageObject\",\"inLanguage\":\"tr\",\"@id\":\"https:\\\/\\\/naturalpoland.com\\\/tr\\\/#\\\/schema\\\/logo\\\/image\\\/\",\"url\":\"https:\\\/\\\/naturalpoland.com\\\/wp-content\\\/uploads\\\/2021\\\/05\\\/natural-poland-icon.png\",\"contentUrl\":\"https:\\\/\\\/naturalpoland.com\\\/wp-content\\\/uploads\\\/2021\\\/05\\\/natural-poland-icon.png\",\"width\":512,\"height\":512,\"caption\":\"Natural Poland\"},\"image\":{\"@id\":\"https:\\\/\\\/naturalpoland.com\\\/tr\\\/#\\\/schema\\\/logo\\\/image\\\/\"},\"sameAs\":[\"https:\\\/\\\/www.facebook.com\\\/naturalpoland.b2b\",\"https:\\\/\\\/pl.linkedin.com\\\/company\\\/natural-poland\",\"https:\\\/\\\/www.youtube.com\\\/channel\\\/UCgeGGkvOMahZo-xu_MSEWxg\"]}]}<\/script>\n<!-- \/ Yoast SEO plugin. -->","yoast_head_json":{"title":"Palmarosa Ya\u011f\u0131 - Hurtowy Dystrybutor","description":"Palmarosa ya\u011f\u0131 (Cymbopogon martini oil) \u2013 kozmetik ve parf\u00fcmler i\u00e7in do\u011fal bir koku bile\u015feni. \u00c7i\u00e7eksi aromal\u0131 B2B hammadde.","robots":{"index":"index","follow":"follow","max-snippet":"max-snippet:-1","max-image-preview":"max-image-preview:large","max-video-preview":"max-video-preview:-1"},"canonical":"https:\/\/naturalpoland.com\/tr\/urunler\/kozmetik-hammaddeleri\/ucucu-yaglar\/palmarosa-yagi\/","og_locale":"tr_TR","og_type":"article","og_title":"Palmarosa Ya\u011f\u0131 - Hurtowy Dystrybutor","og_description":"Palmarosa ya\u011f\u0131 (Cymbopogon martini oil) \u2013 kozmetik ve parf\u00fcmler i\u00e7in do\u011fal bir koku bile\u015feni. \u00c7i\u00e7eksi aromal\u0131 B2B hammadde.","og_url":"https:\/\/naturalpoland.com\/tr\/urunler\/kozmetik-hammaddeleri\/ucucu-yaglar\/palmarosa-yagi\/","og_site_name":"NATURAL POLAND - Hurtowy Dystrybutor Surowc\u00f3w","article_publisher":"https:\/\/www.facebook.com\/naturalpoland.b2b","article_modified_time":"2026-02-13T12:53:00+00:00","og_image":[{"width":1024,"height":1024,"url":"https:\/\/naturalpoland.com\/wp-content\/uploads\/palmarosa-oil.webp","type":"image\/webp"}],"schema":{"@context":"https:\/\/schema.org","@graph":[{"@type":"WebPage","@id":"https:\/\/naturalpoland.com\/tr\/urunler\/kozmetik-hammaddeleri\/ucucu-yaglar\/palmarosa-yagi\/","url":"https:\/\/naturalpoland.com\/tr\/urunler\/kozmetik-hammaddeleri\/ucucu-yaglar\/palmarosa-yagi\/","name":"Palmarosa Ya\u011f\u0131 - Hurtowy Dystrybutor","isPartOf":{"@id":"https:\/\/naturalpoland.com\/tr\/#website"},"primaryImageOfPage":{"@id":"https:\/\/naturalpoland.com\/tr\/urunler\/kozmetik-hammaddeleri\/ucucu-yaglar\/palmarosa-yagi\/#primaryimage"},"image":{"@id":"https:\/\/naturalpoland.com\/tr\/urunler\/kozmetik-hammaddeleri\/ucucu-yaglar\/palmarosa-yagi\/#primaryimage"},"thumbnailUrl":"https:\/\/naturalpoland.com\/wp-content\/uploads\/palmarosa-oil.webp","datePublished":"2026-02-05T12:56:04+00:00","dateModified":"2026-02-13T12:53:00+00:00","description":"Palmarosa ya\u011f\u0131 (Cymbopogon martini oil) \u2013 kozmetik ve parf\u00fcmler i\u00e7in do\u011fal bir koku bile\u015feni. \u00c7i\u00e7eksi aromal\u0131 B2B hammadde.","breadcrumb":{"@id":"https:\/\/naturalpoland.com\/tr\/urunler\/kozmetik-hammaddeleri\/ucucu-yaglar\/palmarosa-yagi\/#breadcrumb"},"inLanguage":"tr","potentialAction":[{"@type":"ReadAction","target":["https:\/\/naturalpoland.com\/tr\/urunler\/kozmetik-hammaddeleri\/ucucu-yaglar\/palmarosa-yagi\/"]}]},{"@type":"ImageObject","inLanguage":"tr","@id":"https:\/\/naturalpoland.com\/tr\/urunler\/kozmetik-hammaddeleri\/ucucu-yaglar\/palmarosa-yagi\/#primaryimage","url":"https:\/\/naturalpoland.com\/wp-content\/uploads\/palmarosa-oil.webp","contentUrl":"https:\/\/naturalpoland.com\/wp-content\/uploads\/palmarosa-oil.webp","width":1024,"height":1024,"caption":"palmarosa ya\u011f\u0131"},{"@type":"BreadcrumbList","@id":"https:\/\/naturalpoland.com\/tr\/urunler\/kozmetik-hammaddeleri\/ucucu-yaglar\/palmarosa-yagi\/#breadcrumb","itemListElement":[{"@type":"ListItem","position":1,"name":"Ana Sayfa","item":"https:\/\/naturalpoland.com\/tr\/"},{"@type":"ListItem","position":2,"name":"\u00dcr\u00fcnler","item":"https:\/\/naturalpoland.com\/tr\/urunler\/"},{"@type":"ListItem","position":3,"name":"Palmarosa Ya\u011f\u0131"}]},{"@type":"WebSite","@id":"https:\/\/naturalpoland.com\/tr\/#website","url":"https:\/\/naturalpoland.com\/tr\/","name":"NATURAL POLAND - Hurtowy Dystrybutor Surowc\u00f3w","description":"Surowce dla przemys\u0142u spo\u017cywczego, kosmetycznego i farmaceutycznego","publisher":{"@id":"https:\/\/naturalpoland.com\/tr\/#organization"},"potentialAction":[{"@type":"SearchAction","target":{"@type":"EntryPoint","urlTemplate":"https:\/\/naturalpoland.com\/tr\/?s={search_term_string}"},"query-input":{"@type":"PropertyValueSpecification","valueRequired":true,"valueName":"search_term_string"}}],"inLanguage":"tr"},{"@type":"Organization","@id":"https:\/\/naturalpoland.com\/tr\/#organization","name":"Natural Poland","url":"https:\/\/naturalpoland.com\/tr\/","logo":{"@type":"ImageObject","inLanguage":"tr","@id":"https:\/\/naturalpoland.com\/tr\/#\/schema\/logo\/image\/","url":"https:\/\/naturalpoland.com\/wp-content\/uploads\/2021\/05\/natural-poland-icon.png","contentUrl":"https:\/\/naturalpoland.com\/wp-content\/uploads\/2021\/05\/natural-poland-icon.png","width":512,"height":512,"caption":"Natural Poland"},"image":{"@id":"https:\/\/naturalpoland.com\/tr\/#\/schema\/logo\/image\/"},"sameAs":["https:\/\/www.facebook.com\/naturalpoland.b2b","https:\/\/pl.linkedin.com\/company\/natural-poland","https:\/\/www.youtube.com\/channel\/UCgeGGkvOMahZo-xu_MSEWxg"]}]}},"_links":{"self":[{"href":"https:\/\/naturalpoland.com\/tr\/wp-json\/wp\/v2\/product\/45873","targetHints":{"allow":["GET"]}}],"collection":[{"href":"https:\/\/naturalpoland.com\/tr\/wp-json\/wp\/v2\/product"}],"about":[{"href":"https:\/\/naturalpoland.com\/tr\/wp-json\/wp\/v2\/types\/product"}],"wp:featuredmedia":[{"embeddable":true,"href":"https:\/\/naturalpoland.com\/tr\/wp-json\/wp\/v2\/media\/45874"}],"wp:attachment":[{"href":"https:\/\/naturalpoland.com\/tr\/wp-json\/wp\/v2\/media?parent=45873"}],"wp:term":[{"taxonomy":"product_brand","embeddable":true,"href":"https:\/\/naturalpoland.com\/tr\/wp-json\/wp\/v2\/product_brand?post=45873"},{"taxonomy":"product_cat","embeddable":true,"href":"https:\/\/naturalpoland.com\/tr\/wp-json\/wp\/v2\/product_cat?post=45873"},{"taxonomy":"product_tag","embeddable":true,"href":"https:\/\/naturalpoland.com\/tr\/wp-json\/wp\/v2\/product_tag?post=45873"}],"curies":[{"name":"wp","href":"https:\/\/api.w.org\/{rel}","templated":true}]}}