{"id":46010,"date":"2026-02-17T15:17:18","date_gmt":"2026-02-17T14:17:18","guid":{"rendered":"https:\/\/naturalpoland.com\/produkty\/kategorilenmemis\/colostrum-bovinum-sigir-kolostrumu\/"},"modified":"2026-02-19T12:30:13","modified_gmt":"2026-02-19T11:30:13","slug":"colostrum-bovinum-sigir-kolostrumu","status":"publish","type":"product","link":"https:\/\/naturalpoland.com\/tr\/urunler\/farmasotik-hammaddeler\/takviye-edici-gida-bilesenleri\/colostrum-bovinum-sigir-kolostrumu\/","title":{"rendered":"Colostrum Bovinum (s\u0131\u011f\u0131r kolostrumu)"},"content":{"rendered":"<p>Colostrum bovinum, yaln\u0131zca s\u00fcrekli veteriner g\u00f6zetimi alt\u0131ndaki Polonya \u00e7iftliklerinden elde edilmektedir. Hammadde, y\u00fcr\u00fcrl\u00fckteki AB d\u00fczenlemelerine ve hayvan refah\u0131 ilkelerine uygun olarak buza\u011f\u0131lamadan sonraki ilk saatlerden itibaren temin edilir. Her parti detayl\u0131 kalite kontrol ve mikrobiyolojik testlere tabi tutulur.  <\/p>\n<h2>Kolostrumun \u00d6zellikleri:<\/h2>\n<p>Colostrum Bovinum, %30&#8217;un \u00fczerinde standardize edilmi\u015f IgG dahil olmak \u00fczere y\u00fcksek konsantrasyonda imm\u00fcnoglobulin i\u00e7eren do\u011fal, biyolojik olarak aktif bir hammaddedir. Y\u00fcksek protein i\u00e7eri\u011fine sahipken, ya\u011f oran\u0131 d\u00fc\u015f\u00fckt\u00fcr. Biyoaktif proteinler, peptitler, <a href=\"https:\/\/naturalpoland.com\/tr\/urunler\/farmasotik-hammaddeler\/takviye-edici-gida-bilesenleri\/laktoferrin\/\">laktoferin<\/a> ve do\u011fal b\u00fcy\u00fcme fakt\u00f6rlerinin varl\u0131\u011f\u0131 sayesinde y\u00fcksek fonksiyonel de\u011fere sahip bir bile\u015fendir.  <\/p>\n<p>Hammadde suda \u00e7\u00f6z\u00fcn\u00fcr, standart depolama ko\u015fullar\u0131nda iyi stabilite g\u00f6sterir ve G\u0131da S\u0131n\u0131f\u0131 hammaddeler i\u00e7in kalite gereksinimlerini kar\u015f\u0131lar. GDO i\u00e7ermez. Vejetaryen diyetlerde kullan\u0131labilirken, s\u00fct bazl\u0131 k\u00f6keni nedeniyle veganlar i\u00e7in uygun de\u011fildir.  <\/p>\n<p>\u00dcretim, BRCGS Global G\u0131da G\u00fcvenli\u011fi Standard\u0131 (AA seviyesi), IFS Broker (Y\u00fcksek Seviye) sertifikalar\u0131na sahip ve HACCP sistemi uygulanm\u0131\u015f bir tesiste ger\u00e7ekle\u015ftirilmektedir. Tesis ayr\u0131ca ISO 14001:2015 sertifikas\u0131na ve Helal sertifikas\u0131na sahiptir. <\/p>\n<h2>Kolostrum Kullan\u0131m\u0131:<\/h2>\n<p>Colostrum Bovinum, diyet takviyelerinde ve fonksiyonel g\u0131dalarda kullan\u0131l\u0131r. Bu hammadde, <strong>v\u00fccudun do\u011fal savunma mekanizmalar\u0131n\u0131<\/strong> ve <strong>sindirim sisteminin d\u00fczg\u00fcn \u00e7al\u0131\u015fmas\u0131n\u0131<\/strong> destekler. Y\u00fcksek biyoaktif protein fraksiyonlar\u0131 i\u00e7eri\u011fi sayesinde, fiziksel olarak aktif ki\u015filer i\u00e7in tasarlanm\u0131\u015f \u00fcr\u00fcnlerde ve rejeneratif form\u00fcllerde s\u0131kl\u0131kla kullan\u0131l\u0131r.  <\/p>\n<p>Kozmetik end\u00fcstrisinde Kolostrum, cilt yenilenmesini, elastikiyetini art\u0131rmay\u0131 ve hidrolipid bariyerini yeniden yap\u0131land\u0131rmay\u0131 destekleyen preparatlarda kullan\u0131l\u0131r. Hassas, kuru ve olgun cilt bak\u0131m\u0131 i\u00e7in tasarlanm\u0131\u015f dermokozmetiklerde, ayr\u0131ca yat\u0131\u015ft\u0131r\u0131c\u0131 ve yenilenme s\u00fcre\u00e7lerini destekleyici etkiye sahip form\u00fcllerde etkilidir. <\/p>\n","protected":false},"excerpt":{"rendered":"<p><strong>Colostrum Bovinum<\/strong>, takviye, g\u0131da, kozmetik end\u00fcstrilerinde ve hayvan beslenmesinde kullan\u0131lmak \u00fczere tasarlanm\u0131\u015f y\u00fcksek kaliteli <strong>s\u0131\u011f\u0131r kolostrumu tozudur<\/strong>. \u00dcr\u00fcn, %30&#8217;un \u00fczerinde imm\u00fcnoglobulin IgG i\u00e7eri\u011fi, y\u00fcksek protein (%60 civar\u0131) ve d\u00fc\u015f\u00fck ya\u011f i\u00e7eri\u011fi ile standardize edilmi\u015ftir. <\/p>\n","protected":false},"featured_media":46012,"template":"","meta":[],"product_brand":[],"product_cat":[9540],"product_tag":[],"class_list":{"0":"post-46010","1":"product","2":"type-product","3":"status-publish","4":"has-post-thumbnail","6":"product_cat-takviye-edici-gida-bilesenleri","8":"first","9":"instock","10":"shipping-taxable","11":"product-type-simple"},"yoast_head":"<!-- This site is optimized with the Yoast SEO plugin v27.3 - https:\/\/yoast.com\/product\/yoast-seo-wordpress\/ -->\n<title>Colostrum Bovinum (s\u0131\u011f\u0131r kolostrumu) - Hurtowy Dystrybutor<\/title>\n<meta name=\"description\" content=\"Colostrum Bovinum \u2013 IgG &gt; oran\u0131nda standardize edilmi\u015f y\u00fcksek kaliteli s\u0131\u011f\u0131r kolostrumu tozu. Takviyeler, g\u0131da ve kozmetikler i\u00e7in G\u0131da S\u0131n\u0131f\u0131 hammadde.\" \/>\n<meta name=\"robots\" content=\"index, follow, max-snippet:-1, max-image-preview:large, max-video-preview:-1\" \/>\n<link rel=\"canonical\" href=\"https:\/\/naturalpoland.com\/tr\/urunler\/farmasotik-hammaddeler\/takviye-edici-gida-bilesenleri\/colostrum-bovinum-sigir-kolostrumu\/\" \/>\n<meta property=\"og:locale\" content=\"tr_TR\" \/>\n<meta property=\"og:type\" content=\"article\" \/>\n<meta property=\"og:title\" content=\"Colostrum Bovinum (s\u0131\u011f\u0131r kolostrumu) - Hurtowy Dystrybutor\" \/>\n<meta property=\"og:description\" content=\"Colostrum Bovinum \u2013 IgG &gt; oran\u0131nda standardize edilmi\u015f y\u00fcksek kaliteli s\u0131\u011f\u0131r kolostrumu tozu. Takviyeler, g\u0131da ve kozmetikler i\u00e7in G\u0131da S\u0131n\u0131f\u0131 hammadde.\" \/>\n<meta property=\"og:url\" content=\"https:\/\/naturalpoland.com\/tr\/urunler\/farmasotik-hammaddeler\/takviye-edici-gida-bilesenleri\/colostrum-bovinum-sigir-kolostrumu\/\" \/>\n<meta property=\"og:site_name\" content=\"NATURAL POLAND - Hurtowy Dystrybutor Surowc\u00f3w\" \/>\n<meta property=\"article:publisher\" content=\"https:\/\/www.facebook.com\/naturalpoland.b2b\" \/>\n<meta property=\"article:modified_time\" content=\"2026-02-19T11:30:13+00:00\" \/>\n<meta property=\"og:image\" content=\"https:\/\/naturalpoland.com\/wp-content\/uploads\/kolostrum-2.webp\" \/>\n\t<meta property=\"og:image:width\" content=\"1024\" \/>\n\t<meta property=\"og:image:height\" content=\"1024\" \/>\n\t<meta property=\"og:image:type\" content=\"image\/webp\" \/>\n<script type=\"application\/ld+json\" class=\"yoast-schema-graph\">{\"@context\":\"https:\\\/\\\/schema.org\",\"@graph\":[{\"@type\":\"WebPage\",\"@id\":\"https:\\\/\\\/naturalpoland.com\\\/tr\\\/urunler\\\/farmasotik-hammaddeler\\\/takviye-edici-gida-bilesenleri\\\/colostrum-bovinum-sigir-kolostrumu\\\/\",\"url\":\"https:\\\/\\\/naturalpoland.com\\\/tr\\\/urunler\\\/farmasotik-hammaddeler\\\/takviye-edici-gida-bilesenleri\\\/colostrum-bovinum-sigir-kolostrumu\\\/\",\"name\":\"Colostrum Bovinum (s\u0131\u011f\u0131r kolostrumu) - Hurtowy Dystrybutor\",\"isPartOf\":{\"@id\":\"https:\\\/\\\/naturalpoland.com\\\/tr\\\/#website\"},\"primaryImageOfPage\":{\"@id\":\"https:\\\/\\\/naturalpoland.com\\\/tr\\\/urunler\\\/farmasotik-hammaddeler\\\/takviye-edici-gida-bilesenleri\\\/colostrum-bovinum-sigir-kolostrumu\\\/#primaryimage\"},\"image\":{\"@id\":\"https:\\\/\\\/naturalpoland.com\\\/tr\\\/urunler\\\/farmasotik-hammaddeler\\\/takviye-edici-gida-bilesenleri\\\/colostrum-bovinum-sigir-kolostrumu\\\/#primaryimage\"},\"thumbnailUrl\":\"https:\\\/\\\/naturalpoland.com\\\/wp-content\\\/uploads\\\/kolostrum-2.webp\",\"datePublished\":\"2026-02-17T14:17:18+00:00\",\"dateModified\":\"2026-02-19T11:30:13+00:00\",\"description\":\"Colostrum Bovinum \u2013 IgG > oran\u0131nda standardize edilmi\u015f y\u00fcksek kaliteli s\u0131\u011f\u0131r kolostrumu tozu. Takviyeler, g\u0131da ve kozmetikler i\u00e7in G\u0131da S\u0131n\u0131f\u0131 hammadde.\",\"breadcrumb\":{\"@id\":\"https:\\\/\\\/naturalpoland.com\\\/tr\\\/urunler\\\/farmasotik-hammaddeler\\\/takviye-edici-gida-bilesenleri\\\/colostrum-bovinum-sigir-kolostrumu\\\/#breadcrumb\"},\"inLanguage\":\"tr\",\"potentialAction\":[{\"@type\":\"ReadAction\",\"target\":[\"https:\\\/\\\/naturalpoland.com\\\/tr\\\/urunler\\\/farmasotik-hammaddeler\\\/takviye-edici-gida-bilesenleri\\\/colostrum-bovinum-sigir-kolostrumu\\\/\"]}]},{\"@type\":\"ImageObject\",\"inLanguage\":\"tr\",\"@id\":\"https:\\\/\\\/naturalpoland.com\\\/tr\\\/urunler\\\/farmasotik-hammaddeler\\\/takviye-edici-gida-bilesenleri\\\/colostrum-bovinum-sigir-kolostrumu\\\/#primaryimage\",\"url\":\"https:\\\/\\\/naturalpoland.com\\\/wp-content\\\/uploads\\\/kolostrum-2.webp\",\"contentUrl\":\"https:\\\/\\\/naturalpoland.com\\\/wp-content\\\/uploads\\\/kolostrum-2.webp\",\"width\":1024,\"height\":1024,\"caption\":\"Colostrum Bovinum\"},{\"@type\":\"BreadcrumbList\",\"@id\":\"https:\\\/\\\/naturalpoland.com\\\/tr\\\/urunler\\\/farmasotik-hammaddeler\\\/takviye-edici-gida-bilesenleri\\\/colostrum-bovinum-sigir-kolostrumu\\\/#breadcrumb\",\"itemListElement\":[{\"@type\":\"ListItem\",\"position\":1,\"name\":\"Ana Sayfa\",\"item\":\"https:\\\/\\\/naturalpoland.com\\\/tr\\\/\"},{\"@type\":\"ListItem\",\"position\":2,\"name\":\"\u00dcr\u00fcnler\",\"item\":\"https:\\\/\\\/naturalpoland.com\\\/tr\\\/urunler\\\/\"},{\"@type\":\"ListItem\",\"position\":3,\"name\":\"Colostrum Bovinum (s\u0131\u011f\u0131r kolostrumu)\"}]},{\"@type\":\"WebSite\",\"@id\":\"https:\\\/\\\/naturalpoland.com\\\/tr\\\/#website\",\"url\":\"https:\\\/\\\/naturalpoland.com\\\/tr\\\/\",\"name\":\"NATURAL POLAND - Hurtowy Dystrybutor Surowc\u00f3w\",\"description\":\"Surowce dla przemys\u0142u spo\u017cywczego, kosmetycznego i farmaceutycznego\",\"publisher\":{\"@id\":\"https:\\\/\\\/naturalpoland.com\\\/tr\\\/#organization\"},\"potentialAction\":[{\"@type\":\"SearchAction\",\"target\":{\"@type\":\"EntryPoint\",\"urlTemplate\":\"https:\\\/\\\/naturalpoland.com\\\/tr\\\/?s={search_term_string}\"},\"query-input\":{\"@type\":\"PropertyValueSpecification\",\"valueRequired\":true,\"valueName\":\"search_term_string\"}}],\"inLanguage\":\"tr\"},{\"@type\":\"Organization\",\"@id\":\"https:\\\/\\\/naturalpoland.com\\\/tr\\\/#organization\",\"name\":\"Natural Poland\",\"url\":\"https:\\\/\\\/naturalpoland.com\\\/tr\\\/\",\"logo\":{\"@type\":\"ImageObject\",\"inLanguage\":\"tr\",\"@id\":\"https:\\\/\\\/naturalpoland.com\\\/tr\\\/#\\\/schema\\\/logo\\\/image\\\/\",\"url\":\"https:\\\/\\\/naturalpoland.com\\\/wp-content\\\/uploads\\\/2021\\\/05\\\/natural-poland-icon.png\",\"contentUrl\":\"https:\\\/\\\/naturalpoland.com\\\/wp-content\\\/uploads\\\/2021\\\/05\\\/natural-poland-icon.png\",\"width\":512,\"height\":512,\"caption\":\"Natural Poland\"},\"image\":{\"@id\":\"https:\\\/\\\/naturalpoland.com\\\/tr\\\/#\\\/schema\\\/logo\\\/image\\\/\"},\"sameAs\":[\"https:\\\/\\\/www.facebook.com\\\/naturalpoland.b2b\",\"https:\\\/\\\/pl.linkedin.com\\\/company\\\/natural-poland\",\"https:\\\/\\\/www.youtube.com\\\/channel\\\/UCgeGGkvOMahZo-xu_MSEWxg\"]}]}<\/script>\n<!-- \/ Yoast SEO plugin. -->","yoast_head_json":{"title":"Colostrum Bovinum (s\u0131\u011f\u0131r kolostrumu) - Hurtowy Dystrybutor","description":"Colostrum Bovinum \u2013 IgG > oran\u0131nda standardize edilmi\u015f y\u00fcksek kaliteli s\u0131\u011f\u0131r kolostrumu tozu. Takviyeler, g\u0131da ve kozmetikler i\u00e7in G\u0131da S\u0131n\u0131f\u0131 hammadde.","robots":{"index":"index","follow":"follow","max-snippet":"max-snippet:-1","max-image-preview":"max-image-preview:large","max-video-preview":"max-video-preview:-1"},"canonical":"https:\/\/naturalpoland.com\/tr\/urunler\/farmasotik-hammaddeler\/takviye-edici-gida-bilesenleri\/colostrum-bovinum-sigir-kolostrumu\/","og_locale":"tr_TR","og_type":"article","og_title":"Colostrum Bovinum (s\u0131\u011f\u0131r kolostrumu) - Hurtowy Dystrybutor","og_description":"Colostrum Bovinum \u2013 IgG > oran\u0131nda standardize edilmi\u015f y\u00fcksek kaliteli s\u0131\u011f\u0131r kolostrumu tozu. Takviyeler, g\u0131da ve kozmetikler i\u00e7in G\u0131da S\u0131n\u0131f\u0131 hammadde.","og_url":"https:\/\/naturalpoland.com\/tr\/urunler\/farmasotik-hammaddeler\/takviye-edici-gida-bilesenleri\/colostrum-bovinum-sigir-kolostrumu\/","og_site_name":"NATURAL POLAND - Hurtowy Dystrybutor Surowc\u00f3w","article_publisher":"https:\/\/www.facebook.com\/naturalpoland.b2b","article_modified_time":"2026-02-19T11:30:13+00:00","og_image":[{"width":1024,"height":1024,"url":"https:\/\/naturalpoland.com\/wp-content\/uploads\/kolostrum-2.webp","type":"image\/webp"}],"schema":{"@context":"https:\/\/schema.org","@graph":[{"@type":"WebPage","@id":"https:\/\/naturalpoland.com\/tr\/urunler\/farmasotik-hammaddeler\/takviye-edici-gida-bilesenleri\/colostrum-bovinum-sigir-kolostrumu\/","url":"https:\/\/naturalpoland.com\/tr\/urunler\/farmasotik-hammaddeler\/takviye-edici-gida-bilesenleri\/colostrum-bovinum-sigir-kolostrumu\/","name":"Colostrum Bovinum (s\u0131\u011f\u0131r kolostrumu) - Hurtowy Dystrybutor","isPartOf":{"@id":"https:\/\/naturalpoland.com\/tr\/#website"},"primaryImageOfPage":{"@id":"https:\/\/naturalpoland.com\/tr\/urunler\/farmasotik-hammaddeler\/takviye-edici-gida-bilesenleri\/colostrum-bovinum-sigir-kolostrumu\/#primaryimage"},"image":{"@id":"https:\/\/naturalpoland.com\/tr\/urunler\/farmasotik-hammaddeler\/takviye-edici-gida-bilesenleri\/colostrum-bovinum-sigir-kolostrumu\/#primaryimage"},"thumbnailUrl":"https:\/\/naturalpoland.com\/wp-content\/uploads\/kolostrum-2.webp","datePublished":"2026-02-17T14:17:18+00:00","dateModified":"2026-02-19T11:30:13+00:00","description":"Colostrum Bovinum \u2013 IgG > oran\u0131nda standardize edilmi\u015f y\u00fcksek kaliteli s\u0131\u011f\u0131r kolostrumu tozu. Takviyeler, g\u0131da ve kozmetikler i\u00e7in G\u0131da S\u0131n\u0131f\u0131 hammadde.","breadcrumb":{"@id":"https:\/\/naturalpoland.com\/tr\/urunler\/farmasotik-hammaddeler\/takviye-edici-gida-bilesenleri\/colostrum-bovinum-sigir-kolostrumu\/#breadcrumb"},"inLanguage":"tr","potentialAction":[{"@type":"ReadAction","target":["https:\/\/naturalpoland.com\/tr\/urunler\/farmasotik-hammaddeler\/takviye-edici-gida-bilesenleri\/colostrum-bovinum-sigir-kolostrumu\/"]}]},{"@type":"ImageObject","inLanguage":"tr","@id":"https:\/\/naturalpoland.com\/tr\/urunler\/farmasotik-hammaddeler\/takviye-edici-gida-bilesenleri\/colostrum-bovinum-sigir-kolostrumu\/#primaryimage","url":"https:\/\/naturalpoland.com\/wp-content\/uploads\/kolostrum-2.webp","contentUrl":"https:\/\/naturalpoland.com\/wp-content\/uploads\/kolostrum-2.webp","width":1024,"height":1024,"caption":"Colostrum Bovinum"},{"@type":"BreadcrumbList","@id":"https:\/\/naturalpoland.com\/tr\/urunler\/farmasotik-hammaddeler\/takviye-edici-gida-bilesenleri\/colostrum-bovinum-sigir-kolostrumu\/#breadcrumb","itemListElement":[{"@type":"ListItem","position":1,"name":"Ana Sayfa","item":"https:\/\/naturalpoland.com\/tr\/"},{"@type":"ListItem","position":2,"name":"\u00dcr\u00fcnler","item":"https:\/\/naturalpoland.com\/tr\/urunler\/"},{"@type":"ListItem","position":3,"name":"Colostrum Bovinum (s\u0131\u011f\u0131r kolostrumu)"}]},{"@type":"WebSite","@id":"https:\/\/naturalpoland.com\/tr\/#website","url":"https:\/\/naturalpoland.com\/tr\/","name":"NATURAL POLAND - Hurtowy Dystrybutor Surowc\u00f3w","description":"Surowce dla przemys\u0142u spo\u017cywczego, kosmetycznego i farmaceutycznego","publisher":{"@id":"https:\/\/naturalpoland.com\/tr\/#organization"},"potentialAction":[{"@type":"SearchAction","target":{"@type":"EntryPoint","urlTemplate":"https:\/\/naturalpoland.com\/tr\/?s={search_term_string}"},"query-input":{"@type":"PropertyValueSpecification","valueRequired":true,"valueName":"search_term_string"}}],"inLanguage":"tr"},{"@type":"Organization","@id":"https:\/\/naturalpoland.com\/tr\/#organization","name":"Natural Poland","url":"https:\/\/naturalpoland.com\/tr\/","logo":{"@type":"ImageObject","inLanguage":"tr","@id":"https:\/\/naturalpoland.com\/tr\/#\/schema\/logo\/image\/","url":"https:\/\/naturalpoland.com\/wp-content\/uploads\/2021\/05\/natural-poland-icon.png","contentUrl":"https:\/\/naturalpoland.com\/wp-content\/uploads\/2021\/05\/natural-poland-icon.png","width":512,"height":512,"caption":"Natural Poland"},"image":{"@id":"https:\/\/naturalpoland.com\/tr\/#\/schema\/logo\/image\/"},"sameAs":["https:\/\/www.facebook.com\/naturalpoland.b2b","https:\/\/pl.linkedin.com\/company\/natural-poland","https:\/\/www.youtube.com\/channel\/UCgeGGkvOMahZo-xu_MSEWxg"]}]}},"_links":{"self":[{"href":"https:\/\/naturalpoland.com\/tr\/wp-json\/wp\/v2\/product\/46010","targetHints":{"allow":["GET"]}}],"collection":[{"href":"https:\/\/naturalpoland.com\/tr\/wp-json\/wp\/v2\/product"}],"about":[{"href":"https:\/\/naturalpoland.com\/tr\/wp-json\/wp\/v2\/types\/product"}],"wp:featuredmedia":[{"embeddable":true,"href":"https:\/\/naturalpoland.com\/tr\/wp-json\/wp\/v2\/media\/46012"}],"wp:attachment":[{"href":"https:\/\/naturalpoland.com\/tr\/wp-json\/wp\/v2\/media?parent=46010"}],"wp:term":[{"taxonomy":"product_brand","embeddable":true,"href":"https:\/\/naturalpoland.com\/tr\/wp-json\/wp\/v2\/product_brand?post=46010"},{"taxonomy":"product_cat","embeddable":true,"href":"https:\/\/naturalpoland.com\/tr\/wp-json\/wp\/v2\/product_cat?post=46010"},{"taxonomy":"product_tag","embeddable":true,"href":"https:\/\/naturalpoland.com\/tr\/wp-json\/wp\/v2\/product_tag?post=46010"}],"curies":[{"name":"wp","href":"https:\/\/api.w.org\/{rel}","templated":true}]}}