{"id":46032,"date":"2022-10-10T14:54:43","date_gmt":"2022-10-10T12:54:43","guid":{"rendered":"https:\/\/naturalpoland.com\/produkty\/kategorilenmemis\/ginkgo-biloba-japon-mabet-agaci\/"},"modified":"2026-02-19T13:34:52","modified_gmt":"2026-02-19T12:34:52","slug":"ginkgo-biloba-japon-mabet-agaci","status":"publish","type":"product","link":"https:\/\/naturalpoland.com\/tr\/urunler\/gida-hammaddeleri\/uretim-hammaddeleri\/ginkgo-biloba-japon-mabet-agaci\/","title":{"rendered":"Ginkgo biloba, Japon Mabet A\u011fac\u0131"},"content":{"rendered":"","protected":false},"excerpt":{"rendered":"<p>Ginkgo biloba veya Japon Mabet A\u011fac\u0131; kandaki kolesterol seviyesini d\u00fc\u015f\u00fcr\u00fcr, aterosklerozu \u00f6nler, kan damar\u0131 duvarlar\u0131ndaki plaklar\u0131 temizler, kan ak\u0131\u015f\u0131n\u0131 uyar\u0131r ve beyin kanamalar\u0131n\u0131 engeller. Diyabet tedavisini destekleyici bir ajan olarak kullan\u0131labilir. <\/p>\n","protected":false},"featured_media":46033,"template":"","meta":[],"product_brand":[],"product_cat":[9572],"product_tag":[],"class_list":{"0":"post-46032","1":"product","2":"type-product","3":"status-publish","4":"has-post-thumbnail","6":"product_cat-uretim-hammaddeleri","8":"first","9":"instock","10":"shipping-taxable","11":"product-type-simple"},"yoast_head":"<!-- This site is optimized with the Yoast SEO plugin v27.3 - https:\/\/yoast.com\/product\/yoast-seo-wordpress\/ -->\n<title>Ginkgo biloba, Japon Mabet A\u011fac\u0131 - Hurtowy Dystrybutor<\/title>\n<meta name=\"robots\" content=\"index, follow, max-snippet:-1, max-image-preview:large, max-video-preview:-1\" \/>\n<link rel=\"canonical\" href=\"https:\/\/naturalpoland.com\/tr\/urunler\/gida-hammaddeleri\/uretim-hammaddeleri\/ginkgo-biloba-japon-mabet-agaci\/\" \/>\n<meta property=\"og:locale\" content=\"tr_TR\" \/>\n<meta property=\"og:type\" content=\"article\" \/>\n<meta property=\"og:title\" content=\"Ginkgo biloba, Japon Mabet A\u011fac\u0131 - Hurtowy Dystrybutor\" \/>\n<meta property=\"og:description\" content=\"Ginkgo biloba veya Japon Mabet A\u011fac\u0131; kandaki kolesterol seviyesini d\u00fc\u015f\u00fcr\u00fcr, aterosklerozu \u00f6nler, kan damar\u0131 duvarlar\u0131ndaki plaklar\u0131 temizler, kan ak\u0131\u015f\u0131n\u0131 uyar\u0131r ve beyin kanamalar\u0131n\u0131 engeller. Diyabet tedavisini destekleyici bir ajan olarak kullan\u0131labilir.\" \/>\n<meta property=\"og:url\" content=\"https:\/\/naturalpoland.com\/tr\/urunler\/gida-hammaddeleri\/uretim-hammaddeleri\/ginkgo-biloba-japon-mabet-agaci\/\" \/>\n<meta property=\"og:site_name\" content=\"NATURAL POLAND - Hurtowy Dystrybutor Surowc\u00f3w\" \/>\n<meta property=\"article:publisher\" content=\"https:\/\/www.facebook.com\/naturalpoland.b2b\" \/>\n<meta property=\"article:modified_time\" content=\"2026-02-19T12:34:52+00:00\" \/>\n<meta property=\"og:image\" content=\"https:\/\/naturalpoland.com\/wp-content\/uploads\/2022\/10\/Ginkgo-biloba-2.jpg\" \/>\n\t<meta property=\"og:image:width\" content=\"650\" \/>\n\t<meta property=\"og:image:height\" content=\"458\" \/>\n\t<meta property=\"og:image:type\" content=\"image\/jpeg\" \/>\n<script type=\"application\/ld+json\" class=\"yoast-schema-graph\">{\"@context\":\"https:\\\/\\\/schema.org\",\"@graph\":[{\"@type\":\"WebPage\",\"@id\":\"https:\\\/\\\/naturalpoland.com\\\/tr\\\/urunler\\\/gida-hammaddeleri\\\/uretim-hammaddeleri\\\/ginkgo-biloba-japon-mabet-agaci\\\/\",\"url\":\"https:\\\/\\\/naturalpoland.com\\\/tr\\\/urunler\\\/gida-hammaddeleri\\\/uretim-hammaddeleri\\\/ginkgo-biloba-japon-mabet-agaci\\\/\",\"name\":\"Ginkgo biloba, Japon Mabet A\u011fac\u0131 - Hurtowy Dystrybutor\",\"isPartOf\":{\"@id\":\"https:\\\/\\\/naturalpoland.com\\\/tr\\\/#website\"},\"primaryImageOfPage\":{\"@id\":\"https:\\\/\\\/naturalpoland.com\\\/tr\\\/urunler\\\/gida-hammaddeleri\\\/uretim-hammaddeleri\\\/ginkgo-biloba-japon-mabet-agaci\\\/#primaryimage\"},\"image\":{\"@id\":\"https:\\\/\\\/naturalpoland.com\\\/tr\\\/urunler\\\/gida-hammaddeleri\\\/uretim-hammaddeleri\\\/ginkgo-biloba-japon-mabet-agaci\\\/#primaryimage\"},\"thumbnailUrl\":\"https:\\\/\\\/naturalpoland.com\\\/wp-content\\\/uploads\\\/2022\\\/10\\\/Ginkgo-biloba-2.jpg\",\"datePublished\":\"2022-10-10T12:54:43+00:00\",\"dateModified\":\"2026-02-19T12:34:52+00:00\",\"breadcrumb\":{\"@id\":\"https:\\\/\\\/naturalpoland.com\\\/tr\\\/urunler\\\/gida-hammaddeleri\\\/uretim-hammaddeleri\\\/ginkgo-biloba-japon-mabet-agaci\\\/#breadcrumb\"},\"inLanguage\":\"tr\",\"potentialAction\":[{\"@type\":\"ReadAction\",\"target\":[\"https:\\\/\\\/naturalpoland.com\\\/tr\\\/urunler\\\/gida-hammaddeleri\\\/uretim-hammaddeleri\\\/ginkgo-biloba-japon-mabet-agaci\\\/\"]}]},{\"@type\":\"ImageObject\",\"inLanguage\":\"tr\",\"@id\":\"https:\\\/\\\/naturalpoland.com\\\/tr\\\/urunler\\\/gida-hammaddeleri\\\/uretim-hammaddeleri\\\/ginkgo-biloba-japon-mabet-agaci\\\/#primaryimage\",\"url\":\"https:\\\/\\\/naturalpoland.com\\\/wp-content\\\/uploads\\\/2022\\\/10\\\/Ginkgo-biloba-2.jpg\",\"contentUrl\":\"https:\\\/\\\/naturalpoland.com\\\/wp-content\\\/uploads\\\/2022\\\/10\\\/Ginkgo-biloba-2.jpg\",\"width\":650,\"height\":458,\"caption\":\"Ginkgo biloba\"},{\"@type\":\"BreadcrumbList\",\"@id\":\"https:\\\/\\\/naturalpoland.com\\\/tr\\\/urunler\\\/gida-hammaddeleri\\\/uretim-hammaddeleri\\\/ginkgo-biloba-japon-mabet-agaci\\\/#breadcrumb\",\"itemListElement\":[{\"@type\":\"ListItem\",\"position\":1,\"name\":\"Ana Sayfa\",\"item\":\"https:\\\/\\\/naturalpoland.com\\\/tr\\\/\"},{\"@type\":\"ListItem\",\"position\":2,\"name\":\"\u00dcr\u00fcnler\",\"item\":\"https:\\\/\\\/naturalpoland.com\\\/tr\\\/urunler\\\/\"},{\"@type\":\"ListItem\",\"position\":3,\"name\":\"Ginkgo biloba, Japon Mabet A\u011fac\u0131\"}]},{\"@type\":\"WebSite\",\"@id\":\"https:\\\/\\\/naturalpoland.com\\\/tr\\\/#website\",\"url\":\"https:\\\/\\\/naturalpoland.com\\\/tr\\\/\",\"name\":\"NATURAL POLAND - Hurtowy Dystrybutor Surowc\u00f3w\",\"description\":\"Surowce dla przemys\u0142u spo\u017cywczego, kosmetycznego i farmaceutycznego\",\"publisher\":{\"@id\":\"https:\\\/\\\/naturalpoland.com\\\/tr\\\/#organization\"},\"potentialAction\":[{\"@type\":\"SearchAction\",\"target\":{\"@type\":\"EntryPoint\",\"urlTemplate\":\"https:\\\/\\\/naturalpoland.com\\\/tr\\\/?s={search_term_string}\"},\"query-input\":{\"@type\":\"PropertyValueSpecification\",\"valueRequired\":true,\"valueName\":\"search_term_string\"}}],\"inLanguage\":\"tr\"},{\"@type\":\"Organization\",\"@id\":\"https:\\\/\\\/naturalpoland.com\\\/tr\\\/#organization\",\"name\":\"Natural Poland\",\"url\":\"https:\\\/\\\/naturalpoland.com\\\/tr\\\/\",\"logo\":{\"@type\":\"ImageObject\",\"inLanguage\":\"tr\",\"@id\":\"https:\\\/\\\/naturalpoland.com\\\/tr\\\/#\\\/schema\\\/logo\\\/image\\\/\",\"url\":\"https:\\\/\\\/naturalpoland.com\\\/wp-content\\\/uploads\\\/2021\\\/05\\\/natural-poland-icon.png\",\"contentUrl\":\"https:\\\/\\\/naturalpoland.com\\\/wp-content\\\/uploads\\\/2021\\\/05\\\/natural-poland-icon.png\",\"width\":512,\"height\":512,\"caption\":\"Natural Poland\"},\"image\":{\"@id\":\"https:\\\/\\\/naturalpoland.com\\\/tr\\\/#\\\/schema\\\/logo\\\/image\\\/\"},\"sameAs\":[\"https:\\\/\\\/www.facebook.com\\\/naturalpoland.b2b\",\"https:\\\/\\\/pl.linkedin.com\\\/company\\\/natural-poland\",\"https:\\\/\\\/www.youtube.com\\\/channel\\\/UCgeGGkvOMahZo-xu_MSEWxg\"]}]}<\/script>\n<!-- \/ Yoast SEO plugin. -->","yoast_head_json":{"title":"Ginkgo biloba, Japon Mabet A\u011fac\u0131 - Hurtowy Dystrybutor","robots":{"index":"index","follow":"follow","max-snippet":"max-snippet:-1","max-image-preview":"max-image-preview:large","max-video-preview":"max-video-preview:-1"},"canonical":"https:\/\/naturalpoland.com\/tr\/urunler\/gida-hammaddeleri\/uretim-hammaddeleri\/ginkgo-biloba-japon-mabet-agaci\/","og_locale":"tr_TR","og_type":"article","og_title":"Ginkgo biloba, Japon Mabet A\u011fac\u0131 - Hurtowy Dystrybutor","og_description":"Ginkgo biloba veya Japon Mabet A\u011fac\u0131; kandaki kolesterol seviyesini d\u00fc\u015f\u00fcr\u00fcr, aterosklerozu \u00f6nler, kan damar\u0131 duvarlar\u0131ndaki plaklar\u0131 temizler, kan ak\u0131\u015f\u0131n\u0131 uyar\u0131r ve beyin kanamalar\u0131n\u0131 engeller. Diyabet tedavisini destekleyici bir ajan olarak kullan\u0131labilir.","og_url":"https:\/\/naturalpoland.com\/tr\/urunler\/gida-hammaddeleri\/uretim-hammaddeleri\/ginkgo-biloba-japon-mabet-agaci\/","og_site_name":"NATURAL POLAND - Hurtowy Dystrybutor Surowc\u00f3w","article_publisher":"https:\/\/www.facebook.com\/naturalpoland.b2b","article_modified_time":"2026-02-19T12:34:52+00:00","og_image":[{"width":650,"height":458,"url":"https:\/\/naturalpoland.com\/wp-content\/uploads\/2022\/10\/Ginkgo-biloba-2.jpg","type":"image\/jpeg"}],"schema":{"@context":"https:\/\/schema.org","@graph":[{"@type":"WebPage","@id":"https:\/\/naturalpoland.com\/tr\/urunler\/gida-hammaddeleri\/uretim-hammaddeleri\/ginkgo-biloba-japon-mabet-agaci\/","url":"https:\/\/naturalpoland.com\/tr\/urunler\/gida-hammaddeleri\/uretim-hammaddeleri\/ginkgo-biloba-japon-mabet-agaci\/","name":"Ginkgo biloba, Japon Mabet A\u011fac\u0131 - Hurtowy Dystrybutor","isPartOf":{"@id":"https:\/\/naturalpoland.com\/tr\/#website"},"primaryImageOfPage":{"@id":"https:\/\/naturalpoland.com\/tr\/urunler\/gida-hammaddeleri\/uretim-hammaddeleri\/ginkgo-biloba-japon-mabet-agaci\/#primaryimage"},"image":{"@id":"https:\/\/naturalpoland.com\/tr\/urunler\/gida-hammaddeleri\/uretim-hammaddeleri\/ginkgo-biloba-japon-mabet-agaci\/#primaryimage"},"thumbnailUrl":"https:\/\/naturalpoland.com\/wp-content\/uploads\/2022\/10\/Ginkgo-biloba-2.jpg","datePublished":"2022-10-10T12:54:43+00:00","dateModified":"2026-02-19T12:34:52+00:00","breadcrumb":{"@id":"https:\/\/naturalpoland.com\/tr\/urunler\/gida-hammaddeleri\/uretim-hammaddeleri\/ginkgo-biloba-japon-mabet-agaci\/#breadcrumb"},"inLanguage":"tr","potentialAction":[{"@type":"ReadAction","target":["https:\/\/naturalpoland.com\/tr\/urunler\/gida-hammaddeleri\/uretim-hammaddeleri\/ginkgo-biloba-japon-mabet-agaci\/"]}]},{"@type":"ImageObject","inLanguage":"tr","@id":"https:\/\/naturalpoland.com\/tr\/urunler\/gida-hammaddeleri\/uretim-hammaddeleri\/ginkgo-biloba-japon-mabet-agaci\/#primaryimage","url":"https:\/\/naturalpoland.com\/wp-content\/uploads\/2022\/10\/Ginkgo-biloba-2.jpg","contentUrl":"https:\/\/naturalpoland.com\/wp-content\/uploads\/2022\/10\/Ginkgo-biloba-2.jpg","width":650,"height":458,"caption":"Ginkgo biloba"},{"@type":"BreadcrumbList","@id":"https:\/\/naturalpoland.com\/tr\/urunler\/gida-hammaddeleri\/uretim-hammaddeleri\/ginkgo-biloba-japon-mabet-agaci\/#breadcrumb","itemListElement":[{"@type":"ListItem","position":1,"name":"Ana Sayfa","item":"https:\/\/naturalpoland.com\/tr\/"},{"@type":"ListItem","position":2,"name":"\u00dcr\u00fcnler","item":"https:\/\/naturalpoland.com\/tr\/urunler\/"},{"@type":"ListItem","position":3,"name":"Ginkgo biloba, Japon Mabet A\u011fac\u0131"}]},{"@type":"WebSite","@id":"https:\/\/naturalpoland.com\/tr\/#website","url":"https:\/\/naturalpoland.com\/tr\/","name":"NATURAL POLAND - Hurtowy Dystrybutor Surowc\u00f3w","description":"Surowce dla przemys\u0142u spo\u017cywczego, kosmetycznego i farmaceutycznego","publisher":{"@id":"https:\/\/naturalpoland.com\/tr\/#organization"},"potentialAction":[{"@type":"SearchAction","target":{"@type":"EntryPoint","urlTemplate":"https:\/\/naturalpoland.com\/tr\/?s={search_term_string}"},"query-input":{"@type":"PropertyValueSpecification","valueRequired":true,"valueName":"search_term_string"}}],"inLanguage":"tr"},{"@type":"Organization","@id":"https:\/\/naturalpoland.com\/tr\/#organization","name":"Natural Poland","url":"https:\/\/naturalpoland.com\/tr\/","logo":{"@type":"ImageObject","inLanguage":"tr","@id":"https:\/\/naturalpoland.com\/tr\/#\/schema\/logo\/image\/","url":"https:\/\/naturalpoland.com\/wp-content\/uploads\/2021\/05\/natural-poland-icon.png","contentUrl":"https:\/\/naturalpoland.com\/wp-content\/uploads\/2021\/05\/natural-poland-icon.png","width":512,"height":512,"caption":"Natural Poland"},"image":{"@id":"https:\/\/naturalpoland.com\/tr\/#\/schema\/logo\/image\/"},"sameAs":["https:\/\/www.facebook.com\/naturalpoland.b2b","https:\/\/pl.linkedin.com\/company\/natural-poland","https:\/\/www.youtube.com\/channel\/UCgeGGkvOMahZo-xu_MSEWxg"]}]}},"_links":{"self":[{"href":"https:\/\/naturalpoland.com\/tr\/wp-json\/wp\/v2\/product\/46032","targetHints":{"allow":["GET"]}}],"collection":[{"href":"https:\/\/naturalpoland.com\/tr\/wp-json\/wp\/v2\/product"}],"about":[{"href":"https:\/\/naturalpoland.com\/tr\/wp-json\/wp\/v2\/types\/product"}],"wp:featuredmedia":[{"embeddable":true,"href":"https:\/\/naturalpoland.com\/tr\/wp-json\/wp\/v2\/media\/46033"}],"wp:attachment":[{"href":"https:\/\/naturalpoland.com\/tr\/wp-json\/wp\/v2\/media?parent=46032"}],"wp:term":[{"taxonomy":"product_brand","embeddable":true,"href":"https:\/\/naturalpoland.com\/tr\/wp-json\/wp\/v2\/product_brand?post=46032"},{"taxonomy":"product_cat","embeddable":true,"href":"https:\/\/naturalpoland.com\/tr\/wp-json\/wp\/v2\/product_cat?post=46032"},{"taxonomy":"product_tag","embeddable":true,"href":"https:\/\/naturalpoland.com\/tr\/wp-json\/wp\/v2\/product_tag?post=46032"}],"curies":[{"name":"wp","href":"https:\/\/api.w.org\/{rel}","templated":true}]}}