{"id":46058,"date":"2024-09-10T13:08:24","date_gmt":"2024-09-10T11:08:24","guid":{"rendered":"https:\/\/naturalpoland.com\/produkty\/kategorilenmemis\/kojik-asit\/"},"modified":"2026-02-19T16:19:59","modified_gmt":"2026-02-19T15:19:59","slug":"kojik-asit","status":"publish","type":"product","link":"https:\/\/naturalpoland.com\/tr\/urunler\/kozmetik-hammaddeleri\/asitler\/kojik-asit\/","title":{"rendered":"Kojik Asit"},"content":{"rendered":"<h3>Kojik asidin \u00f6zellikleri ve etkileri:<\/h3>\n<p><strong>Ayd\u0131nlat\u0131c\u0131 etki ve hiperpigmentasyon azaltma<\/strong><\/p>\n<p>Kojik asidin ana etki mekanizmas\u0131, cilt pigmenti melaninin \u00fcretiminden sorumlu melanogenez s\u00fcrecinde yer alan anahtar enzim olan tirozinaz aktivitesini bloke etmesidir. Kojik asit, tirozinaz aktivitesi i\u00e7in gerekli olan \u00e7inko ve bak\u0131r iyonlar\u0131 ile kompleksler olu\u015fturma yetene\u011fi g\u00f6sterir. Bu sayede kojik asit, pigment lekelerinin azalt\u0131lmas\u0131na ve cilt tonunun e\u015fitlenmesine yard\u0131mc\u0131 olur. <\/p>\n<p><strong>Anti-enflamatuar etki<\/strong><\/p>\n<p>Kojik asit ayr\u0131ca anti-enflamatuar etki g\u00f6sterir. Antibakteriyel \u00f6zelliklere sahiptir ve akne lezyonlar\u0131nda \u00f6nerilir. <\/p>\n<h3>Kozmetikte kullan\u0131m:<\/h3>\n<p>Kojik asit, kremler, serumlar, tonikler ve y\u00fcz jelleri gibi kozmetik \u00fcr\u00fcnlerde ve kozmetik kliniklerinde uygulanan profesyonel kimyasal peelinglerde kullan\u0131labilir. Ayr\u0131ca ya\u015flanma kar\u015f\u0131t\u0131 kozmetiklerde ve hiperpigmentasyon ve akne i\u00e7in tasarlanm\u0131\u015f \u00fcr\u00fcnlerde de kullan\u0131l\u0131r. Kojik asit, C vitamini, <strong><a href=\"https:\/\/naturalpoland.com\/tr\/urunler\/kozmetik-hammaddeleri\/kozmetik-hammaddeleri-2\/alfa-arbutin\/\">arbutin<\/a><\/strong> veya alfa ve beta hidroksi asitler gibi ayd\u0131nlat\u0131c\u0131 ve antioksidan etkili di\u011fer bile\u015fenlerle birle\u015ftirilerek etkinli\u011fi art\u0131r\u0131labilir.  <\/p>\n<p>Kojik asit genellikle g\u00fcnl\u00fck cilt bak\u0131m\u0131 i\u00e7in tasarlanm\u0131\u015f kozmetik \u00fcr\u00fcnlerde %1&#8217;e kadar konsantrasyonda kullan\u0131l\u0131r. Daha y\u00fcksek konsantrasyonlar\u0131n (%1&#8217;in \u00fczerinde) kullan\u0131m\u0131 yaln\u0131zca profesyonel uygulamalar kapsam\u0131nda uzman kontrol\u00fcnde \u00f6nerilir. <\/p>\n<p>Kojik asit i\u00e7eren \u00fcr\u00fcnlerin bu bile\u015fene alerjisi olan ki\u015filerde ve ayr\u0131ca a\u00e7\u0131k yaralar veya aktif enflamasyon durumlar\u0131 olan hasarl\u0131 ciltte kullan\u0131lmas\u0131 \u00f6nerilmez.<\/p>\n<p>&nbsp;<\/p>\n<h2>Kojik Asit Dipalmitat<\/h2>\n<p><strong data-start=\"0\" data-end=\"57\">Kojik asit dipalmitat (Kojic Acid Dipalmitate)<\/strong>, y\u00fcksek safl\u0131kta beyaz veya neredeyse beyaz kristal toz formunda mevcut olan, stabil, lipofilik bir kojik asit t\u00fcrevidir (CAS 79725-98-7).\uae4c\ub2e4\ub85c\uc6b4 kozmetik form\u00fclasyonlarda kullan\u0131m i\u00e7in g\u00fcvenli ve uygun bir \u00fcr\u00fcnd\u00fcr. <\/p>\n<p>Melanin sentezinde yer alan tirozinaz enziminin aktivitesini etkili bir \u015fekilde inhibe ederek g\u00fc\u00e7l\u00fc cilt ayd\u0131nlat\u0131c\u0131 etki g\u00f6sterir. Bu sayede hiperpigmentasyon, g\u00fcne\u015f lekeleri, \u00e7iller veya melazma gibi sorunlar\u0131 gideren \u00fcr\u00fcnlerde kullan\u0131m alan\u0131 bulur. Klasik kojik aside k\u0131yasla, dipalmitat formu daha y\u00fcksek kimyasal stabilite ve em\u00fclsiyonlar\u0131n ya\u011fl\u0131 fazlar\u0131 ile daha iyi uyumluluk g\u00f6sterir, bu da form\u00fclasyonlardaki dayan\u0131kl\u0131l\u0131\u011f\u0131n\u0131 \u00f6nemli \u00f6l\u00e7\u00fcde art\u0131r\u0131r. Problemli, d\u00fczensiz ve yorgun ciltler i\u00e7in kozmetiklerde m\u00fckemmel performans g\u00f6sterir \u2014 hem y\u00fcz kremlerinde hem de noktasal \u00fcr\u00fcnlerde, serumlarda, maskelerde veya v\u00fccut em\u00fclsiyonlar\u0131nda. Lipofilik karakteri sayesinde cilt taraf\u0131ndan iyi emilir ve etkili, uzun s\u00fcreli etki sa\u011flar.    <\/p>\n","protected":false},"excerpt":{"rendered":"<p>Kojik asit, do\u011fal k\u00f6kenli bir kimyasal bile\u015fik olup, biyoteknolojik olarak esas olarak <em>Aspergillus<\/em> t\u00fcr\u00fc mantarlar taraf\u0131ndan \u00fcretilir. Cildi ayd\u0131nlat\u0131c\u0131, hiperpigmentasyonu azalt\u0131c\u0131 \u00f6zelliklere sahiptir ve anti-enflamatuar etki g\u00f6sterir. <\/p>\n","protected":false},"featured_media":46059,"template":"","meta":[],"product_brand":[],"product_cat":[9548],"product_tag":[],"class_list":{"0":"post-46058","1":"product","2":"type-product","3":"status-publish","4":"has-post-thumbnail","6":"product_cat-asitler","8":"first","9":"instock","10":"shipping-taxable","11":"product-type-simple"},"yoast_head":"<!-- This site is optimized with the Yoast SEO plugin v27.3 - https:\/\/yoast.com\/product\/yoast-seo-wordpress\/ -->\n<title>Kojik Asit - NATURAL POLAND - Hurtowy Dystrybutor Surowc\u00f3w<\/title>\n<meta name=\"description\" content=\"Kojik asit, kozmetikte \u00f6zellikle cilt ayd\u0131nlatma ve hiperpigmentasyon azaltma ba\u011flam\u0131nda de\u011ferli bir bile\u015fendir.\" \/>\n<meta name=\"robots\" content=\"index, follow, max-snippet:-1, max-image-preview:large, max-video-preview:-1\" \/>\n<link rel=\"canonical\" href=\"https:\/\/naturalpoland.com\/tr\/urunler\/kozmetik-hammaddeleri\/asitler\/kojik-asit\/\" \/>\n<meta property=\"og:locale\" content=\"tr_TR\" \/>\n<meta property=\"og:type\" content=\"article\" \/>\n<meta property=\"og:title\" content=\"Kojik Asit - NATURAL POLAND - Hurtowy Dystrybutor Surowc\u00f3w\" \/>\n<meta property=\"og:description\" content=\"Kojik asit, kozmetikte \u00f6zellikle cilt ayd\u0131nlatma ve hiperpigmentasyon azaltma ba\u011flam\u0131nda de\u011ferli bir bile\u015fendir.\" \/>\n<meta property=\"og:url\" content=\"https:\/\/naturalpoland.com\/tr\/urunler\/kozmetik-hammaddeleri\/asitler\/kojik-asit\/\" \/>\n<meta property=\"og:site_name\" content=\"NATURAL POLAND - Hurtowy Dystrybutor Surowc\u00f3w\" \/>\n<meta property=\"article:publisher\" content=\"https:\/\/www.facebook.com\/naturalpoland.b2b\" \/>\n<meta property=\"article:modified_time\" content=\"2026-02-19T15:19:59+00:00\" \/>\n<meta property=\"og:image\" content=\"https:\/\/naturalpoland.com\/wp-content\/uploads\/kwas-kojowy.webp\" \/>\n\t<meta property=\"og:image:width\" content=\"615\" \/>\n\t<meta property=\"og:image:height\" content=\"615\" \/>\n\t<meta property=\"og:image:type\" content=\"image\/webp\" \/>\n<script type=\"application\/ld+json\" class=\"yoast-schema-graph\">{\"@context\":\"https:\\\/\\\/schema.org\",\"@graph\":[{\"@type\":\"WebPage\",\"@id\":\"https:\\\/\\\/naturalpoland.com\\\/tr\\\/urunler\\\/kozmetik-hammaddeleri\\\/asitler\\\/kojik-asit\\\/\",\"url\":\"https:\\\/\\\/naturalpoland.com\\\/tr\\\/urunler\\\/kozmetik-hammaddeleri\\\/asitler\\\/kojik-asit\\\/\",\"name\":\"Kojik Asit - NATURAL POLAND - Hurtowy Dystrybutor Surowc\u00f3w\",\"isPartOf\":{\"@id\":\"https:\\\/\\\/naturalpoland.com\\\/tr\\\/#website\"},\"primaryImageOfPage\":{\"@id\":\"https:\\\/\\\/naturalpoland.com\\\/tr\\\/urunler\\\/kozmetik-hammaddeleri\\\/asitler\\\/kojik-asit\\\/#primaryimage\"},\"image\":{\"@id\":\"https:\\\/\\\/naturalpoland.com\\\/tr\\\/urunler\\\/kozmetik-hammaddeleri\\\/asitler\\\/kojik-asit\\\/#primaryimage\"},\"thumbnailUrl\":\"https:\\\/\\\/naturalpoland.com\\\/wp-content\\\/uploads\\\/kwas-kojowy.webp\",\"datePublished\":\"2024-09-10T11:08:24+00:00\",\"dateModified\":\"2026-02-19T15:19:59+00:00\",\"description\":\"Kojik asit, kozmetikte \u00f6zellikle cilt ayd\u0131nlatma ve hiperpigmentasyon azaltma ba\u011flam\u0131nda de\u011ferli bir bile\u015fendir.\",\"breadcrumb\":{\"@id\":\"https:\\\/\\\/naturalpoland.com\\\/tr\\\/urunler\\\/kozmetik-hammaddeleri\\\/asitler\\\/kojik-asit\\\/#breadcrumb\"},\"inLanguage\":\"tr\",\"potentialAction\":[{\"@type\":\"ReadAction\",\"target\":[\"https:\\\/\\\/naturalpoland.com\\\/tr\\\/urunler\\\/kozmetik-hammaddeleri\\\/asitler\\\/kojik-asit\\\/\"]}]},{\"@type\":\"ImageObject\",\"inLanguage\":\"tr\",\"@id\":\"https:\\\/\\\/naturalpoland.com\\\/tr\\\/urunler\\\/kozmetik-hammaddeleri\\\/asitler\\\/kojik-asit\\\/#primaryimage\",\"url\":\"https:\\\/\\\/naturalpoland.com\\\/wp-content\\\/uploads\\\/kwas-kojowy.webp\",\"contentUrl\":\"https:\\\/\\\/naturalpoland.com\\\/wp-content\\\/uploads\\\/kwas-kojowy.webp\",\"width\":615,\"height\":615,\"caption\":\"kojik asit\"},{\"@type\":\"BreadcrumbList\",\"@id\":\"https:\\\/\\\/naturalpoland.com\\\/tr\\\/urunler\\\/kozmetik-hammaddeleri\\\/asitler\\\/kojik-asit\\\/#breadcrumb\",\"itemListElement\":[{\"@type\":\"ListItem\",\"position\":1,\"name\":\"Ana Sayfa\",\"item\":\"https:\\\/\\\/naturalpoland.com\\\/tr\\\/\"},{\"@type\":\"ListItem\",\"position\":2,\"name\":\"\u00dcr\u00fcnler\",\"item\":\"https:\\\/\\\/naturalpoland.com\\\/tr\\\/urunler\\\/\"},{\"@type\":\"ListItem\",\"position\":3,\"name\":\"Kojik Asit\"}]},{\"@type\":\"WebSite\",\"@id\":\"https:\\\/\\\/naturalpoland.com\\\/tr\\\/#website\",\"url\":\"https:\\\/\\\/naturalpoland.com\\\/tr\\\/\",\"name\":\"NATURAL POLAND - Hurtowy Dystrybutor Surowc\u00f3w\",\"description\":\"Surowce dla przemys\u0142u spo\u017cywczego, kosmetycznego i farmaceutycznego\",\"publisher\":{\"@id\":\"https:\\\/\\\/naturalpoland.com\\\/tr\\\/#organization\"},\"potentialAction\":[{\"@type\":\"SearchAction\",\"target\":{\"@type\":\"EntryPoint\",\"urlTemplate\":\"https:\\\/\\\/naturalpoland.com\\\/tr\\\/?s={search_term_string}\"},\"query-input\":{\"@type\":\"PropertyValueSpecification\",\"valueRequired\":true,\"valueName\":\"search_term_string\"}}],\"inLanguage\":\"tr\"},{\"@type\":\"Organization\",\"@id\":\"https:\\\/\\\/naturalpoland.com\\\/tr\\\/#organization\",\"name\":\"Natural Poland\",\"url\":\"https:\\\/\\\/naturalpoland.com\\\/tr\\\/\",\"logo\":{\"@type\":\"ImageObject\",\"inLanguage\":\"tr\",\"@id\":\"https:\\\/\\\/naturalpoland.com\\\/tr\\\/#\\\/schema\\\/logo\\\/image\\\/\",\"url\":\"https:\\\/\\\/naturalpoland.com\\\/wp-content\\\/uploads\\\/2021\\\/05\\\/natural-poland-icon.png\",\"contentUrl\":\"https:\\\/\\\/naturalpoland.com\\\/wp-content\\\/uploads\\\/2021\\\/05\\\/natural-poland-icon.png\",\"width\":512,\"height\":512,\"caption\":\"Natural Poland\"},\"image\":{\"@id\":\"https:\\\/\\\/naturalpoland.com\\\/tr\\\/#\\\/schema\\\/logo\\\/image\\\/\"},\"sameAs\":[\"https:\\\/\\\/www.facebook.com\\\/naturalpoland.b2b\",\"https:\\\/\\\/pl.linkedin.com\\\/company\\\/natural-poland\",\"https:\\\/\\\/www.youtube.com\\\/channel\\\/UCgeGGkvOMahZo-xu_MSEWxg\"]}]}<\/script>\n<!-- \/ Yoast SEO plugin. -->","yoast_head_json":{"title":"Kojik Asit - NATURAL POLAND - Hurtowy Dystrybutor Surowc\u00f3w","description":"Kojik asit, kozmetikte \u00f6zellikle cilt ayd\u0131nlatma ve hiperpigmentasyon azaltma ba\u011flam\u0131nda de\u011ferli bir bile\u015fendir.","robots":{"index":"index","follow":"follow","max-snippet":"max-snippet:-1","max-image-preview":"max-image-preview:large","max-video-preview":"max-video-preview:-1"},"canonical":"https:\/\/naturalpoland.com\/tr\/urunler\/kozmetik-hammaddeleri\/asitler\/kojik-asit\/","og_locale":"tr_TR","og_type":"article","og_title":"Kojik Asit - NATURAL POLAND - Hurtowy Dystrybutor Surowc\u00f3w","og_description":"Kojik asit, kozmetikte \u00f6zellikle cilt ayd\u0131nlatma ve hiperpigmentasyon azaltma ba\u011flam\u0131nda de\u011ferli bir bile\u015fendir.","og_url":"https:\/\/naturalpoland.com\/tr\/urunler\/kozmetik-hammaddeleri\/asitler\/kojik-asit\/","og_site_name":"NATURAL POLAND - Hurtowy Dystrybutor Surowc\u00f3w","article_publisher":"https:\/\/www.facebook.com\/naturalpoland.b2b","article_modified_time":"2026-02-19T15:19:59+00:00","og_image":[{"width":615,"height":615,"url":"https:\/\/naturalpoland.com\/wp-content\/uploads\/kwas-kojowy.webp","type":"image\/webp"}],"schema":{"@context":"https:\/\/schema.org","@graph":[{"@type":"WebPage","@id":"https:\/\/naturalpoland.com\/tr\/urunler\/kozmetik-hammaddeleri\/asitler\/kojik-asit\/","url":"https:\/\/naturalpoland.com\/tr\/urunler\/kozmetik-hammaddeleri\/asitler\/kojik-asit\/","name":"Kojik Asit - NATURAL POLAND - Hurtowy Dystrybutor Surowc\u00f3w","isPartOf":{"@id":"https:\/\/naturalpoland.com\/tr\/#website"},"primaryImageOfPage":{"@id":"https:\/\/naturalpoland.com\/tr\/urunler\/kozmetik-hammaddeleri\/asitler\/kojik-asit\/#primaryimage"},"image":{"@id":"https:\/\/naturalpoland.com\/tr\/urunler\/kozmetik-hammaddeleri\/asitler\/kojik-asit\/#primaryimage"},"thumbnailUrl":"https:\/\/naturalpoland.com\/wp-content\/uploads\/kwas-kojowy.webp","datePublished":"2024-09-10T11:08:24+00:00","dateModified":"2026-02-19T15:19:59+00:00","description":"Kojik asit, kozmetikte \u00f6zellikle cilt ayd\u0131nlatma ve hiperpigmentasyon azaltma ba\u011flam\u0131nda de\u011ferli bir bile\u015fendir.","breadcrumb":{"@id":"https:\/\/naturalpoland.com\/tr\/urunler\/kozmetik-hammaddeleri\/asitler\/kojik-asit\/#breadcrumb"},"inLanguage":"tr","potentialAction":[{"@type":"ReadAction","target":["https:\/\/naturalpoland.com\/tr\/urunler\/kozmetik-hammaddeleri\/asitler\/kojik-asit\/"]}]},{"@type":"ImageObject","inLanguage":"tr","@id":"https:\/\/naturalpoland.com\/tr\/urunler\/kozmetik-hammaddeleri\/asitler\/kojik-asit\/#primaryimage","url":"https:\/\/naturalpoland.com\/wp-content\/uploads\/kwas-kojowy.webp","contentUrl":"https:\/\/naturalpoland.com\/wp-content\/uploads\/kwas-kojowy.webp","width":615,"height":615,"caption":"kojik asit"},{"@type":"BreadcrumbList","@id":"https:\/\/naturalpoland.com\/tr\/urunler\/kozmetik-hammaddeleri\/asitler\/kojik-asit\/#breadcrumb","itemListElement":[{"@type":"ListItem","position":1,"name":"Ana Sayfa","item":"https:\/\/naturalpoland.com\/tr\/"},{"@type":"ListItem","position":2,"name":"\u00dcr\u00fcnler","item":"https:\/\/naturalpoland.com\/tr\/urunler\/"},{"@type":"ListItem","position":3,"name":"Kojik Asit"}]},{"@type":"WebSite","@id":"https:\/\/naturalpoland.com\/tr\/#website","url":"https:\/\/naturalpoland.com\/tr\/","name":"NATURAL POLAND - Hurtowy Dystrybutor Surowc\u00f3w","description":"Surowce dla przemys\u0142u spo\u017cywczego, kosmetycznego i farmaceutycznego","publisher":{"@id":"https:\/\/naturalpoland.com\/tr\/#organization"},"potentialAction":[{"@type":"SearchAction","target":{"@type":"EntryPoint","urlTemplate":"https:\/\/naturalpoland.com\/tr\/?s={search_term_string}"},"query-input":{"@type":"PropertyValueSpecification","valueRequired":true,"valueName":"search_term_string"}}],"inLanguage":"tr"},{"@type":"Organization","@id":"https:\/\/naturalpoland.com\/tr\/#organization","name":"Natural Poland","url":"https:\/\/naturalpoland.com\/tr\/","logo":{"@type":"ImageObject","inLanguage":"tr","@id":"https:\/\/naturalpoland.com\/tr\/#\/schema\/logo\/image\/","url":"https:\/\/naturalpoland.com\/wp-content\/uploads\/2021\/05\/natural-poland-icon.png","contentUrl":"https:\/\/naturalpoland.com\/wp-content\/uploads\/2021\/05\/natural-poland-icon.png","width":512,"height":512,"caption":"Natural Poland"},"image":{"@id":"https:\/\/naturalpoland.com\/tr\/#\/schema\/logo\/image\/"},"sameAs":["https:\/\/www.facebook.com\/naturalpoland.b2b","https:\/\/pl.linkedin.com\/company\/natural-poland","https:\/\/www.youtube.com\/channel\/UCgeGGkvOMahZo-xu_MSEWxg"]}]}},"_links":{"self":[{"href":"https:\/\/naturalpoland.com\/tr\/wp-json\/wp\/v2\/product\/46058","targetHints":{"allow":["GET"]}}],"collection":[{"href":"https:\/\/naturalpoland.com\/tr\/wp-json\/wp\/v2\/product"}],"about":[{"href":"https:\/\/naturalpoland.com\/tr\/wp-json\/wp\/v2\/types\/product"}],"wp:featuredmedia":[{"embeddable":true,"href":"https:\/\/naturalpoland.com\/tr\/wp-json\/wp\/v2\/media\/46059"}],"wp:attachment":[{"href":"https:\/\/naturalpoland.com\/tr\/wp-json\/wp\/v2\/media?parent=46058"}],"wp:term":[{"taxonomy":"product_brand","embeddable":true,"href":"https:\/\/naturalpoland.com\/tr\/wp-json\/wp\/v2\/product_brand?post=46058"},{"taxonomy":"product_cat","embeddable":true,"href":"https:\/\/naturalpoland.com\/tr\/wp-json\/wp\/v2\/product_cat?post=46058"},{"taxonomy":"product_tag","embeddable":true,"href":"https:\/\/naturalpoland.com\/tr\/wp-json\/wp\/v2\/product_tag?post=46058"}],"curies":[{"name":"wp","href":"https:\/\/api.w.org\/{rel}","templated":true}]}}