{"id":46060,"date":"2024-09-10T12:41:03","date_gmt":"2024-09-10T10:41:03","guid":{"rendered":"https:\/\/naturalpoland.com\/produkty\/kategorilenmemis\/kafeik-asit\/"},"modified":"2026-02-19T16:20:16","modified_gmt":"2026-02-19T15:20:16","slug":"kafeik-asit","status":"publish","type":"product","link":"https:\/\/naturalpoland.com\/tr\/urunler\/kozmetik-hammaddeleri\/asitler\/kafeik-asit\/","title":{"rendered":"Kafeik Asit"},"content":{"rendered":"<h2>Kafeik asidin \u00f6zellikleri ve etkileri<\/h2>\n<p><strong>Antioksidan etki<\/strong><\/p>\n<p>Kafeik asit, reaktif oksijen t\u00fcrlerini (ROS) n\u00f6tralize eder ve h\u00fccrelerin oksidatif hasar\u0131n\u0131 \u00f6nler. Nitrozaminler ve 4-nitrokinolin-1-oksit gibi baz\u0131 kanserojen maddelerin metabolik d\u00f6n\u00fc\u015f\u00fcm\u00fc s\u0131ras\u0131nda olu\u015fan kanserojen bile\u015fikleri bloke etme yetene\u011fine sahiptir. Ayr\u0131ca LDL kolesterol fraksiyonunu oksidasyona kar\u015f\u0131 koruyarak aterogenezisin s\u00fcrecini engeller. Kafeik asit ayr\u0131ca \u03b1-tokoferol\u00fcn (E vitamini) aktif formuna geri d\u00f6n\u00fc\u015f\u00fcm\u00fcn\u00fc destekler ve <strong><a href=\"https:\/\/naturalpoland.com\/produkty\/produkty-dla-przemyslu-farmaceutycznego-i-medycznego\/witaminy\/witamina-e\/\">E vitaminine<\/a><\/strong> g\u00f6re daha y\u00fcksek antioksidan aktivite g\u00f6sterir.   <\/p>\n<p><strong>Antienflamatuar ve antimikrobiyal etki<\/strong><\/p>\n<p>Kafeik asit, \u00e7e\u015fitli cilt rahats\u0131zl\u0131klar\u0131nda enflamasyonun azalt\u0131lmas\u0131na yard\u0131mc\u0131 olan antienflamatuar etkisiyle bilinir. Ayr\u0131ca bir\u00e7ok mikrobiyolojik tehdide kar\u015f\u0131 koruyan antimikrobiyal \u00f6zelliklere sahiptir. Bu \u00f6zellikler sayesinde kafeik asit, uyuz gibi dermatozlar\u0131n ve enflamasyonun g\u00f6r\u00fcld\u00fc\u011f\u00fc di\u011fer cilt rahats\u0131zl\u0131klar\u0131n\u0131n tedavisinde etkilidir. Cildi UV \u0131\u015f\u0131nlar\u0131n\u0131n zararl\u0131 etkilerine kar\u015f\u0131 koruyarak, cildin elastikiyeti ve s\u0131k\u0131l\u0131\u011f\u0131 i\u00e7in kritik \u00f6neme sahip kolajen ve elastin liflerinin bozunmas\u0131n\u0131 \u00f6nler.   <\/p>\n<p><strong>Ya\u015flanma kar\u015f\u0131t\u0131 faydalar<\/strong><\/p>\n<p>Kafeik asidin temel avantajlar\u0131ndan biri k\u0131r\u0131\u015f\u0131kl\u0131k olu\u015fumunu \u00f6nleme yetene\u011fidir. Serbest radikallerle m\u00fccadele ederek ve oksidatif stresi engelleyerek cilt ya\u015flanma s\u00fcrecini yava\u015flatmaya yard\u0131mc\u0131 olur. Kafeik asidin koruyucu etkisi, kolajen ve elastin liflerini bozunmaya kar\u015f\u0131 korumay\u0131 da i\u00e7erir, bu da cildin yap\u0131sal b\u00fct\u00fcnl\u00fc\u011f\u00fcn\u00fcn ve elastikiyetinin korunmas\u0131na yard\u0131mc\u0131 olur.  <\/p>\n<p><strong>Depigmentasyon etkisi<\/strong><\/p>\n<p>Kafeik asit, melanin \u00fcretiminden sorumlu tirozinaz enzimini inhibe ederek \u00e7al\u0131\u015f\u0131r, bu da yeni ya\u015fl\u0131l\u0131k lekelerinin ve g\u00fcne\u015f lekelerinin olu\u015fumunu \u00f6nlemeye yard\u0131mc\u0131 olur. Bu nedenle, g\u00fcne\u015f hasar\u0131 veya ya\u015flanma kaynakl\u0131 olanlar da dahil olmak \u00fczere pigmentasyon sorunlar\u0131 olan ciltlerin bak\u0131m\u0131 i\u00e7in m\u00fckemmel bir bile\u015fendir. <\/p>\n<h2>Kafeik asidin kullan\u0131m\u0131<\/h2>\n<p>Kafeik asit genellikle cilt bak\u0131m \u00fcr\u00fcnlerinde %2&#8217;ye kadar konsantrasyonda kullan\u0131l\u0131r. Olgun cilt bak\u0131m\u0131, g\u00fcne\u015f hasar\u0131na kar\u015f\u0131 koruma ve foto-ya\u015flanma belirtilerinin \u00f6nlenmesi i\u00e7in \u00f6nerilir. Kafeik asit i\u00e7eren uygulamalardan sonra cilt daha ayd\u0131nl\u0131k, daha nemli, oksijenli ve parlak hale gelir, k\u0131r\u0131\u015f\u0131kl\u0131klar g\u00f6r\u00fcn\u00fcr \u015fekilde azal\u0131r ve elastikiyet iyile\u015fir.  <\/p>\n<p>&nbsp;<\/p>\n","protected":false},"excerpt":{"rendered":"<p><strong>Kafeik asit<\/strong>, 3,4-dihidroksisinamik asit olarak da bilinir ve fenolik asitler grubuna dahil organik bir kimyasal bile\u015fiktir. Sekonder metabolit i\u015flevi g\u00f6ren \u00e7e\u015fitli bitkilerden do\u011fal olarak elde edilir. Meyveler, sebzeler, tah\u0131llar ve baz\u0131 bitkilerde bulunan \u00f6nemli bir fenolik bile\u015fiktir ve insan diyetindeki ana kayna\u011f\u0131 kahvedir.  <\/p>\n<p>&nbsp;<\/p>\n","protected":false},"featured_media":46061,"template":"","meta":[],"product_brand":[],"product_cat":[9548],"product_tag":[],"class_list":{"0":"post-46060","1":"product","2":"type-product","3":"status-publish","4":"has-post-thumbnail","6":"product_cat-asitler","8":"first","9":"instock","10":"shipping-taxable","11":"product-type-simple"},"yoast_head":"<!-- This site is optimized with the Yoast SEO plugin v27.3 - https:\/\/yoast.com\/product\/yoast-seo-wordpress\/ -->\n<title>Kafeik Asit - NATURAL POLAND - Hurtowy Dystrybutor Surowc\u00f3w<\/title>\n<meta name=\"description\" content=\"Kafeik asit, \u00f6zellikle ya\u015flanma ve oksidatif stresin etkilerini \u00f6nleme ve tersine \u00e7evirmede cilt sa\u011fl\u0131\u011f\u0131 i\u00e7in bir\u00e7ok faydas\u0131 olan bir bile\u015fendir.\" \/>\n<meta name=\"robots\" content=\"index, follow, max-snippet:-1, max-image-preview:large, max-video-preview:-1\" \/>\n<link rel=\"canonical\" href=\"https:\/\/naturalpoland.com\/tr\/urunler\/kozmetik-hammaddeleri\/asitler\/kafeik-asit\/\" \/>\n<meta property=\"og:locale\" content=\"tr_TR\" \/>\n<meta property=\"og:type\" content=\"article\" \/>\n<meta property=\"og:title\" content=\"Kafeik Asit - NATURAL POLAND - Hurtowy Dystrybutor Surowc\u00f3w\" \/>\n<meta property=\"og:description\" content=\"Kafeik asit, \u00f6zellikle ya\u015flanma ve oksidatif stresin etkilerini \u00f6nleme ve tersine \u00e7evirmede cilt sa\u011fl\u0131\u011f\u0131 i\u00e7in bir\u00e7ok faydas\u0131 olan bir bile\u015fendir.\" \/>\n<meta property=\"og:url\" content=\"https:\/\/naturalpoland.com\/tr\/urunler\/kozmetik-hammaddeleri\/asitler\/kafeik-asit\/\" \/>\n<meta property=\"og:site_name\" content=\"NATURAL POLAND - Hurtowy Dystrybutor Surowc\u00f3w\" \/>\n<meta property=\"article:publisher\" content=\"https:\/\/www.facebook.com\/naturalpoland.b2b\" \/>\n<meta property=\"article:modified_time\" content=\"2026-02-19T15:20:16+00:00\" \/>\n<meta property=\"og:image\" content=\"https:\/\/naturalpoland.com\/wp-content\/uploads\/kwas-kawowy.webp\" \/>\n\t<meta property=\"og:image:width\" content=\"615\" \/>\n\t<meta property=\"og:image:height\" content=\"615\" \/>\n\t<meta property=\"og:image:type\" content=\"image\/webp\" \/>\n<script type=\"application\/ld+json\" class=\"yoast-schema-graph\">{\"@context\":\"https:\\\/\\\/schema.org\",\"@graph\":[{\"@type\":\"WebPage\",\"@id\":\"https:\\\/\\\/naturalpoland.com\\\/tr\\\/urunler\\\/kozmetik-hammaddeleri\\\/asitler\\\/kafeik-asit\\\/\",\"url\":\"https:\\\/\\\/naturalpoland.com\\\/tr\\\/urunler\\\/kozmetik-hammaddeleri\\\/asitler\\\/kafeik-asit\\\/\",\"name\":\"Kafeik Asit - NATURAL POLAND - Hurtowy Dystrybutor Surowc\u00f3w\",\"isPartOf\":{\"@id\":\"https:\\\/\\\/naturalpoland.com\\\/tr\\\/#website\"},\"primaryImageOfPage\":{\"@id\":\"https:\\\/\\\/naturalpoland.com\\\/tr\\\/urunler\\\/kozmetik-hammaddeleri\\\/asitler\\\/kafeik-asit\\\/#primaryimage\"},\"image\":{\"@id\":\"https:\\\/\\\/naturalpoland.com\\\/tr\\\/urunler\\\/kozmetik-hammaddeleri\\\/asitler\\\/kafeik-asit\\\/#primaryimage\"},\"thumbnailUrl\":\"https:\\\/\\\/naturalpoland.com\\\/wp-content\\\/uploads\\\/kwas-kawowy.webp\",\"datePublished\":\"2024-09-10T10:41:03+00:00\",\"dateModified\":\"2026-02-19T15:20:16+00:00\",\"description\":\"Kafeik asit, \u00f6zellikle ya\u015flanma ve oksidatif stresin etkilerini \u00f6nleme ve tersine \u00e7evirmede cilt sa\u011fl\u0131\u011f\u0131 i\u00e7in bir\u00e7ok faydas\u0131 olan bir bile\u015fendir.\",\"breadcrumb\":{\"@id\":\"https:\\\/\\\/naturalpoland.com\\\/tr\\\/urunler\\\/kozmetik-hammaddeleri\\\/asitler\\\/kafeik-asit\\\/#breadcrumb\"},\"inLanguage\":\"tr\",\"potentialAction\":[{\"@type\":\"ReadAction\",\"target\":[\"https:\\\/\\\/naturalpoland.com\\\/tr\\\/urunler\\\/kozmetik-hammaddeleri\\\/asitler\\\/kafeik-asit\\\/\"]}]},{\"@type\":\"ImageObject\",\"inLanguage\":\"tr\",\"@id\":\"https:\\\/\\\/naturalpoland.com\\\/tr\\\/urunler\\\/kozmetik-hammaddeleri\\\/asitler\\\/kafeik-asit\\\/#primaryimage\",\"url\":\"https:\\\/\\\/naturalpoland.com\\\/wp-content\\\/uploads\\\/kwas-kawowy.webp\",\"contentUrl\":\"https:\\\/\\\/naturalpoland.com\\\/wp-content\\\/uploads\\\/kwas-kawowy.webp\",\"width\":615,\"height\":615,\"caption\":\"kafeik asit\"},{\"@type\":\"BreadcrumbList\",\"@id\":\"https:\\\/\\\/naturalpoland.com\\\/tr\\\/urunler\\\/kozmetik-hammaddeleri\\\/asitler\\\/kafeik-asit\\\/#breadcrumb\",\"itemListElement\":[{\"@type\":\"ListItem\",\"position\":1,\"name\":\"Ana Sayfa\",\"item\":\"https:\\\/\\\/naturalpoland.com\\\/tr\\\/\"},{\"@type\":\"ListItem\",\"position\":2,\"name\":\"\u00dcr\u00fcnler\",\"item\":\"https:\\\/\\\/naturalpoland.com\\\/tr\\\/urunler\\\/\"},{\"@type\":\"ListItem\",\"position\":3,\"name\":\"Kafeik Asit\"}]},{\"@type\":\"WebSite\",\"@id\":\"https:\\\/\\\/naturalpoland.com\\\/tr\\\/#website\",\"url\":\"https:\\\/\\\/naturalpoland.com\\\/tr\\\/\",\"name\":\"NATURAL POLAND - Hurtowy Dystrybutor Surowc\u00f3w\",\"description\":\"Surowce dla przemys\u0142u spo\u017cywczego, kosmetycznego i farmaceutycznego\",\"publisher\":{\"@id\":\"https:\\\/\\\/naturalpoland.com\\\/tr\\\/#organization\"},\"potentialAction\":[{\"@type\":\"SearchAction\",\"target\":{\"@type\":\"EntryPoint\",\"urlTemplate\":\"https:\\\/\\\/naturalpoland.com\\\/tr\\\/?s={search_term_string}\"},\"query-input\":{\"@type\":\"PropertyValueSpecification\",\"valueRequired\":true,\"valueName\":\"search_term_string\"}}],\"inLanguage\":\"tr\"},{\"@type\":\"Organization\",\"@id\":\"https:\\\/\\\/naturalpoland.com\\\/tr\\\/#organization\",\"name\":\"Natural Poland\",\"url\":\"https:\\\/\\\/naturalpoland.com\\\/tr\\\/\",\"logo\":{\"@type\":\"ImageObject\",\"inLanguage\":\"tr\",\"@id\":\"https:\\\/\\\/naturalpoland.com\\\/tr\\\/#\\\/schema\\\/logo\\\/image\\\/\",\"url\":\"https:\\\/\\\/naturalpoland.com\\\/wp-content\\\/uploads\\\/2021\\\/05\\\/natural-poland-icon.png\",\"contentUrl\":\"https:\\\/\\\/naturalpoland.com\\\/wp-content\\\/uploads\\\/2021\\\/05\\\/natural-poland-icon.png\",\"width\":512,\"height\":512,\"caption\":\"Natural Poland\"},\"image\":{\"@id\":\"https:\\\/\\\/naturalpoland.com\\\/tr\\\/#\\\/schema\\\/logo\\\/image\\\/\"},\"sameAs\":[\"https:\\\/\\\/www.facebook.com\\\/naturalpoland.b2b\",\"https:\\\/\\\/pl.linkedin.com\\\/company\\\/natural-poland\",\"https:\\\/\\\/www.youtube.com\\\/channel\\\/UCgeGGkvOMahZo-xu_MSEWxg\"]}]}<\/script>\n<!-- \/ Yoast SEO plugin. -->","yoast_head_json":{"title":"Kafeik Asit - NATURAL POLAND - Hurtowy Dystrybutor Surowc\u00f3w","description":"Kafeik asit, \u00f6zellikle ya\u015flanma ve oksidatif stresin etkilerini \u00f6nleme ve tersine \u00e7evirmede cilt sa\u011fl\u0131\u011f\u0131 i\u00e7in bir\u00e7ok faydas\u0131 olan bir bile\u015fendir.","robots":{"index":"index","follow":"follow","max-snippet":"max-snippet:-1","max-image-preview":"max-image-preview:large","max-video-preview":"max-video-preview:-1"},"canonical":"https:\/\/naturalpoland.com\/tr\/urunler\/kozmetik-hammaddeleri\/asitler\/kafeik-asit\/","og_locale":"tr_TR","og_type":"article","og_title":"Kafeik Asit - NATURAL POLAND - Hurtowy Dystrybutor Surowc\u00f3w","og_description":"Kafeik asit, \u00f6zellikle ya\u015flanma ve oksidatif stresin etkilerini \u00f6nleme ve tersine \u00e7evirmede cilt sa\u011fl\u0131\u011f\u0131 i\u00e7in bir\u00e7ok faydas\u0131 olan bir bile\u015fendir.","og_url":"https:\/\/naturalpoland.com\/tr\/urunler\/kozmetik-hammaddeleri\/asitler\/kafeik-asit\/","og_site_name":"NATURAL POLAND - Hurtowy Dystrybutor Surowc\u00f3w","article_publisher":"https:\/\/www.facebook.com\/naturalpoland.b2b","article_modified_time":"2026-02-19T15:20:16+00:00","og_image":[{"width":615,"height":615,"url":"https:\/\/naturalpoland.com\/wp-content\/uploads\/kwas-kawowy.webp","type":"image\/webp"}],"schema":{"@context":"https:\/\/schema.org","@graph":[{"@type":"WebPage","@id":"https:\/\/naturalpoland.com\/tr\/urunler\/kozmetik-hammaddeleri\/asitler\/kafeik-asit\/","url":"https:\/\/naturalpoland.com\/tr\/urunler\/kozmetik-hammaddeleri\/asitler\/kafeik-asit\/","name":"Kafeik Asit - NATURAL POLAND - Hurtowy Dystrybutor Surowc\u00f3w","isPartOf":{"@id":"https:\/\/naturalpoland.com\/tr\/#website"},"primaryImageOfPage":{"@id":"https:\/\/naturalpoland.com\/tr\/urunler\/kozmetik-hammaddeleri\/asitler\/kafeik-asit\/#primaryimage"},"image":{"@id":"https:\/\/naturalpoland.com\/tr\/urunler\/kozmetik-hammaddeleri\/asitler\/kafeik-asit\/#primaryimage"},"thumbnailUrl":"https:\/\/naturalpoland.com\/wp-content\/uploads\/kwas-kawowy.webp","datePublished":"2024-09-10T10:41:03+00:00","dateModified":"2026-02-19T15:20:16+00:00","description":"Kafeik asit, \u00f6zellikle ya\u015flanma ve oksidatif stresin etkilerini \u00f6nleme ve tersine \u00e7evirmede cilt sa\u011fl\u0131\u011f\u0131 i\u00e7in bir\u00e7ok faydas\u0131 olan bir bile\u015fendir.","breadcrumb":{"@id":"https:\/\/naturalpoland.com\/tr\/urunler\/kozmetik-hammaddeleri\/asitler\/kafeik-asit\/#breadcrumb"},"inLanguage":"tr","potentialAction":[{"@type":"ReadAction","target":["https:\/\/naturalpoland.com\/tr\/urunler\/kozmetik-hammaddeleri\/asitler\/kafeik-asit\/"]}]},{"@type":"ImageObject","inLanguage":"tr","@id":"https:\/\/naturalpoland.com\/tr\/urunler\/kozmetik-hammaddeleri\/asitler\/kafeik-asit\/#primaryimage","url":"https:\/\/naturalpoland.com\/wp-content\/uploads\/kwas-kawowy.webp","contentUrl":"https:\/\/naturalpoland.com\/wp-content\/uploads\/kwas-kawowy.webp","width":615,"height":615,"caption":"kafeik asit"},{"@type":"BreadcrumbList","@id":"https:\/\/naturalpoland.com\/tr\/urunler\/kozmetik-hammaddeleri\/asitler\/kafeik-asit\/#breadcrumb","itemListElement":[{"@type":"ListItem","position":1,"name":"Ana Sayfa","item":"https:\/\/naturalpoland.com\/tr\/"},{"@type":"ListItem","position":2,"name":"\u00dcr\u00fcnler","item":"https:\/\/naturalpoland.com\/tr\/urunler\/"},{"@type":"ListItem","position":3,"name":"Kafeik Asit"}]},{"@type":"WebSite","@id":"https:\/\/naturalpoland.com\/tr\/#website","url":"https:\/\/naturalpoland.com\/tr\/","name":"NATURAL POLAND - Hurtowy Dystrybutor Surowc\u00f3w","description":"Surowce dla przemys\u0142u spo\u017cywczego, kosmetycznego i farmaceutycznego","publisher":{"@id":"https:\/\/naturalpoland.com\/tr\/#organization"},"potentialAction":[{"@type":"SearchAction","target":{"@type":"EntryPoint","urlTemplate":"https:\/\/naturalpoland.com\/tr\/?s={search_term_string}"},"query-input":{"@type":"PropertyValueSpecification","valueRequired":true,"valueName":"search_term_string"}}],"inLanguage":"tr"},{"@type":"Organization","@id":"https:\/\/naturalpoland.com\/tr\/#organization","name":"Natural Poland","url":"https:\/\/naturalpoland.com\/tr\/","logo":{"@type":"ImageObject","inLanguage":"tr","@id":"https:\/\/naturalpoland.com\/tr\/#\/schema\/logo\/image\/","url":"https:\/\/naturalpoland.com\/wp-content\/uploads\/2021\/05\/natural-poland-icon.png","contentUrl":"https:\/\/naturalpoland.com\/wp-content\/uploads\/2021\/05\/natural-poland-icon.png","width":512,"height":512,"caption":"Natural Poland"},"image":{"@id":"https:\/\/naturalpoland.com\/tr\/#\/schema\/logo\/image\/"},"sameAs":["https:\/\/www.facebook.com\/naturalpoland.b2b","https:\/\/pl.linkedin.com\/company\/natural-poland","https:\/\/www.youtube.com\/channel\/UCgeGGkvOMahZo-xu_MSEWxg"]}]}},"_links":{"self":[{"href":"https:\/\/naturalpoland.com\/tr\/wp-json\/wp\/v2\/product\/46060","targetHints":{"allow":["GET"]}}],"collection":[{"href":"https:\/\/naturalpoland.com\/tr\/wp-json\/wp\/v2\/product"}],"about":[{"href":"https:\/\/naturalpoland.com\/tr\/wp-json\/wp\/v2\/types\/product"}],"wp:featuredmedia":[{"embeddable":true,"href":"https:\/\/naturalpoland.com\/tr\/wp-json\/wp\/v2\/media\/46061"}],"wp:attachment":[{"href":"https:\/\/naturalpoland.com\/tr\/wp-json\/wp\/v2\/media?parent=46060"}],"wp:term":[{"taxonomy":"product_brand","embeddable":true,"href":"https:\/\/naturalpoland.com\/tr\/wp-json\/wp\/v2\/product_brand?post=46060"},{"taxonomy":"product_cat","embeddable":true,"href":"https:\/\/naturalpoland.com\/tr\/wp-json\/wp\/v2\/product_cat?post=46060"},{"taxonomy":"product_tag","embeddable":true,"href":"https:\/\/naturalpoland.com\/tr\/wp-json\/wp\/v2\/product_tag?post=46060"}],"curies":[{"name":"wp","href":"https:\/\/api.w.org\/{rel}","templated":true}]}}