{"id":46062,"date":"2024-09-09T16:09:46","date_gmt":"2024-09-09T14:09:46","guid":{"rendered":"https:\/\/naturalpoland.com\/produkty\/kategorilenmemis\/piruvik-asit\/"},"modified":"2026-02-19T16:20:32","modified_gmt":"2026-02-19T15:20:32","slug":"piruvik-asit","status":"publish","type":"product","link":"https:\/\/naturalpoland.com\/tr\/urunler\/kozmetik-hammaddeleri\/asitler\/piruvik-asit\/","title":{"rendered":"Pir\u00fcvik Asit"},"content":{"rendered":"<p>Pir\u00fcvik asit, elma, bal, sirke gibi bir\u00e7ok g\u0131da \u00fcr\u00fcn\u00fcnde, ayr\u0131ca fermente meyvelerde, k\u0131rm\u0131z\u0131 \u015farapta ve birada do\u011fal olarak bulunur. Canl\u0131 organizmalarda pir\u00fcvik asit, glikoliz s\u00fcrecinde (glikozun enerjiye d\u00f6n\u00fc\u015ft\u00fcr\u00fclmesi) \u00f6nemli bir metabolit olup, karbonhidratlar\u0131n alkol fermantasyonunda bir ara a\u015famay\u0131 olu\u015fturur. <\/p>\n<h2>Pir\u00fcvik Asidin \u00d6zellikleri<\/h2>\n<p>Pir\u00fcvik asit, k\u00fc\u00e7\u00fck molek\u00fcl boyutlar\u0131 sayesinde cilde derinlemesine n\u00fcfuz edebilir. Hem karboksil hem de karbonil grubuna sahip olmas\u0131 nedeniyle laktik asit gibi di\u011fer asitlerden daha g\u00fc\u00e7l\u00fcd\u00fcr. %50&#8217;nin \u00fczerindeki konsantrasyonlarda cilde h\u0131zla ve derinlemesine n\u00fcfuz ederek cildi soyar ve h\u00fccrelerini uyar\u0131r.  <\/p>\n<p><strong>Pir\u00fcvik asidin etkileri:<\/strong><\/p>\n<ul>\n<li>g\u00fc\u00e7l\u00fc eksfoliye edici etkiye sahiptir \u2013 \u00f6l\u00fc cilt h\u00fccrelerini soyar,<\/li>\n<li>sebum salg\u0131s\u0131n\u0131 azaltarak sebum d\u00fczenleyici etki g\u00f6sterir,<\/li>\n<li>fibroblastlar\u0131 uyarma yetene\u011fine sahiptir &#8211; kolajen ve elastin \u00fcretimini destekler,<\/li>\n<li>antibakteriyel ve antienflamatuar etkiye sahiptir,<\/li>\n<li>ayd\u0131nlat\u0131c\u0131 \u00f6zelliklere sahiptir,<\/li>\n<li>siklooksijenaz (COX) ve lipooksijenaz (LOX) gibi iltihaplanmadan sorumlu enzimlerin do\u011fal bir inhibit\u00f6r\u00fcd\u00fcr &#8211; prostaglandinler ve l\u00f6kotrienler gibi iltihap mediat\u00f6rlerinin sentezini azaltarak iltihaplanmay\u0131 ve tahri\u015fi giderir,<\/li>\n<li>antioksidan \u00f6zelliklere sahiptir.<\/li>\n<\/ul>\n<h2>Kullan\u0131m alanlar\u0131<\/h2>\n<p>Pir\u00fcvik asit, dermatolojide \u00f6zellikle ya\u011fl\u0131 ve siyah nokta e\u011filimli ciltlerde akne tedavisinde kullan\u0131l\u0131r. Pir\u00fcvik asit peelingleri, y\u00fczeysel akne izlerini ve k\u0131r\u0131\u015f\u0131kl\u0131klar\u0131 azaltmak i\u00e7in de kullan\u0131labilir. Bu asit, ya\u015flanma kar\u015f\u0131t\u0131 uygulamalarda da kullan\u0131l\u0131r.  <\/p>\n<p>Yo\u011fun etkisi nedeniyle, pir\u00fcvik asidin y\u00fcksek konsantrasyonlarda (%50&#8217;nin \u00fczerinde) kullan\u0131m\u0131 yaln\u0131zca kalifiye uzmanlar taraf\u0131ndan yap\u0131lmal\u0131d\u0131r. Daha d\u00fc\u015f\u00fck konsantrasyonlarda asit evde kullan\u0131labilir, ancak her zaman bir uzman\u0131n g\u00f6zetiminde olmal\u0131d\u0131r. <\/p>\n","protected":false},"excerpt":{"rendered":"<p>Pir\u00fcvik asit (CAS: 127-17-3), alfa-ketoasitler grubuna ait organik bir kimyasal bile\u015fiktir.<\/p>\n","protected":false},"featured_media":46063,"template":"","meta":[],"product_brand":[],"product_cat":[9548],"product_tag":[],"class_list":{"0":"post-46062","1":"product","2":"type-product","3":"status-publish","4":"has-post-thumbnail","6":"product_cat-asitler","8":"first","9":"instock","10":"shipping-taxable","11":"product-type-simple"},"yoast_head":"<!-- This site is optimized with the Yoast SEO plugin v27.3 - https:\/\/yoast.com\/product\/yoast-seo-wordpress\/ -->\n<title>Pir\u00fcvik Asit - NATURAL POLAND - Hurtowy Dystrybutor Surowc\u00f3w<\/title>\n<meta name=\"description\" content=\"Pir\u00fcvik asit, bir\u00e7ok dermatolojik ve kozmetolojik prosed\u00fcrde kullan\u0131lan \u00e7ok y\u00f6nl\u00fc bir aktif bile\u015fendir.\" \/>\n<meta name=\"robots\" content=\"index, follow, max-snippet:-1, max-image-preview:large, max-video-preview:-1\" \/>\n<link rel=\"canonical\" href=\"https:\/\/naturalpoland.com\/tr\/urunler\/kozmetik-hammaddeleri\/asitler\/piruvik-asit\/\" \/>\n<meta property=\"og:locale\" content=\"tr_TR\" \/>\n<meta property=\"og:type\" content=\"article\" \/>\n<meta property=\"og:title\" content=\"Pir\u00fcvik Asit - NATURAL POLAND - Hurtowy Dystrybutor Surowc\u00f3w\" \/>\n<meta property=\"og:description\" content=\"Pir\u00fcvik asit, bir\u00e7ok dermatolojik ve kozmetolojik prosed\u00fcrde kullan\u0131lan \u00e7ok y\u00f6nl\u00fc bir aktif bile\u015fendir.\" \/>\n<meta property=\"og:url\" content=\"https:\/\/naturalpoland.com\/tr\/urunler\/kozmetik-hammaddeleri\/asitler\/piruvik-asit\/\" \/>\n<meta property=\"og:site_name\" content=\"NATURAL POLAND - Hurtowy Dystrybutor Surowc\u00f3w\" \/>\n<meta property=\"article:publisher\" content=\"https:\/\/www.facebook.com\/naturalpoland.b2b\" \/>\n<meta property=\"article:modified_time\" content=\"2026-02-19T15:20:32+00:00\" \/>\n<meta property=\"og:image\" content=\"https:\/\/naturalpoland.com\/wp-content\/uploads\/kwas-pirogronowy.webp\" \/>\n\t<meta property=\"og:image:width\" content=\"615\" \/>\n\t<meta property=\"og:image:height\" content=\"615\" \/>\n\t<meta property=\"og:image:type\" content=\"image\/webp\" \/>\n<script type=\"application\/ld+json\" class=\"yoast-schema-graph\">{\"@context\":\"https:\\\/\\\/schema.org\",\"@graph\":[{\"@type\":\"WebPage\",\"@id\":\"https:\\\/\\\/naturalpoland.com\\\/tr\\\/urunler\\\/kozmetik-hammaddeleri\\\/asitler\\\/piruvik-asit\\\/\",\"url\":\"https:\\\/\\\/naturalpoland.com\\\/tr\\\/urunler\\\/kozmetik-hammaddeleri\\\/asitler\\\/piruvik-asit\\\/\",\"name\":\"Pir\u00fcvik Asit - NATURAL POLAND - Hurtowy Dystrybutor Surowc\u00f3w\",\"isPartOf\":{\"@id\":\"https:\\\/\\\/naturalpoland.com\\\/tr\\\/#website\"},\"primaryImageOfPage\":{\"@id\":\"https:\\\/\\\/naturalpoland.com\\\/tr\\\/urunler\\\/kozmetik-hammaddeleri\\\/asitler\\\/piruvik-asit\\\/#primaryimage\"},\"image\":{\"@id\":\"https:\\\/\\\/naturalpoland.com\\\/tr\\\/urunler\\\/kozmetik-hammaddeleri\\\/asitler\\\/piruvik-asit\\\/#primaryimage\"},\"thumbnailUrl\":\"https:\\\/\\\/naturalpoland.com\\\/wp-content\\\/uploads\\\/kwas-pirogronowy.webp\",\"datePublished\":\"2024-09-09T14:09:46+00:00\",\"dateModified\":\"2026-02-19T15:20:32+00:00\",\"description\":\"Pir\u00fcvik asit, bir\u00e7ok dermatolojik ve kozmetolojik prosed\u00fcrde kullan\u0131lan \u00e7ok y\u00f6nl\u00fc bir aktif bile\u015fendir.\",\"breadcrumb\":{\"@id\":\"https:\\\/\\\/naturalpoland.com\\\/tr\\\/urunler\\\/kozmetik-hammaddeleri\\\/asitler\\\/piruvik-asit\\\/#breadcrumb\"},\"inLanguage\":\"tr\",\"potentialAction\":[{\"@type\":\"ReadAction\",\"target\":[\"https:\\\/\\\/naturalpoland.com\\\/tr\\\/urunler\\\/kozmetik-hammaddeleri\\\/asitler\\\/piruvik-asit\\\/\"]}]},{\"@type\":\"ImageObject\",\"inLanguage\":\"tr\",\"@id\":\"https:\\\/\\\/naturalpoland.com\\\/tr\\\/urunler\\\/kozmetik-hammaddeleri\\\/asitler\\\/piruvik-asit\\\/#primaryimage\",\"url\":\"https:\\\/\\\/naturalpoland.com\\\/wp-content\\\/uploads\\\/kwas-pirogronowy.webp\",\"contentUrl\":\"https:\\\/\\\/naturalpoland.com\\\/wp-content\\\/uploads\\\/kwas-pirogronowy.webp\",\"width\":615,\"height\":615,\"caption\":\"pir\u00fcvik asit\"},{\"@type\":\"BreadcrumbList\",\"@id\":\"https:\\\/\\\/naturalpoland.com\\\/tr\\\/urunler\\\/kozmetik-hammaddeleri\\\/asitler\\\/piruvik-asit\\\/#breadcrumb\",\"itemListElement\":[{\"@type\":\"ListItem\",\"position\":1,\"name\":\"Ana Sayfa\",\"item\":\"https:\\\/\\\/naturalpoland.com\\\/tr\\\/\"},{\"@type\":\"ListItem\",\"position\":2,\"name\":\"\u00dcr\u00fcnler\",\"item\":\"https:\\\/\\\/naturalpoland.com\\\/tr\\\/urunler\\\/\"},{\"@type\":\"ListItem\",\"position\":3,\"name\":\"Pir\u00fcvik Asit\"}]},{\"@type\":\"WebSite\",\"@id\":\"https:\\\/\\\/naturalpoland.com\\\/tr\\\/#website\",\"url\":\"https:\\\/\\\/naturalpoland.com\\\/tr\\\/\",\"name\":\"NATURAL POLAND - Hurtowy Dystrybutor Surowc\u00f3w\",\"description\":\"Surowce dla przemys\u0142u spo\u017cywczego, kosmetycznego i farmaceutycznego\",\"publisher\":{\"@id\":\"https:\\\/\\\/naturalpoland.com\\\/tr\\\/#organization\"},\"potentialAction\":[{\"@type\":\"SearchAction\",\"target\":{\"@type\":\"EntryPoint\",\"urlTemplate\":\"https:\\\/\\\/naturalpoland.com\\\/tr\\\/?s={search_term_string}\"},\"query-input\":{\"@type\":\"PropertyValueSpecification\",\"valueRequired\":true,\"valueName\":\"search_term_string\"}}],\"inLanguage\":\"tr\"},{\"@type\":\"Organization\",\"@id\":\"https:\\\/\\\/naturalpoland.com\\\/tr\\\/#organization\",\"name\":\"Natural Poland\",\"url\":\"https:\\\/\\\/naturalpoland.com\\\/tr\\\/\",\"logo\":{\"@type\":\"ImageObject\",\"inLanguage\":\"tr\",\"@id\":\"https:\\\/\\\/naturalpoland.com\\\/tr\\\/#\\\/schema\\\/logo\\\/image\\\/\",\"url\":\"https:\\\/\\\/naturalpoland.com\\\/wp-content\\\/uploads\\\/2021\\\/05\\\/natural-poland-icon.png\",\"contentUrl\":\"https:\\\/\\\/naturalpoland.com\\\/wp-content\\\/uploads\\\/2021\\\/05\\\/natural-poland-icon.png\",\"width\":512,\"height\":512,\"caption\":\"Natural Poland\"},\"image\":{\"@id\":\"https:\\\/\\\/naturalpoland.com\\\/tr\\\/#\\\/schema\\\/logo\\\/image\\\/\"},\"sameAs\":[\"https:\\\/\\\/www.facebook.com\\\/naturalpoland.b2b\",\"https:\\\/\\\/pl.linkedin.com\\\/company\\\/natural-poland\",\"https:\\\/\\\/www.youtube.com\\\/channel\\\/UCgeGGkvOMahZo-xu_MSEWxg\"]}]}<\/script>\n<!-- \/ Yoast SEO plugin. -->","yoast_head_json":{"title":"Pir\u00fcvik Asit - NATURAL POLAND - Hurtowy Dystrybutor Surowc\u00f3w","description":"Pir\u00fcvik asit, bir\u00e7ok dermatolojik ve kozmetolojik prosed\u00fcrde kullan\u0131lan \u00e7ok y\u00f6nl\u00fc bir aktif bile\u015fendir.","robots":{"index":"index","follow":"follow","max-snippet":"max-snippet:-1","max-image-preview":"max-image-preview:large","max-video-preview":"max-video-preview:-1"},"canonical":"https:\/\/naturalpoland.com\/tr\/urunler\/kozmetik-hammaddeleri\/asitler\/piruvik-asit\/","og_locale":"tr_TR","og_type":"article","og_title":"Pir\u00fcvik Asit - NATURAL POLAND - Hurtowy Dystrybutor Surowc\u00f3w","og_description":"Pir\u00fcvik asit, bir\u00e7ok dermatolojik ve kozmetolojik prosed\u00fcrde kullan\u0131lan \u00e7ok y\u00f6nl\u00fc bir aktif bile\u015fendir.","og_url":"https:\/\/naturalpoland.com\/tr\/urunler\/kozmetik-hammaddeleri\/asitler\/piruvik-asit\/","og_site_name":"NATURAL POLAND - Hurtowy Dystrybutor Surowc\u00f3w","article_publisher":"https:\/\/www.facebook.com\/naturalpoland.b2b","article_modified_time":"2026-02-19T15:20:32+00:00","og_image":[{"width":615,"height":615,"url":"https:\/\/naturalpoland.com\/wp-content\/uploads\/kwas-pirogronowy.webp","type":"image\/webp"}],"schema":{"@context":"https:\/\/schema.org","@graph":[{"@type":"WebPage","@id":"https:\/\/naturalpoland.com\/tr\/urunler\/kozmetik-hammaddeleri\/asitler\/piruvik-asit\/","url":"https:\/\/naturalpoland.com\/tr\/urunler\/kozmetik-hammaddeleri\/asitler\/piruvik-asit\/","name":"Pir\u00fcvik Asit - NATURAL POLAND - Hurtowy Dystrybutor Surowc\u00f3w","isPartOf":{"@id":"https:\/\/naturalpoland.com\/tr\/#website"},"primaryImageOfPage":{"@id":"https:\/\/naturalpoland.com\/tr\/urunler\/kozmetik-hammaddeleri\/asitler\/piruvik-asit\/#primaryimage"},"image":{"@id":"https:\/\/naturalpoland.com\/tr\/urunler\/kozmetik-hammaddeleri\/asitler\/piruvik-asit\/#primaryimage"},"thumbnailUrl":"https:\/\/naturalpoland.com\/wp-content\/uploads\/kwas-pirogronowy.webp","datePublished":"2024-09-09T14:09:46+00:00","dateModified":"2026-02-19T15:20:32+00:00","description":"Pir\u00fcvik asit, bir\u00e7ok dermatolojik ve kozmetolojik prosed\u00fcrde kullan\u0131lan \u00e7ok y\u00f6nl\u00fc bir aktif bile\u015fendir.","breadcrumb":{"@id":"https:\/\/naturalpoland.com\/tr\/urunler\/kozmetik-hammaddeleri\/asitler\/piruvik-asit\/#breadcrumb"},"inLanguage":"tr","potentialAction":[{"@type":"ReadAction","target":["https:\/\/naturalpoland.com\/tr\/urunler\/kozmetik-hammaddeleri\/asitler\/piruvik-asit\/"]}]},{"@type":"ImageObject","inLanguage":"tr","@id":"https:\/\/naturalpoland.com\/tr\/urunler\/kozmetik-hammaddeleri\/asitler\/piruvik-asit\/#primaryimage","url":"https:\/\/naturalpoland.com\/wp-content\/uploads\/kwas-pirogronowy.webp","contentUrl":"https:\/\/naturalpoland.com\/wp-content\/uploads\/kwas-pirogronowy.webp","width":615,"height":615,"caption":"pir\u00fcvik asit"},{"@type":"BreadcrumbList","@id":"https:\/\/naturalpoland.com\/tr\/urunler\/kozmetik-hammaddeleri\/asitler\/piruvik-asit\/#breadcrumb","itemListElement":[{"@type":"ListItem","position":1,"name":"Ana Sayfa","item":"https:\/\/naturalpoland.com\/tr\/"},{"@type":"ListItem","position":2,"name":"\u00dcr\u00fcnler","item":"https:\/\/naturalpoland.com\/tr\/urunler\/"},{"@type":"ListItem","position":3,"name":"Pir\u00fcvik Asit"}]},{"@type":"WebSite","@id":"https:\/\/naturalpoland.com\/tr\/#website","url":"https:\/\/naturalpoland.com\/tr\/","name":"NATURAL POLAND - Hurtowy Dystrybutor Surowc\u00f3w","description":"Surowce dla przemys\u0142u spo\u017cywczego, kosmetycznego i farmaceutycznego","publisher":{"@id":"https:\/\/naturalpoland.com\/tr\/#organization"},"potentialAction":[{"@type":"SearchAction","target":{"@type":"EntryPoint","urlTemplate":"https:\/\/naturalpoland.com\/tr\/?s={search_term_string}"},"query-input":{"@type":"PropertyValueSpecification","valueRequired":true,"valueName":"search_term_string"}}],"inLanguage":"tr"},{"@type":"Organization","@id":"https:\/\/naturalpoland.com\/tr\/#organization","name":"Natural Poland","url":"https:\/\/naturalpoland.com\/tr\/","logo":{"@type":"ImageObject","inLanguage":"tr","@id":"https:\/\/naturalpoland.com\/tr\/#\/schema\/logo\/image\/","url":"https:\/\/naturalpoland.com\/wp-content\/uploads\/2021\/05\/natural-poland-icon.png","contentUrl":"https:\/\/naturalpoland.com\/wp-content\/uploads\/2021\/05\/natural-poland-icon.png","width":512,"height":512,"caption":"Natural Poland"},"image":{"@id":"https:\/\/naturalpoland.com\/tr\/#\/schema\/logo\/image\/"},"sameAs":["https:\/\/www.facebook.com\/naturalpoland.b2b","https:\/\/pl.linkedin.com\/company\/natural-poland","https:\/\/www.youtube.com\/channel\/UCgeGGkvOMahZo-xu_MSEWxg"]}]}},"_links":{"self":[{"href":"https:\/\/naturalpoland.com\/tr\/wp-json\/wp\/v2\/product\/46062","targetHints":{"allow":["GET"]}}],"collection":[{"href":"https:\/\/naturalpoland.com\/tr\/wp-json\/wp\/v2\/product"}],"about":[{"href":"https:\/\/naturalpoland.com\/tr\/wp-json\/wp\/v2\/types\/product"}],"wp:featuredmedia":[{"embeddable":true,"href":"https:\/\/naturalpoland.com\/tr\/wp-json\/wp\/v2\/media\/46063"}],"wp:attachment":[{"href":"https:\/\/naturalpoland.com\/tr\/wp-json\/wp\/v2\/media?parent=46062"}],"wp:term":[{"taxonomy":"product_brand","embeddable":true,"href":"https:\/\/naturalpoland.com\/tr\/wp-json\/wp\/v2\/product_brand?post=46062"},{"taxonomy":"product_cat","embeddable":true,"href":"https:\/\/naturalpoland.com\/tr\/wp-json\/wp\/v2\/product_cat?post=46062"},{"taxonomy":"product_tag","embeddable":true,"href":"https:\/\/naturalpoland.com\/tr\/wp-json\/wp\/v2\/product_tag?post=46062"}],"curies":[{"name":"wp","href":"https:\/\/api.w.org\/{rel}","templated":true}]}}