{"id":46064,"date":"2024-09-09T15:47:49","date_gmt":"2024-09-09T13:47:49","guid":{"rendered":"https:\/\/naturalpoland.com\/produkty\/kategorilenmemis\/rosmarinik-asit\/"},"modified":"2026-02-19T16:20:36","modified_gmt":"2026-02-19T15:20:36","slug":"rosmarinik-asit","status":"publish","type":"product","link":"https:\/\/naturalpoland.com\/tr\/urunler\/kozmetik-hammaddeleri\/asitler\/rosmarinik-asit\/","title":{"rendered":"Rosmarinik Asit"},"content":{"rendered":"<h2>Rosmarinik Asidin Etkileri<\/h2>\n<p>Klinik \u00e7al\u0131\u015fmalarda rosmarinik asidin siklooksijenaz (COX) ve lipooksijenaz (LOX) gibi enflamasyondan sorumlu enzimlerin do\u011fal inhibit\u00f6r\u00fc olarak \u00e7al\u0131\u015ft\u0131\u011f\u0131 g\u00f6sterilmi\u015ftir. Enflamasyon mediyat\u00f6rleri olan l\u00f6kotriyenlerin ve prostaglandinlerin \u00fcretimini azaltarak etkili bir antienflamatuar ajan olarak i\u015flev g\u00f6r\u00fcr. Ayr\u0131ca antiproliferatif, antiviral etkiye sahiptir ve <em>Staphylococcus<\/em> ve <em>Listeria<\/em> gibi Gram-pozitif bakterilerin geli\u015fimini inhibe eder.  <\/p>\n<h2>Kozmetikteki uygulamalar\u0131<\/h2>\n<p>Rosmarinik asit kozmetikte antienflamatuar, antioksidan ve UV radyasyonuna kar\u015f\u0131 koruyucu bile\u015fen olarak kullan\u0131l\u0131r. Akneye e\u011filimli ciltler i\u00e7in bak\u0131m \u00fcr\u00fcnlerinde ve g\u00fcne\u015f koruyucu kozmetiklerde bulunabilir. Ayr\u0131ca dezenfektan ve antibakteriyel etki g\u00f6stererek ciltteki enflamasyonu azalt\u0131r. \u00d6zellikleri sayesinde sa\u00e7 k\u00f6klerini uyararak sa\u00e7lar\u0131n kondisyonunu iyile\u015ftirir.   <\/p>\n<h2>Di\u011fer Sekt\u00f6rlerde Kullan\u0131m<\/h2>\n<p>Rosmarinik asidin kullan\u0131m\u0131 ayn\u0131 zamanda farmas\u00f6tik ve g\u0131da sekt\u00f6r\u00fcn\u00fc de kapsamaktad\u0131r; burada antioksidan, antienflamatuar ve antiviral etkisi takviye g\u0131dalarda ve g\u0131dalar\u0131n fonksiyonel bile\u015feni olarak kullan\u0131lmaktad\u0131r. Ayr\u0131ca dudak u\u00e7u\u011fu ve di\u011fer cilt enflamasyonlar\u0131n\u0131n tedavisinde de kullan\u0131labilir. <\/p>\n<p>Bu hammadde, ast\u0131m, ateroskleroz, peptik \u00fclser ve iskemik kalp hastal\u0131\u011f\u0131 gibi enflamasyonla ili\u015fkili hastal\u0131klar\u0131n \u00f6nlenmesinde ve tedavisinde umut verici bir bile\u015fen olarak kabul edilmektedir.<\/p>\n","protected":false},"excerpt":{"rendered":"<p>Rosmarinik asit, depsid grubuna ait bir polifenold\u00fcr. Biberiye yapraklar\u0131nda ve melisa, ada\u00e7ay\u0131, kekik ve nane gibi <em>Lamiaceae<\/em> familyas\u0131ndan di\u011fer bitkilerde bulunur. <\/p>\n","protected":false},"featured_media":46065,"template":"","meta":[],"product_brand":[],"product_cat":[9548],"product_tag":[],"class_list":{"0":"post-46064","1":"product","2":"type-product","3":"status-publish","4":"has-post-thumbnail","6":"product_cat-asitler","8":"first","9":"instock","10":"shipping-taxable","11":"product-type-simple"},"yoast_head":"<!-- This site is optimized with the Yoast SEO plugin v27.3 - https:\/\/yoast.com\/product\/yoast-seo-wordpress\/ -->\n<title>Rosmarinik Asit - NATURAL POLAND - Hurtowy Dystrybutor Surowc\u00f3w<\/title>\n<meta name=\"description\" content=\"Rosmarinik asit, y\u00fcksek biyoyararlan\u0131m\u0131 ve \u00e7ok y\u00f6nl\u00fc terap\u00f6tik \u00f6zellikleri sayesinde kozmetik ve farmas\u00f6tik sekt\u00f6r\u00fcnde b\u00fcy\u00fck ilgi g\u00f6rmektedir.\" \/>\n<meta name=\"robots\" content=\"index, follow, max-snippet:-1, max-image-preview:large, max-video-preview:-1\" \/>\n<link rel=\"canonical\" href=\"https:\/\/naturalpoland.com\/tr\/urunler\/kozmetik-hammaddeleri\/asitler\/rosmarinik-asit\/\" \/>\n<meta property=\"og:locale\" content=\"tr_TR\" \/>\n<meta property=\"og:type\" content=\"article\" \/>\n<meta property=\"og:title\" content=\"Rosmarinik Asit - NATURAL POLAND - Hurtowy Dystrybutor Surowc\u00f3w\" \/>\n<meta property=\"og:description\" content=\"Rosmarinik asit, y\u00fcksek biyoyararlan\u0131m\u0131 ve \u00e7ok y\u00f6nl\u00fc terap\u00f6tik \u00f6zellikleri sayesinde kozmetik ve farmas\u00f6tik sekt\u00f6r\u00fcnde b\u00fcy\u00fck ilgi g\u00f6rmektedir.\" \/>\n<meta property=\"og:url\" content=\"https:\/\/naturalpoland.com\/tr\/urunler\/kozmetik-hammaddeleri\/asitler\/rosmarinik-asit\/\" \/>\n<meta property=\"og:site_name\" content=\"NATURAL POLAND - Hurtowy Dystrybutor Surowc\u00f3w\" \/>\n<meta property=\"article:publisher\" content=\"https:\/\/www.facebook.com\/naturalpoland.b2b\" \/>\n<meta property=\"article:modified_time\" content=\"2026-02-19T15:20:36+00:00\" \/>\n<meta property=\"og:image\" content=\"https:\/\/naturalpoland.com\/wp-content\/uploads\/kwas-rozmarynowy.webp\" \/>\n\t<meta property=\"og:image:width\" content=\"615\" \/>\n\t<meta property=\"og:image:height\" content=\"615\" \/>\n\t<meta property=\"og:image:type\" content=\"image\/webp\" \/>\n<script type=\"application\/ld+json\" class=\"yoast-schema-graph\">{\"@context\":\"https:\\\/\\\/schema.org\",\"@graph\":[{\"@type\":\"WebPage\",\"@id\":\"https:\\\/\\\/naturalpoland.com\\\/tr\\\/urunler\\\/kozmetik-hammaddeleri\\\/asitler\\\/rosmarinik-asit\\\/\",\"url\":\"https:\\\/\\\/naturalpoland.com\\\/tr\\\/urunler\\\/kozmetik-hammaddeleri\\\/asitler\\\/rosmarinik-asit\\\/\",\"name\":\"Rosmarinik Asit - NATURAL POLAND - Hurtowy Dystrybutor Surowc\u00f3w\",\"isPartOf\":{\"@id\":\"https:\\\/\\\/naturalpoland.com\\\/tr\\\/#website\"},\"primaryImageOfPage\":{\"@id\":\"https:\\\/\\\/naturalpoland.com\\\/tr\\\/urunler\\\/kozmetik-hammaddeleri\\\/asitler\\\/rosmarinik-asit\\\/#primaryimage\"},\"image\":{\"@id\":\"https:\\\/\\\/naturalpoland.com\\\/tr\\\/urunler\\\/kozmetik-hammaddeleri\\\/asitler\\\/rosmarinik-asit\\\/#primaryimage\"},\"thumbnailUrl\":\"https:\\\/\\\/naturalpoland.com\\\/wp-content\\\/uploads\\\/kwas-rozmarynowy.webp\",\"datePublished\":\"2024-09-09T13:47:49+00:00\",\"dateModified\":\"2026-02-19T15:20:36+00:00\",\"description\":\"Rosmarinik asit, y\u00fcksek biyoyararlan\u0131m\u0131 ve \u00e7ok y\u00f6nl\u00fc terap\u00f6tik \u00f6zellikleri sayesinde kozmetik ve farmas\u00f6tik sekt\u00f6r\u00fcnde b\u00fcy\u00fck ilgi g\u00f6rmektedir.\",\"breadcrumb\":{\"@id\":\"https:\\\/\\\/naturalpoland.com\\\/tr\\\/urunler\\\/kozmetik-hammaddeleri\\\/asitler\\\/rosmarinik-asit\\\/#breadcrumb\"},\"inLanguage\":\"tr\",\"potentialAction\":[{\"@type\":\"ReadAction\",\"target\":[\"https:\\\/\\\/naturalpoland.com\\\/tr\\\/urunler\\\/kozmetik-hammaddeleri\\\/asitler\\\/rosmarinik-asit\\\/\"]}]},{\"@type\":\"ImageObject\",\"inLanguage\":\"tr\",\"@id\":\"https:\\\/\\\/naturalpoland.com\\\/tr\\\/urunler\\\/kozmetik-hammaddeleri\\\/asitler\\\/rosmarinik-asit\\\/#primaryimage\",\"url\":\"https:\\\/\\\/naturalpoland.com\\\/wp-content\\\/uploads\\\/kwas-rozmarynowy.webp\",\"contentUrl\":\"https:\\\/\\\/naturalpoland.com\\\/wp-content\\\/uploads\\\/kwas-rozmarynowy.webp\",\"width\":615,\"height\":615,\"caption\":\"rosmarinik asit\"},{\"@type\":\"BreadcrumbList\",\"@id\":\"https:\\\/\\\/naturalpoland.com\\\/tr\\\/urunler\\\/kozmetik-hammaddeleri\\\/asitler\\\/rosmarinik-asit\\\/#breadcrumb\",\"itemListElement\":[{\"@type\":\"ListItem\",\"position\":1,\"name\":\"Ana Sayfa\",\"item\":\"https:\\\/\\\/naturalpoland.com\\\/tr\\\/\"},{\"@type\":\"ListItem\",\"position\":2,\"name\":\"\u00dcr\u00fcnler\",\"item\":\"https:\\\/\\\/naturalpoland.com\\\/tr\\\/urunler\\\/\"},{\"@type\":\"ListItem\",\"position\":3,\"name\":\"Rosmarinik Asit\"}]},{\"@type\":\"WebSite\",\"@id\":\"https:\\\/\\\/naturalpoland.com\\\/tr\\\/#website\",\"url\":\"https:\\\/\\\/naturalpoland.com\\\/tr\\\/\",\"name\":\"NATURAL POLAND - Hurtowy Dystrybutor Surowc\u00f3w\",\"description\":\"Surowce dla przemys\u0142u spo\u017cywczego, kosmetycznego i farmaceutycznego\",\"publisher\":{\"@id\":\"https:\\\/\\\/naturalpoland.com\\\/tr\\\/#organization\"},\"potentialAction\":[{\"@type\":\"SearchAction\",\"target\":{\"@type\":\"EntryPoint\",\"urlTemplate\":\"https:\\\/\\\/naturalpoland.com\\\/tr\\\/?s={search_term_string}\"},\"query-input\":{\"@type\":\"PropertyValueSpecification\",\"valueRequired\":true,\"valueName\":\"search_term_string\"}}],\"inLanguage\":\"tr\"},{\"@type\":\"Organization\",\"@id\":\"https:\\\/\\\/naturalpoland.com\\\/tr\\\/#organization\",\"name\":\"Natural Poland\",\"url\":\"https:\\\/\\\/naturalpoland.com\\\/tr\\\/\",\"logo\":{\"@type\":\"ImageObject\",\"inLanguage\":\"tr\",\"@id\":\"https:\\\/\\\/naturalpoland.com\\\/tr\\\/#\\\/schema\\\/logo\\\/image\\\/\",\"url\":\"https:\\\/\\\/naturalpoland.com\\\/wp-content\\\/uploads\\\/2021\\\/05\\\/natural-poland-icon.png\",\"contentUrl\":\"https:\\\/\\\/naturalpoland.com\\\/wp-content\\\/uploads\\\/2021\\\/05\\\/natural-poland-icon.png\",\"width\":512,\"height\":512,\"caption\":\"Natural Poland\"},\"image\":{\"@id\":\"https:\\\/\\\/naturalpoland.com\\\/tr\\\/#\\\/schema\\\/logo\\\/image\\\/\"},\"sameAs\":[\"https:\\\/\\\/www.facebook.com\\\/naturalpoland.b2b\",\"https:\\\/\\\/pl.linkedin.com\\\/company\\\/natural-poland\",\"https:\\\/\\\/www.youtube.com\\\/channel\\\/UCgeGGkvOMahZo-xu_MSEWxg\"]}]}<\/script>\n<!-- \/ Yoast SEO plugin. -->","yoast_head_json":{"title":"Rosmarinik Asit - NATURAL POLAND - Hurtowy Dystrybutor Surowc\u00f3w","description":"Rosmarinik asit, y\u00fcksek biyoyararlan\u0131m\u0131 ve \u00e7ok y\u00f6nl\u00fc terap\u00f6tik \u00f6zellikleri sayesinde kozmetik ve farmas\u00f6tik sekt\u00f6r\u00fcnde b\u00fcy\u00fck ilgi g\u00f6rmektedir.","robots":{"index":"index","follow":"follow","max-snippet":"max-snippet:-1","max-image-preview":"max-image-preview:large","max-video-preview":"max-video-preview:-1"},"canonical":"https:\/\/naturalpoland.com\/tr\/urunler\/kozmetik-hammaddeleri\/asitler\/rosmarinik-asit\/","og_locale":"tr_TR","og_type":"article","og_title":"Rosmarinik Asit - NATURAL POLAND - Hurtowy Dystrybutor Surowc\u00f3w","og_description":"Rosmarinik asit, y\u00fcksek biyoyararlan\u0131m\u0131 ve \u00e7ok y\u00f6nl\u00fc terap\u00f6tik \u00f6zellikleri sayesinde kozmetik ve farmas\u00f6tik sekt\u00f6r\u00fcnde b\u00fcy\u00fck ilgi g\u00f6rmektedir.","og_url":"https:\/\/naturalpoland.com\/tr\/urunler\/kozmetik-hammaddeleri\/asitler\/rosmarinik-asit\/","og_site_name":"NATURAL POLAND - Hurtowy Dystrybutor Surowc\u00f3w","article_publisher":"https:\/\/www.facebook.com\/naturalpoland.b2b","article_modified_time":"2026-02-19T15:20:36+00:00","og_image":[{"width":615,"height":615,"url":"https:\/\/naturalpoland.com\/wp-content\/uploads\/kwas-rozmarynowy.webp","type":"image\/webp"}],"schema":{"@context":"https:\/\/schema.org","@graph":[{"@type":"WebPage","@id":"https:\/\/naturalpoland.com\/tr\/urunler\/kozmetik-hammaddeleri\/asitler\/rosmarinik-asit\/","url":"https:\/\/naturalpoland.com\/tr\/urunler\/kozmetik-hammaddeleri\/asitler\/rosmarinik-asit\/","name":"Rosmarinik Asit - NATURAL POLAND - Hurtowy Dystrybutor Surowc\u00f3w","isPartOf":{"@id":"https:\/\/naturalpoland.com\/tr\/#website"},"primaryImageOfPage":{"@id":"https:\/\/naturalpoland.com\/tr\/urunler\/kozmetik-hammaddeleri\/asitler\/rosmarinik-asit\/#primaryimage"},"image":{"@id":"https:\/\/naturalpoland.com\/tr\/urunler\/kozmetik-hammaddeleri\/asitler\/rosmarinik-asit\/#primaryimage"},"thumbnailUrl":"https:\/\/naturalpoland.com\/wp-content\/uploads\/kwas-rozmarynowy.webp","datePublished":"2024-09-09T13:47:49+00:00","dateModified":"2026-02-19T15:20:36+00:00","description":"Rosmarinik asit, y\u00fcksek biyoyararlan\u0131m\u0131 ve \u00e7ok y\u00f6nl\u00fc terap\u00f6tik \u00f6zellikleri sayesinde kozmetik ve farmas\u00f6tik sekt\u00f6r\u00fcnde b\u00fcy\u00fck ilgi g\u00f6rmektedir.","breadcrumb":{"@id":"https:\/\/naturalpoland.com\/tr\/urunler\/kozmetik-hammaddeleri\/asitler\/rosmarinik-asit\/#breadcrumb"},"inLanguage":"tr","potentialAction":[{"@type":"ReadAction","target":["https:\/\/naturalpoland.com\/tr\/urunler\/kozmetik-hammaddeleri\/asitler\/rosmarinik-asit\/"]}]},{"@type":"ImageObject","inLanguage":"tr","@id":"https:\/\/naturalpoland.com\/tr\/urunler\/kozmetik-hammaddeleri\/asitler\/rosmarinik-asit\/#primaryimage","url":"https:\/\/naturalpoland.com\/wp-content\/uploads\/kwas-rozmarynowy.webp","contentUrl":"https:\/\/naturalpoland.com\/wp-content\/uploads\/kwas-rozmarynowy.webp","width":615,"height":615,"caption":"rosmarinik asit"},{"@type":"BreadcrumbList","@id":"https:\/\/naturalpoland.com\/tr\/urunler\/kozmetik-hammaddeleri\/asitler\/rosmarinik-asit\/#breadcrumb","itemListElement":[{"@type":"ListItem","position":1,"name":"Ana Sayfa","item":"https:\/\/naturalpoland.com\/tr\/"},{"@type":"ListItem","position":2,"name":"\u00dcr\u00fcnler","item":"https:\/\/naturalpoland.com\/tr\/urunler\/"},{"@type":"ListItem","position":3,"name":"Rosmarinik Asit"}]},{"@type":"WebSite","@id":"https:\/\/naturalpoland.com\/tr\/#website","url":"https:\/\/naturalpoland.com\/tr\/","name":"NATURAL POLAND - Hurtowy Dystrybutor Surowc\u00f3w","description":"Surowce dla przemys\u0142u spo\u017cywczego, kosmetycznego i farmaceutycznego","publisher":{"@id":"https:\/\/naturalpoland.com\/tr\/#organization"},"potentialAction":[{"@type":"SearchAction","target":{"@type":"EntryPoint","urlTemplate":"https:\/\/naturalpoland.com\/tr\/?s={search_term_string}"},"query-input":{"@type":"PropertyValueSpecification","valueRequired":true,"valueName":"search_term_string"}}],"inLanguage":"tr"},{"@type":"Organization","@id":"https:\/\/naturalpoland.com\/tr\/#organization","name":"Natural Poland","url":"https:\/\/naturalpoland.com\/tr\/","logo":{"@type":"ImageObject","inLanguage":"tr","@id":"https:\/\/naturalpoland.com\/tr\/#\/schema\/logo\/image\/","url":"https:\/\/naturalpoland.com\/wp-content\/uploads\/2021\/05\/natural-poland-icon.png","contentUrl":"https:\/\/naturalpoland.com\/wp-content\/uploads\/2021\/05\/natural-poland-icon.png","width":512,"height":512,"caption":"Natural Poland"},"image":{"@id":"https:\/\/naturalpoland.com\/tr\/#\/schema\/logo\/image\/"},"sameAs":["https:\/\/www.facebook.com\/naturalpoland.b2b","https:\/\/pl.linkedin.com\/company\/natural-poland","https:\/\/www.youtube.com\/channel\/UCgeGGkvOMahZo-xu_MSEWxg"]}]}},"_links":{"self":[{"href":"https:\/\/naturalpoland.com\/tr\/wp-json\/wp\/v2\/product\/46064","targetHints":{"allow":["GET"]}}],"collection":[{"href":"https:\/\/naturalpoland.com\/tr\/wp-json\/wp\/v2\/product"}],"about":[{"href":"https:\/\/naturalpoland.com\/tr\/wp-json\/wp\/v2\/types\/product"}],"wp:featuredmedia":[{"embeddable":true,"href":"https:\/\/naturalpoland.com\/tr\/wp-json\/wp\/v2\/media\/46065"}],"wp:attachment":[{"href":"https:\/\/naturalpoland.com\/tr\/wp-json\/wp\/v2\/media?parent=46064"}],"wp:term":[{"taxonomy":"product_brand","embeddable":true,"href":"https:\/\/naturalpoland.com\/tr\/wp-json\/wp\/v2\/product_brand?post=46064"},{"taxonomy":"product_cat","embeddable":true,"href":"https:\/\/naturalpoland.com\/tr\/wp-json\/wp\/v2\/product_cat?post=46064"},{"taxonomy":"product_tag","embeddable":true,"href":"https:\/\/naturalpoland.com\/tr\/wp-json\/wp\/v2\/product_tag?post=46064"}],"curies":[{"name":"wp","href":"https:\/\/api.w.org\/{rel}","templated":true}]}}