{"id":46068,"date":"2024-09-10T11:38:47","date_gmt":"2024-09-10T09:38:47","guid":{"rendered":"https:\/\/naturalpoland.com\/produkty\/kategorilenmemis\/badem-asidi\/"},"modified":"2026-02-19T16:21:16","modified_gmt":"2026-02-19T15:21:16","slug":"badem-asidi","status":"publish","type":"product","link":"https:\/\/naturalpoland.com\/tr\/urunler\/kozmetik-hammaddeleri\/asitler\/badem-asidi\/","title":{"rendered":"Badem Asidi"},"content":{"rendered":"<h2>Badem asidinin \u00f6zellikleri ve etkileri:<\/h2>\n<p><strong>Lekelerin azalt\u0131lmas\u0131<\/strong> &#8211; badem asidi g\u00fcne\u015ften kaynaklanan (g\u00fcne\u015f lekeleri), hormonal de\u011fi\u015fiklikler, akne ve ya\u015flanma s\u00fcre\u00e7lerinin neden oldu\u011fu \u00e7e\u015fitli lekeleri a\u00e7ar. Ayd\u0131nlat\u0131c\u0131 etkisi, melanin \u00fcretiminde (melanogenez) anahtar enzim olan tirozinaz aktivitesini engellemesine dayan\u0131r. <\/p>\n<p><strong>P\u00fcr\u00fczs\u00fczle\u015ftirici etki<\/strong> &#8211; badem asidi glikozaminoglikan (GAG) sentezini uyarma ve kolajen ile elastin \u00fcretimini destekleme yetene\u011fine sahiptir. Bu da cildin p\u00fcr\u00fczs\u00fczle\u015fmesine ve k\u0131r\u0131\u015f\u0131kl\u0131klar\u0131n g\u00f6r\u00fcn\u00fcm\u00fcn\u00fcn azalmas\u0131na yol a\u00e7ar. <\/p>\n<p><strong>Cildin soyulmas\u0131<\/strong> &#8211; badem asidi AHA grubuna aittir, bu nedenle keratolitik etki g\u00f6sterir &#8211; \u00f6l\u00fc deri h\u00fccrelerini, aralar\u0131ndaki ve h\u00fccreler aras\u0131 \u00e7imento aras\u0131ndaki ba\u011flar\u0131 gev\u015feterek soyar. Bu s\u00fcre\u00e7 h\u00fccre yenilenmesini destekler, ya\u011f bezlerinin a\u011f\u0131zlar\u0131n\u0131 a\u00e7ar ve b\u00f6ylece siyah nokta ve iltihaplanmalar\u0131n olu\u015fumunu \u00f6nler. B\u00fcy\u00fck molek\u00fclleri sayesinde cilde kademeli olarak n\u00fcfuz eder, di\u011fer AHA asitlerinden daha yumu\u015fak etki g\u00f6sterir, bu nedenle hassas ciltler i\u00e7in de uygundur.  <\/p>\n<p><strong>Cilt tonunun e\u015fitlenmesi<\/strong> &#8211; epidermisteki nazik soyulma, d\u00fczensiz cilt tonuna neden olabilen \u00f6l\u00fc h\u00fccrelerin uzakla\u015ft\u0131r\u0131lmas\u0131n\u0131 sa\u011flar. Badem asidinin d\u00fczenli kullan\u0131m\u0131, iltihap sonras\u0131 lekelerde, \u00e7illerde ve melazmalarda cilt tonunu e\u015fitler. <\/p>\n<h2>Kullan\u0131m alanlar\u0131<\/h2>\n<p>Badem asidi i\u00e7eren \u00fcr\u00fcnler \u00f6zellikle problemli, ya\u011fl\u0131, karma, akneye e\u011filimli ciltler ile olgun, kuru ve yorgun ciltler i\u00e7in \u00f6nerilir. Konsantrasyonu %10-15&#8217;i ge\u00e7memek kayd\u0131yla hassas ve kuperozlu ciltli ki\u015filer ve hamilelik d\u00f6neminde de kullan\u0131labilen yumu\u015fak bir asittir. <\/p>\n<p>Badem asidinin fotosensitize edici \u00f6zellikleri nedeniyle ak\u015famlar\u0131, cildi iyice temizledikten sonra kullan\u0131lmas\u0131 \u00f6nerilir. G\u00fcn i\u00e7inde cildi UV \u0131\u015f\u0131nlar\u0131na kar\u015f\u0131 korumak i\u00e7in y\u00fcksek fakt\u00f6rl\u00fc g\u00fcne\u015f koruyucu kremler kullan\u0131lmas\u0131 unutulmamal\u0131d\u0131r. <\/p>\n<p>Badem asidi en yumu\u015fak AHA asitlerinden biridir, ancak kullan\u0131m\u0131 hassas ciltli ki\u015filerde veya yanl\u0131\u015f kullan\u0131m durumunda tahri\u015fe neden olabilir.<\/p>\n","protected":false},"excerpt":{"rendered":"<p><strong>Badem asidi<\/strong> (CAS: 90-64-2), <em><strong>Mandelic Acid<\/strong><\/em> olarak da bilinir, alfa-hidroksi asit (AHA) grubuna ait organik bir kimyasal bile\u015fiktir. C\u2088H\u2088O\u2083 yap\u0131s\u0131na sahiptir ve saf halde beyaz, kristal pullar \u015feklinde bulunur. Badem asidi do\u011fal olarak ac\u0131 bademlerden elde edilir.  <\/p>\n","protected":false},"featured_media":46069,"template":"","meta":[],"product_brand":[],"product_cat":[9548],"product_tag":[],"class_list":{"0":"post-46068","1":"product","2":"type-product","3":"status-publish","4":"has-post-thumbnail","6":"product_cat-asitler","8":"first","9":"instock","10":"shipping-taxable","11":"product-type-simple"},"yoast_head":"<!-- This site is optimized with the Yoast SEO plugin v27.3 - https:\/\/yoast.com\/product\/yoast-seo-wordpress\/ -->\n<title>Badem Asidi - NATURAL POLAND - Hurtowy Dystrybutor Surowc\u00f3w<\/title>\n<meta name=\"description\" content=\"Badem asidi lekelerin azalt\u0131lmas\u0131nda, cildin p\u00fcr\u00fczs\u00fczle\u015ftirilmesinde, \u00f6l\u00fc deri h\u00fccrelerinin soyulmas\u0131nda ve cilt tonunun e\u015fitlenmesinde etkilidir.\" \/>\n<meta name=\"robots\" content=\"index, follow, max-snippet:-1, max-image-preview:large, max-video-preview:-1\" \/>\n<link rel=\"canonical\" href=\"https:\/\/naturalpoland.com\/tr\/urunler\/kozmetik-hammaddeleri\/asitler\/badem-asidi\/\" \/>\n<meta property=\"og:locale\" content=\"tr_TR\" \/>\n<meta property=\"og:type\" content=\"article\" \/>\n<meta property=\"og:title\" content=\"Badem Asidi - NATURAL POLAND - Hurtowy Dystrybutor Surowc\u00f3w\" \/>\n<meta property=\"og:description\" content=\"Badem asidi lekelerin azalt\u0131lmas\u0131nda, cildin p\u00fcr\u00fczs\u00fczle\u015ftirilmesinde, \u00f6l\u00fc deri h\u00fccrelerinin soyulmas\u0131nda ve cilt tonunun e\u015fitlenmesinde etkilidir.\" \/>\n<meta property=\"og:url\" content=\"https:\/\/naturalpoland.com\/tr\/urunler\/kozmetik-hammaddeleri\/asitler\/badem-asidi\/\" \/>\n<meta property=\"og:site_name\" content=\"NATURAL POLAND - Hurtowy Dystrybutor Surowc\u00f3w\" \/>\n<meta property=\"article:publisher\" content=\"https:\/\/www.facebook.com\/naturalpoland.b2b\" \/>\n<meta property=\"article:modified_time\" content=\"2026-02-19T15:21:16+00:00\" \/>\n<meta property=\"og:image\" content=\"https:\/\/naturalpoland.com\/wp-content\/uploads\/kwas-migdalowy.webp\" \/>\n\t<meta property=\"og:image:width\" content=\"615\" \/>\n\t<meta property=\"og:image:height\" content=\"615\" \/>\n\t<meta property=\"og:image:type\" content=\"image\/webp\" \/>\n<script type=\"application\/ld+json\" class=\"yoast-schema-graph\">{\"@context\":\"https:\\\/\\\/schema.org\",\"@graph\":[{\"@type\":\"WebPage\",\"@id\":\"https:\\\/\\\/naturalpoland.com\\\/tr\\\/urunler\\\/kozmetik-hammaddeleri\\\/asitler\\\/badem-asidi\\\/\",\"url\":\"https:\\\/\\\/naturalpoland.com\\\/tr\\\/urunler\\\/kozmetik-hammaddeleri\\\/asitler\\\/badem-asidi\\\/\",\"name\":\"Badem Asidi - NATURAL POLAND - Hurtowy Dystrybutor Surowc\u00f3w\",\"isPartOf\":{\"@id\":\"https:\\\/\\\/naturalpoland.com\\\/tr\\\/#website\"},\"primaryImageOfPage\":{\"@id\":\"https:\\\/\\\/naturalpoland.com\\\/tr\\\/urunler\\\/kozmetik-hammaddeleri\\\/asitler\\\/badem-asidi\\\/#primaryimage\"},\"image\":{\"@id\":\"https:\\\/\\\/naturalpoland.com\\\/tr\\\/urunler\\\/kozmetik-hammaddeleri\\\/asitler\\\/badem-asidi\\\/#primaryimage\"},\"thumbnailUrl\":\"https:\\\/\\\/naturalpoland.com\\\/wp-content\\\/uploads\\\/kwas-migdalowy.webp\",\"datePublished\":\"2024-09-10T09:38:47+00:00\",\"dateModified\":\"2026-02-19T15:21:16+00:00\",\"description\":\"Badem asidi lekelerin azalt\u0131lmas\u0131nda, cildin p\u00fcr\u00fczs\u00fczle\u015ftirilmesinde, \u00f6l\u00fc deri h\u00fccrelerinin soyulmas\u0131nda ve cilt tonunun e\u015fitlenmesinde etkilidir.\",\"breadcrumb\":{\"@id\":\"https:\\\/\\\/naturalpoland.com\\\/tr\\\/urunler\\\/kozmetik-hammaddeleri\\\/asitler\\\/badem-asidi\\\/#breadcrumb\"},\"inLanguage\":\"tr\",\"potentialAction\":[{\"@type\":\"ReadAction\",\"target\":[\"https:\\\/\\\/naturalpoland.com\\\/tr\\\/urunler\\\/kozmetik-hammaddeleri\\\/asitler\\\/badem-asidi\\\/\"]}]},{\"@type\":\"ImageObject\",\"inLanguage\":\"tr\",\"@id\":\"https:\\\/\\\/naturalpoland.com\\\/tr\\\/urunler\\\/kozmetik-hammaddeleri\\\/asitler\\\/badem-asidi\\\/#primaryimage\",\"url\":\"https:\\\/\\\/naturalpoland.com\\\/wp-content\\\/uploads\\\/kwas-migdalowy.webp\",\"contentUrl\":\"https:\\\/\\\/naturalpoland.com\\\/wp-content\\\/uploads\\\/kwas-migdalowy.webp\",\"width\":615,\"height\":615,\"caption\":\"badem asidi\"},{\"@type\":\"BreadcrumbList\",\"@id\":\"https:\\\/\\\/naturalpoland.com\\\/tr\\\/urunler\\\/kozmetik-hammaddeleri\\\/asitler\\\/badem-asidi\\\/#breadcrumb\",\"itemListElement\":[{\"@type\":\"ListItem\",\"position\":1,\"name\":\"Ana Sayfa\",\"item\":\"https:\\\/\\\/naturalpoland.com\\\/tr\\\/\"},{\"@type\":\"ListItem\",\"position\":2,\"name\":\"\u00dcr\u00fcnler\",\"item\":\"https:\\\/\\\/naturalpoland.com\\\/tr\\\/urunler\\\/\"},{\"@type\":\"ListItem\",\"position\":3,\"name\":\"Badem Asidi\"}]},{\"@type\":\"WebSite\",\"@id\":\"https:\\\/\\\/naturalpoland.com\\\/tr\\\/#website\",\"url\":\"https:\\\/\\\/naturalpoland.com\\\/tr\\\/\",\"name\":\"NATURAL POLAND - Hurtowy Dystrybutor Surowc\u00f3w\",\"description\":\"Surowce dla przemys\u0142u spo\u017cywczego, kosmetycznego i farmaceutycznego\",\"publisher\":{\"@id\":\"https:\\\/\\\/naturalpoland.com\\\/tr\\\/#organization\"},\"potentialAction\":[{\"@type\":\"SearchAction\",\"target\":{\"@type\":\"EntryPoint\",\"urlTemplate\":\"https:\\\/\\\/naturalpoland.com\\\/tr\\\/?s={search_term_string}\"},\"query-input\":{\"@type\":\"PropertyValueSpecification\",\"valueRequired\":true,\"valueName\":\"search_term_string\"}}],\"inLanguage\":\"tr\"},{\"@type\":\"Organization\",\"@id\":\"https:\\\/\\\/naturalpoland.com\\\/tr\\\/#organization\",\"name\":\"Natural Poland\",\"url\":\"https:\\\/\\\/naturalpoland.com\\\/tr\\\/\",\"logo\":{\"@type\":\"ImageObject\",\"inLanguage\":\"tr\",\"@id\":\"https:\\\/\\\/naturalpoland.com\\\/tr\\\/#\\\/schema\\\/logo\\\/image\\\/\",\"url\":\"https:\\\/\\\/naturalpoland.com\\\/wp-content\\\/uploads\\\/2021\\\/05\\\/natural-poland-icon.png\",\"contentUrl\":\"https:\\\/\\\/naturalpoland.com\\\/wp-content\\\/uploads\\\/2021\\\/05\\\/natural-poland-icon.png\",\"width\":512,\"height\":512,\"caption\":\"Natural Poland\"},\"image\":{\"@id\":\"https:\\\/\\\/naturalpoland.com\\\/tr\\\/#\\\/schema\\\/logo\\\/image\\\/\"},\"sameAs\":[\"https:\\\/\\\/www.facebook.com\\\/naturalpoland.b2b\",\"https:\\\/\\\/pl.linkedin.com\\\/company\\\/natural-poland\",\"https:\\\/\\\/www.youtube.com\\\/channel\\\/UCgeGGkvOMahZo-xu_MSEWxg\"]}]}<\/script>\n<!-- \/ Yoast SEO plugin. -->","yoast_head_json":{"title":"Badem Asidi - NATURAL POLAND - Hurtowy Dystrybutor Surowc\u00f3w","description":"Badem asidi lekelerin azalt\u0131lmas\u0131nda, cildin p\u00fcr\u00fczs\u00fczle\u015ftirilmesinde, \u00f6l\u00fc deri h\u00fccrelerinin soyulmas\u0131nda ve cilt tonunun e\u015fitlenmesinde etkilidir.","robots":{"index":"index","follow":"follow","max-snippet":"max-snippet:-1","max-image-preview":"max-image-preview:large","max-video-preview":"max-video-preview:-1"},"canonical":"https:\/\/naturalpoland.com\/tr\/urunler\/kozmetik-hammaddeleri\/asitler\/badem-asidi\/","og_locale":"tr_TR","og_type":"article","og_title":"Badem Asidi - NATURAL POLAND - Hurtowy Dystrybutor Surowc\u00f3w","og_description":"Badem asidi lekelerin azalt\u0131lmas\u0131nda, cildin p\u00fcr\u00fczs\u00fczle\u015ftirilmesinde, \u00f6l\u00fc deri h\u00fccrelerinin soyulmas\u0131nda ve cilt tonunun e\u015fitlenmesinde etkilidir.","og_url":"https:\/\/naturalpoland.com\/tr\/urunler\/kozmetik-hammaddeleri\/asitler\/badem-asidi\/","og_site_name":"NATURAL POLAND - Hurtowy Dystrybutor Surowc\u00f3w","article_publisher":"https:\/\/www.facebook.com\/naturalpoland.b2b","article_modified_time":"2026-02-19T15:21:16+00:00","og_image":[{"width":615,"height":615,"url":"https:\/\/naturalpoland.com\/wp-content\/uploads\/kwas-migdalowy.webp","type":"image\/webp"}],"schema":{"@context":"https:\/\/schema.org","@graph":[{"@type":"WebPage","@id":"https:\/\/naturalpoland.com\/tr\/urunler\/kozmetik-hammaddeleri\/asitler\/badem-asidi\/","url":"https:\/\/naturalpoland.com\/tr\/urunler\/kozmetik-hammaddeleri\/asitler\/badem-asidi\/","name":"Badem Asidi - NATURAL POLAND - Hurtowy Dystrybutor Surowc\u00f3w","isPartOf":{"@id":"https:\/\/naturalpoland.com\/tr\/#website"},"primaryImageOfPage":{"@id":"https:\/\/naturalpoland.com\/tr\/urunler\/kozmetik-hammaddeleri\/asitler\/badem-asidi\/#primaryimage"},"image":{"@id":"https:\/\/naturalpoland.com\/tr\/urunler\/kozmetik-hammaddeleri\/asitler\/badem-asidi\/#primaryimage"},"thumbnailUrl":"https:\/\/naturalpoland.com\/wp-content\/uploads\/kwas-migdalowy.webp","datePublished":"2024-09-10T09:38:47+00:00","dateModified":"2026-02-19T15:21:16+00:00","description":"Badem asidi lekelerin azalt\u0131lmas\u0131nda, cildin p\u00fcr\u00fczs\u00fczle\u015ftirilmesinde, \u00f6l\u00fc deri h\u00fccrelerinin soyulmas\u0131nda ve cilt tonunun e\u015fitlenmesinde etkilidir.","breadcrumb":{"@id":"https:\/\/naturalpoland.com\/tr\/urunler\/kozmetik-hammaddeleri\/asitler\/badem-asidi\/#breadcrumb"},"inLanguage":"tr","potentialAction":[{"@type":"ReadAction","target":["https:\/\/naturalpoland.com\/tr\/urunler\/kozmetik-hammaddeleri\/asitler\/badem-asidi\/"]}]},{"@type":"ImageObject","inLanguage":"tr","@id":"https:\/\/naturalpoland.com\/tr\/urunler\/kozmetik-hammaddeleri\/asitler\/badem-asidi\/#primaryimage","url":"https:\/\/naturalpoland.com\/wp-content\/uploads\/kwas-migdalowy.webp","contentUrl":"https:\/\/naturalpoland.com\/wp-content\/uploads\/kwas-migdalowy.webp","width":615,"height":615,"caption":"badem asidi"},{"@type":"BreadcrumbList","@id":"https:\/\/naturalpoland.com\/tr\/urunler\/kozmetik-hammaddeleri\/asitler\/badem-asidi\/#breadcrumb","itemListElement":[{"@type":"ListItem","position":1,"name":"Ana Sayfa","item":"https:\/\/naturalpoland.com\/tr\/"},{"@type":"ListItem","position":2,"name":"\u00dcr\u00fcnler","item":"https:\/\/naturalpoland.com\/tr\/urunler\/"},{"@type":"ListItem","position":3,"name":"Badem Asidi"}]},{"@type":"WebSite","@id":"https:\/\/naturalpoland.com\/tr\/#website","url":"https:\/\/naturalpoland.com\/tr\/","name":"NATURAL POLAND - Hurtowy Dystrybutor Surowc\u00f3w","description":"Surowce dla przemys\u0142u spo\u017cywczego, kosmetycznego i farmaceutycznego","publisher":{"@id":"https:\/\/naturalpoland.com\/tr\/#organization"},"potentialAction":[{"@type":"SearchAction","target":{"@type":"EntryPoint","urlTemplate":"https:\/\/naturalpoland.com\/tr\/?s={search_term_string}"},"query-input":{"@type":"PropertyValueSpecification","valueRequired":true,"valueName":"search_term_string"}}],"inLanguage":"tr"},{"@type":"Organization","@id":"https:\/\/naturalpoland.com\/tr\/#organization","name":"Natural Poland","url":"https:\/\/naturalpoland.com\/tr\/","logo":{"@type":"ImageObject","inLanguage":"tr","@id":"https:\/\/naturalpoland.com\/tr\/#\/schema\/logo\/image\/","url":"https:\/\/naturalpoland.com\/wp-content\/uploads\/2021\/05\/natural-poland-icon.png","contentUrl":"https:\/\/naturalpoland.com\/wp-content\/uploads\/2021\/05\/natural-poland-icon.png","width":512,"height":512,"caption":"Natural Poland"},"image":{"@id":"https:\/\/naturalpoland.com\/tr\/#\/schema\/logo\/image\/"},"sameAs":["https:\/\/www.facebook.com\/naturalpoland.b2b","https:\/\/pl.linkedin.com\/company\/natural-poland","https:\/\/www.youtube.com\/channel\/UCgeGGkvOMahZo-xu_MSEWxg"]}]}},"_links":{"self":[{"href":"https:\/\/naturalpoland.com\/tr\/wp-json\/wp\/v2\/product\/46068","targetHints":{"allow":["GET"]}}],"collection":[{"href":"https:\/\/naturalpoland.com\/tr\/wp-json\/wp\/v2\/product"}],"about":[{"href":"https:\/\/naturalpoland.com\/tr\/wp-json\/wp\/v2\/types\/product"}],"wp:featuredmedia":[{"embeddable":true,"href":"https:\/\/naturalpoland.com\/tr\/wp-json\/wp\/v2\/media\/46069"}],"wp:attachment":[{"href":"https:\/\/naturalpoland.com\/tr\/wp-json\/wp\/v2\/media?parent=46068"}],"wp:term":[{"taxonomy":"product_brand","embeddable":true,"href":"https:\/\/naturalpoland.com\/tr\/wp-json\/wp\/v2\/product_brand?post=46068"},{"taxonomy":"product_cat","embeddable":true,"href":"https:\/\/naturalpoland.com\/tr\/wp-json\/wp\/v2\/product_cat?post=46068"},{"taxonomy":"product_tag","embeddable":true,"href":"https:\/\/naturalpoland.com\/tr\/wp-json\/wp\/v2\/product_tag?post=46068"}],"curies":[{"name":"wp","href":"https:\/\/api.w.org\/{rel}","templated":true}]}}