{"id":46070,"date":"2024-10-08T15:03:54","date_gmt":"2024-10-08T13:03:54","guid":{"rendered":"https:\/\/naturalpoland.com\/produkty\/kategorilenmemis\/blue-tansy-yagi\/"},"modified":"2026-02-19T16:21:20","modified_gmt":"2026-02-19T15:21:20","slug":"blue-tansy-yagi","status":"publish","type":"product","link":"https:\/\/naturalpoland.com\/tr\/urunler\/kozmetik-hammaddeleri\/ucucu-yaglar\/blue-tansy-yagi\/","title":{"rendered":"Blue Tansy Ya\u011f\u0131"},"content":{"rendered":"<h2>Blue Tansy Ya\u011f\u0131n\u0131n \u00d6zellikleri<\/h2>\n<p>Blue Tansy Ya\u011f\u0131, kamazulen ve di\u011fer antihistaminik bile\u015fiklerin varl\u0131\u011f\u0131 sayesinde antienflamatuar ve antialerjik etkilere sahiptir. K\u0131zar\u0131kl\u0131k ve d\u00f6k\u00fcnt\u00fcleri yat\u0131\u015ft\u0131rmaya yard\u0131mc\u0131 olur; egzama veya g\u00fcne\u015f yan\u0131\u011f\u0131 olan ciltler i\u00e7in uygundur. <\/p>\n<p>Ya\u011f ayr\u0131ca aromaterap\u00f6tik \u00f6zelliklere de sahiptir. Hafif, tatl\u0131 elma notalar\u0131yla yo\u011fun, bitkisel bir aromaya sahiptir. Duygusal gerilimi hafifletmeye ve zihinsel dengeyi desteklemeye yard\u0131mc\u0131 olur; stresi, sinirlili\u011fi azalt\u0131r ve konsantrasyonu art\u0131r\u0131r. Balsamlar, kokulu mumlar ve dif\u00fcz\u00f6r kar\u0131\u015f\u0131mlar\u0131 gibi rahatlama ve duygusal destek \u00fcr\u00fcnlerinde kullan\u0131lmas\u0131 tavsiye edilir.   <\/p>\n<h2>Kullan\u0131m alanlar\u0131<\/h2>\n<p>\u00dcr\u00fcn, kremler, y\u00fcz serumlar\u0131, maskeler ve cilt temizleme \u00fcr\u00fcnleri i\u00e7in m\u00fckemmel bir ektir. Sorunlu cilt bak\u0131m\u0131 i\u00e7in tasarlanm\u0131\u015f kozmetiklerde, \u00f6zellikle k\u0131zar\u0131kl\u0131k ve tahri\u015f \u00f6nleyici \u00fcr\u00fcnlerde iyi performans g\u00f6sterir. Ayr\u0131ca nemlendirici losyonlarda, ya\u015flanma kar\u015f\u0131t\u0131 \u00fcr\u00fcnlerde ve g\u00fcne\u015f yan\u0131klar\u0131n\u0131 yat\u0131\u015ft\u0131ran g\u00fcne\u015f sonras\u0131 kozmetiklerde de kullan\u0131labilir.  <\/p>\n<p>Ya\u011f\u0131n yo\u011funlu\u011fu nedeniyle, cilde uygulamadan \u00f6nce jojoba veya tatl\u0131 badem gibi bir ta\u015f\u0131y\u0131c\u0131 ya\u011fda seyreltilmesi \u00f6nerilir. Blue Tansy, k\u00fc\u00e7\u00fck miktarlarda g\u00fcnl\u00fck olarak kullan\u0131labilir, ancak her zaman dikkatli olunmal\u0131d\u0131r \u2013 \u00e7ok fazla miktarda kullanmak tahri\u015fe yol a\u00e7abilir. <\/p>\n<h3><\/h3>\n","protected":false},"excerpt":{"rendered":"<p><strong>Blue Tansy esansiyel ya\u011f\u0131<\/strong>, ayn\u0131 zamanda <strong>Fas solucan otu ya\u011f\u0131<\/strong> olarak da bilinir. Belirgin, koyu mavi bir renge ve antienflamatuar ve yat\u0131\u015ft\u0131r\u0131c\u0131 etkilere sahip y\u00fcksek <strong>kamazulen<\/strong> i\u00e7eri\u011fine sahiptir. Fas&#8217;ta yeti\u015fen, papatya ile yak\u0131ndan ili\u015fkili mavi solucan otu \u00e7i\u00e7eklerinden elde edilir.  <\/p>\n","protected":false},"featured_media":46071,"template":"","meta":[],"product_brand":[],"product_cat":[9552],"product_tag":[],"class_list":{"0":"post-46070","1":"product","2":"type-product","3":"status-publish","4":"has-post-thumbnail","6":"product_cat-ucucu-yaglar","8":"first","9":"instock","10":"shipping-taxable","11":"product-type-simple"},"yoast_head":"<!-- This site is optimized with the Yoast SEO plugin v27.3 - https:\/\/yoast.com\/product\/yoast-seo-wordpress\/ -->\n<title>Blue Tansy Ya\u011f\u0131 - NATURAL POLAND - Hurtowy Dystrybutor Surowc\u00f3w<\/title>\n<meta name=\"description\" content=\"Blue Tansy Ya\u011f\u0131, kan\u0131tlanm\u0131\u015f etkiye sahip benzersiz bile\u015fenler arayan kozmetik ve sa\u011fl\u0131kl\u0131 ya\u015fam sekt\u00f6r\u00fc profesyonelleri i\u00e7in m\u00fckemmel bir se\u00e7imdir.\" \/>\n<meta name=\"robots\" content=\"index, follow, max-snippet:-1, max-image-preview:large, max-video-preview:-1\" \/>\n<link rel=\"canonical\" href=\"https:\/\/naturalpoland.com\/tr\/urunler\/kozmetik-hammaddeleri\/ucucu-yaglar\/blue-tansy-yagi\/\" \/>\n<meta property=\"og:locale\" content=\"tr_TR\" \/>\n<meta property=\"og:type\" content=\"article\" \/>\n<meta property=\"og:title\" content=\"Blue Tansy Ya\u011f\u0131 - NATURAL POLAND - Hurtowy Dystrybutor Surowc\u00f3w\" \/>\n<meta property=\"og:description\" content=\"Blue Tansy Ya\u011f\u0131, kan\u0131tlanm\u0131\u015f etkiye sahip benzersiz bile\u015fenler arayan kozmetik ve sa\u011fl\u0131kl\u0131 ya\u015fam sekt\u00f6r\u00fc profesyonelleri i\u00e7in m\u00fckemmel bir se\u00e7imdir.\" \/>\n<meta property=\"og:url\" content=\"https:\/\/naturalpoland.com\/tr\/urunler\/kozmetik-hammaddeleri\/ucucu-yaglar\/blue-tansy-yagi\/\" \/>\n<meta property=\"og:site_name\" content=\"NATURAL POLAND - Hurtowy Dystrybutor Surowc\u00f3w\" \/>\n<meta property=\"article:publisher\" content=\"https:\/\/www.facebook.com\/naturalpoland.b2b\" \/>\n<meta property=\"article:modified_time\" content=\"2026-02-19T15:21:20+00:00\" \/>\n<meta property=\"og:image\" content=\"https:\/\/naturalpoland.com\/wp-content\/uploads\/olejek-blue-tansy.webp\" \/>\n\t<meta property=\"og:image:width\" content=\"1024\" \/>\n\t<meta property=\"og:image:height\" content=\"1024\" \/>\n\t<meta property=\"og:image:type\" content=\"image\/webp\" \/>\n<script type=\"application\/ld+json\" class=\"yoast-schema-graph\">{\"@context\":\"https:\\\/\\\/schema.org\",\"@graph\":[{\"@type\":\"WebPage\",\"@id\":\"https:\\\/\\\/naturalpoland.com\\\/tr\\\/urunler\\\/kozmetik-hammaddeleri\\\/ucucu-yaglar\\\/blue-tansy-yagi\\\/\",\"url\":\"https:\\\/\\\/naturalpoland.com\\\/tr\\\/urunler\\\/kozmetik-hammaddeleri\\\/ucucu-yaglar\\\/blue-tansy-yagi\\\/\",\"name\":\"Blue Tansy Ya\u011f\u0131 - NATURAL POLAND - Hurtowy Dystrybutor Surowc\u00f3w\",\"isPartOf\":{\"@id\":\"https:\\\/\\\/naturalpoland.com\\\/tr\\\/#website\"},\"primaryImageOfPage\":{\"@id\":\"https:\\\/\\\/naturalpoland.com\\\/tr\\\/urunler\\\/kozmetik-hammaddeleri\\\/ucucu-yaglar\\\/blue-tansy-yagi\\\/#primaryimage\"},\"image\":{\"@id\":\"https:\\\/\\\/naturalpoland.com\\\/tr\\\/urunler\\\/kozmetik-hammaddeleri\\\/ucucu-yaglar\\\/blue-tansy-yagi\\\/#primaryimage\"},\"thumbnailUrl\":\"https:\\\/\\\/naturalpoland.com\\\/wp-content\\\/uploads\\\/olejek-blue-tansy.webp\",\"datePublished\":\"2024-10-08T13:03:54+00:00\",\"dateModified\":\"2026-02-19T15:21:20+00:00\",\"description\":\"Blue Tansy Ya\u011f\u0131, kan\u0131tlanm\u0131\u015f etkiye sahip benzersiz bile\u015fenler arayan kozmetik ve sa\u011fl\u0131kl\u0131 ya\u015fam sekt\u00f6r\u00fc profesyonelleri i\u00e7in m\u00fckemmel bir se\u00e7imdir.\",\"breadcrumb\":{\"@id\":\"https:\\\/\\\/naturalpoland.com\\\/tr\\\/urunler\\\/kozmetik-hammaddeleri\\\/ucucu-yaglar\\\/blue-tansy-yagi\\\/#breadcrumb\"},\"inLanguage\":\"tr\",\"potentialAction\":[{\"@type\":\"ReadAction\",\"target\":[\"https:\\\/\\\/naturalpoland.com\\\/tr\\\/urunler\\\/kozmetik-hammaddeleri\\\/ucucu-yaglar\\\/blue-tansy-yagi\\\/\"]}]},{\"@type\":\"ImageObject\",\"inLanguage\":\"tr\",\"@id\":\"https:\\\/\\\/naturalpoland.com\\\/tr\\\/urunler\\\/kozmetik-hammaddeleri\\\/ucucu-yaglar\\\/blue-tansy-yagi\\\/#primaryimage\",\"url\":\"https:\\\/\\\/naturalpoland.com\\\/wp-content\\\/uploads\\\/olejek-blue-tansy.webp\",\"contentUrl\":\"https:\\\/\\\/naturalpoland.com\\\/wp-content\\\/uploads\\\/olejek-blue-tansy.webp\",\"width\":1024,\"height\":1024,\"caption\":\"Blue Tansy Ya\u011f\u0131\"},{\"@type\":\"BreadcrumbList\",\"@id\":\"https:\\\/\\\/naturalpoland.com\\\/tr\\\/urunler\\\/kozmetik-hammaddeleri\\\/ucucu-yaglar\\\/blue-tansy-yagi\\\/#breadcrumb\",\"itemListElement\":[{\"@type\":\"ListItem\",\"position\":1,\"name\":\"Ana Sayfa\",\"item\":\"https:\\\/\\\/naturalpoland.com\\\/tr\\\/\"},{\"@type\":\"ListItem\",\"position\":2,\"name\":\"\u00dcr\u00fcnler\",\"item\":\"https:\\\/\\\/naturalpoland.com\\\/tr\\\/urunler\\\/\"},{\"@type\":\"ListItem\",\"position\":3,\"name\":\"Blue Tansy Ya\u011f\u0131\"}]},{\"@type\":\"WebSite\",\"@id\":\"https:\\\/\\\/naturalpoland.com\\\/tr\\\/#website\",\"url\":\"https:\\\/\\\/naturalpoland.com\\\/tr\\\/\",\"name\":\"NATURAL POLAND - Hurtowy Dystrybutor Surowc\u00f3w\",\"description\":\"Surowce dla przemys\u0142u spo\u017cywczego, kosmetycznego i farmaceutycznego\",\"publisher\":{\"@id\":\"https:\\\/\\\/naturalpoland.com\\\/tr\\\/#organization\"},\"potentialAction\":[{\"@type\":\"SearchAction\",\"target\":{\"@type\":\"EntryPoint\",\"urlTemplate\":\"https:\\\/\\\/naturalpoland.com\\\/tr\\\/?s={search_term_string}\"},\"query-input\":{\"@type\":\"PropertyValueSpecification\",\"valueRequired\":true,\"valueName\":\"search_term_string\"}}],\"inLanguage\":\"tr\"},{\"@type\":\"Organization\",\"@id\":\"https:\\\/\\\/naturalpoland.com\\\/tr\\\/#organization\",\"name\":\"Natural Poland\",\"url\":\"https:\\\/\\\/naturalpoland.com\\\/tr\\\/\",\"logo\":{\"@type\":\"ImageObject\",\"inLanguage\":\"tr\",\"@id\":\"https:\\\/\\\/naturalpoland.com\\\/tr\\\/#\\\/schema\\\/logo\\\/image\\\/\",\"url\":\"https:\\\/\\\/naturalpoland.com\\\/wp-content\\\/uploads\\\/2021\\\/05\\\/natural-poland-icon.png\",\"contentUrl\":\"https:\\\/\\\/naturalpoland.com\\\/wp-content\\\/uploads\\\/2021\\\/05\\\/natural-poland-icon.png\",\"width\":512,\"height\":512,\"caption\":\"Natural Poland\"},\"image\":{\"@id\":\"https:\\\/\\\/naturalpoland.com\\\/tr\\\/#\\\/schema\\\/logo\\\/image\\\/\"},\"sameAs\":[\"https:\\\/\\\/www.facebook.com\\\/naturalpoland.b2b\",\"https:\\\/\\\/pl.linkedin.com\\\/company\\\/natural-poland\",\"https:\\\/\\\/www.youtube.com\\\/channel\\\/UCgeGGkvOMahZo-xu_MSEWxg\"]}]}<\/script>\n<!-- \/ Yoast SEO plugin. -->","yoast_head_json":{"title":"Blue Tansy Ya\u011f\u0131 - NATURAL POLAND - Hurtowy Dystrybutor Surowc\u00f3w","description":"Blue Tansy Ya\u011f\u0131, kan\u0131tlanm\u0131\u015f etkiye sahip benzersiz bile\u015fenler arayan kozmetik ve sa\u011fl\u0131kl\u0131 ya\u015fam sekt\u00f6r\u00fc profesyonelleri i\u00e7in m\u00fckemmel bir se\u00e7imdir.","robots":{"index":"index","follow":"follow","max-snippet":"max-snippet:-1","max-image-preview":"max-image-preview:large","max-video-preview":"max-video-preview:-1"},"canonical":"https:\/\/naturalpoland.com\/tr\/urunler\/kozmetik-hammaddeleri\/ucucu-yaglar\/blue-tansy-yagi\/","og_locale":"tr_TR","og_type":"article","og_title":"Blue Tansy Ya\u011f\u0131 - NATURAL POLAND - Hurtowy Dystrybutor Surowc\u00f3w","og_description":"Blue Tansy Ya\u011f\u0131, kan\u0131tlanm\u0131\u015f etkiye sahip benzersiz bile\u015fenler arayan kozmetik ve sa\u011fl\u0131kl\u0131 ya\u015fam sekt\u00f6r\u00fc profesyonelleri i\u00e7in m\u00fckemmel bir se\u00e7imdir.","og_url":"https:\/\/naturalpoland.com\/tr\/urunler\/kozmetik-hammaddeleri\/ucucu-yaglar\/blue-tansy-yagi\/","og_site_name":"NATURAL POLAND - Hurtowy Dystrybutor Surowc\u00f3w","article_publisher":"https:\/\/www.facebook.com\/naturalpoland.b2b","article_modified_time":"2026-02-19T15:21:20+00:00","og_image":[{"width":1024,"height":1024,"url":"https:\/\/naturalpoland.com\/wp-content\/uploads\/olejek-blue-tansy.webp","type":"image\/webp"}],"schema":{"@context":"https:\/\/schema.org","@graph":[{"@type":"WebPage","@id":"https:\/\/naturalpoland.com\/tr\/urunler\/kozmetik-hammaddeleri\/ucucu-yaglar\/blue-tansy-yagi\/","url":"https:\/\/naturalpoland.com\/tr\/urunler\/kozmetik-hammaddeleri\/ucucu-yaglar\/blue-tansy-yagi\/","name":"Blue Tansy Ya\u011f\u0131 - NATURAL POLAND - Hurtowy Dystrybutor Surowc\u00f3w","isPartOf":{"@id":"https:\/\/naturalpoland.com\/tr\/#website"},"primaryImageOfPage":{"@id":"https:\/\/naturalpoland.com\/tr\/urunler\/kozmetik-hammaddeleri\/ucucu-yaglar\/blue-tansy-yagi\/#primaryimage"},"image":{"@id":"https:\/\/naturalpoland.com\/tr\/urunler\/kozmetik-hammaddeleri\/ucucu-yaglar\/blue-tansy-yagi\/#primaryimage"},"thumbnailUrl":"https:\/\/naturalpoland.com\/wp-content\/uploads\/olejek-blue-tansy.webp","datePublished":"2024-10-08T13:03:54+00:00","dateModified":"2026-02-19T15:21:20+00:00","description":"Blue Tansy Ya\u011f\u0131, kan\u0131tlanm\u0131\u015f etkiye sahip benzersiz bile\u015fenler arayan kozmetik ve sa\u011fl\u0131kl\u0131 ya\u015fam sekt\u00f6r\u00fc profesyonelleri i\u00e7in m\u00fckemmel bir se\u00e7imdir.","breadcrumb":{"@id":"https:\/\/naturalpoland.com\/tr\/urunler\/kozmetik-hammaddeleri\/ucucu-yaglar\/blue-tansy-yagi\/#breadcrumb"},"inLanguage":"tr","potentialAction":[{"@type":"ReadAction","target":["https:\/\/naturalpoland.com\/tr\/urunler\/kozmetik-hammaddeleri\/ucucu-yaglar\/blue-tansy-yagi\/"]}]},{"@type":"ImageObject","inLanguage":"tr","@id":"https:\/\/naturalpoland.com\/tr\/urunler\/kozmetik-hammaddeleri\/ucucu-yaglar\/blue-tansy-yagi\/#primaryimage","url":"https:\/\/naturalpoland.com\/wp-content\/uploads\/olejek-blue-tansy.webp","contentUrl":"https:\/\/naturalpoland.com\/wp-content\/uploads\/olejek-blue-tansy.webp","width":1024,"height":1024,"caption":"Blue Tansy Ya\u011f\u0131"},{"@type":"BreadcrumbList","@id":"https:\/\/naturalpoland.com\/tr\/urunler\/kozmetik-hammaddeleri\/ucucu-yaglar\/blue-tansy-yagi\/#breadcrumb","itemListElement":[{"@type":"ListItem","position":1,"name":"Ana Sayfa","item":"https:\/\/naturalpoland.com\/tr\/"},{"@type":"ListItem","position":2,"name":"\u00dcr\u00fcnler","item":"https:\/\/naturalpoland.com\/tr\/urunler\/"},{"@type":"ListItem","position":3,"name":"Blue Tansy Ya\u011f\u0131"}]},{"@type":"WebSite","@id":"https:\/\/naturalpoland.com\/tr\/#website","url":"https:\/\/naturalpoland.com\/tr\/","name":"NATURAL POLAND - Hurtowy Dystrybutor Surowc\u00f3w","description":"Surowce dla przemys\u0142u spo\u017cywczego, kosmetycznego i farmaceutycznego","publisher":{"@id":"https:\/\/naturalpoland.com\/tr\/#organization"},"potentialAction":[{"@type":"SearchAction","target":{"@type":"EntryPoint","urlTemplate":"https:\/\/naturalpoland.com\/tr\/?s={search_term_string}"},"query-input":{"@type":"PropertyValueSpecification","valueRequired":true,"valueName":"search_term_string"}}],"inLanguage":"tr"},{"@type":"Organization","@id":"https:\/\/naturalpoland.com\/tr\/#organization","name":"Natural Poland","url":"https:\/\/naturalpoland.com\/tr\/","logo":{"@type":"ImageObject","inLanguage":"tr","@id":"https:\/\/naturalpoland.com\/tr\/#\/schema\/logo\/image\/","url":"https:\/\/naturalpoland.com\/wp-content\/uploads\/2021\/05\/natural-poland-icon.png","contentUrl":"https:\/\/naturalpoland.com\/wp-content\/uploads\/2021\/05\/natural-poland-icon.png","width":512,"height":512,"caption":"Natural Poland"},"image":{"@id":"https:\/\/naturalpoland.com\/tr\/#\/schema\/logo\/image\/"},"sameAs":["https:\/\/www.facebook.com\/naturalpoland.b2b","https:\/\/pl.linkedin.com\/company\/natural-poland","https:\/\/www.youtube.com\/channel\/UCgeGGkvOMahZo-xu_MSEWxg"]}]}},"_links":{"self":[{"href":"https:\/\/naturalpoland.com\/tr\/wp-json\/wp\/v2\/product\/46070","targetHints":{"allow":["GET"]}}],"collection":[{"href":"https:\/\/naturalpoland.com\/tr\/wp-json\/wp\/v2\/product"}],"about":[{"href":"https:\/\/naturalpoland.com\/tr\/wp-json\/wp\/v2\/types\/product"}],"wp:featuredmedia":[{"embeddable":true,"href":"https:\/\/naturalpoland.com\/tr\/wp-json\/wp\/v2\/media\/46071"}],"wp:attachment":[{"href":"https:\/\/naturalpoland.com\/tr\/wp-json\/wp\/v2\/media?parent=46070"}],"wp:term":[{"taxonomy":"product_brand","embeddable":true,"href":"https:\/\/naturalpoland.com\/tr\/wp-json\/wp\/v2\/product_brand?post=46070"},{"taxonomy":"product_cat","embeddable":true,"href":"https:\/\/naturalpoland.com\/tr\/wp-json\/wp\/v2\/product_cat?post=46070"},{"taxonomy":"product_tag","embeddable":true,"href":"https:\/\/naturalpoland.com\/tr\/wp-json\/wp\/v2\/product_tag?post=46070"}],"curies":[{"name":"wp","href":"https:\/\/api.w.org\/{rel}","templated":true}]}}