{"id":46072,"date":"2024-10-08T12:53:27","date_gmt":"2024-10-08T10:53:27","guid":{"rendered":"https:\/\/naturalpoland.com\/produkty\/kategorilenmemis\/lavanta-yagi\/"},"modified":"2026-02-19T16:21:24","modified_gmt":"2026-02-19T15:21:24","slug":"lavanta-yagi","status":"publish","type":"product","link":"https:\/\/naturalpoland.com\/tr\/urunler\/kozmetik-hammaddeleri\/ucucu-yaglar\/lavanta-yagi\/","title":{"rendered":"Lavanta Ya\u011f\u0131"},"content":{"rendered":"<h2>Lavanta Ya\u011f\u0131n\u0131n \u00d6zellikleri<\/h2>\n<p>Terap\u00f6tik \u00f6zelliklerinden sorumlu olan y\u00fcksek <strong>linalol<\/strong> ve <strong>linalil asetat<\/strong> i\u00e7eri\u011fi ile karakterize edilir. Linalol cildi yat\u0131\u015ft\u0131r\u0131r ve rejenerasyon s\u00fcre\u00e7lerini desteklerken, linalil asetat g\u00fc\u00e7l\u00fc bir rahatlat\u0131c\u0131 etki g\u00f6sterir. <\/p>\n<h2>Aromaterapide Kullan\u0131m\u0131<\/h2>\n<p>Terap\u00f6tik etkisi yat\u0131\u015ft\u0131rma ve rahatlatmaya dayan\u0131r. Lavanta ya\u011f\u0131 ile inhalasyon stres ve sinirsel gerginli\u011fin azalt\u0131lmas\u0131na yard\u0131mc\u0131 olur, uykuya dalmay\u0131 destekler ve uyku kalitesini art\u0131r\u0131r. Banyoya eklenen veya dif\u00fcz\u00f6r ve buhurdanl\u0131klarda kullan\u0131lan lavanta ya\u011f\u0131, sakinle\u015fme ve gev\u015femeye elveri\u015fli bir atmosfer yarat\u0131r. Do\u011fal bir hava ferahlat\u0131c\u0131 olarak da m\u00fckemmel bir se\u00e7enektir.   <\/p>\n<p>Lavanta ya\u011f\u0131 ayn\u0131 zamanda duygusal sa\u011fl\u0131k i\u00e7in de bir destektir. Do\u011fal t\u0131pta anksiyete ve psikolojik gerginlik belirtilerini hafifletici bir ajan olarak kullan\u0131l\u0131r. E\u015fsiz kokusu sinirleri sakinle\u015ftirmeye yard\u0131mc\u0131 olur ve bu da onu stres ve yorgunluk anlar\u0131nda ideal bir yard\u0131mc\u0131 k\u0131lar. Ta\u015f\u0131y\u0131c\u0131 ya\u011flarla birlikte masaj i\u00e7in kullan\u0131labilir; bu sadece v\u00fccudu rahatlatmakla kalmaz, ayn\u0131 zamanda yorgun kaslar\u0131 da yeniler.   <\/p>\n<h2>Kozmetikte Lavanta Ya\u011f\u0131<\/h2>\n<p>Kozmetolojide lavanta ya\u011f\u0131 antibakteriyel, antienflamatuar ve antifungal \u00f6zellikleriyle de\u011fer g\u00f6r\u00fcr. Problemli cilt bak\u0131m\u0131nda destekleyici etki g\u00f6sterir, enflamasyonu hafifletir, k\u00fc\u00e7\u00fck yaralar\u0131n iyile\u015fme s\u00fcre\u00e7lerini destekler ve yan\u0131k etkilerini yat\u0131\u015ft\u0131r\u0131r. Y\u00fcksek antioksidan i\u00e7eri\u011fi sayesinde lavanta ya\u011f\u0131 cildi serbest radikallerin etkisine kar\u015f\u0131 korur.  <\/p>\n","protected":false},"excerpt":{"rendered":"<p><strong>Lavanta ya\u011f\u0131<\/strong>, dar yaprakl\u0131 lavanta (<em>Lavandula angustifolia<\/em>) veya \u0130spanyol ince yaprakl\u0131 lavantas\u0131 (<em>Lavandula stoechas<\/em>) \u00e7i\u00e7eklerinin buhar distilasyonu i\u015flemiyle elde edilen %100 do\u011fal bir \u00fcr\u00fcnd\u00fcr. Narin, \u00e7i\u00e7eksi bir kokuya ve hafif sar\u0131 renge sahiptir. Kozmetoloji, aromaterapi ve do\u011fal t\u0131pta kullan\u0131m i\u00e7in uygundur.  <\/p>\n","protected":false},"featured_media":46073,"template":"","meta":[],"product_brand":[],"product_cat":[9552],"product_tag":[],"class_list":{"0":"post-46072","1":"product","2":"type-product","3":"status-publish","4":"has-post-thumbnail","6":"product_cat-ucucu-yaglar","8":"first","9":"instock","10":"shipping-taxable","11":"product-type-simple"},"yoast_head":"<!-- This site is optimized with the Yoast SEO plugin v27.3 - https:\/\/yoast.com\/product\/yoast-seo-wordpress\/ -->\n<title>Lavanta Ya\u011f\u0131 - NATURAL POLAND - Hurtowy Dystrybutor Surowc\u00f3w<\/title>\n<meta name=\"description\" content=\"Lavanta ya\u011f\u0131, yat\u0131\u015ft\u0131r\u0131c\u0131 ve \u00e7i\u00e7eksi kokusuyla hem kozmetik hem de aromaterapi kullan\u0131m\u0131 i\u00e7in koleksiyonunuzda bulundurman\u0131z gereken bir \u00fcr\u00fcnd\u00fcr.\" \/>\n<meta name=\"robots\" content=\"index, follow, max-snippet:-1, max-image-preview:large, max-video-preview:-1\" \/>\n<link rel=\"canonical\" href=\"https:\/\/naturalpoland.com\/tr\/urunler\/kozmetik-hammaddeleri\/ucucu-yaglar\/lavanta-yagi\/\" \/>\n<meta property=\"og:locale\" content=\"tr_TR\" \/>\n<meta property=\"og:type\" content=\"article\" \/>\n<meta property=\"og:title\" content=\"Lavanta Ya\u011f\u0131 - NATURAL POLAND - Hurtowy Dystrybutor Surowc\u00f3w\" \/>\n<meta property=\"og:description\" content=\"Lavanta ya\u011f\u0131, yat\u0131\u015ft\u0131r\u0131c\u0131 ve \u00e7i\u00e7eksi kokusuyla hem kozmetik hem de aromaterapi kullan\u0131m\u0131 i\u00e7in koleksiyonunuzda bulundurman\u0131z gereken bir \u00fcr\u00fcnd\u00fcr.\" \/>\n<meta property=\"og:url\" content=\"https:\/\/naturalpoland.com\/tr\/urunler\/kozmetik-hammaddeleri\/ucucu-yaglar\/lavanta-yagi\/\" \/>\n<meta property=\"og:site_name\" content=\"NATURAL POLAND - Hurtowy Dystrybutor Surowc\u00f3w\" \/>\n<meta property=\"article:publisher\" content=\"https:\/\/www.facebook.com\/naturalpoland.b2b\" \/>\n<meta property=\"article:modified_time\" content=\"2026-02-19T15:21:24+00:00\" \/>\n<meta property=\"og:image\" content=\"https:\/\/naturalpoland.com\/wp-content\/uploads\/olejek-lawendowy.webp\" \/>\n\t<meta property=\"og:image:width\" content=\"700\" \/>\n\t<meta property=\"og:image:height\" content=\"700\" \/>\n\t<meta property=\"og:image:type\" content=\"image\/webp\" \/>\n<script type=\"application\/ld+json\" class=\"yoast-schema-graph\">{\"@context\":\"https:\\\/\\\/schema.org\",\"@graph\":[{\"@type\":\"WebPage\",\"@id\":\"https:\\\/\\\/naturalpoland.com\\\/tr\\\/urunler\\\/kozmetik-hammaddeleri\\\/ucucu-yaglar\\\/lavanta-yagi\\\/\",\"url\":\"https:\\\/\\\/naturalpoland.com\\\/tr\\\/urunler\\\/kozmetik-hammaddeleri\\\/ucucu-yaglar\\\/lavanta-yagi\\\/\",\"name\":\"Lavanta Ya\u011f\u0131 - NATURAL POLAND - Hurtowy Dystrybutor Surowc\u00f3w\",\"isPartOf\":{\"@id\":\"https:\\\/\\\/naturalpoland.com\\\/tr\\\/#website\"},\"primaryImageOfPage\":{\"@id\":\"https:\\\/\\\/naturalpoland.com\\\/tr\\\/urunler\\\/kozmetik-hammaddeleri\\\/ucucu-yaglar\\\/lavanta-yagi\\\/#primaryimage\"},\"image\":{\"@id\":\"https:\\\/\\\/naturalpoland.com\\\/tr\\\/urunler\\\/kozmetik-hammaddeleri\\\/ucucu-yaglar\\\/lavanta-yagi\\\/#primaryimage\"},\"thumbnailUrl\":\"https:\\\/\\\/naturalpoland.com\\\/wp-content\\\/uploads\\\/olejek-lawendowy.webp\",\"datePublished\":\"2024-10-08T10:53:27+00:00\",\"dateModified\":\"2026-02-19T15:21:24+00:00\",\"description\":\"Lavanta ya\u011f\u0131, yat\u0131\u015ft\u0131r\u0131c\u0131 ve \u00e7i\u00e7eksi kokusuyla hem kozmetik hem de aromaterapi kullan\u0131m\u0131 i\u00e7in koleksiyonunuzda bulundurman\u0131z gereken bir \u00fcr\u00fcnd\u00fcr.\",\"breadcrumb\":{\"@id\":\"https:\\\/\\\/naturalpoland.com\\\/tr\\\/urunler\\\/kozmetik-hammaddeleri\\\/ucucu-yaglar\\\/lavanta-yagi\\\/#breadcrumb\"},\"inLanguage\":\"tr\",\"potentialAction\":[{\"@type\":\"ReadAction\",\"target\":[\"https:\\\/\\\/naturalpoland.com\\\/tr\\\/urunler\\\/kozmetik-hammaddeleri\\\/ucucu-yaglar\\\/lavanta-yagi\\\/\"]}]},{\"@type\":\"ImageObject\",\"inLanguage\":\"tr\",\"@id\":\"https:\\\/\\\/naturalpoland.com\\\/tr\\\/urunler\\\/kozmetik-hammaddeleri\\\/ucucu-yaglar\\\/lavanta-yagi\\\/#primaryimage\",\"url\":\"https:\\\/\\\/naturalpoland.com\\\/wp-content\\\/uploads\\\/olejek-lawendowy.webp\",\"contentUrl\":\"https:\\\/\\\/naturalpoland.com\\\/wp-content\\\/uploads\\\/olejek-lawendowy.webp\",\"width\":700,\"height\":700,\"caption\":\"lavanta esansiyel ya\u011f\u0131\"},{\"@type\":\"BreadcrumbList\",\"@id\":\"https:\\\/\\\/naturalpoland.com\\\/tr\\\/urunler\\\/kozmetik-hammaddeleri\\\/ucucu-yaglar\\\/lavanta-yagi\\\/#breadcrumb\",\"itemListElement\":[{\"@type\":\"ListItem\",\"position\":1,\"name\":\"Ana Sayfa\",\"item\":\"https:\\\/\\\/naturalpoland.com\\\/tr\\\/\"},{\"@type\":\"ListItem\",\"position\":2,\"name\":\"\u00dcr\u00fcnler\",\"item\":\"https:\\\/\\\/naturalpoland.com\\\/tr\\\/urunler\\\/\"},{\"@type\":\"ListItem\",\"position\":3,\"name\":\"Lavanta Ya\u011f\u0131\"}]},{\"@type\":\"WebSite\",\"@id\":\"https:\\\/\\\/naturalpoland.com\\\/tr\\\/#website\",\"url\":\"https:\\\/\\\/naturalpoland.com\\\/tr\\\/\",\"name\":\"NATURAL POLAND - Hurtowy Dystrybutor Surowc\u00f3w\",\"description\":\"Surowce dla przemys\u0142u spo\u017cywczego, kosmetycznego i farmaceutycznego\",\"publisher\":{\"@id\":\"https:\\\/\\\/naturalpoland.com\\\/tr\\\/#organization\"},\"potentialAction\":[{\"@type\":\"SearchAction\",\"target\":{\"@type\":\"EntryPoint\",\"urlTemplate\":\"https:\\\/\\\/naturalpoland.com\\\/tr\\\/?s={search_term_string}\"},\"query-input\":{\"@type\":\"PropertyValueSpecification\",\"valueRequired\":true,\"valueName\":\"search_term_string\"}}],\"inLanguage\":\"tr\"},{\"@type\":\"Organization\",\"@id\":\"https:\\\/\\\/naturalpoland.com\\\/tr\\\/#organization\",\"name\":\"Natural Poland\",\"url\":\"https:\\\/\\\/naturalpoland.com\\\/tr\\\/\",\"logo\":{\"@type\":\"ImageObject\",\"inLanguage\":\"tr\",\"@id\":\"https:\\\/\\\/naturalpoland.com\\\/tr\\\/#\\\/schema\\\/logo\\\/image\\\/\",\"url\":\"https:\\\/\\\/naturalpoland.com\\\/wp-content\\\/uploads\\\/2021\\\/05\\\/natural-poland-icon.png\",\"contentUrl\":\"https:\\\/\\\/naturalpoland.com\\\/wp-content\\\/uploads\\\/2021\\\/05\\\/natural-poland-icon.png\",\"width\":512,\"height\":512,\"caption\":\"Natural Poland\"},\"image\":{\"@id\":\"https:\\\/\\\/naturalpoland.com\\\/tr\\\/#\\\/schema\\\/logo\\\/image\\\/\"},\"sameAs\":[\"https:\\\/\\\/www.facebook.com\\\/naturalpoland.b2b\",\"https:\\\/\\\/pl.linkedin.com\\\/company\\\/natural-poland\",\"https:\\\/\\\/www.youtube.com\\\/channel\\\/UCgeGGkvOMahZo-xu_MSEWxg\"]}]}<\/script>\n<!-- \/ Yoast SEO plugin. -->","yoast_head_json":{"title":"Lavanta Ya\u011f\u0131 - NATURAL POLAND - Hurtowy Dystrybutor Surowc\u00f3w","description":"Lavanta ya\u011f\u0131, yat\u0131\u015ft\u0131r\u0131c\u0131 ve \u00e7i\u00e7eksi kokusuyla hem kozmetik hem de aromaterapi kullan\u0131m\u0131 i\u00e7in koleksiyonunuzda bulundurman\u0131z gereken bir \u00fcr\u00fcnd\u00fcr.","robots":{"index":"index","follow":"follow","max-snippet":"max-snippet:-1","max-image-preview":"max-image-preview:large","max-video-preview":"max-video-preview:-1"},"canonical":"https:\/\/naturalpoland.com\/tr\/urunler\/kozmetik-hammaddeleri\/ucucu-yaglar\/lavanta-yagi\/","og_locale":"tr_TR","og_type":"article","og_title":"Lavanta Ya\u011f\u0131 - NATURAL POLAND - Hurtowy Dystrybutor Surowc\u00f3w","og_description":"Lavanta ya\u011f\u0131, yat\u0131\u015ft\u0131r\u0131c\u0131 ve \u00e7i\u00e7eksi kokusuyla hem kozmetik hem de aromaterapi kullan\u0131m\u0131 i\u00e7in koleksiyonunuzda bulundurman\u0131z gereken bir \u00fcr\u00fcnd\u00fcr.","og_url":"https:\/\/naturalpoland.com\/tr\/urunler\/kozmetik-hammaddeleri\/ucucu-yaglar\/lavanta-yagi\/","og_site_name":"NATURAL POLAND - Hurtowy Dystrybutor Surowc\u00f3w","article_publisher":"https:\/\/www.facebook.com\/naturalpoland.b2b","article_modified_time":"2026-02-19T15:21:24+00:00","og_image":[{"width":700,"height":700,"url":"https:\/\/naturalpoland.com\/wp-content\/uploads\/olejek-lawendowy.webp","type":"image\/webp"}],"schema":{"@context":"https:\/\/schema.org","@graph":[{"@type":"WebPage","@id":"https:\/\/naturalpoland.com\/tr\/urunler\/kozmetik-hammaddeleri\/ucucu-yaglar\/lavanta-yagi\/","url":"https:\/\/naturalpoland.com\/tr\/urunler\/kozmetik-hammaddeleri\/ucucu-yaglar\/lavanta-yagi\/","name":"Lavanta Ya\u011f\u0131 - NATURAL POLAND - Hurtowy Dystrybutor Surowc\u00f3w","isPartOf":{"@id":"https:\/\/naturalpoland.com\/tr\/#website"},"primaryImageOfPage":{"@id":"https:\/\/naturalpoland.com\/tr\/urunler\/kozmetik-hammaddeleri\/ucucu-yaglar\/lavanta-yagi\/#primaryimage"},"image":{"@id":"https:\/\/naturalpoland.com\/tr\/urunler\/kozmetik-hammaddeleri\/ucucu-yaglar\/lavanta-yagi\/#primaryimage"},"thumbnailUrl":"https:\/\/naturalpoland.com\/wp-content\/uploads\/olejek-lawendowy.webp","datePublished":"2024-10-08T10:53:27+00:00","dateModified":"2026-02-19T15:21:24+00:00","description":"Lavanta ya\u011f\u0131, yat\u0131\u015ft\u0131r\u0131c\u0131 ve \u00e7i\u00e7eksi kokusuyla hem kozmetik hem de aromaterapi kullan\u0131m\u0131 i\u00e7in koleksiyonunuzda bulundurman\u0131z gereken bir \u00fcr\u00fcnd\u00fcr.","breadcrumb":{"@id":"https:\/\/naturalpoland.com\/tr\/urunler\/kozmetik-hammaddeleri\/ucucu-yaglar\/lavanta-yagi\/#breadcrumb"},"inLanguage":"tr","potentialAction":[{"@type":"ReadAction","target":["https:\/\/naturalpoland.com\/tr\/urunler\/kozmetik-hammaddeleri\/ucucu-yaglar\/lavanta-yagi\/"]}]},{"@type":"ImageObject","inLanguage":"tr","@id":"https:\/\/naturalpoland.com\/tr\/urunler\/kozmetik-hammaddeleri\/ucucu-yaglar\/lavanta-yagi\/#primaryimage","url":"https:\/\/naturalpoland.com\/wp-content\/uploads\/olejek-lawendowy.webp","contentUrl":"https:\/\/naturalpoland.com\/wp-content\/uploads\/olejek-lawendowy.webp","width":700,"height":700,"caption":"lavanta esansiyel ya\u011f\u0131"},{"@type":"BreadcrumbList","@id":"https:\/\/naturalpoland.com\/tr\/urunler\/kozmetik-hammaddeleri\/ucucu-yaglar\/lavanta-yagi\/#breadcrumb","itemListElement":[{"@type":"ListItem","position":1,"name":"Ana Sayfa","item":"https:\/\/naturalpoland.com\/tr\/"},{"@type":"ListItem","position":2,"name":"\u00dcr\u00fcnler","item":"https:\/\/naturalpoland.com\/tr\/urunler\/"},{"@type":"ListItem","position":3,"name":"Lavanta Ya\u011f\u0131"}]},{"@type":"WebSite","@id":"https:\/\/naturalpoland.com\/tr\/#website","url":"https:\/\/naturalpoland.com\/tr\/","name":"NATURAL POLAND - Hurtowy Dystrybutor Surowc\u00f3w","description":"Surowce dla przemys\u0142u spo\u017cywczego, kosmetycznego i farmaceutycznego","publisher":{"@id":"https:\/\/naturalpoland.com\/tr\/#organization"},"potentialAction":[{"@type":"SearchAction","target":{"@type":"EntryPoint","urlTemplate":"https:\/\/naturalpoland.com\/tr\/?s={search_term_string}"},"query-input":{"@type":"PropertyValueSpecification","valueRequired":true,"valueName":"search_term_string"}}],"inLanguage":"tr"},{"@type":"Organization","@id":"https:\/\/naturalpoland.com\/tr\/#organization","name":"Natural Poland","url":"https:\/\/naturalpoland.com\/tr\/","logo":{"@type":"ImageObject","inLanguage":"tr","@id":"https:\/\/naturalpoland.com\/tr\/#\/schema\/logo\/image\/","url":"https:\/\/naturalpoland.com\/wp-content\/uploads\/2021\/05\/natural-poland-icon.png","contentUrl":"https:\/\/naturalpoland.com\/wp-content\/uploads\/2021\/05\/natural-poland-icon.png","width":512,"height":512,"caption":"Natural Poland"},"image":{"@id":"https:\/\/naturalpoland.com\/tr\/#\/schema\/logo\/image\/"},"sameAs":["https:\/\/www.facebook.com\/naturalpoland.b2b","https:\/\/pl.linkedin.com\/company\/natural-poland","https:\/\/www.youtube.com\/channel\/UCgeGGkvOMahZo-xu_MSEWxg"]}]}},"_links":{"self":[{"href":"https:\/\/naturalpoland.com\/tr\/wp-json\/wp\/v2\/product\/46072","targetHints":{"allow":["GET"]}}],"collection":[{"href":"https:\/\/naturalpoland.com\/tr\/wp-json\/wp\/v2\/product"}],"about":[{"href":"https:\/\/naturalpoland.com\/tr\/wp-json\/wp\/v2\/types\/product"}],"wp:featuredmedia":[{"embeddable":true,"href":"https:\/\/naturalpoland.com\/tr\/wp-json\/wp\/v2\/media\/46073"}],"wp:attachment":[{"href":"https:\/\/naturalpoland.com\/tr\/wp-json\/wp\/v2\/media?parent=46072"}],"wp:term":[{"taxonomy":"product_brand","embeddable":true,"href":"https:\/\/naturalpoland.com\/tr\/wp-json\/wp\/v2\/product_brand?post=46072"},{"taxonomy":"product_cat","embeddable":true,"href":"https:\/\/naturalpoland.com\/tr\/wp-json\/wp\/v2\/product_cat?post=46072"},{"taxonomy":"product_tag","embeddable":true,"href":"https:\/\/naturalpoland.com\/tr\/wp-json\/wp\/v2\/product_tag?post=46072"}],"curies":[{"name":"wp","href":"https:\/\/api.w.org\/{rel}","templated":true}]}}