{"id":46074,"date":"2024-09-23T10:50:07","date_gmt":"2024-09-23T08:50:07","guid":{"rendered":"https:\/\/naturalpoland.com\/produkty\/kategorilenmemis\/b3-vitamini\/"},"modified":"2026-02-19T16:23:16","modified_gmt":"2026-02-19T15:23:16","slug":"b3-vitamini","status":"publish","type":"product","link":"https:\/\/naturalpoland.com\/tr\/urunler\/farmasotik-hammaddeler\/vitaminler\/b3-vitamini\/","title":{"rendered":"B3 Vitamini"},"content":{"rendered":"<h2>B3 Vitamininin Kozmetikte Kullan\u0131m\u0131<\/h2>\n<p>Niasinamid, suda \u00e7\u00f6z\u00fcnen k\u00fc\u00e7\u00fck molek\u00fcll\u00fc bir vitamindir. Stabilitesi sayesinde kozmetikte s\u0131kl\u0131kla kullan\u0131l\u0131r \u2013 geni\u015f pH aral\u0131\u011f\u0131nda \u00f6zelliklerini korur ve \u0131\u015f\u0131k ile \u0131s\u0131ya kar\u015f\u0131 diren\u00e7lidir. Ayn\u0131 zamanda cildin rengini ve kondisyonunu iyile\u015ftirmeye yard\u0131mc\u0131 olan \u00e7ok i\u015flevli bir bile\u015fendir. Niasinamid nemlendirici etki g\u00f6sterir, cildin elastikiyetini art\u0131r\u0131r ve anti-enflamatuar \u00f6zellikler sergiler, bu da onu \u00e7e\u015fitli cilt tiplerinin bak\u0131m\u0131nda de\u011ferli k\u0131lar.   <\/p>\n<p>Niasinamid, \u00e7ok say\u0131da bilimsel \u00e7al\u0131\u015fmada do\u011frulanm\u0131\u015f <strong>antioksidan \u00f6zelliklere<\/strong> sahiptir. %4-5 konsantrasyonda niasinamid i\u00e7eren preparatlar\u0131n d\u00fczenli kullan\u0131m\u0131 ince \u00e7izgileri ve k\u0131r\u0131\u015f\u0131kl\u0131klar\u0131 azalt\u0131r. <a href=\"https:\/\/naturalpoland.com\/tr\/urunler\/farmasotik-hammaddeler\/vitaminler\/b3-vitamini\/#bibl-wit3\">Kawada ekibinin (2008)<\/a> yapt\u0131\u011f\u0131 \u00e7al\u0131\u015fmada, %4 niasinamid i\u00e7eren kremin sekiz hafta kullan\u0131m\u0131 cildin g\u00f6r\u00fcn\u00fcm\u00fcnde \u00f6nemli iyile\u015fme ve g\u00f6z \u00e7evresindeki k\u0131r\u0131\u015f\u0131kl\u0131klar\u0131n azalmas\u0131na katk\u0131da bulunmu\u015ftur.  <\/p>\n<p>Niasinamid sadece antioksidan \u00f6zellikleri sayesinde k\u0131r\u0131\u015f\u0131kl\u0131k kar\u015f\u0131t\u0131 etki g\u00f6stermekle kalmaz, ayn\u0131 zamanda elastik liflerin \u00fcretimini de uyar\u0131r. Cilt fibroblastlar\u0131nda <strong>kolajen sentezini destekleyerek<\/strong> ve normal epidermis h\u00fccrelerinde farkl\u0131la\u015fma belirte\u00e7lerini uyararak cildin elastikiyetini iyile\u015ftirir. Epidermis h\u00fccre d\u00f6ng\u00fcs\u00fcn\u00fcn h\u0131zlanmas\u0131n\u0131n hafif bir peeling etkisi g\u00f6sterdi\u011fi ve b\u00f6ylece cildin daha s\u0131k\u0131 hale geldi\u011fi, k\u0131r\u0131\u015f\u0131kl\u0131klar\u0131n ise daha az g\u00f6r\u00fcn\u00fcr oldu\u011fu d\u00fc\u015f\u00fcn\u00fclmektedir.  <\/p>\n<p><strong><a href=\"https:\/\/naturalpoland.com\/tr\/urunler\/kozmetik-hammaddeleri\/kozmetik-hammaddeleri-2\/trehaloz\/\">Trehaloz<\/a><\/strong>, kozmetikte s\u0131kl\u0131kla kullan\u0131lan bir disakkarit olup, nikotinamid ile sinerjik etki g\u00f6stererek cildin nemlendirme ve d\u0131\u015f fakt\u00f6rlere kar\u015f\u0131 koruma s\u00fcre\u00e7lerini destekler<\/p>\n<h3>Niasinamid ile Akne Tedavisi<\/h3>\n<p><strong>Anti-enflamatuar \u00f6zellikleri<\/strong> sayesinde B3 vitamini akne tedavisinde etkili bir bile\u015fendir. Antibiyotiklerin yan etkileri ve artan diren\u00e7le ilgili sorunlara yan\u0131t olarak g\u00fcvenli ve etkili alternatifler aranmaktad\u0131r. Niasinamid, akne tedavisini destekleyebilecek g\u00fc\u00e7l\u00fc bir etki g\u00f6sterir. <a href=\"https:\/\/naturalpoland.com\/tr\/urunler\/farmasotik-hammaddeler\/vitaminler\/b3-vitamini\/#bibl-wit3\">Franciszka M. Walocko ve \u00e7al\u0131\u015fma arkada\u015flar\u0131n\u0131n 2017 y\u0131l\u0131ndaki derleme makalesinde<\/a> okunabilece\u011fi gibi, B3 vitamininin topikal olarak uyguland\u0131\u011f\u0131 sekiz \u00e7al\u0131\u015fmadan alt\u0131s\u0131, ba\u015flang\u0131\u00e7 de\u011ferine veya standart akne tedavisine k\u0131yasla aknede \u00f6nemli azalmaya yol a\u00e7m\u0131\u015ft\u0131r. Ayr\u0131ca nikotinamid i\u00e7eren oral takviyenin kullan\u0131ld\u0131\u011f\u0131 \u00e7al\u0131\u015fmalar da aknede \u00f6nemli azalma g\u00f6stermi\u015ftir.    <\/p>\n<p>B3 Vitamini <strong>enflamasyon durumlar\u0131n\u0131n azalmas\u0131na ve cilt lezyonlar\u0131n\u0131n say\u0131s\u0131n\u0131n azalt\u0131lmas\u0131na<\/strong> katk\u0131da bulunur, bu da onu akneye e\u011filimli cilt bak\u0131m\u0131nda de\u011ferli bir unsur k\u0131lar. K\u0131zar\u0131kl\u0131k ve \u015fi\u015flik gibi semptomlar\u0131 hafifletmeye yard\u0131mc\u0131 olur, bu da \u00f6zellikle enflamatuar aknesi olan ki\u015filer i\u00e7in faydal\u0131d\u0131r. Anti-enflamatuar etkisinin yan\u0131 s\u0131ra niasinamidin topikal uygulanmas\u0131 epidermal bariyer fonksiyonunu destekler. Bu bariyerin stabilizasyonu kritik \u00f6neme sahiptir \u00e7\u00fcnk\u00fc transepidermal su kayb\u0131n\u0131 azalt\u0131r ve stratum korneumun nemlendirilmesini iyile\u015ftirir. Bu da lezyonlar\u0131n tekrarlanmas\u0131n\u0131 \u00f6nlemeye ve cildin sa\u011fl\u0131kl\u0131 g\u00f6r\u00fcn\u00fcm\u00fcn\u00fc korumaya yard\u0131mc\u0131 olur, bu da uzun vadeli akne tedavisinde \u00f6nemlidir.    <\/p>\n<h3>Cildin Ayd\u0131nlat\u0131lmas\u0131 ve Renk Bozukluklar\u0131n\u0131n Azalt\u0131lmas\u0131<\/h3>\n<p>B3 Vitamini, hiperpigmentasyon ve ya\u015fl\u0131l\u0131k lekelerinin azalt\u0131lmas\u0131na yard\u0131mc\u0131 olan ve cildin tonunun e\u015fitlenmesine katk\u0131da bulunan <strong>ayd\u0131nlat\u0131c\u0131 \u00f6zellikleri<\/strong> ile de\u011fer g\u00f6r\u00fcr. D\u00fczensiz cilt pigmentasyonu d\u0131\u015f ya\u015flanman\u0131n ana belirtilerinden biridir ve bu da ayd\u0131nlat\u0131c\u0131 etkili kozmetiklere olan talebi art\u0131r\u0131r. <\/p>\n<p><a href=\"https:\/\/naturalpoland.com\/tr\/urunler\/farmasotik-hammaddeler\/vitaminler\/b3-vitamini\/#bibl-wit3\">Bissett ve \u00e7al\u0131\u015fma arkada\u015flar\u0131 (2006)<\/a> taraf\u0131ndan yap\u0131lan ara\u015ft\u0131rmalar, d\u00fczenli niasinamid kullan\u0131m\u0131n\u0131n renk bozukluklar\u0131n\u0131n g\u00f6r\u00fcn\u00fcrl\u00fc\u011f\u00fcn\u00fc \u00f6nemli \u00f6l\u00e7\u00fcde azaltabilece\u011fini ve cilde e\u015fit ve sa\u011fl\u0131kl\u0131 bir g\u00f6r\u00fcn\u00fcm kazand\u0131rabilece\u011fini g\u00f6stermi\u015ftir. Niasinamid, antioksidan \u00f6zellikleri sayesinde protein oksidasyonu ve glikasyon gibi oksidatif s\u00fcre\u00e7leri etkili bir \u015fekilde inhibe eder. \u0130leri glikasyon son \u00fcr\u00fcnleri (AGEs), cildin ya\u015flanma s\u00fcrecini etkileyerek sar\u0131 renk bozukluklar\u0131n\u0131n olu\u015fumuna yol a\u00e7abilir. Bu vitamin, antioksidan olarak etki ederek cildi sararma ve di\u011fer olumsuz ya\u015flanma etkilerinden koruyabilir.    <\/p>\n<h3>Cilt Bariyerinin G\u00fc\u00e7lendirilmesi<\/h3>\n<p>B3 vitamini i\u00e7eren \u00fcr\u00fcnler cilt bariyerini g\u00fc\u00e7lendirmeye yard\u0131mc\u0131 olur, bu da cildin nemlendirilmesini art\u0131r\u0131r ve onu zararl\u0131 d\u0131\u015f fakt\u00f6rlere kar\u015f\u0131 korur. Niasinamid <strong>transepidermal su kayb\u0131n\u0131<\/strong> (TEWL) azalt\u0131r, bu da cildin uygun nemlendirilmesinin korunmas\u0131 i\u00e7in gereklidir. Ara\u015ft\u0131rmalar, niasinamid i\u00e7eren kozmetiklerin d\u00fczenli kullan\u0131m\u0131n\u0131n cilt bariyeri fonksiyonunu iyile\u015ftirebilece\u011fini ve \u00e7evresel fakt\u00f6rlerin etkisine kar\u015f\u0131 direncini art\u0131rabilece\u011fini g\u00f6stermektedir (<a href=\"https:\/\/naturalpoland.com\/tr\/urunler\/farmasotik-hammaddeler\/vitaminler\/b3-vitamini\/#bibl-wit3\">Mohammed et al., 2013<\/a>).  <\/p>\n<h3>Sebum \u00dcretiminin Azalt\u0131lmas\u0131<\/h3>\n<p>Niasinamid ayr\u0131ca <strong>sebum \u00fcretiminin d\u00fczenlenmesinde etkilidir<\/strong>, bu da \u00f6zellikle ya\u011fl\u0131 ciltli ve akneye e\u011filimli ki\u015filer i\u00e7in faydal\u0131d\u0131r. Ara\u015ft\u0131rmalar, %2 konsantrasyonda niasinamid kullan\u0131m\u0131n\u0131n sebum salg\u0131s\u0131n\u0131 \u00f6nemli \u00f6l\u00e7\u00fcde azaltabilece\u011fini ve cildin kondisyonunun iyile\u015fmesine katk\u0131da bulunabilece\u011fini g\u00f6stermi\u015ftir (<a href=\"https:\/\/naturalpoland.com\/tr\/urunler\/farmasotik-hammaddeler\/vitaminler\/b3-vitamini\/#bibl-wit3\">Draelos et al., 2006<\/a>). <\/p>\n<p>&nbsp;<\/p>\n<h2>Takviye Olarak B3 Vitamini<\/h2>\n<p>Niasinamid, tablet veya kaps\u00fcl formunda mevcut olan besin takviyelerinde s\u0131kl\u0131kla kullan\u0131l\u0131r. Genellikle g\u00fczelli\u011fi iyile\u015ftirmeyi ama\u00e7layan, <strong>cilt, sa\u00e7 ve t\u0131rnak sa\u011fl\u0131\u011f\u0131n\u0131 destekleyen<\/strong> vitamin komplekslerinin bile\u015fiminde bulunur. Bu preparatlar\u0131n bir bile\u015feni olarak niasinamid, cildin nemlendirilmesini destekler, koruyucu bariyeri g\u00fc\u00e7lendirir ve enflamasyon durumlar\u0131n\u0131 ile a\u015f\u0131r\u0131 sebum \u00fcretimini azalt\u0131r. <\/p>\n<p>Bu vitamin <strong>sinir sisteminin d\u00fczg\u00fcn i\u015fleyi\u015finde<\/strong> ve metabolik s\u00fcre\u00e7lerde \u00f6nemli bir rol oynar. NAD+ \u00f6nc\u00fcs\u00fc olarak, h\u00fccrelerdeki redoks reaksiyonlar\u0131 ve enerji \u00fcretimi i\u00e7in kritik \u00f6neme sahiptir, bu da metabolizma i\u00e7in gereklidir. Ayr\u0131ca n\u00f6roprotektif etki g\u00f6stererek n\u00f6ronlar\u0131n geli\u015fimini ve hayatta kalmas\u0131n\u0131 destekler ve onlar\u0131 iskemi ve di\u011fer fakt\u00f6rlerle ili\u015fkili hasarlardan korur. Ara\u015ft\u0131rmalar, Alzheimer, Parkinson ve Huntington gibi n\u00f6rodejeneratif hastal\u0131klara kar\u015f\u0131 korumadaki potansiyelini g\u00f6stermektedir.   <\/p>\n<p>B3 vitamini takviyesi \u00f6zellikle \u00e7e\u015fitli cilt problemleri, v\u00fccut zay\u0131fl\u0131\u011f\u0131 ve di\u011fer pellagra semptomlar\u0131 ile kendini g\u00f6sterebilen B3 vitamini eksikli\u011fi olan ki\u015filere \u00f6nerilir. D\u00fczenli niasinamid kullan\u0131m\u0131 vitamin eksikliklerini \u00f6nleyebilir ve genel sa\u011fl\u0131k ile g\u00fczelli\u011fi destekleyebilir. <\/p>\n<hr>\n<p><small>MAKALE YAZARI:<\/small><\/p>\n<h5 class=\"author-name uppercase pt-half\">Katarzyna Kopyci\u0144ska<\/h5>\n<p class=\"author-desc small\">Eczanede sa\u011fl\u0131k ve bak\u0131m konular\u0131nda dan\u0131\u015fmanl\u0131k yapan deneyimli eczane teknisyeni. Toru\u0144&#8217;daki Nicolaus Copernicus \u00dcniversitesi&#8217;nde biyoteknoloji e\u011fitimi tamamlad\u0131. Copywriter olarak sa\u011fl\u0131k, bitkiler ve bak\u0131m konular\u0131nda uzmanla\u015fm\u0131\u015ft\u0131r. Tutkuyla fitoterapiyi ve do\u011fal bak\u0131m y\u00f6ntemlerini ara\u015ft\u0131r\u0131r ve edindi\u011fi bilgiyi basit ve anla\u015f\u0131l\u0131r \u015fekilde aktarmay\u0131 sever.   <\/p>\n<p>&nbsp;<\/p>\n","protected":false},"excerpt":{"rendered":"<p><strong>B3 Vitamini<\/strong>, <strong>niasinamid<\/strong> veya <strong>nikotinamid<\/strong> olarak da bilinen, kozmetik ve takviyelerde de\u011ferli bir bile\u015fendir. Pop\u00fclaritesi, hem cilt hem de genel sa\u011fl\u0131k i\u00e7in sa\u011flad\u0131\u011f\u0131 geni\u015f yelpazedeki faydalardan kaynaklanmaktad\u0131r. Cilt bak\u0131m \u00fcr\u00fcnlerinde yayg\u0131n olarak kullan\u0131l\u0131r ve cildin kondisyonunu ve g\u00f6r\u00fcn\u00fcm\u00fcn\u00fc iyile\u015ftirmeye yard\u0131mc\u0131 olur. Ek olarak niasinamid, metabolizmay\u0131 ve sinir sistemi sa\u011fl\u0131\u011f\u0131n\u0131 destekleyerek besin takviyelerinde de kullan\u0131m alan\u0131 bulur.   <\/p>\n","protected":false},"featured_media":46075,"template":"","meta":{"_acf_changed":false},"product_brand":[],"product_cat":[9542],"product_tag":[],"class_list":{"0":"post-46074","1":"product","2":"type-product","3":"status-publish","4":"has-post-thumbnail","6":"product_cat-vitaminler","8":"first","9":"instock","10":"shipping-taxable","11":"product-type-simple"},"acf":[],"yoast_head":"<!-- This site is optimized with the Yoast SEO plugin v27.4 - https:\/\/yoast.com\/product\/yoast-seo-wordpress\/ -->\n<title>B3 Vitamini - NATURAL POLAND - Hurtowy Dystrybutor Surowc\u00f3w<\/title>\n<meta name=\"description\" content=\"Niasinamid, di\u011fer ad\u0131yla B3 vitamini, hem kozmetik \u00fcr\u00fcnlerde hem de besin takviyelerinde yerini almaktad\u0131r. 25 kg a\u011f\u0131rl\u0131\u011f\u0131nda torbalarda paketlenmektedir.\" \/>\n<meta name=\"robots\" content=\"index, follow, max-snippet:-1, max-image-preview:large, max-video-preview:-1\" \/>\n<link rel=\"canonical\" href=\"https:\/\/naturalpoland.com\/tr\/urunler\/farmasotik-hammaddeler\/vitaminler\/b3-vitamini\/\" \/>\n<meta property=\"og:locale\" content=\"tr_TR\" \/>\n<meta property=\"og:type\" content=\"article\" \/>\n<meta property=\"og:title\" content=\"B3 Vitamini - NATURAL POLAND - Hurtowy Dystrybutor Surowc\u00f3w\" \/>\n<meta property=\"og:description\" content=\"Niasinamid, di\u011fer ad\u0131yla B3 vitamini, hem kozmetik \u00fcr\u00fcnlerde hem de besin takviyelerinde yerini almaktad\u0131r. 25 kg a\u011f\u0131rl\u0131\u011f\u0131nda torbalarda paketlenmektedir.\" \/>\n<meta property=\"og:url\" content=\"https:\/\/naturalpoland.com\/tr\/urunler\/farmasotik-hammaddeler\/vitaminler\/b3-vitamini\/\" \/>\n<meta property=\"og:site_name\" content=\"NATURAL POLAND - Hurtowy Dystrybutor Surowc\u00f3w\" \/>\n<meta property=\"article:publisher\" content=\"https:\/\/www.facebook.com\/naturalpoland.b2b\" \/>\n<meta property=\"article:modified_time\" content=\"2026-02-19T15:23:16+00:00\" \/>\n<meta property=\"og:image\" content=\"https:\/\/naturalpoland.com\/wp-content\/uploads\/niacynamid.webp\" \/>\n\t<meta property=\"og:image:width\" content=\"619\" \/>\n\t<meta property=\"og:image:height\" content=\"619\" \/>\n\t<meta property=\"og:image:type\" content=\"image\/webp\" \/>\n<script type=\"application\/ld+json\" class=\"yoast-schema-graph\">{\"@context\":\"https:\\\/\\\/schema.org\",\"@graph\":[{\"@type\":\"WebPage\",\"@id\":\"https:\\\/\\\/naturalpoland.com\\\/tr\\\/urunler\\\/farmasotik-hammaddeler\\\/vitaminler\\\/b3-vitamini\\\/\",\"url\":\"https:\\\/\\\/naturalpoland.com\\\/tr\\\/urunler\\\/farmasotik-hammaddeler\\\/vitaminler\\\/b3-vitamini\\\/\",\"name\":\"B3 Vitamini - NATURAL POLAND - Hurtowy Dystrybutor Surowc\u00f3w\",\"isPartOf\":{\"@id\":\"https:\\\/\\\/naturalpoland.com\\\/tr\\\/#website\"},\"primaryImageOfPage\":{\"@id\":\"https:\\\/\\\/naturalpoland.com\\\/tr\\\/urunler\\\/farmasotik-hammaddeler\\\/vitaminler\\\/b3-vitamini\\\/#primaryimage\"},\"image\":{\"@id\":\"https:\\\/\\\/naturalpoland.com\\\/tr\\\/urunler\\\/farmasotik-hammaddeler\\\/vitaminler\\\/b3-vitamini\\\/#primaryimage\"},\"thumbnailUrl\":\"https:\\\/\\\/naturalpoland.com\\\/wp-content\\\/uploads\\\/niacynamid.webp\",\"datePublished\":\"2024-09-23T08:50:07+00:00\",\"dateModified\":\"2026-02-19T15:23:16+00:00\",\"description\":\"Niasinamid, di\u011fer ad\u0131yla B3 vitamini, hem kozmetik \u00fcr\u00fcnlerde hem de besin takviyelerinde yerini almaktad\u0131r. 25 kg a\u011f\u0131rl\u0131\u011f\u0131nda torbalarda paketlenmektedir.\",\"breadcrumb\":{\"@id\":\"https:\\\/\\\/naturalpoland.com\\\/tr\\\/urunler\\\/farmasotik-hammaddeler\\\/vitaminler\\\/b3-vitamini\\\/#breadcrumb\"},\"inLanguage\":\"tr\",\"potentialAction\":[{\"@type\":\"ReadAction\",\"target\":[\"https:\\\/\\\/naturalpoland.com\\\/tr\\\/urunler\\\/farmasotik-hammaddeler\\\/vitaminler\\\/b3-vitamini\\\/\"]}]},{\"@type\":\"ImageObject\",\"inLanguage\":\"tr\",\"@id\":\"https:\\\/\\\/naturalpoland.com\\\/tr\\\/urunler\\\/farmasotik-hammaddeler\\\/vitaminler\\\/b3-vitamini\\\/#primaryimage\",\"url\":\"https:\\\/\\\/naturalpoland.com\\\/wp-content\\\/uploads\\\/niacynamid.webp\",\"contentUrl\":\"https:\\\/\\\/naturalpoland.com\\\/wp-content\\\/uploads\\\/niacynamid.webp\",\"width\":619,\"height\":619,\"caption\":\"beyaz kristal toz formunda niasinamid\"},{\"@type\":\"BreadcrumbList\",\"@id\":\"https:\\\/\\\/naturalpoland.com\\\/tr\\\/urunler\\\/farmasotik-hammaddeler\\\/vitaminler\\\/b3-vitamini\\\/#breadcrumb\",\"itemListElement\":[{\"@type\":\"ListItem\",\"position\":1,\"name\":\"Ana Sayfa\",\"item\":\"https:\\\/\\\/naturalpoland.com\\\/tr\\\/\"},{\"@type\":\"ListItem\",\"position\":2,\"name\":\"\u00dcr\u00fcnler\",\"item\":\"https:\\\/\\\/naturalpoland.com\\\/tr\\\/urunler\\\/\"},{\"@type\":\"ListItem\",\"position\":3,\"name\":\"B3 Vitamini\"}]},{\"@type\":\"WebSite\",\"@id\":\"https:\\\/\\\/naturalpoland.com\\\/tr\\\/#website\",\"url\":\"https:\\\/\\\/naturalpoland.com\\\/tr\\\/\",\"name\":\"NATURAL POLAND - Hurtowy Dystrybutor Surowc\u00f3w\",\"description\":\"Surowce dla przemys\u0142u spo\u017cywczego, kosmetycznego i farmaceutycznego\",\"publisher\":{\"@id\":\"https:\\\/\\\/naturalpoland.com\\\/tr\\\/#organization\"},\"potentialAction\":[{\"@type\":\"SearchAction\",\"target\":{\"@type\":\"EntryPoint\",\"urlTemplate\":\"https:\\\/\\\/naturalpoland.com\\\/tr\\\/?s={search_term_string}\"},\"query-input\":{\"@type\":\"PropertyValueSpecification\",\"valueRequired\":true,\"valueName\":\"search_term_string\"}}],\"inLanguage\":\"tr\"},{\"@type\":\"Organization\",\"@id\":\"https:\\\/\\\/naturalpoland.com\\\/tr\\\/#organization\",\"name\":\"Natural Poland\",\"url\":\"https:\\\/\\\/naturalpoland.com\\\/tr\\\/\",\"logo\":{\"@type\":\"ImageObject\",\"inLanguage\":\"tr\",\"@id\":\"https:\\\/\\\/naturalpoland.com\\\/tr\\\/#\\\/schema\\\/logo\\\/image\\\/\",\"url\":\"https:\\\/\\\/naturalpoland.com\\\/wp-content\\\/uploads\\\/2021\\\/05\\\/natural-poland-icon.png\",\"contentUrl\":\"https:\\\/\\\/naturalpoland.com\\\/wp-content\\\/uploads\\\/2021\\\/05\\\/natural-poland-icon.png\",\"width\":512,\"height\":512,\"caption\":\"Natural Poland\"},\"image\":{\"@id\":\"https:\\\/\\\/naturalpoland.com\\\/tr\\\/#\\\/schema\\\/logo\\\/image\\\/\"},\"sameAs\":[\"https:\\\/\\\/www.facebook.com\\\/naturalpoland.b2b\",\"https:\\\/\\\/pl.linkedin.com\\\/company\\\/natural-poland\",\"https:\\\/\\\/www.youtube.com\\\/channel\\\/UCgeGGkvOMahZo-xu_MSEWxg\"]}]}<\/script>\n<!-- \/ Yoast SEO plugin. -->","yoast_head_json":{"title":"B3 Vitamini - NATURAL POLAND - Hurtowy Dystrybutor Surowc\u00f3w","description":"Niasinamid, di\u011fer ad\u0131yla B3 vitamini, hem kozmetik \u00fcr\u00fcnlerde hem de besin takviyelerinde yerini almaktad\u0131r. 25 kg a\u011f\u0131rl\u0131\u011f\u0131nda torbalarda paketlenmektedir.","robots":{"index":"index","follow":"follow","max-snippet":"max-snippet:-1","max-image-preview":"max-image-preview:large","max-video-preview":"max-video-preview:-1"},"canonical":"https:\/\/naturalpoland.com\/tr\/urunler\/farmasotik-hammaddeler\/vitaminler\/b3-vitamini\/","og_locale":"tr_TR","og_type":"article","og_title":"B3 Vitamini - NATURAL POLAND - Hurtowy Dystrybutor Surowc\u00f3w","og_description":"Niasinamid, di\u011fer ad\u0131yla B3 vitamini, hem kozmetik \u00fcr\u00fcnlerde hem de besin takviyelerinde yerini almaktad\u0131r. 25 kg a\u011f\u0131rl\u0131\u011f\u0131nda torbalarda paketlenmektedir.","og_url":"https:\/\/naturalpoland.com\/tr\/urunler\/farmasotik-hammaddeler\/vitaminler\/b3-vitamini\/","og_site_name":"NATURAL POLAND - Hurtowy Dystrybutor Surowc\u00f3w","article_publisher":"https:\/\/www.facebook.com\/naturalpoland.b2b","article_modified_time":"2026-02-19T15:23:16+00:00","og_image":[{"width":619,"height":619,"url":"https:\/\/naturalpoland.com\/wp-content\/uploads\/niacynamid.webp","type":"image\/webp"}],"schema":{"@context":"https:\/\/schema.org","@graph":[{"@type":"WebPage","@id":"https:\/\/naturalpoland.com\/tr\/urunler\/farmasotik-hammaddeler\/vitaminler\/b3-vitamini\/","url":"https:\/\/naturalpoland.com\/tr\/urunler\/farmasotik-hammaddeler\/vitaminler\/b3-vitamini\/","name":"B3 Vitamini - NATURAL POLAND - Hurtowy Dystrybutor Surowc\u00f3w","isPartOf":{"@id":"https:\/\/naturalpoland.com\/tr\/#website"},"primaryImageOfPage":{"@id":"https:\/\/naturalpoland.com\/tr\/urunler\/farmasotik-hammaddeler\/vitaminler\/b3-vitamini\/#primaryimage"},"image":{"@id":"https:\/\/naturalpoland.com\/tr\/urunler\/farmasotik-hammaddeler\/vitaminler\/b3-vitamini\/#primaryimage"},"thumbnailUrl":"https:\/\/naturalpoland.com\/wp-content\/uploads\/niacynamid.webp","datePublished":"2024-09-23T08:50:07+00:00","dateModified":"2026-02-19T15:23:16+00:00","description":"Niasinamid, di\u011fer ad\u0131yla B3 vitamini, hem kozmetik \u00fcr\u00fcnlerde hem de besin takviyelerinde yerini almaktad\u0131r. 25 kg a\u011f\u0131rl\u0131\u011f\u0131nda torbalarda paketlenmektedir.","breadcrumb":{"@id":"https:\/\/naturalpoland.com\/tr\/urunler\/farmasotik-hammaddeler\/vitaminler\/b3-vitamini\/#breadcrumb"},"inLanguage":"tr","potentialAction":[{"@type":"ReadAction","target":["https:\/\/naturalpoland.com\/tr\/urunler\/farmasotik-hammaddeler\/vitaminler\/b3-vitamini\/"]}]},{"@type":"ImageObject","inLanguage":"tr","@id":"https:\/\/naturalpoland.com\/tr\/urunler\/farmasotik-hammaddeler\/vitaminler\/b3-vitamini\/#primaryimage","url":"https:\/\/naturalpoland.com\/wp-content\/uploads\/niacynamid.webp","contentUrl":"https:\/\/naturalpoland.com\/wp-content\/uploads\/niacynamid.webp","width":619,"height":619,"caption":"beyaz kristal toz formunda niasinamid"},{"@type":"BreadcrumbList","@id":"https:\/\/naturalpoland.com\/tr\/urunler\/farmasotik-hammaddeler\/vitaminler\/b3-vitamini\/#breadcrumb","itemListElement":[{"@type":"ListItem","position":1,"name":"Ana Sayfa","item":"https:\/\/naturalpoland.com\/tr\/"},{"@type":"ListItem","position":2,"name":"\u00dcr\u00fcnler","item":"https:\/\/naturalpoland.com\/tr\/urunler\/"},{"@type":"ListItem","position":3,"name":"B3 Vitamini"}]},{"@type":"WebSite","@id":"https:\/\/naturalpoland.com\/tr\/#website","url":"https:\/\/naturalpoland.com\/tr\/","name":"NATURAL POLAND - Hurtowy Dystrybutor Surowc\u00f3w","description":"Surowce dla przemys\u0142u spo\u017cywczego, kosmetycznego i farmaceutycznego","publisher":{"@id":"https:\/\/naturalpoland.com\/tr\/#organization"},"potentialAction":[{"@type":"SearchAction","target":{"@type":"EntryPoint","urlTemplate":"https:\/\/naturalpoland.com\/tr\/?s={search_term_string}"},"query-input":{"@type":"PropertyValueSpecification","valueRequired":true,"valueName":"search_term_string"}}],"inLanguage":"tr"},{"@type":"Organization","@id":"https:\/\/naturalpoland.com\/tr\/#organization","name":"Natural Poland","url":"https:\/\/naturalpoland.com\/tr\/","logo":{"@type":"ImageObject","inLanguage":"tr","@id":"https:\/\/naturalpoland.com\/tr\/#\/schema\/logo\/image\/","url":"https:\/\/naturalpoland.com\/wp-content\/uploads\/2021\/05\/natural-poland-icon.png","contentUrl":"https:\/\/naturalpoland.com\/wp-content\/uploads\/2021\/05\/natural-poland-icon.png","width":512,"height":512,"caption":"Natural Poland"},"image":{"@id":"https:\/\/naturalpoland.com\/tr\/#\/schema\/logo\/image\/"},"sameAs":["https:\/\/www.facebook.com\/naturalpoland.b2b","https:\/\/pl.linkedin.com\/company\/natural-poland","https:\/\/www.youtube.com\/channel\/UCgeGGkvOMahZo-xu_MSEWxg"]}]}},"_links":{"self":[{"href":"https:\/\/naturalpoland.com\/tr\/wp-json\/wp\/v2\/product\/46074","targetHints":{"allow":["GET"]}}],"collection":[{"href":"https:\/\/naturalpoland.com\/tr\/wp-json\/wp\/v2\/product"}],"about":[{"href":"https:\/\/naturalpoland.com\/tr\/wp-json\/wp\/v2\/types\/product"}],"wp:featuredmedia":[{"embeddable":true,"href":"https:\/\/naturalpoland.com\/tr\/wp-json\/wp\/v2\/media\/46075"}],"wp:attachment":[{"href":"https:\/\/naturalpoland.com\/tr\/wp-json\/wp\/v2\/media?parent=46074"}],"wp:term":[{"taxonomy":"product_brand","embeddable":true,"href":"https:\/\/naturalpoland.com\/tr\/wp-json\/wp\/v2\/product_brand?post=46074"},{"taxonomy":"product_cat","embeddable":true,"href":"https:\/\/naturalpoland.com\/tr\/wp-json\/wp\/v2\/product_cat?post=46074"},{"taxonomy":"product_tag","embeddable":true,"href":"https:\/\/naturalpoland.com\/tr\/wp-json\/wp\/v2\/product_tag?post=46074"}],"curies":[{"name":"wp","href":"https:\/\/api.w.org\/{rel}","templated":true}]}}