{"id":46076,"date":"2025-12-16T13:46:15","date_gmt":"2025-12-16T12:46:15","guid":{"rendered":"https:\/\/naturalpoland.com\/produkty\/kategorilenmemis\/karanfil-ozu\/"},"modified":"2026-02-20T10:52:04","modified_gmt":"2026-02-20T09:52:04","slug":"karanfil-ozu","status":"publish","type":"product","link":"https:\/\/naturalpoland.com\/tr\/urunler\/bitkisel-ekstraktlar\/karanfil-ozu\/","title":{"rendered":"Karanfil \u00d6z\u00fc"},"content":{"rendered":"<h2>Karanfil \u00d6z\u00fcn\u00fcn \u00d6zellikleri ve Etkileri<\/h2>\n<p>Karanfil \u00f6z\u00fc, antioksidan etkisinden ve oksidatif stresin olumsuz etkilerini azaltma yetene\u011finden sorumlu olan <strong>fenolik bile\u015fikler<\/strong>, <strong>flavonoidler<\/strong> ve <strong>fenilpropanoid t\u00fcrevleri<\/strong> i\u00e7erir. Bu sayede, hammadde cildin \u00e7evresel fakt\u00f6rlere kar\u015f\u0131 korunmas\u0131n\u0131 destekleyen form\u00fclasyonlarda kullan\u0131l\u0131r. <\/p>\n<p>Kozmetik \u00fcr\u00fcnlerde karanfil \u00f6z\u00fc \u015funlar\u0131 g\u00f6sterir:<\/p>\n<ul>\n<li>cilt dengesini destekleyen ve ar\u0131nd\u0131r\u0131c\u0131 etki,<\/li>\n<li>ya\u011fl\u0131 ve sorunlu cilt bak\u0131m\u0131nda \u00f6nemli olan d\u00fczenleyici \u00f6zellikler,<\/li>\n<li>cildin ve sa\u00e7 derisinin do\u011fru mikro \u00e7evresinin korunmas\u0131na destek,<\/li>\n<li>temizleyici ve tonik \u00fcr\u00fcnler i\u00e7in tasarlanm\u0131\u015f form\u00fclasyonlarda destekleyici etki.<\/li>\n<\/ul>\n<p>\u00d6z\u00fcn etki profili, koruyucu ve d\u00fczenleyici aktivitenin birle\u015fiminin istendi\u011fi form\u00fcllerde fonksiyonel bir bile\u015fen olarak kullan\u0131lmas\u0131n\u0131 sa\u011flar.<\/p>\n<h2>Karanfil \u00d6z\u00fcn\u00fcn Kullan\u0131m\u0131<\/h2>\n<p>Karanfil \u00f6z\u00fc, a\u015fa\u011f\u0131daki \u00fcr\u00fcnlerde kozmetik hammadde olarak kullan\u0131l\u0131r:<\/p>\n<ul>\n<li>y\u00fcz ve v\u00fccut cilt bak\u0131m\u0131 i\u00e7in kremler ve em\u00fclsiyonlar,<\/li>\n<li>ar\u0131nd\u0131r\u0131c\u0131 ve dengeleyici tonikler ve serumlar,<\/li>\n<li>sorunlu cilt bak\u0131m\u0131 kozmetikleri,<\/li>\n<li>sa\u00e7 derisi ve sa\u00e7 bak\u0131m\u0131 \u00fcr\u00fcnleri (\u015fampuanlar, losyonlar),<\/li>\n<li>temizleyici preparatlar ve fonksiyonel kozmetikler.<\/li>\n<\/ul>\n","protected":false},"excerpt":{"rendered":"<p><strong>Karanfil \u00f6z\u00fc<\/strong>, y\u00fcksek fenolik bile\u015fik i\u00e7eri\u011fi ve yo\u011fun biyolojik profili ile bilinen <strong>karanfil a\u011fac\u0131n\u0131n \u00e7i\u00e7ek tomurcuklar\u0131ndan<\/strong> (<em>Syzygium aromaticum<\/em>) elde edilen bitkisel bir fonksiyonel hammaddedir.<\/p>\n","protected":false},"featured_media":46077,"template":"","meta":[],"product_brand":[],"product_cat":[9531],"product_tag":[],"class_list":{"0":"post-46076","1":"product","2":"type-product","3":"status-publish","4":"has-post-thumbnail","6":"product_cat-bitkisel-ekstraktlar","7":"pa_czesc-rosliny-cicek-tomurcugu","9":"first","10":"instock","11":"shipping-taxable","12":"product-type-simple"},"yoast_head":"<!-- This site is optimized with the Yoast SEO plugin v27.3 - https:\/\/yoast.com\/product\/yoast-seo-wordpress\/ -->\n<title>Karanfil \u00d6z\u00fc - Hurtowy Dystrybutor<\/title>\n<meta name=\"description\" content=\"Karanfil \u00f6z\u00fc, kremler, tonikler ve sorunlu cilt \u00fcr\u00fcnleri i\u00e7in antioksidan ve ar\u0131nd\u0131r\u0131c\u0131 etkiye sahip kozmetik bir hammaddedir.\" \/>\n<meta name=\"robots\" content=\"index, follow, max-snippet:-1, max-image-preview:large, max-video-preview:-1\" \/>\n<link rel=\"canonical\" href=\"https:\/\/naturalpoland.com\/tr\/urunler\/bitkisel-ekstraktlar\/karanfil-ozu\/\" \/>\n<meta property=\"og:locale\" content=\"tr_TR\" \/>\n<meta property=\"og:type\" content=\"article\" \/>\n<meta property=\"og:title\" content=\"Karanfil \u00d6z\u00fc - Hurtowy Dystrybutor\" \/>\n<meta property=\"og:description\" content=\"Karanfil \u00f6z\u00fc, kremler, tonikler ve sorunlu cilt \u00fcr\u00fcnleri i\u00e7in antioksidan ve ar\u0131nd\u0131r\u0131c\u0131 etkiye sahip kozmetik bir hammaddedir.\" \/>\n<meta property=\"og:url\" content=\"https:\/\/naturalpoland.com\/tr\/urunler\/bitkisel-ekstraktlar\/karanfil-ozu\/\" \/>\n<meta property=\"og:site_name\" content=\"NATURAL POLAND - Hurtowy Dystrybutor Surowc\u00f3w\" \/>\n<meta property=\"article:publisher\" content=\"https:\/\/www.facebook.com\/naturalpoland.b2b\" \/>\n<meta property=\"article:modified_time\" content=\"2026-02-20T09:52:04+00:00\" \/>\n<meta property=\"og:image\" content=\"https:\/\/naturalpoland.com\/wp-content\/uploads\/ekstrakt-z-gozdzikow.webp\" \/>\n\t<meta property=\"og:image:width\" content=\"1024\" \/>\n\t<meta property=\"og:image:height\" content=\"1024\" \/>\n\t<meta property=\"og:image:type\" content=\"image\/webp\" \/>\n<script type=\"application\/ld+json\" class=\"yoast-schema-graph\">{\"@context\":\"https:\\\/\\\/schema.org\",\"@graph\":[{\"@type\":\"WebPage\",\"@id\":\"https:\\\/\\\/naturalpoland.com\\\/tr\\\/urunler\\\/bitkisel-ekstraktlar\\\/karanfil-ozu\\\/\",\"url\":\"https:\\\/\\\/naturalpoland.com\\\/tr\\\/urunler\\\/bitkisel-ekstraktlar\\\/karanfil-ozu\\\/\",\"name\":\"Karanfil \u00d6z\u00fc - Hurtowy Dystrybutor\",\"isPartOf\":{\"@id\":\"https:\\\/\\\/naturalpoland.com\\\/tr\\\/#website\"},\"primaryImageOfPage\":{\"@id\":\"https:\\\/\\\/naturalpoland.com\\\/tr\\\/urunler\\\/bitkisel-ekstraktlar\\\/karanfil-ozu\\\/#primaryimage\"},\"image\":{\"@id\":\"https:\\\/\\\/naturalpoland.com\\\/tr\\\/urunler\\\/bitkisel-ekstraktlar\\\/karanfil-ozu\\\/#primaryimage\"},\"thumbnailUrl\":\"https:\\\/\\\/naturalpoland.com\\\/wp-content\\\/uploads\\\/ekstrakt-z-gozdzikow.webp\",\"datePublished\":\"2025-12-16T12:46:15+00:00\",\"dateModified\":\"2026-02-20T09:52:04+00:00\",\"description\":\"Karanfil \u00f6z\u00fc, kremler, tonikler ve sorunlu cilt \u00fcr\u00fcnleri i\u00e7in antioksidan ve ar\u0131nd\u0131r\u0131c\u0131 etkiye sahip kozmetik bir hammaddedir.\",\"breadcrumb\":{\"@id\":\"https:\\\/\\\/naturalpoland.com\\\/tr\\\/urunler\\\/bitkisel-ekstraktlar\\\/karanfil-ozu\\\/#breadcrumb\"},\"inLanguage\":\"tr\",\"potentialAction\":[{\"@type\":\"ReadAction\",\"target\":[\"https:\\\/\\\/naturalpoland.com\\\/tr\\\/urunler\\\/bitkisel-ekstraktlar\\\/karanfil-ozu\\\/\"]}]},{\"@type\":\"ImageObject\",\"inLanguage\":\"tr\",\"@id\":\"https:\\\/\\\/naturalpoland.com\\\/tr\\\/urunler\\\/bitkisel-ekstraktlar\\\/karanfil-ozu\\\/#primaryimage\",\"url\":\"https:\\\/\\\/naturalpoland.com\\\/wp-content\\\/uploads\\\/ekstrakt-z-gozdzikow.webp\",\"contentUrl\":\"https:\\\/\\\/naturalpoland.com\\\/wp-content\\\/uploads\\\/ekstrakt-z-gozdzikow.webp\",\"width\":1024,\"height\":1024,\"caption\":\"karanfil \u00f6z\u00fc\"},{\"@type\":\"BreadcrumbList\",\"@id\":\"https:\\\/\\\/naturalpoland.com\\\/tr\\\/urunler\\\/bitkisel-ekstraktlar\\\/karanfil-ozu\\\/#breadcrumb\",\"itemListElement\":[{\"@type\":\"ListItem\",\"position\":1,\"name\":\"Ana Sayfa\",\"item\":\"https:\\\/\\\/naturalpoland.com\\\/tr\\\/\"},{\"@type\":\"ListItem\",\"position\":2,\"name\":\"\u00dcr\u00fcnler\",\"item\":\"https:\\\/\\\/naturalpoland.com\\\/tr\\\/urunler\\\/\"},{\"@type\":\"ListItem\",\"position\":3,\"name\":\"Karanfil \u00d6z\u00fc\"}]},{\"@type\":\"WebSite\",\"@id\":\"https:\\\/\\\/naturalpoland.com\\\/tr\\\/#website\",\"url\":\"https:\\\/\\\/naturalpoland.com\\\/tr\\\/\",\"name\":\"NATURAL POLAND - Hurtowy Dystrybutor Surowc\u00f3w\",\"description\":\"Surowce dla przemys\u0142u spo\u017cywczego, kosmetycznego i farmaceutycznego\",\"publisher\":{\"@id\":\"https:\\\/\\\/naturalpoland.com\\\/tr\\\/#organization\"},\"potentialAction\":[{\"@type\":\"SearchAction\",\"target\":{\"@type\":\"EntryPoint\",\"urlTemplate\":\"https:\\\/\\\/naturalpoland.com\\\/tr\\\/?s={search_term_string}\"},\"query-input\":{\"@type\":\"PropertyValueSpecification\",\"valueRequired\":true,\"valueName\":\"search_term_string\"}}],\"inLanguage\":\"tr\"},{\"@type\":\"Organization\",\"@id\":\"https:\\\/\\\/naturalpoland.com\\\/tr\\\/#organization\",\"name\":\"Natural Poland\",\"url\":\"https:\\\/\\\/naturalpoland.com\\\/tr\\\/\",\"logo\":{\"@type\":\"ImageObject\",\"inLanguage\":\"tr\",\"@id\":\"https:\\\/\\\/naturalpoland.com\\\/tr\\\/#\\\/schema\\\/logo\\\/image\\\/\",\"url\":\"https:\\\/\\\/naturalpoland.com\\\/wp-content\\\/uploads\\\/2021\\\/05\\\/natural-poland-icon.png\",\"contentUrl\":\"https:\\\/\\\/naturalpoland.com\\\/wp-content\\\/uploads\\\/2021\\\/05\\\/natural-poland-icon.png\",\"width\":512,\"height\":512,\"caption\":\"Natural Poland\"},\"image\":{\"@id\":\"https:\\\/\\\/naturalpoland.com\\\/tr\\\/#\\\/schema\\\/logo\\\/image\\\/\"},\"sameAs\":[\"https:\\\/\\\/www.facebook.com\\\/naturalpoland.b2b\",\"https:\\\/\\\/pl.linkedin.com\\\/company\\\/natural-poland\",\"https:\\\/\\\/www.youtube.com\\\/channel\\\/UCgeGGkvOMahZo-xu_MSEWxg\"]}]}<\/script>\n<!-- \/ Yoast SEO plugin. -->","yoast_head_json":{"title":"Karanfil \u00d6z\u00fc - Hurtowy Dystrybutor","description":"Karanfil \u00f6z\u00fc, kremler, tonikler ve sorunlu cilt \u00fcr\u00fcnleri i\u00e7in antioksidan ve ar\u0131nd\u0131r\u0131c\u0131 etkiye sahip kozmetik bir hammaddedir.","robots":{"index":"index","follow":"follow","max-snippet":"max-snippet:-1","max-image-preview":"max-image-preview:large","max-video-preview":"max-video-preview:-1"},"canonical":"https:\/\/naturalpoland.com\/tr\/urunler\/bitkisel-ekstraktlar\/karanfil-ozu\/","og_locale":"tr_TR","og_type":"article","og_title":"Karanfil \u00d6z\u00fc - Hurtowy Dystrybutor","og_description":"Karanfil \u00f6z\u00fc, kremler, tonikler ve sorunlu cilt \u00fcr\u00fcnleri i\u00e7in antioksidan ve ar\u0131nd\u0131r\u0131c\u0131 etkiye sahip kozmetik bir hammaddedir.","og_url":"https:\/\/naturalpoland.com\/tr\/urunler\/bitkisel-ekstraktlar\/karanfil-ozu\/","og_site_name":"NATURAL POLAND - Hurtowy Dystrybutor Surowc\u00f3w","article_publisher":"https:\/\/www.facebook.com\/naturalpoland.b2b","article_modified_time":"2026-02-20T09:52:04+00:00","og_image":[{"width":1024,"height":1024,"url":"https:\/\/naturalpoland.com\/wp-content\/uploads\/ekstrakt-z-gozdzikow.webp","type":"image\/webp"}],"schema":{"@context":"https:\/\/schema.org","@graph":[{"@type":"WebPage","@id":"https:\/\/naturalpoland.com\/tr\/urunler\/bitkisel-ekstraktlar\/karanfil-ozu\/","url":"https:\/\/naturalpoland.com\/tr\/urunler\/bitkisel-ekstraktlar\/karanfil-ozu\/","name":"Karanfil \u00d6z\u00fc - Hurtowy Dystrybutor","isPartOf":{"@id":"https:\/\/naturalpoland.com\/tr\/#website"},"primaryImageOfPage":{"@id":"https:\/\/naturalpoland.com\/tr\/urunler\/bitkisel-ekstraktlar\/karanfil-ozu\/#primaryimage"},"image":{"@id":"https:\/\/naturalpoland.com\/tr\/urunler\/bitkisel-ekstraktlar\/karanfil-ozu\/#primaryimage"},"thumbnailUrl":"https:\/\/naturalpoland.com\/wp-content\/uploads\/ekstrakt-z-gozdzikow.webp","datePublished":"2025-12-16T12:46:15+00:00","dateModified":"2026-02-20T09:52:04+00:00","description":"Karanfil \u00f6z\u00fc, kremler, tonikler ve sorunlu cilt \u00fcr\u00fcnleri i\u00e7in antioksidan ve ar\u0131nd\u0131r\u0131c\u0131 etkiye sahip kozmetik bir hammaddedir.","breadcrumb":{"@id":"https:\/\/naturalpoland.com\/tr\/urunler\/bitkisel-ekstraktlar\/karanfil-ozu\/#breadcrumb"},"inLanguage":"tr","potentialAction":[{"@type":"ReadAction","target":["https:\/\/naturalpoland.com\/tr\/urunler\/bitkisel-ekstraktlar\/karanfil-ozu\/"]}]},{"@type":"ImageObject","inLanguage":"tr","@id":"https:\/\/naturalpoland.com\/tr\/urunler\/bitkisel-ekstraktlar\/karanfil-ozu\/#primaryimage","url":"https:\/\/naturalpoland.com\/wp-content\/uploads\/ekstrakt-z-gozdzikow.webp","contentUrl":"https:\/\/naturalpoland.com\/wp-content\/uploads\/ekstrakt-z-gozdzikow.webp","width":1024,"height":1024,"caption":"karanfil \u00f6z\u00fc"},{"@type":"BreadcrumbList","@id":"https:\/\/naturalpoland.com\/tr\/urunler\/bitkisel-ekstraktlar\/karanfil-ozu\/#breadcrumb","itemListElement":[{"@type":"ListItem","position":1,"name":"Ana Sayfa","item":"https:\/\/naturalpoland.com\/tr\/"},{"@type":"ListItem","position":2,"name":"\u00dcr\u00fcnler","item":"https:\/\/naturalpoland.com\/tr\/urunler\/"},{"@type":"ListItem","position":3,"name":"Karanfil \u00d6z\u00fc"}]},{"@type":"WebSite","@id":"https:\/\/naturalpoland.com\/tr\/#website","url":"https:\/\/naturalpoland.com\/tr\/","name":"NATURAL POLAND - Hurtowy Dystrybutor Surowc\u00f3w","description":"Surowce dla przemys\u0142u spo\u017cywczego, kosmetycznego i farmaceutycznego","publisher":{"@id":"https:\/\/naturalpoland.com\/tr\/#organization"},"potentialAction":[{"@type":"SearchAction","target":{"@type":"EntryPoint","urlTemplate":"https:\/\/naturalpoland.com\/tr\/?s={search_term_string}"},"query-input":{"@type":"PropertyValueSpecification","valueRequired":true,"valueName":"search_term_string"}}],"inLanguage":"tr"},{"@type":"Organization","@id":"https:\/\/naturalpoland.com\/tr\/#organization","name":"Natural Poland","url":"https:\/\/naturalpoland.com\/tr\/","logo":{"@type":"ImageObject","inLanguage":"tr","@id":"https:\/\/naturalpoland.com\/tr\/#\/schema\/logo\/image\/","url":"https:\/\/naturalpoland.com\/wp-content\/uploads\/2021\/05\/natural-poland-icon.png","contentUrl":"https:\/\/naturalpoland.com\/wp-content\/uploads\/2021\/05\/natural-poland-icon.png","width":512,"height":512,"caption":"Natural Poland"},"image":{"@id":"https:\/\/naturalpoland.com\/tr\/#\/schema\/logo\/image\/"},"sameAs":["https:\/\/www.facebook.com\/naturalpoland.b2b","https:\/\/pl.linkedin.com\/company\/natural-poland","https:\/\/www.youtube.com\/channel\/UCgeGGkvOMahZo-xu_MSEWxg"]}]}},"_links":{"self":[{"href":"https:\/\/naturalpoland.com\/tr\/wp-json\/wp\/v2\/product\/46076","targetHints":{"allow":["GET"]}}],"collection":[{"href":"https:\/\/naturalpoland.com\/tr\/wp-json\/wp\/v2\/product"}],"about":[{"href":"https:\/\/naturalpoland.com\/tr\/wp-json\/wp\/v2\/types\/product"}],"wp:featuredmedia":[{"embeddable":true,"href":"https:\/\/naturalpoland.com\/tr\/wp-json\/wp\/v2\/media\/46077"}],"wp:attachment":[{"href":"https:\/\/naturalpoland.com\/tr\/wp-json\/wp\/v2\/media?parent=46076"}],"wp:term":[{"taxonomy":"product_brand","embeddable":true,"href":"https:\/\/naturalpoland.com\/tr\/wp-json\/wp\/v2\/product_brand?post=46076"},{"taxonomy":"product_cat","embeddable":true,"href":"https:\/\/naturalpoland.com\/tr\/wp-json\/wp\/v2\/product_cat?post=46076"},{"taxonomy":"product_tag","embeddable":true,"href":"https:\/\/naturalpoland.com\/tr\/wp-json\/wp\/v2\/product_tag?post=46076"}],"curies":[{"name":"wp","href":"https:\/\/api.w.org\/{rel}","templated":true}]}}