{"id":46078,"date":"2025-11-04T12:31:14","date_gmt":"2025-11-04T11:31:14","guid":{"rendered":"https:\/\/naturalpoland.com\/produkty\/kategorilenmemis\/biberiye-ekstrakti\/"},"modified":"2026-02-20T10:52:23","modified_gmt":"2026-02-20T09:52:23","slug":"biberiye-ekstrakti","status":"publish","type":"product","link":"https:\/\/naturalpoland.com\/tr\/urunler\/bitkisel-ekstraktlar\/biberiye-ekstrakti\/","title":{"rendered":"Biberiye Ekstrakt\u0131"},"content":{"rendered":"<h2>\u00d6zellikleri ve etkileri<\/h2>\n<p>Biberiye ya\u011f\u0131 ekstrakt\u0131 <strong>antioksidan, tonik ve koruyucu etkilere<\/strong> sahiptir. \u0130\u00e7erdi\u011fi <strong>fenolik asitler, diterpenler, flavonoidler<\/strong> ve ya\u011f asitleri (linoleik, oleik, palmitik, stearik) sinerjik olarak hareket ederek \u015funlar\u0131 g\u00f6sterir: <\/p>\n<ul>\n<li><strong>antioksidan<\/strong> etki \u2013 lipidleri, ya\u011f faz\u0131n\u0131 ve em\u00fclsiyonlar\u0131 bozulmaya kar\u015f\u0131 korur,<\/li>\n<li><strong>anti-inflamatuar<\/strong> ve <strong>yat\u0131\u015ft\u0131r\u0131c\u0131<\/strong> etki \u2013 tahri\u015f olmu\u015f cildin yenilenmesini destekler,<\/li>\n<li><strong>tonik<\/strong> etki ve <strong>mikrosirk\u00fclasyonu uyar\u0131c\u0131<\/strong> etki \u2013 cildin oksijenlenmesini iyile\u015ftirir,<\/li>\n<li><strong>antiseptik<\/strong> ve <strong>temizleyici<\/strong> etki \u2013 ya\u011fl\u0131 ve sorunlu cilt bak\u0131m\u0131 i\u00e7in faydal\u0131d\u0131r,<\/li>\n<li>do\u011fal <strong>koruyucu<\/strong> \u00f6zellikler \u2013 serbest radikallerin geli\u015fimini s\u0131n\u0131rlar ve do\u011fal kozmetiklerin raf \u00f6mr\u00fcn\u00fc uzat\u0131r.<\/li>\n<\/ul>\n<p>Ay\u00e7i\u00e7ek ya\u011f\u0131 ta\u015f\u0131y\u0131c\u0131 olarak kullan\u0131ld\u0131\u011f\u0131 i\u00e7in, hammadde <strong>E vitamini ve esansiyel doymam\u0131\u015f ya\u011f asitleri<\/strong> a\u00e7\u0131s\u0131ndan zengindir, bu da besleyici ve koruyucu \u00f6zelliklerini daha da g\u00fc\u00e7lendirir.<\/p>\n<h2>Kullan\u0131m alanlar\u0131<\/h2>\n<p>Biberiye ya\u011f\u0131 ekstrakt\u0131, a\u015fa\u011f\u0131daki form\u00fclasyonlar i\u00e7in tasarlanm\u0131\u015f evrensel bir kozmetik ve teknolojik-fonksiyonel hammaddedir:<\/p>\n<p><strong>Bak\u0131m Kozmetikleri<\/strong><\/p>\n<ul>\n<li>antioksidan etkili kremler, serumlar ve losyonlar,<\/li>\n<li>ya\u011fl\u0131, karma, akneye e\u011filimli ciltler i\u00e7in kozmetikler,<\/li>\n<li>ya\u015flanma kar\u015f\u0131t\u0131 ve yenileyici \u00fcr\u00fcnler,<\/li>\n<li>sa\u00e7 derisi ve sa\u00e7 bak\u0131m \u00fcr\u00fcnleri \u2013 b\u00fcy\u00fcmeyi te\u015fvik edici, sa\u00e7 k\u00f6klerini g\u00fc\u00e7lendirici,<\/li>\n<li>do\u011fal ve &#8220;temiz g\u00fczellik&#8221; sertifikal\u0131 kozmetikler.<\/li>\n<\/ul>\n<p><strong>Teknolojik Uygulama<\/strong><\/p>\n<ul>\n<li>ya\u011flar ve em\u00fclsiyonlar i\u00e7in do\u011fal stabilizat\u00f6r,<\/li>\n<li>y\u00fcksek ya\u011f faz\u0131 i\u00e7eri\u011fine sahip form\u00fclasyonlarda antioksidan korumay\u0131 destekleyen bile\u015fen,<\/li>\n<li>lipofilik aktif maddeler (\u00f6rn. ekstraktlar, vitaminler) i\u00e7in ta\u015f\u0131y\u0131c\u0131.<\/li>\n<\/ul>\n<p>\u00dcr\u00fcn, <strong data-start=\"3730\" data-end=\"3748\">ISO 16128<\/strong> standard\u0131na g\u00f6re <strong data-start=\"3765\" data-end=\"3778\">%100 do\u011fald\u0131r<\/strong><\/p>\n","protected":false},"excerpt":{"rendered":"<p><strong>Biberiye otu ya\u011f\u0131 ekstrakt\u0131<\/strong>, kurutulmu\u015f <em>Rosmarinus officinalis<\/em>&#8216;in so\u011fuk preslenmi\u015f ay\u00e7i\u00e7ek ya\u011f\u0131nda maserasyonu ile elde edilir. \u00dcr\u00fcn, ya\u011fda \u00e7\u00f6z\u00fcnen do\u011fal aktif maddeler a\u00e7\u0131s\u0131ndan zengindir. <\/p>\n","protected":false},"featured_media":46079,"template":"","meta":[],"product_brand":[],"product_cat":[9531],"product_tag":[],"class_list":{"0":"post-46078","1":"product","2":"type-product","3":"status-publish","4":"has-post-thumbnail","6":"product_cat-bitkisel-ekstraktlar","8":"first","9":"instock","10":"shipping-taxable","11":"product-type-simple"},"yoast_head":"<!-- This site is optimized with the Yoast SEO plugin v27.3 - https:\/\/yoast.com\/product\/yoast-seo-wordpress\/ -->\n<title>Biberiye Ekstrakt\u0131 - Hurtowy Dystrybutor<\/title>\n<meta name=\"description\" content=\"Ay\u00e7i\u00e7ek ya\u011f\u0131nda do\u011fal biberiye ya\u011f\u0131 ekstrakt\u0131. 0 do\u011fal, antioksidan kozmetik hammadde; kremler ve serumlar i\u00e7in.\" \/>\n<meta name=\"robots\" content=\"index, follow, max-snippet:-1, max-image-preview:large, max-video-preview:-1\" \/>\n<link rel=\"canonical\" href=\"https:\/\/naturalpoland.com\/tr\/urunler\/bitkisel-ekstraktlar\/biberiye-ekstrakti\/\" \/>\n<meta property=\"og:locale\" content=\"tr_TR\" \/>\n<meta property=\"og:type\" content=\"article\" \/>\n<meta property=\"og:title\" content=\"Biberiye Ekstrakt\u0131 - Hurtowy Dystrybutor\" \/>\n<meta property=\"og:description\" content=\"Ay\u00e7i\u00e7ek ya\u011f\u0131nda do\u011fal biberiye ya\u011f\u0131 ekstrakt\u0131. 0 do\u011fal, antioksidan kozmetik hammadde; kremler ve serumlar i\u00e7in.\" \/>\n<meta property=\"og:url\" content=\"https:\/\/naturalpoland.com\/tr\/urunler\/bitkisel-ekstraktlar\/biberiye-ekstrakti\/\" \/>\n<meta property=\"og:site_name\" content=\"NATURAL POLAND - Hurtowy Dystrybutor Surowc\u00f3w\" \/>\n<meta property=\"article:publisher\" content=\"https:\/\/www.facebook.com\/naturalpoland.b2b\" \/>\n<meta property=\"article:modified_time\" content=\"2026-02-20T09:52:23+00:00\" \/>\n<meta property=\"og:image\" content=\"https:\/\/naturalpoland.com\/wp-content\/uploads\/ekstrakt-olejowy-z-rozmarynu.webp\" \/>\n\t<meta property=\"og:image:width\" content=\"1024\" \/>\n\t<meta property=\"og:image:height\" content=\"1024\" \/>\n\t<meta property=\"og:image:type\" content=\"image\/webp\" \/>\n<script type=\"application\/ld+json\" class=\"yoast-schema-graph\">{\"@context\":\"https:\\\/\\\/schema.org\",\"@graph\":[{\"@type\":\"WebPage\",\"@id\":\"https:\\\/\\\/naturalpoland.com\\\/tr\\\/urunler\\\/bitkisel-ekstraktlar\\\/biberiye-ekstrakti\\\/\",\"url\":\"https:\\\/\\\/naturalpoland.com\\\/tr\\\/urunler\\\/bitkisel-ekstraktlar\\\/biberiye-ekstrakti\\\/\",\"name\":\"Biberiye Ekstrakt\u0131 - Hurtowy Dystrybutor\",\"isPartOf\":{\"@id\":\"https:\\\/\\\/naturalpoland.com\\\/tr\\\/#website\"},\"primaryImageOfPage\":{\"@id\":\"https:\\\/\\\/naturalpoland.com\\\/tr\\\/urunler\\\/bitkisel-ekstraktlar\\\/biberiye-ekstrakti\\\/#primaryimage\"},\"image\":{\"@id\":\"https:\\\/\\\/naturalpoland.com\\\/tr\\\/urunler\\\/bitkisel-ekstraktlar\\\/biberiye-ekstrakti\\\/#primaryimage\"},\"thumbnailUrl\":\"https:\\\/\\\/naturalpoland.com\\\/wp-content\\\/uploads\\\/ekstrakt-olejowy-z-rozmarynu.webp\",\"datePublished\":\"2025-11-04T11:31:14+00:00\",\"dateModified\":\"2026-02-20T09:52:23+00:00\",\"description\":\"Ay\u00e7i\u00e7ek ya\u011f\u0131nda do\u011fal biberiye ya\u011f\u0131 ekstrakt\u0131. 0 do\u011fal, antioksidan kozmetik hammadde; kremler ve serumlar i\u00e7in.\",\"breadcrumb\":{\"@id\":\"https:\\\/\\\/naturalpoland.com\\\/tr\\\/urunler\\\/bitkisel-ekstraktlar\\\/biberiye-ekstrakti\\\/#breadcrumb\"},\"inLanguage\":\"tr\",\"potentialAction\":[{\"@type\":\"ReadAction\",\"target\":[\"https:\\\/\\\/naturalpoland.com\\\/tr\\\/urunler\\\/bitkisel-ekstraktlar\\\/biberiye-ekstrakti\\\/\"]}]},{\"@type\":\"ImageObject\",\"inLanguage\":\"tr\",\"@id\":\"https:\\\/\\\/naturalpoland.com\\\/tr\\\/urunler\\\/bitkisel-ekstraktlar\\\/biberiye-ekstrakti\\\/#primaryimage\",\"url\":\"https:\\\/\\\/naturalpoland.com\\\/wp-content\\\/uploads\\\/ekstrakt-olejowy-z-rozmarynu.webp\",\"contentUrl\":\"https:\\\/\\\/naturalpoland.com\\\/wp-content\\\/uploads\\\/ekstrakt-olejowy-z-rozmarynu.webp\",\"width\":1024,\"height\":1024,\"caption\":\"Ay\u00e7i\u00e7ek ya\u011f\u0131nda biberiye ya\u011f\u0131 ekstrakt\u0131\"},{\"@type\":\"BreadcrumbList\",\"@id\":\"https:\\\/\\\/naturalpoland.com\\\/tr\\\/urunler\\\/bitkisel-ekstraktlar\\\/biberiye-ekstrakti\\\/#breadcrumb\",\"itemListElement\":[{\"@type\":\"ListItem\",\"position\":1,\"name\":\"Ana Sayfa\",\"item\":\"https:\\\/\\\/naturalpoland.com\\\/tr\\\/\"},{\"@type\":\"ListItem\",\"position\":2,\"name\":\"\u00dcr\u00fcnler\",\"item\":\"https:\\\/\\\/naturalpoland.com\\\/tr\\\/urunler\\\/\"},{\"@type\":\"ListItem\",\"position\":3,\"name\":\"Biberiye Ekstrakt\u0131\"}]},{\"@type\":\"WebSite\",\"@id\":\"https:\\\/\\\/naturalpoland.com\\\/tr\\\/#website\",\"url\":\"https:\\\/\\\/naturalpoland.com\\\/tr\\\/\",\"name\":\"NATURAL POLAND - Hurtowy Dystrybutor Surowc\u00f3w\",\"description\":\"Surowce dla przemys\u0142u spo\u017cywczego, kosmetycznego i farmaceutycznego\",\"publisher\":{\"@id\":\"https:\\\/\\\/naturalpoland.com\\\/tr\\\/#organization\"},\"potentialAction\":[{\"@type\":\"SearchAction\",\"target\":{\"@type\":\"EntryPoint\",\"urlTemplate\":\"https:\\\/\\\/naturalpoland.com\\\/tr\\\/?s={search_term_string}\"},\"query-input\":{\"@type\":\"PropertyValueSpecification\",\"valueRequired\":true,\"valueName\":\"search_term_string\"}}],\"inLanguage\":\"tr\"},{\"@type\":\"Organization\",\"@id\":\"https:\\\/\\\/naturalpoland.com\\\/tr\\\/#organization\",\"name\":\"Natural Poland\",\"url\":\"https:\\\/\\\/naturalpoland.com\\\/tr\\\/\",\"logo\":{\"@type\":\"ImageObject\",\"inLanguage\":\"tr\",\"@id\":\"https:\\\/\\\/naturalpoland.com\\\/tr\\\/#\\\/schema\\\/logo\\\/image\\\/\",\"url\":\"https:\\\/\\\/naturalpoland.com\\\/wp-content\\\/uploads\\\/2021\\\/05\\\/natural-poland-icon.png\",\"contentUrl\":\"https:\\\/\\\/naturalpoland.com\\\/wp-content\\\/uploads\\\/2021\\\/05\\\/natural-poland-icon.png\",\"width\":512,\"height\":512,\"caption\":\"Natural Poland\"},\"image\":{\"@id\":\"https:\\\/\\\/naturalpoland.com\\\/tr\\\/#\\\/schema\\\/logo\\\/image\\\/\"},\"sameAs\":[\"https:\\\/\\\/www.facebook.com\\\/naturalpoland.b2b\",\"https:\\\/\\\/pl.linkedin.com\\\/company\\\/natural-poland\",\"https:\\\/\\\/www.youtube.com\\\/channel\\\/UCgeGGkvOMahZo-xu_MSEWxg\"]}]}<\/script>\n<!-- \/ Yoast SEO plugin. -->","yoast_head_json":{"title":"Biberiye Ekstrakt\u0131 - Hurtowy Dystrybutor","description":"Ay\u00e7i\u00e7ek ya\u011f\u0131nda do\u011fal biberiye ya\u011f\u0131 ekstrakt\u0131. 0 do\u011fal, antioksidan kozmetik hammadde; kremler ve serumlar i\u00e7in.","robots":{"index":"index","follow":"follow","max-snippet":"max-snippet:-1","max-image-preview":"max-image-preview:large","max-video-preview":"max-video-preview:-1"},"canonical":"https:\/\/naturalpoland.com\/tr\/urunler\/bitkisel-ekstraktlar\/biberiye-ekstrakti\/","og_locale":"tr_TR","og_type":"article","og_title":"Biberiye Ekstrakt\u0131 - Hurtowy Dystrybutor","og_description":"Ay\u00e7i\u00e7ek ya\u011f\u0131nda do\u011fal biberiye ya\u011f\u0131 ekstrakt\u0131. 0 do\u011fal, antioksidan kozmetik hammadde; kremler ve serumlar i\u00e7in.","og_url":"https:\/\/naturalpoland.com\/tr\/urunler\/bitkisel-ekstraktlar\/biberiye-ekstrakti\/","og_site_name":"NATURAL POLAND - Hurtowy Dystrybutor Surowc\u00f3w","article_publisher":"https:\/\/www.facebook.com\/naturalpoland.b2b","article_modified_time":"2026-02-20T09:52:23+00:00","og_image":[{"width":1024,"height":1024,"url":"https:\/\/naturalpoland.com\/wp-content\/uploads\/ekstrakt-olejowy-z-rozmarynu.webp","type":"image\/webp"}],"schema":{"@context":"https:\/\/schema.org","@graph":[{"@type":"WebPage","@id":"https:\/\/naturalpoland.com\/tr\/urunler\/bitkisel-ekstraktlar\/biberiye-ekstrakti\/","url":"https:\/\/naturalpoland.com\/tr\/urunler\/bitkisel-ekstraktlar\/biberiye-ekstrakti\/","name":"Biberiye Ekstrakt\u0131 - Hurtowy Dystrybutor","isPartOf":{"@id":"https:\/\/naturalpoland.com\/tr\/#website"},"primaryImageOfPage":{"@id":"https:\/\/naturalpoland.com\/tr\/urunler\/bitkisel-ekstraktlar\/biberiye-ekstrakti\/#primaryimage"},"image":{"@id":"https:\/\/naturalpoland.com\/tr\/urunler\/bitkisel-ekstraktlar\/biberiye-ekstrakti\/#primaryimage"},"thumbnailUrl":"https:\/\/naturalpoland.com\/wp-content\/uploads\/ekstrakt-olejowy-z-rozmarynu.webp","datePublished":"2025-11-04T11:31:14+00:00","dateModified":"2026-02-20T09:52:23+00:00","description":"Ay\u00e7i\u00e7ek ya\u011f\u0131nda do\u011fal biberiye ya\u011f\u0131 ekstrakt\u0131. 0 do\u011fal, antioksidan kozmetik hammadde; kremler ve serumlar i\u00e7in.","breadcrumb":{"@id":"https:\/\/naturalpoland.com\/tr\/urunler\/bitkisel-ekstraktlar\/biberiye-ekstrakti\/#breadcrumb"},"inLanguage":"tr","potentialAction":[{"@type":"ReadAction","target":["https:\/\/naturalpoland.com\/tr\/urunler\/bitkisel-ekstraktlar\/biberiye-ekstrakti\/"]}]},{"@type":"ImageObject","inLanguage":"tr","@id":"https:\/\/naturalpoland.com\/tr\/urunler\/bitkisel-ekstraktlar\/biberiye-ekstrakti\/#primaryimage","url":"https:\/\/naturalpoland.com\/wp-content\/uploads\/ekstrakt-olejowy-z-rozmarynu.webp","contentUrl":"https:\/\/naturalpoland.com\/wp-content\/uploads\/ekstrakt-olejowy-z-rozmarynu.webp","width":1024,"height":1024,"caption":"Ay\u00e7i\u00e7ek ya\u011f\u0131nda biberiye ya\u011f\u0131 ekstrakt\u0131"},{"@type":"BreadcrumbList","@id":"https:\/\/naturalpoland.com\/tr\/urunler\/bitkisel-ekstraktlar\/biberiye-ekstrakti\/#breadcrumb","itemListElement":[{"@type":"ListItem","position":1,"name":"Ana Sayfa","item":"https:\/\/naturalpoland.com\/tr\/"},{"@type":"ListItem","position":2,"name":"\u00dcr\u00fcnler","item":"https:\/\/naturalpoland.com\/tr\/urunler\/"},{"@type":"ListItem","position":3,"name":"Biberiye Ekstrakt\u0131"}]},{"@type":"WebSite","@id":"https:\/\/naturalpoland.com\/tr\/#website","url":"https:\/\/naturalpoland.com\/tr\/","name":"NATURAL POLAND - Hurtowy Dystrybutor Surowc\u00f3w","description":"Surowce dla przemys\u0142u spo\u017cywczego, kosmetycznego i farmaceutycznego","publisher":{"@id":"https:\/\/naturalpoland.com\/tr\/#organization"},"potentialAction":[{"@type":"SearchAction","target":{"@type":"EntryPoint","urlTemplate":"https:\/\/naturalpoland.com\/tr\/?s={search_term_string}"},"query-input":{"@type":"PropertyValueSpecification","valueRequired":true,"valueName":"search_term_string"}}],"inLanguage":"tr"},{"@type":"Organization","@id":"https:\/\/naturalpoland.com\/tr\/#organization","name":"Natural Poland","url":"https:\/\/naturalpoland.com\/tr\/","logo":{"@type":"ImageObject","inLanguage":"tr","@id":"https:\/\/naturalpoland.com\/tr\/#\/schema\/logo\/image\/","url":"https:\/\/naturalpoland.com\/wp-content\/uploads\/2021\/05\/natural-poland-icon.png","contentUrl":"https:\/\/naturalpoland.com\/wp-content\/uploads\/2021\/05\/natural-poland-icon.png","width":512,"height":512,"caption":"Natural Poland"},"image":{"@id":"https:\/\/naturalpoland.com\/tr\/#\/schema\/logo\/image\/"},"sameAs":["https:\/\/www.facebook.com\/naturalpoland.b2b","https:\/\/pl.linkedin.com\/company\/natural-poland","https:\/\/www.youtube.com\/channel\/UCgeGGkvOMahZo-xu_MSEWxg"]}]}},"_links":{"self":[{"href":"https:\/\/naturalpoland.com\/tr\/wp-json\/wp\/v2\/product\/46078","targetHints":{"allow":["GET"]}}],"collection":[{"href":"https:\/\/naturalpoland.com\/tr\/wp-json\/wp\/v2\/product"}],"about":[{"href":"https:\/\/naturalpoland.com\/tr\/wp-json\/wp\/v2\/types\/product"}],"wp:featuredmedia":[{"embeddable":true,"href":"https:\/\/naturalpoland.com\/tr\/wp-json\/wp\/v2\/media\/46079"}],"wp:attachment":[{"href":"https:\/\/naturalpoland.com\/tr\/wp-json\/wp\/v2\/media?parent=46078"}],"wp:term":[{"taxonomy":"product_brand","embeddable":true,"href":"https:\/\/naturalpoland.com\/tr\/wp-json\/wp\/v2\/product_brand?post=46078"},{"taxonomy":"product_cat","embeddable":true,"href":"https:\/\/naturalpoland.com\/tr\/wp-json\/wp\/v2\/product_cat?post=46078"},{"taxonomy":"product_tag","embeddable":true,"href":"https:\/\/naturalpoland.com\/tr\/wp-json\/wp\/v2\/product_tag?post=46078"}],"curies":[{"name":"wp","href":"https:\/\/api.w.org\/{rel}","templated":true}]}}