{"id":46082,"date":"2025-12-16T13:28:39","date_gmt":"2025-12-16T12:28:39","guid":{"rendered":"https:\/\/naturalpoland.com\/produkty\/kategorilenmemis\/kekik-ozu\/"},"modified":"2026-02-20T10:52:45","modified_gmt":"2026-02-20T09:52:45","slug":"kekik-ozu","status":"publish","type":"product","link":"https:\/\/naturalpoland.com\/tr\/urunler\/bitkisel-ekstraktlar\/kekik-ozu\/","title":{"rendered":"Kekik \u00d6z\u00fc"},"content":{"rendered":"<h2>Kekik \u00f6z\u00fcn\u00fcn \u00f6zellikleri ve etkileri<\/h2>\n<p>Kekik \u00f6z\u00fc, <strong>antioksidan ve koruyucu<\/strong> etkisinden sorumlu olan <strong>polifenoller<\/strong>, <strong>flavonoidler<\/strong> ve <strong>fenolik bile\u015fikler<\/strong> i\u00e7eri\u011fi ile karakterize edilir. Bu bile\u015fikler serbest radikallerin n\u00f6tralizasyonunu destekler ve \u00e7evresel fakt\u00f6rlerin cilt \u00fczerindeki olumsuz etkisini azalt\u0131r. <\/p>\n<p>Kozmetik form\u00fclasyonlarda kekik \u00f6z\u00fc \u015fu \u00f6zellikleri g\u00f6sterir:<\/p>\n<ul>\n<li>temizleyici ve cildin dengesini destekleyici etki,<\/li>\n<li>\u00f6zellikle ya\u011fl\u0131 ve karma ciltler i\u00e7in \u00fcr\u00fcnlerde \u00f6nemli olan d\u00fczenleyici \u00f6zellikler,<\/li>\n<li>cildin ve sa\u00e7 derisinin do\u011fru mikro ortam\u0131n\u0131n korunmas\u0131nda destek,<\/li>\n<li>problemli cilt bak\u0131m\u0131na y\u00f6nelik kozmetiklerde destekleyici etki.<\/li>\n<\/ul>\n<p>Biyolojik aktiviteye sahip do\u011fal bitki bile\u015fiklerinin varl\u0131\u011f\u0131 sayesinde kekik \u00f6z\u00fc, form\u00fclasyonlar\u0131n stabilitesini ve i\u015flevselli\u011fini destekleyen \u00e7ok i\u015flevli bir bile\u015fen olarak da kullan\u0131lmaktad\u0131r.<\/p>\n<h2>Kekik \u00f6z\u00fcn\u00fcn kullan\u0131m\u0131<\/h2>\n<p>Kekik \u00f6z\u00fc, a\u015fa\u011f\u0131daki gibi \u00fcr\u00fcnlerde kozmetik hammadde olarak geni\u015f uygulama alan\u0131 bulmaktad\u0131r:<\/p>\n<ul>\n<li>y\u00fcz ve v\u00fccut bak\u0131m\u0131 i\u00e7in kremler ve em\u00fclsiyonlar,<\/li>\n<li>temizleyici etkili tonikler, hidrolatlar ve esanslar,<\/li>\n<li>problemli ciltler i\u00e7in serumlar ve konsantreler,<\/li>\n<li>sa\u00e7 derisi ve sa\u00e7 bak\u0131m \u00fcr\u00fcnleri (\u015fampuanlar, losyonlar, maskeler),<\/li>\n<li>olumsuz d\u0131\u015f etkenlere maruz kalan cilt bak\u0131m kozmetikleri.<\/li>\n<\/ul>\n<p>\u00d6z\u00fct\u00fcn sulu yap\u0131s\u0131 nedeniyle hammadde, su faz\u0131 bazl\u0131 form\u00fclasyonlarla iyi entegre olur ve do\u011fal ve minimalist bile\u015fime sahip \u00fcr\u00fcnlerde kullan\u0131labilir.<\/p>\n","protected":false},"excerpt":{"rendered":"<p><strong>Kekik \u00f6z\u00fc<\/strong>, hem fitoterapi hem de kozmetik end\u00fcstrisinde kullan\u0131lan en iyi bilinen aromatik bitki t\u00fcrlerinden biri olan keki\u011fin (<em>Origanum vulgare L.<\/em>) yaprak ve \u00e7i\u00e7eklerinden elde edilen do\u011fal bir bitkisel hammaddedir.<\/p>\n","protected":false},"featured_media":46083,"template":"","meta":[],"product_brand":[],"product_cat":[9531],"product_tag":[],"class_list":{"0":"post-46082","1":"product","2":"type-product","3":"status-publish","4":"has-post-thumbnail","6":"product_cat-bitkisel-ekstraktlar","7":"pa_czesc-rosliny-cicek","8":"pa_czesc-rosliny-yapraklar-2","10":"first","11":"instock","12":"shipping-taxable","13":"product-type-simple"},"yoast_head":"<!-- This site is optimized with the Yoast SEO plugin v27.3 - https:\/\/yoast.com\/product\/yoast-seo-wordpress\/ -->\n<title>Kekik \u00d6z\u00fc - Hurtowy Dystrybutor<\/title>\n<meta name=\"description\" content=\"Kekik \u00f6z\u00fc, kremler, tonikler ve problemli ciltler i\u00e7in \u00fcr\u00fcnlerde kullan\u0131lan antioksidan ve temizleyici etkili do\u011fal bir kozmetik hammaddedir.\" \/>\n<meta name=\"robots\" content=\"index, follow, max-snippet:-1, max-image-preview:large, max-video-preview:-1\" \/>\n<link rel=\"canonical\" href=\"https:\/\/naturalpoland.com\/tr\/urunler\/bitkisel-ekstraktlar\/kekik-ozu\/\" \/>\n<meta property=\"og:locale\" content=\"tr_TR\" \/>\n<meta property=\"og:type\" content=\"article\" \/>\n<meta property=\"og:title\" content=\"Kekik \u00d6z\u00fc - Hurtowy Dystrybutor\" \/>\n<meta property=\"og:description\" content=\"Kekik \u00f6z\u00fc, kremler, tonikler ve problemli ciltler i\u00e7in \u00fcr\u00fcnlerde kullan\u0131lan antioksidan ve temizleyici etkili do\u011fal bir kozmetik hammaddedir.\" \/>\n<meta property=\"og:url\" content=\"https:\/\/naturalpoland.com\/tr\/urunler\/bitkisel-ekstraktlar\/kekik-ozu\/\" \/>\n<meta property=\"og:site_name\" content=\"NATURAL POLAND - Hurtowy Dystrybutor Surowc\u00f3w\" \/>\n<meta property=\"article:publisher\" content=\"https:\/\/www.facebook.com\/naturalpoland.b2b\" \/>\n<meta property=\"article:modified_time\" content=\"2026-02-20T09:52:45+00:00\" \/>\n<meta property=\"og:image\" content=\"https:\/\/naturalpoland.com\/wp-content\/uploads\/ekstrakt-z-oregano.webp\" \/>\n\t<meta property=\"og:image:width\" content=\"1024\" \/>\n\t<meta property=\"og:image:height\" content=\"1024\" \/>\n\t<meta property=\"og:image:type\" content=\"image\/webp\" \/>\n<script type=\"application\/ld+json\" class=\"yoast-schema-graph\">{\"@context\":\"https:\\\/\\\/schema.org\",\"@graph\":[{\"@type\":\"WebPage\",\"@id\":\"https:\\\/\\\/naturalpoland.com\\\/tr\\\/urunler\\\/bitkisel-ekstraktlar\\\/kekik-ozu\\\/\",\"url\":\"https:\\\/\\\/naturalpoland.com\\\/tr\\\/urunler\\\/bitkisel-ekstraktlar\\\/kekik-ozu\\\/\",\"name\":\"Kekik \u00d6z\u00fc - Hurtowy Dystrybutor\",\"isPartOf\":{\"@id\":\"https:\\\/\\\/naturalpoland.com\\\/tr\\\/#website\"},\"primaryImageOfPage\":{\"@id\":\"https:\\\/\\\/naturalpoland.com\\\/tr\\\/urunler\\\/bitkisel-ekstraktlar\\\/kekik-ozu\\\/#primaryimage\"},\"image\":{\"@id\":\"https:\\\/\\\/naturalpoland.com\\\/tr\\\/urunler\\\/bitkisel-ekstraktlar\\\/kekik-ozu\\\/#primaryimage\"},\"thumbnailUrl\":\"https:\\\/\\\/naturalpoland.com\\\/wp-content\\\/uploads\\\/ekstrakt-z-oregano.webp\",\"datePublished\":\"2025-12-16T12:28:39+00:00\",\"dateModified\":\"2026-02-20T09:52:45+00:00\",\"description\":\"Kekik \u00f6z\u00fc, kremler, tonikler ve problemli ciltler i\u00e7in \u00fcr\u00fcnlerde kullan\u0131lan antioksidan ve temizleyici etkili do\u011fal bir kozmetik hammaddedir.\",\"breadcrumb\":{\"@id\":\"https:\\\/\\\/naturalpoland.com\\\/tr\\\/urunler\\\/bitkisel-ekstraktlar\\\/kekik-ozu\\\/#breadcrumb\"},\"inLanguage\":\"tr\",\"potentialAction\":[{\"@type\":\"ReadAction\",\"target\":[\"https:\\\/\\\/naturalpoland.com\\\/tr\\\/urunler\\\/bitkisel-ekstraktlar\\\/kekik-ozu\\\/\"]}]},{\"@type\":\"ImageObject\",\"inLanguage\":\"tr\",\"@id\":\"https:\\\/\\\/naturalpoland.com\\\/tr\\\/urunler\\\/bitkisel-ekstraktlar\\\/kekik-ozu\\\/#primaryimage\",\"url\":\"https:\\\/\\\/naturalpoland.com\\\/wp-content\\\/uploads\\\/ekstrakt-z-oregano.webp\",\"contentUrl\":\"https:\\\/\\\/naturalpoland.com\\\/wp-content\\\/uploads\\\/ekstrakt-z-oregano.webp\",\"width\":1024,\"height\":1024,\"caption\":\"kekik \u00f6z\u00fc\"},{\"@type\":\"BreadcrumbList\",\"@id\":\"https:\\\/\\\/naturalpoland.com\\\/tr\\\/urunler\\\/bitkisel-ekstraktlar\\\/kekik-ozu\\\/#breadcrumb\",\"itemListElement\":[{\"@type\":\"ListItem\",\"position\":1,\"name\":\"Ana Sayfa\",\"item\":\"https:\\\/\\\/naturalpoland.com\\\/tr\\\/\"},{\"@type\":\"ListItem\",\"position\":2,\"name\":\"\u00dcr\u00fcnler\",\"item\":\"https:\\\/\\\/naturalpoland.com\\\/tr\\\/urunler\\\/\"},{\"@type\":\"ListItem\",\"position\":3,\"name\":\"Kekik \u00d6z\u00fc\"}]},{\"@type\":\"WebSite\",\"@id\":\"https:\\\/\\\/naturalpoland.com\\\/tr\\\/#website\",\"url\":\"https:\\\/\\\/naturalpoland.com\\\/tr\\\/\",\"name\":\"NATURAL POLAND - Hurtowy Dystrybutor Surowc\u00f3w\",\"description\":\"Surowce dla przemys\u0142u spo\u017cywczego, kosmetycznego i farmaceutycznego\",\"publisher\":{\"@id\":\"https:\\\/\\\/naturalpoland.com\\\/tr\\\/#organization\"},\"potentialAction\":[{\"@type\":\"SearchAction\",\"target\":{\"@type\":\"EntryPoint\",\"urlTemplate\":\"https:\\\/\\\/naturalpoland.com\\\/tr\\\/?s={search_term_string}\"},\"query-input\":{\"@type\":\"PropertyValueSpecification\",\"valueRequired\":true,\"valueName\":\"search_term_string\"}}],\"inLanguage\":\"tr\"},{\"@type\":\"Organization\",\"@id\":\"https:\\\/\\\/naturalpoland.com\\\/tr\\\/#organization\",\"name\":\"Natural Poland\",\"url\":\"https:\\\/\\\/naturalpoland.com\\\/tr\\\/\",\"logo\":{\"@type\":\"ImageObject\",\"inLanguage\":\"tr\",\"@id\":\"https:\\\/\\\/naturalpoland.com\\\/tr\\\/#\\\/schema\\\/logo\\\/image\\\/\",\"url\":\"https:\\\/\\\/naturalpoland.com\\\/wp-content\\\/uploads\\\/2021\\\/05\\\/natural-poland-icon.png\",\"contentUrl\":\"https:\\\/\\\/naturalpoland.com\\\/wp-content\\\/uploads\\\/2021\\\/05\\\/natural-poland-icon.png\",\"width\":512,\"height\":512,\"caption\":\"Natural Poland\"},\"image\":{\"@id\":\"https:\\\/\\\/naturalpoland.com\\\/tr\\\/#\\\/schema\\\/logo\\\/image\\\/\"},\"sameAs\":[\"https:\\\/\\\/www.facebook.com\\\/naturalpoland.b2b\",\"https:\\\/\\\/pl.linkedin.com\\\/company\\\/natural-poland\",\"https:\\\/\\\/www.youtube.com\\\/channel\\\/UCgeGGkvOMahZo-xu_MSEWxg\"]}]}<\/script>\n<!-- \/ Yoast SEO plugin. -->","yoast_head_json":{"title":"Kekik \u00d6z\u00fc - Hurtowy Dystrybutor","description":"Kekik \u00f6z\u00fc, kremler, tonikler ve problemli ciltler i\u00e7in \u00fcr\u00fcnlerde kullan\u0131lan antioksidan ve temizleyici etkili do\u011fal bir kozmetik hammaddedir.","robots":{"index":"index","follow":"follow","max-snippet":"max-snippet:-1","max-image-preview":"max-image-preview:large","max-video-preview":"max-video-preview:-1"},"canonical":"https:\/\/naturalpoland.com\/tr\/urunler\/bitkisel-ekstraktlar\/kekik-ozu\/","og_locale":"tr_TR","og_type":"article","og_title":"Kekik \u00d6z\u00fc - Hurtowy Dystrybutor","og_description":"Kekik \u00f6z\u00fc, kremler, tonikler ve problemli ciltler i\u00e7in \u00fcr\u00fcnlerde kullan\u0131lan antioksidan ve temizleyici etkili do\u011fal bir kozmetik hammaddedir.","og_url":"https:\/\/naturalpoland.com\/tr\/urunler\/bitkisel-ekstraktlar\/kekik-ozu\/","og_site_name":"NATURAL POLAND - Hurtowy Dystrybutor Surowc\u00f3w","article_publisher":"https:\/\/www.facebook.com\/naturalpoland.b2b","article_modified_time":"2026-02-20T09:52:45+00:00","og_image":[{"width":1024,"height":1024,"url":"https:\/\/naturalpoland.com\/wp-content\/uploads\/ekstrakt-z-oregano.webp","type":"image\/webp"}],"schema":{"@context":"https:\/\/schema.org","@graph":[{"@type":"WebPage","@id":"https:\/\/naturalpoland.com\/tr\/urunler\/bitkisel-ekstraktlar\/kekik-ozu\/","url":"https:\/\/naturalpoland.com\/tr\/urunler\/bitkisel-ekstraktlar\/kekik-ozu\/","name":"Kekik \u00d6z\u00fc - Hurtowy Dystrybutor","isPartOf":{"@id":"https:\/\/naturalpoland.com\/tr\/#website"},"primaryImageOfPage":{"@id":"https:\/\/naturalpoland.com\/tr\/urunler\/bitkisel-ekstraktlar\/kekik-ozu\/#primaryimage"},"image":{"@id":"https:\/\/naturalpoland.com\/tr\/urunler\/bitkisel-ekstraktlar\/kekik-ozu\/#primaryimage"},"thumbnailUrl":"https:\/\/naturalpoland.com\/wp-content\/uploads\/ekstrakt-z-oregano.webp","datePublished":"2025-12-16T12:28:39+00:00","dateModified":"2026-02-20T09:52:45+00:00","description":"Kekik \u00f6z\u00fc, kremler, tonikler ve problemli ciltler i\u00e7in \u00fcr\u00fcnlerde kullan\u0131lan antioksidan ve temizleyici etkili do\u011fal bir kozmetik hammaddedir.","breadcrumb":{"@id":"https:\/\/naturalpoland.com\/tr\/urunler\/bitkisel-ekstraktlar\/kekik-ozu\/#breadcrumb"},"inLanguage":"tr","potentialAction":[{"@type":"ReadAction","target":["https:\/\/naturalpoland.com\/tr\/urunler\/bitkisel-ekstraktlar\/kekik-ozu\/"]}]},{"@type":"ImageObject","inLanguage":"tr","@id":"https:\/\/naturalpoland.com\/tr\/urunler\/bitkisel-ekstraktlar\/kekik-ozu\/#primaryimage","url":"https:\/\/naturalpoland.com\/wp-content\/uploads\/ekstrakt-z-oregano.webp","contentUrl":"https:\/\/naturalpoland.com\/wp-content\/uploads\/ekstrakt-z-oregano.webp","width":1024,"height":1024,"caption":"kekik \u00f6z\u00fc"},{"@type":"BreadcrumbList","@id":"https:\/\/naturalpoland.com\/tr\/urunler\/bitkisel-ekstraktlar\/kekik-ozu\/#breadcrumb","itemListElement":[{"@type":"ListItem","position":1,"name":"Ana Sayfa","item":"https:\/\/naturalpoland.com\/tr\/"},{"@type":"ListItem","position":2,"name":"\u00dcr\u00fcnler","item":"https:\/\/naturalpoland.com\/tr\/urunler\/"},{"@type":"ListItem","position":3,"name":"Kekik \u00d6z\u00fc"}]},{"@type":"WebSite","@id":"https:\/\/naturalpoland.com\/tr\/#website","url":"https:\/\/naturalpoland.com\/tr\/","name":"NATURAL POLAND - Hurtowy Dystrybutor Surowc\u00f3w","description":"Surowce dla przemys\u0142u spo\u017cywczego, kosmetycznego i farmaceutycznego","publisher":{"@id":"https:\/\/naturalpoland.com\/tr\/#organization"},"potentialAction":[{"@type":"SearchAction","target":{"@type":"EntryPoint","urlTemplate":"https:\/\/naturalpoland.com\/tr\/?s={search_term_string}"},"query-input":{"@type":"PropertyValueSpecification","valueRequired":true,"valueName":"search_term_string"}}],"inLanguage":"tr"},{"@type":"Organization","@id":"https:\/\/naturalpoland.com\/tr\/#organization","name":"Natural Poland","url":"https:\/\/naturalpoland.com\/tr\/","logo":{"@type":"ImageObject","inLanguage":"tr","@id":"https:\/\/naturalpoland.com\/tr\/#\/schema\/logo\/image\/","url":"https:\/\/naturalpoland.com\/wp-content\/uploads\/2021\/05\/natural-poland-icon.png","contentUrl":"https:\/\/naturalpoland.com\/wp-content\/uploads\/2021\/05\/natural-poland-icon.png","width":512,"height":512,"caption":"Natural Poland"},"image":{"@id":"https:\/\/naturalpoland.com\/tr\/#\/schema\/logo\/image\/"},"sameAs":["https:\/\/www.facebook.com\/naturalpoland.b2b","https:\/\/pl.linkedin.com\/company\/natural-poland","https:\/\/www.youtube.com\/channel\/UCgeGGkvOMahZo-xu_MSEWxg"]}]}},"_links":{"self":[{"href":"https:\/\/naturalpoland.com\/tr\/wp-json\/wp\/v2\/product\/46082","targetHints":{"allow":["GET"]}}],"collection":[{"href":"https:\/\/naturalpoland.com\/tr\/wp-json\/wp\/v2\/product"}],"about":[{"href":"https:\/\/naturalpoland.com\/tr\/wp-json\/wp\/v2\/types\/product"}],"wp:featuredmedia":[{"embeddable":true,"href":"https:\/\/naturalpoland.com\/tr\/wp-json\/wp\/v2\/media\/46083"}],"wp:attachment":[{"href":"https:\/\/naturalpoland.com\/tr\/wp-json\/wp\/v2\/media?parent=46082"}],"wp:term":[{"taxonomy":"product_brand","embeddable":true,"href":"https:\/\/naturalpoland.com\/tr\/wp-json\/wp\/v2\/product_brand?post=46082"},{"taxonomy":"product_cat","embeddable":true,"href":"https:\/\/naturalpoland.com\/tr\/wp-json\/wp\/v2\/product_cat?post=46082"},{"taxonomy":"product_tag","embeddable":true,"href":"https:\/\/naturalpoland.com\/tr\/wp-json\/wp\/v2\/product_tag?post=46082"}],"curies":[{"name":"wp","href":"https:\/\/api.w.org\/{rel}","templated":true}]}}