{"id":46084,"date":"2025-10-30T15:49:27","date_gmt":"2025-10-30T14:49:27","guid":{"rendered":"https:\/\/naturalpoland.com\/produkty\/kategorilenmemis\/ogutulmus-kabak-cekirdegi\/"},"modified":"2026-02-20T10:53:04","modified_gmt":"2026-02-20T09:53:04","slug":"ogutulmus-kabak-cekirdegi","status":"publish","type":"product","link":"https:\/\/naturalpoland.com\/tr\/urunler\/gida-hammaddeleri\/uretim-hammaddeleri\/ogutulmus-kabak-cekirdegi\/","title":{"rendered":"\u00d6\u011f\u00fct\u00fclm\u00fc\u015f Kabak \u00c7ekirde\u011fi"},"content":{"rendered":"<h2>\u00d6zellikler<\/h2>\n<p>Kabak \u00e7ekirde\u011fi tozu \u00f6nemli miktarda <strong>bitkisel protein<\/strong>, <strong>lif<\/strong> ve <strong>fitosterol<\/strong> gibi do\u011fal bile\u015fiklerin yan\u0131 s\u0131ra \u00e7inko, potasyum ve magnezyum gibi <strong>mineraller<\/strong> i\u00e7erir. S\u0131n\u0131rl\u0131 ya\u011f i\u00e7eri\u011fi daha d\u00fc\u015f\u00fck kalori de\u011feri sa\u011flar ve diyet form\u00fclasyonlar\u0131nda kullan\u0131m olanaklar\u0131n\u0131 art\u0131r\u0131r. \u00dcr\u00fcn\u00fcn nem i\u00e7eri\u011fi %12&#8217;yi ge\u00e7mez ve fiziksel ile mikrobiyolojik parametreleri g\u0131da hammaddeleri i\u00e7in ge\u00e7erli gereksinimleri kar\u015f\u0131lar. \u00dcr\u00fcn katk\u0131 maddesi, renklendirici veya koruyucu i\u00e7ermez.   <\/p>\n<h2>G\u0131dalarda Kullan\u0131m<\/h2>\n<p>\u00d6\u011f\u00fct\u00fclm\u00fc\u015f kabak \u00e7ekirde\u011fi, f\u0131r\u0131n \u00fcr\u00fcnleri kar\u0131\u015f\u0131mlar\u0131nda, m\u00fcslilerde, granolalarda, protein barlarda ve besin takviyelerinde besin de\u011ferini art\u0131ran bir bile\u015fen olarak kullan\u0131l\u0131r. Vegan \u00fcr\u00fcnlerde tah\u0131l unu ve hayvansal kaynakl\u0131 di\u011fer protein bile\u015fenlerinin yerine ge\u00e7ebilir. \u00d6zel ama\u00e7l\u0131 g\u0131dalarda, zay\u0131flama diyetlerinde ve idrar yollar\u0131n\u0131 destekleyen \u00fcr\u00fcnlerde de uygundur.  <\/p>\n<h2>Kozmetikteki uygulamalar\u0131<\/h2>\n<p>Do\u011fal kozmetikte \u00fcr\u00fcn, y\u00fcz ve v\u00fccut peelinglerinde yumu\u015fak bir a\u015f\u0131nd\u0131r\u0131c\u0131 bile\u015fen olarak kullan\u0131labilir. \u00d6\u011f\u00fct\u00fclm\u00fc\u015f \u00e7ekirde\u011fin yap\u0131s\u0131, cildi tahri\u015f etmeden \u00f6l\u00fc deri h\u00fccrelerinin nazik\u00e7e mekanik olarak uzakla\u015ft\u0131r\u0131lmas\u0131n\u0131 sa\u011flar. \u00d6zellikle normal, kuru ve hassas ciltler i\u00e7in \u00f6nerilir. Hem haz\u0131r peeling \u00fcr\u00fcnlerinde hem de DIY veya SPA tipi form\u00fclasyonlarda kullan\u0131labilir.   <\/p>\n<p>&nbsp;<\/p>\n","protected":false},"excerpt":{"rendered":"<p><strong>\u00d6\u011f\u00fct\u00fclm\u00fc\u015f kabak \u00e7ekirde\u011fi<\/strong>, Polonya&#8217;da yeti\u015ftirilen kabaktan (<em>Cucurbita pepo<\/em>) elde edilen, ince yap\u0131l\u0131 ve ye\u015fil renkli ya\u011f\u0131 al\u0131nm\u0131\u015f toz formunda i\u015flenmi\u015f bir hammaddedir. K\u0131smi ya\u011f alma i\u015fleminden sonra kurutulan ve \u00f6\u011f\u00fct\u00fclen tam de\u011ferli \u00e7ekirdeklerden elde edilir ve hammaddenin tipik kokusunu ve tad\u0131n\u0131 korur. <\/p>\n","protected":false},"featured_media":46085,"template":"","meta":{"_acf_changed":false},"product_brand":[],"product_cat":[9553,9572],"product_tag":[],"class_list":{"0":"post-46084","1":"product","2":"type-product","3":"status-publish","4":"has-post-thumbnail","6":"product_cat-peeling-urunleri","7":"product_cat-uretim-hammaddeleri","9":"first","10":"instock","11":"shipping-taxable","12":"product-type-simple"},"acf":[],"yoast_head":"<!-- This site is optimized with the Yoast SEO plugin v27.4 - https:\/\/yoast.com\/product\/yoast-seo-wordpress\/ -->\n<title>\u00d6\u011f\u00fct\u00fclm\u00fc\u015f Kabak \u00c7ekirde\u011fi - Hurtowy Dystrybutor<\/title>\n<meta name=\"description\" content=\"\u00d6\u011f\u00fct\u00fclm\u00fc\u015f Kabak \u00c7ekirde\u011fi \u2013 ya\u011f\u0131 al\u0131nm\u0131\u015f kabak \u00e7ekirdeklerinden elde edilen ye\u015fil toz. Y\u00fcksek protein ve lif i\u00e7eri\u011fi.\" \/>\n<meta name=\"robots\" content=\"index, follow, max-snippet:-1, max-image-preview:large, max-video-preview:-1\" \/>\n<link rel=\"canonical\" href=\"https:\/\/naturalpoland.com\/tr\/urunler\/gida-hammaddeleri\/uretim-hammaddeleri\/ogutulmus-kabak-cekirdegi\/\" \/>\n<meta property=\"og:locale\" content=\"tr_TR\" \/>\n<meta property=\"og:type\" content=\"article\" \/>\n<meta property=\"og:title\" content=\"\u00d6\u011f\u00fct\u00fclm\u00fc\u015f Kabak \u00c7ekirde\u011fi - Hurtowy Dystrybutor\" \/>\n<meta property=\"og:description\" content=\"\u00d6\u011f\u00fct\u00fclm\u00fc\u015f Kabak \u00c7ekirde\u011fi \u2013 ya\u011f\u0131 al\u0131nm\u0131\u015f kabak \u00e7ekirdeklerinden elde edilen ye\u015fil toz. Y\u00fcksek protein ve lif i\u00e7eri\u011fi.\" \/>\n<meta property=\"og:url\" content=\"https:\/\/naturalpoland.com\/tr\/urunler\/gida-hammaddeleri\/uretim-hammaddeleri\/ogutulmus-kabak-cekirdegi\/\" \/>\n<meta property=\"og:site_name\" content=\"NATURAL POLAND - Hurtowy Dystrybutor Surowc\u00f3w\" \/>\n<meta property=\"article:publisher\" content=\"https:\/\/www.facebook.com\/naturalpoland.b2b\" \/>\n<meta property=\"article:modified_time\" content=\"2026-02-20T09:53:04+00:00\" \/>\n<meta property=\"og:image\" content=\"https:\/\/naturalpoland.com\/wp-content\/uploads\/mielona-pestka-dyni.webp\" \/>\n\t<meta property=\"og:image:width\" content=\"1024\" \/>\n\t<meta property=\"og:image:height\" content=\"1024\" \/>\n\t<meta property=\"og:image:type\" content=\"image\/webp\" \/>\n<script type=\"application\/ld+json\" class=\"yoast-schema-graph\">{\"@context\":\"https:\\\/\\\/schema.org\",\"@graph\":[{\"@type\":\"WebPage\",\"@id\":\"https:\\\/\\\/naturalpoland.com\\\/tr\\\/urunler\\\/gida-hammaddeleri\\\/uretim-hammaddeleri\\\/ogutulmus-kabak-cekirdegi\\\/\",\"url\":\"https:\\\/\\\/naturalpoland.com\\\/tr\\\/urunler\\\/gida-hammaddeleri\\\/uretim-hammaddeleri\\\/ogutulmus-kabak-cekirdegi\\\/\",\"name\":\"\u00d6\u011f\u00fct\u00fclm\u00fc\u015f Kabak \u00c7ekirde\u011fi - Hurtowy Dystrybutor\",\"isPartOf\":{\"@id\":\"https:\\\/\\\/naturalpoland.com\\\/tr\\\/#website\"},\"primaryImageOfPage\":{\"@id\":\"https:\\\/\\\/naturalpoland.com\\\/tr\\\/urunler\\\/gida-hammaddeleri\\\/uretim-hammaddeleri\\\/ogutulmus-kabak-cekirdegi\\\/#primaryimage\"},\"image\":{\"@id\":\"https:\\\/\\\/naturalpoland.com\\\/tr\\\/urunler\\\/gida-hammaddeleri\\\/uretim-hammaddeleri\\\/ogutulmus-kabak-cekirdegi\\\/#primaryimage\"},\"thumbnailUrl\":\"https:\\\/\\\/naturalpoland.com\\\/wp-content\\\/uploads\\\/mielona-pestka-dyni.webp\",\"datePublished\":\"2025-10-30T14:49:27+00:00\",\"dateModified\":\"2026-02-20T09:53:04+00:00\",\"description\":\"\u00d6\u011f\u00fct\u00fclm\u00fc\u015f Kabak \u00c7ekirde\u011fi \u2013 ya\u011f\u0131 al\u0131nm\u0131\u015f kabak \u00e7ekirdeklerinden elde edilen ye\u015fil toz. Y\u00fcksek protein ve lif i\u00e7eri\u011fi.\",\"breadcrumb\":{\"@id\":\"https:\\\/\\\/naturalpoland.com\\\/tr\\\/urunler\\\/gida-hammaddeleri\\\/uretim-hammaddeleri\\\/ogutulmus-kabak-cekirdegi\\\/#breadcrumb\"},\"inLanguage\":\"tr\",\"potentialAction\":[{\"@type\":\"ReadAction\",\"target\":[\"https:\\\/\\\/naturalpoland.com\\\/tr\\\/urunler\\\/gida-hammaddeleri\\\/uretim-hammaddeleri\\\/ogutulmus-kabak-cekirdegi\\\/\"]}]},{\"@type\":\"ImageObject\",\"inLanguage\":\"tr\",\"@id\":\"https:\\\/\\\/naturalpoland.com\\\/tr\\\/urunler\\\/gida-hammaddeleri\\\/uretim-hammaddeleri\\\/ogutulmus-kabak-cekirdegi\\\/#primaryimage\",\"url\":\"https:\\\/\\\/naturalpoland.com\\\/wp-content\\\/uploads\\\/mielona-pestka-dyni.webp\",\"contentUrl\":\"https:\\\/\\\/naturalpoland.com\\\/wp-content\\\/uploads\\\/mielona-pestka-dyni.webp\",\"width\":1024,\"height\":1024,\"caption\":\"\u00f6\u011f\u00fct\u00fclm\u00fc\u015f kabak \u00e7ekirde\u011fi\"},{\"@type\":\"BreadcrumbList\",\"@id\":\"https:\\\/\\\/naturalpoland.com\\\/tr\\\/urunler\\\/gida-hammaddeleri\\\/uretim-hammaddeleri\\\/ogutulmus-kabak-cekirdegi\\\/#breadcrumb\",\"itemListElement\":[{\"@type\":\"ListItem\",\"position\":1,\"name\":\"Ana Sayfa\",\"item\":\"https:\\\/\\\/naturalpoland.com\\\/tr\\\/\"},{\"@type\":\"ListItem\",\"position\":2,\"name\":\"\u00dcr\u00fcnler\",\"item\":\"https:\\\/\\\/naturalpoland.com\\\/tr\\\/urunler\\\/\"},{\"@type\":\"ListItem\",\"position\":3,\"name\":\"\u00d6\u011f\u00fct\u00fclm\u00fc\u015f Kabak \u00c7ekirde\u011fi\"}]},{\"@type\":\"WebSite\",\"@id\":\"https:\\\/\\\/naturalpoland.com\\\/tr\\\/#website\",\"url\":\"https:\\\/\\\/naturalpoland.com\\\/tr\\\/\",\"name\":\"NATURAL POLAND - Hurtowy Dystrybutor Surowc\u00f3w\",\"description\":\"Surowce dla przemys\u0142u spo\u017cywczego, kosmetycznego i farmaceutycznego\",\"publisher\":{\"@id\":\"https:\\\/\\\/naturalpoland.com\\\/tr\\\/#organization\"},\"potentialAction\":[{\"@type\":\"SearchAction\",\"target\":{\"@type\":\"EntryPoint\",\"urlTemplate\":\"https:\\\/\\\/naturalpoland.com\\\/tr\\\/?s={search_term_string}\"},\"query-input\":{\"@type\":\"PropertyValueSpecification\",\"valueRequired\":true,\"valueName\":\"search_term_string\"}}],\"inLanguage\":\"tr\"},{\"@type\":\"Organization\",\"@id\":\"https:\\\/\\\/naturalpoland.com\\\/tr\\\/#organization\",\"name\":\"Natural Poland\",\"url\":\"https:\\\/\\\/naturalpoland.com\\\/tr\\\/\",\"logo\":{\"@type\":\"ImageObject\",\"inLanguage\":\"tr\",\"@id\":\"https:\\\/\\\/naturalpoland.com\\\/tr\\\/#\\\/schema\\\/logo\\\/image\\\/\",\"url\":\"https:\\\/\\\/naturalpoland.com\\\/wp-content\\\/uploads\\\/2021\\\/05\\\/natural-poland-icon.png\",\"contentUrl\":\"https:\\\/\\\/naturalpoland.com\\\/wp-content\\\/uploads\\\/2021\\\/05\\\/natural-poland-icon.png\",\"width\":512,\"height\":512,\"caption\":\"Natural Poland\"},\"image\":{\"@id\":\"https:\\\/\\\/naturalpoland.com\\\/tr\\\/#\\\/schema\\\/logo\\\/image\\\/\"},\"sameAs\":[\"https:\\\/\\\/www.facebook.com\\\/naturalpoland.b2b\",\"https:\\\/\\\/pl.linkedin.com\\\/company\\\/natural-poland\",\"https:\\\/\\\/www.youtube.com\\\/channel\\\/UCgeGGkvOMahZo-xu_MSEWxg\"]}]}<\/script>\n<!-- \/ Yoast SEO plugin. -->","yoast_head_json":{"title":"\u00d6\u011f\u00fct\u00fclm\u00fc\u015f Kabak \u00c7ekirde\u011fi - Hurtowy Dystrybutor","description":"\u00d6\u011f\u00fct\u00fclm\u00fc\u015f Kabak \u00c7ekirde\u011fi \u2013 ya\u011f\u0131 al\u0131nm\u0131\u015f kabak \u00e7ekirdeklerinden elde edilen ye\u015fil toz. Y\u00fcksek protein ve lif i\u00e7eri\u011fi.","robots":{"index":"index","follow":"follow","max-snippet":"max-snippet:-1","max-image-preview":"max-image-preview:large","max-video-preview":"max-video-preview:-1"},"canonical":"https:\/\/naturalpoland.com\/tr\/urunler\/gida-hammaddeleri\/uretim-hammaddeleri\/ogutulmus-kabak-cekirdegi\/","og_locale":"tr_TR","og_type":"article","og_title":"\u00d6\u011f\u00fct\u00fclm\u00fc\u015f Kabak \u00c7ekirde\u011fi - Hurtowy Dystrybutor","og_description":"\u00d6\u011f\u00fct\u00fclm\u00fc\u015f Kabak \u00c7ekirde\u011fi \u2013 ya\u011f\u0131 al\u0131nm\u0131\u015f kabak \u00e7ekirdeklerinden elde edilen ye\u015fil toz. Y\u00fcksek protein ve lif i\u00e7eri\u011fi.","og_url":"https:\/\/naturalpoland.com\/tr\/urunler\/gida-hammaddeleri\/uretim-hammaddeleri\/ogutulmus-kabak-cekirdegi\/","og_site_name":"NATURAL POLAND - Hurtowy Dystrybutor Surowc\u00f3w","article_publisher":"https:\/\/www.facebook.com\/naturalpoland.b2b","article_modified_time":"2026-02-20T09:53:04+00:00","og_image":[{"width":1024,"height":1024,"url":"https:\/\/naturalpoland.com\/wp-content\/uploads\/mielona-pestka-dyni.webp","type":"image\/webp"}],"schema":{"@context":"https:\/\/schema.org","@graph":[{"@type":"WebPage","@id":"https:\/\/naturalpoland.com\/tr\/urunler\/gida-hammaddeleri\/uretim-hammaddeleri\/ogutulmus-kabak-cekirdegi\/","url":"https:\/\/naturalpoland.com\/tr\/urunler\/gida-hammaddeleri\/uretim-hammaddeleri\/ogutulmus-kabak-cekirdegi\/","name":"\u00d6\u011f\u00fct\u00fclm\u00fc\u015f Kabak \u00c7ekirde\u011fi - Hurtowy Dystrybutor","isPartOf":{"@id":"https:\/\/naturalpoland.com\/tr\/#website"},"primaryImageOfPage":{"@id":"https:\/\/naturalpoland.com\/tr\/urunler\/gida-hammaddeleri\/uretim-hammaddeleri\/ogutulmus-kabak-cekirdegi\/#primaryimage"},"image":{"@id":"https:\/\/naturalpoland.com\/tr\/urunler\/gida-hammaddeleri\/uretim-hammaddeleri\/ogutulmus-kabak-cekirdegi\/#primaryimage"},"thumbnailUrl":"https:\/\/naturalpoland.com\/wp-content\/uploads\/mielona-pestka-dyni.webp","datePublished":"2025-10-30T14:49:27+00:00","dateModified":"2026-02-20T09:53:04+00:00","description":"\u00d6\u011f\u00fct\u00fclm\u00fc\u015f Kabak \u00c7ekirde\u011fi \u2013 ya\u011f\u0131 al\u0131nm\u0131\u015f kabak \u00e7ekirdeklerinden elde edilen ye\u015fil toz. Y\u00fcksek protein ve lif i\u00e7eri\u011fi.","breadcrumb":{"@id":"https:\/\/naturalpoland.com\/tr\/urunler\/gida-hammaddeleri\/uretim-hammaddeleri\/ogutulmus-kabak-cekirdegi\/#breadcrumb"},"inLanguage":"tr","potentialAction":[{"@type":"ReadAction","target":["https:\/\/naturalpoland.com\/tr\/urunler\/gida-hammaddeleri\/uretim-hammaddeleri\/ogutulmus-kabak-cekirdegi\/"]}]},{"@type":"ImageObject","inLanguage":"tr","@id":"https:\/\/naturalpoland.com\/tr\/urunler\/gida-hammaddeleri\/uretim-hammaddeleri\/ogutulmus-kabak-cekirdegi\/#primaryimage","url":"https:\/\/naturalpoland.com\/wp-content\/uploads\/mielona-pestka-dyni.webp","contentUrl":"https:\/\/naturalpoland.com\/wp-content\/uploads\/mielona-pestka-dyni.webp","width":1024,"height":1024,"caption":"\u00f6\u011f\u00fct\u00fclm\u00fc\u015f kabak \u00e7ekirde\u011fi"},{"@type":"BreadcrumbList","@id":"https:\/\/naturalpoland.com\/tr\/urunler\/gida-hammaddeleri\/uretim-hammaddeleri\/ogutulmus-kabak-cekirdegi\/#breadcrumb","itemListElement":[{"@type":"ListItem","position":1,"name":"Ana Sayfa","item":"https:\/\/naturalpoland.com\/tr\/"},{"@type":"ListItem","position":2,"name":"\u00dcr\u00fcnler","item":"https:\/\/naturalpoland.com\/tr\/urunler\/"},{"@type":"ListItem","position":3,"name":"\u00d6\u011f\u00fct\u00fclm\u00fc\u015f Kabak \u00c7ekirde\u011fi"}]},{"@type":"WebSite","@id":"https:\/\/naturalpoland.com\/tr\/#website","url":"https:\/\/naturalpoland.com\/tr\/","name":"NATURAL POLAND - Hurtowy Dystrybutor Surowc\u00f3w","description":"Surowce dla przemys\u0142u spo\u017cywczego, kosmetycznego i farmaceutycznego","publisher":{"@id":"https:\/\/naturalpoland.com\/tr\/#organization"},"potentialAction":[{"@type":"SearchAction","target":{"@type":"EntryPoint","urlTemplate":"https:\/\/naturalpoland.com\/tr\/?s={search_term_string}"},"query-input":{"@type":"PropertyValueSpecification","valueRequired":true,"valueName":"search_term_string"}}],"inLanguage":"tr"},{"@type":"Organization","@id":"https:\/\/naturalpoland.com\/tr\/#organization","name":"Natural Poland","url":"https:\/\/naturalpoland.com\/tr\/","logo":{"@type":"ImageObject","inLanguage":"tr","@id":"https:\/\/naturalpoland.com\/tr\/#\/schema\/logo\/image\/","url":"https:\/\/naturalpoland.com\/wp-content\/uploads\/2021\/05\/natural-poland-icon.png","contentUrl":"https:\/\/naturalpoland.com\/wp-content\/uploads\/2021\/05\/natural-poland-icon.png","width":512,"height":512,"caption":"Natural Poland"},"image":{"@id":"https:\/\/naturalpoland.com\/tr\/#\/schema\/logo\/image\/"},"sameAs":["https:\/\/www.facebook.com\/naturalpoland.b2b","https:\/\/pl.linkedin.com\/company\/natural-poland","https:\/\/www.youtube.com\/channel\/UCgeGGkvOMahZo-xu_MSEWxg"]}]}},"_links":{"self":[{"href":"https:\/\/naturalpoland.com\/tr\/wp-json\/wp\/v2\/product\/46084","targetHints":{"allow":["GET"]}}],"collection":[{"href":"https:\/\/naturalpoland.com\/tr\/wp-json\/wp\/v2\/product"}],"about":[{"href":"https:\/\/naturalpoland.com\/tr\/wp-json\/wp\/v2\/types\/product"}],"wp:featuredmedia":[{"embeddable":true,"href":"https:\/\/naturalpoland.com\/tr\/wp-json\/wp\/v2\/media\/46085"}],"wp:attachment":[{"href":"https:\/\/naturalpoland.com\/tr\/wp-json\/wp\/v2\/media?parent=46084"}],"wp:term":[{"taxonomy":"product_brand","embeddable":true,"href":"https:\/\/naturalpoland.com\/tr\/wp-json\/wp\/v2\/product_brand?post=46084"},{"taxonomy":"product_cat","embeddable":true,"href":"https:\/\/naturalpoland.com\/tr\/wp-json\/wp\/v2\/product_cat?post=46084"},{"taxonomy":"product_tag","embeddable":true,"href":"https:\/\/naturalpoland.com\/tr\/wp-json\/wp\/v2\/product_tag?post=46084"}],"curies":[{"name":"wp","href":"https:\/\/api.w.org\/{rel}","templated":true}]}}