{"id":46086,"date":"2025-09-04T11:58:05","date_gmt":"2025-09-04T09:58:05","guid":{"rendered":"https:\/\/naturalpoland.com\/produkty\/kategorilenmemis\/zencefil-aromasi\/"},"modified":"2026-02-20T10:56:15","modified_gmt":"2026-02-20T09:56:15","slug":"zencefil-aromasi","status":"publish","type":"product","link":"https:\/\/naturalpoland.com\/tr\/urunler\/gida-hammaddeleri\/aromalar\/baharatli-aromalar\/zencefil-aromasi\/","title":{"rendered":"Zencefil Aromas\u0131"},"content":{"rendered":"<p><strong>Do\u011fal S\u0131v\u0131 Versiyon (FTNF)<\/strong>, taze soyulmu\u015f zencefilin tad\u0131n\u0131 ve kokusunu sadakatle yans\u0131t\u0131r. Y\u00fcksek s\u0131cakl\u0131klara dayan\u0131kl\u0131 olmas\u0131 sayesinde f\u0131r\u0131nlama, pi\u015firme veya past\u00f6rizasyon gibi \u0131s\u0131l i\u015flem s\u00fcre\u00e7lerinde g\u00fcvenle kullan\u0131labilir. \u015euruplar, bitki \u00e7aylar\u0131, soslar ve \u015fekerleme \u00fcr\u00fcnleri i\u00e7in idealdir.  <\/p>\n<p><strong>Do\u011fal Toz Zencefil Aromas\u0131 (FTNF)<\/strong>, taze rendelenmi\u015f zencefil k\u00f6k\u00fcn\u00fcn saf, yo\u011fun karakterini sunar. Toz formu, kuru kar\u0131\u015f\u0131mlarda, haz\u0131r \u00fcr\u00fcnlerde ve toz veya kaps\u00fcl formundaki takviyelerde kullan\u0131m\u0131n\u0131 kolayla\u015ft\u0131r\u0131r. <\/p>\n<p>Daha karma\u015f\u0131k bir lezzet profili arayanlar i\u00e7in, sulu portakal\u0131n tatl\u0131l\u0131\u011f\u0131 ile taze zencefilin \u0131s\u0131t\u0131c\u0131 notalar\u0131n\u0131 i\u015ftah a\u00e7\u0131c\u0131 bir \u015fekilde birle\u015ftiren <strong>portakal-zencefil tozu varyant\u0131<\/strong> mevcuttur. Fonksiyonel i\u00e7ecekler, aromal\u0131 \u00e7aylar, \u015fekerleme \u00fcr\u00fcnleri ve sa\u011fl\u0131kl\u0131 ya\u015fam \u00fcr\u00fcnleri i\u00e7in idealdir. <\/p>\n","protected":false},"excerpt":{"rendered":"<p><strong>Zencefil aromas\u0131<\/strong>; g\u0131da, i\u00e7ecek ve diyet takviyeleri \u00fcretimi i\u00e7in tasarlanm\u0131\u015ft\u0131r. Taze zencefil k\u00f6k\u00fcnden ilham alan yo\u011fun, \u0131s\u0131t\u0131c\u0131 bir lezzet profiline sahiptir. Belirgin, do\u011fal karakteriyle \u00f6ne \u00e7\u0131kar ve \u00e7e\u015fitli varyantlarda mevcuttur.  <\/p>\n","protected":false},"featured_media":46087,"template":"","meta":{"_acf_changed":false},"product_brand":[],"product_cat":[9562],"product_tag":[],"class_list":{"0":"post-46086","1":"product","2":"type-product","3":"status-publish","4":"has-post-thumbnail","6":"product_cat-baharatli-aromalar","8":"first","9":"instock","10":"shipping-taxable","11":"product-type-simple"},"acf":[],"yoast_head":"<!-- This site is optimized with the Yoast SEO plugin v27.4 - https:\/\/yoast.com\/product\/yoast-seo-wordpress\/ -->\n<title>Zencefil Aromas\u0131 - Hurtowy Dystrybutor<\/title>\n<meta name=\"description\" content=\"Zencefil aromas\u0131, taze zencefil k\u00f6k\u00fcnden ilham alan yo\u011fun ve \u0131s\u0131t\u0131c\u0131 bir lezzet profili arayanlar i\u00e7in m\u00fckemmel bir tercihtir.\" \/>\n<meta name=\"robots\" content=\"index, follow, max-snippet:-1, max-image-preview:large, max-video-preview:-1\" \/>\n<link rel=\"canonical\" href=\"https:\/\/naturalpoland.com\/tr\/urunler\/gida-hammaddeleri\/aromalar\/baharatli-aromalar\/zencefil-aromasi\/\" \/>\n<meta property=\"og:locale\" content=\"tr_TR\" \/>\n<meta property=\"og:type\" content=\"article\" \/>\n<meta property=\"og:title\" content=\"Zencefil Aromas\u0131 - Hurtowy Dystrybutor\" \/>\n<meta property=\"og:description\" content=\"Zencefil aromas\u0131, taze zencefil k\u00f6k\u00fcnden ilham alan yo\u011fun ve \u0131s\u0131t\u0131c\u0131 bir lezzet profili arayanlar i\u00e7in m\u00fckemmel bir tercihtir.\" \/>\n<meta property=\"og:url\" content=\"https:\/\/naturalpoland.com\/tr\/urunler\/gida-hammaddeleri\/aromalar\/baharatli-aromalar\/zencefil-aromasi\/\" \/>\n<meta property=\"og:site_name\" content=\"NATURAL POLAND - Hurtowy Dystrybutor Surowc\u00f3w\" \/>\n<meta property=\"article:publisher\" content=\"https:\/\/www.facebook.com\/naturalpoland.b2b\" \/>\n<meta property=\"article:modified_time\" content=\"2026-02-20T09:56:15+00:00\" \/>\n<meta property=\"og:image\" content=\"https:\/\/naturalpoland.com\/wp-content\/uploads\/aromat-imbirowy.webp\" \/>\n\t<meta property=\"og:image:width\" content=\"1024\" \/>\n\t<meta property=\"og:image:height\" content=\"1024\" \/>\n\t<meta property=\"og:image:type\" content=\"image\/webp\" \/>\n<script type=\"application\/ld+json\" class=\"yoast-schema-graph\">{\"@context\":\"https:\\\/\\\/schema.org\",\"@graph\":[{\"@type\":\"WebPage\",\"@id\":\"https:\\\/\\\/naturalpoland.com\\\/tr\\\/urunler\\\/gida-hammaddeleri\\\/aromalar\\\/baharatli-aromalar\\\/zencefil-aromasi\\\/\",\"url\":\"https:\\\/\\\/naturalpoland.com\\\/tr\\\/urunler\\\/gida-hammaddeleri\\\/aromalar\\\/baharatli-aromalar\\\/zencefil-aromasi\\\/\",\"name\":\"Zencefil Aromas\u0131 - Hurtowy Dystrybutor\",\"isPartOf\":{\"@id\":\"https:\\\/\\\/naturalpoland.com\\\/tr\\\/#website\"},\"primaryImageOfPage\":{\"@id\":\"https:\\\/\\\/naturalpoland.com\\\/tr\\\/urunler\\\/gida-hammaddeleri\\\/aromalar\\\/baharatli-aromalar\\\/zencefil-aromasi\\\/#primaryimage\"},\"image\":{\"@id\":\"https:\\\/\\\/naturalpoland.com\\\/tr\\\/urunler\\\/gida-hammaddeleri\\\/aromalar\\\/baharatli-aromalar\\\/zencefil-aromasi\\\/#primaryimage\"},\"thumbnailUrl\":\"https:\\\/\\\/naturalpoland.com\\\/wp-content\\\/uploads\\\/aromat-imbirowy.webp\",\"datePublished\":\"2025-09-04T09:58:05+00:00\",\"dateModified\":\"2026-02-20T09:56:15+00:00\",\"description\":\"Zencefil aromas\u0131, taze zencefil k\u00f6k\u00fcnden ilham alan yo\u011fun ve \u0131s\u0131t\u0131c\u0131 bir lezzet profili arayanlar i\u00e7in m\u00fckemmel bir tercihtir.\",\"breadcrumb\":{\"@id\":\"https:\\\/\\\/naturalpoland.com\\\/tr\\\/urunler\\\/gida-hammaddeleri\\\/aromalar\\\/baharatli-aromalar\\\/zencefil-aromasi\\\/#breadcrumb\"},\"inLanguage\":\"tr\",\"potentialAction\":[{\"@type\":\"ReadAction\",\"target\":[\"https:\\\/\\\/naturalpoland.com\\\/tr\\\/urunler\\\/gida-hammaddeleri\\\/aromalar\\\/baharatli-aromalar\\\/zencefil-aromasi\\\/\"]}]},{\"@type\":\"ImageObject\",\"inLanguage\":\"tr\",\"@id\":\"https:\\\/\\\/naturalpoland.com\\\/tr\\\/urunler\\\/gida-hammaddeleri\\\/aromalar\\\/baharatli-aromalar\\\/zencefil-aromasi\\\/#primaryimage\",\"url\":\"https:\\\/\\\/naturalpoland.com\\\/wp-content\\\/uploads\\\/aromat-imbirowy.webp\",\"contentUrl\":\"https:\\\/\\\/naturalpoland.com\\\/wp-content\\\/uploads\\\/aromat-imbirowy.webp\",\"width\":1024,\"height\":1024,\"caption\":\"zencefil aromas\u0131\"},{\"@type\":\"BreadcrumbList\",\"@id\":\"https:\\\/\\\/naturalpoland.com\\\/tr\\\/urunler\\\/gida-hammaddeleri\\\/aromalar\\\/baharatli-aromalar\\\/zencefil-aromasi\\\/#breadcrumb\",\"itemListElement\":[{\"@type\":\"ListItem\",\"position\":1,\"name\":\"Ana Sayfa\",\"item\":\"https:\\\/\\\/naturalpoland.com\\\/tr\\\/\"},{\"@type\":\"ListItem\",\"position\":2,\"name\":\"\u00dcr\u00fcnler\",\"item\":\"https:\\\/\\\/naturalpoland.com\\\/tr\\\/urunler\\\/\"},{\"@type\":\"ListItem\",\"position\":3,\"name\":\"Zencefil Aromas\u0131\"}]},{\"@type\":\"WebSite\",\"@id\":\"https:\\\/\\\/naturalpoland.com\\\/tr\\\/#website\",\"url\":\"https:\\\/\\\/naturalpoland.com\\\/tr\\\/\",\"name\":\"NATURAL POLAND - Hurtowy Dystrybutor Surowc\u00f3w\",\"description\":\"Surowce dla przemys\u0142u spo\u017cywczego, kosmetycznego i farmaceutycznego\",\"publisher\":{\"@id\":\"https:\\\/\\\/naturalpoland.com\\\/tr\\\/#organization\"},\"potentialAction\":[{\"@type\":\"SearchAction\",\"target\":{\"@type\":\"EntryPoint\",\"urlTemplate\":\"https:\\\/\\\/naturalpoland.com\\\/tr\\\/?s={search_term_string}\"},\"query-input\":{\"@type\":\"PropertyValueSpecification\",\"valueRequired\":true,\"valueName\":\"search_term_string\"}}],\"inLanguage\":\"tr\"},{\"@type\":\"Organization\",\"@id\":\"https:\\\/\\\/naturalpoland.com\\\/tr\\\/#organization\",\"name\":\"Natural Poland\",\"url\":\"https:\\\/\\\/naturalpoland.com\\\/tr\\\/\",\"logo\":{\"@type\":\"ImageObject\",\"inLanguage\":\"tr\",\"@id\":\"https:\\\/\\\/naturalpoland.com\\\/tr\\\/#\\\/schema\\\/logo\\\/image\\\/\",\"url\":\"https:\\\/\\\/naturalpoland.com\\\/wp-content\\\/uploads\\\/2021\\\/05\\\/natural-poland-icon.png\",\"contentUrl\":\"https:\\\/\\\/naturalpoland.com\\\/wp-content\\\/uploads\\\/2021\\\/05\\\/natural-poland-icon.png\",\"width\":512,\"height\":512,\"caption\":\"Natural Poland\"},\"image\":{\"@id\":\"https:\\\/\\\/naturalpoland.com\\\/tr\\\/#\\\/schema\\\/logo\\\/image\\\/\"},\"sameAs\":[\"https:\\\/\\\/www.facebook.com\\\/naturalpoland.b2b\",\"https:\\\/\\\/pl.linkedin.com\\\/company\\\/natural-poland\",\"https:\\\/\\\/www.youtube.com\\\/channel\\\/UCgeGGkvOMahZo-xu_MSEWxg\"]}]}<\/script>\n<!-- \/ Yoast SEO plugin. -->","yoast_head_json":{"title":"Zencefil Aromas\u0131 - Hurtowy Dystrybutor","description":"Zencefil aromas\u0131, taze zencefil k\u00f6k\u00fcnden ilham alan yo\u011fun ve \u0131s\u0131t\u0131c\u0131 bir lezzet profili arayanlar i\u00e7in m\u00fckemmel bir tercihtir.","robots":{"index":"index","follow":"follow","max-snippet":"max-snippet:-1","max-image-preview":"max-image-preview:large","max-video-preview":"max-video-preview:-1"},"canonical":"https:\/\/naturalpoland.com\/tr\/urunler\/gida-hammaddeleri\/aromalar\/baharatli-aromalar\/zencefil-aromasi\/","og_locale":"tr_TR","og_type":"article","og_title":"Zencefil Aromas\u0131 - Hurtowy Dystrybutor","og_description":"Zencefil aromas\u0131, taze zencefil k\u00f6k\u00fcnden ilham alan yo\u011fun ve \u0131s\u0131t\u0131c\u0131 bir lezzet profili arayanlar i\u00e7in m\u00fckemmel bir tercihtir.","og_url":"https:\/\/naturalpoland.com\/tr\/urunler\/gida-hammaddeleri\/aromalar\/baharatli-aromalar\/zencefil-aromasi\/","og_site_name":"NATURAL POLAND - Hurtowy Dystrybutor Surowc\u00f3w","article_publisher":"https:\/\/www.facebook.com\/naturalpoland.b2b","article_modified_time":"2026-02-20T09:56:15+00:00","og_image":[{"width":1024,"height":1024,"url":"https:\/\/naturalpoland.com\/wp-content\/uploads\/aromat-imbirowy.webp","type":"image\/webp"}],"schema":{"@context":"https:\/\/schema.org","@graph":[{"@type":"WebPage","@id":"https:\/\/naturalpoland.com\/tr\/urunler\/gida-hammaddeleri\/aromalar\/baharatli-aromalar\/zencefil-aromasi\/","url":"https:\/\/naturalpoland.com\/tr\/urunler\/gida-hammaddeleri\/aromalar\/baharatli-aromalar\/zencefil-aromasi\/","name":"Zencefil Aromas\u0131 - Hurtowy Dystrybutor","isPartOf":{"@id":"https:\/\/naturalpoland.com\/tr\/#website"},"primaryImageOfPage":{"@id":"https:\/\/naturalpoland.com\/tr\/urunler\/gida-hammaddeleri\/aromalar\/baharatli-aromalar\/zencefil-aromasi\/#primaryimage"},"image":{"@id":"https:\/\/naturalpoland.com\/tr\/urunler\/gida-hammaddeleri\/aromalar\/baharatli-aromalar\/zencefil-aromasi\/#primaryimage"},"thumbnailUrl":"https:\/\/naturalpoland.com\/wp-content\/uploads\/aromat-imbirowy.webp","datePublished":"2025-09-04T09:58:05+00:00","dateModified":"2026-02-20T09:56:15+00:00","description":"Zencefil aromas\u0131, taze zencefil k\u00f6k\u00fcnden ilham alan yo\u011fun ve \u0131s\u0131t\u0131c\u0131 bir lezzet profili arayanlar i\u00e7in m\u00fckemmel bir tercihtir.","breadcrumb":{"@id":"https:\/\/naturalpoland.com\/tr\/urunler\/gida-hammaddeleri\/aromalar\/baharatli-aromalar\/zencefil-aromasi\/#breadcrumb"},"inLanguage":"tr","potentialAction":[{"@type":"ReadAction","target":["https:\/\/naturalpoland.com\/tr\/urunler\/gida-hammaddeleri\/aromalar\/baharatli-aromalar\/zencefil-aromasi\/"]}]},{"@type":"ImageObject","inLanguage":"tr","@id":"https:\/\/naturalpoland.com\/tr\/urunler\/gida-hammaddeleri\/aromalar\/baharatli-aromalar\/zencefil-aromasi\/#primaryimage","url":"https:\/\/naturalpoland.com\/wp-content\/uploads\/aromat-imbirowy.webp","contentUrl":"https:\/\/naturalpoland.com\/wp-content\/uploads\/aromat-imbirowy.webp","width":1024,"height":1024,"caption":"zencefil aromas\u0131"},{"@type":"BreadcrumbList","@id":"https:\/\/naturalpoland.com\/tr\/urunler\/gida-hammaddeleri\/aromalar\/baharatli-aromalar\/zencefil-aromasi\/#breadcrumb","itemListElement":[{"@type":"ListItem","position":1,"name":"Ana Sayfa","item":"https:\/\/naturalpoland.com\/tr\/"},{"@type":"ListItem","position":2,"name":"\u00dcr\u00fcnler","item":"https:\/\/naturalpoland.com\/tr\/urunler\/"},{"@type":"ListItem","position":3,"name":"Zencefil Aromas\u0131"}]},{"@type":"WebSite","@id":"https:\/\/naturalpoland.com\/tr\/#website","url":"https:\/\/naturalpoland.com\/tr\/","name":"NATURAL POLAND - Hurtowy Dystrybutor Surowc\u00f3w","description":"Surowce dla przemys\u0142u spo\u017cywczego, kosmetycznego i farmaceutycznego","publisher":{"@id":"https:\/\/naturalpoland.com\/tr\/#organization"},"potentialAction":[{"@type":"SearchAction","target":{"@type":"EntryPoint","urlTemplate":"https:\/\/naturalpoland.com\/tr\/?s={search_term_string}"},"query-input":{"@type":"PropertyValueSpecification","valueRequired":true,"valueName":"search_term_string"}}],"inLanguage":"tr"},{"@type":"Organization","@id":"https:\/\/naturalpoland.com\/tr\/#organization","name":"Natural Poland","url":"https:\/\/naturalpoland.com\/tr\/","logo":{"@type":"ImageObject","inLanguage":"tr","@id":"https:\/\/naturalpoland.com\/tr\/#\/schema\/logo\/image\/","url":"https:\/\/naturalpoland.com\/wp-content\/uploads\/2021\/05\/natural-poland-icon.png","contentUrl":"https:\/\/naturalpoland.com\/wp-content\/uploads\/2021\/05\/natural-poland-icon.png","width":512,"height":512,"caption":"Natural Poland"},"image":{"@id":"https:\/\/naturalpoland.com\/tr\/#\/schema\/logo\/image\/"},"sameAs":["https:\/\/www.facebook.com\/naturalpoland.b2b","https:\/\/pl.linkedin.com\/company\/natural-poland","https:\/\/www.youtube.com\/channel\/UCgeGGkvOMahZo-xu_MSEWxg"]}]}},"_links":{"self":[{"href":"https:\/\/naturalpoland.com\/tr\/wp-json\/wp\/v2\/product\/46086","targetHints":{"allow":["GET"]}}],"collection":[{"href":"https:\/\/naturalpoland.com\/tr\/wp-json\/wp\/v2\/product"}],"about":[{"href":"https:\/\/naturalpoland.com\/tr\/wp-json\/wp\/v2\/types\/product"}],"wp:featuredmedia":[{"embeddable":true,"href":"https:\/\/naturalpoland.com\/tr\/wp-json\/wp\/v2\/media\/46087"}],"wp:attachment":[{"href":"https:\/\/naturalpoland.com\/tr\/wp-json\/wp\/v2\/media?parent=46086"}],"wp:term":[{"taxonomy":"product_brand","embeddable":true,"href":"https:\/\/naturalpoland.com\/tr\/wp-json\/wp\/v2\/product_brand?post=46086"},{"taxonomy":"product_cat","embeddable":true,"href":"https:\/\/naturalpoland.com\/tr\/wp-json\/wp\/v2\/product_cat?post=46086"},{"taxonomy":"product_tag","embeddable":true,"href":"https:\/\/naturalpoland.com\/tr\/wp-json\/wp\/v2\/product_tag?post=46086"}],"curies":[{"name":"wp","href":"https:\/\/api.w.org\/{rel}","templated":true}]}}