{"id":46088,"date":"2025-09-04T12:18:43","date_gmt":"2025-09-04T10:18:43","guid":{"rendered":"https:\/\/naturalpoland.com\/produkty\/kategorilenmemis\/yaban-mersini-aromasi\/"},"modified":"2026-02-20T10:56:18","modified_gmt":"2026-02-20T09:56:18","slug":"yaban-mersini-aromasi","status":"publish","type":"product","link":"https:\/\/naturalpoland.com\/tr\/urunler\/gida-hammaddeleri\/aromalar\/meyve-aromalari\/yaban-mersini-aromasi\/","title":{"rendered":"Yaban mersini aromas\u0131"},"content":{"rendered":"<p>Yaban mersini aromas\u0131, s\u0131v\u0131 ve toz formda, \u00e7e\u015fitli varyantlarda mevcuttur.<\/p>\n<p><strong>S\u0131v\u0131 do\u011fal<\/strong> versiyonda, aroma, orman taban\u0131n\u0131n narin bir dokunu\u015fuyla yaban mersini meyvesinin derin, taze karakteriyle \u00f6ne \u00e7\u0131kar. Y\u00fcksek s\u0131cakl\u0131\u011fa dayan\u0131kl\u0131d\u0131r, bu sayede f\u0131r\u0131nlanm\u0131\u015f, pi\u015firilmi\u015f ve past\u00f6rize \u00fcr\u00fcnlerde ba\u015far\u0131yla kullan\u0131labilir. Re\u00e7eller, tatl\u0131lar, meyve konserveleri ve i\u00e7ecekler i\u00e7in idealdir.  <\/p>\n<p><strong>Yaban mersini-yo\u011furt<\/strong> aromas\u0131, taze, tatl\u0131 yaban mersini ve do\u011fal yo\u011furdun i\u015ftah a\u00e7\u0131c\u0131 birle\u015fimidir \u2013 ho\u015f, s\u00fctl\u00fc-meyveli bir biti\u015fe sahip dengeli, hafif ek\u015fimsi bir kompozisyondur. \u00d6te yandan, <strong>yaban mersini-krema<\/strong>, kremsi derinli\u011fiyle b\u00fcy\u00fcler \u2013 olgun, tatl\u0131 yaban mersini ile ya\u011fl\u0131, ek\u015fi kremay\u0131 birle\u015ftirerek dondurmalar, yo\u011furtlar ve s\u00fct \u00fcr\u00fcnleri i\u00e7in e\u015fsiz bir katk\u0131 sa\u011flar. <\/p>\n<p><strong>Toz formda<\/strong>, taze toplanm\u0131\u015f yaban mersinlerinin klasik karakterine sahip, hafif orman notal\u0131 do\u011fal aroma versiyonu mevcuttur. Gev\u015fek kar\u0131\u015f\u0131mlarda, haz\u0131r \u00fcr\u00fcnlerde ve toz takviyelerde m\u00fckemmel sonu\u00e7 verir. <strong>Aronya-yaban mersini<\/strong> varyant\u0131, aronyan\u0131n buruk suyu ile zengin yaban mersini tad\u0131n\u0131n e\u015fsiz birle\u015fimini sunar \u2013 fonksiyonel i\u00e7ecekler veya meyve barlar\u0131 i\u00e7in idealdir.  <\/p>\n<p><strong>Yaban mersini re\u00e7eli<\/strong> varyant\u0131, \u015fekerleme \u00fcr\u00fcnlerinde iyi sonu\u00e7 veren, orman unsurlar\u0131yla siyah yaban mersininden ilham alan tam, tatl\u0131 bir kompozisyondur. Ayr\u0131ca, fonksiyonel \u00fcr\u00fcnlerde ve diyet takviyelerinde istenmeyen tat notalar\u0131n\u0131 n\u00f6tralize etmek amac\u0131yla geli\u015ftirilmi\u015f, orman taban\u0131yla taze yaban mersininin narin bir aromas\u0131 olan <strong>maskeleme versiyonu<\/strong> da mevcuttur. <\/p>\n","protected":false},"excerpt":{"rendered":"<p>Yaban mersini aromas\u0131, taze, olgun Avrupa yaban mersinlerinin karakterini m\u00fckemmel bir \u015fekilde yans\u0131tan karma\u015f\u0131k ve \u00e7ok boyutlu bir koku ve tat profilidir.<\/p>\n","protected":false},"featured_media":46089,"template":"","meta":{"_acf_changed":false},"product_brand":[],"product_cat":[9564],"product_tag":[],"class_list":{"0":"post-46088","1":"product","2":"type-product","3":"status-publish","4":"has-post-thumbnail","6":"product_cat-meyve-aromalari","8":"first","9":"instock","10":"shipping-taxable","11":"product-type-simple"},"acf":[],"yoast_head":"<!-- This site is optimized with the Yoast SEO plugin v27.4 - https:\/\/yoast.com\/product\/yoast-seo-wordpress\/ -->\n<title>Yaban mersini aromas\u0131 - Hurtowy Dystrybutor<\/title>\n<meta name=\"description\" content=\"Yaban mersini aromas\u0131, taze, olgun Avrupa yaban mersinlerinin karakterini m\u00fckemmel bir \u015fekilde yans\u0131tan karma\u015f\u0131k ve \u00e7ok boyutlu bir koku ve tat profilidir.\" \/>\n<meta name=\"robots\" content=\"index, follow, max-snippet:-1, max-image-preview:large, max-video-preview:-1\" \/>\n<link rel=\"canonical\" href=\"https:\/\/naturalpoland.com\/tr\/urunler\/gida-hammaddeleri\/aromalar\/meyve-aromalari\/yaban-mersini-aromasi\/\" \/>\n<meta property=\"og:locale\" content=\"tr_TR\" \/>\n<meta property=\"og:type\" content=\"article\" \/>\n<meta property=\"og:title\" content=\"Yaban mersini aromas\u0131 - Hurtowy Dystrybutor\" \/>\n<meta property=\"og:description\" content=\"Yaban mersini aromas\u0131, taze, olgun Avrupa yaban mersinlerinin karakterini m\u00fckemmel bir \u015fekilde yans\u0131tan karma\u015f\u0131k ve \u00e7ok boyutlu bir koku ve tat profilidir.\" \/>\n<meta property=\"og:url\" content=\"https:\/\/naturalpoland.com\/tr\/urunler\/gida-hammaddeleri\/aromalar\/meyve-aromalari\/yaban-mersini-aromasi\/\" \/>\n<meta property=\"og:site_name\" content=\"NATURAL POLAND - Hurtowy Dystrybutor Surowc\u00f3w\" \/>\n<meta property=\"article:publisher\" content=\"https:\/\/www.facebook.com\/naturalpoland.b2b\" \/>\n<meta property=\"article:modified_time\" content=\"2026-02-20T09:56:18+00:00\" \/>\n<meta property=\"og:image\" content=\"https:\/\/naturalpoland.com\/wp-content\/uploads\/aromat-jagodowy.webp\" \/>\n\t<meta property=\"og:image:width\" content=\"1024\" \/>\n\t<meta property=\"og:image:height\" content=\"1024\" \/>\n\t<meta property=\"og:image:type\" content=\"image\/webp\" \/>\n<script type=\"application\/ld+json\" class=\"yoast-schema-graph\">{\"@context\":\"https:\\\/\\\/schema.org\",\"@graph\":[{\"@type\":\"WebPage\",\"@id\":\"https:\\\/\\\/naturalpoland.com\\\/tr\\\/urunler\\\/gida-hammaddeleri\\\/aromalar\\\/meyve-aromalari\\\/yaban-mersini-aromasi\\\/\",\"url\":\"https:\\\/\\\/naturalpoland.com\\\/tr\\\/urunler\\\/gida-hammaddeleri\\\/aromalar\\\/meyve-aromalari\\\/yaban-mersini-aromasi\\\/\",\"name\":\"Yaban mersini aromas\u0131 - Hurtowy Dystrybutor\",\"isPartOf\":{\"@id\":\"https:\\\/\\\/naturalpoland.com\\\/tr\\\/#website\"},\"primaryImageOfPage\":{\"@id\":\"https:\\\/\\\/naturalpoland.com\\\/tr\\\/urunler\\\/gida-hammaddeleri\\\/aromalar\\\/meyve-aromalari\\\/yaban-mersini-aromasi\\\/#primaryimage\"},\"image\":{\"@id\":\"https:\\\/\\\/naturalpoland.com\\\/tr\\\/urunler\\\/gida-hammaddeleri\\\/aromalar\\\/meyve-aromalari\\\/yaban-mersini-aromasi\\\/#primaryimage\"},\"thumbnailUrl\":\"https:\\\/\\\/naturalpoland.com\\\/wp-content\\\/uploads\\\/aromat-jagodowy.webp\",\"datePublished\":\"2025-09-04T10:18:43+00:00\",\"dateModified\":\"2026-02-20T09:56:18+00:00\",\"description\":\"Yaban mersini aromas\u0131, taze, olgun Avrupa yaban mersinlerinin karakterini m\u00fckemmel bir \u015fekilde yans\u0131tan karma\u015f\u0131k ve \u00e7ok boyutlu bir koku ve tat profilidir.\",\"breadcrumb\":{\"@id\":\"https:\\\/\\\/naturalpoland.com\\\/tr\\\/urunler\\\/gida-hammaddeleri\\\/aromalar\\\/meyve-aromalari\\\/yaban-mersini-aromasi\\\/#breadcrumb\"},\"inLanguage\":\"tr\",\"potentialAction\":[{\"@type\":\"ReadAction\",\"target\":[\"https:\\\/\\\/naturalpoland.com\\\/tr\\\/urunler\\\/gida-hammaddeleri\\\/aromalar\\\/meyve-aromalari\\\/yaban-mersini-aromasi\\\/\"]}]},{\"@type\":\"ImageObject\",\"inLanguage\":\"tr\",\"@id\":\"https:\\\/\\\/naturalpoland.com\\\/tr\\\/urunler\\\/gida-hammaddeleri\\\/aromalar\\\/meyve-aromalari\\\/yaban-mersini-aromasi\\\/#primaryimage\",\"url\":\"https:\\\/\\\/naturalpoland.com\\\/wp-content\\\/uploads\\\/aromat-jagodowy.webp\",\"contentUrl\":\"https:\\\/\\\/naturalpoland.com\\\/wp-content\\\/uploads\\\/aromat-jagodowy.webp\",\"width\":1024,\"height\":1024,\"caption\":\"yaban mersini aromas\u0131\"},{\"@type\":\"BreadcrumbList\",\"@id\":\"https:\\\/\\\/naturalpoland.com\\\/tr\\\/urunler\\\/gida-hammaddeleri\\\/aromalar\\\/meyve-aromalari\\\/yaban-mersini-aromasi\\\/#breadcrumb\",\"itemListElement\":[{\"@type\":\"ListItem\",\"position\":1,\"name\":\"Ana Sayfa\",\"item\":\"https:\\\/\\\/naturalpoland.com\\\/tr\\\/\"},{\"@type\":\"ListItem\",\"position\":2,\"name\":\"\u00dcr\u00fcnler\",\"item\":\"https:\\\/\\\/naturalpoland.com\\\/tr\\\/urunler\\\/\"},{\"@type\":\"ListItem\",\"position\":3,\"name\":\"Yaban mersini aromas\u0131\"}]},{\"@type\":\"WebSite\",\"@id\":\"https:\\\/\\\/naturalpoland.com\\\/tr\\\/#website\",\"url\":\"https:\\\/\\\/naturalpoland.com\\\/tr\\\/\",\"name\":\"NATURAL POLAND - Hurtowy Dystrybutor Surowc\u00f3w\",\"description\":\"Surowce dla przemys\u0142u spo\u017cywczego, kosmetycznego i farmaceutycznego\",\"publisher\":{\"@id\":\"https:\\\/\\\/naturalpoland.com\\\/tr\\\/#organization\"},\"potentialAction\":[{\"@type\":\"SearchAction\",\"target\":{\"@type\":\"EntryPoint\",\"urlTemplate\":\"https:\\\/\\\/naturalpoland.com\\\/tr\\\/?s={search_term_string}\"},\"query-input\":{\"@type\":\"PropertyValueSpecification\",\"valueRequired\":true,\"valueName\":\"search_term_string\"}}],\"inLanguage\":\"tr\"},{\"@type\":\"Organization\",\"@id\":\"https:\\\/\\\/naturalpoland.com\\\/tr\\\/#organization\",\"name\":\"Natural Poland\",\"url\":\"https:\\\/\\\/naturalpoland.com\\\/tr\\\/\",\"logo\":{\"@type\":\"ImageObject\",\"inLanguage\":\"tr\",\"@id\":\"https:\\\/\\\/naturalpoland.com\\\/tr\\\/#\\\/schema\\\/logo\\\/image\\\/\",\"url\":\"https:\\\/\\\/naturalpoland.com\\\/wp-content\\\/uploads\\\/2021\\\/05\\\/natural-poland-icon.png\",\"contentUrl\":\"https:\\\/\\\/naturalpoland.com\\\/wp-content\\\/uploads\\\/2021\\\/05\\\/natural-poland-icon.png\",\"width\":512,\"height\":512,\"caption\":\"Natural Poland\"},\"image\":{\"@id\":\"https:\\\/\\\/naturalpoland.com\\\/tr\\\/#\\\/schema\\\/logo\\\/image\\\/\"},\"sameAs\":[\"https:\\\/\\\/www.facebook.com\\\/naturalpoland.b2b\",\"https:\\\/\\\/pl.linkedin.com\\\/company\\\/natural-poland\",\"https:\\\/\\\/www.youtube.com\\\/channel\\\/UCgeGGkvOMahZo-xu_MSEWxg\"]}]}<\/script>\n<!-- \/ Yoast SEO plugin. -->","yoast_head_json":{"title":"Yaban mersini aromas\u0131 - Hurtowy Dystrybutor","description":"Yaban mersini aromas\u0131, taze, olgun Avrupa yaban mersinlerinin karakterini m\u00fckemmel bir \u015fekilde yans\u0131tan karma\u015f\u0131k ve \u00e7ok boyutlu bir koku ve tat profilidir.","robots":{"index":"index","follow":"follow","max-snippet":"max-snippet:-1","max-image-preview":"max-image-preview:large","max-video-preview":"max-video-preview:-1"},"canonical":"https:\/\/naturalpoland.com\/tr\/urunler\/gida-hammaddeleri\/aromalar\/meyve-aromalari\/yaban-mersini-aromasi\/","og_locale":"tr_TR","og_type":"article","og_title":"Yaban mersini aromas\u0131 - Hurtowy Dystrybutor","og_description":"Yaban mersini aromas\u0131, taze, olgun Avrupa yaban mersinlerinin karakterini m\u00fckemmel bir \u015fekilde yans\u0131tan karma\u015f\u0131k ve \u00e7ok boyutlu bir koku ve tat profilidir.","og_url":"https:\/\/naturalpoland.com\/tr\/urunler\/gida-hammaddeleri\/aromalar\/meyve-aromalari\/yaban-mersini-aromasi\/","og_site_name":"NATURAL POLAND - Hurtowy Dystrybutor Surowc\u00f3w","article_publisher":"https:\/\/www.facebook.com\/naturalpoland.b2b","article_modified_time":"2026-02-20T09:56:18+00:00","og_image":[{"width":1024,"height":1024,"url":"https:\/\/naturalpoland.com\/wp-content\/uploads\/aromat-jagodowy.webp","type":"image\/webp"}],"schema":{"@context":"https:\/\/schema.org","@graph":[{"@type":"WebPage","@id":"https:\/\/naturalpoland.com\/tr\/urunler\/gida-hammaddeleri\/aromalar\/meyve-aromalari\/yaban-mersini-aromasi\/","url":"https:\/\/naturalpoland.com\/tr\/urunler\/gida-hammaddeleri\/aromalar\/meyve-aromalari\/yaban-mersini-aromasi\/","name":"Yaban mersini aromas\u0131 - Hurtowy Dystrybutor","isPartOf":{"@id":"https:\/\/naturalpoland.com\/tr\/#website"},"primaryImageOfPage":{"@id":"https:\/\/naturalpoland.com\/tr\/urunler\/gida-hammaddeleri\/aromalar\/meyve-aromalari\/yaban-mersini-aromasi\/#primaryimage"},"image":{"@id":"https:\/\/naturalpoland.com\/tr\/urunler\/gida-hammaddeleri\/aromalar\/meyve-aromalari\/yaban-mersini-aromasi\/#primaryimage"},"thumbnailUrl":"https:\/\/naturalpoland.com\/wp-content\/uploads\/aromat-jagodowy.webp","datePublished":"2025-09-04T10:18:43+00:00","dateModified":"2026-02-20T09:56:18+00:00","description":"Yaban mersini aromas\u0131, taze, olgun Avrupa yaban mersinlerinin karakterini m\u00fckemmel bir \u015fekilde yans\u0131tan karma\u015f\u0131k ve \u00e7ok boyutlu bir koku ve tat profilidir.","breadcrumb":{"@id":"https:\/\/naturalpoland.com\/tr\/urunler\/gida-hammaddeleri\/aromalar\/meyve-aromalari\/yaban-mersini-aromasi\/#breadcrumb"},"inLanguage":"tr","potentialAction":[{"@type":"ReadAction","target":["https:\/\/naturalpoland.com\/tr\/urunler\/gida-hammaddeleri\/aromalar\/meyve-aromalari\/yaban-mersini-aromasi\/"]}]},{"@type":"ImageObject","inLanguage":"tr","@id":"https:\/\/naturalpoland.com\/tr\/urunler\/gida-hammaddeleri\/aromalar\/meyve-aromalari\/yaban-mersini-aromasi\/#primaryimage","url":"https:\/\/naturalpoland.com\/wp-content\/uploads\/aromat-jagodowy.webp","contentUrl":"https:\/\/naturalpoland.com\/wp-content\/uploads\/aromat-jagodowy.webp","width":1024,"height":1024,"caption":"yaban mersini aromas\u0131"},{"@type":"BreadcrumbList","@id":"https:\/\/naturalpoland.com\/tr\/urunler\/gida-hammaddeleri\/aromalar\/meyve-aromalari\/yaban-mersini-aromasi\/#breadcrumb","itemListElement":[{"@type":"ListItem","position":1,"name":"Ana Sayfa","item":"https:\/\/naturalpoland.com\/tr\/"},{"@type":"ListItem","position":2,"name":"\u00dcr\u00fcnler","item":"https:\/\/naturalpoland.com\/tr\/urunler\/"},{"@type":"ListItem","position":3,"name":"Yaban mersini aromas\u0131"}]},{"@type":"WebSite","@id":"https:\/\/naturalpoland.com\/tr\/#website","url":"https:\/\/naturalpoland.com\/tr\/","name":"NATURAL POLAND - Hurtowy Dystrybutor Surowc\u00f3w","description":"Surowce dla przemys\u0142u spo\u017cywczego, kosmetycznego i farmaceutycznego","publisher":{"@id":"https:\/\/naturalpoland.com\/tr\/#organization"},"potentialAction":[{"@type":"SearchAction","target":{"@type":"EntryPoint","urlTemplate":"https:\/\/naturalpoland.com\/tr\/?s={search_term_string}"},"query-input":{"@type":"PropertyValueSpecification","valueRequired":true,"valueName":"search_term_string"}}],"inLanguage":"tr"},{"@type":"Organization","@id":"https:\/\/naturalpoland.com\/tr\/#organization","name":"Natural Poland","url":"https:\/\/naturalpoland.com\/tr\/","logo":{"@type":"ImageObject","inLanguage":"tr","@id":"https:\/\/naturalpoland.com\/tr\/#\/schema\/logo\/image\/","url":"https:\/\/naturalpoland.com\/wp-content\/uploads\/2021\/05\/natural-poland-icon.png","contentUrl":"https:\/\/naturalpoland.com\/wp-content\/uploads\/2021\/05\/natural-poland-icon.png","width":512,"height":512,"caption":"Natural Poland"},"image":{"@id":"https:\/\/naturalpoland.com\/tr\/#\/schema\/logo\/image\/"},"sameAs":["https:\/\/www.facebook.com\/naturalpoland.b2b","https:\/\/pl.linkedin.com\/company\/natural-poland","https:\/\/www.youtube.com\/channel\/UCgeGGkvOMahZo-xu_MSEWxg"]}]}},"_links":{"self":[{"href":"https:\/\/naturalpoland.com\/tr\/wp-json\/wp\/v2\/product\/46088","targetHints":{"allow":["GET"]}}],"collection":[{"href":"https:\/\/naturalpoland.com\/tr\/wp-json\/wp\/v2\/product"}],"about":[{"href":"https:\/\/naturalpoland.com\/tr\/wp-json\/wp\/v2\/types\/product"}],"wp:featuredmedia":[{"embeddable":true,"href":"https:\/\/naturalpoland.com\/tr\/wp-json\/wp\/v2\/media\/46089"}],"wp:attachment":[{"href":"https:\/\/naturalpoland.com\/tr\/wp-json\/wp\/v2\/media?parent=46088"}],"wp:term":[{"taxonomy":"product_brand","embeddable":true,"href":"https:\/\/naturalpoland.com\/tr\/wp-json\/wp\/v2\/product_brand?post=46088"},{"taxonomy":"product_cat","embeddable":true,"href":"https:\/\/naturalpoland.com\/tr\/wp-json\/wp\/v2\/product_cat?post=46088"},{"taxonomy":"product_tag","embeddable":true,"href":"https:\/\/naturalpoland.com\/tr\/wp-json\/wp\/v2\/product_tag?post=46088"}],"curies":[{"name":"wp","href":"https:\/\/api.w.org\/{rel}","templated":true}]}}