{"id":46092,"date":"2025-08-26T12:45:29","date_gmt":"2025-08-26T10:45:29","guid":{"rendered":"https:\/\/naturalpoland.com\/produkty\/kategorilenmemis\/sut-aromasi\/"},"modified":"2026-02-20T10:56:36","modified_gmt":"2026-02-20T09:56:36","slug":"sut-aromasi","status":"publish","type":"product","link":"https:\/\/naturalpoland.com\/tr\/urunler\/gida-hammaddeleri\/aromalar\/diger-aromalar\/sut-aromasi\/","title":{"rendered":"S\u00fct Aromas\u0131"},"content":{"rendered":"<p>S\u00fct aromalar\u0131 ev s\u0131cakl\u0131\u011f\u0131, tatl\u0131l\u0131k ve kremsi k\u0131vam ile ili\u015fkilendirilir. Di\u011fer tatl\u0131 ve s\u00fctl\u00fc notalarla m\u00fckemmel uyum sa\u011flarlar. Natural Poland&#8217;\u0131n teklifinde, duyusal profil, yo\u011funluk ve kullan\u0131m a\u00e7\u0131s\u0131ndan farkl\u0131l\u0131k g\u00f6steren \u00e7e\u015fitli s\u00fct aromas\u0131 varyantlar\u0131 bulunmaktad\u0131r \u2013 hem <strong>do\u011fal<\/strong>, <strong>s\u0131v\u0131<\/strong> hem de <strong>toz<\/strong> formunda:  <\/p>\n<ol>\n<li><strong>Ha\u015flanm\u0131\u015f s\u00fct versiyonu (do\u011fal, s\u0131v\u0131)<\/strong>, uzun s\u00fcre kaynat\u0131lm\u0131\u015f s\u00fct\u00fcn tatl\u0131, s\u0131cak karakterini, \u015fekersiz yo\u011funla\u015ft\u0131r\u0131lm\u0131\u015f s\u00fct notalar\u0131yla yeniden yarat\u0131r. S\u00fctl\u00fc tatl\u0131larda, mamalarda, dondurmalarda, i\u00e7eceklerde ve \u00e7ocuk \u00fcr\u00fcnlerinde m\u00fckemmel sonu\u00e7 veren klasik, sar\u0131p sarmalayan bir aromad\u0131r. <\/li>\n<li><strong>S\u00fctl\u00fc-vanilyal\u0131 plombir<\/strong>, ha\u015flanm\u0131\u015f s\u00fct\u00fcn narin bir vanilya notas\u0131yla birle\u015fimidir. S\u0131cak, hafif ve hafif\u00e7e tatl\u0131 bir lezzet profili olu\u015fturur \u2013 dondurmalar, s\u00fctl\u00fc barlar, muslar ve haz\u0131r \u00fcr\u00fcnler i\u00e7in idealdir. Ta\u015f\u0131y\u0131c\u0131 glikol oldu\u011fundan, aroman\u0131n tariflere kolayca eklenmesini sa\u011flar.  <\/li>\n<li><strong>Konsantre s\u00fct aromas\u0131<\/strong>, do\u011fal yo\u011furt tipinde tatl\u0131-ek\u015fi bir profil ve hafif bir ha\u015flanm\u0131\u015f s\u00fct dokunu\u015fu sunar. Bu varyant, diyet takviyelerinde, fonksiyonel i\u00e7eceklerde, s\u00fctl\u00fc at\u0131\u015ft\u0131rmal\u0131klarda ve fit kategorisindeki \u00fcr\u00fcnlerde iyi sonu\u00e7 verir. <\/li>\n<li><strong>S\u0131cak s\u00fct aromas\u0131<\/strong>, taze \u0131s\u0131t\u0131lm\u0131\u015f s\u00fct\u00fcn karakterini yans\u0131t\u0131r \u2013 hafif, tatl\u0131, narin. \u00c7ocuk \u00fcr\u00fcnleri, s\u00fctl\u00fc kokteyller, pediatrik takviyeler ve protein i\u00e7ecekleri gibi alanlarda kullan\u0131l\u0131r.  <\/li>\n<li><strong>Yo\u011funla\u015ft\u0131r\u0131lm\u0131\u015f s\u00fct aromas\u0131 (s\u0131v\u0131)<\/strong>, geleneksel tatl\u0131lardan bilinen yo\u011funla\u015ft\u0131r\u0131lm\u0131\u015f s\u00fct\u00fc an\u0131msatan derin, kremsi, belirgin \u015fekilde tatl\u0131 bir lezzet profili sunar. Bu aroma, unlu mamuller, s\u00fctl\u00fc kremalar, dondurmalar, pudingler ve toz i\u00e7ecekler i\u00e7in harika bir se\u00e7imdir. <\/li>\n<li><strong>Yo\u011funla\u015ft\u0131r\u0131lm\u0131\u015f s\u00fct\u00fcn toz versiyonu<\/strong>, ayn\u0131 duyusal profili korur ancak takviyelerde, haz\u0131r kar\u0131\u015f\u0131mlarda, protein barlar\u0131nda veya sporcu \u00fcr\u00fcnlerinde uygulama i\u00e7in ideal, kullan\u0131\u015fl\u0131 bir kuru formdad\u0131r.<\/li>\n<\/ol>\n<p>Teklifimizdeki t\u00fcm s\u00fct aromalar\u0131, farkl\u0131 ta\u015f\u0131y\u0131c\u0131larda (<strong>glikol, triasetin<\/strong>) mevcuttur ve s\u0131cakl\u0131k direnci, ya\u011fl\u0131 veya sulu ortamlarda stabilite gibi teknolojik gereksinimlere g\u00f6re uyarlanm\u0131\u015ft\u0131r.<\/p>\n","protected":false},"excerpt":{"rendered":"<p><strong>S\u00fct aromalar\u0131<\/strong>, g\u0131da, ila\u00e7 ve takviye sekt\u00f6rlerinde en evrensel ve aranan lezzet ve koku katk\u0131lar\u0131ndan biridir.<\/p>\n","protected":false},"featured_media":46093,"template":"","meta":[],"product_brand":[],"product_cat":[9566],"product_tag":[],"class_list":{"0":"post-46092","1":"product","2":"type-product","3":"status-publish","4":"has-post-thumbnail","6":"product_cat-diger-aromalar","8":"first","9":"instock","10":"shipping-taxable","11":"product-type-simple"},"yoast_head":"<!-- This site is optimized with the Yoast SEO plugin v27.3 - https:\/\/yoast.com\/product\/yoast-seo-wordpress\/ -->\n<title>S\u00fct Aromas\u0131 - Hurtowy Dystrybutor<\/title>\n<meta name=\"description\" content=\"S\u00fct aromas\u0131 bir\u00e7ok varyantta mevcuttur. Teklifimizde hem do\u011fal, s\u0131v\u0131 hem de duyusal profilleri farkl\u0131l\u0131k g\u00f6steren toz formlar\u0131 bulunmaktad\u0131r.\" \/>\n<meta name=\"robots\" content=\"index, follow, max-snippet:-1, max-image-preview:large, max-video-preview:-1\" \/>\n<link rel=\"canonical\" href=\"https:\/\/naturalpoland.com\/tr\/urunler\/gida-hammaddeleri\/aromalar\/diger-aromalar\/sut-aromasi\/\" \/>\n<meta property=\"og:locale\" content=\"tr_TR\" \/>\n<meta property=\"og:type\" content=\"article\" \/>\n<meta property=\"og:title\" content=\"S\u00fct Aromas\u0131 - Hurtowy Dystrybutor\" \/>\n<meta property=\"og:description\" content=\"S\u00fct aromas\u0131 bir\u00e7ok varyantta mevcuttur. Teklifimizde hem do\u011fal, s\u0131v\u0131 hem de duyusal profilleri farkl\u0131l\u0131k g\u00f6steren toz formlar\u0131 bulunmaktad\u0131r.\" \/>\n<meta property=\"og:url\" content=\"https:\/\/naturalpoland.com\/tr\/urunler\/gida-hammaddeleri\/aromalar\/diger-aromalar\/sut-aromasi\/\" \/>\n<meta property=\"og:site_name\" content=\"NATURAL POLAND - Hurtowy Dystrybutor Surowc\u00f3w\" \/>\n<meta property=\"article:publisher\" content=\"https:\/\/www.facebook.com\/naturalpoland.b2b\" \/>\n<meta property=\"article:modified_time\" content=\"2026-02-20T09:56:36+00:00\" \/>\n<meta property=\"og:image\" content=\"https:\/\/naturalpoland.com\/wp-content\/uploads\/aromat-mleczny.webp\" \/>\n\t<meta property=\"og:image:width\" content=\"1024\" \/>\n\t<meta property=\"og:image:height\" content=\"1024\" \/>\n\t<meta property=\"og:image:type\" content=\"image\/webp\" \/>\n<script type=\"application\/ld+json\" class=\"yoast-schema-graph\">{\"@context\":\"https:\\\/\\\/schema.org\",\"@graph\":[{\"@type\":\"WebPage\",\"@id\":\"https:\\\/\\\/naturalpoland.com\\\/tr\\\/urunler\\\/gida-hammaddeleri\\\/aromalar\\\/diger-aromalar\\\/sut-aromasi\\\/\",\"url\":\"https:\\\/\\\/naturalpoland.com\\\/tr\\\/urunler\\\/gida-hammaddeleri\\\/aromalar\\\/diger-aromalar\\\/sut-aromasi\\\/\",\"name\":\"S\u00fct Aromas\u0131 - Hurtowy Dystrybutor\",\"isPartOf\":{\"@id\":\"https:\\\/\\\/naturalpoland.com\\\/tr\\\/#website\"},\"primaryImageOfPage\":{\"@id\":\"https:\\\/\\\/naturalpoland.com\\\/tr\\\/urunler\\\/gida-hammaddeleri\\\/aromalar\\\/diger-aromalar\\\/sut-aromasi\\\/#primaryimage\"},\"image\":{\"@id\":\"https:\\\/\\\/naturalpoland.com\\\/tr\\\/urunler\\\/gida-hammaddeleri\\\/aromalar\\\/diger-aromalar\\\/sut-aromasi\\\/#primaryimage\"},\"thumbnailUrl\":\"https:\\\/\\\/naturalpoland.com\\\/wp-content\\\/uploads\\\/aromat-mleczny.webp\",\"datePublished\":\"2025-08-26T10:45:29+00:00\",\"dateModified\":\"2026-02-20T09:56:36+00:00\",\"description\":\"S\u00fct aromas\u0131 bir\u00e7ok varyantta mevcuttur. Teklifimizde hem do\u011fal, s\u0131v\u0131 hem de duyusal profilleri farkl\u0131l\u0131k g\u00f6steren toz formlar\u0131 bulunmaktad\u0131r.\",\"breadcrumb\":{\"@id\":\"https:\\\/\\\/naturalpoland.com\\\/tr\\\/urunler\\\/gida-hammaddeleri\\\/aromalar\\\/diger-aromalar\\\/sut-aromasi\\\/#breadcrumb\"},\"inLanguage\":\"tr\",\"potentialAction\":[{\"@type\":\"ReadAction\",\"target\":[\"https:\\\/\\\/naturalpoland.com\\\/tr\\\/urunler\\\/gida-hammaddeleri\\\/aromalar\\\/diger-aromalar\\\/sut-aromasi\\\/\"]}]},{\"@type\":\"ImageObject\",\"inLanguage\":\"tr\",\"@id\":\"https:\\\/\\\/naturalpoland.com\\\/tr\\\/urunler\\\/gida-hammaddeleri\\\/aromalar\\\/diger-aromalar\\\/sut-aromasi\\\/#primaryimage\",\"url\":\"https:\\\/\\\/naturalpoland.com\\\/wp-content\\\/uploads\\\/aromat-mleczny.webp\",\"contentUrl\":\"https:\\\/\\\/naturalpoland.com\\\/wp-content\\\/uploads\\\/aromat-mleczny.webp\",\"width\":1024,\"height\":1024,\"caption\":\"s\u00fct aromas\u0131\"},{\"@type\":\"BreadcrumbList\",\"@id\":\"https:\\\/\\\/naturalpoland.com\\\/tr\\\/urunler\\\/gida-hammaddeleri\\\/aromalar\\\/diger-aromalar\\\/sut-aromasi\\\/#breadcrumb\",\"itemListElement\":[{\"@type\":\"ListItem\",\"position\":1,\"name\":\"Ana Sayfa\",\"item\":\"https:\\\/\\\/naturalpoland.com\\\/tr\\\/\"},{\"@type\":\"ListItem\",\"position\":2,\"name\":\"\u00dcr\u00fcnler\",\"item\":\"https:\\\/\\\/naturalpoland.com\\\/tr\\\/urunler\\\/\"},{\"@type\":\"ListItem\",\"position\":3,\"name\":\"S\u00fct Aromas\u0131\"}]},{\"@type\":\"WebSite\",\"@id\":\"https:\\\/\\\/naturalpoland.com\\\/tr\\\/#website\",\"url\":\"https:\\\/\\\/naturalpoland.com\\\/tr\\\/\",\"name\":\"NATURAL POLAND - Hurtowy Dystrybutor Surowc\u00f3w\",\"description\":\"Surowce dla przemys\u0142u spo\u017cywczego, kosmetycznego i farmaceutycznego\",\"publisher\":{\"@id\":\"https:\\\/\\\/naturalpoland.com\\\/tr\\\/#organization\"},\"potentialAction\":[{\"@type\":\"SearchAction\",\"target\":{\"@type\":\"EntryPoint\",\"urlTemplate\":\"https:\\\/\\\/naturalpoland.com\\\/tr\\\/?s={search_term_string}\"},\"query-input\":{\"@type\":\"PropertyValueSpecification\",\"valueRequired\":true,\"valueName\":\"search_term_string\"}}],\"inLanguage\":\"tr\"},{\"@type\":\"Organization\",\"@id\":\"https:\\\/\\\/naturalpoland.com\\\/tr\\\/#organization\",\"name\":\"Natural Poland\",\"url\":\"https:\\\/\\\/naturalpoland.com\\\/tr\\\/\",\"logo\":{\"@type\":\"ImageObject\",\"inLanguage\":\"tr\",\"@id\":\"https:\\\/\\\/naturalpoland.com\\\/tr\\\/#\\\/schema\\\/logo\\\/image\\\/\",\"url\":\"https:\\\/\\\/naturalpoland.com\\\/wp-content\\\/uploads\\\/2021\\\/05\\\/natural-poland-icon.png\",\"contentUrl\":\"https:\\\/\\\/naturalpoland.com\\\/wp-content\\\/uploads\\\/2021\\\/05\\\/natural-poland-icon.png\",\"width\":512,\"height\":512,\"caption\":\"Natural Poland\"},\"image\":{\"@id\":\"https:\\\/\\\/naturalpoland.com\\\/tr\\\/#\\\/schema\\\/logo\\\/image\\\/\"},\"sameAs\":[\"https:\\\/\\\/www.facebook.com\\\/naturalpoland.b2b\",\"https:\\\/\\\/pl.linkedin.com\\\/company\\\/natural-poland\",\"https:\\\/\\\/www.youtube.com\\\/channel\\\/UCgeGGkvOMahZo-xu_MSEWxg\"]}]}<\/script>\n<!-- \/ Yoast SEO plugin. -->","yoast_head_json":{"title":"S\u00fct Aromas\u0131 - Hurtowy Dystrybutor","description":"S\u00fct aromas\u0131 bir\u00e7ok varyantta mevcuttur. Teklifimizde hem do\u011fal, s\u0131v\u0131 hem de duyusal profilleri farkl\u0131l\u0131k g\u00f6steren toz formlar\u0131 bulunmaktad\u0131r.","robots":{"index":"index","follow":"follow","max-snippet":"max-snippet:-1","max-image-preview":"max-image-preview:large","max-video-preview":"max-video-preview:-1"},"canonical":"https:\/\/naturalpoland.com\/tr\/urunler\/gida-hammaddeleri\/aromalar\/diger-aromalar\/sut-aromasi\/","og_locale":"tr_TR","og_type":"article","og_title":"S\u00fct Aromas\u0131 - Hurtowy Dystrybutor","og_description":"S\u00fct aromas\u0131 bir\u00e7ok varyantta mevcuttur. Teklifimizde hem do\u011fal, s\u0131v\u0131 hem de duyusal profilleri farkl\u0131l\u0131k g\u00f6steren toz formlar\u0131 bulunmaktad\u0131r.","og_url":"https:\/\/naturalpoland.com\/tr\/urunler\/gida-hammaddeleri\/aromalar\/diger-aromalar\/sut-aromasi\/","og_site_name":"NATURAL POLAND - Hurtowy Dystrybutor Surowc\u00f3w","article_publisher":"https:\/\/www.facebook.com\/naturalpoland.b2b","article_modified_time":"2026-02-20T09:56:36+00:00","og_image":[{"width":1024,"height":1024,"url":"https:\/\/naturalpoland.com\/wp-content\/uploads\/aromat-mleczny.webp","type":"image\/webp"}],"schema":{"@context":"https:\/\/schema.org","@graph":[{"@type":"WebPage","@id":"https:\/\/naturalpoland.com\/tr\/urunler\/gida-hammaddeleri\/aromalar\/diger-aromalar\/sut-aromasi\/","url":"https:\/\/naturalpoland.com\/tr\/urunler\/gida-hammaddeleri\/aromalar\/diger-aromalar\/sut-aromasi\/","name":"S\u00fct Aromas\u0131 - Hurtowy Dystrybutor","isPartOf":{"@id":"https:\/\/naturalpoland.com\/tr\/#website"},"primaryImageOfPage":{"@id":"https:\/\/naturalpoland.com\/tr\/urunler\/gida-hammaddeleri\/aromalar\/diger-aromalar\/sut-aromasi\/#primaryimage"},"image":{"@id":"https:\/\/naturalpoland.com\/tr\/urunler\/gida-hammaddeleri\/aromalar\/diger-aromalar\/sut-aromasi\/#primaryimage"},"thumbnailUrl":"https:\/\/naturalpoland.com\/wp-content\/uploads\/aromat-mleczny.webp","datePublished":"2025-08-26T10:45:29+00:00","dateModified":"2026-02-20T09:56:36+00:00","description":"S\u00fct aromas\u0131 bir\u00e7ok varyantta mevcuttur. Teklifimizde hem do\u011fal, s\u0131v\u0131 hem de duyusal profilleri farkl\u0131l\u0131k g\u00f6steren toz formlar\u0131 bulunmaktad\u0131r.","breadcrumb":{"@id":"https:\/\/naturalpoland.com\/tr\/urunler\/gida-hammaddeleri\/aromalar\/diger-aromalar\/sut-aromasi\/#breadcrumb"},"inLanguage":"tr","potentialAction":[{"@type":"ReadAction","target":["https:\/\/naturalpoland.com\/tr\/urunler\/gida-hammaddeleri\/aromalar\/diger-aromalar\/sut-aromasi\/"]}]},{"@type":"ImageObject","inLanguage":"tr","@id":"https:\/\/naturalpoland.com\/tr\/urunler\/gida-hammaddeleri\/aromalar\/diger-aromalar\/sut-aromasi\/#primaryimage","url":"https:\/\/naturalpoland.com\/wp-content\/uploads\/aromat-mleczny.webp","contentUrl":"https:\/\/naturalpoland.com\/wp-content\/uploads\/aromat-mleczny.webp","width":1024,"height":1024,"caption":"s\u00fct aromas\u0131"},{"@type":"BreadcrumbList","@id":"https:\/\/naturalpoland.com\/tr\/urunler\/gida-hammaddeleri\/aromalar\/diger-aromalar\/sut-aromasi\/#breadcrumb","itemListElement":[{"@type":"ListItem","position":1,"name":"Ana Sayfa","item":"https:\/\/naturalpoland.com\/tr\/"},{"@type":"ListItem","position":2,"name":"\u00dcr\u00fcnler","item":"https:\/\/naturalpoland.com\/tr\/urunler\/"},{"@type":"ListItem","position":3,"name":"S\u00fct Aromas\u0131"}]},{"@type":"WebSite","@id":"https:\/\/naturalpoland.com\/tr\/#website","url":"https:\/\/naturalpoland.com\/tr\/","name":"NATURAL POLAND - Hurtowy Dystrybutor Surowc\u00f3w","description":"Surowce dla przemys\u0142u spo\u017cywczego, kosmetycznego i farmaceutycznego","publisher":{"@id":"https:\/\/naturalpoland.com\/tr\/#organization"},"potentialAction":[{"@type":"SearchAction","target":{"@type":"EntryPoint","urlTemplate":"https:\/\/naturalpoland.com\/tr\/?s={search_term_string}"},"query-input":{"@type":"PropertyValueSpecification","valueRequired":true,"valueName":"search_term_string"}}],"inLanguage":"tr"},{"@type":"Organization","@id":"https:\/\/naturalpoland.com\/tr\/#organization","name":"Natural Poland","url":"https:\/\/naturalpoland.com\/tr\/","logo":{"@type":"ImageObject","inLanguage":"tr","@id":"https:\/\/naturalpoland.com\/tr\/#\/schema\/logo\/image\/","url":"https:\/\/naturalpoland.com\/wp-content\/uploads\/2021\/05\/natural-poland-icon.png","contentUrl":"https:\/\/naturalpoland.com\/wp-content\/uploads\/2021\/05\/natural-poland-icon.png","width":512,"height":512,"caption":"Natural Poland"},"image":{"@id":"https:\/\/naturalpoland.com\/tr\/#\/schema\/logo\/image\/"},"sameAs":["https:\/\/www.facebook.com\/naturalpoland.b2b","https:\/\/pl.linkedin.com\/company\/natural-poland","https:\/\/www.youtube.com\/channel\/UCgeGGkvOMahZo-xu_MSEWxg"]}]}},"_links":{"self":[{"href":"https:\/\/naturalpoland.com\/tr\/wp-json\/wp\/v2\/product\/46092","targetHints":{"allow":["GET"]}}],"collection":[{"href":"https:\/\/naturalpoland.com\/tr\/wp-json\/wp\/v2\/product"}],"about":[{"href":"https:\/\/naturalpoland.com\/tr\/wp-json\/wp\/v2\/types\/product"}],"wp:featuredmedia":[{"embeddable":true,"href":"https:\/\/naturalpoland.com\/tr\/wp-json\/wp\/v2\/media\/46093"}],"wp:attachment":[{"href":"https:\/\/naturalpoland.com\/tr\/wp-json\/wp\/v2\/media?parent=46092"}],"wp:term":[{"taxonomy":"product_brand","embeddable":true,"href":"https:\/\/naturalpoland.com\/tr\/wp-json\/wp\/v2\/product_brand?post=46092"},{"taxonomy":"product_cat","embeddable":true,"href":"https:\/\/naturalpoland.com\/tr\/wp-json\/wp\/v2\/product_cat?post=46092"},{"taxonomy":"product_tag","embeddable":true,"href":"https:\/\/naturalpoland.com\/tr\/wp-json\/wp\/v2\/product_tag?post=46092"}],"curies":[{"name":"wp","href":"https:\/\/api.w.org\/{rel}","templated":true}]}}