{"id":46094,"date":"2025-09-04T14:34:28","date_gmt":"2025-09-04T12:34:28","guid":{"rendered":"https:\/\/naturalpoland.com\/produkty\/kategorilenmemis\/feslegen-yagi\/"},"modified":"2026-02-20T10:56:39","modified_gmt":"2026-02-20T09:56:39","slug":"feslegen-yagi","status":"publish","type":"product","link":"https:\/\/naturalpoland.com\/tr\/urunler\/kozmetik-hammaddeleri\/ucucu-yaglar\/feslegen-yagi\/","title":{"rendered":"Fesle\u011fen Ya\u011f\u0131"},"content":{"rendered":"<p>Fesle\u011fen ya\u011f\u0131, kemotipine ba\u011fl\u0131 olarak linalol, metil kavikol (estragol), \u00f6jenol ve sineol gibi y\u00fcksek oranda aktif madde i\u00e7erir. Birka\u00e7 farkl\u0131 aromatik-kimyasal varyasyonda sunulmaktad\u0131r. <\/p>\n<h2>Fesle\u011fen ya\u011f\u0131n\u0131n kullan\u0131m alanlar\u0131:<\/h2>\n<p>Do\u011fal kozmetik ve dermokozmetiklerde fesle\u011fen ya\u011f\u0131 <strong>temizleyici, detoksifiye edici ve tonlay\u0131c\u0131 bile\u015fen<\/strong> olarak kullan\u0131l\u0131r. Antiseptik ve ferahlat\u0131c\u0131 etkisi sayesinde ya\u011fl\u0131 ve karma ciltler i\u00e7in \u00fcr\u00fcnlerde, toniklerde, temizleme jellerinde, balsamlarda ve masaj ya\u011flar\u0131nda yer al\u0131r. Aromaterapi uygulamalar\u0131nda zihinsel ve yarat\u0131c\u0131 \u00e7al\u0131\u015fmaya uygun ortam aromatizasyonunda kullan\u0131l\u0131r; konsantrasyonu art\u0131r\u0131r, bili\u015fsel s\u00fcre\u00e7leri destekler ve stresi azalt\u0131r.  <\/p>\n<p>Takviye \u00fcr\u00fcnlerinde fesle\u011fen ya\u011f\u0131, ba\u011f\u0131\u015f\u0131kl\u0131k sistemini, solunum sistemini, sindirim sistemini ve genel v\u00fccut rejenerasyonunu destekleyen form\u00fcllerde aktif bile\u015fen olarak kullan\u0131labilir. Antibakteriyel ve antikonv\u00fclsan \u00f6zellikleri, onu fonksiyonel etkili re\u00e7etelerde de faydal\u0131 k\u0131lar. <\/p>\n<h2>Fesle\u011fen u\u00e7ucu ya\u011f\u0131 varyantlar\u0131:<\/h2>\n<p>Teknolojik ihtiya\u00e7lara ve beklenen duyusal etkiye ba\u011fl\u0131 olarak farkl\u0131 ya\u011f tipleri mevcuttur:<\/p>\n<ul>\n<li><strong>Klasik fesle\u011fen ya\u011f\u0131<\/strong> \u2013 taze, bitkisel, evrensel aromatik profil, kozmetik ve wellness \u00fcr\u00fcnleri i\u00e7in \u00f6nerilir.<\/li>\n<li><strong>Linalol fesle\u011fen ya\u011f\u0131 (Grand Vert)<\/strong> \u2013 daha yumu\u015fak koku, bask\u0131n linalol notas\u0131, yat\u0131\u015ft\u0131r\u0131c\u0131 ve bak\u0131m form\u00fclleri i\u00e7in \u00f6nerilir.<\/li>\n<li><strong>Tropikal fesle\u011fen ya\u011f\u0131<\/strong> \u2013 belirgin estragol notas\u0131 ile daha yo\u011fun, baharatl\u0131 aroma, aromaterapi uygulamalar\u0131 ve masajlar i\u00e7in \u00f6nerilir.<\/li>\n<li><strong>Tropikal fesle\u011fen ya\u011f\u0131 ct. metil kavikol <\/strong>  \u2013 y\u00fcksek metil kavikol oran\u0131, \u00f6zel re\u00e7eteler i\u00e7in tasarlanm\u0131\u015ft\u0131r.<\/li>\n<\/ul>\n<p>&nbsp;<\/p>\n<p>&nbsp;<\/p>\n","protected":false},"excerpt":{"rendered":"<p><strong>Fesle\u011fen ya\u011f\u0131<\/strong> (INCI: <em>Ocimum Basilicum Oil<\/em>), fesle\u011fenin yaprak ve \u00e7i\u00e7eklerinden buhar distilasyonu ile elde edilen %100 do\u011fal bir u\u00e7ucu ya\u011fd\u0131r. \u00dcr\u00fcn, y\u00fcksek biyolojik aktivite ile g\u00fc\u00e7l\u00fc aromatik ve fonksiyonel \u00f6zellikler g\u00f6sterir. <\/p>\n","protected":false},"featured_media":46095,"template":"","meta":[],"product_brand":[],"product_cat":[9552],"product_tag":[],"class_list":{"0":"post-46094","1":"product","2":"type-product","3":"status-publish","4":"has-post-thumbnail","6":"product_cat-ucucu-yaglar","7":"pa_czesc-rosliny-yapraklar-2","9":"first","10":"instock","11":"shipping-taxable","12":"product-type-simple"},"yoast_head":"<!-- This site is optimized with the Yoast SEO plugin v27.3 - https:\/\/yoast.com\/product\/yoast-seo-wordpress\/ -->\n<title>Fesle\u011fen Ya\u011f\u0131 - Hurtowy Dystrybutor<\/title>\n<meta name=\"description\" content=\"Fesle\u011fen ya\u011f\u0131, fesle\u011fen bitkisinin yaprak ve \u00e7i\u00e7eklerinden su buhar\u0131 distilasyonu y\u00f6ntemiyle elde edilen y\u00fcksek kaliteli do\u011fal bir u\u00e7ucu ya\u011fd\u0131r.\" \/>\n<meta name=\"robots\" content=\"index, follow, max-snippet:-1, max-image-preview:large, max-video-preview:-1\" \/>\n<link rel=\"canonical\" href=\"https:\/\/naturalpoland.com\/tr\/urunler\/kozmetik-hammaddeleri\/ucucu-yaglar\/feslegen-yagi\/\" \/>\n<meta property=\"og:locale\" content=\"tr_TR\" \/>\n<meta property=\"og:type\" content=\"article\" \/>\n<meta property=\"og:title\" content=\"Fesle\u011fen Ya\u011f\u0131 - Hurtowy Dystrybutor\" \/>\n<meta property=\"og:description\" content=\"Fesle\u011fen ya\u011f\u0131, fesle\u011fen bitkisinin yaprak ve \u00e7i\u00e7eklerinden su buhar\u0131 distilasyonu y\u00f6ntemiyle elde edilen y\u00fcksek kaliteli do\u011fal bir u\u00e7ucu ya\u011fd\u0131r.\" \/>\n<meta property=\"og:url\" content=\"https:\/\/naturalpoland.com\/tr\/urunler\/kozmetik-hammaddeleri\/ucucu-yaglar\/feslegen-yagi\/\" \/>\n<meta property=\"og:site_name\" content=\"NATURAL POLAND - Hurtowy Dystrybutor Surowc\u00f3w\" \/>\n<meta property=\"article:publisher\" content=\"https:\/\/www.facebook.com\/naturalpoland.b2b\" \/>\n<meta property=\"article:modified_time\" content=\"2026-02-20T09:56:39+00:00\" \/>\n<meta property=\"og:image\" content=\"https:\/\/naturalpoland.com\/wp-content\/uploads\/olejek-bazyliowy.webp\" \/>\n\t<meta property=\"og:image:width\" content=\"1024\" \/>\n\t<meta property=\"og:image:height\" content=\"1024\" \/>\n\t<meta property=\"og:image:type\" content=\"image\/webp\" \/>\n<script type=\"application\/ld+json\" class=\"yoast-schema-graph\">{\"@context\":\"https:\\\/\\\/schema.org\",\"@graph\":[{\"@type\":\"WebPage\",\"@id\":\"https:\\\/\\\/naturalpoland.com\\\/tr\\\/urunler\\\/kozmetik-hammaddeleri\\\/ucucu-yaglar\\\/feslegen-yagi\\\/\",\"url\":\"https:\\\/\\\/naturalpoland.com\\\/tr\\\/urunler\\\/kozmetik-hammaddeleri\\\/ucucu-yaglar\\\/feslegen-yagi\\\/\",\"name\":\"Fesle\u011fen Ya\u011f\u0131 - Hurtowy Dystrybutor\",\"isPartOf\":{\"@id\":\"https:\\\/\\\/naturalpoland.com\\\/tr\\\/#website\"},\"primaryImageOfPage\":{\"@id\":\"https:\\\/\\\/naturalpoland.com\\\/tr\\\/urunler\\\/kozmetik-hammaddeleri\\\/ucucu-yaglar\\\/feslegen-yagi\\\/#primaryimage\"},\"image\":{\"@id\":\"https:\\\/\\\/naturalpoland.com\\\/tr\\\/urunler\\\/kozmetik-hammaddeleri\\\/ucucu-yaglar\\\/feslegen-yagi\\\/#primaryimage\"},\"thumbnailUrl\":\"https:\\\/\\\/naturalpoland.com\\\/wp-content\\\/uploads\\\/olejek-bazyliowy.webp\",\"datePublished\":\"2025-09-04T12:34:28+00:00\",\"dateModified\":\"2026-02-20T09:56:39+00:00\",\"description\":\"Fesle\u011fen ya\u011f\u0131, fesle\u011fen bitkisinin yaprak ve \u00e7i\u00e7eklerinden su buhar\u0131 distilasyonu y\u00f6ntemiyle elde edilen y\u00fcksek kaliteli do\u011fal bir u\u00e7ucu ya\u011fd\u0131r.\",\"breadcrumb\":{\"@id\":\"https:\\\/\\\/naturalpoland.com\\\/tr\\\/urunler\\\/kozmetik-hammaddeleri\\\/ucucu-yaglar\\\/feslegen-yagi\\\/#breadcrumb\"},\"inLanguage\":\"tr\",\"potentialAction\":[{\"@type\":\"ReadAction\",\"target\":[\"https:\\\/\\\/naturalpoland.com\\\/tr\\\/urunler\\\/kozmetik-hammaddeleri\\\/ucucu-yaglar\\\/feslegen-yagi\\\/\"]}]},{\"@type\":\"ImageObject\",\"inLanguage\":\"tr\",\"@id\":\"https:\\\/\\\/naturalpoland.com\\\/tr\\\/urunler\\\/kozmetik-hammaddeleri\\\/ucucu-yaglar\\\/feslegen-yagi\\\/#primaryimage\",\"url\":\"https:\\\/\\\/naturalpoland.com\\\/wp-content\\\/uploads\\\/olejek-bazyliowy.webp\",\"contentUrl\":\"https:\\\/\\\/naturalpoland.com\\\/wp-content\\\/uploads\\\/olejek-bazyliowy.webp\",\"width\":1024,\"height\":1024,\"caption\":\"fesle\u011fen ya\u011f\u0131\"},{\"@type\":\"BreadcrumbList\",\"@id\":\"https:\\\/\\\/naturalpoland.com\\\/tr\\\/urunler\\\/kozmetik-hammaddeleri\\\/ucucu-yaglar\\\/feslegen-yagi\\\/#breadcrumb\",\"itemListElement\":[{\"@type\":\"ListItem\",\"position\":1,\"name\":\"Ana Sayfa\",\"item\":\"https:\\\/\\\/naturalpoland.com\\\/tr\\\/\"},{\"@type\":\"ListItem\",\"position\":2,\"name\":\"\u00dcr\u00fcnler\",\"item\":\"https:\\\/\\\/naturalpoland.com\\\/tr\\\/urunler\\\/\"},{\"@type\":\"ListItem\",\"position\":3,\"name\":\"Fesle\u011fen Ya\u011f\u0131\"}]},{\"@type\":\"WebSite\",\"@id\":\"https:\\\/\\\/naturalpoland.com\\\/tr\\\/#website\",\"url\":\"https:\\\/\\\/naturalpoland.com\\\/tr\\\/\",\"name\":\"NATURAL POLAND - Hurtowy Dystrybutor Surowc\u00f3w\",\"description\":\"Surowce dla przemys\u0142u spo\u017cywczego, kosmetycznego i farmaceutycznego\",\"publisher\":{\"@id\":\"https:\\\/\\\/naturalpoland.com\\\/tr\\\/#organization\"},\"potentialAction\":[{\"@type\":\"SearchAction\",\"target\":{\"@type\":\"EntryPoint\",\"urlTemplate\":\"https:\\\/\\\/naturalpoland.com\\\/tr\\\/?s={search_term_string}\"},\"query-input\":{\"@type\":\"PropertyValueSpecification\",\"valueRequired\":true,\"valueName\":\"search_term_string\"}}],\"inLanguage\":\"tr\"},{\"@type\":\"Organization\",\"@id\":\"https:\\\/\\\/naturalpoland.com\\\/tr\\\/#organization\",\"name\":\"Natural Poland\",\"url\":\"https:\\\/\\\/naturalpoland.com\\\/tr\\\/\",\"logo\":{\"@type\":\"ImageObject\",\"inLanguage\":\"tr\",\"@id\":\"https:\\\/\\\/naturalpoland.com\\\/tr\\\/#\\\/schema\\\/logo\\\/image\\\/\",\"url\":\"https:\\\/\\\/naturalpoland.com\\\/wp-content\\\/uploads\\\/2021\\\/05\\\/natural-poland-icon.png\",\"contentUrl\":\"https:\\\/\\\/naturalpoland.com\\\/wp-content\\\/uploads\\\/2021\\\/05\\\/natural-poland-icon.png\",\"width\":512,\"height\":512,\"caption\":\"Natural Poland\"},\"image\":{\"@id\":\"https:\\\/\\\/naturalpoland.com\\\/tr\\\/#\\\/schema\\\/logo\\\/image\\\/\"},\"sameAs\":[\"https:\\\/\\\/www.facebook.com\\\/naturalpoland.b2b\",\"https:\\\/\\\/pl.linkedin.com\\\/company\\\/natural-poland\",\"https:\\\/\\\/www.youtube.com\\\/channel\\\/UCgeGGkvOMahZo-xu_MSEWxg\"]}]}<\/script>\n<!-- \/ Yoast SEO plugin. -->","yoast_head_json":{"title":"Fesle\u011fen Ya\u011f\u0131 - Hurtowy Dystrybutor","description":"Fesle\u011fen ya\u011f\u0131, fesle\u011fen bitkisinin yaprak ve \u00e7i\u00e7eklerinden su buhar\u0131 distilasyonu y\u00f6ntemiyle elde edilen y\u00fcksek kaliteli do\u011fal bir u\u00e7ucu ya\u011fd\u0131r.","robots":{"index":"index","follow":"follow","max-snippet":"max-snippet:-1","max-image-preview":"max-image-preview:large","max-video-preview":"max-video-preview:-1"},"canonical":"https:\/\/naturalpoland.com\/tr\/urunler\/kozmetik-hammaddeleri\/ucucu-yaglar\/feslegen-yagi\/","og_locale":"tr_TR","og_type":"article","og_title":"Fesle\u011fen Ya\u011f\u0131 - Hurtowy Dystrybutor","og_description":"Fesle\u011fen ya\u011f\u0131, fesle\u011fen bitkisinin yaprak ve \u00e7i\u00e7eklerinden su buhar\u0131 distilasyonu y\u00f6ntemiyle elde edilen y\u00fcksek kaliteli do\u011fal bir u\u00e7ucu ya\u011fd\u0131r.","og_url":"https:\/\/naturalpoland.com\/tr\/urunler\/kozmetik-hammaddeleri\/ucucu-yaglar\/feslegen-yagi\/","og_site_name":"NATURAL POLAND - Hurtowy Dystrybutor Surowc\u00f3w","article_publisher":"https:\/\/www.facebook.com\/naturalpoland.b2b","article_modified_time":"2026-02-20T09:56:39+00:00","og_image":[{"width":1024,"height":1024,"url":"https:\/\/naturalpoland.com\/wp-content\/uploads\/olejek-bazyliowy.webp","type":"image\/webp"}],"schema":{"@context":"https:\/\/schema.org","@graph":[{"@type":"WebPage","@id":"https:\/\/naturalpoland.com\/tr\/urunler\/kozmetik-hammaddeleri\/ucucu-yaglar\/feslegen-yagi\/","url":"https:\/\/naturalpoland.com\/tr\/urunler\/kozmetik-hammaddeleri\/ucucu-yaglar\/feslegen-yagi\/","name":"Fesle\u011fen Ya\u011f\u0131 - Hurtowy Dystrybutor","isPartOf":{"@id":"https:\/\/naturalpoland.com\/tr\/#website"},"primaryImageOfPage":{"@id":"https:\/\/naturalpoland.com\/tr\/urunler\/kozmetik-hammaddeleri\/ucucu-yaglar\/feslegen-yagi\/#primaryimage"},"image":{"@id":"https:\/\/naturalpoland.com\/tr\/urunler\/kozmetik-hammaddeleri\/ucucu-yaglar\/feslegen-yagi\/#primaryimage"},"thumbnailUrl":"https:\/\/naturalpoland.com\/wp-content\/uploads\/olejek-bazyliowy.webp","datePublished":"2025-09-04T12:34:28+00:00","dateModified":"2026-02-20T09:56:39+00:00","description":"Fesle\u011fen ya\u011f\u0131, fesle\u011fen bitkisinin yaprak ve \u00e7i\u00e7eklerinden su buhar\u0131 distilasyonu y\u00f6ntemiyle elde edilen y\u00fcksek kaliteli do\u011fal bir u\u00e7ucu ya\u011fd\u0131r.","breadcrumb":{"@id":"https:\/\/naturalpoland.com\/tr\/urunler\/kozmetik-hammaddeleri\/ucucu-yaglar\/feslegen-yagi\/#breadcrumb"},"inLanguage":"tr","potentialAction":[{"@type":"ReadAction","target":["https:\/\/naturalpoland.com\/tr\/urunler\/kozmetik-hammaddeleri\/ucucu-yaglar\/feslegen-yagi\/"]}]},{"@type":"ImageObject","inLanguage":"tr","@id":"https:\/\/naturalpoland.com\/tr\/urunler\/kozmetik-hammaddeleri\/ucucu-yaglar\/feslegen-yagi\/#primaryimage","url":"https:\/\/naturalpoland.com\/wp-content\/uploads\/olejek-bazyliowy.webp","contentUrl":"https:\/\/naturalpoland.com\/wp-content\/uploads\/olejek-bazyliowy.webp","width":1024,"height":1024,"caption":"fesle\u011fen ya\u011f\u0131"},{"@type":"BreadcrumbList","@id":"https:\/\/naturalpoland.com\/tr\/urunler\/kozmetik-hammaddeleri\/ucucu-yaglar\/feslegen-yagi\/#breadcrumb","itemListElement":[{"@type":"ListItem","position":1,"name":"Ana Sayfa","item":"https:\/\/naturalpoland.com\/tr\/"},{"@type":"ListItem","position":2,"name":"\u00dcr\u00fcnler","item":"https:\/\/naturalpoland.com\/tr\/urunler\/"},{"@type":"ListItem","position":3,"name":"Fesle\u011fen Ya\u011f\u0131"}]},{"@type":"WebSite","@id":"https:\/\/naturalpoland.com\/tr\/#website","url":"https:\/\/naturalpoland.com\/tr\/","name":"NATURAL POLAND - Hurtowy Dystrybutor Surowc\u00f3w","description":"Surowce dla przemys\u0142u spo\u017cywczego, kosmetycznego i farmaceutycznego","publisher":{"@id":"https:\/\/naturalpoland.com\/tr\/#organization"},"potentialAction":[{"@type":"SearchAction","target":{"@type":"EntryPoint","urlTemplate":"https:\/\/naturalpoland.com\/tr\/?s={search_term_string}"},"query-input":{"@type":"PropertyValueSpecification","valueRequired":true,"valueName":"search_term_string"}}],"inLanguage":"tr"},{"@type":"Organization","@id":"https:\/\/naturalpoland.com\/tr\/#organization","name":"Natural Poland","url":"https:\/\/naturalpoland.com\/tr\/","logo":{"@type":"ImageObject","inLanguage":"tr","@id":"https:\/\/naturalpoland.com\/tr\/#\/schema\/logo\/image\/","url":"https:\/\/naturalpoland.com\/wp-content\/uploads\/2021\/05\/natural-poland-icon.png","contentUrl":"https:\/\/naturalpoland.com\/wp-content\/uploads\/2021\/05\/natural-poland-icon.png","width":512,"height":512,"caption":"Natural Poland"},"image":{"@id":"https:\/\/naturalpoland.com\/tr\/#\/schema\/logo\/image\/"},"sameAs":["https:\/\/www.facebook.com\/naturalpoland.b2b","https:\/\/pl.linkedin.com\/company\/natural-poland","https:\/\/www.youtube.com\/channel\/UCgeGGkvOMahZo-xu_MSEWxg"]}]}},"_links":{"self":[{"href":"https:\/\/naturalpoland.com\/tr\/wp-json\/wp\/v2\/product\/46094","targetHints":{"allow":["GET"]}}],"collection":[{"href":"https:\/\/naturalpoland.com\/tr\/wp-json\/wp\/v2\/product"}],"about":[{"href":"https:\/\/naturalpoland.com\/tr\/wp-json\/wp\/v2\/types\/product"}],"wp:featuredmedia":[{"embeddable":true,"href":"https:\/\/naturalpoland.com\/tr\/wp-json\/wp\/v2\/media\/46095"}],"wp:attachment":[{"href":"https:\/\/naturalpoland.com\/tr\/wp-json\/wp\/v2\/media?parent=46094"}],"wp:term":[{"taxonomy":"product_brand","embeddable":true,"href":"https:\/\/naturalpoland.com\/tr\/wp-json\/wp\/v2\/product_brand?post=46094"},{"taxonomy":"product_cat","embeddable":true,"href":"https:\/\/naturalpoland.com\/tr\/wp-json\/wp\/v2\/product_cat?post=46094"},{"taxonomy":"product_tag","embeddable":true,"href":"https:\/\/naturalpoland.com\/tr\/wp-json\/wp\/v2\/product_tag?post=46094"}],"curies":[{"name":"wp","href":"https:\/\/api.w.org\/{rel}","templated":true}]}}