{"id":46096,"date":"2025-08-26T12:32:43","date_gmt":"2025-08-26T10:32:43","guid":{"rendered":"https:\/\/naturalpoland.com\/produkty\/kategorilenmemis\/dulce-de-leche-aromasi\/"},"modified":"2026-02-20T10:56:59","modified_gmt":"2026-02-20T09:56:59","slug":"dulce-de-leche-aromasi","status":"publish","type":"product","link":"https:\/\/naturalpoland.com\/tr\/urunler\/gida-hammaddeleri\/aromalar\/tatli-aromalar\/dulce-de-leche-aromasi\/","title":{"rendered":"Dulce de leche aromas\u0131"},"content":{"rendered":"<p><strong>Do\u011fal s\u0131v\u0131 dulce de leche aromas\u0131<\/strong>, tatl\u0131, s\u0131cak, s\u00fctl\u00fc karamel benzeri bir profile sahiptir. Geleneksel dulce de leche&#8217;nin tad\u0131n\u0131 ve kokusunu m\u00fckemmel \u015fekilde yans\u0131t\u0131r. <\/p>\n<ul>\n<li><strong>S\u0131cakl\u0131k k\u0131s\u0131tlamas\u0131<\/strong>: \u0131s\u0131l i\u015flem i\u00e7in \u00f6nerilmez<\/li>\n<li><strong>Kullan\u0131m alanlar\u0131:<\/strong> so\u011fuk \u00fcr\u00fcnler, s\u00fct \u00fcr\u00fcnleri, tatl\u0131lar, pasta kremalar\u0131, dondurmalar, tatl\u0131 profilli takviyeler<\/li>\n<\/ul>\n<p><strong>S\u0131v\u0131 dulce de leche aromas\u0131 (ta\u015f\u0131y\u0131c\u0131: glikol)<\/strong>, yo\u011fun, p\u00fcr\u00fczs\u00fcz s\u00fctl\u00fc-karamel profilli klasik bir versiyondur. Glikol i\u00e7eri\u011fi sayesinde su ve ya\u011f bazl\u0131 \u00fcr\u00fcnlerde iyi da\u011f\u0131l\u0131r. <\/p>\n<ul>\n<li><strong>Kullan\u0131m alanlar\u0131:<\/strong> \u015fekerleme \u00fcr\u00fcnleri, dondurmalar, dolgular, s\u00fctl\u00fc i\u00e7ecekler, bitkisel s\u00fctler, protein kremalar\u0131, barlar<\/li>\n<\/ul>\n<p>&nbsp;<\/p>\n<h2>Dulce de Leche aromas\u0131n\u0131n kullan\u0131m alanlar\u0131<\/h2>\n<ul>\n<li>S\u00fct \u00fcr\u00fcnleri: aromal\u0131 s\u00fctler, kefirler, yo\u011furtlar, dondurmalar<\/li>\n<li>Tatl\u0131lar ve \u015fekerleme: dolgular, karamel k\u00fctleleri, soslar, kekler, kremalar<\/li>\n<li>Takviyeler ve besinler: protein takviyeleri, fonksiyonel tozlar, efervesan tabletler<\/li>\n<li>Vegan \u00fcr\u00fcnler: bitkisel i\u00e7eceklerin, tatl\u0131lar\u0131n ve hindistan cevizi, yulaf veya badem s\u00fct\u00fc bazl\u0131 kremalar\u0131n aromaland\u0131r\u0131lmas\u0131<\/li>\n<li>Eczac\u0131l\u0131k ve nutras\u00f6tikler: aktif maddelerin ac\u0131 tatlar\u0131n\u0131 maskeleme<\/li>\n<\/ul>\n<p>&nbsp;<\/p>\n","protected":false},"excerpt":{"rendered":"<p><strong>Dulce de Leche Aromas\u0131<\/strong>, geleneksel G\u00fcney Amerika lezzeti olan s\u00fctl\u00fc karamelden esinlenilmi\u015f, son derece i\u015ftah a\u00e7\u0131c\u0131 ve kremsi bir bile\u015fimdir. Ha\u015flanm\u0131\u015f yo\u011funla\u015ft\u0131r\u0131lm\u0131\u015f s\u00fct, vanilya ve hafif tereya\u011f\u0131 notalar\u0131n\u0131 \u00e7a\u011fr\u0131\u015ft\u0131ran derin, tatl\u0131, karamelli-s\u00fctl\u00fc bir tat ve koku profiline sahiptir. <\/p>\n","protected":false},"featured_media":46097,"template":"","meta":[],"product_brand":[],"product_cat":[9561],"product_tag":[],"class_list":{"0":"post-46096","1":"product","2":"type-product","3":"status-publish","4":"has-post-thumbnail","6":"product_cat-tatli-aromalar","8":"first","9":"instock","10":"shipping-taxable","11":"product-type-simple"},"yoast_head":"<!-- This site is optimized with the Yoast SEO plugin v27.3 - https:\/\/yoast.com\/product\/yoast-seo-wordpress\/ -->\n<title>Dulce de leche aromas\u0131 - Hurtowy Dystrybutor<\/title>\n<meta name=\"description\" content=\"Dulce de Leche Aromas\u0131, geleneksel G\u00fcney Amerika lezzeti olan s\u00fctl\u00fc karamelden esinlenilmi\u015f, son derece i\u015ftah a\u00e7\u0131c\u0131 ve kremsi bir bile\u015fimdir.\" \/>\n<meta name=\"robots\" content=\"index, follow, max-snippet:-1, max-image-preview:large, max-video-preview:-1\" \/>\n<link rel=\"canonical\" href=\"https:\/\/naturalpoland.com\/tr\/urunler\/gida-hammaddeleri\/aromalar\/tatli-aromalar\/dulce-de-leche-aromasi\/\" \/>\n<meta property=\"og:locale\" content=\"tr_TR\" \/>\n<meta property=\"og:type\" content=\"article\" \/>\n<meta property=\"og:title\" content=\"Dulce de leche aromas\u0131 - Hurtowy Dystrybutor\" \/>\n<meta property=\"og:description\" content=\"Dulce de Leche Aromas\u0131, geleneksel G\u00fcney Amerika lezzeti olan s\u00fctl\u00fc karamelden esinlenilmi\u015f, son derece i\u015ftah a\u00e7\u0131c\u0131 ve kremsi bir bile\u015fimdir.\" \/>\n<meta property=\"og:url\" content=\"https:\/\/naturalpoland.com\/tr\/urunler\/gida-hammaddeleri\/aromalar\/tatli-aromalar\/dulce-de-leche-aromasi\/\" \/>\n<meta property=\"og:site_name\" content=\"NATURAL POLAND - Hurtowy Dystrybutor Surowc\u00f3w\" \/>\n<meta property=\"article:publisher\" content=\"https:\/\/www.facebook.com\/naturalpoland.b2b\" \/>\n<meta property=\"article:modified_time\" content=\"2026-02-20T09:56:59+00:00\" \/>\n<meta property=\"og:image\" content=\"https:\/\/naturalpoland.com\/wp-content\/uploads\/aromat-dulce-de-leche.webp\" \/>\n\t<meta property=\"og:image:width\" content=\"1024\" \/>\n\t<meta property=\"og:image:height\" content=\"1024\" \/>\n\t<meta property=\"og:image:type\" content=\"image\/webp\" \/>\n<script type=\"application\/ld+json\" class=\"yoast-schema-graph\">{\"@context\":\"https:\\\/\\\/schema.org\",\"@graph\":[{\"@type\":\"WebPage\",\"@id\":\"https:\\\/\\\/naturalpoland.com\\\/tr\\\/urunler\\\/gida-hammaddeleri\\\/aromalar\\\/tatli-aromalar\\\/dulce-de-leche-aromasi\\\/\",\"url\":\"https:\\\/\\\/naturalpoland.com\\\/tr\\\/urunler\\\/gida-hammaddeleri\\\/aromalar\\\/tatli-aromalar\\\/dulce-de-leche-aromasi\\\/\",\"name\":\"Dulce de leche aromas\u0131 - Hurtowy Dystrybutor\",\"isPartOf\":{\"@id\":\"https:\\\/\\\/naturalpoland.com\\\/tr\\\/#website\"},\"primaryImageOfPage\":{\"@id\":\"https:\\\/\\\/naturalpoland.com\\\/tr\\\/urunler\\\/gida-hammaddeleri\\\/aromalar\\\/tatli-aromalar\\\/dulce-de-leche-aromasi\\\/#primaryimage\"},\"image\":{\"@id\":\"https:\\\/\\\/naturalpoland.com\\\/tr\\\/urunler\\\/gida-hammaddeleri\\\/aromalar\\\/tatli-aromalar\\\/dulce-de-leche-aromasi\\\/#primaryimage\"},\"thumbnailUrl\":\"https:\\\/\\\/naturalpoland.com\\\/wp-content\\\/uploads\\\/aromat-dulce-de-leche.webp\",\"datePublished\":\"2025-08-26T10:32:43+00:00\",\"dateModified\":\"2026-02-20T09:56:59+00:00\",\"description\":\"Dulce de Leche Aromas\u0131, geleneksel G\u00fcney Amerika lezzeti olan s\u00fctl\u00fc karamelden esinlenilmi\u015f, son derece i\u015ftah a\u00e7\u0131c\u0131 ve kremsi bir bile\u015fimdir.\",\"breadcrumb\":{\"@id\":\"https:\\\/\\\/naturalpoland.com\\\/tr\\\/urunler\\\/gida-hammaddeleri\\\/aromalar\\\/tatli-aromalar\\\/dulce-de-leche-aromasi\\\/#breadcrumb\"},\"inLanguage\":\"tr\",\"potentialAction\":[{\"@type\":\"ReadAction\",\"target\":[\"https:\\\/\\\/naturalpoland.com\\\/tr\\\/urunler\\\/gida-hammaddeleri\\\/aromalar\\\/tatli-aromalar\\\/dulce-de-leche-aromasi\\\/\"]}]},{\"@type\":\"ImageObject\",\"inLanguage\":\"tr\",\"@id\":\"https:\\\/\\\/naturalpoland.com\\\/tr\\\/urunler\\\/gida-hammaddeleri\\\/aromalar\\\/tatli-aromalar\\\/dulce-de-leche-aromasi\\\/#primaryimage\",\"url\":\"https:\\\/\\\/naturalpoland.com\\\/wp-content\\\/uploads\\\/aromat-dulce-de-leche.webp\",\"contentUrl\":\"https:\\\/\\\/naturalpoland.com\\\/wp-content\\\/uploads\\\/aromat-dulce-de-leche.webp\",\"width\":1024,\"height\":1024,\"caption\":\"S\u0131v\u0131 Dulce de Leche Aromas\u0131\"},{\"@type\":\"BreadcrumbList\",\"@id\":\"https:\\\/\\\/naturalpoland.com\\\/tr\\\/urunler\\\/gida-hammaddeleri\\\/aromalar\\\/tatli-aromalar\\\/dulce-de-leche-aromasi\\\/#breadcrumb\",\"itemListElement\":[{\"@type\":\"ListItem\",\"position\":1,\"name\":\"Ana Sayfa\",\"item\":\"https:\\\/\\\/naturalpoland.com\\\/tr\\\/\"},{\"@type\":\"ListItem\",\"position\":2,\"name\":\"\u00dcr\u00fcnler\",\"item\":\"https:\\\/\\\/naturalpoland.com\\\/tr\\\/urunler\\\/\"},{\"@type\":\"ListItem\",\"position\":3,\"name\":\"Dulce de leche aromas\u0131\"}]},{\"@type\":\"WebSite\",\"@id\":\"https:\\\/\\\/naturalpoland.com\\\/tr\\\/#website\",\"url\":\"https:\\\/\\\/naturalpoland.com\\\/tr\\\/\",\"name\":\"NATURAL POLAND - Hurtowy Dystrybutor Surowc\u00f3w\",\"description\":\"Surowce dla przemys\u0142u spo\u017cywczego, kosmetycznego i farmaceutycznego\",\"publisher\":{\"@id\":\"https:\\\/\\\/naturalpoland.com\\\/tr\\\/#organization\"},\"potentialAction\":[{\"@type\":\"SearchAction\",\"target\":{\"@type\":\"EntryPoint\",\"urlTemplate\":\"https:\\\/\\\/naturalpoland.com\\\/tr\\\/?s={search_term_string}\"},\"query-input\":{\"@type\":\"PropertyValueSpecification\",\"valueRequired\":true,\"valueName\":\"search_term_string\"}}],\"inLanguage\":\"tr\"},{\"@type\":\"Organization\",\"@id\":\"https:\\\/\\\/naturalpoland.com\\\/tr\\\/#organization\",\"name\":\"Natural Poland\",\"url\":\"https:\\\/\\\/naturalpoland.com\\\/tr\\\/\",\"logo\":{\"@type\":\"ImageObject\",\"inLanguage\":\"tr\",\"@id\":\"https:\\\/\\\/naturalpoland.com\\\/tr\\\/#\\\/schema\\\/logo\\\/image\\\/\",\"url\":\"https:\\\/\\\/naturalpoland.com\\\/wp-content\\\/uploads\\\/2021\\\/05\\\/natural-poland-icon.png\",\"contentUrl\":\"https:\\\/\\\/naturalpoland.com\\\/wp-content\\\/uploads\\\/2021\\\/05\\\/natural-poland-icon.png\",\"width\":512,\"height\":512,\"caption\":\"Natural Poland\"},\"image\":{\"@id\":\"https:\\\/\\\/naturalpoland.com\\\/tr\\\/#\\\/schema\\\/logo\\\/image\\\/\"},\"sameAs\":[\"https:\\\/\\\/www.facebook.com\\\/naturalpoland.b2b\",\"https:\\\/\\\/pl.linkedin.com\\\/company\\\/natural-poland\",\"https:\\\/\\\/www.youtube.com\\\/channel\\\/UCgeGGkvOMahZo-xu_MSEWxg\"]}]}<\/script>\n<!-- \/ Yoast SEO plugin. -->","yoast_head_json":{"title":"Dulce de leche aromas\u0131 - Hurtowy Dystrybutor","description":"Dulce de Leche Aromas\u0131, geleneksel G\u00fcney Amerika lezzeti olan s\u00fctl\u00fc karamelden esinlenilmi\u015f, son derece i\u015ftah a\u00e7\u0131c\u0131 ve kremsi bir bile\u015fimdir.","robots":{"index":"index","follow":"follow","max-snippet":"max-snippet:-1","max-image-preview":"max-image-preview:large","max-video-preview":"max-video-preview:-1"},"canonical":"https:\/\/naturalpoland.com\/tr\/urunler\/gida-hammaddeleri\/aromalar\/tatli-aromalar\/dulce-de-leche-aromasi\/","og_locale":"tr_TR","og_type":"article","og_title":"Dulce de leche aromas\u0131 - Hurtowy Dystrybutor","og_description":"Dulce de Leche Aromas\u0131, geleneksel G\u00fcney Amerika lezzeti olan s\u00fctl\u00fc karamelden esinlenilmi\u015f, son derece i\u015ftah a\u00e7\u0131c\u0131 ve kremsi bir bile\u015fimdir.","og_url":"https:\/\/naturalpoland.com\/tr\/urunler\/gida-hammaddeleri\/aromalar\/tatli-aromalar\/dulce-de-leche-aromasi\/","og_site_name":"NATURAL POLAND - Hurtowy Dystrybutor Surowc\u00f3w","article_publisher":"https:\/\/www.facebook.com\/naturalpoland.b2b","article_modified_time":"2026-02-20T09:56:59+00:00","og_image":[{"width":1024,"height":1024,"url":"https:\/\/naturalpoland.com\/wp-content\/uploads\/aromat-dulce-de-leche.webp","type":"image\/webp"}],"schema":{"@context":"https:\/\/schema.org","@graph":[{"@type":"WebPage","@id":"https:\/\/naturalpoland.com\/tr\/urunler\/gida-hammaddeleri\/aromalar\/tatli-aromalar\/dulce-de-leche-aromasi\/","url":"https:\/\/naturalpoland.com\/tr\/urunler\/gida-hammaddeleri\/aromalar\/tatli-aromalar\/dulce-de-leche-aromasi\/","name":"Dulce de leche aromas\u0131 - Hurtowy Dystrybutor","isPartOf":{"@id":"https:\/\/naturalpoland.com\/tr\/#website"},"primaryImageOfPage":{"@id":"https:\/\/naturalpoland.com\/tr\/urunler\/gida-hammaddeleri\/aromalar\/tatli-aromalar\/dulce-de-leche-aromasi\/#primaryimage"},"image":{"@id":"https:\/\/naturalpoland.com\/tr\/urunler\/gida-hammaddeleri\/aromalar\/tatli-aromalar\/dulce-de-leche-aromasi\/#primaryimage"},"thumbnailUrl":"https:\/\/naturalpoland.com\/wp-content\/uploads\/aromat-dulce-de-leche.webp","datePublished":"2025-08-26T10:32:43+00:00","dateModified":"2026-02-20T09:56:59+00:00","description":"Dulce de Leche Aromas\u0131, geleneksel G\u00fcney Amerika lezzeti olan s\u00fctl\u00fc karamelden esinlenilmi\u015f, son derece i\u015ftah a\u00e7\u0131c\u0131 ve kremsi bir bile\u015fimdir.","breadcrumb":{"@id":"https:\/\/naturalpoland.com\/tr\/urunler\/gida-hammaddeleri\/aromalar\/tatli-aromalar\/dulce-de-leche-aromasi\/#breadcrumb"},"inLanguage":"tr","potentialAction":[{"@type":"ReadAction","target":["https:\/\/naturalpoland.com\/tr\/urunler\/gida-hammaddeleri\/aromalar\/tatli-aromalar\/dulce-de-leche-aromasi\/"]}]},{"@type":"ImageObject","inLanguage":"tr","@id":"https:\/\/naturalpoland.com\/tr\/urunler\/gida-hammaddeleri\/aromalar\/tatli-aromalar\/dulce-de-leche-aromasi\/#primaryimage","url":"https:\/\/naturalpoland.com\/wp-content\/uploads\/aromat-dulce-de-leche.webp","contentUrl":"https:\/\/naturalpoland.com\/wp-content\/uploads\/aromat-dulce-de-leche.webp","width":1024,"height":1024,"caption":"S\u0131v\u0131 Dulce de Leche Aromas\u0131"},{"@type":"BreadcrumbList","@id":"https:\/\/naturalpoland.com\/tr\/urunler\/gida-hammaddeleri\/aromalar\/tatli-aromalar\/dulce-de-leche-aromasi\/#breadcrumb","itemListElement":[{"@type":"ListItem","position":1,"name":"Ana Sayfa","item":"https:\/\/naturalpoland.com\/tr\/"},{"@type":"ListItem","position":2,"name":"\u00dcr\u00fcnler","item":"https:\/\/naturalpoland.com\/tr\/urunler\/"},{"@type":"ListItem","position":3,"name":"Dulce de leche aromas\u0131"}]},{"@type":"WebSite","@id":"https:\/\/naturalpoland.com\/tr\/#website","url":"https:\/\/naturalpoland.com\/tr\/","name":"NATURAL POLAND - Hurtowy Dystrybutor Surowc\u00f3w","description":"Surowce dla przemys\u0142u spo\u017cywczego, kosmetycznego i farmaceutycznego","publisher":{"@id":"https:\/\/naturalpoland.com\/tr\/#organization"},"potentialAction":[{"@type":"SearchAction","target":{"@type":"EntryPoint","urlTemplate":"https:\/\/naturalpoland.com\/tr\/?s={search_term_string}"},"query-input":{"@type":"PropertyValueSpecification","valueRequired":true,"valueName":"search_term_string"}}],"inLanguage":"tr"},{"@type":"Organization","@id":"https:\/\/naturalpoland.com\/tr\/#organization","name":"Natural Poland","url":"https:\/\/naturalpoland.com\/tr\/","logo":{"@type":"ImageObject","inLanguage":"tr","@id":"https:\/\/naturalpoland.com\/tr\/#\/schema\/logo\/image\/","url":"https:\/\/naturalpoland.com\/wp-content\/uploads\/2021\/05\/natural-poland-icon.png","contentUrl":"https:\/\/naturalpoland.com\/wp-content\/uploads\/2021\/05\/natural-poland-icon.png","width":512,"height":512,"caption":"Natural Poland"},"image":{"@id":"https:\/\/naturalpoland.com\/tr\/#\/schema\/logo\/image\/"},"sameAs":["https:\/\/www.facebook.com\/naturalpoland.b2b","https:\/\/pl.linkedin.com\/company\/natural-poland","https:\/\/www.youtube.com\/channel\/UCgeGGkvOMahZo-xu_MSEWxg"]}]}},"_links":{"self":[{"href":"https:\/\/naturalpoland.com\/tr\/wp-json\/wp\/v2\/product\/46096","targetHints":{"allow":["GET"]}}],"collection":[{"href":"https:\/\/naturalpoland.com\/tr\/wp-json\/wp\/v2\/product"}],"about":[{"href":"https:\/\/naturalpoland.com\/tr\/wp-json\/wp\/v2\/types\/product"}],"wp:featuredmedia":[{"embeddable":true,"href":"https:\/\/naturalpoland.com\/tr\/wp-json\/wp\/v2\/media\/46097"}],"wp:attachment":[{"href":"https:\/\/naturalpoland.com\/tr\/wp-json\/wp\/v2\/media?parent=46096"}],"wp:term":[{"taxonomy":"product_brand","embeddable":true,"href":"https:\/\/naturalpoland.com\/tr\/wp-json\/wp\/v2\/product_brand?post=46096"},{"taxonomy":"product_cat","embeddable":true,"href":"https:\/\/naturalpoland.com\/tr\/wp-json\/wp\/v2\/product_cat?post=46096"},{"taxonomy":"product_tag","embeddable":true,"href":"https:\/\/naturalpoland.com\/tr\/wp-json\/wp\/v2\/product_tag?post=46096"}],"curies":[{"name":"wp","href":"https:\/\/api.w.org\/{rel}","templated":true}]}}