{"id":46100,"date":"2025-10-06T13:55:55","date_gmt":"2025-10-06T11:55:55","guid":{"rendered":"https:\/\/naturalpoland.com\/produkty\/kategorilenmemis\/kaplan-fistigi-yagi-tigernut-oil\/"},"modified":"2026-02-20T10:57:06","modified_gmt":"2026-02-20T09:57:06","slug":"kaplan-fistigi-yagi-tigernut-oil","status":"publish","type":"product","link":"https:\/\/naturalpoland.com\/tr\/urunler\/kozmetik-hammaddeleri\/kozmetik-yaglari\/kaplan-fistigi-yagi-tigernut-oil\/","title":{"rendered":"Kaplan F\u0131st\u0131\u011f\u0131 Ya\u011f\u0131 (Tigernut Oil)"},"content":{"rendered":"<h2>\u00d6zellikleri ve etkileri<\/h2>\n<p><em>Cyperus esculentus<\/em> ya\u011f\u0131, y\u00fcksek <strong>oleik asit<\/strong> i\u00e7eri\u011fi ve <strong>linoleik ve palmitik asit<\/strong> varl\u0131\u011f\u0131 ile karakterize edilir. Bu sayede \u015fu \u00f6zellikleri g\u00f6sterir: <\/p>\n<ul>\n<li><strong>besleyici ve yenileyici<\/strong> \u2013 epidermisin lipid bariyerinin yenilenmesini destekler, esnekli\u011fini ve yumu\u015fakl\u0131\u011f\u0131n\u0131 art\u0131r\u0131r,<\/li>\n<li><strong>nemlendirici ve koruyucu<\/strong> \u2013 nazik bir koruyucu film olu\u015fturarak su kayb\u0131n\u0131 (TEWL) s\u0131n\u0131rlar,<\/li>\n<li><strong>antioksidan<\/strong> \u2013 doymam\u0131\u015f ya\u011f asitleri i\u00e7eri\u011fi serbest radikallerin n\u00f6tralizasyonunu destekler,<\/li>\n<li><strong>yat\u0131\u015ft\u0131r\u0131c\u0131 ve bak\u0131m edici<\/strong> \u2013 ya\u011f, kuru ve hassas ciltler taraf\u0131ndan bile iyi tolere edilir.<\/li>\n<\/ul>\n<p>D\u00fc\u015f\u00fck asitlik (yakla\u015f\u0131k %0,54) ve oksidatif stabilite (peroksit de\u011feri 7 meq O\u2082\/kg) sayesinde ya\u011f, dayan\u0131kl\u0131l\u0131\u011f\u0131n\u0131 ve fizikokimyasal safl\u0131\u011f\u0131n\u0131 korur, bu da onu y\u00fcksek kaliteli bitkisel lipitler gerektiren form\u00fclasyonlar i\u00e7in m\u00fckemmel bir bile\u015fen yapar.<\/p>\n<h2>Kozmetik \u00fcr\u00fcnlerde kullan\u0131m\u0131<\/h2>\n<p>Tigernut Oil, \u015fu form\u00fclasyonlarda ya\u011f faz\u0131 bile\u015feni olarak kullan\u0131l\u0131r:<\/p>\n<ul>\n<li>v\u00fccut kremleri ve balsamlar\u0131,<\/li>\n<li>y\u00fcz ve boyun bak\u0131m preparatlar\u0131,<\/li>\n<li>masaj ya\u011flar\u0131 ve kuru cilt bak\u0131m\u0131,<\/li>\n<li>sa\u00e7 ve sa\u00e7 derisi bak\u0131m \u00fcr\u00fcnleri \u2013 parlakl\u0131\u011f\u0131, yumu\u015fakl\u0131\u011f\u0131 ve nemlendirmeyi iyile\u015ftirir,<\/li>\n<li>d\u00fc\u015f\u00fck i\u015flenme derecesine sahip hammaddenin tercih edildi\u011fi do\u011fal ve vegan kozmetikler.<\/li>\n<\/ul>\n<p>Ya\u011f ayr\u0131ca anti-aging preparatlarda, tahri\u015fi yat\u0131\u015ft\u0131r\u0131c\u0131 \u00fcr\u00fcnlerde veya Y\/S em\u00fclsiyonlar\u0131nda <strong>aktif madde ta\u015f\u0131y\u0131c\u0131s\u0131<\/strong> olarak da kullan\u0131labilir.<\/p>\n","protected":false},"excerpt":{"rendered":"<p>Organik <strong>kaplan f\u0131st\u0131\u011f\u0131 ya\u011f\u0131<\/strong> (Tigernut Oil), &#8220;yer bademi&#8221; veya &#8220;chufa&#8221; olarak da bilinen <em>Cyperus esculentus<\/em> k\u00f6klerinin preslenmesi yoluyla elde edilir. Benzersiz lipid profiline sahip, do\u011fal kozmetikte ve premium bak\u0131m \u00fcr\u00fcnlerinde kullan\u0131lan bitkisel k\u00f6kenli bir hammaddedir. <\/p>\n","protected":false},"featured_media":46101,"template":"","meta":{"_acf_changed":false},"product_brand":[],"product_cat":[9551],"product_tag":[],"class_list":{"0":"post-46100","1":"product","2":"type-product","3":"status-publish","4":"has-post-thumbnail","6":"product_cat-kozmetik-yaglari","7":"pa_metoda-pozyskiwania-soguk-pres","9":"first","10":"instock","11":"shipping-taxable","12":"product-type-simple"},"acf":[],"yoast_head":"<!-- This site is optimized with the Yoast SEO plugin v27.4 - https:\/\/yoast.com\/product\/yoast-seo-wordpress\/ -->\n<title>Kaplan F\u0131st\u0131\u011f\u0131 Ya\u011f\u0131 - Toptan Distrib\u00fct\u00f6r<\/title>\n<meta name=\"description\" content=\"Organik kaplan f\u0131st\u0131\u011f\u0131 ya\u011f\u0131 (INCI: Cyperus esculentus Root Oil) \u2013 y\u00fcksek oleik asit i\u00e7eri\u011fine sahip do\u011fal kozmetik hammadde.\" \/>\n<meta name=\"robots\" content=\"index, follow, max-snippet:-1, max-image-preview:large, max-video-preview:-1\" \/>\n<link rel=\"canonical\" href=\"https:\/\/naturalpoland.com\/tr\/urunler\/kozmetik-hammaddeleri\/kozmetik-yaglari\/kaplan-fistigi-yagi-tigernut-oil\/\" \/>\n<meta property=\"og:locale\" content=\"tr_TR\" \/>\n<meta property=\"og:type\" content=\"article\" \/>\n<meta property=\"og:title\" content=\"Kaplan F\u0131st\u0131\u011f\u0131 Ya\u011f\u0131 - Toptan Distrib\u00fct\u00f6r\" \/>\n<meta property=\"og:description\" content=\"Organik kaplan f\u0131st\u0131\u011f\u0131 ya\u011f\u0131 (INCI: Cyperus esculentus Root Oil) \u2013 y\u00fcksek oleik asit i\u00e7eri\u011fine sahip do\u011fal kozmetik hammadde.\" \/>\n<meta property=\"og:url\" content=\"https:\/\/naturalpoland.com\/tr\/urunler\/kozmetik-hammaddeleri\/kozmetik-yaglari\/kaplan-fistigi-yagi-tigernut-oil\/\" \/>\n<meta property=\"og:site_name\" content=\"NATURAL POLAND - Hurtowy Dystrybutor Surowc\u00f3w\" \/>\n<meta property=\"article:publisher\" content=\"https:\/\/www.facebook.com\/naturalpoland.b2b\" \/>\n<meta property=\"article:modified_time\" content=\"2026-02-20T09:57:06+00:00\" \/>\n<meta property=\"og:image\" content=\"https:\/\/naturalpoland.com\/wp-content\/uploads\/tigernut-oil.webp\" \/>\n\t<meta property=\"og:image:width\" content=\"1024\" \/>\n\t<meta property=\"og:image:height\" content=\"1024\" \/>\n\t<meta property=\"og:image:type\" content=\"image\/webp\" \/>\n<script type=\"application\/ld+json\" class=\"yoast-schema-graph\">{\"@context\":\"https:\\\/\\\/schema.org\",\"@graph\":[{\"@type\":\"WebPage\",\"@id\":\"https:\\\/\\\/naturalpoland.com\\\/tr\\\/urunler\\\/kozmetik-hammaddeleri\\\/kozmetik-yaglari\\\/kaplan-fistigi-yagi-tigernut-oil\\\/\",\"url\":\"https:\\\/\\\/naturalpoland.com\\\/tr\\\/urunler\\\/kozmetik-hammaddeleri\\\/kozmetik-yaglari\\\/kaplan-fistigi-yagi-tigernut-oil\\\/\",\"name\":\"Kaplan F\u0131st\u0131\u011f\u0131 Ya\u011f\u0131 - Toptan Distrib\u00fct\u00f6r\",\"isPartOf\":{\"@id\":\"https:\\\/\\\/naturalpoland.com\\\/tr\\\/#website\"},\"primaryImageOfPage\":{\"@id\":\"https:\\\/\\\/naturalpoland.com\\\/tr\\\/urunler\\\/kozmetik-hammaddeleri\\\/kozmetik-yaglari\\\/kaplan-fistigi-yagi-tigernut-oil\\\/#primaryimage\"},\"image\":{\"@id\":\"https:\\\/\\\/naturalpoland.com\\\/tr\\\/urunler\\\/kozmetik-hammaddeleri\\\/kozmetik-yaglari\\\/kaplan-fistigi-yagi-tigernut-oil\\\/#primaryimage\"},\"thumbnailUrl\":\"https:\\\/\\\/naturalpoland.com\\\/wp-content\\\/uploads\\\/tigernut-oil.webp\",\"datePublished\":\"2025-10-06T11:55:55+00:00\",\"dateModified\":\"2026-02-20T09:57:06+00:00\",\"description\":\"Organik kaplan f\u0131st\u0131\u011f\u0131 ya\u011f\u0131 (INCI: Cyperus esculentus Root Oil) \u2013 y\u00fcksek oleik asit i\u00e7eri\u011fine sahip do\u011fal kozmetik hammadde.\",\"breadcrumb\":{\"@id\":\"https:\\\/\\\/naturalpoland.com\\\/tr\\\/urunler\\\/kozmetik-hammaddeleri\\\/kozmetik-yaglari\\\/kaplan-fistigi-yagi-tigernut-oil\\\/#breadcrumb\"},\"inLanguage\":\"tr\",\"potentialAction\":[{\"@type\":\"ReadAction\",\"target\":[\"https:\\\/\\\/naturalpoland.com\\\/tr\\\/urunler\\\/kozmetik-hammaddeleri\\\/kozmetik-yaglari\\\/kaplan-fistigi-yagi-tigernut-oil\\\/\"]}]},{\"@type\":\"ImageObject\",\"inLanguage\":\"tr\",\"@id\":\"https:\\\/\\\/naturalpoland.com\\\/tr\\\/urunler\\\/kozmetik-hammaddeleri\\\/kozmetik-yaglari\\\/kaplan-fistigi-yagi-tigernut-oil\\\/#primaryimage\",\"url\":\"https:\\\/\\\/naturalpoland.com\\\/wp-content\\\/uploads\\\/tigernut-oil.webp\",\"contentUrl\":\"https:\\\/\\\/naturalpoland.com\\\/wp-content\\\/uploads\\\/tigernut-oil.webp\",\"width\":1024,\"height\":1024,\"caption\":\"Tigernut Oil\"},{\"@type\":\"BreadcrumbList\",\"@id\":\"https:\\\/\\\/naturalpoland.com\\\/tr\\\/urunler\\\/kozmetik-hammaddeleri\\\/kozmetik-yaglari\\\/kaplan-fistigi-yagi-tigernut-oil\\\/#breadcrumb\",\"itemListElement\":[{\"@type\":\"ListItem\",\"position\":1,\"name\":\"Ana Sayfa\",\"item\":\"https:\\\/\\\/naturalpoland.com\\\/tr\\\/\"},{\"@type\":\"ListItem\",\"position\":2,\"name\":\"\u00dcr\u00fcnler\",\"item\":\"https:\\\/\\\/naturalpoland.com\\\/tr\\\/urunler\\\/\"},{\"@type\":\"ListItem\",\"position\":3,\"name\":\"Kaplan F\u0131st\u0131\u011f\u0131 Ya\u011f\u0131 (Tigernut Oil)\"}]},{\"@type\":\"WebSite\",\"@id\":\"https:\\\/\\\/naturalpoland.com\\\/tr\\\/#website\",\"url\":\"https:\\\/\\\/naturalpoland.com\\\/tr\\\/\",\"name\":\"NATURAL POLAND - Hurtowy Dystrybutor Surowc\u00f3w\",\"description\":\"Surowce dla przemys\u0142u spo\u017cywczego, kosmetycznego i farmaceutycznego\",\"publisher\":{\"@id\":\"https:\\\/\\\/naturalpoland.com\\\/tr\\\/#organization\"},\"potentialAction\":[{\"@type\":\"SearchAction\",\"target\":{\"@type\":\"EntryPoint\",\"urlTemplate\":\"https:\\\/\\\/naturalpoland.com\\\/tr\\\/?s={search_term_string}\"},\"query-input\":{\"@type\":\"PropertyValueSpecification\",\"valueRequired\":true,\"valueName\":\"search_term_string\"}}],\"inLanguage\":\"tr\"},{\"@type\":\"Organization\",\"@id\":\"https:\\\/\\\/naturalpoland.com\\\/tr\\\/#organization\",\"name\":\"Natural Poland\",\"url\":\"https:\\\/\\\/naturalpoland.com\\\/tr\\\/\",\"logo\":{\"@type\":\"ImageObject\",\"inLanguage\":\"tr\",\"@id\":\"https:\\\/\\\/naturalpoland.com\\\/tr\\\/#\\\/schema\\\/logo\\\/image\\\/\",\"url\":\"https:\\\/\\\/naturalpoland.com\\\/wp-content\\\/uploads\\\/2021\\\/05\\\/natural-poland-icon.png\",\"contentUrl\":\"https:\\\/\\\/naturalpoland.com\\\/wp-content\\\/uploads\\\/2021\\\/05\\\/natural-poland-icon.png\",\"width\":512,\"height\":512,\"caption\":\"Natural Poland\"},\"image\":{\"@id\":\"https:\\\/\\\/naturalpoland.com\\\/tr\\\/#\\\/schema\\\/logo\\\/image\\\/\"},\"sameAs\":[\"https:\\\/\\\/www.facebook.com\\\/naturalpoland.b2b\",\"https:\\\/\\\/pl.linkedin.com\\\/company\\\/natural-poland\",\"https:\\\/\\\/www.youtube.com\\\/channel\\\/UCgeGGkvOMahZo-xu_MSEWxg\"]}]}<\/script>\n<!-- \/ Yoast SEO plugin. -->","yoast_head_json":{"title":"Kaplan F\u0131st\u0131\u011f\u0131 Ya\u011f\u0131 - Toptan Distrib\u00fct\u00f6r","description":"Organik kaplan f\u0131st\u0131\u011f\u0131 ya\u011f\u0131 (INCI: Cyperus esculentus Root Oil) \u2013 y\u00fcksek oleik asit i\u00e7eri\u011fine sahip do\u011fal kozmetik hammadde.","robots":{"index":"index","follow":"follow","max-snippet":"max-snippet:-1","max-image-preview":"max-image-preview:large","max-video-preview":"max-video-preview:-1"},"canonical":"https:\/\/naturalpoland.com\/tr\/urunler\/kozmetik-hammaddeleri\/kozmetik-yaglari\/kaplan-fistigi-yagi-tigernut-oil\/","og_locale":"tr_TR","og_type":"article","og_title":"Kaplan F\u0131st\u0131\u011f\u0131 Ya\u011f\u0131 - Toptan Distrib\u00fct\u00f6r","og_description":"Organik kaplan f\u0131st\u0131\u011f\u0131 ya\u011f\u0131 (INCI: Cyperus esculentus Root Oil) \u2013 y\u00fcksek oleik asit i\u00e7eri\u011fine sahip do\u011fal kozmetik hammadde.","og_url":"https:\/\/naturalpoland.com\/tr\/urunler\/kozmetik-hammaddeleri\/kozmetik-yaglari\/kaplan-fistigi-yagi-tigernut-oil\/","og_site_name":"NATURAL POLAND - Hurtowy Dystrybutor Surowc\u00f3w","article_publisher":"https:\/\/www.facebook.com\/naturalpoland.b2b","article_modified_time":"2026-02-20T09:57:06+00:00","og_image":[{"width":1024,"height":1024,"url":"https:\/\/naturalpoland.com\/wp-content\/uploads\/tigernut-oil.webp","type":"image\/webp"}],"schema":{"@context":"https:\/\/schema.org","@graph":[{"@type":"WebPage","@id":"https:\/\/naturalpoland.com\/tr\/urunler\/kozmetik-hammaddeleri\/kozmetik-yaglari\/kaplan-fistigi-yagi-tigernut-oil\/","url":"https:\/\/naturalpoland.com\/tr\/urunler\/kozmetik-hammaddeleri\/kozmetik-yaglari\/kaplan-fistigi-yagi-tigernut-oil\/","name":"Kaplan F\u0131st\u0131\u011f\u0131 Ya\u011f\u0131 - Toptan Distrib\u00fct\u00f6r","isPartOf":{"@id":"https:\/\/naturalpoland.com\/tr\/#website"},"primaryImageOfPage":{"@id":"https:\/\/naturalpoland.com\/tr\/urunler\/kozmetik-hammaddeleri\/kozmetik-yaglari\/kaplan-fistigi-yagi-tigernut-oil\/#primaryimage"},"image":{"@id":"https:\/\/naturalpoland.com\/tr\/urunler\/kozmetik-hammaddeleri\/kozmetik-yaglari\/kaplan-fistigi-yagi-tigernut-oil\/#primaryimage"},"thumbnailUrl":"https:\/\/naturalpoland.com\/wp-content\/uploads\/tigernut-oil.webp","datePublished":"2025-10-06T11:55:55+00:00","dateModified":"2026-02-20T09:57:06+00:00","description":"Organik kaplan f\u0131st\u0131\u011f\u0131 ya\u011f\u0131 (INCI: Cyperus esculentus Root Oil) \u2013 y\u00fcksek oleik asit i\u00e7eri\u011fine sahip do\u011fal kozmetik hammadde.","breadcrumb":{"@id":"https:\/\/naturalpoland.com\/tr\/urunler\/kozmetik-hammaddeleri\/kozmetik-yaglari\/kaplan-fistigi-yagi-tigernut-oil\/#breadcrumb"},"inLanguage":"tr","potentialAction":[{"@type":"ReadAction","target":["https:\/\/naturalpoland.com\/tr\/urunler\/kozmetik-hammaddeleri\/kozmetik-yaglari\/kaplan-fistigi-yagi-tigernut-oil\/"]}]},{"@type":"ImageObject","inLanguage":"tr","@id":"https:\/\/naturalpoland.com\/tr\/urunler\/kozmetik-hammaddeleri\/kozmetik-yaglari\/kaplan-fistigi-yagi-tigernut-oil\/#primaryimage","url":"https:\/\/naturalpoland.com\/wp-content\/uploads\/tigernut-oil.webp","contentUrl":"https:\/\/naturalpoland.com\/wp-content\/uploads\/tigernut-oil.webp","width":1024,"height":1024,"caption":"Tigernut Oil"},{"@type":"BreadcrumbList","@id":"https:\/\/naturalpoland.com\/tr\/urunler\/kozmetik-hammaddeleri\/kozmetik-yaglari\/kaplan-fistigi-yagi-tigernut-oil\/#breadcrumb","itemListElement":[{"@type":"ListItem","position":1,"name":"Ana Sayfa","item":"https:\/\/naturalpoland.com\/tr\/"},{"@type":"ListItem","position":2,"name":"\u00dcr\u00fcnler","item":"https:\/\/naturalpoland.com\/tr\/urunler\/"},{"@type":"ListItem","position":3,"name":"Kaplan F\u0131st\u0131\u011f\u0131 Ya\u011f\u0131 (Tigernut Oil)"}]},{"@type":"WebSite","@id":"https:\/\/naturalpoland.com\/tr\/#website","url":"https:\/\/naturalpoland.com\/tr\/","name":"NATURAL POLAND - Hurtowy Dystrybutor Surowc\u00f3w","description":"Surowce dla przemys\u0142u spo\u017cywczego, kosmetycznego i farmaceutycznego","publisher":{"@id":"https:\/\/naturalpoland.com\/tr\/#organization"},"potentialAction":[{"@type":"SearchAction","target":{"@type":"EntryPoint","urlTemplate":"https:\/\/naturalpoland.com\/tr\/?s={search_term_string}"},"query-input":{"@type":"PropertyValueSpecification","valueRequired":true,"valueName":"search_term_string"}}],"inLanguage":"tr"},{"@type":"Organization","@id":"https:\/\/naturalpoland.com\/tr\/#organization","name":"Natural Poland","url":"https:\/\/naturalpoland.com\/tr\/","logo":{"@type":"ImageObject","inLanguage":"tr","@id":"https:\/\/naturalpoland.com\/tr\/#\/schema\/logo\/image\/","url":"https:\/\/naturalpoland.com\/wp-content\/uploads\/2021\/05\/natural-poland-icon.png","contentUrl":"https:\/\/naturalpoland.com\/wp-content\/uploads\/2021\/05\/natural-poland-icon.png","width":512,"height":512,"caption":"Natural Poland"},"image":{"@id":"https:\/\/naturalpoland.com\/tr\/#\/schema\/logo\/image\/"},"sameAs":["https:\/\/www.facebook.com\/naturalpoland.b2b","https:\/\/pl.linkedin.com\/company\/natural-poland","https:\/\/www.youtube.com\/channel\/UCgeGGkvOMahZo-xu_MSEWxg"]}]}},"_links":{"self":[{"href":"https:\/\/naturalpoland.com\/tr\/wp-json\/wp\/v2\/product\/46100","targetHints":{"allow":["GET"]}}],"collection":[{"href":"https:\/\/naturalpoland.com\/tr\/wp-json\/wp\/v2\/product"}],"about":[{"href":"https:\/\/naturalpoland.com\/tr\/wp-json\/wp\/v2\/types\/product"}],"wp:featuredmedia":[{"embeddable":true,"href":"https:\/\/naturalpoland.com\/tr\/wp-json\/wp\/v2\/media\/46101"}],"wp:attachment":[{"href":"https:\/\/naturalpoland.com\/tr\/wp-json\/wp\/v2\/media?parent=46100"}],"wp:term":[{"taxonomy":"product_brand","embeddable":true,"href":"https:\/\/naturalpoland.com\/tr\/wp-json\/wp\/v2\/product_brand?post=46100"},{"taxonomy":"product_cat","embeddable":true,"href":"https:\/\/naturalpoland.com\/tr\/wp-json\/wp\/v2\/product_cat?post=46100"},{"taxonomy":"product_tag","embeddable":true,"href":"https:\/\/naturalpoland.com\/tr\/wp-json\/wp\/v2\/product_tag?post=46100"}],"curies":[{"name":"wp","href":"https:\/\/api.w.org\/{rel}","templated":true}]}}