{"id":46102,"date":"2025-08-26T12:14:56","date_gmt":"2025-08-26T10:14:56","guid":{"rendered":"https:\/\/naturalpoland.com\/produkty\/kategorilenmemis\/seftali-aromasi\/"},"modified":"2026-02-20T10:57:30","modified_gmt":"2026-02-20T09:57:30","slug":"seftali-aromasi","status":"publish","type":"product","link":"https:\/\/naturalpoland.com\/tr\/urunler\/gida-hammaddeleri\/aromalar\/meyve-aromalari\/seftali-aromasi\/","title":{"rendered":"\u015eeftali Aromas\u0131"},"content":{"rendered":"<h2>\u00dcr\u00fcn Varyantlar\u0131:<\/h2>\n<p>\u015eeftali aromas\u0131 do\u011fal, s\u0131v\u0131, toz ve maskeleyici gibi bir\u00e7ok varyanta sahiptir; \u015feftali aromas\u0131 form\u00fclasyonun \u00f6zelliklerine, beklenen dayan\u0131kl\u0131l\u0131\u011fa ve ta\u015f\u0131y\u0131c\u0131ya g\u00f6re hassas bir \u015fekilde uyarlanabilir:<\/p>\n<h3><strong>S\u0131v\u0131 \u015feftali aromalar\u0131 (ta\u015f\u0131y\u0131c\u0131: glikol)<\/strong><\/h3>\n<ol>\n<li>\u015eeftali (sulu, olgun meyve) &#8211; do\u011fal tatl\u0131l\u0131\u011fa sahip olgun \u015feftalinin klasik profili. \u0130\u00e7ecekler, s\u00fctl\u00fc tatl\u0131lar ve \u015fekerleme uygulamalar\u0131 i\u00e7in idealdir. <\/li>\n<li>Kadifemsi \u015feftali aromas\u0131 &#8211; olgun \u015feftalinin hassas, taze ve p\u00fcr\u00fczs\u00fcz kokusu, bask\u0131n \u00e7ekirdek notalar\u0131 olmadan. Hafif i\u00e7ecekler, smoothie&#8217;ler, yo\u011furtlar i\u00e7in m\u00fckemmeldir. <\/li>\n<li>\u015eeftali-lor peyniri &#8211; kremsi lor peyniri ve sulu \u015feftalinin \u00f6zg\u00fcn birle\u015fimi. S\u00fctl\u00fc tatl\u0131lar, dondurmalar, peynirler ve protein barlar\u0131 i\u00e7in idealdir. <\/li>\n<li>\u015eeftali (sert, \u00e7ekirdekli) &#8211; belirgin \u00e7ekirdek vurgusuyla \u015feftali aromas\u0131n\u0131n daha olgun ve derin versiyonu. Alkoll\u00fc i\u00e7ecekler, ekstraktlar ve daha yo\u011fun lezzet profili gerektiren uygulamalar i\u00e7in \u00f6nerilir. <\/li>\n<li>Yo\u011furt-\u015feftali aromas\u0131 &#8211; do\u011fal yo\u011furt zemini \u00fczerinde tatl\u0131, meyveli \u015feftali \u2013 taze ve kremsi bir kompozisyon, s\u00fct \u00fcr\u00fcnleri ve lezzetli takviyeler i\u00e7in idealdir.<\/li>\n<\/ol>\n<h3><strong>S\u0131v\u0131 do\u011fal \u015feftali aromas\u0131:<\/strong><\/h3>\n<p>Tam g\u00fcne\u015fte olgunla\u015fan olgun, tatl\u0131 \u015feftali karakterine sahip do\u011fal aroma. Y\u00fcksek s\u0131cakl\u0131kta stabildir, f\u0131r\u0131nc\u0131l\u0131k, i\u00e7ecekler, i\u015flenmi\u015f \u00fcr\u00fcnler ve aromal\u0131 \u00e7aylarda m\u00fckemmel performans g\u00f6sterir. <\/p>\n<h3><strong>Toz \u015feftali aromas\u0131:<\/strong><\/h3>\n<p>Dozajlamas\u0131 kolay, dayan\u0131kl\u0131 aroma formu; takviyeler, \u00e7aylar, haz\u0131r tatl\u0131lar, m\u00fcsli ve kuru uygulamalar i\u00e7in idealdir.<\/p>\n<h3><strong>Maskeleyici \u015feftali aromas\u0131:<\/strong><\/h3>\n<p>Aktif maddelerin (\u00f6rn. bitkiler, amino asitler, vitaminler) <strong>ho\u015f olmayan tatlar\u0131n\u0131 maskelemek<\/strong> i\u00e7in kullan\u0131lan do\u011fal, tatl\u0131 \u015feftali profilli aroma. Fonksiyonel tozlar, takviyeler ve besin takviyeleri i\u00e7in m\u00fckemmeldir. <\/p>\n<p>&nbsp;<\/p>\n<h2>\u015eeftali aromalar\u0131n\u0131n kullan\u0131m alanlar\u0131:<\/h2>\n<ul>\n<li>S\u00fct \u00fcr\u00fcnleri: yo\u011furtlar, kefirler, aromal\u0131 s\u00fctler, dondurmalar<\/li>\n<li>Takviyeler: tozlar, efervesan tabletler, fonksiyonel i\u00e7ecekler<\/li>\n<li>Bitkisel demlikler ve meyveli \u00e7aylar<\/li>\n<li>\u015eekerleme ve pastac\u0131l\u0131k \u00fcr\u00fcnleri<\/li>\n<li>\u0130la\u00e7 ve OTC \u00fcr\u00fcnlerinin aromaland\u0131r\u0131lmas\u0131<\/li>\n<li>Vegan ve y\u00fcksek proteinli \u00fcr\u00fcnler<\/li>\n<li>Aromal\u0131 ya\u011flar, tereya\u011flar, glaz\u00fcrler ve i\u00e7ler<\/li>\n<li>Fonksiyonel \u00fcr\u00fcnler ve n\u00fctras\u00f6tiklerde tat maskeleme<\/li>\n<\/ul>\n","protected":false},"excerpt":{"rendered":"<p><strong>\u015eeftali aromas\u0131<\/strong>, g\u0131da ve n\u00fctras\u00f6tik end\u00fcstrisinde kullan\u0131lan son derece lezzetli ve \u00e7ok y\u00f6nl\u00fc bir bile\u015fendir. Sulu, olgun \u015feftaliden ilham alan taze, tatl\u0131 ve meyveli koku profiliyle \u00f6ne \u00e7\u0131kar \u2013 hem hassas, tatl\u0131 versiyonunda hem de daha sert, \u00e7ekirdekli notalarda. <\/p>\n","protected":false},"featured_media":46103,"template":"","meta":{"_acf_changed":false},"product_brand":[],"product_cat":[9564],"product_tag":[],"class_list":{"0":"post-46102","1":"product","2":"type-product","3":"status-publish","4":"has-post-thumbnail","6":"product_cat-meyve-aromalari","8":"first","9":"instock","10":"shipping-taxable","11":"product-type-simple"},"acf":[],"yoast_head":"<!-- This site is optimized with the Yoast SEO plugin v27.4 - https:\/\/yoast.com\/product\/yoast-seo-wordpress\/ -->\n<title>\u015eeftali Aromas\u0131 - Hurtowy Dystrybutor<\/title>\n<meta name=\"description\" content=\"\u015eeftali aromas\u0131, g\u0131da ve n\u00fctras\u00f6tik end\u00fcstrisinde kullan\u0131lan son derece lezzetli ve \u00e7ok y\u00f6nl\u00fc bir bile\u015fendir.\" \/>\n<meta name=\"robots\" content=\"index, follow, max-snippet:-1, max-image-preview:large, max-video-preview:-1\" \/>\n<link rel=\"canonical\" href=\"https:\/\/naturalpoland.com\/tr\/urunler\/gida-hammaddeleri\/aromalar\/meyve-aromalari\/seftali-aromasi\/\" \/>\n<meta property=\"og:locale\" content=\"tr_TR\" \/>\n<meta property=\"og:type\" content=\"article\" \/>\n<meta property=\"og:title\" content=\"\u015eeftali Aromas\u0131 - Hurtowy Dystrybutor\" \/>\n<meta property=\"og:description\" content=\"\u015eeftali aromas\u0131, g\u0131da ve n\u00fctras\u00f6tik end\u00fcstrisinde kullan\u0131lan son derece lezzetli ve \u00e7ok y\u00f6nl\u00fc bir bile\u015fendir.\" \/>\n<meta property=\"og:url\" content=\"https:\/\/naturalpoland.com\/tr\/urunler\/gida-hammaddeleri\/aromalar\/meyve-aromalari\/seftali-aromasi\/\" \/>\n<meta property=\"og:site_name\" content=\"NATURAL POLAND - Hurtowy Dystrybutor Surowc\u00f3w\" \/>\n<meta property=\"article:publisher\" content=\"https:\/\/www.facebook.com\/naturalpoland.b2b\" \/>\n<meta property=\"article:modified_time\" content=\"2026-02-20T09:57:30+00:00\" \/>\n<meta property=\"og:image\" content=\"https:\/\/naturalpoland.com\/wp-content\/uploads\/aromat-brzoskwiniowy.webp\" \/>\n\t<meta property=\"og:image:width\" content=\"1024\" \/>\n\t<meta property=\"og:image:height\" content=\"1024\" \/>\n\t<meta property=\"og:image:type\" content=\"image\/webp\" \/>\n<script type=\"application\/ld+json\" class=\"yoast-schema-graph\">{\"@context\":\"https:\\\/\\\/schema.org\",\"@graph\":[{\"@type\":\"WebPage\",\"@id\":\"https:\\\/\\\/naturalpoland.com\\\/tr\\\/urunler\\\/gida-hammaddeleri\\\/aromalar\\\/meyve-aromalari\\\/seftali-aromasi\\\/\",\"url\":\"https:\\\/\\\/naturalpoland.com\\\/tr\\\/urunler\\\/gida-hammaddeleri\\\/aromalar\\\/meyve-aromalari\\\/seftali-aromasi\\\/\",\"name\":\"\u015eeftali Aromas\u0131 - Hurtowy Dystrybutor\",\"isPartOf\":{\"@id\":\"https:\\\/\\\/naturalpoland.com\\\/tr\\\/#website\"},\"primaryImageOfPage\":{\"@id\":\"https:\\\/\\\/naturalpoland.com\\\/tr\\\/urunler\\\/gida-hammaddeleri\\\/aromalar\\\/meyve-aromalari\\\/seftali-aromasi\\\/#primaryimage\"},\"image\":{\"@id\":\"https:\\\/\\\/naturalpoland.com\\\/tr\\\/urunler\\\/gida-hammaddeleri\\\/aromalar\\\/meyve-aromalari\\\/seftali-aromasi\\\/#primaryimage\"},\"thumbnailUrl\":\"https:\\\/\\\/naturalpoland.com\\\/wp-content\\\/uploads\\\/aromat-brzoskwiniowy.webp\",\"datePublished\":\"2025-08-26T10:14:56+00:00\",\"dateModified\":\"2026-02-20T09:57:30+00:00\",\"description\":\"\u015eeftali aromas\u0131, g\u0131da ve n\u00fctras\u00f6tik end\u00fcstrisinde kullan\u0131lan son derece lezzetli ve \u00e7ok y\u00f6nl\u00fc bir bile\u015fendir.\",\"breadcrumb\":{\"@id\":\"https:\\\/\\\/naturalpoland.com\\\/tr\\\/urunler\\\/gida-hammaddeleri\\\/aromalar\\\/meyve-aromalari\\\/seftali-aromasi\\\/#breadcrumb\"},\"inLanguage\":\"tr\",\"potentialAction\":[{\"@type\":\"ReadAction\",\"target\":[\"https:\\\/\\\/naturalpoland.com\\\/tr\\\/urunler\\\/gida-hammaddeleri\\\/aromalar\\\/meyve-aromalari\\\/seftali-aromasi\\\/\"]}]},{\"@type\":\"ImageObject\",\"inLanguage\":\"tr\",\"@id\":\"https:\\\/\\\/naturalpoland.com\\\/tr\\\/urunler\\\/gida-hammaddeleri\\\/aromalar\\\/meyve-aromalari\\\/seftali-aromasi\\\/#primaryimage\",\"url\":\"https:\\\/\\\/naturalpoland.com\\\/wp-content\\\/uploads\\\/aromat-brzoskwiniowy.webp\",\"contentUrl\":\"https:\\\/\\\/naturalpoland.com\\\/wp-content\\\/uploads\\\/aromat-brzoskwiniowy.webp\",\"width\":1024,\"height\":1024,\"caption\":\"\u015feftali aromas\u0131\"},{\"@type\":\"BreadcrumbList\",\"@id\":\"https:\\\/\\\/naturalpoland.com\\\/tr\\\/urunler\\\/gida-hammaddeleri\\\/aromalar\\\/meyve-aromalari\\\/seftali-aromasi\\\/#breadcrumb\",\"itemListElement\":[{\"@type\":\"ListItem\",\"position\":1,\"name\":\"Ana Sayfa\",\"item\":\"https:\\\/\\\/naturalpoland.com\\\/tr\\\/\"},{\"@type\":\"ListItem\",\"position\":2,\"name\":\"\u00dcr\u00fcnler\",\"item\":\"https:\\\/\\\/naturalpoland.com\\\/tr\\\/urunler\\\/\"},{\"@type\":\"ListItem\",\"position\":3,\"name\":\"\u015eeftali Aromas\u0131\"}]},{\"@type\":\"WebSite\",\"@id\":\"https:\\\/\\\/naturalpoland.com\\\/tr\\\/#website\",\"url\":\"https:\\\/\\\/naturalpoland.com\\\/tr\\\/\",\"name\":\"NATURAL POLAND - Hurtowy Dystrybutor Surowc\u00f3w\",\"description\":\"Surowce dla przemys\u0142u spo\u017cywczego, kosmetycznego i farmaceutycznego\",\"publisher\":{\"@id\":\"https:\\\/\\\/naturalpoland.com\\\/tr\\\/#organization\"},\"potentialAction\":[{\"@type\":\"SearchAction\",\"target\":{\"@type\":\"EntryPoint\",\"urlTemplate\":\"https:\\\/\\\/naturalpoland.com\\\/tr\\\/?s={search_term_string}\"},\"query-input\":{\"@type\":\"PropertyValueSpecification\",\"valueRequired\":true,\"valueName\":\"search_term_string\"}}],\"inLanguage\":\"tr\"},{\"@type\":\"Organization\",\"@id\":\"https:\\\/\\\/naturalpoland.com\\\/tr\\\/#organization\",\"name\":\"Natural Poland\",\"url\":\"https:\\\/\\\/naturalpoland.com\\\/tr\\\/\",\"logo\":{\"@type\":\"ImageObject\",\"inLanguage\":\"tr\",\"@id\":\"https:\\\/\\\/naturalpoland.com\\\/tr\\\/#\\\/schema\\\/logo\\\/image\\\/\",\"url\":\"https:\\\/\\\/naturalpoland.com\\\/wp-content\\\/uploads\\\/2021\\\/05\\\/natural-poland-icon.png\",\"contentUrl\":\"https:\\\/\\\/naturalpoland.com\\\/wp-content\\\/uploads\\\/2021\\\/05\\\/natural-poland-icon.png\",\"width\":512,\"height\":512,\"caption\":\"Natural Poland\"},\"image\":{\"@id\":\"https:\\\/\\\/naturalpoland.com\\\/tr\\\/#\\\/schema\\\/logo\\\/image\\\/\"},\"sameAs\":[\"https:\\\/\\\/www.facebook.com\\\/naturalpoland.b2b\",\"https:\\\/\\\/pl.linkedin.com\\\/company\\\/natural-poland\",\"https:\\\/\\\/www.youtube.com\\\/channel\\\/UCgeGGkvOMahZo-xu_MSEWxg\"]}]}<\/script>\n<!-- \/ Yoast SEO plugin. -->","yoast_head_json":{"title":"\u015eeftali Aromas\u0131 - Hurtowy Dystrybutor","description":"\u015eeftali aromas\u0131, g\u0131da ve n\u00fctras\u00f6tik end\u00fcstrisinde kullan\u0131lan son derece lezzetli ve \u00e7ok y\u00f6nl\u00fc bir bile\u015fendir.","robots":{"index":"index","follow":"follow","max-snippet":"max-snippet:-1","max-image-preview":"max-image-preview:large","max-video-preview":"max-video-preview:-1"},"canonical":"https:\/\/naturalpoland.com\/tr\/urunler\/gida-hammaddeleri\/aromalar\/meyve-aromalari\/seftali-aromasi\/","og_locale":"tr_TR","og_type":"article","og_title":"\u015eeftali Aromas\u0131 - Hurtowy Dystrybutor","og_description":"\u015eeftali aromas\u0131, g\u0131da ve n\u00fctras\u00f6tik end\u00fcstrisinde kullan\u0131lan son derece lezzetli ve \u00e7ok y\u00f6nl\u00fc bir bile\u015fendir.","og_url":"https:\/\/naturalpoland.com\/tr\/urunler\/gida-hammaddeleri\/aromalar\/meyve-aromalari\/seftali-aromasi\/","og_site_name":"NATURAL POLAND - Hurtowy Dystrybutor Surowc\u00f3w","article_publisher":"https:\/\/www.facebook.com\/naturalpoland.b2b","article_modified_time":"2026-02-20T09:57:30+00:00","og_image":[{"width":1024,"height":1024,"url":"https:\/\/naturalpoland.com\/wp-content\/uploads\/aromat-brzoskwiniowy.webp","type":"image\/webp"}],"schema":{"@context":"https:\/\/schema.org","@graph":[{"@type":"WebPage","@id":"https:\/\/naturalpoland.com\/tr\/urunler\/gida-hammaddeleri\/aromalar\/meyve-aromalari\/seftali-aromasi\/","url":"https:\/\/naturalpoland.com\/tr\/urunler\/gida-hammaddeleri\/aromalar\/meyve-aromalari\/seftali-aromasi\/","name":"\u015eeftali Aromas\u0131 - Hurtowy Dystrybutor","isPartOf":{"@id":"https:\/\/naturalpoland.com\/tr\/#website"},"primaryImageOfPage":{"@id":"https:\/\/naturalpoland.com\/tr\/urunler\/gida-hammaddeleri\/aromalar\/meyve-aromalari\/seftali-aromasi\/#primaryimage"},"image":{"@id":"https:\/\/naturalpoland.com\/tr\/urunler\/gida-hammaddeleri\/aromalar\/meyve-aromalari\/seftali-aromasi\/#primaryimage"},"thumbnailUrl":"https:\/\/naturalpoland.com\/wp-content\/uploads\/aromat-brzoskwiniowy.webp","datePublished":"2025-08-26T10:14:56+00:00","dateModified":"2026-02-20T09:57:30+00:00","description":"\u015eeftali aromas\u0131, g\u0131da ve n\u00fctras\u00f6tik end\u00fcstrisinde kullan\u0131lan son derece lezzetli ve \u00e7ok y\u00f6nl\u00fc bir bile\u015fendir.","breadcrumb":{"@id":"https:\/\/naturalpoland.com\/tr\/urunler\/gida-hammaddeleri\/aromalar\/meyve-aromalari\/seftali-aromasi\/#breadcrumb"},"inLanguage":"tr","potentialAction":[{"@type":"ReadAction","target":["https:\/\/naturalpoland.com\/tr\/urunler\/gida-hammaddeleri\/aromalar\/meyve-aromalari\/seftali-aromasi\/"]}]},{"@type":"ImageObject","inLanguage":"tr","@id":"https:\/\/naturalpoland.com\/tr\/urunler\/gida-hammaddeleri\/aromalar\/meyve-aromalari\/seftali-aromasi\/#primaryimage","url":"https:\/\/naturalpoland.com\/wp-content\/uploads\/aromat-brzoskwiniowy.webp","contentUrl":"https:\/\/naturalpoland.com\/wp-content\/uploads\/aromat-brzoskwiniowy.webp","width":1024,"height":1024,"caption":"\u015feftali aromas\u0131"},{"@type":"BreadcrumbList","@id":"https:\/\/naturalpoland.com\/tr\/urunler\/gida-hammaddeleri\/aromalar\/meyve-aromalari\/seftali-aromasi\/#breadcrumb","itemListElement":[{"@type":"ListItem","position":1,"name":"Ana Sayfa","item":"https:\/\/naturalpoland.com\/tr\/"},{"@type":"ListItem","position":2,"name":"\u00dcr\u00fcnler","item":"https:\/\/naturalpoland.com\/tr\/urunler\/"},{"@type":"ListItem","position":3,"name":"\u015eeftali Aromas\u0131"}]},{"@type":"WebSite","@id":"https:\/\/naturalpoland.com\/tr\/#website","url":"https:\/\/naturalpoland.com\/tr\/","name":"NATURAL POLAND - Hurtowy Dystrybutor Surowc\u00f3w","description":"Surowce dla przemys\u0142u spo\u017cywczego, kosmetycznego i farmaceutycznego","publisher":{"@id":"https:\/\/naturalpoland.com\/tr\/#organization"},"potentialAction":[{"@type":"SearchAction","target":{"@type":"EntryPoint","urlTemplate":"https:\/\/naturalpoland.com\/tr\/?s={search_term_string}"},"query-input":{"@type":"PropertyValueSpecification","valueRequired":true,"valueName":"search_term_string"}}],"inLanguage":"tr"},{"@type":"Organization","@id":"https:\/\/naturalpoland.com\/tr\/#organization","name":"Natural Poland","url":"https:\/\/naturalpoland.com\/tr\/","logo":{"@type":"ImageObject","inLanguage":"tr","@id":"https:\/\/naturalpoland.com\/tr\/#\/schema\/logo\/image\/","url":"https:\/\/naturalpoland.com\/wp-content\/uploads\/2021\/05\/natural-poland-icon.png","contentUrl":"https:\/\/naturalpoland.com\/wp-content\/uploads\/2021\/05\/natural-poland-icon.png","width":512,"height":512,"caption":"Natural Poland"},"image":{"@id":"https:\/\/naturalpoland.com\/tr\/#\/schema\/logo\/image\/"},"sameAs":["https:\/\/www.facebook.com\/naturalpoland.b2b","https:\/\/pl.linkedin.com\/company\/natural-poland","https:\/\/www.youtube.com\/channel\/UCgeGGkvOMahZo-xu_MSEWxg"]}]}},"_links":{"self":[{"href":"https:\/\/naturalpoland.com\/tr\/wp-json\/wp\/v2\/product\/46102","targetHints":{"allow":["GET"]}}],"collection":[{"href":"https:\/\/naturalpoland.com\/tr\/wp-json\/wp\/v2\/product"}],"about":[{"href":"https:\/\/naturalpoland.com\/tr\/wp-json\/wp\/v2\/types\/product"}],"wp:featuredmedia":[{"embeddable":true,"href":"https:\/\/naturalpoland.com\/tr\/wp-json\/wp\/v2\/media\/46103"}],"wp:attachment":[{"href":"https:\/\/naturalpoland.com\/tr\/wp-json\/wp\/v2\/media?parent=46102"}],"wp:term":[{"taxonomy":"product_brand","embeddable":true,"href":"https:\/\/naturalpoland.com\/tr\/wp-json\/wp\/v2\/product_brand?post=46102"},{"taxonomy":"product_cat","embeddable":true,"href":"https:\/\/naturalpoland.com\/tr\/wp-json\/wp\/v2\/product_cat?post=46102"},{"taxonomy":"product_tag","embeddable":true,"href":"https:\/\/naturalpoland.com\/tr\/wp-json\/wp\/v2\/product_tag?post=46102"}],"curies":[{"name":"wp","href":"https:\/\/api.w.org\/{rel}","templated":true}]}}