{"id":46106,"date":"2025-08-05T12:22:14","date_gmt":"2025-08-05T10:22:14","guid":{"rendered":"https:\/\/naturalpoland.com\/produkty\/kategorilenmemis\/muz-aromasi\/"},"modified":"2026-02-20T14:24:41","modified_gmt":"2026-02-20T13:24:41","slug":"muz-aromasi","status":"publish","type":"product","link":"https:\/\/naturalpoland.com\/tr\/urunler\/gida-hammaddeleri\/aromalar\/meyve-aromalari\/muz-aromasi\/","title":{"rendered":"Muz Aromas\u0131"},"content":{"rendered":"<p><strong>Do\u011fal muz aromalar\u0131<\/strong>, saf, olgun bir meyve profili sunar. <strong>WONF<\/strong> (Di\u011fer Do\u011fal Aromalarla) tipi versiyonlar, <strong>s\u0131v\u0131 ve toz formda<\/strong> mevcut olup, muzun tatl\u0131 ve olgun karakterini yans\u0131t\u0131r. Y\u00fcksek s\u0131cakl\u0131klara dayan\u0131kl\u0131 olduklar\u0131ndan, f\u0131r\u0131n \u00fcr\u00fcnleri, barlar veya kaps\u00fcl ve tablet formundaki takviyeler gibi \u0131s\u0131l i\u015flem gerektiren uygulamalarda idealdir.  <\/p>\n<p><strong>S\u0131v\u0131 aromalarda<\/strong> yo\u011fun, taze ve tatl\u0131 bir profil hakimdir. &#8220;<strong>Muz tatl\u0131l\u0131\u011f\u0131<\/strong>&#8221; gibi varyantlar, \u00fcr\u00fcnlere derin, tatl\u0131 bir karakter kazand\u0131ran yo\u011fun, \u015furuplu bir dokunu\u015fa sahiptir. <strong>Konsantre<\/strong> versiyon, muzun tazeli\u011fini korurken, koku ve tat deneyiminin yo\u011funlu\u011funu art\u0131r\u0131r. <strong>Muz-anason<\/strong> gibi kompozisyonlar, klasik muz notas\u0131na beklenmedik, bitkisel bir dokunu\u015f katarken, <strong>muz-krema<\/strong> varyant\u0131, kremsi bir taban\u0131 narin badem tatl\u0131l\u0131\u011f\u0131 ve olgun meyve notas\u0131yla birle\u015ftirir \u2013 s\u00fct \u00fcr\u00fcnleri ve \u015fekerlemeler i\u00e7in idealdir.   <\/p>\n<p><strong>Toz aroma formlar\u0131<\/strong> m\u00fckemmel stabiliteye sahiptir ve fonksiyonel kar\u0131\u015f\u0131mlarda, barlarda, proteinlerde ve haz\u0131r g\u0131dalarda s\u0131kl\u0131kla kullan\u0131l\u0131r. Bunlar, taze ve do\u011fal bir notadan yo\u011fun, \u015furuplu bir tatl\u0131l\u0131\u011fa kadar de\u011fi\u015fen yo\u011funluklara sahiptir. <\/p>\n<p>Teklifimizde ayr\u0131ca, diyet takviyeleri veya y\u00fcksek konsantrasyonlu aktif bile\u015fenler i\u00e7eren preparatlardaki ho\u015f olmayan tatlar\u0131 gidermek i\u00e7in muzun yo\u011fun, tatl\u0131 ve olgun karakterini kullanan <strong>maskeleyici aromalar<\/strong> \u2013 hem s\u0131v\u0131 hem de toz formda \u2013 bulunmaktad\u0131r.<\/p>\n","protected":false},"excerpt":{"rendered":"<p>Muz aromas\u0131, g\u0131da ve takviye end\u00fcstrisinde yayg\u0131n olarak kullan\u0131lan en tan\u0131nm\u0131\u015f ve sevilen koku-tat profillerinden biridir.<\/p>\n","protected":false},"featured_media":46107,"template":"","meta":{"_acf_changed":false},"product_brand":[],"product_cat":[9564],"product_tag":[],"class_list":{"0":"post-46106","1":"product","2":"type-product","3":"status-publish","4":"has-post-thumbnail","6":"product_cat-meyve-aromalari","8":"first","9":"instock","10":"shipping-taxable","11":"product-type-simple"},"acf":[],"yoast_head":"<!-- This site is optimized with the Yoast SEO plugin v27.4 - https:\/\/yoast.com\/product\/yoast-seo-wordpress\/ -->\n<title>Muz Aromas\u0131 - Hurtowy Dystrybutor<\/title>\n<meta name=\"description\" content=\"Muz aromas\u0131, g\u0131da ve takviye end\u00fcstrisinde kullan\u0131lan en tan\u0131nm\u0131\u015f ve sevilen koku-tat profillerinden biridir.\" \/>\n<meta name=\"robots\" content=\"index, follow, max-snippet:-1, max-image-preview:large, max-video-preview:-1\" \/>\n<link rel=\"canonical\" href=\"https:\/\/naturalpoland.com\/tr\/urunler\/gida-hammaddeleri\/aromalar\/meyve-aromalari\/muz-aromasi\/\" \/>\n<meta property=\"og:locale\" content=\"tr_TR\" \/>\n<meta property=\"og:type\" content=\"article\" \/>\n<meta property=\"og:title\" content=\"Muz Aromas\u0131 - Hurtowy Dystrybutor\" \/>\n<meta property=\"og:description\" content=\"Muz aromas\u0131, g\u0131da ve takviye end\u00fcstrisinde kullan\u0131lan en tan\u0131nm\u0131\u015f ve sevilen koku-tat profillerinden biridir.\" \/>\n<meta property=\"og:url\" content=\"https:\/\/naturalpoland.com\/tr\/urunler\/gida-hammaddeleri\/aromalar\/meyve-aromalari\/muz-aromasi\/\" \/>\n<meta property=\"og:site_name\" content=\"NATURAL POLAND - Hurtowy Dystrybutor Surowc\u00f3w\" \/>\n<meta property=\"article:publisher\" content=\"https:\/\/www.facebook.com\/naturalpoland.b2b\" \/>\n<meta property=\"article:modified_time\" content=\"2026-02-20T13:24:41+00:00\" \/>\n<meta property=\"og:image\" content=\"https:\/\/naturalpoland.com\/wp-content\/uploads\/aromat-bananowy.webp\" \/>\n\t<meta property=\"og:image:width\" content=\"1024\" \/>\n\t<meta property=\"og:image:height\" content=\"1024\" \/>\n\t<meta property=\"og:image:type\" content=\"image\/webp\" \/>\n<script type=\"application\/ld+json\" class=\"yoast-schema-graph\">{\"@context\":\"https:\\\/\\\/schema.org\",\"@graph\":[{\"@type\":\"WebPage\",\"@id\":\"https:\\\/\\\/naturalpoland.com\\\/tr\\\/urunler\\\/gida-hammaddeleri\\\/aromalar\\\/meyve-aromalari\\\/muz-aromasi\\\/\",\"url\":\"https:\\\/\\\/naturalpoland.com\\\/tr\\\/urunler\\\/gida-hammaddeleri\\\/aromalar\\\/meyve-aromalari\\\/muz-aromasi\\\/\",\"name\":\"Muz Aromas\u0131 - Hurtowy Dystrybutor\",\"isPartOf\":{\"@id\":\"https:\\\/\\\/naturalpoland.com\\\/tr\\\/#website\"},\"primaryImageOfPage\":{\"@id\":\"https:\\\/\\\/naturalpoland.com\\\/tr\\\/urunler\\\/gida-hammaddeleri\\\/aromalar\\\/meyve-aromalari\\\/muz-aromasi\\\/#primaryimage\"},\"image\":{\"@id\":\"https:\\\/\\\/naturalpoland.com\\\/tr\\\/urunler\\\/gida-hammaddeleri\\\/aromalar\\\/meyve-aromalari\\\/muz-aromasi\\\/#primaryimage\"},\"thumbnailUrl\":\"https:\\\/\\\/naturalpoland.com\\\/wp-content\\\/uploads\\\/aromat-bananowy.webp\",\"datePublished\":\"2025-08-05T10:22:14+00:00\",\"dateModified\":\"2026-02-20T13:24:41+00:00\",\"description\":\"Muz aromas\u0131, g\u0131da ve takviye end\u00fcstrisinde kullan\u0131lan en tan\u0131nm\u0131\u015f ve sevilen koku-tat profillerinden biridir.\",\"breadcrumb\":{\"@id\":\"https:\\\/\\\/naturalpoland.com\\\/tr\\\/urunler\\\/gida-hammaddeleri\\\/aromalar\\\/meyve-aromalari\\\/muz-aromasi\\\/#breadcrumb\"},\"inLanguage\":\"tr\",\"potentialAction\":[{\"@type\":\"ReadAction\",\"target\":[\"https:\\\/\\\/naturalpoland.com\\\/tr\\\/urunler\\\/gida-hammaddeleri\\\/aromalar\\\/meyve-aromalari\\\/muz-aromasi\\\/\"]}]},{\"@type\":\"ImageObject\",\"inLanguage\":\"tr\",\"@id\":\"https:\\\/\\\/naturalpoland.com\\\/tr\\\/urunler\\\/gida-hammaddeleri\\\/aromalar\\\/meyve-aromalari\\\/muz-aromasi\\\/#primaryimage\",\"url\":\"https:\\\/\\\/naturalpoland.com\\\/wp-content\\\/uploads\\\/aromat-bananowy.webp\",\"contentUrl\":\"https:\\\/\\\/naturalpoland.com\\\/wp-content\\\/uploads\\\/aromat-bananowy.webp\",\"width\":1024,\"height\":1024,\"caption\":\"s\u0131v\u0131 ve toz muz aromas\u0131\"},{\"@type\":\"BreadcrumbList\",\"@id\":\"https:\\\/\\\/naturalpoland.com\\\/tr\\\/urunler\\\/gida-hammaddeleri\\\/aromalar\\\/meyve-aromalari\\\/muz-aromasi\\\/#breadcrumb\",\"itemListElement\":[{\"@type\":\"ListItem\",\"position\":1,\"name\":\"Ana Sayfa\",\"item\":\"https:\\\/\\\/naturalpoland.com\\\/tr\\\/\"},{\"@type\":\"ListItem\",\"position\":2,\"name\":\"\u00dcr\u00fcnler\",\"item\":\"https:\\\/\\\/naturalpoland.com\\\/tr\\\/urunler\\\/\"},{\"@type\":\"ListItem\",\"position\":3,\"name\":\"Muz Aromas\u0131\"}]},{\"@type\":\"WebSite\",\"@id\":\"https:\\\/\\\/naturalpoland.com\\\/tr\\\/#website\",\"url\":\"https:\\\/\\\/naturalpoland.com\\\/tr\\\/\",\"name\":\"NATURAL POLAND - Hurtowy Dystrybutor Surowc\u00f3w\",\"description\":\"Surowce dla przemys\u0142u spo\u017cywczego, kosmetycznego i farmaceutycznego\",\"publisher\":{\"@id\":\"https:\\\/\\\/naturalpoland.com\\\/tr\\\/#organization\"},\"potentialAction\":[{\"@type\":\"SearchAction\",\"target\":{\"@type\":\"EntryPoint\",\"urlTemplate\":\"https:\\\/\\\/naturalpoland.com\\\/tr\\\/?s={search_term_string}\"},\"query-input\":{\"@type\":\"PropertyValueSpecification\",\"valueRequired\":true,\"valueName\":\"search_term_string\"}}],\"inLanguage\":\"tr\"},{\"@type\":\"Organization\",\"@id\":\"https:\\\/\\\/naturalpoland.com\\\/tr\\\/#organization\",\"name\":\"Natural Poland\",\"url\":\"https:\\\/\\\/naturalpoland.com\\\/tr\\\/\",\"logo\":{\"@type\":\"ImageObject\",\"inLanguage\":\"tr\",\"@id\":\"https:\\\/\\\/naturalpoland.com\\\/tr\\\/#\\\/schema\\\/logo\\\/image\\\/\",\"url\":\"https:\\\/\\\/naturalpoland.com\\\/wp-content\\\/uploads\\\/2021\\\/05\\\/natural-poland-icon.png\",\"contentUrl\":\"https:\\\/\\\/naturalpoland.com\\\/wp-content\\\/uploads\\\/2021\\\/05\\\/natural-poland-icon.png\",\"width\":512,\"height\":512,\"caption\":\"Natural Poland\"},\"image\":{\"@id\":\"https:\\\/\\\/naturalpoland.com\\\/tr\\\/#\\\/schema\\\/logo\\\/image\\\/\"},\"sameAs\":[\"https:\\\/\\\/www.facebook.com\\\/naturalpoland.b2b\",\"https:\\\/\\\/pl.linkedin.com\\\/company\\\/natural-poland\",\"https:\\\/\\\/www.youtube.com\\\/channel\\\/UCgeGGkvOMahZo-xu_MSEWxg\"]}]}<\/script>\n<!-- \/ Yoast SEO plugin. -->","yoast_head_json":{"title":"Muz Aromas\u0131 - Hurtowy Dystrybutor","description":"Muz aromas\u0131, g\u0131da ve takviye end\u00fcstrisinde kullan\u0131lan en tan\u0131nm\u0131\u015f ve sevilen koku-tat profillerinden biridir.","robots":{"index":"index","follow":"follow","max-snippet":"max-snippet:-1","max-image-preview":"max-image-preview:large","max-video-preview":"max-video-preview:-1"},"canonical":"https:\/\/naturalpoland.com\/tr\/urunler\/gida-hammaddeleri\/aromalar\/meyve-aromalari\/muz-aromasi\/","og_locale":"tr_TR","og_type":"article","og_title":"Muz Aromas\u0131 - Hurtowy Dystrybutor","og_description":"Muz aromas\u0131, g\u0131da ve takviye end\u00fcstrisinde kullan\u0131lan en tan\u0131nm\u0131\u015f ve sevilen koku-tat profillerinden biridir.","og_url":"https:\/\/naturalpoland.com\/tr\/urunler\/gida-hammaddeleri\/aromalar\/meyve-aromalari\/muz-aromasi\/","og_site_name":"NATURAL POLAND - Hurtowy Dystrybutor Surowc\u00f3w","article_publisher":"https:\/\/www.facebook.com\/naturalpoland.b2b","article_modified_time":"2026-02-20T13:24:41+00:00","og_image":[{"width":1024,"height":1024,"url":"https:\/\/naturalpoland.com\/wp-content\/uploads\/aromat-bananowy.webp","type":"image\/webp"}],"schema":{"@context":"https:\/\/schema.org","@graph":[{"@type":"WebPage","@id":"https:\/\/naturalpoland.com\/tr\/urunler\/gida-hammaddeleri\/aromalar\/meyve-aromalari\/muz-aromasi\/","url":"https:\/\/naturalpoland.com\/tr\/urunler\/gida-hammaddeleri\/aromalar\/meyve-aromalari\/muz-aromasi\/","name":"Muz Aromas\u0131 - Hurtowy Dystrybutor","isPartOf":{"@id":"https:\/\/naturalpoland.com\/tr\/#website"},"primaryImageOfPage":{"@id":"https:\/\/naturalpoland.com\/tr\/urunler\/gida-hammaddeleri\/aromalar\/meyve-aromalari\/muz-aromasi\/#primaryimage"},"image":{"@id":"https:\/\/naturalpoland.com\/tr\/urunler\/gida-hammaddeleri\/aromalar\/meyve-aromalari\/muz-aromasi\/#primaryimage"},"thumbnailUrl":"https:\/\/naturalpoland.com\/wp-content\/uploads\/aromat-bananowy.webp","datePublished":"2025-08-05T10:22:14+00:00","dateModified":"2026-02-20T13:24:41+00:00","description":"Muz aromas\u0131, g\u0131da ve takviye end\u00fcstrisinde kullan\u0131lan en tan\u0131nm\u0131\u015f ve sevilen koku-tat profillerinden biridir.","breadcrumb":{"@id":"https:\/\/naturalpoland.com\/tr\/urunler\/gida-hammaddeleri\/aromalar\/meyve-aromalari\/muz-aromasi\/#breadcrumb"},"inLanguage":"tr","potentialAction":[{"@type":"ReadAction","target":["https:\/\/naturalpoland.com\/tr\/urunler\/gida-hammaddeleri\/aromalar\/meyve-aromalari\/muz-aromasi\/"]}]},{"@type":"ImageObject","inLanguage":"tr","@id":"https:\/\/naturalpoland.com\/tr\/urunler\/gida-hammaddeleri\/aromalar\/meyve-aromalari\/muz-aromasi\/#primaryimage","url":"https:\/\/naturalpoland.com\/wp-content\/uploads\/aromat-bananowy.webp","contentUrl":"https:\/\/naturalpoland.com\/wp-content\/uploads\/aromat-bananowy.webp","width":1024,"height":1024,"caption":"s\u0131v\u0131 ve toz muz aromas\u0131"},{"@type":"BreadcrumbList","@id":"https:\/\/naturalpoland.com\/tr\/urunler\/gida-hammaddeleri\/aromalar\/meyve-aromalari\/muz-aromasi\/#breadcrumb","itemListElement":[{"@type":"ListItem","position":1,"name":"Ana Sayfa","item":"https:\/\/naturalpoland.com\/tr\/"},{"@type":"ListItem","position":2,"name":"\u00dcr\u00fcnler","item":"https:\/\/naturalpoland.com\/tr\/urunler\/"},{"@type":"ListItem","position":3,"name":"Muz Aromas\u0131"}]},{"@type":"WebSite","@id":"https:\/\/naturalpoland.com\/tr\/#website","url":"https:\/\/naturalpoland.com\/tr\/","name":"NATURAL POLAND - Hurtowy Dystrybutor Surowc\u00f3w","description":"Surowce dla przemys\u0142u spo\u017cywczego, kosmetycznego i farmaceutycznego","publisher":{"@id":"https:\/\/naturalpoland.com\/tr\/#organization"},"potentialAction":[{"@type":"SearchAction","target":{"@type":"EntryPoint","urlTemplate":"https:\/\/naturalpoland.com\/tr\/?s={search_term_string}"},"query-input":{"@type":"PropertyValueSpecification","valueRequired":true,"valueName":"search_term_string"}}],"inLanguage":"tr"},{"@type":"Organization","@id":"https:\/\/naturalpoland.com\/tr\/#organization","name":"Natural Poland","url":"https:\/\/naturalpoland.com\/tr\/","logo":{"@type":"ImageObject","inLanguage":"tr","@id":"https:\/\/naturalpoland.com\/tr\/#\/schema\/logo\/image\/","url":"https:\/\/naturalpoland.com\/wp-content\/uploads\/2021\/05\/natural-poland-icon.png","contentUrl":"https:\/\/naturalpoland.com\/wp-content\/uploads\/2021\/05\/natural-poland-icon.png","width":512,"height":512,"caption":"Natural Poland"},"image":{"@id":"https:\/\/naturalpoland.com\/tr\/#\/schema\/logo\/image\/"},"sameAs":["https:\/\/www.facebook.com\/naturalpoland.b2b","https:\/\/pl.linkedin.com\/company\/natural-poland","https:\/\/www.youtube.com\/channel\/UCgeGGkvOMahZo-xu_MSEWxg"]}]}},"_links":{"self":[{"href":"https:\/\/naturalpoland.com\/tr\/wp-json\/wp\/v2\/product\/46106","targetHints":{"allow":["GET"]}}],"collection":[{"href":"https:\/\/naturalpoland.com\/tr\/wp-json\/wp\/v2\/product"}],"about":[{"href":"https:\/\/naturalpoland.com\/tr\/wp-json\/wp\/v2\/types\/product"}],"wp:featuredmedia":[{"embeddable":true,"href":"https:\/\/naturalpoland.com\/tr\/wp-json\/wp\/v2\/media\/46107"}],"wp:attachment":[{"href":"https:\/\/naturalpoland.com\/tr\/wp-json\/wp\/v2\/media?parent=46106"}],"wp:term":[{"taxonomy":"product_brand","embeddable":true,"href":"https:\/\/naturalpoland.com\/tr\/wp-json\/wp\/v2\/product_brand?post=46106"},{"taxonomy":"product_cat","embeddable":true,"href":"https:\/\/naturalpoland.com\/tr\/wp-json\/wp\/v2\/product_cat?post=46106"},{"taxonomy":"product_tag","embeddable":true,"href":"https:\/\/naturalpoland.com\/tr\/wp-json\/wp\/v2\/product_tag?post=46106"}],"curies":[{"name":"wp","href":"https:\/\/api.w.org\/{rel}","templated":true}]}}