{"id":46110,"date":"2025-08-05T11:45:29","date_gmt":"2025-08-05T09:45:29","guid":{"rendered":"https:\/\/naturalpoland.com\/produkty\/kategorilenmemis\/visne-aromasi\/"},"modified":"2026-02-20T14:25:12","modified_gmt":"2026-02-20T13:25:12","slug":"visne-aromasi","status":"publish","type":"product","link":"https:\/\/naturalpoland.com\/tr\/urunler\/gida-hammaddeleri\/aromalar\/meyve-aromalari\/visne-aromasi\/","title":{"rendered":"Vi\u015fne Aromas\u0131"},"content":{"rendered":"<h2>Vi\u015fne Aromas\u0131 \u00c7e\u015fitleri<\/h2>\n<h3>Do\u011fal Aromalar<\/h3>\n<p><strong>S\u0131v\u0131 do\u011fal aromalar<\/strong> aras\u0131nda WONF tipi iki varyant \u00f6ne \u00e7\u0131kmaktad\u0131r: <\/p>\n<ol>\n<li>ev yap\u0131m\u0131 kompostoyu and\u0131ran sulu vi\u015fne karakterinde aroma,<\/li>\n<li>hafif meyve eti notas\u0131 ile \u00e7ekirdekli aroma.<\/li>\n<\/ol>\n<p>Her ikisi de y\u00fcksek s\u0131cakl\u0131klara dayan\u0131kl\u0131d\u0131r ve termal i\u015flemlere uygundur. <strong>Toz formundaki<\/strong> e\u015fde\u011ferleri benzer profili korur &#8211; bask\u0131n \u00e7ekirdek tonu, meyve etinin inceli\u011fi ile dengelenir. Fonksiyonel tozlar veya haz\u0131r kar\u0131\u015f\u0131mlar gibi kuru formlara y\u00f6neliktir.  <\/p>\n<h3>S\u0131v\u0131 Aromalar<\/h3>\n<p><strong>S\u0131v\u0131 aromalar<\/strong> kategorisinde daha yo\u011fun, belirgin kompozisyonlar hakimdir. Burada hem glikol ta\u015f\u0131y\u0131c\u0131l\u0131 <strong>\u015feker ve akide profilleri<\/strong>, hem de belirgin \u00e7ekirdek vurgusu ve \u00e7i\u00e7eksi g\u00fcl notas\u0131 ile <strong>konsantre yaban vi\u015fnesi aromalar\u0131<\/strong> bulunmaktad\u0131r. \u0130lgin\u00e7 bir varyant, tar\u00e7\u0131n elementi ile olgun, tatl\u0131 re\u00e7el profiline sahip premium \u00fcr\u00fcnler i\u00e7in ideal <strong>morello vi\u015fnesidir<\/strong>. \u00c7ikolatal\u0131 vi\u015fne versiyonu, meyvenin lik\u00f6r karakterini tatl\u0131 \u00e7ikolatan\u0131n derinli\u011fi ile birle\u015ftirirken, <strong>armut notas\u0131 ile tatl\u0131 vi\u015fne<\/strong> daha meyveli, taze bir alternatif sunmaktad\u0131r.   <\/p>\n<h3>Toz Aromalar<\/h3>\n<p><strong>Toz vi\u015fne aromalar\u0131<\/strong> e\u015fit derecede geni\u015f bir deneyim yelpazesi sunmaktad\u0131r &#8211; g\u00fc\u00e7l\u00fc \u00e7ekirdek elementi ve ince g\u00fcl vurgusu ile <strong>sert yaban vi\u015fnesinden<\/strong>, <strong>komposto meyve eti versiyonuna<\/strong>, son derece i\u015ftah a\u00e7\u0131c\u0131 karaktere sahip <strong>gurme, baharatl\u0131 aromal\u0131 kokteyl vi\u015fnesine<\/strong> kadar. <strong>\u00c7ikolata-vi\u015fne<\/strong> toz versiyonu ise \u00e7ikolata notalar\u0131n\u0131 lik\u00f6r vi\u015fne aromas\u0131 ile birle\u015ftirerek tatl\u0131 tad\u0131n\u0131 yans\u0131tmaktad\u0131r. <\/p>\n<h3>Maskeleme aromalar\u0131<\/h3>\n<p>\u00dcr\u00fcn yelpazesinde ayr\u0131ca, takviye veya diyet form\u00fclasyonlar\u0131ndaki istenmeyen tat ve kokular\u0131 dengelemek veya yumu\u015fatmak amac\u0131yla komposto, tatl\u0131 ve meyveli vi\u015fnenin kullan\u0131ld\u0131\u011f\u0131 bir <strong>maskeleme aromas\u0131<\/strong> da bulunmaktad\u0131r.<\/p>\n","protected":false},"excerpt":{"rendered":"<p>G\u0131da, \u015fekerleme ve takviye end\u00fcstrilerinde kullan\u0131ma y\u00f6nelik vi\u015fne aromas\u0131. \u00dcr\u00fcn yelpazesinde hem do\u011fal aromalar hem de toz ve s\u0131v\u0131 varyantlar bulunmaktad\u0131r. <\/p>\n","protected":false},"featured_media":46111,"template":"","meta":{"_acf_changed":false},"product_brand":[],"product_cat":[9564],"product_tag":[],"class_list":{"0":"post-46110","1":"product","2":"type-product","3":"status-publish","4":"has-post-thumbnail","6":"product_cat-meyve-aromalari","8":"first","9":"instock","10":"shipping-taxable","11":"product-type-simple"},"acf":[],"yoast_head":"<!-- This site is optimized with the Yoast SEO plugin v27.4 - https:\/\/yoast.com\/product\/yoast-seo-wordpress\/ -->\n<title>Vi\u015fne Aromas\u0131 - Hurtowy Dystrybutor<\/title>\n<meta name=\"description\" content=\"Vi\u015fne aromas\u0131, g\u0131da end\u00fcstrisinde geni\u015f uygulama alan\u0131 bulan \u00e7ok y\u00f6nl\u00fc ve son derece \u00e7e\u015fitli bir koku-tat profilidir.\" \/>\n<meta name=\"robots\" content=\"index, follow, max-snippet:-1, max-image-preview:large, max-video-preview:-1\" \/>\n<link rel=\"canonical\" href=\"https:\/\/naturalpoland.com\/tr\/urunler\/gida-hammaddeleri\/aromalar\/meyve-aromalari\/visne-aromasi\/\" \/>\n<meta property=\"og:locale\" content=\"tr_TR\" \/>\n<meta property=\"og:type\" content=\"article\" \/>\n<meta property=\"og:title\" content=\"Vi\u015fne Aromas\u0131 - Hurtowy Dystrybutor\" \/>\n<meta property=\"og:description\" content=\"Vi\u015fne aromas\u0131, g\u0131da end\u00fcstrisinde geni\u015f uygulama alan\u0131 bulan \u00e7ok y\u00f6nl\u00fc ve son derece \u00e7e\u015fitli bir koku-tat profilidir.\" \/>\n<meta property=\"og:url\" content=\"https:\/\/naturalpoland.com\/tr\/urunler\/gida-hammaddeleri\/aromalar\/meyve-aromalari\/visne-aromasi\/\" \/>\n<meta property=\"og:site_name\" content=\"NATURAL POLAND - Hurtowy Dystrybutor Surowc\u00f3w\" \/>\n<meta property=\"article:publisher\" content=\"https:\/\/www.facebook.com\/naturalpoland.b2b\" \/>\n<meta property=\"article:modified_time\" content=\"2026-02-20T13:25:12+00:00\" \/>\n<meta property=\"og:image\" content=\"https:\/\/naturalpoland.com\/wp-content\/uploads\/aromat-wisniowy.webp\" \/>\n\t<meta property=\"og:image:width\" content=\"1024\" \/>\n\t<meta property=\"og:image:height\" content=\"1024\" \/>\n\t<meta property=\"og:image:type\" content=\"image\/webp\" \/>\n<script type=\"application\/ld+json\" class=\"yoast-schema-graph\">{\"@context\":\"https:\\\/\\\/schema.org\",\"@graph\":[{\"@type\":\"WebPage\",\"@id\":\"https:\\\/\\\/naturalpoland.com\\\/tr\\\/urunler\\\/gida-hammaddeleri\\\/aromalar\\\/meyve-aromalari\\\/visne-aromasi\\\/\",\"url\":\"https:\\\/\\\/naturalpoland.com\\\/tr\\\/urunler\\\/gida-hammaddeleri\\\/aromalar\\\/meyve-aromalari\\\/visne-aromasi\\\/\",\"name\":\"Vi\u015fne Aromas\u0131 - Hurtowy Dystrybutor\",\"isPartOf\":{\"@id\":\"https:\\\/\\\/naturalpoland.com\\\/tr\\\/#website\"},\"primaryImageOfPage\":{\"@id\":\"https:\\\/\\\/naturalpoland.com\\\/tr\\\/urunler\\\/gida-hammaddeleri\\\/aromalar\\\/meyve-aromalari\\\/visne-aromasi\\\/#primaryimage\"},\"image\":{\"@id\":\"https:\\\/\\\/naturalpoland.com\\\/tr\\\/urunler\\\/gida-hammaddeleri\\\/aromalar\\\/meyve-aromalari\\\/visne-aromasi\\\/#primaryimage\"},\"thumbnailUrl\":\"https:\\\/\\\/naturalpoland.com\\\/wp-content\\\/uploads\\\/aromat-wisniowy.webp\",\"datePublished\":\"2025-08-05T09:45:29+00:00\",\"dateModified\":\"2026-02-20T13:25:12+00:00\",\"description\":\"Vi\u015fne aromas\u0131, g\u0131da end\u00fcstrisinde geni\u015f uygulama alan\u0131 bulan \u00e7ok y\u00f6nl\u00fc ve son derece \u00e7e\u015fitli bir koku-tat profilidir.\",\"breadcrumb\":{\"@id\":\"https:\\\/\\\/naturalpoland.com\\\/tr\\\/urunler\\\/gida-hammaddeleri\\\/aromalar\\\/meyve-aromalari\\\/visne-aromasi\\\/#breadcrumb\"},\"inLanguage\":\"tr\",\"potentialAction\":[{\"@type\":\"ReadAction\",\"target\":[\"https:\\\/\\\/naturalpoland.com\\\/tr\\\/urunler\\\/gida-hammaddeleri\\\/aromalar\\\/meyve-aromalari\\\/visne-aromasi\\\/\"]}]},{\"@type\":\"ImageObject\",\"inLanguage\":\"tr\",\"@id\":\"https:\\\/\\\/naturalpoland.com\\\/tr\\\/urunler\\\/gida-hammaddeleri\\\/aromalar\\\/meyve-aromalari\\\/visne-aromasi\\\/#primaryimage\",\"url\":\"https:\\\/\\\/naturalpoland.com\\\/wp-content\\\/uploads\\\/aromat-wisniowy.webp\",\"contentUrl\":\"https:\\\/\\\/naturalpoland.com\\\/wp-content\\\/uploads\\\/aromat-wisniowy.webp\",\"width\":1024,\"height\":1024,\"caption\":\"S\u0131v\u0131 ve Toz Vi\u015fne Aromas\u0131\"},{\"@type\":\"BreadcrumbList\",\"@id\":\"https:\\\/\\\/naturalpoland.com\\\/tr\\\/urunler\\\/gida-hammaddeleri\\\/aromalar\\\/meyve-aromalari\\\/visne-aromasi\\\/#breadcrumb\",\"itemListElement\":[{\"@type\":\"ListItem\",\"position\":1,\"name\":\"Ana Sayfa\",\"item\":\"https:\\\/\\\/naturalpoland.com\\\/tr\\\/\"},{\"@type\":\"ListItem\",\"position\":2,\"name\":\"\u00dcr\u00fcnler\",\"item\":\"https:\\\/\\\/naturalpoland.com\\\/tr\\\/urunler\\\/\"},{\"@type\":\"ListItem\",\"position\":3,\"name\":\"Vi\u015fne Aromas\u0131\"}]},{\"@type\":\"WebSite\",\"@id\":\"https:\\\/\\\/naturalpoland.com\\\/tr\\\/#website\",\"url\":\"https:\\\/\\\/naturalpoland.com\\\/tr\\\/\",\"name\":\"NATURAL POLAND - Hurtowy Dystrybutor Surowc\u00f3w\",\"description\":\"Surowce dla przemys\u0142u spo\u017cywczego, kosmetycznego i farmaceutycznego\",\"publisher\":{\"@id\":\"https:\\\/\\\/naturalpoland.com\\\/tr\\\/#organization\"},\"potentialAction\":[{\"@type\":\"SearchAction\",\"target\":{\"@type\":\"EntryPoint\",\"urlTemplate\":\"https:\\\/\\\/naturalpoland.com\\\/tr\\\/?s={search_term_string}\"},\"query-input\":{\"@type\":\"PropertyValueSpecification\",\"valueRequired\":true,\"valueName\":\"search_term_string\"}}],\"inLanguage\":\"tr\"},{\"@type\":\"Organization\",\"@id\":\"https:\\\/\\\/naturalpoland.com\\\/tr\\\/#organization\",\"name\":\"Natural Poland\",\"url\":\"https:\\\/\\\/naturalpoland.com\\\/tr\\\/\",\"logo\":{\"@type\":\"ImageObject\",\"inLanguage\":\"tr\",\"@id\":\"https:\\\/\\\/naturalpoland.com\\\/tr\\\/#\\\/schema\\\/logo\\\/image\\\/\",\"url\":\"https:\\\/\\\/naturalpoland.com\\\/wp-content\\\/uploads\\\/2021\\\/05\\\/natural-poland-icon.png\",\"contentUrl\":\"https:\\\/\\\/naturalpoland.com\\\/wp-content\\\/uploads\\\/2021\\\/05\\\/natural-poland-icon.png\",\"width\":512,\"height\":512,\"caption\":\"Natural Poland\"},\"image\":{\"@id\":\"https:\\\/\\\/naturalpoland.com\\\/tr\\\/#\\\/schema\\\/logo\\\/image\\\/\"},\"sameAs\":[\"https:\\\/\\\/www.facebook.com\\\/naturalpoland.b2b\",\"https:\\\/\\\/pl.linkedin.com\\\/company\\\/natural-poland\",\"https:\\\/\\\/www.youtube.com\\\/channel\\\/UCgeGGkvOMahZo-xu_MSEWxg\"]}]}<\/script>\n<!-- \/ Yoast SEO plugin. -->","yoast_head_json":{"title":"Vi\u015fne Aromas\u0131 - Hurtowy Dystrybutor","description":"Vi\u015fne aromas\u0131, g\u0131da end\u00fcstrisinde geni\u015f uygulama alan\u0131 bulan \u00e7ok y\u00f6nl\u00fc ve son derece \u00e7e\u015fitli bir koku-tat profilidir.","robots":{"index":"index","follow":"follow","max-snippet":"max-snippet:-1","max-image-preview":"max-image-preview:large","max-video-preview":"max-video-preview:-1"},"canonical":"https:\/\/naturalpoland.com\/tr\/urunler\/gida-hammaddeleri\/aromalar\/meyve-aromalari\/visne-aromasi\/","og_locale":"tr_TR","og_type":"article","og_title":"Vi\u015fne Aromas\u0131 - Hurtowy Dystrybutor","og_description":"Vi\u015fne aromas\u0131, g\u0131da end\u00fcstrisinde geni\u015f uygulama alan\u0131 bulan \u00e7ok y\u00f6nl\u00fc ve son derece \u00e7e\u015fitli bir koku-tat profilidir.","og_url":"https:\/\/naturalpoland.com\/tr\/urunler\/gida-hammaddeleri\/aromalar\/meyve-aromalari\/visne-aromasi\/","og_site_name":"NATURAL POLAND - Hurtowy Dystrybutor Surowc\u00f3w","article_publisher":"https:\/\/www.facebook.com\/naturalpoland.b2b","article_modified_time":"2026-02-20T13:25:12+00:00","og_image":[{"width":1024,"height":1024,"url":"https:\/\/naturalpoland.com\/wp-content\/uploads\/aromat-wisniowy.webp","type":"image\/webp"}],"schema":{"@context":"https:\/\/schema.org","@graph":[{"@type":"WebPage","@id":"https:\/\/naturalpoland.com\/tr\/urunler\/gida-hammaddeleri\/aromalar\/meyve-aromalari\/visne-aromasi\/","url":"https:\/\/naturalpoland.com\/tr\/urunler\/gida-hammaddeleri\/aromalar\/meyve-aromalari\/visne-aromasi\/","name":"Vi\u015fne Aromas\u0131 - Hurtowy Dystrybutor","isPartOf":{"@id":"https:\/\/naturalpoland.com\/tr\/#website"},"primaryImageOfPage":{"@id":"https:\/\/naturalpoland.com\/tr\/urunler\/gida-hammaddeleri\/aromalar\/meyve-aromalari\/visne-aromasi\/#primaryimage"},"image":{"@id":"https:\/\/naturalpoland.com\/tr\/urunler\/gida-hammaddeleri\/aromalar\/meyve-aromalari\/visne-aromasi\/#primaryimage"},"thumbnailUrl":"https:\/\/naturalpoland.com\/wp-content\/uploads\/aromat-wisniowy.webp","datePublished":"2025-08-05T09:45:29+00:00","dateModified":"2026-02-20T13:25:12+00:00","description":"Vi\u015fne aromas\u0131, g\u0131da end\u00fcstrisinde geni\u015f uygulama alan\u0131 bulan \u00e7ok y\u00f6nl\u00fc ve son derece \u00e7e\u015fitli bir koku-tat profilidir.","breadcrumb":{"@id":"https:\/\/naturalpoland.com\/tr\/urunler\/gida-hammaddeleri\/aromalar\/meyve-aromalari\/visne-aromasi\/#breadcrumb"},"inLanguage":"tr","potentialAction":[{"@type":"ReadAction","target":["https:\/\/naturalpoland.com\/tr\/urunler\/gida-hammaddeleri\/aromalar\/meyve-aromalari\/visne-aromasi\/"]}]},{"@type":"ImageObject","inLanguage":"tr","@id":"https:\/\/naturalpoland.com\/tr\/urunler\/gida-hammaddeleri\/aromalar\/meyve-aromalari\/visne-aromasi\/#primaryimage","url":"https:\/\/naturalpoland.com\/wp-content\/uploads\/aromat-wisniowy.webp","contentUrl":"https:\/\/naturalpoland.com\/wp-content\/uploads\/aromat-wisniowy.webp","width":1024,"height":1024,"caption":"S\u0131v\u0131 ve Toz Vi\u015fne Aromas\u0131"},{"@type":"BreadcrumbList","@id":"https:\/\/naturalpoland.com\/tr\/urunler\/gida-hammaddeleri\/aromalar\/meyve-aromalari\/visne-aromasi\/#breadcrumb","itemListElement":[{"@type":"ListItem","position":1,"name":"Ana Sayfa","item":"https:\/\/naturalpoland.com\/tr\/"},{"@type":"ListItem","position":2,"name":"\u00dcr\u00fcnler","item":"https:\/\/naturalpoland.com\/tr\/urunler\/"},{"@type":"ListItem","position":3,"name":"Vi\u015fne Aromas\u0131"}]},{"@type":"WebSite","@id":"https:\/\/naturalpoland.com\/tr\/#website","url":"https:\/\/naturalpoland.com\/tr\/","name":"NATURAL POLAND - Hurtowy Dystrybutor Surowc\u00f3w","description":"Surowce dla przemys\u0142u spo\u017cywczego, kosmetycznego i farmaceutycznego","publisher":{"@id":"https:\/\/naturalpoland.com\/tr\/#organization"},"potentialAction":[{"@type":"SearchAction","target":{"@type":"EntryPoint","urlTemplate":"https:\/\/naturalpoland.com\/tr\/?s={search_term_string}"},"query-input":{"@type":"PropertyValueSpecification","valueRequired":true,"valueName":"search_term_string"}}],"inLanguage":"tr"},{"@type":"Organization","@id":"https:\/\/naturalpoland.com\/tr\/#organization","name":"Natural Poland","url":"https:\/\/naturalpoland.com\/tr\/","logo":{"@type":"ImageObject","inLanguage":"tr","@id":"https:\/\/naturalpoland.com\/tr\/#\/schema\/logo\/image\/","url":"https:\/\/naturalpoland.com\/wp-content\/uploads\/2021\/05\/natural-poland-icon.png","contentUrl":"https:\/\/naturalpoland.com\/wp-content\/uploads\/2021\/05\/natural-poland-icon.png","width":512,"height":512,"caption":"Natural Poland"},"image":{"@id":"https:\/\/naturalpoland.com\/tr\/#\/schema\/logo\/image\/"},"sameAs":["https:\/\/www.facebook.com\/naturalpoland.b2b","https:\/\/pl.linkedin.com\/company\/natural-poland","https:\/\/www.youtube.com\/channel\/UCgeGGkvOMahZo-xu_MSEWxg"]}]}},"_links":{"self":[{"href":"https:\/\/naturalpoland.com\/tr\/wp-json\/wp\/v2\/product\/46110","targetHints":{"allow":["GET"]}}],"collection":[{"href":"https:\/\/naturalpoland.com\/tr\/wp-json\/wp\/v2\/product"}],"about":[{"href":"https:\/\/naturalpoland.com\/tr\/wp-json\/wp\/v2\/types\/product"}],"wp:featuredmedia":[{"embeddable":true,"href":"https:\/\/naturalpoland.com\/tr\/wp-json\/wp\/v2\/media\/46111"}],"wp:attachment":[{"href":"https:\/\/naturalpoland.com\/tr\/wp-json\/wp\/v2\/media?parent=46110"}],"wp:term":[{"taxonomy":"product_brand","embeddable":true,"href":"https:\/\/naturalpoland.com\/tr\/wp-json\/wp\/v2\/product_brand?post=46110"},{"taxonomy":"product_cat","embeddable":true,"href":"https:\/\/naturalpoland.com\/tr\/wp-json\/wp\/v2\/product_cat?post=46110"},{"taxonomy":"product_tag","embeddable":true,"href":"https:\/\/naturalpoland.com\/tr\/wp-json\/wp\/v2\/product_tag?post=46110"}],"curies":[{"name":"wp","href":"https:\/\/api.w.org\/{rel}","templated":true}]}}