{"id":46112,"date":"2025-07-17T15:11:45","date_gmt":"2025-07-17T13:11:45","guid":{"rendered":"https:\/\/naturalpoland.com\/produkty\/kategorilenmemis\/baobab-meyvesi-tozu\/"},"modified":"2026-02-20T14:25:32","modified_gmt":"2026-02-20T13:25:32","slug":"baobab-meyvesi-tozu","status":"publish","type":"product","link":"https:\/\/naturalpoland.com\/tr\/urunler\/gida-hammaddeleri\/uretim-hammaddeleri\/baobab-meyvesi-tozu\/","title":{"rendered":"Baobab Meyvesi Tozu"},"content":{"rendered":"<h2>Baobab Tozunun \u00d6zellikleri<\/h2>\n<p>Baobab tozu, vitaminler (\u00f6zellikle C vitamini), antioksidanlar, lif ve kalsiyum, potasyum, magnezyum ve demir gibi mineraller a\u00e7\u0131s\u0131ndan de\u011ferli bir kaynakt\u0131r. \u00d6zellikleri sayesinde: <\/p>\n<ul>\n<li>ba\u011f\u0131\u015f\u0131kl\u0131k sistemini destekler,<\/li>\n<li>sindirime yard\u0131mc\u0131 olur,<\/li>\n<li>metabolizmay\u0131 destekler,<\/li>\n<li>enerji seviyesini do\u011fal olarak art\u0131r\u0131r.<\/li>\n<\/ul>\n<p>Y\u00fcksek lif i\u00e7eri\u011fi nedeniyle, ba\u011f\u0131rsak peristaltizmini ve <strong>ba\u011f\u0131rsak mikrobiyota sa\u011fl\u0131\u011f\u0131n\u0131<\/strong> destekleyen bir bile\u015fen olarak da s\u0131kl\u0131kla kullan\u0131l\u0131r.<\/p>\n<h2>Kullan\u0131m alanlar\u0131<\/h2>\n<p>Baobab tozunun kullan\u0131m alanlar\u0131 g\u0131da, takviye ve kozmetik end\u00fcstrilerini kapsar. Fonksiyonel i\u00e7ecekler, barlar, besin tozlar\u0131, bitkisel yo\u011furtlar i\u00e7in bile\u015fen olarak veya do\u011fal k\u0131vam art\u0131r\u0131c\u0131 ve besin de\u011feri g\u00fc\u00e7lendirici olarak kullan\u0131labilir. Kozmetikte \u2013 \u00f6zellikle do\u011fal kozmetikte \u2013 nemlendirici, ayd\u0131nlat\u0131c\u0131 ve antioksidan etkili bir bile\u015fen olarak kullan\u0131l\u0131r.  <\/p>\n<p>Yumu\u015fak tad\u0131 ve sa\u011fl\u0131\u011fa faydal\u0131 \u00f6zellikleri sayesinde baobab tozu, bir\u00e7ok form\u00fclasyona de\u011ferli ve \u00e7ok y\u00f6nl\u00fc bir katk\u0131 sa\u011flayarak nihai \u00fcr\u00fcnlerin fonksiyonelli\u011fini ve de\u011ferini destekler.<\/p>\n","protected":false},"excerpt":{"rendered":"<p>Organik <strong>baobab meyvesi tozu<\/strong>, &#8220;ya\u015fam a\u011fac\u0131&#8221; olarak da bilinen baobab a\u011fac\u0131n\u0131n (<em>Adansonia digitata<\/em>) meyve posas\u0131ndan elde edilir. Bu hammadde, herhangi bir yabanc\u0131 nota sahip olmayan karakteristik koku ve tada sahiptir. %100 do\u011fal ve organik sertifikal\u0131 bir \u00fcr\u00fcnd\u00fcr.  <\/p>\n","protected":false},"featured_media":46113,"template":"","meta":{"_acf_changed":false},"product_brand":[],"product_cat":[9540,9572],"product_tag":[],"class_list":{"0":"post-46112","1":"product","2":"type-product","3":"status-publish","4":"has-post-thumbnail","6":"product_cat-takviye-edici-gida-bilesenleri","7":"product_cat-uretim-hammaddeleri","8":"pa_czesc-rosliny-meyve","10":"first","11":"instock","12":"shipping-taxable","13":"product-type-simple"},"acf":[],"yoast_head":"<!-- This site is optimized with the Yoast SEO plugin v27.5 - https:\/\/yoast.com\/product\/yoast-seo-wordpress\/ -->\n<title>Baobab Meyvesi Tozu - Hurtowy Dystrybutor<\/title>\n<meta name=\"description\" content=\"Organik baobab meyvesi tozu, baobab a\u011fac\u0131n\u0131n (Adansonia digitata) meyve posas\u0131ndan elde edilen do\u011fal bir hammaddedir.\" \/>\n<meta name=\"robots\" content=\"index, follow, max-snippet:-1, max-image-preview:large, max-video-preview:-1\" \/>\n<link rel=\"canonical\" href=\"https:\/\/naturalpoland.com\/tr\/urunler\/gida-hammaddeleri\/uretim-hammaddeleri\/baobab-meyvesi-tozu\/\" \/>\n<meta property=\"og:locale\" content=\"tr_TR\" \/>\n<meta property=\"og:type\" content=\"article\" \/>\n<meta property=\"og:title\" content=\"Baobab Meyvesi Tozu - Hurtowy Dystrybutor\" \/>\n<meta property=\"og:description\" content=\"Organik baobab meyvesi tozu, baobab a\u011fac\u0131n\u0131n (Adansonia digitata) meyve posas\u0131ndan elde edilen do\u011fal bir hammaddedir.\" \/>\n<meta property=\"og:url\" content=\"https:\/\/naturalpoland.com\/tr\/urunler\/gida-hammaddeleri\/uretim-hammaddeleri\/baobab-meyvesi-tozu\/\" \/>\n<meta property=\"og:site_name\" content=\"NATURAL POLAND - Hurtowy Dystrybutor Surowc\u00f3w\" \/>\n<meta property=\"article:publisher\" content=\"https:\/\/www.facebook.com\/naturalpoland.b2b\" \/>\n<meta property=\"article:modified_time\" content=\"2026-02-20T13:25:32+00:00\" \/>\n<meta property=\"og:image\" content=\"https:\/\/naturalpoland.com\/wp-content\/uploads\/proszek-z-owocu-baobabu.webp\" \/>\n\t<meta property=\"og:image:width\" content=\"1024\" \/>\n\t<meta property=\"og:image:height\" content=\"1024\" \/>\n\t<meta property=\"og:image:type\" content=\"image\/webp\" \/>\n<script type=\"application\/ld+json\" class=\"yoast-schema-graph\">{\"@context\":\"https:\\\/\\\/schema.org\",\"@graph\":[{\"@type\":\"WebPage\",\"@id\":\"https:\\\/\\\/naturalpoland.com\\\/tr\\\/urunler\\\/gida-hammaddeleri\\\/uretim-hammaddeleri\\\/baobab-meyvesi-tozu\\\/\",\"url\":\"https:\\\/\\\/naturalpoland.com\\\/tr\\\/urunler\\\/gida-hammaddeleri\\\/uretim-hammaddeleri\\\/baobab-meyvesi-tozu\\\/\",\"name\":\"Baobab Meyvesi Tozu - Hurtowy Dystrybutor\",\"isPartOf\":{\"@id\":\"https:\\\/\\\/naturalpoland.com\\\/tr\\\/#website\"},\"primaryImageOfPage\":{\"@id\":\"https:\\\/\\\/naturalpoland.com\\\/tr\\\/urunler\\\/gida-hammaddeleri\\\/uretim-hammaddeleri\\\/baobab-meyvesi-tozu\\\/#primaryimage\"},\"image\":{\"@id\":\"https:\\\/\\\/naturalpoland.com\\\/tr\\\/urunler\\\/gida-hammaddeleri\\\/uretim-hammaddeleri\\\/baobab-meyvesi-tozu\\\/#primaryimage\"},\"thumbnailUrl\":\"https:\\\/\\\/naturalpoland.com\\\/wp-content\\\/uploads\\\/proszek-z-owocu-baobabu.webp\",\"datePublished\":\"2025-07-17T13:11:45+00:00\",\"dateModified\":\"2026-02-20T13:25:32+00:00\",\"description\":\"Organik baobab meyvesi tozu, baobab a\u011fac\u0131n\u0131n (Adansonia digitata) meyve posas\u0131ndan elde edilen do\u011fal bir hammaddedir.\",\"breadcrumb\":{\"@id\":\"https:\\\/\\\/naturalpoland.com\\\/tr\\\/urunler\\\/gida-hammaddeleri\\\/uretim-hammaddeleri\\\/baobab-meyvesi-tozu\\\/#breadcrumb\"},\"inLanguage\":\"tr\",\"potentialAction\":[{\"@type\":\"ReadAction\",\"target\":[\"https:\\\/\\\/naturalpoland.com\\\/tr\\\/urunler\\\/gida-hammaddeleri\\\/uretim-hammaddeleri\\\/baobab-meyvesi-tozu\\\/\"]}]},{\"@type\":\"ImageObject\",\"inLanguage\":\"tr\",\"@id\":\"https:\\\/\\\/naturalpoland.com\\\/tr\\\/urunler\\\/gida-hammaddeleri\\\/uretim-hammaddeleri\\\/baobab-meyvesi-tozu\\\/#primaryimage\",\"url\":\"https:\\\/\\\/naturalpoland.com\\\/wp-content\\\/uploads\\\/proszek-z-owocu-baobabu.webp\",\"contentUrl\":\"https:\\\/\\\/naturalpoland.com\\\/wp-content\\\/uploads\\\/proszek-z-owocu-baobabu.webp\",\"width\":1024,\"height\":1024,\"caption\":\"baobab meyvesi tozu\"},{\"@type\":\"BreadcrumbList\",\"@id\":\"https:\\\/\\\/naturalpoland.com\\\/tr\\\/urunler\\\/gida-hammaddeleri\\\/uretim-hammaddeleri\\\/baobab-meyvesi-tozu\\\/#breadcrumb\",\"itemListElement\":[{\"@type\":\"ListItem\",\"position\":1,\"name\":\"Ana Sayfa\",\"item\":\"https:\\\/\\\/naturalpoland.com\\\/tr\\\/\"},{\"@type\":\"ListItem\",\"position\":2,\"name\":\"\u00dcr\u00fcnler\",\"item\":\"https:\\\/\\\/naturalpoland.com\\\/tr\\\/urunler\\\/\"},{\"@type\":\"ListItem\",\"position\":3,\"name\":\"Baobab Meyvesi Tozu\"}]},{\"@type\":\"WebSite\",\"@id\":\"https:\\\/\\\/naturalpoland.com\\\/tr\\\/#website\",\"url\":\"https:\\\/\\\/naturalpoland.com\\\/tr\\\/\",\"name\":\"NATURAL POLAND - Hurtowy Dystrybutor Surowc\u00f3w\",\"description\":\"Surowce dla przemys\u0142u spo\u017cywczego, kosmetycznego i farmaceutycznego\",\"publisher\":{\"@id\":\"https:\\\/\\\/naturalpoland.com\\\/tr\\\/#organization\"},\"potentialAction\":[{\"@type\":\"SearchAction\",\"target\":{\"@type\":\"EntryPoint\",\"urlTemplate\":\"https:\\\/\\\/naturalpoland.com\\\/tr\\\/?s={search_term_string}\"},\"query-input\":{\"@type\":\"PropertyValueSpecification\",\"valueRequired\":true,\"valueName\":\"search_term_string\"}}],\"inLanguage\":\"tr\"},{\"@type\":\"Organization\",\"@id\":\"https:\\\/\\\/naturalpoland.com\\\/tr\\\/#organization\",\"name\":\"Natural Poland\",\"url\":\"https:\\\/\\\/naturalpoland.com\\\/tr\\\/\",\"logo\":{\"@type\":\"ImageObject\",\"inLanguage\":\"tr\",\"@id\":\"https:\\\/\\\/naturalpoland.com\\\/tr\\\/#\\\/schema\\\/logo\\\/image\\\/\",\"url\":\"https:\\\/\\\/naturalpoland.com\\\/wp-content\\\/uploads\\\/2021\\\/05\\\/natural-poland-icon.png\",\"contentUrl\":\"https:\\\/\\\/naturalpoland.com\\\/wp-content\\\/uploads\\\/2021\\\/05\\\/natural-poland-icon.png\",\"width\":512,\"height\":512,\"caption\":\"Natural Poland\"},\"image\":{\"@id\":\"https:\\\/\\\/naturalpoland.com\\\/tr\\\/#\\\/schema\\\/logo\\\/image\\\/\"},\"sameAs\":[\"https:\\\/\\\/www.facebook.com\\\/naturalpoland.b2b\",\"https:\\\/\\\/pl.linkedin.com\\\/company\\\/natural-poland\",\"https:\\\/\\\/www.youtube.com\\\/channel\\\/UCgeGGkvOMahZo-xu_MSEWxg\"]}]}<\/script>\n<!-- \/ Yoast SEO plugin. -->","yoast_head_json":{"title":"Baobab Meyvesi Tozu - Hurtowy Dystrybutor","description":"Organik baobab meyvesi tozu, baobab a\u011fac\u0131n\u0131n (Adansonia digitata) meyve posas\u0131ndan elde edilen do\u011fal bir hammaddedir.","robots":{"index":"index","follow":"follow","max-snippet":"max-snippet:-1","max-image-preview":"max-image-preview:large","max-video-preview":"max-video-preview:-1"},"canonical":"https:\/\/naturalpoland.com\/tr\/urunler\/gida-hammaddeleri\/uretim-hammaddeleri\/baobab-meyvesi-tozu\/","og_locale":"tr_TR","og_type":"article","og_title":"Baobab Meyvesi Tozu - Hurtowy Dystrybutor","og_description":"Organik baobab meyvesi tozu, baobab a\u011fac\u0131n\u0131n (Adansonia digitata) meyve posas\u0131ndan elde edilen do\u011fal bir hammaddedir.","og_url":"https:\/\/naturalpoland.com\/tr\/urunler\/gida-hammaddeleri\/uretim-hammaddeleri\/baobab-meyvesi-tozu\/","og_site_name":"NATURAL POLAND - Hurtowy Dystrybutor Surowc\u00f3w","article_publisher":"https:\/\/www.facebook.com\/naturalpoland.b2b","article_modified_time":"2026-02-20T13:25:32+00:00","og_image":[{"width":1024,"height":1024,"url":"https:\/\/naturalpoland.com\/wp-content\/uploads\/proszek-z-owocu-baobabu.webp","type":"image\/webp"}],"schema":{"@context":"https:\/\/schema.org","@graph":[{"@type":"WebPage","@id":"https:\/\/naturalpoland.com\/tr\/urunler\/gida-hammaddeleri\/uretim-hammaddeleri\/baobab-meyvesi-tozu\/","url":"https:\/\/naturalpoland.com\/tr\/urunler\/gida-hammaddeleri\/uretim-hammaddeleri\/baobab-meyvesi-tozu\/","name":"Baobab Meyvesi Tozu - Hurtowy Dystrybutor","isPartOf":{"@id":"https:\/\/naturalpoland.com\/tr\/#website"},"primaryImageOfPage":{"@id":"https:\/\/naturalpoland.com\/tr\/urunler\/gida-hammaddeleri\/uretim-hammaddeleri\/baobab-meyvesi-tozu\/#primaryimage"},"image":{"@id":"https:\/\/naturalpoland.com\/tr\/urunler\/gida-hammaddeleri\/uretim-hammaddeleri\/baobab-meyvesi-tozu\/#primaryimage"},"thumbnailUrl":"https:\/\/naturalpoland.com\/wp-content\/uploads\/proszek-z-owocu-baobabu.webp","datePublished":"2025-07-17T13:11:45+00:00","dateModified":"2026-02-20T13:25:32+00:00","description":"Organik baobab meyvesi tozu, baobab a\u011fac\u0131n\u0131n (Adansonia digitata) meyve posas\u0131ndan elde edilen do\u011fal bir hammaddedir.","breadcrumb":{"@id":"https:\/\/naturalpoland.com\/tr\/urunler\/gida-hammaddeleri\/uretim-hammaddeleri\/baobab-meyvesi-tozu\/#breadcrumb"},"inLanguage":"tr","potentialAction":[{"@type":"ReadAction","target":["https:\/\/naturalpoland.com\/tr\/urunler\/gida-hammaddeleri\/uretim-hammaddeleri\/baobab-meyvesi-tozu\/"]}]},{"@type":"ImageObject","inLanguage":"tr","@id":"https:\/\/naturalpoland.com\/tr\/urunler\/gida-hammaddeleri\/uretim-hammaddeleri\/baobab-meyvesi-tozu\/#primaryimage","url":"https:\/\/naturalpoland.com\/wp-content\/uploads\/proszek-z-owocu-baobabu.webp","contentUrl":"https:\/\/naturalpoland.com\/wp-content\/uploads\/proszek-z-owocu-baobabu.webp","width":1024,"height":1024,"caption":"baobab meyvesi tozu"},{"@type":"BreadcrumbList","@id":"https:\/\/naturalpoland.com\/tr\/urunler\/gida-hammaddeleri\/uretim-hammaddeleri\/baobab-meyvesi-tozu\/#breadcrumb","itemListElement":[{"@type":"ListItem","position":1,"name":"Ana Sayfa","item":"https:\/\/naturalpoland.com\/tr\/"},{"@type":"ListItem","position":2,"name":"\u00dcr\u00fcnler","item":"https:\/\/naturalpoland.com\/tr\/urunler\/"},{"@type":"ListItem","position":3,"name":"Baobab Meyvesi Tozu"}]},{"@type":"WebSite","@id":"https:\/\/naturalpoland.com\/tr\/#website","url":"https:\/\/naturalpoland.com\/tr\/","name":"NATURAL POLAND - Hurtowy Dystrybutor Surowc\u00f3w","description":"Surowce dla przemys\u0142u spo\u017cywczego, kosmetycznego i farmaceutycznego","publisher":{"@id":"https:\/\/naturalpoland.com\/tr\/#organization"},"potentialAction":[{"@type":"SearchAction","target":{"@type":"EntryPoint","urlTemplate":"https:\/\/naturalpoland.com\/tr\/?s={search_term_string}"},"query-input":{"@type":"PropertyValueSpecification","valueRequired":true,"valueName":"search_term_string"}}],"inLanguage":"tr"},{"@type":"Organization","@id":"https:\/\/naturalpoland.com\/tr\/#organization","name":"Natural Poland","url":"https:\/\/naturalpoland.com\/tr\/","logo":{"@type":"ImageObject","inLanguage":"tr","@id":"https:\/\/naturalpoland.com\/tr\/#\/schema\/logo\/image\/","url":"https:\/\/naturalpoland.com\/wp-content\/uploads\/2021\/05\/natural-poland-icon.png","contentUrl":"https:\/\/naturalpoland.com\/wp-content\/uploads\/2021\/05\/natural-poland-icon.png","width":512,"height":512,"caption":"Natural Poland"},"image":{"@id":"https:\/\/naturalpoland.com\/tr\/#\/schema\/logo\/image\/"},"sameAs":["https:\/\/www.facebook.com\/naturalpoland.b2b","https:\/\/pl.linkedin.com\/company\/natural-poland","https:\/\/www.youtube.com\/channel\/UCgeGGkvOMahZo-xu_MSEWxg"]}]}},"_links":{"self":[{"href":"https:\/\/naturalpoland.com\/tr\/wp-json\/wp\/v2\/product\/46112","targetHints":{"allow":["GET"]}}],"collection":[{"href":"https:\/\/naturalpoland.com\/tr\/wp-json\/wp\/v2\/product"}],"about":[{"href":"https:\/\/naturalpoland.com\/tr\/wp-json\/wp\/v2\/types\/product"}],"wp:featuredmedia":[{"embeddable":true,"href":"https:\/\/naturalpoland.com\/tr\/wp-json\/wp\/v2\/media\/46113"}],"wp:attachment":[{"href":"https:\/\/naturalpoland.com\/tr\/wp-json\/wp\/v2\/media?parent=46112"}],"wp:term":[{"taxonomy":"product_brand","embeddable":true,"href":"https:\/\/naturalpoland.com\/tr\/wp-json\/wp\/v2\/product_brand?post=46112"},{"taxonomy":"product_cat","embeddable":true,"href":"https:\/\/naturalpoland.com\/tr\/wp-json\/wp\/v2\/product_cat?post=46112"},{"taxonomy":"product_tag","embeddable":true,"href":"https:\/\/naturalpoland.com\/tr\/wp-json\/wp\/v2\/product_tag?post=46112"}],"curies":[{"name":"wp","href":"https:\/\/api.w.org\/{rel}","templated":true}]}}