{"id":46116,"date":"2026-02-20T14:26:33","date_gmt":"2026-02-20T13:26:33","guid":{"rendered":"https:\/\/naturalpoland.com\/produkty\/kategorilenmemis\/atlar-icin-bitkisel-hammaddeler\/"},"modified":"2026-02-20T14:26:36","modified_gmt":"2026-02-20T13:26:36","slug":"atlar-icin-bitkisel-hammaddeler","status":"publish","type":"product","link":"https:\/\/naturalpoland.com\/tr\/urunler\/hayvanlar-icin-hammaddeler\/atlar-icin-bitkisel-hammaddeler\/","title":{"rendered":"Atlar i\u00e7in bitkisel hammaddeler"},"content":{"rendered":"<h2>Kurutulmu\u015f sebzeler:<\/h2>\n<div class=\"row\"  id=\"row-2020919959\">\n\n\t<div id=\"col-579586087\" class=\"col medium-1\/2 large-6\"  >\n\t\t\t\t<div class=\"col-inner\"  >\n\t\t\t\n\t\t\t\n<ul>\n<li>Fasulye pullar\u0131<\/li>\n<li>Brokoli ve bezelye pullar\u0131<\/li>\n<li>Salatal\u0131k dilimleri<\/li>\n<li>Ke\u00e7iboynuzu kabuklar\u0131<\/li>\n<li>Havu\u00e7 k\u00fcpleri 10x10x2 mm<\/li>\n<li>Havu\u00e7 dilimleri<\/li>\n<li>Patates k\u00fcpleri<\/li>\n<li>Patates pullar\u0131<\/li>\n<li>Balkaba\u011f\u0131 pullar\u0131<\/li>\n<li>P\u0131rasa pullar\u0131<\/li>\n<li>K\u0131rm\u0131z\u0131 biber<\/li>\n<\/ul>\n\t\t<\/div>\n\t\t\t\t\t<\/div>\n\n\t\n\n\t<div id=\"col-1626530822\" class=\"col medium-1\/2 large-6\"  >\n\t\t\t\t<div class=\"col-inner\"  >\n\t\t\t\n\t\t\t\n<ul>\n<li>Ye\u015fil biber<\/li>\n<li>Yaban havucu<\/li>\n<li>Maydanoz k\u00f6k\u00fc 10x10x3 mm<\/li>\n<li>Pancar<\/li>\n<li>Kereviz pullar\u0131<\/li>\n<li>Tatl\u0131 patates<\/li>\n<li>Domates pullar\u0131<\/li>\n<li>Yer elmas\u0131<\/li>\n<li>Lahana pullar\u0131<\/li>\n<li>Kabak dilimleri<\/li>\n<li>Kabak k\u00fcpleri<\/li>\n<\/ul>\n\t\t<\/div>\n\t\t\t\t\t<\/div>\n\n\t\n<\/div>\n<h2>Kurutulmu\u015f ve dondurarak kurutulmu\u015f meyveler<\/h2>\n<div class=\"row\"  id=\"row-1611345295\">\n\n\t<div id=\"col-2108614319\" class=\"col medium-1\/2 large-6\"  >\n\t\t\t\t<div class=\"col-inner\"  >\n\t\t\t\n\t\t\t\n<ul>\n<li>Elma cipsleri, 1\/4 dilim<\/li>\n<li>Elma k\u00fcpleri 10&#215;10 mm<\/li>\n<li>K\u0131r\u0131k elma cipsleri<\/li>\n<li>Ananas k\u00fcpleri<\/li>\n<li>Muz cipsleri (k\u0131r\u0131k, \u015fekersiz)<\/li>\n<li>Muz cipsleri (b\u00fct\u00fcn, \u015fekersiz)<\/li>\n<li>Armut k\u00fcpleri<\/li>\n<li>Dondurarak kurutulmu\u015f \u00e7ilekler<\/li>\n<\/ul>\n\t\t<\/div>\n\t\t\t\t\t<\/div>\n\n\t\n\n\t<div id=\"col-134210396\" class=\"col medium-1\/2 large-6\"  >\n\t\t\t\t<div class=\"col-inner\"  >\n\t\t\t\n\t\t\t\n<ul>\n<li>Ku\u015fburnu<\/li>\n<li>Ku\u015fburnu kabuklar\u0131<\/li>\n<li>Ku\u015fburnu kabu\u011fu tozu<\/li>\n<li>Dondurarak kurutulmu\u015f ahududu<\/li>\n<li>Hindistan cevizi cipsleri<\/li>\n<li>Hindistan cevizi unu<\/li>\n<li>Mango k\u00fcpleri<\/li>\n<li>Papaya k\u00fcpleri<\/li>\n<\/ul>\n\t\t<\/div>\n\t\t\t\t\t<\/div>\n\n\t\n<\/div>\n<h2>Meyveler ve yemi\u015fler<\/h2>\n<div class=\"row\"  id=\"row-264461414\">\n\n\t<div id=\"col-626314095\" class=\"col medium-1\/2 large-6\"  >\n\t\t\t\t<div class=\"col-inner\"  >\n\t\t\t\n\t\t\t\n<ul>\n<li>Aronya meyveleri<\/li>\n<li>\u00dcvez<\/li>\n<li>Siyah frenk \u00fcz\u00fcm\u00fc<\/li>\n<li>Goji meyveleri<\/li>\n<\/ul>\n\t\t<\/div>\n\t\t\t\t\t<\/div>\n\n\t\n\n\t<div id=\"col-190762167\" class=\"col medium-1\/2 large-6\"  >\n\t\t\t\t<div class=\"col-inner\"  >\n\t\t\t\n\t\t\t\n<ul>\n<li>K\u0131z\u0131lc\u0131k<\/li>\n<li>Ard\u0131\u00e7 meyveleri<\/li>\n<li>Al\u0131\u00e7 meyveleri<\/li>\n<li>M\u00fcrver meyveleri<\/li>\n<\/ul>\n\t\t<\/div>\n\t\t\t\t\t<\/div>\n\n\t\n<\/div>\n<h2>Bitkiler<\/h2>\n<div class=\"row\"  id=\"row-1914372890\">\n\n\t<div id=\"col-1289955097\" class=\"col medium-1\/3 large-4\"  >\n\t\t\t\t<div class=\"col-inner\"  >\n\t\t\t\n\t\t\t\n<ul>\n<li>Yonca<\/li>\n<li>Elma yapraklar\u0131<\/li>\n<li>Kay\u0131s\u0131 yapraklar\u0131<\/li>\n<li>Enginar yapraklar\u0131 (kesilmi\u015f)<\/li>\n<li>Hu\u015f a\u011fac\u0131 yapraklar\u0131<\/li>\n<li>Armut yapraklar\u0131<\/li>\n<li>Sinirli otu<\/li>\n<li>Is\u0131rgan yapraklar\u0131<\/li>\n<li>B\u00f6\u011f\u00fcrtlen yapraklar\u0131<\/li>\n<li>Dereotu saplar\u0131<\/li>\n<li>Okalipt\u00fcs yapraklar\u0131<\/li>\n<li>Okalipt\u00fcs yapraklar\u0131 (kesilmi\u015f)<\/li>\n<li>Ladin i\u011fneleri<\/li>\n<li>Ginkgo biloba yapraklar\u0131<\/li>\n<li>Alt\u0131n otu (kesilmi\u015f)<\/li>\n<li>Ye\u015fil siyez<\/li>\n<li>Ye\u015fil yulaf<\/li>\n<li>Ye\u015fil bu\u011fday<\/li>\n<li>F\u0131nd\u0131k yapraklar\u0131<\/li>\n<li>Ahududu yapraklar\u0131<\/li>\n<\/ul>\n\t\t<\/div>\n\t\t\t\t\t<\/div>\n\n\t\n\n\t<div id=\"col-314901929\" class=\"col medium-1\/3 large-4\"  >\n\t\t\t\t<div class=\"col-inner\"  >\n\t\t\t\n\t\t\t\n<ul>\n<li>\u00d6ks\u00fcr\u00fck otu yapraklar\u0131<\/li>\n<li>\u00d6ks\u00fcr\u00fck otu yapraklar\u0131 (kesilmi\u015f)<\/li>\n<li>\u0130zlanda likeni<\/li>\n<li>\u0130zlanda likeni (kesilmi\u015f)<\/li>\n<li>Siyah frenk \u00fcz\u00fcm\u00fc yapraklar\u0131<\/li>\n<li>Frenk so\u011fan\u0131 saplar\u0131<\/li>\n<li>Kiraz yapraklar\u0131<\/li>\n<li>Yap\u0131\u015fkan ot (kesilmi\u015f)<\/li>\n<li>Ki\u015fni\u015f saplar\u0131<\/li>\n<li>Ihlamur yapraklar\u0131<\/li>\n<li>Karahindiba yapraklar\u0131 \u2013 1. s\u0131n\u0131f <\/li>\n<li>Karahindiba yapraklar\u0131 (k\u00fclt\u00fcr)<\/li>\n<li>Karahindiba yapraklar\u0131 (kesilmi\u015f)<\/li>\n<li>\u00c7ay\u0131r krali\u00e7esi otu (kesilmi\u015f)<\/li>\n<li>Meryemana dikeni<\/li>\n<li>Dut yapraklar\u0131<\/li>\n<li>Melisa<\/li>\n<li>Nane yapraklar\u0131<\/li>\n<li>\u015eeftali yapraklar\u0131<\/li>\n<\/ul>\n\t\t<\/div>\n\t\t\t\t\t<\/div>\n\n\t\n\n\t<div id=\"col-780144881\" class=\"col medium-1\/3 large-4\"  >\n\t\t\t\t<div class=\"col-inner\"  >\n\t\t\t\n\t\t\t\n<ul>\n<li>Erik yapraklar\u0131<\/li>\n<li>Maydanoz saplar\u0131<\/li>\n<li>K\u0131rm\u0131z\u0131 yonca saplar\u0131<\/li>\n<li>Ada\u00e7ay\u0131 yapraklar\u0131<\/li>\n<li>Ada\u00e7ay\u0131 yapraklar\u0131 (kesilmi\u015f)<\/li>\n<li>Civanper\u00e7emi (kesilmi\u015f)<\/li>\n<li>Kereviz saplar\u0131<\/li>\n<li>Ekinezya<\/li>\n<li>Ekinezya yapraklar\u0131<\/li>\n<li>Ispanak yapraklar\u0131<\/li>\n<li>Ispanak tozu<\/li>\n<li>Ispanak saplar\u0131<\/li>\n<li>Damar otu<\/li>\n<li>Nane<\/li>\n<li>Kekik (ufalanm\u0131\u015f)<\/li>\n<li>Ceviz yapraklar\u0131<\/li>\n<li>Al\u0131\u00e7 yapraklar\u0131 ve \u00e7i\u00e7ekleri<\/li>\n<li>Al\u0131\u00e7 yapraklar\u0131 ve \u00e7i\u00e7ekleri (kesilmi\u015f)<\/li>\n<li>Atkuyru\u011fu otu<\/li>\n<\/ul>\n\t\t<\/div>\n\t\t\t\t\t<\/div>\n\n\t\n<\/div>\n<h2>K\u00f6kler<\/h2>\n<div class=\"row\"  id=\"row-1130262560\">\n\n\t<div id=\"col-225414403\" class=\"col medium-1\/2 large-6\"  >\n\t\t\t\t<div class=\"col-inner\"  >\n\t\t\t\n\t\t\t\n<ul>\n<li>Kediotu k\u00f6k\u00fc (kesilmi\u015f)<\/li>\n<li>Hatmi k\u00f6k\u00fc (kesilmi\u015f)<\/li>\n<li>Pelin k\u00f6k\u00fc<\/li>\n<li>Dulavrat otu k\u00f6k\u00fc (kesilmi\u015f)<\/li>\n<li>Karahindiba k\u00f6k\u00fc<\/li>\n<\/ul>\n\t\t<\/div>\n\t\t\t\t\t<\/div>\n\n\t\n\n\t<div id=\"col-1747677288\" class=\"col medium-1\/2 large-6\"  >\n\t\t\t\t<div class=\"col-inner\"  >\n\t\t\t\n\t\t\t\n<ul>\n<li>Meyan k\u00f6k\u00fc tozu<\/li>\n<li>Meyan k\u00f6k\u00fc (kesilmi\u015f)<\/li>\n<li>\u015eeytan pen\u00e7esi (kesilmi\u015f)<\/li>\n<li>Hindiba (kesilmi\u015f)<\/li>\n<li>S\u00f6\u011f\u00fct kabu\u011fu (kesilmi\u015f)<\/li>\n<\/ul>\n\t\t<\/div>\n\t\t\t\t\t<\/div>\n\n\t\n<\/div>\n<h2>Toz hammaddeler<\/h2>\n<div class=\"row\"  id=\"row-1505183603\">\n\n\t<div id=\"col-1051537517\" class=\"col medium-1\/2 large-6\"  >\n\t\t\t\t<div class=\"col-inner\"  >\n\t\t\t\n\t\t\t\n<ul>\n<li>Spirulina<\/li>\n<li>Ascophyllum unu (yosun)<\/li>\n<\/ul>\n\t\t<\/div>\n\t\t\t\t\t<\/div>\n\n\t\n\n\t<div id=\"col-492732202\" class=\"col medium-1\/2 large-6\"  >\n\t\t\t\t<div class=\"col-inner\"  >\n\t\t\t\n\t\t\t\n<ul>\n<li>MSM tozu<\/li>\n<li>Yumurta kabu\u011fu unu<\/li>\n<\/ul>\n\t\t<\/div>\n\t\t\t\t\t<\/div>\n\n\t\n<\/div>\n<h2>Ya\u011flar<\/h2>\n<ul>\n<li>Keten tohumu ya\u011f\u0131<\/li>\n<li>Kenevir ya\u011f\u0131<\/li>\n<li>\u00c7\u00f6rek otu ya\u011f\u0131<\/li>\n<\/ul>\n","protected":false},"excerpt":{"rendered":"<p>Do\u011fal k\u00f6kenli bile\u015fenler yem katk\u0131lar\u0131, bitkisel kar\u0131\u015f\u0131mlar\u0131n bile\u015fenleri ve hayvanlar\u0131n sa\u011fl\u0131k ve kondisyonunu destekleyen do\u011fal takviyeler olarak kullan\u0131l\u0131r. \u00dcr\u00fcn yelpazemiz spor atlar\u0131, rekreasyon atlar\u0131 ve ya\u015fl\u0131 veya \u00f6zel beslenme gerektiren atlar i\u00e7in yeti\u015ftiricilere y\u00f6neliktir. <\/p>\n","protected":false},"featured_media":46117,"template":"","meta":{"_acf_changed":false},"product_brand":[],"product_cat":[9536],"product_tag":[],"class_list":{"0":"post-46116","1":"product","2":"type-product","3":"status-publish","4":"has-post-thumbnail","6":"product_cat-hayvanlar-icin-hammaddeler","8":"first","9":"instock","10":"shipping-taxable","11":"product-type-simple"},"acf":[],"yoast_head":"<!-- This site is optimized with the Yoast SEO plugin v27.5 - https:\/\/yoast.com\/product\/yoast-seo-wordpress\/ -->\n<title>Atlar i\u00e7in bitkisel hammaddeler - Hurtowy Dystrybutor<\/title>\n<meta name=\"description\" content=\"Atlar i\u00e7in bitkisel hammaddeler yem katk\u0131lar\u0131, bitkisel kar\u0131\u015f\u0131mlar\u0131n bile\u015fenleri ve hayvanlar\u0131n sa\u011fl\u0131k ve kondisyonunu destekleyen do\u011fal takviyeler olarak kullan\u0131l\u0131r.\" \/>\n<meta name=\"robots\" content=\"index, follow, max-snippet:-1, max-image-preview:large, max-video-preview:-1\" \/>\n<link rel=\"canonical\" href=\"https:\/\/naturalpoland.com\/tr\/urunler\/hayvanlar-icin-hammaddeler\/atlar-icin-bitkisel-hammaddeler\/\" \/>\n<meta property=\"og:locale\" content=\"tr_TR\" \/>\n<meta property=\"og:type\" content=\"article\" \/>\n<meta property=\"og:title\" content=\"Atlar i\u00e7in bitkisel hammaddeler - Hurtowy Dystrybutor\" \/>\n<meta property=\"og:description\" content=\"Atlar i\u00e7in bitkisel hammaddeler yem katk\u0131lar\u0131, bitkisel kar\u0131\u015f\u0131mlar\u0131n bile\u015fenleri ve hayvanlar\u0131n sa\u011fl\u0131k ve kondisyonunu destekleyen do\u011fal takviyeler olarak kullan\u0131l\u0131r.\" \/>\n<meta property=\"og:url\" content=\"https:\/\/naturalpoland.com\/tr\/urunler\/hayvanlar-icin-hammaddeler\/atlar-icin-bitkisel-hammaddeler\/\" \/>\n<meta property=\"og:site_name\" content=\"NATURAL POLAND - Hurtowy Dystrybutor Surowc\u00f3w\" \/>\n<meta property=\"article:publisher\" content=\"https:\/\/www.facebook.com\/naturalpoland.b2b\" \/>\n<meta property=\"article:modified_time\" content=\"2026-02-20T13:26:36+00:00\" \/>\n<meta property=\"og:image\" content=\"https:\/\/naturalpoland.com\/wp-content\/uploads\/surowce-roslinne-dla-koni.webp\" \/>\n\t<meta property=\"og:image:width\" content=\"1024\" \/>\n\t<meta property=\"og:image:height\" content=\"1024\" \/>\n\t<meta property=\"og:image:type\" content=\"image\/webp\" \/>\n<script type=\"application\/ld+json\" class=\"yoast-schema-graph\">{\"@context\":\"https:\\\/\\\/schema.org\",\"@graph\":[{\"@type\":\"WebPage\",\"@id\":\"https:\\\/\\\/naturalpoland.com\\\/tr\\\/urunler\\\/hayvanlar-icin-hammaddeler\\\/atlar-icin-bitkisel-hammaddeler\\\/\",\"url\":\"https:\\\/\\\/naturalpoland.com\\\/tr\\\/urunler\\\/hayvanlar-icin-hammaddeler\\\/atlar-icin-bitkisel-hammaddeler\\\/\",\"name\":\"Atlar i\u00e7in bitkisel hammaddeler - Hurtowy Dystrybutor\",\"isPartOf\":{\"@id\":\"https:\\\/\\\/naturalpoland.com\\\/tr\\\/#website\"},\"primaryImageOfPage\":{\"@id\":\"https:\\\/\\\/naturalpoland.com\\\/tr\\\/urunler\\\/hayvanlar-icin-hammaddeler\\\/atlar-icin-bitkisel-hammaddeler\\\/#primaryimage\"},\"image\":{\"@id\":\"https:\\\/\\\/naturalpoland.com\\\/tr\\\/urunler\\\/hayvanlar-icin-hammaddeler\\\/atlar-icin-bitkisel-hammaddeler\\\/#primaryimage\"},\"thumbnailUrl\":\"https:\\\/\\\/naturalpoland.com\\\/wp-content\\\/uploads\\\/surowce-roslinne-dla-koni.webp\",\"datePublished\":\"2026-02-20T13:26:33+00:00\",\"dateModified\":\"2026-02-20T13:26:36+00:00\",\"description\":\"Atlar i\u00e7in bitkisel hammaddeler yem katk\u0131lar\u0131, bitkisel kar\u0131\u015f\u0131mlar\u0131n bile\u015fenleri ve hayvanlar\u0131n sa\u011fl\u0131k ve kondisyonunu destekleyen do\u011fal takviyeler olarak kullan\u0131l\u0131r.\",\"breadcrumb\":{\"@id\":\"https:\\\/\\\/naturalpoland.com\\\/tr\\\/urunler\\\/hayvanlar-icin-hammaddeler\\\/atlar-icin-bitkisel-hammaddeler\\\/#breadcrumb\"},\"inLanguage\":\"tr\",\"potentialAction\":[{\"@type\":\"ReadAction\",\"target\":[\"https:\\\/\\\/naturalpoland.com\\\/tr\\\/urunler\\\/hayvanlar-icin-hammaddeler\\\/atlar-icin-bitkisel-hammaddeler\\\/\"]}]},{\"@type\":\"ImageObject\",\"inLanguage\":\"tr\",\"@id\":\"https:\\\/\\\/naturalpoland.com\\\/tr\\\/urunler\\\/hayvanlar-icin-hammaddeler\\\/atlar-icin-bitkisel-hammaddeler\\\/#primaryimage\",\"url\":\"https:\\\/\\\/naturalpoland.com\\\/wp-content\\\/uploads\\\/surowce-roslinne-dla-koni.webp\",\"contentUrl\":\"https:\\\/\\\/naturalpoland.com\\\/wp-content\\\/uploads\\\/surowce-roslinne-dla-koni.webp\",\"width\":1024,\"height\":1024,\"caption\":\"atlar i\u00e7in bitkisel hammaddeler\"},{\"@type\":\"BreadcrumbList\",\"@id\":\"https:\\\/\\\/naturalpoland.com\\\/tr\\\/urunler\\\/hayvanlar-icin-hammaddeler\\\/atlar-icin-bitkisel-hammaddeler\\\/#breadcrumb\",\"itemListElement\":[{\"@type\":\"ListItem\",\"position\":1,\"name\":\"Ana Sayfa\",\"item\":\"https:\\\/\\\/naturalpoland.com\\\/tr\\\/\"},{\"@type\":\"ListItem\",\"position\":2,\"name\":\"\u00dcr\u00fcnler\",\"item\":\"https:\\\/\\\/naturalpoland.com\\\/tr\\\/urunler\\\/\"},{\"@type\":\"ListItem\",\"position\":3,\"name\":\"Atlar i\u00e7in bitkisel hammaddeler\"}]},{\"@type\":\"WebSite\",\"@id\":\"https:\\\/\\\/naturalpoland.com\\\/tr\\\/#website\",\"url\":\"https:\\\/\\\/naturalpoland.com\\\/tr\\\/\",\"name\":\"NATURAL POLAND - Hurtowy Dystrybutor Surowc\u00f3w\",\"description\":\"Surowce dla przemys\u0142u spo\u017cywczego, kosmetycznego i farmaceutycznego\",\"publisher\":{\"@id\":\"https:\\\/\\\/naturalpoland.com\\\/tr\\\/#organization\"},\"potentialAction\":[{\"@type\":\"SearchAction\",\"target\":{\"@type\":\"EntryPoint\",\"urlTemplate\":\"https:\\\/\\\/naturalpoland.com\\\/tr\\\/?s={search_term_string}\"},\"query-input\":{\"@type\":\"PropertyValueSpecification\",\"valueRequired\":true,\"valueName\":\"search_term_string\"}}],\"inLanguage\":\"tr\"},{\"@type\":\"Organization\",\"@id\":\"https:\\\/\\\/naturalpoland.com\\\/tr\\\/#organization\",\"name\":\"Natural Poland\",\"url\":\"https:\\\/\\\/naturalpoland.com\\\/tr\\\/\",\"logo\":{\"@type\":\"ImageObject\",\"inLanguage\":\"tr\",\"@id\":\"https:\\\/\\\/naturalpoland.com\\\/tr\\\/#\\\/schema\\\/logo\\\/image\\\/\",\"url\":\"https:\\\/\\\/naturalpoland.com\\\/wp-content\\\/uploads\\\/2021\\\/05\\\/natural-poland-icon.png\",\"contentUrl\":\"https:\\\/\\\/naturalpoland.com\\\/wp-content\\\/uploads\\\/2021\\\/05\\\/natural-poland-icon.png\",\"width\":512,\"height\":512,\"caption\":\"Natural Poland\"},\"image\":{\"@id\":\"https:\\\/\\\/naturalpoland.com\\\/tr\\\/#\\\/schema\\\/logo\\\/image\\\/\"},\"sameAs\":[\"https:\\\/\\\/www.facebook.com\\\/naturalpoland.b2b\",\"https:\\\/\\\/pl.linkedin.com\\\/company\\\/natural-poland\",\"https:\\\/\\\/www.youtube.com\\\/channel\\\/UCgeGGkvOMahZo-xu_MSEWxg\"]}]}<\/script>\n<!-- \/ Yoast SEO plugin. -->","yoast_head_json":{"title":"Atlar i\u00e7in bitkisel hammaddeler - Hurtowy Dystrybutor","description":"Atlar i\u00e7in bitkisel hammaddeler yem katk\u0131lar\u0131, bitkisel kar\u0131\u015f\u0131mlar\u0131n bile\u015fenleri ve hayvanlar\u0131n sa\u011fl\u0131k ve kondisyonunu destekleyen do\u011fal takviyeler olarak kullan\u0131l\u0131r.","robots":{"index":"index","follow":"follow","max-snippet":"max-snippet:-1","max-image-preview":"max-image-preview:large","max-video-preview":"max-video-preview:-1"},"canonical":"https:\/\/naturalpoland.com\/tr\/urunler\/hayvanlar-icin-hammaddeler\/atlar-icin-bitkisel-hammaddeler\/","og_locale":"tr_TR","og_type":"article","og_title":"Atlar i\u00e7in bitkisel hammaddeler - Hurtowy Dystrybutor","og_description":"Atlar i\u00e7in bitkisel hammaddeler yem katk\u0131lar\u0131, bitkisel kar\u0131\u015f\u0131mlar\u0131n bile\u015fenleri ve hayvanlar\u0131n sa\u011fl\u0131k ve kondisyonunu destekleyen do\u011fal takviyeler olarak kullan\u0131l\u0131r.","og_url":"https:\/\/naturalpoland.com\/tr\/urunler\/hayvanlar-icin-hammaddeler\/atlar-icin-bitkisel-hammaddeler\/","og_site_name":"NATURAL POLAND - Hurtowy Dystrybutor Surowc\u00f3w","article_publisher":"https:\/\/www.facebook.com\/naturalpoland.b2b","article_modified_time":"2026-02-20T13:26:36+00:00","og_image":[{"width":1024,"height":1024,"url":"https:\/\/naturalpoland.com\/wp-content\/uploads\/surowce-roslinne-dla-koni.webp","type":"image\/webp"}],"schema":{"@context":"https:\/\/schema.org","@graph":[{"@type":"WebPage","@id":"https:\/\/naturalpoland.com\/tr\/urunler\/hayvanlar-icin-hammaddeler\/atlar-icin-bitkisel-hammaddeler\/","url":"https:\/\/naturalpoland.com\/tr\/urunler\/hayvanlar-icin-hammaddeler\/atlar-icin-bitkisel-hammaddeler\/","name":"Atlar i\u00e7in bitkisel hammaddeler - Hurtowy Dystrybutor","isPartOf":{"@id":"https:\/\/naturalpoland.com\/tr\/#website"},"primaryImageOfPage":{"@id":"https:\/\/naturalpoland.com\/tr\/urunler\/hayvanlar-icin-hammaddeler\/atlar-icin-bitkisel-hammaddeler\/#primaryimage"},"image":{"@id":"https:\/\/naturalpoland.com\/tr\/urunler\/hayvanlar-icin-hammaddeler\/atlar-icin-bitkisel-hammaddeler\/#primaryimage"},"thumbnailUrl":"https:\/\/naturalpoland.com\/wp-content\/uploads\/surowce-roslinne-dla-koni.webp","datePublished":"2026-02-20T13:26:33+00:00","dateModified":"2026-02-20T13:26:36+00:00","description":"Atlar i\u00e7in bitkisel hammaddeler yem katk\u0131lar\u0131, bitkisel kar\u0131\u015f\u0131mlar\u0131n bile\u015fenleri ve hayvanlar\u0131n sa\u011fl\u0131k ve kondisyonunu destekleyen do\u011fal takviyeler olarak kullan\u0131l\u0131r.","breadcrumb":{"@id":"https:\/\/naturalpoland.com\/tr\/urunler\/hayvanlar-icin-hammaddeler\/atlar-icin-bitkisel-hammaddeler\/#breadcrumb"},"inLanguage":"tr","potentialAction":[{"@type":"ReadAction","target":["https:\/\/naturalpoland.com\/tr\/urunler\/hayvanlar-icin-hammaddeler\/atlar-icin-bitkisel-hammaddeler\/"]}]},{"@type":"ImageObject","inLanguage":"tr","@id":"https:\/\/naturalpoland.com\/tr\/urunler\/hayvanlar-icin-hammaddeler\/atlar-icin-bitkisel-hammaddeler\/#primaryimage","url":"https:\/\/naturalpoland.com\/wp-content\/uploads\/surowce-roslinne-dla-koni.webp","contentUrl":"https:\/\/naturalpoland.com\/wp-content\/uploads\/surowce-roslinne-dla-koni.webp","width":1024,"height":1024,"caption":"atlar i\u00e7in bitkisel hammaddeler"},{"@type":"BreadcrumbList","@id":"https:\/\/naturalpoland.com\/tr\/urunler\/hayvanlar-icin-hammaddeler\/atlar-icin-bitkisel-hammaddeler\/#breadcrumb","itemListElement":[{"@type":"ListItem","position":1,"name":"Ana Sayfa","item":"https:\/\/naturalpoland.com\/tr\/"},{"@type":"ListItem","position":2,"name":"\u00dcr\u00fcnler","item":"https:\/\/naturalpoland.com\/tr\/urunler\/"},{"@type":"ListItem","position":3,"name":"Atlar i\u00e7in bitkisel hammaddeler"}]},{"@type":"WebSite","@id":"https:\/\/naturalpoland.com\/tr\/#website","url":"https:\/\/naturalpoland.com\/tr\/","name":"NATURAL POLAND - Hurtowy Dystrybutor Surowc\u00f3w","description":"Surowce dla przemys\u0142u spo\u017cywczego, kosmetycznego i farmaceutycznego","publisher":{"@id":"https:\/\/naturalpoland.com\/tr\/#organization"},"potentialAction":[{"@type":"SearchAction","target":{"@type":"EntryPoint","urlTemplate":"https:\/\/naturalpoland.com\/tr\/?s={search_term_string}"},"query-input":{"@type":"PropertyValueSpecification","valueRequired":true,"valueName":"search_term_string"}}],"inLanguage":"tr"},{"@type":"Organization","@id":"https:\/\/naturalpoland.com\/tr\/#organization","name":"Natural Poland","url":"https:\/\/naturalpoland.com\/tr\/","logo":{"@type":"ImageObject","inLanguage":"tr","@id":"https:\/\/naturalpoland.com\/tr\/#\/schema\/logo\/image\/","url":"https:\/\/naturalpoland.com\/wp-content\/uploads\/2021\/05\/natural-poland-icon.png","contentUrl":"https:\/\/naturalpoland.com\/wp-content\/uploads\/2021\/05\/natural-poland-icon.png","width":512,"height":512,"caption":"Natural Poland"},"image":{"@id":"https:\/\/naturalpoland.com\/tr\/#\/schema\/logo\/image\/"},"sameAs":["https:\/\/www.facebook.com\/naturalpoland.b2b","https:\/\/pl.linkedin.com\/company\/natural-poland","https:\/\/www.youtube.com\/channel\/UCgeGGkvOMahZo-xu_MSEWxg"]}]}},"_links":{"self":[{"href":"https:\/\/naturalpoland.com\/tr\/wp-json\/wp\/v2\/product\/46116","targetHints":{"allow":["GET"]}}],"collection":[{"href":"https:\/\/naturalpoland.com\/tr\/wp-json\/wp\/v2\/product"}],"about":[{"href":"https:\/\/naturalpoland.com\/tr\/wp-json\/wp\/v2\/types\/product"}],"wp:featuredmedia":[{"embeddable":true,"href":"https:\/\/naturalpoland.com\/tr\/wp-json\/wp\/v2\/media\/46117"}],"wp:attachment":[{"href":"https:\/\/naturalpoland.com\/tr\/wp-json\/wp\/v2\/media?parent=46116"}],"wp:term":[{"taxonomy":"product_brand","embeddable":true,"href":"https:\/\/naturalpoland.com\/tr\/wp-json\/wp\/v2\/product_brand?post=46116"},{"taxonomy":"product_cat","embeddable":true,"href":"https:\/\/naturalpoland.com\/tr\/wp-json\/wp\/v2\/product_cat?post=46116"},{"taxonomy":"product_tag","embeddable":true,"href":"https:\/\/naturalpoland.com\/tr\/wp-json\/wp\/v2\/product_tag?post=46116"}],"curies":[{"name":"wp","href":"https:\/\/api.w.org\/{rel}","templated":true}]}}