{"id":46118,"date":"2025-07-29T15:58:37","date_gmt":"2025-07-29T13:58:37","guid":{"rendered":"https:\/\/naturalpoland.com\/produkty\/kategorilenmemis\/hus-yapragi-ozutu\/"},"modified":"2026-02-20T14:27:50","modified_gmt":"2026-02-20T13:27:50","slug":"hus-yapragi-ozutu","status":"publish","type":"product","link":"https:\/\/naturalpoland.com\/tr\/urunler\/bitkisel-ekstraktlar\/hus-yapragi-ozutu\/","title":{"rendered":"Hu\u015f Yapra\u011f\u0131 \u00d6z\u00fct\u00fc"},"content":{"rendered":"<p>Hu\u015f yapra\u011f\u0131 \u00f6z\u00fct\u00fc, \u015feffaf fildi\u015fi rengi ve do\u011fal, karakteristik kokusu ile ay\u0131rt edilir. Suda \u00e7\u00f6z\u00fcn\u00fcr, alkolde k\u0131smen \u00e7\u00f6z\u00fcn\u00fcr, mineral ya\u011flarda \u00e7\u00f6z\u00fcnmez bir \u00fcr\u00fcnd\u00fcr. <\/p>\n<h2>Hu\u015f yapra\u011f\u0131 \u00f6z\u00fct\u00fcn\u00fcn \u00f6zellikleri ve kullan\u0131m\u0131<\/h2>\n<p>\u00d6z\u00fct, temizleyici, detoksifiye edici ve idrar yollar\u0131n\u0131 destekleyici \u00f6zelliklere sahiptir. Geleneksel olarak b\u00f6brek ve karaci\u011fer fonksiyonlar\u0131n\u0131 destekleyen, toksinlerin v\u00fccuttan at\u0131l\u0131m\u0131n\u0131 h\u0131zland\u0131ran ve iltihab\u0131 hafifleten preparatlarda kullan\u0131l\u0131r. <\/p>\n<p>Kozmetikte temizleyici, tonlay\u0131c\u0131 ve s\u0131k\u0131la\u015ft\u0131r\u0131c\u0131 preparatlar\u0131n bile\u015feni olarak kullan\u0131l\u0131r. Ya\u011fl\u0131 ve problemli cildin durumunu iyile\u015ftirmeye yard\u0131mc\u0131 olur, antibakteriyel ve antienflamatuar etki g\u00f6sterir. Hu\u015f \u00f6z\u00fct\u00fc ayr\u0131ca mikro dola\u015f\u0131m\u0131 destekleyerek cildin elastikiyetinin artmas\u0131na ve beslenmesine katk\u0131da bulunabilir. Do\u011fal k\u00f6keni ve nazik mikrobiyolojik profili sayesinde hammadde, hassas ve tahri\u015fe e\u011filimli ciltler i\u00e7in \u00fcr\u00fcnlerde de uygundur.   <\/p>\n","protected":false},"excerpt":{"rendered":"<p><strong>Hu\u015f yapra\u011f\u0131 \u00f6z\u00fct\u00fc<\/strong>, <em>Betula pubescens<\/em> bitkisinin kuru yapraklar\u0131ndan radyasyon veya etilen oksit kullan\u0131lmadan su-gliserin \u00e7\u00f6zeltisi ile nazik ekstraksiyon y\u00f6ntemiyle elde edilir.<\/p>\n","protected":false},"featured_media":46119,"template":"","meta":[],"product_brand":[],"product_cat":[9531],"product_tag":[],"class_list":{"0":"post-46118","1":"product","2":"type-product","3":"status-publish","4":"has-post-thumbnail","6":"product_cat-bitkisel-ekstraktlar","7":"pa_czesc-rosliny-yapraklar-2","8":"pa_metoda-pozyskiwania-su-ve-gliserin-cozeltisi-ile-ekstraksiyon","10":"first","11":"instock","12":"shipping-taxable","13":"product-type-simple"},"yoast_head":"<!-- This site is optimized with the Yoast SEO plugin v27.3 - https:\/\/yoast.com\/product\/yoast-seo-wordpress\/ -->\n<title>Hu\u015f Yapra\u011f\u0131 \u00d6z\u00fct\u00fc - Hurtowy Dystrybutor<\/title>\n<meta name=\"description\" content=\"Hu\u015f yapra\u011f\u0131 \u00f6z\u00fct\u00fc, kuru yapraklardan su-gliserin \u00e7\u00f6zeltisi kullan\u0131larak nazik ekstraksiyon y\u00f6ntemiyle elde edilen bitkisel bir hammaddedir.\" \/>\n<meta name=\"robots\" content=\"index, follow, max-snippet:-1, max-image-preview:large, max-video-preview:-1\" \/>\n<link rel=\"canonical\" href=\"https:\/\/naturalpoland.com\/tr\/urunler\/bitkisel-ekstraktlar\/hus-yapragi-ozutu\/\" \/>\n<meta property=\"og:locale\" content=\"tr_TR\" \/>\n<meta property=\"og:type\" content=\"article\" \/>\n<meta property=\"og:title\" content=\"Hu\u015f Yapra\u011f\u0131 \u00d6z\u00fct\u00fc - Hurtowy Dystrybutor\" \/>\n<meta property=\"og:description\" content=\"Hu\u015f yapra\u011f\u0131 \u00f6z\u00fct\u00fc, kuru yapraklardan su-gliserin \u00e7\u00f6zeltisi kullan\u0131larak nazik ekstraksiyon y\u00f6ntemiyle elde edilen bitkisel bir hammaddedir.\" \/>\n<meta property=\"og:url\" content=\"https:\/\/naturalpoland.com\/tr\/urunler\/bitkisel-ekstraktlar\/hus-yapragi-ozutu\/\" \/>\n<meta property=\"og:site_name\" content=\"NATURAL POLAND - Hurtowy Dystrybutor Surowc\u00f3w\" \/>\n<meta property=\"article:publisher\" content=\"https:\/\/www.facebook.com\/naturalpoland.b2b\" \/>\n<meta property=\"article:modified_time\" content=\"2026-02-20T13:27:50+00:00\" \/>\n<meta property=\"og:image\" content=\"https:\/\/naturalpoland.com\/wp-content\/uploads\/ekstrakt-z-lisci-brzozy.webp\" \/>\n\t<meta property=\"og:image:width\" content=\"1024\" \/>\n\t<meta property=\"og:image:height\" content=\"1024\" \/>\n\t<meta property=\"og:image:type\" content=\"image\/webp\" \/>\n<script type=\"application\/ld+json\" class=\"yoast-schema-graph\">{\"@context\":\"https:\\\/\\\/schema.org\",\"@graph\":[{\"@type\":\"WebPage\",\"@id\":\"https:\\\/\\\/naturalpoland.com\\\/tr\\\/urunler\\\/bitkisel-ekstraktlar\\\/hus-yapragi-ozutu\\\/\",\"url\":\"https:\\\/\\\/naturalpoland.com\\\/tr\\\/urunler\\\/bitkisel-ekstraktlar\\\/hus-yapragi-ozutu\\\/\",\"name\":\"Hu\u015f Yapra\u011f\u0131 \u00d6z\u00fct\u00fc - Hurtowy Dystrybutor\",\"isPartOf\":{\"@id\":\"https:\\\/\\\/naturalpoland.com\\\/tr\\\/#website\"},\"primaryImageOfPage\":{\"@id\":\"https:\\\/\\\/naturalpoland.com\\\/tr\\\/urunler\\\/bitkisel-ekstraktlar\\\/hus-yapragi-ozutu\\\/#primaryimage\"},\"image\":{\"@id\":\"https:\\\/\\\/naturalpoland.com\\\/tr\\\/urunler\\\/bitkisel-ekstraktlar\\\/hus-yapragi-ozutu\\\/#primaryimage\"},\"thumbnailUrl\":\"https:\\\/\\\/naturalpoland.com\\\/wp-content\\\/uploads\\\/ekstrakt-z-lisci-brzozy.webp\",\"datePublished\":\"2025-07-29T13:58:37+00:00\",\"dateModified\":\"2026-02-20T13:27:50+00:00\",\"description\":\"Hu\u015f yapra\u011f\u0131 \u00f6z\u00fct\u00fc, kuru yapraklardan su-gliserin \u00e7\u00f6zeltisi kullan\u0131larak nazik ekstraksiyon y\u00f6ntemiyle elde edilen bitkisel bir hammaddedir.\",\"breadcrumb\":{\"@id\":\"https:\\\/\\\/naturalpoland.com\\\/tr\\\/urunler\\\/bitkisel-ekstraktlar\\\/hus-yapragi-ozutu\\\/#breadcrumb\"},\"inLanguage\":\"tr\",\"potentialAction\":[{\"@type\":\"ReadAction\",\"target\":[\"https:\\\/\\\/naturalpoland.com\\\/tr\\\/urunler\\\/bitkisel-ekstraktlar\\\/hus-yapragi-ozutu\\\/\"]}]},{\"@type\":\"ImageObject\",\"inLanguage\":\"tr\",\"@id\":\"https:\\\/\\\/naturalpoland.com\\\/tr\\\/urunler\\\/bitkisel-ekstraktlar\\\/hus-yapragi-ozutu\\\/#primaryimage\",\"url\":\"https:\\\/\\\/naturalpoland.com\\\/wp-content\\\/uploads\\\/ekstrakt-z-lisci-brzozy.webp\",\"contentUrl\":\"https:\\\/\\\/naturalpoland.com\\\/wp-content\\\/uploads\\\/ekstrakt-z-lisci-brzozy.webp\",\"width\":1024,\"height\":1024,\"caption\":\"s\u0131v\u0131 formda hu\u015f yapra\u011f\u0131 \u00f6z\u00fct\u00fc\"},{\"@type\":\"BreadcrumbList\",\"@id\":\"https:\\\/\\\/naturalpoland.com\\\/tr\\\/urunler\\\/bitkisel-ekstraktlar\\\/hus-yapragi-ozutu\\\/#breadcrumb\",\"itemListElement\":[{\"@type\":\"ListItem\",\"position\":1,\"name\":\"Ana Sayfa\",\"item\":\"https:\\\/\\\/naturalpoland.com\\\/tr\\\/\"},{\"@type\":\"ListItem\",\"position\":2,\"name\":\"\u00dcr\u00fcnler\",\"item\":\"https:\\\/\\\/naturalpoland.com\\\/tr\\\/urunler\\\/\"},{\"@type\":\"ListItem\",\"position\":3,\"name\":\"Hu\u015f Yapra\u011f\u0131 \u00d6z\u00fct\u00fc\"}]},{\"@type\":\"WebSite\",\"@id\":\"https:\\\/\\\/naturalpoland.com\\\/tr\\\/#website\",\"url\":\"https:\\\/\\\/naturalpoland.com\\\/tr\\\/\",\"name\":\"NATURAL POLAND - Hurtowy Dystrybutor Surowc\u00f3w\",\"description\":\"Surowce dla przemys\u0142u spo\u017cywczego, kosmetycznego i farmaceutycznego\",\"publisher\":{\"@id\":\"https:\\\/\\\/naturalpoland.com\\\/tr\\\/#organization\"},\"potentialAction\":[{\"@type\":\"SearchAction\",\"target\":{\"@type\":\"EntryPoint\",\"urlTemplate\":\"https:\\\/\\\/naturalpoland.com\\\/tr\\\/?s={search_term_string}\"},\"query-input\":{\"@type\":\"PropertyValueSpecification\",\"valueRequired\":true,\"valueName\":\"search_term_string\"}}],\"inLanguage\":\"tr\"},{\"@type\":\"Organization\",\"@id\":\"https:\\\/\\\/naturalpoland.com\\\/tr\\\/#organization\",\"name\":\"Natural Poland\",\"url\":\"https:\\\/\\\/naturalpoland.com\\\/tr\\\/\",\"logo\":{\"@type\":\"ImageObject\",\"inLanguage\":\"tr\",\"@id\":\"https:\\\/\\\/naturalpoland.com\\\/tr\\\/#\\\/schema\\\/logo\\\/image\\\/\",\"url\":\"https:\\\/\\\/naturalpoland.com\\\/wp-content\\\/uploads\\\/2021\\\/05\\\/natural-poland-icon.png\",\"contentUrl\":\"https:\\\/\\\/naturalpoland.com\\\/wp-content\\\/uploads\\\/2021\\\/05\\\/natural-poland-icon.png\",\"width\":512,\"height\":512,\"caption\":\"Natural Poland\"},\"image\":{\"@id\":\"https:\\\/\\\/naturalpoland.com\\\/tr\\\/#\\\/schema\\\/logo\\\/image\\\/\"},\"sameAs\":[\"https:\\\/\\\/www.facebook.com\\\/naturalpoland.b2b\",\"https:\\\/\\\/pl.linkedin.com\\\/company\\\/natural-poland\",\"https:\\\/\\\/www.youtube.com\\\/channel\\\/UCgeGGkvOMahZo-xu_MSEWxg\"]}]}<\/script>\n<!-- \/ Yoast SEO plugin. -->","yoast_head_json":{"title":"Hu\u015f Yapra\u011f\u0131 \u00d6z\u00fct\u00fc - Hurtowy Dystrybutor","description":"Hu\u015f yapra\u011f\u0131 \u00f6z\u00fct\u00fc, kuru yapraklardan su-gliserin \u00e7\u00f6zeltisi kullan\u0131larak nazik ekstraksiyon y\u00f6ntemiyle elde edilen bitkisel bir hammaddedir.","robots":{"index":"index","follow":"follow","max-snippet":"max-snippet:-1","max-image-preview":"max-image-preview:large","max-video-preview":"max-video-preview:-1"},"canonical":"https:\/\/naturalpoland.com\/tr\/urunler\/bitkisel-ekstraktlar\/hus-yapragi-ozutu\/","og_locale":"tr_TR","og_type":"article","og_title":"Hu\u015f Yapra\u011f\u0131 \u00d6z\u00fct\u00fc - Hurtowy Dystrybutor","og_description":"Hu\u015f yapra\u011f\u0131 \u00f6z\u00fct\u00fc, kuru yapraklardan su-gliserin \u00e7\u00f6zeltisi kullan\u0131larak nazik ekstraksiyon y\u00f6ntemiyle elde edilen bitkisel bir hammaddedir.","og_url":"https:\/\/naturalpoland.com\/tr\/urunler\/bitkisel-ekstraktlar\/hus-yapragi-ozutu\/","og_site_name":"NATURAL POLAND - Hurtowy Dystrybutor Surowc\u00f3w","article_publisher":"https:\/\/www.facebook.com\/naturalpoland.b2b","article_modified_time":"2026-02-20T13:27:50+00:00","og_image":[{"width":1024,"height":1024,"url":"https:\/\/naturalpoland.com\/wp-content\/uploads\/ekstrakt-z-lisci-brzozy.webp","type":"image\/webp"}],"schema":{"@context":"https:\/\/schema.org","@graph":[{"@type":"WebPage","@id":"https:\/\/naturalpoland.com\/tr\/urunler\/bitkisel-ekstraktlar\/hus-yapragi-ozutu\/","url":"https:\/\/naturalpoland.com\/tr\/urunler\/bitkisel-ekstraktlar\/hus-yapragi-ozutu\/","name":"Hu\u015f Yapra\u011f\u0131 \u00d6z\u00fct\u00fc - Hurtowy Dystrybutor","isPartOf":{"@id":"https:\/\/naturalpoland.com\/tr\/#website"},"primaryImageOfPage":{"@id":"https:\/\/naturalpoland.com\/tr\/urunler\/bitkisel-ekstraktlar\/hus-yapragi-ozutu\/#primaryimage"},"image":{"@id":"https:\/\/naturalpoland.com\/tr\/urunler\/bitkisel-ekstraktlar\/hus-yapragi-ozutu\/#primaryimage"},"thumbnailUrl":"https:\/\/naturalpoland.com\/wp-content\/uploads\/ekstrakt-z-lisci-brzozy.webp","datePublished":"2025-07-29T13:58:37+00:00","dateModified":"2026-02-20T13:27:50+00:00","description":"Hu\u015f yapra\u011f\u0131 \u00f6z\u00fct\u00fc, kuru yapraklardan su-gliserin \u00e7\u00f6zeltisi kullan\u0131larak nazik ekstraksiyon y\u00f6ntemiyle elde edilen bitkisel bir hammaddedir.","breadcrumb":{"@id":"https:\/\/naturalpoland.com\/tr\/urunler\/bitkisel-ekstraktlar\/hus-yapragi-ozutu\/#breadcrumb"},"inLanguage":"tr","potentialAction":[{"@type":"ReadAction","target":["https:\/\/naturalpoland.com\/tr\/urunler\/bitkisel-ekstraktlar\/hus-yapragi-ozutu\/"]}]},{"@type":"ImageObject","inLanguage":"tr","@id":"https:\/\/naturalpoland.com\/tr\/urunler\/bitkisel-ekstraktlar\/hus-yapragi-ozutu\/#primaryimage","url":"https:\/\/naturalpoland.com\/wp-content\/uploads\/ekstrakt-z-lisci-brzozy.webp","contentUrl":"https:\/\/naturalpoland.com\/wp-content\/uploads\/ekstrakt-z-lisci-brzozy.webp","width":1024,"height":1024,"caption":"s\u0131v\u0131 formda hu\u015f yapra\u011f\u0131 \u00f6z\u00fct\u00fc"},{"@type":"BreadcrumbList","@id":"https:\/\/naturalpoland.com\/tr\/urunler\/bitkisel-ekstraktlar\/hus-yapragi-ozutu\/#breadcrumb","itemListElement":[{"@type":"ListItem","position":1,"name":"Ana Sayfa","item":"https:\/\/naturalpoland.com\/tr\/"},{"@type":"ListItem","position":2,"name":"\u00dcr\u00fcnler","item":"https:\/\/naturalpoland.com\/tr\/urunler\/"},{"@type":"ListItem","position":3,"name":"Hu\u015f Yapra\u011f\u0131 \u00d6z\u00fct\u00fc"}]},{"@type":"WebSite","@id":"https:\/\/naturalpoland.com\/tr\/#website","url":"https:\/\/naturalpoland.com\/tr\/","name":"NATURAL POLAND - Hurtowy Dystrybutor Surowc\u00f3w","description":"Surowce dla przemys\u0142u spo\u017cywczego, kosmetycznego i farmaceutycznego","publisher":{"@id":"https:\/\/naturalpoland.com\/tr\/#organization"},"potentialAction":[{"@type":"SearchAction","target":{"@type":"EntryPoint","urlTemplate":"https:\/\/naturalpoland.com\/tr\/?s={search_term_string}"},"query-input":{"@type":"PropertyValueSpecification","valueRequired":true,"valueName":"search_term_string"}}],"inLanguage":"tr"},{"@type":"Organization","@id":"https:\/\/naturalpoland.com\/tr\/#organization","name":"Natural Poland","url":"https:\/\/naturalpoland.com\/tr\/","logo":{"@type":"ImageObject","inLanguage":"tr","@id":"https:\/\/naturalpoland.com\/tr\/#\/schema\/logo\/image\/","url":"https:\/\/naturalpoland.com\/wp-content\/uploads\/2021\/05\/natural-poland-icon.png","contentUrl":"https:\/\/naturalpoland.com\/wp-content\/uploads\/2021\/05\/natural-poland-icon.png","width":512,"height":512,"caption":"Natural Poland"},"image":{"@id":"https:\/\/naturalpoland.com\/tr\/#\/schema\/logo\/image\/"},"sameAs":["https:\/\/www.facebook.com\/naturalpoland.b2b","https:\/\/pl.linkedin.com\/company\/natural-poland","https:\/\/www.youtube.com\/channel\/UCgeGGkvOMahZo-xu_MSEWxg"]}]}},"_links":{"self":[{"href":"https:\/\/naturalpoland.com\/tr\/wp-json\/wp\/v2\/product\/46118","targetHints":{"allow":["GET"]}}],"collection":[{"href":"https:\/\/naturalpoland.com\/tr\/wp-json\/wp\/v2\/product"}],"about":[{"href":"https:\/\/naturalpoland.com\/tr\/wp-json\/wp\/v2\/types\/product"}],"wp:featuredmedia":[{"embeddable":true,"href":"https:\/\/naturalpoland.com\/tr\/wp-json\/wp\/v2\/media\/46119"}],"wp:attachment":[{"href":"https:\/\/naturalpoland.com\/tr\/wp-json\/wp\/v2\/media?parent=46118"}],"wp:term":[{"taxonomy":"product_brand","embeddable":true,"href":"https:\/\/naturalpoland.com\/tr\/wp-json\/wp\/v2\/product_brand?post=46118"},{"taxonomy":"product_cat","embeddable":true,"href":"https:\/\/naturalpoland.com\/tr\/wp-json\/wp\/v2\/product_cat?post=46118"},{"taxonomy":"product_tag","embeddable":true,"href":"https:\/\/naturalpoland.com\/tr\/wp-json\/wp\/v2\/product_tag?post=46118"}],"curies":[{"name":"wp","href":"https:\/\/api.w.org\/{rel}","templated":true}]}}