{"id":46124,"date":"2025-03-21T15:10:42","date_gmt":"2025-03-21T14:10:42","guid":{"rendered":"https:\/\/naturalpoland.com\/produkty\/kategorilenmemis\/kadife-cicegi-ozu\/"},"modified":"2026-02-20T16:11:26","modified_gmt":"2026-02-20T15:11:26","slug":"kadife-cicegi-ozu","status":"publish","type":"product","link":"https:\/\/naturalpoland.com\/tr\/urunler\/bitkisel-ekstraktlar\/kadife-cicegi-ozu\/","title":{"rendered":"Kadife \u00e7i\u00e7e\u011fi \u00f6z\u00fc"},"content":{"rendered":"<p>Kadife \u00e7i\u00e7e\u011fi \u00f6z\u00fc, antienflamatuar, yenileyici ve yat\u0131\u015ft\u0131r\u0131c\u0131 \u00f6zelliklere sahiptir. Kozmetik ve farmas\u00f6tik \u00fcr\u00fcnlerde, ayr\u0131ca sorunlu cilt bak\u0131m\u0131nda yayg\u0131n olarak kullan\u0131l\u0131r. <\/p>\n<p>\u00dcr\u00fcn; kremler, merhemler, em\u00fclsiyonlar, losyonlar ve hassas, tahri\u015f olmu\u015f, egzama ve atopik dermatitli ciltler i\u00e7in \u00fcr\u00fcnlerin \u00fcretiminde kullan\u0131l\u0131r. \u00d6z, iltihab\u0131 yat\u0131\u015ft\u0131r\u0131r ve h\u00fccresel oksidasyonu \u00f6nler. <\/p>\n<h2>Ekstrakt bile\u015fimi:<\/h2>\n<p>\u00d6z \u015funlar\u0131 i\u00e7erir:<\/p>\n<ul>\n<li>yakla\u015f\u0131k %1,9 u\u00e7ucu ya\u011flar, <\/li>\n<li>%1,0 karotenoidler (\u03b2-karoten olarak say\u0131l\u0131r),<\/li>\n<li>%18,3 faradiol esterleri \u2013 g\u00fc\u00e7l\u00fc antienflamatuar etkiye sahip bile\u015fenler,<\/li>\n<li>%7,4 triterpen alkoller,<\/li>\n<li>cilt yenilenmesini ve epidermis onar\u0131m\u0131n\u0131 destekleyen %1,6 steroller.<\/li>\n<\/ul>\n<p>Bu hammadde, (EC) No 396\/2005 Y\u00f6netmeli\u011fi&#8217;ne uygun olarak pestisit kal\u0131nt\u0131 standartlar\u0131n\u0131 kar\u015f\u0131lamaktad\u0131r.<\/p>\n","protected":false},"excerpt":{"rendered":"<p>Kadife \u00e7i\u00e7e\u011fi CO\u2082 \u00f6z\u00fc, kurutulmu\u015f t\u0131bbi kadife \u00e7i\u00e7e\u011fi \u00e7i\u00e7eklerinden, ta\u015f\u0131y\u0131c\u0131 ve yard\u0131mc\u0131 maddeler kullan\u0131lmadan s\u00fcperkritik y\u00f6ntemle (CO\u2082-to extract) elde edilir. Koyu kahverengi renkte, mumsu k\u0131vamda olup 40\u00b0C&#8217;de s\u0131v\u0131 haldedir. <\/p>\n","protected":false},"featured_media":46125,"template":"","meta":[],"product_brand":[],"product_cat":[9531],"product_tag":[],"class_list":{"0":"post-46124","1":"product","2":"type-product","3":"status-publish","4":"has-post-thumbnail","6":"product_cat-bitkisel-ekstraktlar","7":"pa_czesc-rosliny-cicek","8":"pa_metoda-pozyskiwania-co2-ekstraksiyonu","10":"first","11":"instock","12":"shipping-taxable","13":"product-type-simple"},"yoast_head":"<!-- This site is optimized with the Yoast SEO plugin v27.3 - https:\/\/yoast.com\/product\/yoast-seo-wordpress\/ -->\n<title>Kadife \u00e7i\u00e7e\u011fi \u00f6z\u00fc - Hurtowy Dystrybutor<\/title>\n<meta name=\"description\" content=\"Kadife \u00e7i\u00e7e\u011fi CO\u2082 \u00f6z\u00fc, g\u00fc\u00e7l\u00fc antienflamatuar, yenileyici ve yat\u0131\u015ft\u0131r\u0131c\u0131 \u00f6zelliklere sahip y\u00fcksek kaliteli bir bitkisel hammaddedir.\" \/>\n<meta name=\"robots\" content=\"index, follow, max-snippet:-1, max-image-preview:large, max-video-preview:-1\" \/>\n<link rel=\"canonical\" href=\"https:\/\/naturalpoland.com\/tr\/urunler\/bitkisel-ekstraktlar\/kadife-cicegi-ozu\/\" \/>\n<meta property=\"og:locale\" content=\"tr_TR\" \/>\n<meta property=\"og:type\" content=\"article\" \/>\n<meta property=\"og:title\" content=\"Kadife \u00e7i\u00e7e\u011fi \u00f6z\u00fc - Hurtowy Dystrybutor\" \/>\n<meta property=\"og:description\" content=\"Kadife \u00e7i\u00e7e\u011fi CO\u2082 \u00f6z\u00fc, g\u00fc\u00e7l\u00fc antienflamatuar, yenileyici ve yat\u0131\u015ft\u0131r\u0131c\u0131 \u00f6zelliklere sahip y\u00fcksek kaliteli bir bitkisel hammaddedir.\" \/>\n<meta property=\"og:url\" content=\"https:\/\/naturalpoland.com\/tr\/urunler\/bitkisel-ekstraktlar\/kadife-cicegi-ozu\/\" \/>\n<meta property=\"og:site_name\" content=\"NATURAL POLAND - Hurtowy Dystrybutor Surowc\u00f3w\" \/>\n<meta property=\"article:publisher\" content=\"https:\/\/www.facebook.com\/naturalpoland.b2b\" \/>\n<meta property=\"article:modified_time\" content=\"2026-02-20T15:11:26+00:00\" \/>\n<meta property=\"og:image\" content=\"https:\/\/naturalpoland.com\/wp-content\/uploads\/ekstrakt-z-nagietka.webp\" \/>\n\t<meta property=\"og:image:width\" content=\"1024\" \/>\n\t<meta property=\"og:image:height\" content=\"1024\" \/>\n\t<meta property=\"og:image:type\" content=\"image\/webp\" \/>\n<script type=\"application\/ld+json\" class=\"yoast-schema-graph\">{\"@context\":\"https:\\\/\\\/schema.org\",\"@graph\":[{\"@type\":\"WebPage\",\"@id\":\"https:\\\/\\\/naturalpoland.com\\\/tr\\\/urunler\\\/bitkisel-ekstraktlar\\\/kadife-cicegi-ozu\\\/\",\"url\":\"https:\\\/\\\/naturalpoland.com\\\/tr\\\/urunler\\\/bitkisel-ekstraktlar\\\/kadife-cicegi-ozu\\\/\",\"name\":\"Kadife \u00e7i\u00e7e\u011fi \u00f6z\u00fc - Hurtowy Dystrybutor\",\"isPartOf\":{\"@id\":\"https:\\\/\\\/naturalpoland.com\\\/tr\\\/#website\"},\"primaryImageOfPage\":{\"@id\":\"https:\\\/\\\/naturalpoland.com\\\/tr\\\/urunler\\\/bitkisel-ekstraktlar\\\/kadife-cicegi-ozu\\\/#primaryimage\"},\"image\":{\"@id\":\"https:\\\/\\\/naturalpoland.com\\\/tr\\\/urunler\\\/bitkisel-ekstraktlar\\\/kadife-cicegi-ozu\\\/#primaryimage\"},\"thumbnailUrl\":\"https:\\\/\\\/naturalpoland.com\\\/wp-content\\\/uploads\\\/ekstrakt-z-nagietka.webp\",\"datePublished\":\"2025-03-21T14:10:42+00:00\",\"dateModified\":\"2026-02-20T15:11:26+00:00\",\"description\":\"Kadife \u00e7i\u00e7e\u011fi CO\u2082 \u00f6z\u00fc, g\u00fc\u00e7l\u00fc antienflamatuar, yenileyici ve yat\u0131\u015ft\u0131r\u0131c\u0131 \u00f6zelliklere sahip y\u00fcksek kaliteli bir bitkisel hammaddedir.\",\"breadcrumb\":{\"@id\":\"https:\\\/\\\/naturalpoland.com\\\/tr\\\/urunler\\\/bitkisel-ekstraktlar\\\/kadife-cicegi-ozu\\\/#breadcrumb\"},\"inLanguage\":\"tr\",\"potentialAction\":[{\"@type\":\"ReadAction\",\"target\":[\"https:\\\/\\\/naturalpoland.com\\\/tr\\\/urunler\\\/bitkisel-ekstraktlar\\\/kadife-cicegi-ozu\\\/\"]}]},{\"@type\":\"ImageObject\",\"inLanguage\":\"tr\",\"@id\":\"https:\\\/\\\/naturalpoland.com\\\/tr\\\/urunler\\\/bitkisel-ekstraktlar\\\/kadife-cicegi-ozu\\\/#primaryimage\",\"url\":\"https:\\\/\\\/naturalpoland.com\\\/wp-content\\\/uploads\\\/ekstrakt-z-nagietka.webp\",\"contentUrl\":\"https:\\\/\\\/naturalpoland.com\\\/wp-content\\\/uploads\\\/ekstrakt-z-nagietka.webp\",\"width\":1024,\"height\":1024,\"caption\":\"Kadife \u00e7i\u00e7e\u011fi \u00f6z\u00fc\"},{\"@type\":\"BreadcrumbList\",\"@id\":\"https:\\\/\\\/naturalpoland.com\\\/tr\\\/urunler\\\/bitkisel-ekstraktlar\\\/kadife-cicegi-ozu\\\/#breadcrumb\",\"itemListElement\":[{\"@type\":\"ListItem\",\"position\":1,\"name\":\"Ana Sayfa\",\"item\":\"https:\\\/\\\/naturalpoland.com\\\/tr\\\/\"},{\"@type\":\"ListItem\",\"position\":2,\"name\":\"\u00dcr\u00fcnler\",\"item\":\"https:\\\/\\\/naturalpoland.com\\\/tr\\\/urunler\\\/\"},{\"@type\":\"ListItem\",\"position\":3,\"name\":\"Kadife \u00e7i\u00e7e\u011fi \u00f6z\u00fc\"}]},{\"@type\":\"WebSite\",\"@id\":\"https:\\\/\\\/naturalpoland.com\\\/tr\\\/#website\",\"url\":\"https:\\\/\\\/naturalpoland.com\\\/tr\\\/\",\"name\":\"NATURAL POLAND - Hurtowy Dystrybutor Surowc\u00f3w\",\"description\":\"Surowce dla przemys\u0142u spo\u017cywczego, kosmetycznego i farmaceutycznego\",\"publisher\":{\"@id\":\"https:\\\/\\\/naturalpoland.com\\\/tr\\\/#organization\"},\"potentialAction\":[{\"@type\":\"SearchAction\",\"target\":{\"@type\":\"EntryPoint\",\"urlTemplate\":\"https:\\\/\\\/naturalpoland.com\\\/tr\\\/?s={search_term_string}\"},\"query-input\":{\"@type\":\"PropertyValueSpecification\",\"valueRequired\":true,\"valueName\":\"search_term_string\"}}],\"inLanguage\":\"tr\"},{\"@type\":\"Organization\",\"@id\":\"https:\\\/\\\/naturalpoland.com\\\/tr\\\/#organization\",\"name\":\"Natural Poland\",\"url\":\"https:\\\/\\\/naturalpoland.com\\\/tr\\\/\",\"logo\":{\"@type\":\"ImageObject\",\"inLanguage\":\"tr\",\"@id\":\"https:\\\/\\\/naturalpoland.com\\\/tr\\\/#\\\/schema\\\/logo\\\/image\\\/\",\"url\":\"https:\\\/\\\/naturalpoland.com\\\/wp-content\\\/uploads\\\/2021\\\/05\\\/natural-poland-icon.png\",\"contentUrl\":\"https:\\\/\\\/naturalpoland.com\\\/wp-content\\\/uploads\\\/2021\\\/05\\\/natural-poland-icon.png\",\"width\":512,\"height\":512,\"caption\":\"Natural Poland\"},\"image\":{\"@id\":\"https:\\\/\\\/naturalpoland.com\\\/tr\\\/#\\\/schema\\\/logo\\\/image\\\/\"},\"sameAs\":[\"https:\\\/\\\/www.facebook.com\\\/naturalpoland.b2b\",\"https:\\\/\\\/pl.linkedin.com\\\/company\\\/natural-poland\",\"https:\\\/\\\/www.youtube.com\\\/channel\\\/UCgeGGkvOMahZo-xu_MSEWxg\"]}]}<\/script>\n<!-- \/ Yoast SEO plugin. -->","yoast_head_json":{"title":"Kadife \u00e7i\u00e7e\u011fi \u00f6z\u00fc - Hurtowy Dystrybutor","description":"Kadife \u00e7i\u00e7e\u011fi CO\u2082 \u00f6z\u00fc, g\u00fc\u00e7l\u00fc antienflamatuar, yenileyici ve yat\u0131\u015ft\u0131r\u0131c\u0131 \u00f6zelliklere sahip y\u00fcksek kaliteli bir bitkisel hammaddedir.","robots":{"index":"index","follow":"follow","max-snippet":"max-snippet:-1","max-image-preview":"max-image-preview:large","max-video-preview":"max-video-preview:-1"},"canonical":"https:\/\/naturalpoland.com\/tr\/urunler\/bitkisel-ekstraktlar\/kadife-cicegi-ozu\/","og_locale":"tr_TR","og_type":"article","og_title":"Kadife \u00e7i\u00e7e\u011fi \u00f6z\u00fc - Hurtowy Dystrybutor","og_description":"Kadife \u00e7i\u00e7e\u011fi CO\u2082 \u00f6z\u00fc, g\u00fc\u00e7l\u00fc antienflamatuar, yenileyici ve yat\u0131\u015ft\u0131r\u0131c\u0131 \u00f6zelliklere sahip y\u00fcksek kaliteli bir bitkisel hammaddedir.","og_url":"https:\/\/naturalpoland.com\/tr\/urunler\/bitkisel-ekstraktlar\/kadife-cicegi-ozu\/","og_site_name":"NATURAL POLAND - Hurtowy Dystrybutor Surowc\u00f3w","article_publisher":"https:\/\/www.facebook.com\/naturalpoland.b2b","article_modified_time":"2026-02-20T15:11:26+00:00","og_image":[{"width":1024,"height":1024,"url":"https:\/\/naturalpoland.com\/wp-content\/uploads\/ekstrakt-z-nagietka.webp","type":"image\/webp"}],"schema":{"@context":"https:\/\/schema.org","@graph":[{"@type":"WebPage","@id":"https:\/\/naturalpoland.com\/tr\/urunler\/bitkisel-ekstraktlar\/kadife-cicegi-ozu\/","url":"https:\/\/naturalpoland.com\/tr\/urunler\/bitkisel-ekstraktlar\/kadife-cicegi-ozu\/","name":"Kadife \u00e7i\u00e7e\u011fi \u00f6z\u00fc - Hurtowy Dystrybutor","isPartOf":{"@id":"https:\/\/naturalpoland.com\/tr\/#website"},"primaryImageOfPage":{"@id":"https:\/\/naturalpoland.com\/tr\/urunler\/bitkisel-ekstraktlar\/kadife-cicegi-ozu\/#primaryimage"},"image":{"@id":"https:\/\/naturalpoland.com\/tr\/urunler\/bitkisel-ekstraktlar\/kadife-cicegi-ozu\/#primaryimage"},"thumbnailUrl":"https:\/\/naturalpoland.com\/wp-content\/uploads\/ekstrakt-z-nagietka.webp","datePublished":"2025-03-21T14:10:42+00:00","dateModified":"2026-02-20T15:11:26+00:00","description":"Kadife \u00e7i\u00e7e\u011fi CO\u2082 \u00f6z\u00fc, g\u00fc\u00e7l\u00fc antienflamatuar, yenileyici ve yat\u0131\u015ft\u0131r\u0131c\u0131 \u00f6zelliklere sahip y\u00fcksek kaliteli bir bitkisel hammaddedir.","breadcrumb":{"@id":"https:\/\/naturalpoland.com\/tr\/urunler\/bitkisel-ekstraktlar\/kadife-cicegi-ozu\/#breadcrumb"},"inLanguage":"tr","potentialAction":[{"@type":"ReadAction","target":["https:\/\/naturalpoland.com\/tr\/urunler\/bitkisel-ekstraktlar\/kadife-cicegi-ozu\/"]}]},{"@type":"ImageObject","inLanguage":"tr","@id":"https:\/\/naturalpoland.com\/tr\/urunler\/bitkisel-ekstraktlar\/kadife-cicegi-ozu\/#primaryimage","url":"https:\/\/naturalpoland.com\/wp-content\/uploads\/ekstrakt-z-nagietka.webp","contentUrl":"https:\/\/naturalpoland.com\/wp-content\/uploads\/ekstrakt-z-nagietka.webp","width":1024,"height":1024,"caption":"Kadife \u00e7i\u00e7e\u011fi \u00f6z\u00fc"},{"@type":"BreadcrumbList","@id":"https:\/\/naturalpoland.com\/tr\/urunler\/bitkisel-ekstraktlar\/kadife-cicegi-ozu\/#breadcrumb","itemListElement":[{"@type":"ListItem","position":1,"name":"Ana Sayfa","item":"https:\/\/naturalpoland.com\/tr\/"},{"@type":"ListItem","position":2,"name":"\u00dcr\u00fcnler","item":"https:\/\/naturalpoland.com\/tr\/urunler\/"},{"@type":"ListItem","position":3,"name":"Kadife \u00e7i\u00e7e\u011fi \u00f6z\u00fc"}]},{"@type":"WebSite","@id":"https:\/\/naturalpoland.com\/tr\/#website","url":"https:\/\/naturalpoland.com\/tr\/","name":"NATURAL POLAND - Hurtowy Dystrybutor Surowc\u00f3w","description":"Surowce dla przemys\u0142u spo\u017cywczego, kosmetycznego i farmaceutycznego","publisher":{"@id":"https:\/\/naturalpoland.com\/tr\/#organization"},"potentialAction":[{"@type":"SearchAction","target":{"@type":"EntryPoint","urlTemplate":"https:\/\/naturalpoland.com\/tr\/?s={search_term_string}"},"query-input":{"@type":"PropertyValueSpecification","valueRequired":true,"valueName":"search_term_string"}}],"inLanguage":"tr"},{"@type":"Organization","@id":"https:\/\/naturalpoland.com\/tr\/#organization","name":"Natural Poland","url":"https:\/\/naturalpoland.com\/tr\/","logo":{"@type":"ImageObject","inLanguage":"tr","@id":"https:\/\/naturalpoland.com\/tr\/#\/schema\/logo\/image\/","url":"https:\/\/naturalpoland.com\/wp-content\/uploads\/2021\/05\/natural-poland-icon.png","contentUrl":"https:\/\/naturalpoland.com\/wp-content\/uploads\/2021\/05\/natural-poland-icon.png","width":512,"height":512,"caption":"Natural Poland"},"image":{"@id":"https:\/\/naturalpoland.com\/tr\/#\/schema\/logo\/image\/"},"sameAs":["https:\/\/www.facebook.com\/naturalpoland.b2b","https:\/\/pl.linkedin.com\/company\/natural-poland","https:\/\/www.youtube.com\/channel\/UCgeGGkvOMahZo-xu_MSEWxg"]}]}},"_links":{"self":[{"href":"https:\/\/naturalpoland.com\/tr\/wp-json\/wp\/v2\/product\/46124","targetHints":{"allow":["GET"]}}],"collection":[{"href":"https:\/\/naturalpoland.com\/tr\/wp-json\/wp\/v2\/product"}],"about":[{"href":"https:\/\/naturalpoland.com\/tr\/wp-json\/wp\/v2\/types\/product"}],"wp:featuredmedia":[{"embeddable":true,"href":"https:\/\/naturalpoland.com\/tr\/wp-json\/wp\/v2\/media\/46125"}],"wp:attachment":[{"href":"https:\/\/naturalpoland.com\/tr\/wp-json\/wp\/v2\/media?parent=46124"}],"wp:term":[{"taxonomy":"product_brand","embeddable":true,"href":"https:\/\/naturalpoland.com\/tr\/wp-json\/wp\/v2\/product_brand?post=46124"},{"taxonomy":"product_cat","embeddable":true,"href":"https:\/\/naturalpoland.com\/tr\/wp-json\/wp\/v2\/product_cat?post=46124"},{"taxonomy":"product_tag","embeddable":true,"href":"https:\/\/naturalpoland.com\/tr\/wp-json\/wp\/v2\/product_tag?post=46124"}],"curies":[{"name":"wp","href":"https:\/\/api.w.org\/{rel}","templated":true}]}}