{"id":46126,"date":"2025-04-15T10:55:00","date_gmt":"2025-04-15T08:55:00","guid":{"rendered":"https:\/\/naturalpoland.com\/produkty\/kategorilenmemis\/cuce-civanpercemi-ozutu\/"},"modified":"2026-02-20T16:11:32","modified_gmt":"2026-02-20T15:11:32","slug":"cuce-civanpercemi-ozutu","status":"publish","type":"product","link":"https:\/\/naturalpoland.com\/tr\/urunler\/bitkisel-ekstraktlar\/cuce-civanpercemi-ozutu\/","title":{"rendered":"C\u00fcce civanper\u00e7emi \u00f6z\u00fct\u00fc"},"content":{"rendered":"<p><em><strong>Achillea nano<\/strong><\/em>, <strong>civanper\u00e7emi<\/strong> cinsinin daha az bilinen ancak de\u011ferli bir temsilcisidir. Antienflamatuar, tonik ve sindirime destek \u00f6zelliklere sahiptir. Geleneksel t\u0131p sistemlerinde hafif sindirim rahats\u0131zl\u0131klar\u0131nda ve v\u00fccut dengesini destekleyici olarak kullan\u0131lm\u0131\u015ft\u0131r.  <\/p>\n<p>Kozmetikte cildi yat\u0131\u015ft\u0131r\u0131c\u0131 etki g\u00f6sterebilir ve hassas veya k\u0131zar\u0131kl\u0131\u011fa e\u011filimli ciltler i\u00e7in \u00fcr\u00fcnlerde kullan\u0131labilir.<\/p>\n<h2>C\u00fcce civanper\u00e7emi ile adi civanper\u00e7emi aras\u0131ndaki farklar<\/h2>\n<article class=\"text-token-text-primary w-full\" dir=\"auto\" data-testid=\"conversation-turn-364\" data-scroll-anchor=\"true\">\n<div class=\"text-base my-auto mx-auto py-5 [--thread-content-margin:--spacing(4)] @[37rem]:[--thread-content-margin:--spacing(6)] @[70rem]:[--thread-content-margin:--spacing(12)] px-(--thread-content-margin)\">\n<div class=\"[--thread-content-max-width:32rem] @[34rem]:[--thread-content-max-width:40rem] @[64rem]:[--thread-content-max-width:48rem] mx-auto flex max-w-(--thread-content-max-width) flex-1 text-base gap-4 md:gap-5 lg:gap-6 group\/turn-messages focus-visible:outline-hidden\" tabindex=\"-1\">\n<div class=\"group\/conversation-turn relative flex w-full min-w-0 flex-col agent-turn\">\n<div class=\"relative flex-col gap-1 md:gap-3\">\n<div class=\"flex max-w-full flex-col grow\">\n<div class=\"min-h-8 text-message relative flex w-full flex-col items-end gap-2 text-start break-words whitespace-normal [.text-message+&amp;]:mt-5\" dir=\"auto\" data-message-author-role=\"assistant\" data-message-id=\"7b7d6f3d-cb4b-42fa-b0d8-d0ed82fd6822\" data-message-model-slug=\"gpt-4o\">\n<div class=\"flex w-full flex-col gap-1 empty:hidden first:pt-[3px]\">\n<div class=\"markdown prose dark:prose-invert w-full break-words light\">\n<p class=\"\" data-start=\"0\" data-end=\"839\"><strong>C\u00fcce civanper\u00e7emi<\/strong> (<em>Achillea nano Linn.<\/em>) ve <a href=\"https:\/\/naturalpoland.com\/produkty\/ekstrakty-roslinne\/ekstrakt-z-krwawnika-pospolitego\/\"><strong>adi civanper\u00e7emi<\/strong><\/a> (<em>Achillea millefolium<\/em>) ayn\u0131 botanik cinse ait olmalar\u0131na ra\u011fmen, hem morfolojik hem de kimyasal a\u00e7\u0131dan birbirlerinden farkl\u0131l\u0131k g\u00f6sterirler. Achillea millefolium daha yayg\u0131nd\u0131r ve fitoterapi alan\u0131nda, \u00f6zellikle sindirim, cilt ve kad\u0131n rahats\u0131zl\u0131klar\u0131nda geni\u015f kullan\u0131m\u0131yla bilinir. <\/p>\n<p class=\"\" data-start=\"0\" data-end=\"839\">C\u00fcce civanper\u00e7emi ise daha az pop\u00fcler olmas\u0131na ra\u011fmen benzer antienflamatuar ve tonik \u00f6zellikler g\u00f6sterir, ancak fitoaktif bile\u015fimi flavonoidler veya u\u00e7ucu ya\u011flar gibi etken maddeler a\u00e7\u0131s\u0131ndan daha az yo\u011fun veya biraz farkl\u0131 olabilir. Bu nedenle form\u00fclasyon ihtiya\u00e7lar\u0131na ve etki profiline g\u00f6re hammadde se\u00e7erken bu t\u00fcrler aras\u0131ndaki farklar\u0131 dikkate almak \u00f6nemlidir. <\/p>\n<\/div>\n<\/div>\n<\/div>\n<\/div>\n<div class=\"flex justify-start\">\n<div class=\"touch:-me-2 touch:-ms-3.5 -ms-2.5 -me-1 flex items-center p-1 select-none -mt-1 duration-[1.5s] focus-within:transition-none hover:transition-none pointer-events-none [mask-image:linear-gradient(to_right,black_33%,transparent_66%)] [mask-position:100%_0%] [mask-size:300%_100%] motion-safe:transition-[mask-position] group-hover\/turn-messages:pointer-events-auto group-hover\/turn-messages:[mask-position:0_0] group-focus-within\/turn-messages:pointer-events-auto group-focus-within\/turn-messages:[mask-position:0_0] has-data-[state=open]:pointer-events-auto has-data-[state=open]:[mask-position:0_0]\"><\/div>\n<\/div>\n<div class=\"mt-3 w-full empty:hidden\">\n<div class=\"text-center\"><\/div>\n<\/div>\n<\/div>\n<div class=\"absolute\">\n<div class=\"flex items-center justify-center\"><\/div>\n<\/div>\n<\/div>\n<\/div>\n<\/div>\n<\/article>\n<div class=\"pointer-events-none h-px w-px\" aria-hidden=\"true\" data-edge=\"true\"><\/div>\n","protected":false},"excerpt":{"rendered":"<p><strong>C\u00fcce civanper\u00e7emi \u00f6z\u00fct\u00fc<\/strong> (<em>Achillea nano Linn.<\/em>), sulu ekstraksiyon y\u00f6ntemiyle t\u00fcm bitkiden elde edilir. Az miktarda maltodekstrin i\u00e7erir. Sar\u0131-kahverengi renkli, ince \u00f6\u011f\u00fct\u00fclm\u00fc\u015f bir tozdur ve takviye g\u0131dalarda ile do\u011fal kozmetiklerde kullan\u0131m alan\u0131 bulur.  <\/p>\n","protected":false},"featured_media":46127,"template":"","meta":[],"product_brand":[],"product_cat":[9531],"product_tag":[],"class_list":{"0":"post-46126","1":"product","2":"type-product","3":"status-publish","4":"has-post-thumbnail","6":"product_cat-bitkisel-ekstraktlar","7":"pa_czesc-rosliny-tum-bitki","9":"first","10":"instock","11":"shipping-taxable","12":"product-type-simple"},"yoast_head":"<!-- This site is optimized with the Yoast SEO plugin v27.3 - https:\/\/yoast.com\/product\/yoast-seo-wordpress\/ -->\n<title>C\u00fcce civanper\u00e7emi \u00f6z\u00fct\u00fc - Hurtowy Dystrybutor<\/title>\n<meta name=\"description\" content=\"C\u00fcce civanper\u00e7emi \u00f6z\u00fct\u00fc (Achillea nano Linn.), sulu ekstraksiyon y\u00f6ntemiyle t\u00fcm bitkiden elde edilen, sar\u0131-kahverengi renkli, ince \u00f6\u011f\u00fct\u00fclm\u00fc\u015f bir tozdur\" \/>\n<meta name=\"robots\" content=\"index, follow, max-snippet:-1, max-image-preview:large, max-video-preview:-1\" \/>\n<link rel=\"canonical\" href=\"https:\/\/naturalpoland.com\/tr\/urunler\/bitkisel-ekstraktlar\/cuce-civanpercemi-ozutu\/\" \/>\n<meta property=\"og:locale\" content=\"tr_TR\" \/>\n<meta property=\"og:type\" content=\"article\" \/>\n<meta property=\"og:title\" content=\"C\u00fcce civanper\u00e7emi \u00f6z\u00fct\u00fc - Hurtowy Dystrybutor\" \/>\n<meta property=\"og:description\" content=\"C\u00fcce civanper\u00e7emi \u00f6z\u00fct\u00fc (Achillea nano Linn.), sulu ekstraksiyon y\u00f6ntemiyle t\u00fcm bitkiden elde edilen, sar\u0131-kahverengi renkli, ince \u00f6\u011f\u00fct\u00fclm\u00fc\u015f bir tozdur\" \/>\n<meta property=\"og:url\" content=\"https:\/\/naturalpoland.com\/tr\/urunler\/bitkisel-ekstraktlar\/cuce-civanpercemi-ozutu\/\" \/>\n<meta property=\"og:site_name\" content=\"NATURAL POLAND - Hurtowy Dystrybutor Surowc\u00f3w\" \/>\n<meta property=\"article:publisher\" content=\"https:\/\/www.facebook.com\/naturalpoland.b2b\" \/>\n<meta property=\"article:modified_time\" content=\"2026-02-20T15:11:32+00:00\" \/>\n<meta property=\"og:image\" content=\"https:\/\/naturalpoland.com\/wp-content\/uploads\/ekstrakt-z-krwawnika-karlowatego.webp\" \/>\n\t<meta property=\"og:image:width\" content=\"1024\" \/>\n\t<meta property=\"og:image:height\" content=\"1024\" \/>\n\t<meta property=\"og:image:type\" content=\"image\/webp\" \/>\n<script type=\"application\/ld+json\" class=\"yoast-schema-graph\">{\"@context\":\"https:\\\/\\\/schema.org\",\"@graph\":[{\"@type\":\"WebPage\",\"@id\":\"https:\\\/\\\/naturalpoland.com\\\/tr\\\/urunler\\\/bitkisel-ekstraktlar\\\/cuce-civanpercemi-ozutu\\\/\",\"url\":\"https:\\\/\\\/naturalpoland.com\\\/tr\\\/urunler\\\/bitkisel-ekstraktlar\\\/cuce-civanpercemi-ozutu\\\/\",\"name\":\"C\u00fcce civanper\u00e7emi \u00f6z\u00fct\u00fc - Hurtowy Dystrybutor\",\"isPartOf\":{\"@id\":\"https:\\\/\\\/naturalpoland.com\\\/tr\\\/#website\"},\"primaryImageOfPage\":{\"@id\":\"https:\\\/\\\/naturalpoland.com\\\/tr\\\/urunler\\\/bitkisel-ekstraktlar\\\/cuce-civanpercemi-ozutu\\\/#primaryimage\"},\"image\":{\"@id\":\"https:\\\/\\\/naturalpoland.com\\\/tr\\\/urunler\\\/bitkisel-ekstraktlar\\\/cuce-civanpercemi-ozutu\\\/#primaryimage\"},\"thumbnailUrl\":\"https:\\\/\\\/naturalpoland.com\\\/wp-content\\\/uploads\\\/ekstrakt-z-krwawnika-karlowatego.webp\",\"datePublished\":\"2025-04-15T08:55:00+00:00\",\"dateModified\":\"2026-02-20T15:11:32+00:00\",\"description\":\"C\u00fcce civanper\u00e7emi \u00f6z\u00fct\u00fc (Achillea nano Linn.), sulu ekstraksiyon y\u00f6ntemiyle t\u00fcm bitkiden elde edilen, sar\u0131-kahverengi renkli, ince \u00f6\u011f\u00fct\u00fclm\u00fc\u015f bir tozdur\",\"breadcrumb\":{\"@id\":\"https:\\\/\\\/naturalpoland.com\\\/tr\\\/urunler\\\/bitkisel-ekstraktlar\\\/cuce-civanpercemi-ozutu\\\/#breadcrumb\"},\"inLanguage\":\"tr\",\"potentialAction\":[{\"@type\":\"ReadAction\",\"target\":[\"https:\\\/\\\/naturalpoland.com\\\/tr\\\/urunler\\\/bitkisel-ekstraktlar\\\/cuce-civanpercemi-ozutu\\\/\"]}]},{\"@type\":\"ImageObject\",\"inLanguage\":\"tr\",\"@id\":\"https:\\\/\\\/naturalpoland.com\\\/tr\\\/urunler\\\/bitkisel-ekstraktlar\\\/cuce-civanpercemi-ozutu\\\/#primaryimage\",\"url\":\"https:\\\/\\\/naturalpoland.com\\\/wp-content\\\/uploads\\\/ekstrakt-z-krwawnika-karlowatego.webp\",\"contentUrl\":\"https:\\\/\\\/naturalpoland.com\\\/wp-content\\\/uploads\\\/ekstrakt-z-krwawnika-karlowatego.webp\",\"width\":1024,\"height\":1024,\"caption\":\"C\u00fcce civanper\u00e7emi \u00f6z\u00fct\u00fc\"},{\"@type\":\"BreadcrumbList\",\"@id\":\"https:\\\/\\\/naturalpoland.com\\\/tr\\\/urunler\\\/bitkisel-ekstraktlar\\\/cuce-civanpercemi-ozutu\\\/#breadcrumb\",\"itemListElement\":[{\"@type\":\"ListItem\",\"position\":1,\"name\":\"Ana Sayfa\",\"item\":\"https:\\\/\\\/naturalpoland.com\\\/tr\\\/\"},{\"@type\":\"ListItem\",\"position\":2,\"name\":\"\u00dcr\u00fcnler\",\"item\":\"https:\\\/\\\/naturalpoland.com\\\/tr\\\/urunler\\\/\"},{\"@type\":\"ListItem\",\"position\":3,\"name\":\"C\u00fcce civanper\u00e7emi \u00f6z\u00fct\u00fc\"}]},{\"@type\":\"WebSite\",\"@id\":\"https:\\\/\\\/naturalpoland.com\\\/tr\\\/#website\",\"url\":\"https:\\\/\\\/naturalpoland.com\\\/tr\\\/\",\"name\":\"NATURAL POLAND - Hurtowy Dystrybutor Surowc\u00f3w\",\"description\":\"Surowce dla przemys\u0142u spo\u017cywczego, kosmetycznego i farmaceutycznego\",\"publisher\":{\"@id\":\"https:\\\/\\\/naturalpoland.com\\\/tr\\\/#organization\"},\"potentialAction\":[{\"@type\":\"SearchAction\",\"target\":{\"@type\":\"EntryPoint\",\"urlTemplate\":\"https:\\\/\\\/naturalpoland.com\\\/tr\\\/?s={search_term_string}\"},\"query-input\":{\"@type\":\"PropertyValueSpecification\",\"valueRequired\":true,\"valueName\":\"search_term_string\"}}],\"inLanguage\":\"tr\"},{\"@type\":\"Organization\",\"@id\":\"https:\\\/\\\/naturalpoland.com\\\/tr\\\/#organization\",\"name\":\"Natural Poland\",\"url\":\"https:\\\/\\\/naturalpoland.com\\\/tr\\\/\",\"logo\":{\"@type\":\"ImageObject\",\"inLanguage\":\"tr\",\"@id\":\"https:\\\/\\\/naturalpoland.com\\\/tr\\\/#\\\/schema\\\/logo\\\/image\\\/\",\"url\":\"https:\\\/\\\/naturalpoland.com\\\/wp-content\\\/uploads\\\/2021\\\/05\\\/natural-poland-icon.png\",\"contentUrl\":\"https:\\\/\\\/naturalpoland.com\\\/wp-content\\\/uploads\\\/2021\\\/05\\\/natural-poland-icon.png\",\"width\":512,\"height\":512,\"caption\":\"Natural Poland\"},\"image\":{\"@id\":\"https:\\\/\\\/naturalpoland.com\\\/tr\\\/#\\\/schema\\\/logo\\\/image\\\/\"},\"sameAs\":[\"https:\\\/\\\/www.facebook.com\\\/naturalpoland.b2b\",\"https:\\\/\\\/pl.linkedin.com\\\/company\\\/natural-poland\",\"https:\\\/\\\/www.youtube.com\\\/channel\\\/UCgeGGkvOMahZo-xu_MSEWxg\"]}]}<\/script>\n<!-- \/ Yoast SEO plugin. -->","yoast_head_json":{"title":"C\u00fcce civanper\u00e7emi \u00f6z\u00fct\u00fc - Hurtowy Dystrybutor","description":"C\u00fcce civanper\u00e7emi \u00f6z\u00fct\u00fc (Achillea nano Linn.), sulu ekstraksiyon y\u00f6ntemiyle t\u00fcm bitkiden elde edilen, sar\u0131-kahverengi renkli, ince \u00f6\u011f\u00fct\u00fclm\u00fc\u015f bir tozdur","robots":{"index":"index","follow":"follow","max-snippet":"max-snippet:-1","max-image-preview":"max-image-preview:large","max-video-preview":"max-video-preview:-1"},"canonical":"https:\/\/naturalpoland.com\/tr\/urunler\/bitkisel-ekstraktlar\/cuce-civanpercemi-ozutu\/","og_locale":"tr_TR","og_type":"article","og_title":"C\u00fcce civanper\u00e7emi \u00f6z\u00fct\u00fc - Hurtowy Dystrybutor","og_description":"C\u00fcce civanper\u00e7emi \u00f6z\u00fct\u00fc (Achillea nano Linn.), sulu ekstraksiyon y\u00f6ntemiyle t\u00fcm bitkiden elde edilen, sar\u0131-kahverengi renkli, ince \u00f6\u011f\u00fct\u00fclm\u00fc\u015f bir tozdur","og_url":"https:\/\/naturalpoland.com\/tr\/urunler\/bitkisel-ekstraktlar\/cuce-civanpercemi-ozutu\/","og_site_name":"NATURAL POLAND - Hurtowy Dystrybutor Surowc\u00f3w","article_publisher":"https:\/\/www.facebook.com\/naturalpoland.b2b","article_modified_time":"2026-02-20T15:11:32+00:00","og_image":[{"width":1024,"height":1024,"url":"https:\/\/naturalpoland.com\/wp-content\/uploads\/ekstrakt-z-krwawnika-karlowatego.webp","type":"image\/webp"}],"schema":{"@context":"https:\/\/schema.org","@graph":[{"@type":"WebPage","@id":"https:\/\/naturalpoland.com\/tr\/urunler\/bitkisel-ekstraktlar\/cuce-civanpercemi-ozutu\/","url":"https:\/\/naturalpoland.com\/tr\/urunler\/bitkisel-ekstraktlar\/cuce-civanpercemi-ozutu\/","name":"C\u00fcce civanper\u00e7emi \u00f6z\u00fct\u00fc - Hurtowy Dystrybutor","isPartOf":{"@id":"https:\/\/naturalpoland.com\/tr\/#website"},"primaryImageOfPage":{"@id":"https:\/\/naturalpoland.com\/tr\/urunler\/bitkisel-ekstraktlar\/cuce-civanpercemi-ozutu\/#primaryimage"},"image":{"@id":"https:\/\/naturalpoland.com\/tr\/urunler\/bitkisel-ekstraktlar\/cuce-civanpercemi-ozutu\/#primaryimage"},"thumbnailUrl":"https:\/\/naturalpoland.com\/wp-content\/uploads\/ekstrakt-z-krwawnika-karlowatego.webp","datePublished":"2025-04-15T08:55:00+00:00","dateModified":"2026-02-20T15:11:32+00:00","description":"C\u00fcce civanper\u00e7emi \u00f6z\u00fct\u00fc (Achillea nano Linn.), sulu ekstraksiyon y\u00f6ntemiyle t\u00fcm bitkiden elde edilen, sar\u0131-kahverengi renkli, ince \u00f6\u011f\u00fct\u00fclm\u00fc\u015f bir tozdur","breadcrumb":{"@id":"https:\/\/naturalpoland.com\/tr\/urunler\/bitkisel-ekstraktlar\/cuce-civanpercemi-ozutu\/#breadcrumb"},"inLanguage":"tr","potentialAction":[{"@type":"ReadAction","target":["https:\/\/naturalpoland.com\/tr\/urunler\/bitkisel-ekstraktlar\/cuce-civanpercemi-ozutu\/"]}]},{"@type":"ImageObject","inLanguage":"tr","@id":"https:\/\/naturalpoland.com\/tr\/urunler\/bitkisel-ekstraktlar\/cuce-civanpercemi-ozutu\/#primaryimage","url":"https:\/\/naturalpoland.com\/wp-content\/uploads\/ekstrakt-z-krwawnika-karlowatego.webp","contentUrl":"https:\/\/naturalpoland.com\/wp-content\/uploads\/ekstrakt-z-krwawnika-karlowatego.webp","width":1024,"height":1024,"caption":"C\u00fcce civanper\u00e7emi \u00f6z\u00fct\u00fc"},{"@type":"BreadcrumbList","@id":"https:\/\/naturalpoland.com\/tr\/urunler\/bitkisel-ekstraktlar\/cuce-civanpercemi-ozutu\/#breadcrumb","itemListElement":[{"@type":"ListItem","position":1,"name":"Ana Sayfa","item":"https:\/\/naturalpoland.com\/tr\/"},{"@type":"ListItem","position":2,"name":"\u00dcr\u00fcnler","item":"https:\/\/naturalpoland.com\/tr\/urunler\/"},{"@type":"ListItem","position":3,"name":"C\u00fcce civanper\u00e7emi \u00f6z\u00fct\u00fc"}]},{"@type":"WebSite","@id":"https:\/\/naturalpoland.com\/tr\/#website","url":"https:\/\/naturalpoland.com\/tr\/","name":"NATURAL POLAND - Hurtowy Dystrybutor Surowc\u00f3w","description":"Surowce dla przemys\u0142u spo\u017cywczego, kosmetycznego i farmaceutycznego","publisher":{"@id":"https:\/\/naturalpoland.com\/tr\/#organization"},"potentialAction":[{"@type":"SearchAction","target":{"@type":"EntryPoint","urlTemplate":"https:\/\/naturalpoland.com\/tr\/?s={search_term_string}"},"query-input":{"@type":"PropertyValueSpecification","valueRequired":true,"valueName":"search_term_string"}}],"inLanguage":"tr"},{"@type":"Organization","@id":"https:\/\/naturalpoland.com\/tr\/#organization","name":"Natural Poland","url":"https:\/\/naturalpoland.com\/tr\/","logo":{"@type":"ImageObject","inLanguage":"tr","@id":"https:\/\/naturalpoland.com\/tr\/#\/schema\/logo\/image\/","url":"https:\/\/naturalpoland.com\/wp-content\/uploads\/2021\/05\/natural-poland-icon.png","contentUrl":"https:\/\/naturalpoland.com\/wp-content\/uploads\/2021\/05\/natural-poland-icon.png","width":512,"height":512,"caption":"Natural Poland"},"image":{"@id":"https:\/\/naturalpoland.com\/tr\/#\/schema\/logo\/image\/"},"sameAs":["https:\/\/www.facebook.com\/naturalpoland.b2b","https:\/\/pl.linkedin.com\/company\/natural-poland","https:\/\/www.youtube.com\/channel\/UCgeGGkvOMahZo-xu_MSEWxg"]}]}},"_links":{"self":[{"href":"https:\/\/naturalpoland.com\/tr\/wp-json\/wp\/v2\/product\/46126","targetHints":{"allow":["GET"]}}],"collection":[{"href":"https:\/\/naturalpoland.com\/tr\/wp-json\/wp\/v2\/product"}],"about":[{"href":"https:\/\/naturalpoland.com\/tr\/wp-json\/wp\/v2\/types\/product"}],"wp:featuredmedia":[{"embeddable":true,"href":"https:\/\/naturalpoland.com\/tr\/wp-json\/wp\/v2\/media\/46127"}],"wp:attachment":[{"href":"https:\/\/naturalpoland.com\/tr\/wp-json\/wp\/v2\/media?parent=46126"}],"wp:term":[{"taxonomy":"product_brand","embeddable":true,"href":"https:\/\/naturalpoland.com\/tr\/wp-json\/wp\/v2\/product_brand?post=46126"},{"taxonomy":"product_cat","embeddable":true,"href":"https:\/\/naturalpoland.com\/tr\/wp-json\/wp\/v2\/product_cat?post=46126"},{"taxonomy":"product_tag","embeddable":true,"href":"https:\/\/naturalpoland.com\/tr\/wp-json\/wp\/v2\/product_tag?post=46126"}],"curies":[{"name":"wp","href":"https:\/\/api.w.org\/{rel}","templated":true}]}}