{"id":46128,"date":"2025-05-29T13:07:42","date_gmt":"2025-05-29T11:07:42","guid":{"rendered":"https:\/\/naturalpoland.com\/produkty\/kategorilenmemis\/siyah-frenk-uzumu-ekstrakti\/"},"modified":"2026-02-20T16:11:36","modified_gmt":"2026-02-20T15:11:36","slug":"siyah-frenk-uzumu-ekstrakti","status":"publish","type":"product","link":"https:\/\/naturalpoland.com\/tr\/urunler\/bitkisel-ekstraktlar\/siyah-frenk-uzumu-ekstrakti\/","title":{"rendered":"Siyah Frenk \u00dcz\u00fcm\u00fc Ekstrakt\u0131"},"content":{"rendered":"<h2>Siyah Frenk \u00dcz\u00fcm\u00fc Ekstrakt\u0131n\u0131n \u00d6zellikleri<\/h2>\n<p>Siyah frenk \u00fcz\u00fcm\u00fc ekstrakt\u0131, yo\u011fun mor-k\u0131rm\u0131z\u0131 rengiyle ve karakteristik, do\u011fal tad\u0131 ve kokusuyla \u00f6ne \u00e7\u0131kar. Ana aktif bile\u015feni, v\u00fccut h\u00fccreleri \u00fczerinde belgelenmi\u015f koruyucu etkiye sahip g\u00fc\u00e7l\u00fc antioksidanlar olan <a href=\"https:\/\/naturalpoland.com\/artykuly\/dodatki-do-zywnosci\/czym-sa-antocyjany-i-jakie-maja-zastosowanie\/\"><strong>antosiyaninlerdir<\/strong><\/a>. Bu sayede bu ekstrakt:  <\/p>\n<ul>\n<li>serbest radikallerin n\u00f6tralize edilmesine yard\u0131mc\u0131 olur,<\/li>\n<li>ya\u015flanma s\u00fcre\u00e7lerini yava\u015flat\u0131r,<\/li>\n<li>ba\u011f\u0131\u015f\u0131kl\u0131k sistemini destekler,<\/li>\n<li>dola\u015f\u0131m\u0131 iyile\u015ftirebilir.<\/li>\n<\/ul>\n<p>Siyah frenk \u00fcz\u00fcm\u00fc yapraklar\u0131 y\u00fczy\u0131llard\u0131r <a href=\"https:\/\/naturalpoland.com\/artykuly\/produkty-naturalne\/ziololecznictwo-a-fitoterapia-czym-sie-roznia\/\">fitoterapide<\/a> idrar s\u00f6kt\u00fcr\u00fcc\u00fc, antienflamatuar ve kan damarlar\u0131n\u0131 g\u00fc\u00e7lendirici bir ajan olarak kullan\u0131lmaktad\u0131r. <a href=\"https:\/\/naturalpoland.com\/artykuly\/produkty-naturalne\/czym-sa-i-jak-dzialaja-flawonoidy\/\">Flavonoidler<\/a> ve tanenlerin varl\u0131\u011f\u0131 cilt sa\u011fl\u0131\u011f\u0131n\u0131 olumlu etkiler ve v\u00fccudun detoksifikasyon s\u00fcrecini destekler. <\/p>\n<h2 data-start=\"1225\" data-end=\"1241\">Kullan\u0131m alanlar\u0131<\/h2>\n<p data-start=\"1243\" data-end=\"1769\" data-is-last-node=\"\" data-is-only-node=\"\">Siyah frenk \u00fcz\u00fcm\u00fc ekstrakt\u0131, <strong>takviye end\u00fcstrisinde<\/strong> pop\u00fcler bir hammaddedir. Ba\u011f\u0131\u015f\u0131kl\u0131\u011f\u0131 g\u00fc\u00e7lendirici, antioksidan etkili ve dola\u015f\u0131m sistemini destekleyici preparatlarda kullan\u0131l\u0131r. <\/p>\n<p data-start=\"1243\" data-end=\"1769\" data-is-last-node=\"\" data-is-only-node=\"\"><strong>Kozmetik end\u00fcstrisinde<\/strong>, antienflamatuar, antioksidan ve mikro dola\u015f\u0131m\u0131 iyile\u015ftirici \u00f6zellikleri nedeniyle olgun ve kuperozlu ciltler i\u00e7in bak\u0131m \u00fcr\u00fcnlerinde kullan\u0131labilir.<\/p>\n<p data-start=\"1243\" data-end=\"1769\" data-is-last-node=\"\" data-is-only-node=\"\">Ayr\u0131ca <strong>sa\u011fl\u0131kl\u0131 g\u0131dalarda fonksiyonel bir bile\u015fen<\/strong>, bitki \u00e7aylar\u0131nda ve do\u011fal i\u00e7eceklerde de kullan\u0131l\u0131r.<\/p>\n","protected":false},"excerpt":{"rendered":"<p><strong>Siyah frenk \u00fcz\u00fcm\u00fc ekstrakt\u0131<\/strong>, <strong><em>Ribes nigrum L. <\/em><\/strong>bitkisinin yapraklar\u0131ndan, ta\u015f\u0131y\u0131c\u0131 olarak maltodekstrin ilavesiyle su-alkol ekstraksiyon y\u00f6ntemiyle elde edilir. \u00dcr\u00fcn, y\u00fcksek mikrobiyolojik ve kimyasal kalitesini korur. <\/p>\n","protected":false},"featured_media":46129,"template":"","meta":[],"product_brand":[],"product_cat":[9531],"product_tag":[],"class_list":{"0":"post-46128","1":"product","2":"type-product","3":"status-publish","4":"has-post-thumbnail","6":"product_cat-bitkisel-ekstraktlar","7":"pa_czesc-rosliny-yapraklar-2","8":"pa_skladnik-aktywny-antosiyaninler","10":"first","11":"instock","12":"shipping-taxable","13":"product-type-simple"},"yoast_head":"<!-- This site is optimized with the Yoast SEO plugin v27.3 - https:\/\/yoast.com\/product\/yoast-seo-wordpress\/ -->\n<title>Siyah Frenk \u00dcz\u00fcm\u00fc Ekstrakt\u0131 - Hurtowy Dystrybutor<\/title>\n<meta name=\"description\" content=\"Siyah frenk \u00fcz\u00fcm\u00fc ekstrakt\u0131, Ribes nigrum L. yapraklar\u0131ndan elde edilen, ola\u011fan\u00fcst\u00fc sa\u011fl\u0131k faydalar\u0131 olan do\u011fal bir bitkisel bile\u015fendir.\" \/>\n<meta name=\"robots\" content=\"index, follow, max-snippet:-1, max-image-preview:large, max-video-preview:-1\" \/>\n<link rel=\"canonical\" href=\"https:\/\/naturalpoland.com\/tr\/urunler\/bitkisel-ekstraktlar\/siyah-frenk-uzumu-ekstrakti\/\" \/>\n<meta property=\"og:locale\" content=\"tr_TR\" \/>\n<meta property=\"og:type\" content=\"article\" \/>\n<meta property=\"og:title\" content=\"Siyah Frenk \u00dcz\u00fcm\u00fc Ekstrakt\u0131 - Hurtowy Dystrybutor\" \/>\n<meta property=\"og:description\" content=\"Siyah frenk \u00fcz\u00fcm\u00fc ekstrakt\u0131, Ribes nigrum L. yapraklar\u0131ndan elde edilen, ola\u011fan\u00fcst\u00fc sa\u011fl\u0131k faydalar\u0131 olan do\u011fal bir bitkisel bile\u015fendir.\" \/>\n<meta property=\"og:url\" content=\"https:\/\/naturalpoland.com\/tr\/urunler\/bitkisel-ekstraktlar\/siyah-frenk-uzumu-ekstrakti\/\" \/>\n<meta property=\"og:site_name\" content=\"NATURAL POLAND - Hurtowy Dystrybutor Surowc\u00f3w\" \/>\n<meta property=\"article:publisher\" content=\"https:\/\/www.facebook.com\/naturalpoland.b2b\" \/>\n<meta property=\"article:modified_time\" content=\"2026-02-20T15:11:36+00:00\" \/>\n<meta property=\"og:image\" content=\"https:\/\/naturalpoland.com\/wp-content\/uploads\/ekstrakt-z-czarnej-porzeczki.webp\" \/>\n\t<meta property=\"og:image:width\" content=\"1024\" \/>\n\t<meta property=\"og:image:height\" content=\"1024\" \/>\n\t<meta property=\"og:image:type\" content=\"image\/webp\" \/>\n<script type=\"application\/ld+json\" class=\"yoast-schema-graph\">{\"@context\":\"https:\\\/\\\/schema.org\",\"@graph\":[{\"@type\":\"WebPage\",\"@id\":\"https:\\\/\\\/naturalpoland.com\\\/tr\\\/urunler\\\/bitkisel-ekstraktlar\\\/siyah-frenk-uzumu-ekstrakti\\\/\",\"url\":\"https:\\\/\\\/naturalpoland.com\\\/tr\\\/urunler\\\/bitkisel-ekstraktlar\\\/siyah-frenk-uzumu-ekstrakti\\\/\",\"name\":\"Siyah Frenk \u00dcz\u00fcm\u00fc Ekstrakt\u0131 - Hurtowy Dystrybutor\",\"isPartOf\":{\"@id\":\"https:\\\/\\\/naturalpoland.com\\\/tr\\\/#website\"},\"primaryImageOfPage\":{\"@id\":\"https:\\\/\\\/naturalpoland.com\\\/tr\\\/urunler\\\/bitkisel-ekstraktlar\\\/siyah-frenk-uzumu-ekstrakti\\\/#primaryimage\"},\"image\":{\"@id\":\"https:\\\/\\\/naturalpoland.com\\\/tr\\\/urunler\\\/bitkisel-ekstraktlar\\\/siyah-frenk-uzumu-ekstrakti\\\/#primaryimage\"},\"thumbnailUrl\":\"https:\\\/\\\/naturalpoland.com\\\/wp-content\\\/uploads\\\/ekstrakt-z-czarnej-porzeczki.webp\",\"datePublished\":\"2025-05-29T11:07:42+00:00\",\"dateModified\":\"2026-02-20T15:11:36+00:00\",\"description\":\"Siyah frenk \u00fcz\u00fcm\u00fc ekstrakt\u0131, Ribes nigrum L. yapraklar\u0131ndan elde edilen, ola\u011fan\u00fcst\u00fc sa\u011fl\u0131k faydalar\u0131 olan do\u011fal bir bitkisel bile\u015fendir.\",\"breadcrumb\":{\"@id\":\"https:\\\/\\\/naturalpoland.com\\\/tr\\\/urunler\\\/bitkisel-ekstraktlar\\\/siyah-frenk-uzumu-ekstrakti\\\/#breadcrumb\"},\"inLanguage\":\"tr\",\"potentialAction\":[{\"@type\":\"ReadAction\",\"target\":[\"https:\\\/\\\/naturalpoland.com\\\/tr\\\/urunler\\\/bitkisel-ekstraktlar\\\/siyah-frenk-uzumu-ekstrakti\\\/\"]}]},{\"@type\":\"ImageObject\",\"inLanguage\":\"tr\",\"@id\":\"https:\\\/\\\/naturalpoland.com\\\/tr\\\/urunler\\\/bitkisel-ekstraktlar\\\/siyah-frenk-uzumu-ekstrakti\\\/#primaryimage\",\"url\":\"https:\\\/\\\/naturalpoland.com\\\/wp-content\\\/uploads\\\/ekstrakt-z-czarnej-porzeczki.webp\",\"contentUrl\":\"https:\\\/\\\/naturalpoland.com\\\/wp-content\\\/uploads\\\/ekstrakt-z-czarnej-porzeczki.webp\",\"width\":1024,\"height\":1024,\"caption\":\"siyah frenk \u00fcz\u00fcm\u00fc ekstrakt\u0131\"},{\"@type\":\"BreadcrumbList\",\"@id\":\"https:\\\/\\\/naturalpoland.com\\\/tr\\\/urunler\\\/bitkisel-ekstraktlar\\\/siyah-frenk-uzumu-ekstrakti\\\/#breadcrumb\",\"itemListElement\":[{\"@type\":\"ListItem\",\"position\":1,\"name\":\"Ana Sayfa\",\"item\":\"https:\\\/\\\/naturalpoland.com\\\/tr\\\/\"},{\"@type\":\"ListItem\",\"position\":2,\"name\":\"\u00dcr\u00fcnler\",\"item\":\"https:\\\/\\\/naturalpoland.com\\\/tr\\\/urunler\\\/\"},{\"@type\":\"ListItem\",\"position\":3,\"name\":\"Siyah Frenk \u00dcz\u00fcm\u00fc Ekstrakt\u0131\"}]},{\"@type\":\"WebSite\",\"@id\":\"https:\\\/\\\/naturalpoland.com\\\/tr\\\/#website\",\"url\":\"https:\\\/\\\/naturalpoland.com\\\/tr\\\/\",\"name\":\"NATURAL POLAND - Hurtowy Dystrybutor Surowc\u00f3w\",\"description\":\"Surowce dla przemys\u0142u spo\u017cywczego, kosmetycznego i farmaceutycznego\",\"publisher\":{\"@id\":\"https:\\\/\\\/naturalpoland.com\\\/tr\\\/#organization\"},\"potentialAction\":[{\"@type\":\"SearchAction\",\"target\":{\"@type\":\"EntryPoint\",\"urlTemplate\":\"https:\\\/\\\/naturalpoland.com\\\/tr\\\/?s={search_term_string}\"},\"query-input\":{\"@type\":\"PropertyValueSpecification\",\"valueRequired\":true,\"valueName\":\"search_term_string\"}}],\"inLanguage\":\"tr\"},{\"@type\":\"Organization\",\"@id\":\"https:\\\/\\\/naturalpoland.com\\\/tr\\\/#organization\",\"name\":\"Natural Poland\",\"url\":\"https:\\\/\\\/naturalpoland.com\\\/tr\\\/\",\"logo\":{\"@type\":\"ImageObject\",\"inLanguage\":\"tr\",\"@id\":\"https:\\\/\\\/naturalpoland.com\\\/tr\\\/#\\\/schema\\\/logo\\\/image\\\/\",\"url\":\"https:\\\/\\\/naturalpoland.com\\\/wp-content\\\/uploads\\\/2021\\\/05\\\/natural-poland-icon.png\",\"contentUrl\":\"https:\\\/\\\/naturalpoland.com\\\/wp-content\\\/uploads\\\/2021\\\/05\\\/natural-poland-icon.png\",\"width\":512,\"height\":512,\"caption\":\"Natural Poland\"},\"image\":{\"@id\":\"https:\\\/\\\/naturalpoland.com\\\/tr\\\/#\\\/schema\\\/logo\\\/image\\\/\"},\"sameAs\":[\"https:\\\/\\\/www.facebook.com\\\/naturalpoland.b2b\",\"https:\\\/\\\/pl.linkedin.com\\\/company\\\/natural-poland\",\"https:\\\/\\\/www.youtube.com\\\/channel\\\/UCgeGGkvOMahZo-xu_MSEWxg\"]}]}<\/script>\n<!-- \/ Yoast SEO plugin. -->","yoast_head_json":{"title":"Siyah Frenk \u00dcz\u00fcm\u00fc Ekstrakt\u0131 - Hurtowy Dystrybutor","description":"Siyah frenk \u00fcz\u00fcm\u00fc ekstrakt\u0131, Ribes nigrum L. yapraklar\u0131ndan elde edilen, ola\u011fan\u00fcst\u00fc sa\u011fl\u0131k faydalar\u0131 olan do\u011fal bir bitkisel bile\u015fendir.","robots":{"index":"index","follow":"follow","max-snippet":"max-snippet:-1","max-image-preview":"max-image-preview:large","max-video-preview":"max-video-preview:-1"},"canonical":"https:\/\/naturalpoland.com\/tr\/urunler\/bitkisel-ekstraktlar\/siyah-frenk-uzumu-ekstrakti\/","og_locale":"tr_TR","og_type":"article","og_title":"Siyah Frenk \u00dcz\u00fcm\u00fc Ekstrakt\u0131 - Hurtowy Dystrybutor","og_description":"Siyah frenk \u00fcz\u00fcm\u00fc ekstrakt\u0131, Ribes nigrum L. yapraklar\u0131ndan elde edilen, ola\u011fan\u00fcst\u00fc sa\u011fl\u0131k faydalar\u0131 olan do\u011fal bir bitkisel bile\u015fendir.","og_url":"https:\/\/naturalpoland.com\/tr\/urunler\/bitkisel-ekstraktlar\/siyah-frenk-uzumu-ekstrakti\/","og_site_name":"NATURAL POLAND - Hurtowy Dystrybutor Surowc\u00f3w","article_publisher":"https:\/\/www.facebook.com\/naturalpoland.b2b","article_modified_time":"2026-02-20T15:11:36+00:00","og_image":[{"width":1024,"height":1024,"url":"https:\/\/naturalpoland.com\/wp-content\/uploads\/ekstrakt-z-czarnej-porzeczki.webp","type":"image\/webp"}],"schema":{"@context":"https:\/\/schema.org","@graph":[{"@type":"WebPage","@id":"https:\/\/naturalpoland.com\/tr\/urunler\/bitkisel-ekstraktlar\/siyah-frenk-uzumu-ekstrakti\/","url":"https:\/\/naturalpoland.com\/tr\/urunler\/bitkisel-ekstraktlar\/siyah-frenk-uzumu-ekstrakti\/","name":"Siyah Frenk \u00dcz\u00fcm\u00fc Ekstrakt\u0131 - Hurtowy Dystrybutor","isPartOf":{"@id":"https:\/\/naturalpoland.com\/tr\/#website"},"primaryImageOfPage":{"@id":"https:\/\/naturalpoland.com\/tr\/urunler\/bitkisel-ekstraktlar\/siyah-frenk-uzumu-ekstrakti\/#primaryimage"},"image":{"@id":"https:\/\/naturalpoland.com\/tr\/urunler\/bitkisel-ekstraktlar\/siyah-frenk-uzumu-ekstrakti\/#primaryimage"},"thumbnailUrl":"https:\/\/naturalpoland.com\/wp-content\/uploads\/ekstrakt-z-czarnej-porzeczki.webp","datePublished":"2025-05-29T11:07:42+00:00","dateModified":"2026-02-20T15:11:36+00:00","description":"Siyah frenk \u00fcz\u00fcm\u00fc ekstrakt\u0131, Ribes nigrum L. yapraklar\u0131ndan elde edilen, ola\u011fan\u00fcst\u00fc sa\u011fl\u0131k faydalar\u0131 olan do\u011fal bir bitkisel bile\u015fendir.","breadcrumb":{"@id":"https:\/\/naturalpoland.com\/tr\/urunler\/bitkisel-ekstraktlar\/siyah-frenk-uzumu-ekstrakti\/#breadcrumb"},"inLanguage":"tr","potentialAction":[{"@type":"ReadAction","target":["https:\/\/naturalpoland.com\/tr\/urunler\/bitkisel-ekstraktlar\/siyah-frenk-uzumu-ekstrakti\/"]}]},{"@type":"ImageObject","inLanguage":"tr","@id":"https:\/\/naturalpoland.com\/tr\/urunler\/bitkisel-ekstraktlar\/siyah-frenk-uzumu-ekstrakti\/#primaryimage","url":"https:\/\/naturalpoland.com\/wp-content\/uploads\/ekstrakt-z-czarnej-porzeczki.webp","contentUrl":"https:\/\/naturalpoland.com\/wp-content\/uploads\/ekstrakt-z-czarnej-porzeczki.webp","width":1024,"height":1024,"caption":"siyah frenk \u00fcz\u00fcm\u00fc ekstrakt\u0131"},{"@type":"BreadcrumbList","@id":"https:\/\/naturalpoland.com\/tr\/urunler\/bitkisel-ekstraktlar\/siyah-frenk-uzumu-ekstrakti\/#breadcrumb","itemListElement":[{"@type":"ListItem","position":1,"name":"Ana Sayfa","item":"https:\/\/naturalpoland.com\/tr\/"},{"@type":"ListItem","position":2,"name":"\u00dcr\u00fcnler","item":"https:\/\/naturalpoland.com\/tr\/urunler\/"},{"@type":"ListItem","position":3,"name":"Siyah Frenk \u00dcz\u00fcm\u00fc Ekstrakt\u0131"}]},{"@type":"WebSite","@id":"https:\/\/naturalpoland.com\/tr\/#website","url":"https:\/\/naturalpoland.com\/tr\/","name":"NATURAL POLAND - Hurtowy Dystrybutor Surowc\u00f3w","description":"Surowce dla przemys\u0142u spo\u017cywczego, kosmetycznego i farmaceutycznego","publisher":{"@id":"https:\/\/naturalpoland.com\/tr\/#organization"},"potentialAction":[{"@type":"SearchAction","target":{"@type":"EntryPoint","urlTemplate":"https:\/\/naturalpoland.com\/tr\/?s={search_term_string}"},"query-input":{"@type":"PropertyValueSpecification","valueRequired":true,"valueName":"search_term_string"}}],"inLanguage":"tr"},{"@type":"Organization","@id":"https:\/\/naturalpoland.com\/tr\/#organization","name":"Natural Poland","url":"https:\/\/naturalpoland.com\/tr\/","logo":{"@type":"ImageObject","inLanguage":"tr","@id":"https:\/\/naturalpoland.com\/tr\/#\/schema\/logo\/image\/","url":"https:\/\/naturalpoland.com\/wp-content\/uploads\/2021\/05\/natural-poland-icon.png","contentUrl":"https:\/\/naturalpoland.com\/wp-content\/uploads\/2021\/05\/natural-poland-icon.png","width":512,"height":512,"caption":"Natural Poland"},"image":{"@id":"https:\/\/naturalpoland.com\/tr\/#\/schema\/logo\/image\/"},"sameAs":["https:\/\/www.facebook.com\/naturalpoland.b2b","https:\/\/pl.linkedin.com\/company\/natural-poland","https:\/\/www.youtube.com\/channel\/UCgeGGkvOMahZo-xu_MSEWxg"]}]}},"_links":{"self":[{"href":"https:\/\/naturalpoland.com\/tr\/wp-json\/wp\/v2\/product\/46128","targetHints":{"allow":["GET"]}}],"collection":[{"href":"https:\/\/naturalpoland.com\/tr\/wp-json\/wp\/v2\/product"}],"about":[{"href":"https:\/\/naturalpoland.com\/tr\/wp-json\/wp\/v2\/types\/product"}],"wp:featuredmedia":[{"embeddable":true,"href":"https:\/\/naturalpoland.com\/tr\/wp-json\/wp\/v2\/media\/46129"}],"wp:attachment":[{"href":"https:\/\/naturalpoland.com\/tr\/wp-json\/wp\/v2\/media?parent=46128"}],"wp:term":[{"taxonomy":"product_brand","embeddable":true,"href":"https:\/\/naturalpoland.com\/tr\/wp-json\/wp\/v2\/product_brand?post=46128"},{"taxonomy":"product_cat","embeddable":true,"href":"https:\/\/naturalpoland.com\/tr\/wp-json\/wp\/v2\/product_cat?post=46128"},{"taxonomy":"product_tag","embeddable":true,"href":"https:\/\/naturalpoland.com\/tr\/wp-json\/wp\/v2\/product_tag?post=46128"}],"curies":[{"name":"wp","href":"https:\/\/api.w.org\/{rel}","templated":true}]}}