{"id":46130,"date":"2025-05-29T14:10:51","date_gmt":"2025-05-29T12:10:51","guid":{"rendered":"https:\/\/naturalpoland.com\/produkty\/kategorilenmemis\/eksi-visne-ekstrakti\/"},"modified":"2026-02-20T16:11:54","modified_gmt":"2026-02-20T15:11:54","slug":"eksi-visne-ekstrakti","status":"publish","type":"product","link":"https:\/\/naturalpoland.com\/tr\/urunler\/bitkisel-ekstraktlar\/eksi-visne-ekstrakti\/","title":{"rendered":"Ek\u015fi Vi\u015fne Ekstrakt\u0131"},"content":{"rendered":"<h2>Ek\u015fi Vi\u015fne Ekstrakt\u0131n\u0131n \u00d6zellikleri<\/h2>\n<p>Ek\u015fi vi\u015fne ekstrakt\u0131, v\u00fccut h\u00fccrelerini koruyarak oksidatif stresi ve iltihab\u0131 azaltan do\u011fal polifenoller, antosiyaninler ve di\u011fer antioksidanlar\u0131 i\u00e7erir. Ekstrakt\u0131n d\u00fczenli kullan\u0131m\u0131, sirkadiyen ritmin d\u00fczenlenmesinden sorumlu bir hormon olan melatoninin seviyesini <strong>do\u011fal olarak art\u0131r\u0131r<\/strong>. Ara\u015ft\u0131rmalar ayr\u0131ca, fiziksel aktivite sonras\u0131 <strong>kas yenilenmesi<\/strong> ve <strong>gut semptomlar\u0131n\u0131n hafifletilmesi<\/strong> \u00fczerinde faydal\u0131 etkileri oldu\u011funu da g\u00f6stermektedir. \u00dcr\u00fcn, pembe-mor rengi, karakteristik tad\u0131 ve kokusu ile \u00e7ok ince yap\u0131s\u0131yla dikkat \u00e7ekmektedir.   <\/p>\n<h2>Kullan\u0131m:<\/h2>\n<p>Ek\u015fi vi\u015fne ekstrakt\u0131, ba\u015fl\u0131ca <strong>sa\u011fl\u0131kl\u0131 uykuyu, antrenman sonras\u0131 yenilenmeyi ve antioksidan korumay\u0131 destekleyen takviye edici g\u0131dalarda<\/strong> kullan\u0131l\u0131r. G\u0131da end\u00fcstrisinde protein barlar\u0131, fonksiyonel i\u00e7ecekler, kaps\u00fcller ve i\u00e7ecek haz\u0131rlamak i\u00e7in tozlar\u0131n bir bile\u015feni olabilir. \u00c7\u00f6z\u00fcc\u00fc olarak su ve ta\u015f\u0131y\u0131c\u0131 olarak maltodekstrin kullan\u0131m\u0131 sayesinde \u00fcr\u00fcn, \u00e7e\u015fitli form\u00fclasyonlar i\u00e7in uygundur. GDO i\u00e7ermez ve pestisit kal\u0131nt\u0131lar\u0131 ile a\u011f\u0131r metaller a\u00e7\u0131s\u0131ndan Avrupa ve Amerika standartlar\u0131na uygundur.   <\/p>\n","protected":false},"excerpt":{"rendered":"<p><strong>Ek\u015fi vi\u015fne ekstrakt\u0131<\/strong> (<em>Tart Cherry Extract<\/em>), <em>Prunus cerasus<\/em> meyvelerinden elde edilir. Takviye edici g\u0131da ve fonksiyonel g\u0131da end\u00fcstrisinde kullan\u0131l\u0131r.<\/p>\n","protected":false},"featured_media":46131,"template":"","meta":[],"product_brand":[],"product_cat":[9531],"product_tag":[],"class_list":{"0":"post-46130","1":"product","2":"type-product","3":"status-publish","4":"has-post-thumbnail","6":"product_cat-bitkisel-ekstraktlar","7":"pa_czesc-rosliny-meyve","9":"first","10":"instock","11":"shipping-taxable","12":"product-type-simple"},"yoast_head":"<!-- This site is optimized with the Yoast SEO plugin v27.3 - https:\/\/yoast.com\/product\/yoast-seo-wordpress\/ -->\n<title>Ek\u015fi Vi\u015fne Ekstrakt\u0131 - Hurtowy Dystrybutor<\/title>\n<meta name=\"description\" content=\"Prunus cerasus meyvelerinden elde edilen ek\u015fi vi\u015fne ekstrakt\u0131, takviye edici g\u0131da sekt\u00f6r\u00fcnde ilgi g\u00f6ren bir bile\u015fendir.\" \/>\n<meta name=\"robots\" content=\"index, follow, max-snippet:-1, max-image-preview:large, max-video-preview:-1\" \/>\n<link rel=\"canonical\" href=\"https:\/\/naturalpoland.com\/tr\/urunler\/bitkisel-ekstraktlar\/eksi-visne-ekstrakti\/\" \/>\n<meta property=\"og:locale\" content=\"tr_TR\" \/>\n<meta property=\"og:type\" content=\"article\" \/>\n<meta property=\"og:title\" content=\"Ek\u015fi Vi\u015fne Ekstrakt\u0131 - Hurtowy Dystrybutor\" \/>\n<meta property=\"og:description\" content=\"Prunus cerasus meyvelerinden elde edilen ek\u015fi vi\u015fne ekstrakt\u0131, takviye edici g\u0131da sekt\u00f6r\u00fcnde ilgi g\u00f6ren bir bile\u015fendir.\" \/>\n<meta property=\"og:url\" content=\"https:\/\/naturalpoland.com\/tr\/urunler\/bitkisel-ekstraktlar\/eksi-visne-ekstrakti\/\" \/>\n<meta property=\"og:site_name\" content=\"NATURAL POLAND - Hurtowy Dystrybutor Surowc\u00f3w\" \/>\n<meta property=\"article:publisher\" content=\"https:\/\/www.facebook.com\/naturalpoland.b2b\" \/>\n<meta property=\"article:modified_time\" content=\"2026-02-20T15:11:54+00:00\" \/>\n<meta property=\"og:image\" content=\"https:\/\/naturalpoland.com\/wp-content\/uploads\/ekstrakt-z-wisni-kwasnej.webp\" \/>\n\t<meta property=\"og:image:width\" content=\"1024\" \/>\n\t<meta property=\"og:image:height\" content=\"1024\" \/>\n\t<meta property=\"og:image:type\" content=\"image\/webp\" \/>\n<script type=\"application\/ld+json\" class=\"yoast-schema-graph\">{\"@context\":\"https:\\\/\\\/schema.org\",\"@graph\":[{\"@type\":\"WebPage\",\"@id\":\"https:\\\/\\\/naturalpoland.com\\\/tr\\\/urunler\\\/bitkisel-ekstraktlar\\\/eksi-visne-ekstrakti\\\/\",\"url\":\"https:\\\/\\\/naturalpoland.com\\\/tr\\\/urunler\\\/bitkisel-ekstraktlar\\\/eksi-visne-ekstrakti\\\/\",\"name\":\"Ek\u015fi Vi\u015fne Ekstrakt\u0131 - Hurtowy Dystrybutor\",\"isPartOf\":{\"@id\":\"https:\\\/\\\/naturalpoland.com\\\/tr\\\/#website\"},\"primaryImageOfPage\":{\"@id\":\"https:\\\/\\\/naturalpoland.com\\\/tr\\\/urunler\\\/bitkisel-ekstraktlar\\\/eksi-visne-ekstrakti\\\/#primaryimage\"},\"image\":{\"@id\":\"https:\\\/\\\/naturalpoland.com\\\/tr\\\/urunler\\\/bitkisel-ekstraktlar\\\/eksi-visne-ekstrakti\\\/#primaryimage\"},\"thumbnailUrl\":\"https:\\\/\\\/naturalpoland.com\\\/wp-content\\\/uploads\\\/ekstrakt-z-wisni-kwasnej.webp\",\"datePublished\":\"2025-05-29T12:10:51+00:00\",\"dateModified\":\"2026-02-20T15:11:54+00:00\",\"description\":\"Prunus cerasus meyvelerinden elde edilen ek\u015fi vi\u015fne ekstrakt\u0131, takviye edici g\u0131da sekt\u00f6r\u00fcnde ilgi g\u00f6ren bir bile\u015fendir.\",\"breadcrumb\":{\"@id\":\"https:\\\/\\\/naturalpoland.com\\\/tr\\\/urunler\\\/bitkisel-ekstraktlar\\\/eksi-visne-ekstrakti\\\/#breadcrumb\"},\"inLanguage\":\"tr\",\"potentialAction\":[{\"@type\":\"ReadAction\",\"target\":[\"https:\\\/\\\/naturalpoland.com\\\/tr\\\/urunler\\\/bitkisel-ekstraktlar\\\/eksi-visne-ekstrakti\\\/\"]}]},{\"@type\":\"ImageObject\",\"inLanguage\":\"tr\",\"@id\":\"https:\\\/\\\/naturalpoland.com\\\/tr\\\/urunler\\\/bitkisel-ekstraktlar\\\/eksi-visne-ekstrakti\\\/#primaryimage\",\"url\":\"https:\\\/\\\/naturalpoland.com\\\/wp-content\\\/uploads\\\/ekstrakt-z-wisni-kwasnej.webp\",\"contentUrl\":\"https:\\\/\\\/naturalpoland.com\\\/wp-content\\\/uploads\\\/ekstrakt-z-wisni-kwasnej.webp\",\"width\":1024,\"height\":1024,\"caption\":\"Toz Ek\u015fi Vi\u015fne Ekstrakt\u0131\"},{\"@type\":\"BreadcrumbList\",\"@id\":\"https:\\\/\\\/naturalpoland.com\\\/tr\\\/urunler\\\/bitkisel-ekstraktlar\\\/eksi-visne-ekstrakti\\\/#breadcrumb\",\"itemListElement\":[{\"@type\":\"ListItem\",\"position\":1,\"name\":\"Ana Sayfa\",\"item\":\"https:\\\/\\\/naturalpoland.com\\\/tr\\\/\"},{\"@type\":\"ListItem\",\"position\":2,\"name\":\"\u00dcr\u00fcnler\",\"item\":\"https:\\\/\\\/naturalpoland.com\\\/tr\\\/urunler\\\/\"},{\"@type\":\"ListItem\",\"position\":3,\"name\":\"Ek\u015fi Vi\u015fne Ekstrakt\u0131\"}]},{\"@type\":\"WebSite\",\"@id\":\"https:\\\/\\\/naturalpoland.com\\\/tr\\\/#website\",\"url\":\"https:\\\/\\\/naturalpoland.com\\\/tr\\\/\",\"name\":\"NATURAL POLAND - Hurtowy Dystrybutor Surowc\u00f3w\",\"description\":\"Surowce dla przemys\u0142u spo\u017cywczego, kosmetycznego i farmaceutycznego\",\"publisher\":{\"@id\":\"https:\\\/\\\/naturalpoland.com\\\/tr\\\/#organization\"},\"potentialAction\":[{\"@type\":\"SearchAction\",\"target\":{\"@type\":\"EntryPoint\",\"urlTemplate\":\"https:\\\/\\\/naturalpoland.com\\\/tr\\\/?s={search_term_string}\"},\"query-input\":{\"@type\":\"PropertyValueSpecification\",\"valueRequired\":true,\"valueName\":\"search_term_string\"}}],\"inLanguage\":\"tr\"},{\"@type\":\"Organization\",\"@id\":\"https:\\\/\\\/naturalpoland.com\\\/tr\\\/#organization\",\"name\":\"Natural Poland\",\"url\":\"https:\\\/\\\/naturalpoland.com\\\/tr\\\/\",\"logo\":{\"@type\":\"ImageObject\",\"inLanguage\":\"tr\",\"@id\":\"https:\\\/\\\/naturalpoland.com\\\/tr\\\/#\\\/schema\\\/logo\\\/image\\\/\",\"url\":\"https:\\\/\\\/naturalpoland.com\\\/wp-content\\\/uploads\\\/2021\\\/05\\\/natural-poland-icon.png\",\"contentUrl\":\"https:\\\/\\\/naturalpoland.com\\\/wp-content\\\/uploads\\\/2021\\\/05\\\/natural-poland-icon.png\",\"width\":512,\"height\":512,\"caption\":\"Natural Poland\"},\"image\":{\"@id\":\"https:\\\/\\\/naturalpoland.com\\\/tr\\\/#\\\/schema\\\/logo\\\/image\\\/\"},\"sameAs\":[\"https:\\\/\\\/www.facebook.com\\\/naturalpoland.b2b\",\"https:\\\/\\\/pl.linkedin.com\\\/company\\\/natural-poland\",\"https:\\\/\\\/www.youtube.com\\\/channel\\\/UCgeGGkvOMahZo-xu_MSEWxg\"]}]}<\/script>\n<!-- \/ Yoast SEO plugin. -->","yoast_head_json":{"title":"Ek\u015fi Vi\u015fne Ekstrakt\u0131 - Hurtowy Dystrybutor","description":"Prunus cerasus meyvelerinden elde edilen ek\u015fi vi\u015fne ekstrakt\u0131, takviye edici g\u0131da sekt\u00f6r\u00fcnde ilgi g\u00f6ren bir bile\u015fendir.","robots":{"index":"index","follow":"follow","max-snippet":"max-snippet:-1","max-image-preview":"max-image-preview:large","max-video-preview":"max-video-preview:-1"},"canonical":"https:\/\/naturalpoland.com\/tr\/urunler\/bitkisel-ekstraktlar\/eksi-visne-ekstrakti\/","og_locale":"tr_TR","og_type":"article","og_title":"Ek\u015fi Vi\u015fne Ekstrakt\u0131 - Hurtowy Dystrybutor","og_description":"Prunus cerasus meyvelerinden elde edilen ek\u015fi vi\u015fne ekstrakt\u0131, takviye edici g\u0131da sekt\u00f6r\u00fcnde ilgi g\u00f6ren bir bile\u015fendir.","og_url":"https:\/\/naturalpoland.com\/tr\/urunler\/bitkisel-ekstraktlar\/eksi-visne-ekstrakti\/","og_site_name":"NATURAL POLAND - Hurtowy Dystrybutor Surowc\u00f3w","article_publisher":"https:\/\/www.facebook.com\/naturalpoland.b2b","article_modified_time":"2026-02-20T15:11:54+00:00","og_image":[{"width":1024,"height":1024,"url":"https:\/\/naturalpoland.com\/wp-content\/uploads\/ekstrakt-z-wisni-kwasnej.webp","type":"image\/webp"}],"schema":{"@context":"https:\/\/schema.org","@graph":[{"@type":"WebPage","@id":"https:\/\/naturalpoland.com\/tr\/urunler\/bitkisel-ekstraktlar\/eksi-visne-ekstrakti\/","url":"https:\/\/naturalpoland.com\/tr\/urunler\/bitkisel-ekstraktlar\/eksi-visne-ekstrakti\/","name":"Ek\u015fi Vi\u015fne Ekstrakt\u0131 - Hurtowy Dystrybutor","isPartOf":{"@id":"https:\/\/naturalpoland.com\/tr\/#website"},"primaryImageOfPage":{"@id":"https:\/\/naturalpoland.com\/tr\/urunler\/bitkisel-ekstraktlar\/eksi-visne-ekstrakti\/#primaryimage"},"image":{"@id":"https:\/\/naturalpoland.com\/tr\/urunler\/bitkisel-ekstraktlar\/eksi-visne-ekstrakti\/#primaryimage"},"thumbnailUrl":"https:\/\/naturalpoland.com\/wp-content\/uploads\/ekstrakt-z-wisni-kwasnej.webp","datePublished":"2025-05-29T12:10:51+00:00","dateModified":"2026-02-20T15:11:54+00:00","description":"Prunus cerasus meyvelerinden elde edilen ek\u015fi vi\u015fne ekstrakt\u0131, takviye edici g\u0131da sekt\u00f6r\u00fcnde ilgi g\u00f6ren bir bile\u015fendir.","breadcrumb":{"@id":"https:\/\/naturalpoland.com\/tr\/urunler\/bitkisel-ekstraktlar\/eksi-visne-ekstrakti\/#breadcrumb"},"inLanguage":"tr","potentialAction":[{"@type":"ReadAction","target":["https:\/\/naturalpoland.com\/tr\/urunler\/bitkisel-ekstraktlar\/eksi-visne-ekstrakti\/"]}]},{"@type":"ImageObject","inLanguage":"tr","@id":"https:\/\/naturalpoland.com\/tr\/urunler\/bitkisel-ekstraktlar\/eksi-visne-ekstrakti\/#primaryimage","url":"https:\/\/naturalpoland.com\/wp-content\/uploads\/ekstrakt-z-wisni-kwasnej.webp","contentUrl":"https:\/\/naturalpoland.com\/wp-content\/uploads\/ekstrakt-z-wisni-kwasnej.webp","width":1024,"height":1024,"caption":"Toz Ek\u015fi Vi\u015fne Ekstrakt\u0131"},{"@type":"BreadcrumbList","@id":"https:\/\/naturalpoland.com\/tr\/urunler\/bitkisel-ekstraktlar\/eksi-visne-ekstrakti\/#breadcrumb","itemListElement":[{"@type":"ListItem","position":1,"name":"Ana Sayfa","item":"https:\/\/naturalpoland.com\/tr\/"},{"@type":"ListItem","position":2,"name":"\u00dcr\u00fcnler","item":"https:\/\/naturalpoland.com\/tr\/urunler\/"},{"@type":"ListItem","position":3,"name":"Ek\u015fi Vi\u015fne Ekstrakt\u0131"}]},{"@type":"WebSite","@id":"https:\/\/naturalpoland.com\/tr\/#website","url":"https:\/\/naturalpoland.com\/tr\/","name":"NATURAL POLAND - Hurtowy Dystrybutor Surowc\u00f3w","description":"Surowce dla przemys\u0142u spo\u017cywczego, kosmetycznego i farmaceutycznego","publisher":{"@id":"https:\/\/naturalpoland.com\/tr\/#organization"},"potentialAction":[{"@type":"SearchAction","target":{"@type":"EntryPoint","urlTemplate":"https:\/\/naturalpoland.com\/tr\/?s={search_term_string}"},"query-input":{"@type":"PropertyValueSpecification","valueRequired":true,"valueName":"search_term_string"}}],"inLanguage":"tr"},{"@type":"Organization","@id":"https:\/\/naturalpoland.com\/tr\/#organization","name":"Natural Poland","url":"https:\/\/naturalpoland.com\/tr\/","logo":{"@type":"ImageObject","inLanguage":"tr","@id":"https:\/\/naturalpoland.com\/tr\/#\/schema\/logo\/image\/","url":"https:\/\/naturalpoland.com\/wp-content\/uploads\/2021\/05\/natural-poland-icon.png","contentUrl":"https:\/\/naturalpoland.com\/wp-content\/uploads\/2021\/05\/natural-poland-icon.png","width":512,"height":512,"caption":"Natural Poland"},"image":{"@id":"https:\/\/naturalpoland.com\/tr\/#\/schema\/logo\/image\/"},"sameAs":["https:\/\/www.facebook.com\/naturalpoland.b2b","https:\/\/pl.linkedin.com\/company\/natural-poland","https:\/\/www.youtube.com\/channel\/UCgeGGkvOMahZo-xu_MSEWxg"]}]}},"_links":{"self":[{"href":"https:\/\/naturalpoland.com\/tr\/wp-json\/wp\/v2\/product\/46130","targetHints":{"allow":["GET"]}}],"collection":[{"href":"https:\/\/naturalpoland.com\/tr\/wp-json\/wp\/v2\/product"}],"about":[{"href":"https:\/\/naturalpoland.com\/tr\/wp-json\/wp\/v2\/types\/product"}],"wp:featuredmedia":[{"embeddable":true,"href":"https:\/\/naturalpoland.com\/tr\/wp-json\/wp\/v2\/media\/46131"}],"wp:attachment":[{"href":"https:\/\/naturalpoland.com\/tr\/wp-json\/wp\/v2\/media?parent=46130"}],"wp:term":[{"taxonomy":"product_brand","embeddable":true,"href":"https:\/\/naturalpoland.com\/tr\/wp-json\/wp\/v2\/product_brand?post=46130"},{"taxonomy":"product_cat","embeddable":true,"href":"https:\/\/naturalpoland.com\/tr\/wp-json\/wp\/v2\/product_cat?post=46130"},{"taxonomy":"product_tag","embeddable":true,"href":"https:\/\/naturalpoland.com\/tr\/wp-json\/wp\/v2\/product_tag?post=46130"}],"curies":[{"name":"wp","href":"https:\/\/api.w.org\/{rel}","templated":true}]}}