{"id":46132,"date":"2025-05-29T14:41:56","date_gmt":"2025-05-29T12:41:56","guid":{"rendered":"https:\/\/naturalpoland.com\/produkty\/kategorilenmemis\/sakayik-ozu\/"},"modified":"2026-02-20T16:11:59","modified_gmt":"2026-02-20T15:11:59","slug":"sakayik-ozu","status":"publish","type":"product","link":"https:\/\/naturalpoland.com\/tr\/urunler\/bitkisel-ekstraktlar\/sakayik-ozu\/","title":{"rendered":"\u015eakay\u0131k \u00d6z\u00fc"},"content":{"rendered":"<h2>\u00d6zellikler<\/h2>\n<p>\u015eakay\u0131k \u00f6z\u00fc, sar\u0131-kahverengi renkli ve karakteristik, hafif buruk kokulu ince \u00f6\u011f\u00fct\u00fclm\u00fc\u015f toz formundad\u0131r. Ta\u015f\u0131y\u0131c\u0131 olarak maltodekstrin ilavesiyle su y\u00f6ntemiyle elde edilir. <\/p>\n<p data-start=\"766\" data-end=\"1438\">Hammadde, <strong>paeoniflorin<\/strong>, <a href=\"https:\/\/naturalpoland.com\/artykuly\/produkty-naturalne\/czym-sa-i-jak-dzialaja-flawonoidy\/\"><strong>flavonoidler<\/strong><\/a>, <strong>tanenler<\/strong> ve <strong>organik asitler<\/strong> gibi bile\u015fiklerin varl\u0131\u011f\u0131 sayesinde geni\u015f bir biyolojik etki spektrumu g\u00f6sterir. Geleneksel olarak <strong>do\u011fal bir sakinle\u015ftirici<\/strong> olarak, sinirsel gerginlikleri, anksiyete durumlar\u0131n\u0131 ve adet \u00f6ncesi gerginlik (PMS) semptomlar\u0131n\u0131 hafifletmek i\u00e7in kullan\u0131l\u0131r. Ba\u011f\u0131\u015f\u0131kl\u0131k sisteminin i\u015fleyi\u015fini destekler ve organizman\u0131n enflamatuar, a\u011fr\u0131l\u0131 ve romatizmal durumlarda iyile\u015fmesine yard\u0131mc\u0131 olur. \u015eakay\u0131k ayr\u0131ca <strong>kramp \u00e7\u00f6z\u00fcc\u00fc ve \u00f6dem giderici<\/strong> etki g\u00f6sterir, bu nedenle adet rahats\u0131zl\u0131klar\u0131n\u0131n hafifletilmesinde ve dola\u015f\u0131m sorunlar\u0131nda kullan\u0131l\u0131r. Baz\u0131 ara\u015ft\u0131rmalar ayr\u0131ca n\u00f6roprotektif ve adaptojenik potansiyeline de i\u015faret etmektedir.    <\/p>\n<p data-start=\"1440\" data-end=\"1860\"><strong>Do\u011fal kozmetikte<\/strong> \u015fakay\u0131k \u00f6z\u00fc, antioksidan, ayd\u0131nlat\u0131c\u0131 ve yat\u0131\u015ft\u0131r\u0131c\u0131 \u00f6zellikleri nedeniyle de\u011fer g\u00f6r\u00fcr. Ciltteki enflamatuar durumlar\u0131 yat\u0131\u015ft\u0131rmaya, k\u0131zar\u0131kl\u0131klar\u0131 azaltmaya yard\u0131mc\u0131 olur, epidermisin koruyucu bariyerini destekler ve cildin elastikiyetini iyile\u015ftirir. Bu \u00f6zellikleri sayesinde hassas, k\u0131lcal damarl\u0131, tahri\u015f olmu\u015f ve olgun ciltler i\u00e7in form\u00fcllerde, \u00f6zellikle ya\u015flanma kar\u015f\u0131t\u0131 \u00fcr\u00fcnlerde kullan\u0131m alan\u0131 bulur.  <\/p>\n<h2 data-start=\"1862\" data-end=\"1895\">Kullan\u0131m ve G\u00fcvenlik<\/h2>\n<p data-start=\"1897\" data-end=\"1940\">\u015eakay\u0131k \u00f6z\u00fc \u015fu alanlarda kullan\u0131m bulur:<\/p>\n<ul data-start=\"1941\" data-end=\"2253\">\n<li data-start=\"1941\" data-end=\"2019\">\n<p data-start=\"1943\" data-end=\"2019\">sinir, hormonal ve ba\u011f\u0131\u015f\u0131kl\u0131k sistemini destekleyen <strong>takviye g\u0131dalarda<\/strong>;<\/p>\n<\/li>\n<li data-start=\"2020\" data-end=\"2099\">\n<p data-start=\"2022\" data-end=\"2099\"><strong>kas a\u011fr\u0131lar\u0131n\u0131<\/strong>, romatizmal a\u011fr\u0131lar\u0131 ve adet gerginliklerini hafifleten preparatlarda;<\/p>\n<\/li>\n<li data-start=\"2100\" data-end=\"2185\">\n<p data-start=\"2102\" data-end=\"2185\">y\u00fcz ve v\u00fccut i\u00e7in yat\u0131\u015ft\u0131r\u0131c\u0131, ya\u015flanma kar\u015f\u0131t\u0131 ve ayd\u0131nlat\u0131c\u0131 <strong>kozmetiklerde<\/strong>;<\/p>\n<\/li>\n<li data-start=\"2186\" data-end=\"2253\">\n<p data-start=\"2188\" data-end=\"2253\">duygusal dengeyi destekleyen ve stresi azaltan \u00fcr\u00fcnlerde.<\/p>\n<\/li>\n<\/ul>\n<p data-start=\"2255\" data-end=\"2783\" data-is-last-node=\"\" data-is-only-node=\"\">\u015eakay\u0131k y\u00fcksek g\u00fcvenlik profiline sahip bir hammadde olarak kabul edilse de, her bitkisel bile\u015fen gibi \u00f6zellikle hassas ki\u015filerde alerjik reaksiyona neden olabilir. Ka\u015f\u0131nt\u0131, d\u00f6k\u00fcnt\u00fc veya tahri\u015f gibi semptomlar \u00e7ok nadirdir, ancak i\u00e7eri\u011finde bulundu\u011fu kozmetiklerin ilk kullan\u0131m\u0131nda cilt testi yap\u0131lmas\u0131 \u00f6nerilir. A\u011f\u0131zdan takviye kullan\u0131m\u0131nda hamile kad\u0131nlar, emziren anneler ve antikoag\u00fclan ila\u00e7 kullanan ki\u015filer kullanmaya ba\u015flamadan \u00f6nce doktorlar\u0131na dan\u0131\u015fmal\u0131d\u0131r.  <\/p>\n","protected":false},"excerpt":{"rendered":"<p><strong>\u015eakay\u0131k \u00f6z\u00fc<\/strong>, <em data-start=\"132\" data-end=\"152\">Paeonia lactiflora<\/em> bitkisinin k\u00f6k\u00fcnden elde edilir. Geleneksel \u00c7in t\u0131bb\u0131nda kullan\u0131lm\u0131\u015f olup, g\u00fcn\u00fcm\u00fczde modern bitkisel preparatlarda, kozmetiklerde ve takviye g\u0131dalarda giderek daha yayg\u0131n \u015fekilde kullan\u0131lmaktad\u0131r.<\/p>\n","protected":false},"featured_media":46133,"template":"","meta":[],"product_brand":[],"product_cat":[9531],"product_tag":[],"class_list":{"0":"post-46132","1":"product","2":"type-product","3":"status-publish","4":"has-post-thumbnail","6":"product_cat-bitkisel-ekstraktlar","7":"pa_czesc-rosliny-kok","9":"first","10":"instock","11":"shipping-taxable","12":"product-type-simple"},"yoast_head":"<!-- This site is optimized with the Yoast SEO plugin v27.3 - https:\/\/yoast.com\/product\/yoast-seo-wordpress\/ -->\n<title>\u015eakay\u0131k \u00d6z\u00fc - Hurtowy Dystrybutor<\/title>\n<meta name=\"description\" content=\"Paeonia lactiflora bitkisinin k\u00f6k\u00fcnden elde edilen \u015fakay\u0131k \u00f6z\u00fc, modern bitkisel preparatlarda giderek daha yayg\u0131n kullan\u0131lan bir hammaddedir.\" \/>\n<meta name=\"robots\" content=\"index, follow, max-snippet:-1, max-image-preview:large, max-video-preview:-1\" \/>\n<link rel=\"canonical\" href=\"https:\/\/naturalpoland.com\/tr\/urunler\/bitkisel-ekstraktlar\/sakayik-ozu\/\" \/>\n<meta property=\"og:locale\" content=\"tr_TR\" \/>\n<meta property=\"og:type\" content=\"article\" \/>\n<meta property=\"og:title\" content=\"\u015eakay\u0131k \u00d6z\u00fc - Hurtowy Dystrybutor\" \/>\n<meta property=\"og:description\" content=\"Paeonia lactiflora bitkisinin k\u00f6k\u00fcnden elde edilen \u015fakay\u0131k \u00f6z\u00fc, modern bitkisel preparatlarda giderek daha yayg\u0131n kullan\u0131lan bir hammaddedir.\" \/>\n<meta property=\"og:url\" content=\"https:\/\/naturalpoland.com\/tr\/urunler\/bitkisel-ekstraktlar\/sakayik-ozu\/\" \/>\n<meta property=\"og:site_name\" content=\"NATURAL POLAND - Hurtowy Dystrybutor Surowc\u00f3w\" \/>\n<meta property=\"article:publisher\" content=\"https:\/\/www.facebook.com\/naturalpoland.b2b\" \/>\n<meta property=\"article:modified_time\" content=\"2026-02-20T15:11:59+00:00\" \/>\n<meta property=\"og:image\" content=\"https:\/\/naturalpoland.com\/wp-content\/uploads\/ekstrakt-z-piwoni.webp\" \/>\n\t<meta property=\"og:image:width\" content=\"1024\" \/>\n\t<meta property=\"og:image:height\" content=\"1024\" \/>\n\t<meta property=\"og:image:type\" content=\"image\/webp\" \/>\n<script type=\"application\/ld+json\" class=\"yoast-schema-graph\">{\"@context\":\"https:\\\/\\\/schema.org\",\"@graph\":[{\"@type\":\"WebPage\",\"@id\":\"https:\\\/\\\/naturalpoland.com\\\/tr\\\/urunler\\\/bitkisel-ekstraktlar\\\/sakayik-ozu\\\/\",\"url\":\"https:\\\/\\\/naturalpoland.com\\\/tr\\\/urunler\\\/bitkisel-ekstraktlar\\\/sakayik-ozu\\\/\",\"name\":\"\u015eakay\u0131k \u00d6z\u00fc - Hurtowy Dystrybutor\",\"isPartOf\":{\"@id\":\"https:\\\/\\\/naturalpoland.com\\\/tr\\\/#website\"},\"primaryImageOfPage\":{\"@id\":\"https:\\\/\\\/naturalpoland.com\\\/tr\\\/urunler\\\/bitkisel-ekstraktlar\\\/sakayik-ozu\\\/#primaryimage\"},\"image\":{\"@id\":\"https:\\\/\\\/naturalpoland.com\\\/tr\\\/urunler\\\/bitkisel-ekstraktlar\\\/sakayik-ozu\\\/#primaryimage\"},\"thumbnailUrl\":\"https:\\\/\\\/naturalpoland.com\\\/wp-content\\\/uploads\\\/ekstrakt-z-piwoni.webp\",\"datePublished\":\"2025-05-29T12:41:56+00:00\",\"dateModified\":\"2026-02-20T15:11:59+00:00\",\"description\":\"Paeonia lactiflora bitkisinin k\u00f6k\u00fcnden elde edilen \u015fakay\u0131k \u00f6z\u00fc, modern bitkisel preparatlarda giderek daha yayg\u0131n kullan\u0131lan bir hammaddedir.\",\"breadcrumb\":{\"@id\":\"https:\\\/\\\/naturalpoland.com\\\/tr\\\/urunler\\\/bitkisel-ekstraktlar\\\/sakayik-ozu\\\/#breadcrumb\"},\"inLanguage\":\"tr\",\"potentialAction\":[{\"@type\":\"ReadAction\",\"target\":[\"https:\\\/\\\/naturalpoland.com\\\/tr\\\/urunler\\\/bitkisel-ekstraktlar\\\/sakayik-ozu\\\/\"]}]},{\"@type\":\"ImageObject\",\"inLanguage\":\"tr\",\"@id\":\"https:\\\/\\\/naturalpoland.com\\\/tr\\\/urunler\\\/bitkisel-ekstraktlar\\\/sakayik-ozu\\\/#primaryimage\",\"url\":\"https:\\\/\\\/naturalpoland.com\\\/wp-content\\\/uploads\\\/ekstrakt-z-piwoni.webp\",\"contentUrl\":\"https:\\\/\\\/naturalpoland.com\\\/wp-content\\\/uploads\\\/ekstrakt-z-piwoni.webp\",\"width\":1024,\"height\":1024,\"caption\":\"Toz \u015fakay\u0131k k\u00f6k\u00fc \u00f6z\u00fc\"},{\"@type\":\"BreadcrumbList\",\"@id\":\"https:\\\/\\\/naturalpoland.com\\\/tr\\\/urunler\\\/bitkisel-ekstraktlar\\\/sakayik-ozu\\\/#breadcrumb\",\"itemListElement\":[{\"@type\":\"ListItem\",\"position\":1,\"name\":\"Ana Sayfa\",\"item\":\"https:\\\/\\\/naturalpoland.com\\\/tr\\\/\"},{\"@type\":\"ListItem\",\"position\":2,\"name\":\"\u00dcr\u00fcnler\",\"item\":\"https:\\\/\\\/naturalpoland.com\\\/tr\\\/urunler\\\/\"},{\"@type\":\"ListItem\",\"position\":3,\"name\":\"\u015eakay\u0131k \u00d6z\u00fc\"}]},{\"@type\":\"WebSite\",\"@id\":\"https:\\\/\\\/naturalpoland.com\\\/tr\\\/#website\",\"url\":\"https:\\\/\\\/naturalpoland.com\\\/tr\\\/\",\"name\":\"NATURAL POLAND - Hurtowy Dystrybutor Surowc\u00f3w\",\"description\":\"Surowce dla przemys\u0142u spo\u017cywczego, kosmetycznego i farmaceutycznego\",\"publisher\":{\"@id\":\"https:\\\/\\\/naturalpoland.com\\\/tr\\\/#organization\"},\"potentialAction\":[{\"@type\":\"SearchAction\",\"target\":{\"@type\":\"EntryPoint\",\"urlTemplate\":\"https:\\\/\\\/naturalpoland.com\\\/tr\\\/?s={search_term_string}\"},\"query-input\":{\"@type\":\"PropertyValueSpecification\",\"valueRequired\":true,\"valueName\":\"search_term_string\"}}],\"inLanguage\":\"tr\"},{\"@type\":\"Organization\",\"@id\":\"https:\\\/\\\/naturalpoland.com\\\/tr\\\/#organization\",\"name\":\"Natural Poland\",\"url\":\"https:\\\/\\\/naturalpoland.com\\\/tr\\\/\",\"logo\":{\"@type\":\"ImageObject\",\"inLanguage\":\"tr\",\"@id\":\"https:\\\/\\\/naturalpoland.com\\\/tr\\\/#\\\/schema\\\/logo\\\/image\\\/\",\"url\":\"https:\\\/\\\/naturalpoland.com\\\/wp-content\\\/uploads\\\/2021\\\/05\\\/natural-poland-icon.png\",\"contentUrl\":\"https:\\\/\\\/naturalpoland.com\\\/wp-content\\\/uploads\\\/2021\\\/05\\\/natural-poland-icon.png\",\"width\":512,\"height\":512,\"caption\":\"Natural Poland\"},\"image\":{\"@id\":\"https:\\\/\\\/naturalpoland.com\\\/tr\\\/#\\\/schema\\\/logo\\\/image\\\/\"},\"sameAs\":[\"https:\\\/\\\/www.facebook.com\\\/naturalpoland.b2b\",\"https:\\\/\\\/pl.linkedin.com\\\/company\\\/natural-poland\",\"https:\\\/\\\/www.youtube.com\\\/channel\\\/UCgeGGkvOMahZo-xu_MSEWxg\"]}]}<\/script>\n<!-- \/ Yoast SEO plugin. -->","yoast_head_json":{"title":"\u015eakay\u0131k \u00d6z\u00fc - Hurtowy Dystrybutor","description":"Paeonia lactiflora bitkisinin k\u00f6k\u00fcnden elde edilen \u015fakay\u0131k \u00f6z\u00fc, modern bitkisel preparatlarda giderek daha yayg\u0131n kullan\u0131lan bir hammaddedir.","robots":{"index":"index","follow":"follow","max-snippet":"max-snippet:-1","max-image-preview":"max-image-preview:large","max-video-preview":"max-video-preview:-1"},"canonical":"https:\/\/naturalpoland.com\/tr\/urunler\/bitkisel-ekstraktlar\/sakayik-ozu\/","og_locale":"tr_TR","og_type":"article","og_title":"\u015eakay\u0131k \u00d6z\u00fc - Hurtowy Dystrybutor","og_description":"Paeonia lactiflora bitkisinin k\u00f6k\u00fcnden elde edilen \u015fakay\u0131k \u00f6z\u00fc, modern bitkisel preparatlarda giderek daha yayg\u0131n kullan\u0131lan bir hammaddedir.","og_url":"https:\/\/naturalpoland.com\/tr\/urunler\/bitkisel-ekstraktlar\/sakayik-ozu\/","og_site_name":"NATURAL POLAND - Hurtowy Dystrybutor Surowc\u00f3w","article_publisher":"https:\/\/www.facebook.com\/naturalpoland.b2b","article_modified_time":"2026-02-20T15:11:59+00:00","og_image":[{"width":1024,"height":1024,"url":"https:\/\/naturalpoland.com\/wp-content\/uploads\/ekstrakt-z-piwoni.webp","type":"image\/webp"}],"schema":{"@context":"https:\/\/schema.org","@graph":[{"@type":"WebPage","@id":"https:\/\/naturalpoland.com\/tr\/urunler\/bitkisel-ekstraktlar\/sakayik-ozu\/","url":"https:\/\/naturalpoland.com\/tr\/urunler\/bitkisel-ekstraktlar\/sakayik-ozu\/","name":"\u015eakay\u0131k \u00d6z\u00fc - Hurtowy Dystrybutor","isPartOf":{"@id":"https:\/\/naturalpoland.com\/tr\/#website"},"primaryImageOfPage":{"@id":"https:\/\/naturalpoland.com\/tr\/urunler\/bitkisel-ekstraktlar\/sakayik-ozu\/#primaryimage"},"image":{"@id":"https:\/\/naturalpoland.com\/tr\/urunler\/bitkisel-ekstraktlar\/sakayik-ozu\/#primaryimage"},"thumbnailUrl":"https:\/\/naturalpoland.com\/wp-content\/uploads\/ekstrakt-z-piwoni.webp","datePublished":"2025-05-29T12:41:56+00:00","dateModified":"2026-02-20T15:11:59+00:00","description":"Paeonia lactiflora bitkisinin k\u00f6k\u00fcnden elde edilen \u015fakay\u0131k \u00f6z\u00fc, modern bitkisel preparatlarda giderek daha yayg\u0131n kullan\u0131lan bir hammaddedir.","breadcrumb":{"@id":"https:\/\/naturalpoland.com\/tr\/urunler\/bitkisel-ekstraktlar\/sakayik-ozu\/#breadcrumb"},"inLanguage":"tr","potentialAction":[{"@type":"ReadAction","target":["https:\/\/naturalpoland.com\/tr\/urunler\/bitkisel-ekstraktlar\/sakayik-ozu\/"]}]},{"@type":"ImageObject","inLanguage":"tr","@id":"https:\/\/naturalpoland.com\/tr\/urunler\/bitkisel-ekstraktlar\/sakayik-ozu\/#primaryimage","url":"https:\/\/naturalpoland.com\/wp-content\/uploads\/ekstrakt-z-piwoni.webp","contentUrl":"https:\/\/naturalpoland.com\/wp-content\/uploads\/ekstrakt-z-piwoni.webp","width":1024,"height":1024,"caption":"Toz \u015fakay\u0131k k\u00f6k\u00fc \u00f6z\u00fc"},{"@type":"BreadcrumbList","@id":"https:\/\/naturalpoland.com\/tr\/urunler\/bitkisel-ekstraktlar\/sakayik-ozu\/#breadcrumb","itemListElement":[{"@type":"ListItem","position":1,"name":"Ana Sayfa","item":"https:\/\/naturalpoland.com\/tr\/"},{"@type":"ListItem","position":2,"name":"\u00dcr\u00fcnler","item":"https:\/\/naturalpoland.com\/tr\/urunler\/"},{"@type":"ListItem","position":3,"name":"\u015eakay\u0131k \u00d6z\u00fc"}]},{"@type":"WebSite","@id":"https:\/\/naturalpoland.com\/tr\/#website","url":"https:\/\/naturalpoland.com\/tr\/","name":"NATURAL POLAND - Hurtowy Dystrybutor Surowc\u00f3w","description":"Surowce dla przemys\u0142u spo\u017cywczego, kosmetycznego i farmaceutycznego","publisher":{"@id":"https:\/\/naturalpoland.com\/tr\/#organization"},"potentialAction":[{"@type":"SearchAction","target":{"@type":"EntryPoint","urlTemplate":"https:\/\/naturalpoland.com\/tr\/?s={search_term_string}"},"query-input":{"@type":"PropertyValueSpecification","valueRequired":true,"valueName":"search_term_string"}}],"inLanguage":"tr"},{"@type":"Organization","@id":"https:\/\/naturalpoland.com\/tr\/#organization","name":"Natural Poland","url":"https:\/\/naturalpoland.com\/tr\/","logo":{"@type":"ImageObject","inLanguage":"tr","@id":"https:\/\/naturalpoland.com\/tr\/#\/schema\/logo\/image\/","url":"https:\/\/naturalpoland.com\/wp-content\/uploads\/2021\/05\/natural-poland-icon.png","contentUrl":"https:\/\/naturalpoland.com\/wp-content\/uploads\/2021\/05\/natural-poland-icon.png","width":512,"height":512,"caption":"Natural Poland"},"image":{"@id":"https:\/\/naturalpoland.com\/tr\/#\/schema\/logo\/image\/"},"sameAs":["https:\/\/www.facebook.com\/naturalpoland.b2b","https:\/\/pl.linkedin.com\/company\/natural-poland","https:\/\/www.youtube.com\/channel\/UCgeGGkvOMahZo-xu_MSEWxg"]}]}},"_links":{"self":[{"href":"https:\/\/naturalpoland.com\/tr\/wp-json\/wp\/v2\/product\/46132","targetHints":{"allow":["GET"]}}],"collection":[{"href":"https:\/\/naturalpoland.com\/tr\/wp-json\/wp\/v2\/product"}],"about":[{"href":"https:\/\/naturalpoland.com\/tr\/wp-json\/wp\/v2\/types\/product"}],"wp:featuredmedia":[{"embeddable":true,"href":"https:\/\/naturalpoland.com\/tr\/wp-json\/wp\/v2\/media\/46133"}],"wp:attachment":[{"href":"https:\/\/naturalpoland.com\/tr\/wp-json\/wp\/v2\/media?parent=46132"}],"wp:term":[{"taxonomy":"product_brand","embeddable":true,"href":"https:\/\/naturalpoland.com\/tr\/wp-json\/wp\/v2\/product_brand?post=46132"},{"taxonomy":"product_cat","embeddable":true,"href":"https:\/\/naturalpoland.com\/tr\/wp-json\/wp\/v2\/product_cat?post=46132"},{"taxonomy":"product_tag","embeddable":true,"href":"https:\/\/naturalpoland.com\/tr\/wp-json\/wp\/v2\/product_tag?post=46132"}],"curies":[{"name":"wp","href":"https:\/\/api.w.org\/{rel}","templated":true}]}}