{"id":46182,"date":"2024-11-21T14:34:56","date_gmt":"2024-11-21T13:34:56","guid":{"rendered":"https:\/\/naturalpoland.com\/produkty\/kategorilenmemis\/l-selenometiyonin\/"},"modified":"2026-02-25T17:13:32","modified_gmt":"2026-02-25T16:13:32","slug":"l-selenometiyonin","status":"publish","type":"product","link":"https:\/\/naturalpoland.com\/tr\/urunler\/farmasotik-hammaddeler\/takviye-edici-gida-bilesenleri\/l-selenometiyonin\/","title":{"rendered":"L-Selenometiyonin"},"content":{"rendered":"<h2>\u00d6zellikler<\/h2>\n<p>L-Selenometiyonin, olduk\u00e7a etkili bir selenyum kayna\u011f\u0131d\u0131r. \u00dcr\u00fcn suda \u00e7\u00f6z\u00fcn\u00fcr oldu\u011fundan, \u00e7e\u015fitli farmas\u00f6tik preparatlara ve takviyelere kolayca dahil edilebilir. \u00dcr\u00fcn GDO i\u00e7ermez.  <\/p>\n<h2>Kullan\u0131m alanlar\u0131<\/h2>\n<p>L-Selenometiyonin, biyoyararl\u0131 selenyumun m\u00fckemmel bir kayna\u011f\u0131 olup, onu <strong>besin takviyeleri<\/strong> i\u00e7in ideal bir bile\u015fen haline getirir. Ba\u011f\u0131\u015f\u0131kl\u0131k sistemi fonksiyonlar\u0131n\u0131 destekler, antioksidan etki g\u00f6sterir ve h\u00fccrelerin oksidatif strese kar\u015f\u0131 korunmas\u0131na yard\u0131mc\u0131 olur. Ayr\u0131ca selenyum eksikli\u011fi tedavisinde kullan\u0131l\u0131r, tiroid fonksiyonlar\u0131n\u0131 ve dola\u015f\u0131m sisteminin \u00e7al\u0131\u015fmas\u0131n\u0131 destekler. \u00dcr\u00fcn, v\u00fccudun d\u00fczg\u00fcn \u00e7al\u0131\u015fmas\u0131 i\u00e7in gerekli olan selenyum ile g\u0131dalar\u0131 zenginle\u015ftirmek amac\u0131yla <strong>fonksiyonel g\u0131dalarda<\/strong> da kullan\u0131labilir.   <\/p>\n","protected":false},"excerpt":{"rendered":"<p>L-Selenometiyonin, bitkisel proteinlerde bulunan do\u011fal bir selenyum formu olan organik bir kimyasal bile\u015fiktir. Besin takviyelerinde, farmas\u00f6tiklerde ve ba\u011f\u0131\u015f\u0131kl\u0131\u011f\u0131 ile sa\u011fl\u0131\u011f\u0131 g\u00fc\u00e7lendiren \u00fcr\u00fcnlerde yayg\u0131n olarak kullan\u0131l\u0131r. A\u00e7\u0131k sar\u0131dan beyaza kadar de\u011fi\u015fen hafif toz formundaki \u00fcr\u00fcn, detayl\u0131 analitik testlerle do\u011frulanan y\u00fcksek safl\u0131k ve kaliteye sahiptir.  <\/p>\n","protected":false},"featured_media":46183,"template":"","meta":{"_acf_changed":false},"product_brand":[],"product_cat":[9540],"product_tag":[],"class_list":{"0":"post-46182","1":"product","2":"type-product","3":"status-publish","4":"has-post-thumbnail","6":"product_cat-takviye-edici-gida-bilesenleri","8":"first","9":"instock","10":"shipping-taxable","11":"product-type-simple"},"acf":[],"yoast_head":"<!-- This site is optimized with the Yoast SEO plugin v27.5 - https:\/\/yoast.com\/product\/yoast-seo-wordpress\/ -->\n<title>L-Selenometiyonin - Toptan Hammadde Da\u011f\u0131t\u0131c\u0131s\u0131<\/title>\n<meta name=\"description\" content=\"L-Selenometiyonin, farmas\u00f6tik ve takviye end\u00fcstrisinde geni\u015f kullan\u0131m alan\u0131na sahip, y\u00fcksek biyoyararl\u0131 ve stabil bir selenyum kayna\u011f\u0131d\u0131r.\" \/>\n<meta name=\"robots\" content=\"index, follow, max-snippet:-1, max-image-preview:large, max-video-preview:-1\" \/>\n<link rel=\"canonical\" href=\"https:\/\/naturalpoland.com\/tr\/urunler\/farmasotik-hammaddeler\/takviye-edici-gida-bilesenleri\/l-selenometiyonin\/\" \/>\n<meta property=\"og:locale\" content=\"tr_TR\" \/>\n<meta property=\"og:type\" content=\"article\" \/>\n<meta property=\"og:title\" content=\"L-Selenometiyonin - Toptan Hammadde Da\u011f\u0131t\u0131c\u0131s\u0131\" \/>\n<meta property=\"og:description\" content=\"L-Selenometiyonin, farmas\u00f6tik ve takviye end\u00fcstrisinde geni\u015f kullan\u0131m alan\u0131na sahip, y\u00fcksek biyoyararl\u0131 ve stabil bir selenyum kayna\u011f\u0131d\u0131r.\" \/>\n<meta property=\"og:url\" content=\"https:\/\/naturalpoland.com\/tr\/urunler\/farmasotik-hammaddeler\/takviye-edici-gida-bilesenleri\/l-selenometiyonin\/\" \/>\n<meta property=\"og:site_name\" content=\"NATURAL POLAND - Hurtowy Dystrybutor Surowc\u00f3w\" \/>\n<meta property=\"article:publisher\" content=\"https:\/\/www.facebook.com\/naturalpoland.b2b\" \/>\n<meta property=\"article:modified_time\" content=\"2026-02-25T16:13:32+00:00\" \/>\n<meta property=\"og:image\" content=\"https:\/\/naturalpoland.com\/wp-content\/uploads\/l-selenometionina.webp\" \/>\n\t<meta property=\"og:image:width\" content=\"614\" \/>\n\t<meta property=\"og:image:height\" content=\"614\" \/>\n\t<meta property=\"og:image:type\" content=\"image\/webp\" \/>\n<script type=\"application\/ld+json\" class=\"yoast-schema-graph\">{\"@context\":\"https:\\\/\\\/schema.org\",\"@graph\":[{\"@type\":\"WebPage\",\"@id\":\"https:\\\/\\\/naturalpoland.com\\\/tr\\\/urunler\\\/farmasotik-hammaddeler\\\/takviye-edici-gida-bilesenleri\\\/l-selenometiyonin\\\/\",\"url\":\"https:\\\/\\\/naturalpoland.com\\\/tr\\\/urunler\\\/farmasotik-hammaddeler\\\/takviye-edici-gida-bilesenleri\\\/l-selenometiyonin\\\/\",\"name\":\"L-Selenometiyonin - Toptan Hammadde Da\u011f\u0131t\u0131c\u0131s\u0131\",\"isPartOf\":{\"@id\":\"https:\\\/\\\/naturalpoland.com\\\/tr\\\/#website\"},\"primaryImageOfPage\":{\"@id\":\"https:\\\/\\\/naturalpoland.com\\\/tr\\\/urunler\\\/farmasotik-hammaddeler\\\/takviye-edici-gida-bilesenleri\\\/l-selenometiyonin\\\/#primaryimage\"},\"image\":{\"@id\":\"https:\\\/\\\/naturalpoland.com\\\/tr\\\/urunler\\\/farmasotik-hammaddeler\\\/takviye-edici-gida-bilesenleri\\\/l-selenometiyonin\\\/#primaryimage\"},\"thumbnailUrl\":\"https:\\\/\\\/naturalpoland.com\\\/wp-content\\\/uploads\\\/l-selenometionina.webp\",\"datePublished\":\"2024-11-21T13:34:56+00:00\",\"dateModified\":\"2026-02-25T16:13:32+00:00\",\"description\":\"L-Selenometiyonin, farmas\u00f6tik ve takviye end\u00fcstrisinde geni\u015f kullan\u0131m alan\u0131na sahip, y\u00fcksek biyoyararl\u0131 ve stabil bir selenyum kayna\u011f\u0131d\u0131r.\",\"breadcrumb\":{\"@id\":\"https:\\\/\\\/naturalpoland.com\\\/tr\\\/urunler\\\/farmasotik-hammaddeler\\\/takviye-edici-gida-bilesenleri\\\/l-selenometiyonin\\\/#breadcrumb\"},\"inLanguage\":\"tr\",\"potentialAction\":[{\"@type\":\"ReadAction\",\"target\":[\"https:\\\/\\\/naturalpoland.com\\\/tr\\\/urunler\\\/farmasotik-hammaddeler\\\/takviye-edici-gida-bilesenleri\\\/l-selenometiyonin\\\/\"]}]},{\"@type\":\"ImageObject\",\"inLanguage\":\"tr\",\"@id\":\"https:\\\/\\\/naturalpoland.com\\\/tr\\\/urunler\\\/farmasotik-hammaddeler\\\/takviye-edici-gida-bilesenleri\\\/l-selenometiyonin\\\/#primaryimage\",\"url\":\"https:\\\/\\\/naturalpoland.com\\\/wp-content\\\/uploads\\\/l-selenometionina.webp\",\"contentUrl\":\"https:\\\/\\\/naturalpoland.com\\\/wp-content\\\/uploads\\\/l-selenometionina.webp\",\"width\":614,\"height\":614,\"caption\":\"L-Selenometiyonin\"},{\"@type\":\"BreadcrumbList\",\"@id\":\"https:\\\/\\\/naturalpoland.com\\\/tr\\\/urunler\\\/farmasotik-hammaddeler\\\/takviye-edici-gida-bilesenleri\\\/l-selenometiyonin\\\/#breadcrumb\",\"itemListElement\":[{\"@type\":\"ListItem\",\"position\":1,\"name\":\"Ana Sayfa\",\"item\":\"https:\\\/\\\/naturalpoland.com\\\/tr\\\/\"},{\"@type\":\"ListItem\",\"position\":2,\"name\":\"\u00dcr\u00fcnler\",\"item\":\"https:\\\/\\\/naturalpoland.com\\\/tr\\\/urunler\\\/\"},{\"@type\":\"ListItem\",\"position\":3,\"name\":\"L-Selenometiyonin\"}]},{\"@type\":\"WebSite\",\"@id\":\"https:\\\/\\\/naturalpoland.com\\\/tr\\\/#website\",\"url\":\"https:\\\/\\\/naturalpoland.com\\\/tr\\\/\",\"name\":\"NATURAL POLAND - Hurtowy Dystrybutor Surowc\u00f3w\",\"description\":\"Surowce dla przemys\u0142u spo\u017cywczego, kosmetycznego i farmaceutycznego\",\"publisher\":{\"@id\":\"https:\\\/\\\/naturalpoland.com\\\/tr\\\/#organization\"},\"potentialAction\":[{\"@type\":\"SearchAction\",\"target\":{\"@type\":\"EntryPoint\",\"urlTemplate\":\"https:\\\/\\\/naturalpoland.com\\\/tr\\\/?s={search_term_string}\"},\"query-input\":{\"@type\":\"PropertyValueSpecification\",\"valueRequired\":true,\"valueName\":\"search_term_string\"}}],\"inLanguage\":\"tr\"},{\"@type\":\"Organization\",\"@id\":\"https:\\\/\\\/naturalpoland.com\\\/tr\\\/#organization\",\"name\":\"Natural Poland\",\"url\":\"https:\\\/\\\/naturalpoland.com\\\/tr\\\/\",\"logo\":{\"@type\":\"ImageObject\",\"inLanguage\":\"tr\",\"@id\":\"https:\\\/\\\/naturalpoland.com\\\/tr\\\/#\\\/schema\\\/logo\\\/image\\\/\",\"url\":\"https:\\\/\\\/naturalpoland.com\\\/wp-content\\\/uploads\\\/2021\\\/05\\\/natural-poland-icon.png\",\"contentUrl\":\"https:\\\/\\\/naturalpoland.com\\\/wp-content\\\/uploads\\\/2021\\\/05\\\/natural-poland-icon.png\",\"width\":512,\"height\":512,\"caption\":\"Natural Poland\"},\"image\":{\"@id\":\"https:\\\/\\\/naturalpoland.com\\\/tr\\\/#\\\/schema\\\/logo\\\/image\\\/\"},\"sameAs\":[\"https:\\\/\\\/www.facebook.com\\\/naturalpoland.b2b\",\"https:\\\/\\\/pl.linkedin.com\\\/company\\\/natural-poland\",\"https:\\\/\\\/www.youtube.com\\\/channel\\\/UCgeGGkvOMahZo-xu_MSEWxg\"]}]}<\/script>\n<!-- \/ Yoast SEO plugin. -->","yoast_head_json":{"title":"L-Selenometiyonin - Toptan Hammadde Da\u011f\u0131t\u0131c\u0131s\u0131","description":"L-Selenometiyonin, farmas\u00f6tik ve takviye end\u00fcstrisinde geni\u015f kullan\u0131m alan\u0131na sahip, y\u00fcksek biyoyararl\u0131 ve stabil bir selenyum kayna\u011f\u0131d\u0131r.","robots":{"index":"index","follow":"follow","max-snippet":"max-snippet:-1","max-image-preview":"max-image-preview:large","max-video-preview":"max-video-preview:-1"},"canonical":"https:\/\/naturalpoland.com\/tr\/urunler\/farmasotik-hammaddeler\/takviye-edici-gida-bilesenleri\/l-selenometiyonin\/","og_locale":"tr_TR","og_type":"article","og_title":"L-Selenometiyonin - Toptan Hammadde Da\u011f\u0131t\u0131c\u0131s\u0131","og_description":"L-Selenometiyonin, farmas\u00f6tik ve takviye end\u00fcstrisinde geni\u015f kullan\u0131m alan\u0131na sahip, y\u00fcksek biyoyararl\u0131 ve stabil bir selenyum kayna\u011f\u0131d\u0131r.","og_url":"https:\/\/naturalpoland.com\/tr\/urunler\/farmasotik-hammaddeler\/takviye-edici-gida-bilesenleri\/l-selenometiyonin\/","og_site_name":"NATURAL POLAND - Hurtowy Dystrybutor Surowc\u00f3w","article_publisher":"https:\/\/www.facebook.com\/naturalpoland.b2b","article_modified_time":"2026-02-25T16:13:32+00:00","og_image":[{"width":614,"height":614,"url":"https:\/\/naturalpoland.com\/wp-content\/uploads\/l-selenometionina.webp","type":"image\/webp"}],"schema":{"@context":"https:\/\/schema.org","@graph":[{"@type":"WebPage","@id":"https:\/\/naturalpoland.com\/tr\/urunler\/farmasotik-hammaddeler\/takviye-edici-gida-bilesenleri\/l-selenometiyonin\/","url":"https:\/\/naturalpoland.com\/tr\/urunler\/farmasotik-hammaddeler\/takviye-edici-gida-bilesenleri\/l-selenometiyonin\/","name":"L-Selenometiyonin - Toptan Hammadde Da\u011f\u0131t\u0131c\u0131s\u0131","isPartOf":{"@id":"https:\/\/naturalpoland.com\/tr\/#website"},"primaryImageOfPage":{"@id":"https:\/\/naturalpoland.com\/tr\/urunler\/farmasotik-hammaddeler\/takviye-edici-gida-bilesenleri\/l-selenometiyonin\/#primaryimage"},"image":{"@id":"https:\/\/naturalpoland.com\/tr\/urunler\/farmasotik-hammaddeler\/takviye-edici-gida-bilesenleri\/l-selenometiyonin\/#primaryimage"},"thumbnailUrl":"https:\/\/naturalpoland.com\/wp-content\/uploads\/l-selenometionina.webp","datePublished":"2024-11-21T13:34:56+00:00","dateModified":"2026-02-25T16:13:32+00:00","description":"L-Selenometiyonin, farmas\u00f6tik ve takviye end\u00fcstrisinde geni\u015f kullan\u0131m alan\u0131na sahip, y\u00fcksek biyoyararl\u0131 ve stabil bir selenyum kayna\u011f\u0131d\u0131r.","breadcrumb":{"@id":"https:\/\/naturalpoland.com\/tr\/urunler\/farmasotik-hammaddeler\/takviye-edici-gida-bilesenleri\/l-selenometiyonin\/#breadcrumb"},"inLanguage":"tr","potentialAction":[{"@type":"ReadAction","target":["https:\/\/naturalpoland.com\/tr\/urunler\/farmasotik-hammaddeler\/takviye-edici-gida-bilesenleri\/l-selenometiyonin\/"]}]},{"@type":"ImageObject","inLanguage":"tr","@id":"https:\/\/naturalpoland.com\/tr\/urunler\/farmasotik-hammaddeler\/takviye-edici-gida-bilesenleri\/l-selenometiyonin\/#primaryimage","url":"https:\/\/naturalpoland.com\/wp-content\/uploads\/l-selenometionina.webp","contentUrl":"https:\/\/naturalpoland.com\/wp-content\/uploads\/l-selenometionina.webp","width":614,"height":614,"caption":"L-Selenometiyonin"},{"@type":"BreadcrumbList","@id":"https:\/\/naturalpoland.com\/tr\/urunler\/farmasotik-hammaddeler\/takviye-edici-gida-bilesenleri\/l-selenometiyonin\/#breadcrumb","itemListElement":[{"@type":"ListItem","position":1,"name":"Ana Sayfa","item":"https:\/\/naturalpoland.com\/tr\/"},{"@type":"ListItem","position":2,"name":"\u00dcr\u00fcnler","item":"https:\/\/naturalpoland.com\/tr\/urunler\/"},{"@type":"ListItem","position":3,"name":"L-Selenometiyonin"}]},{"@type":"WebSite","@id":"https:\/\/naturalpoland.com\/tr\/#website","url":"https:\/\/naturalpoland.com\/tr\/","name":"NATURAL POLAND - Hurtowy Dystrybutor Surowc\u00f3w","description":"Surowce dla przemys\u0142u spo\u017cywczego, kosmetycznego i farmaceutycznego","publisher":{"@id":"https:\/\/naturalpoland.com\/tr\/#organization"},"potentialAction":[{"@type":"SearchAction","target":{"@type":"EntryPoint","urlTemplate":"https:\/\/naturalpoland.com\/tr\/?s={search_term_string}"},"query-input":{"@type":"PropertyValueSpecification","valueRequired":true,"valueName":"search_term_string"}}],"inLanguage":"tr"},{"@type":"Organization","@id":"https:\/\/naturalpoland.com\/tr\/#organization","name":"Natural Poland","url":"https:\/\/naturalpoland.com\/tr\/","logo":{"@type":"ImageObject","inLanguage":"tr","@id":"https:\/\/naturalpoland.com\/tr\/#\/schema\/logo\/image\/","url":"https:\/\/naturalpoland.com\/wp-content\/uploads\/2021\/05\/natural-poland-icon.png","contentUrl":"https:\/\/naturalpoland.com\/wp-content\/uploads\/2021\/05\/natural-poland-icon.png","width":512,"height":512,"caption":"Natural Poland"},"image":{"@id":"https:\/\/naturalpoland.com\/tr\/#\/schema\/logo\/image\/"},"sameAs":["https:\/\/www.facebook.com\/naturalpoland.b2b","https:\/\/pl.linkedin.com\/company\/natural-poland","https:\/\/www.youtube.com\/channel\/UCgeGGkvOMahZo-xu_MSEWxg"]}]}},"_links":{"self":[{"href":"https:\/\/naturalpoland.com\/tr\/wp-json\/wp\/v2\/product\/46182","targetHints":{"allow":["GET"]}}],"collection":[{"href":"https:\/\/naturalpoland.com\/tr\/wp-json\/wp\/v2\/product"}],"about":[{"href":"https:\/\/naturalpoland.com\/tr\/wp-json\/wp\/v2\/types\/product"}],"wp:featuredmedia":[{"embeddable":true,"href":"https:\/\/naturalpoland.com\/tr\/wp-json\/wp\/v2\/media\/46183"}],"wp:attachment":[{"href":"https:\/\/naturalpoland.com\/tr\/wp-json\/wp\/v2\/media?parent=46182"}],"wp:term":[{"taxonomy":"product_brand","embeddable":true,"href":"https:\/\/naturalpoland.com\/tr\/wp-json\/wp\/v2\/product_brand?post=46182"},{"taxonomy":"product_cat","embeddable":true,"href":"https:\/\/naturalpoland.com\/tr\/wp-json\/wp\/v2\/product_cat?post=46182"},{"taxonomy":"product_tag","embeddable":true,"href":"https:\/\/naturalpoland.com\/tr\/wp-json\/wp\/v2\/product_tag?post=46182"}],"curies":[{"name":"wp","href":"https:\/\/api.w.org\/{rel}","templated":true}]}}