{"id":46184,"date":"2024-10-18T10:45:33","date_gmt":"2024-10-18T08:45:33","guid":{"rendered":"https:\/\/naturalpoland.com\/produkty\/kategorilenmemis\/neroli-yagi\/"},"modified":"2026-02-25T17:13:53","modified_gmt":"2026-02-25T16:13:53","slug":"neroli-yagi","status":"publish","type":"product","link":"https:\/\/naturalpoland.com\/tr\/urunler\/kozmetik-hammaddeleri\/ucucu-yaglar\/neroli-yagi\/","title":{"rendered":"Neroli Ya\u011f\u0131"},"content":{"rendered":"<h2>Ac\u0131 portakal \u00e7i\u00e7e\u011fi ya\u011f\u0131n\u0131n \u00f6zellikleri<\/h2>\n<p>Neroli ya\u011f\u0131, <strong>rahatlama ve stres azaltmada<\/strong> kullan\u0131l\u0131r. Yo\u011fun, tatl\u0131 kokusu zihni sakinle\u015ftirmeye, sinirsel gerginli\u011fi gidermeye ve duygusal dengeyi yeniden sa\u011flamaya yard\u0131mc\u0131 olur. Bir ta\u015f\u0131y\u0131c\u0131 ya\u011f ile birlikte kullan\u0131ld\u0131\u011f\u0131nda, kaslar\u0131 gev\u015feten, yenileyen ve dola\u015f\u0131m\u0131 iyile\u015ftiren rahatlat\u0131c\u0131 bir masaj i\u00e7in kullan\u0131labilir.  <\/p>\n<p>Ya\u011f\u0131n solunmas\u0131, mutluluk hormonu olan serotonin \u00fcretimini destekleyebilir ve uykuya dalmay\u0131 kolayla\u015ft\u0131r\u0131r. \u00dcr\u00fcn, afrodizyak \u00f6zellikleriyle de bilinir. Menopoz semptomlar\u0131n\u0131 hafifletmeye ve hormonal dengeyi desteklemeye yard\u0131mc\u0131 olur.  <\/p>\n<p><strong>Kozmetolojide<\/strong>, ac\u0131 portakal \u00e7i\u00e7e\u011fi ya\u011f\u0131, kuru, hassas ve olgun cilt bak\u0131m\u0131 i\u00e7in y\u00fcz ve v\u00fccut kozmetiklerinde kullan\u0131l\u0131r. K\u0131r\u0131\u015f\u0131kl\u0131klar\u0131 azaltmaya ve elastikiyeti art\u0131rmaya yard\u0131mc\u0131 olur. Ayr\u0131ca anti-inflamatuar ve antibakteriyel etkilere sahiptir, akne ile m\u00fccadeleyi destekler ve tahri\u015fleri yat\u0131\u015ft\u0131r\u0131r.  <\/p>\n<p>Neroli ya\u011f\u0131 ayn\u0131 zamanda <strong>sa\u011fl\u0131k faydalar\u0131na<\/strong> da sahiptir. Ba\u011f\u0131\u015f\u0131kl\u0131k sisteminin i\u015fleyi\u015fini destekler ve bakteriyel ve viral enfeksiyonlarla m\u00fccadelede yard\u0131mc\u0131 olabilir. Stresin neden oldu\u011fu sindirim rahats\u0131zl\u0131klar\u0131n\u0131 hafifletti\u011fi i\u00e7in sindirim sistemi \u00fczerinde de yat\u0131\u015ft\u0131r\u0131c\u0131 bir etkiye sahiptir. A\u011fr\u0131 kesici \u00f6zellikleri sayesinde gerilim tipi ba\u015f a\u011fr\u0131lar\u0131n\u0131, kas a\u011fr\u0131lar\u0131n\u0131 ve adet \u00f6ncesi gerginlik semptomlar\u0131n\u0131 hafifletmede etkilidir.   <\/p>\n<p>Neroli, ayn\u0131 zamanda \u00f6zel <strong>parf\u00fcmlere<\/strong> benzersiz, \u00e7i\u00e7eksi ve kal\u0131c\u0131 bir aroma veren de\u011ferli bir bile\u015fendir.<\/p>\n<p>Ac\u0131 portakal \u00e7i\u00e7e\u011fi ya\u011f\u0131, lavanta, sandal a\u011fac\u0131, yasemin, pa\u00e7uli veya narenciye gibi di\u011fer u\u00e7ucu ya\u011flarla m\u00fckemmel uyum sa\u011flar.<\/p>\n","protected":false},"excerpt":{"rendered":"<p><strong>Neroli u\u00e7ucu ya\u011f\u0131<\/strong>, ac\u0131 portakal a\u011fac\u0131n\u0131n (<em>Citrus aurantium<\/em>) narin \u00e7i\u00e7eklerinden elde edilir. Aromaterapi, kozmetik ve parf\u00fcmeride de\u011fer verilen \u00e7i\u00e7eksi-narenciye kokusuyla karakterizedir. <\/p>\n<h3><\/h3>\n","protected":false},"featured_media":46185,"template":"","meta":[],"product_brand":[],"product_cat":[9552],"product_tag":[],"class_list":{"0":"post-46184","1":"product","2":"type-product","3":"status-publish","4":"has-post-thumbnail","6":"product_cat-ucucu-yaglar","8":"first","9":"instock","10":"shipping-taxable","11":"product-type-simple"},"yoast_head":"<!-- This site is optimized with the Yoast SEO plugin v27.4 - https:\/\/yoast.com\/product\/yoast-seo-wordpress\/ -->\n<title>Neroli Ya\u011f\u0131 - NATURAL POLAND - Hurtowy Dystrybutor Surowc\u00f3w<\/title>\n<meta name=\"description\" content=\"Ac\u0131 portakal a\u011fac\u0131n\u0131n narin \u00e7i\u00e7eklerinden elde edilen Neroli u\u00e7ucu ya\u011f\u0131, e\u015fsiz, \u00e7i\u00e7eksi-narenciye kokulu bir \u00fcr\u00fcnd\u00fcr.\" \/>\n<meta name=\"robots\" content=\"index, follow, max-snippet:-1, max-image-preview:large, max-video-preview:-1\" \/>\n<link rel=\"canonical\" href=\"https:\/\/naturalpoland.com\/tr\/urunler\/kozmetik-hammaddeleri\/ucucu-yaglar\/neroli-yagi\/\" \/>\n<meta property=\"og:locale\" content=\"tr_TR\" \/>\n<meta property=\"og:type\" content=\"article\" \/>\n<meta property=\"og:title\" content=\"Neroli Ya\u011f\u0131 - NATURAL POLAND - Hurtowy Dystrybutor Surowc\u00f3w\" \/>\n<meta property=\"og:description\" content=\"Ac\u0131 portakal a\u011fac\u0131n\u0131n narin \u00e7i\u00e7eklerinden elde edilen Neroli u\u00e7ucu ya\u011f\u0131, e\u015fsiz, \u00e7i\u00e7eksi-narenciye kokulu bir \u00fcr\u00fcnd\u00fcr.\" \/>\n<meta property=\"og:url\" content=\"https:\/\/naturalpoland.com\/tr\/urunler\/kozmetik-hammaddeleri\/ucucu-yaglar\/neroli-yagi\/\" \/>\n<meta property=\"og:site_name\" content=\"NATURAL POLAND - Hurtowy Dystrybutor Surowc\u00f3w\" \/>\n<meta property=\"article:publisher\" content=\"https:\/\/www.facebook.com\/naturalpoland.b2b\" \/>\n<meta property=\"article:modified_time\" content=\"2026-02-25T16:13:53+00:00\" \/>\n<meta property=\"og:image\" content=\"https:\/\/naturalpoland.com\/wp-content\/uploads\/olejek-eteryczny-neroli.webp\" \/>\n\t<meta property=\"og:image:width\" content=\"619\" \/>\n\t<meta property=\"og:image:height\" content=\"619\" \/>\n\t<meta property=\"og:image:type\" content=\"image\/webp\" \/>\n<script type=\"application\/ld+json\" class=\"yoast-schema-graph\">{\"@context\":\"https:\\\/\\\/schema.org\",\"@graph\":[{\"@type\":\"WebPage\",\"@id\":\"https:\\\/\\\/naturalpoland.com\\\/tr\\\/urunler\\\/kozmetik-hammaddeleri\\\/ucucu-yaglar\\\/neroli-yagi\\\/\",\"url\":\"https:\\\/\\\/naturalpoland.com\\\/tr\\\/urunler\\\/kozmetik-hammaddeleri\\\/ucucu-yaglar\\\/neroli-yagi\\\/\",\"name\":\"Neroli Ya\u011f\u0131 - NATURAL POLAND - Hurtowy Dystrybutor Surowc\u00f3w\",\"isPartOf\":{\"@id\":\"https:\\\/\\\/naturalpoland.com\\\/tr\\\/#website\"},\"primaryImageOfPage\":{\"@id\":\"https:\\\/\\\/naturalpoland.com\\\/tr\\\/urunler\\\/kozmetik-hammaddeleri\\\/ucucu-yaglar\\\/neroli-yagi\\\/#primaryimage\"},\"image\":{\"@id\":\"https:\\\/\\\/naturalpoland.com\\\/tr\\\/urunler\\\/kozmetik-hammaddeleri\\\/ucucu-yaglar\\\/neroli-yagi\\\/#primaryimage\"},\"thumbnailUrl\":\"https:\\\/\\\/naturalpoland.com\\\/wp-content\\\/uploads\\\/olejek-eteryczny-neroli.webp\",\"datePublished\":\"2024-10-18T08:45:33+00:00\",\"dateModified\":\"2026-02-25T16:13:53+00:00\",\"description\":\"Ac\u0131 portakal a\u011fac\u0131n\u0131n narin \u00e7i\u00e7eklerinden elde edilen Neroli u\u00e7ucu ya\u011f\u0131, e\u015fsiz, \u00e7i\u00e7eksi-narenciye kokulu bir \u00fcr\u00fcnd\u00fcr.\",\"breadcrumb\":{\"@id\":\"https:\\\/\\\/naturalpoland.com\\\/tr\\\/urunler\\\/kozmetik-hammaddeleri\\\/ucucu-yaglar\\\/neroli-yagi\\\/#breadcrumb\"},\"inLanguage\":\"tr\",\"potentialAction\":[{\"@type\":\"ReadAction\",\"target\":[\"https:\\\/\\\/naturalpoland.com\\\/tr\\\/urunler\\\/kozmetik-hammaddeleri\\\/ucucu-yaglar\\\/neroli-yagi\\\/\"]}]},{\"@type\":\"ImageObject\",\"inLanguage\":\"tr\",\"@id\":\"https:\\\/\\\/naturalpoland.com\\\/tr\\\/urunler\\\/kozmetik-hammaddeleri\\\/ucucu-yaglar\\\/neroli-yagi\\\/#primaryimage\",\"url\":\"https:\\\/\\\/naturalpoland.com\\\/wp-content\\\/uploads\\\/olejek-eteryczny-neroli.webp\",\"contentUrl\":\"https:\\\/\\\/naturalpoland.com\\\/wp-content\\\/uploads\\\/olejek-eteryczny-neroli.webp\",\"width\":619,\"height\":619,\"caption\":\"ac\u0131 portakal \u00e7i\u00e7e\u011fi neroli ya\u011f\u0131\"},{\"@type\":\"BreadcrumbList\",\"@id\":\"https:\\\/\\\/naturalpoland.com\\\/tr\\\/urunler\\\/kozmetik-hammaddeleri\\\/ucucu-yaglar\\\/neroli-yagi\\\/#breadcrumb\",\"itemListElement\":[{\"@type\":\"ListItem\",\"position\":1,\"name\":\"Ana Sayfa\",\"item\":\"https:\\\/\\\/naturalpoland.com\\\/tr\\\/\"},{\"@type\":\"ListItem\",\"position\":2,\"name\":\"\u00dcr\u00fcnler\",\"item\":\"https:\\\/\\\/naturalpoland.com\\\/tr\\\/urunler\\\/\"},{\"@type\":\"ListItem\",\"position\":3,\"name\":\"Neroli Ya\u011f\u0131\"}]},{\"@type\":\"WebSite\",\"@id\":\"https:\\\/\\\/naturalpoland.com\\\/tr\\\/#website\",\"url\":\"https:\\\/\\\/naturalpoland.com\\\/tr\\\/\",\"name\":\"NATURAL POLAND - Hurtowy Dystrybutor Surowc\u00f3w\",\"description\":\"Surowce dla przemys\u0142u spo\u017cywczego, kosmetycznego i farmaceutycznego\",\"publisher\":{\"@id\":\"https:\\\/\\\/naturalpoland.com\\\/tr\\\/#organization\"},\"potentialAction\":[{\"@type\":\"SearchAction\",\"target\":{\"@type\":\"EntryPoint\",\"urlTemplate\":\"https:\\\/\\\/naturalpoland.com\\\/tr\\\/?s={search_term_string}\"},\"query-input\":{\"@type\":\"PropertyValueSpecification\",\"valueRequired\":true,\"valueName\":\"search_term_string\"}}],\"inLanguage\":\"tr\"},{\"@type\":\"Organization\",\"@id\":\"https:\\\/\\\/naturalpoland.com\\\/tr\\\/#organization\",\"name\":\"Natural Poland\",\"url\":\"https:\\\/\\\/naturalpoland.com\\\/tr\\\/\",\"logo\":{\"@type\":\"ImageObject\",\"inLanguage\":\"tr\",\"@id\":\"https:\\\/\\\/naturalpoland.com\\\/tr\\\/#\\\/schema\\\/logo\\\/image\\\/\",\"url\":\"https:\\\/\\\/naturalpoland.com\\\/wp-content\\\/uploads\\\/2021\\\/05\\\/natural-poland-icon.png\",\"contentUrl\":\"https:\\\/\\\/naturalpoland.com\\\/wp-content\\\/uploads\\\/2021\\\/05\\\/natural-poland-icon.png\",\"width\":512,\"height\":512,\"caption\":\"Natural Poland\"},\"image\":{\"@id\":\"https:\\\/\\\/naturalpoland.com\\\/tr\\\/#\\\/schema\\\/logo\\\/image\\\/\"},\"sameAs\":[\"https:\\\/\\\/www.facebook.com\\\/naturalpoland.b2b\",\"https:\\\/\\\/pl.linkedin.com\\\/company\\\/natural-poland\",\"https:\\\/\\\/www.youtube.com\\\/channel\\\/UCgeGGkvOMahZo-xu_MSEWxg\"]}]}<\/script>\n<!-- \/ Yoast SEO plugin. -->","yoast_head_json":{"title":"Neroli Ya\u011f\u0131 - NATURAL POLAND - Hurtowy Dystrybutor Surowc\u00f3w","description":"Ac\u0131 portakal a\u011fac\u0131n\u0131n narin \u00e7i\u00e7eklerinden elde edilen Neroli u\u00e7ucu ya\u011f\u0131, e\u015fsiz, \u00e7i\u00e7eksi-narenciye kokulu bir \u00fcr\u00fcnd\u00fcr.","robots":{"index":"index","follow":"follow","max-snippet":"max-snippet:-1","max-image-preview":"max-image-preview:large","max-video-preview":"max-video-preview:-1"},"canonical":"https:\/\/naturalpoland.com\/tr\/urunler\/kozmetik-hammaddeleri\/ucucu-yaglar\/neroli-yagi\/","og_locale":"tr_TR","og_type":"article","og_title":"Neroli Ya\u011f\u0131 - NATURAL POLAND - Hurtowy Dystrybutor Surowc\u00f3w","og_description":"Ac\u0131 portakal a\u011fac\u0131n\u0131n narin \u00e7i\u00e7eklerinden elde edilen Neroli u\u00e7ucu ya\u011f\u0131, e\u015fsiz, \u00e7i\u00e7eksi-narenciye kokulu bir \u00fcr\u00fcnd\u00fcr.","og_url":"https:\/\/naturalpoland.com\/tr\/urunler\/kozmetik-hammaddeleri\/ucucu-yaglar\/neroli-yagi\/","og_site_name":"NATURAL POLAND - Hurtowy Dystrybutor Surowc\u00f3w","article_publisher":"https:\/\/www.facebook.com\/naturalpoland.b2b","article_modified_time":"2026-02-25T16:13:53+00:00","og_image":[{"width":619,"height":619,"url":"https:\/\/naturalpoland.com\/wp-content\/uploads\/olejek-eteryczny-neroli.webp","type":"image\/webp"}],"schema":{"@context":"https:\/\/schema.org","@graph":[{"@type":"WebPage","@id":"https:\/\/naturalpoland.com\/tr\/urunler\/kozmetik-hammaddeleri\/ucucu-yaglar\/neroli-yagi\/","url":"https:\/\/naturalpoland.com\/tr\/urunler\/kozmetik-hammaddeleri\/ucucu-yaglar\/neroli-yagi\/","name":"Neroli Ya\u011f\u0131 - NATURAL POLAND - Hurtowy Dystrybutor Surowc\u00f3w","isPartOf":{"@id":"https:\/\/naturalpoland.com\/tr\/#website"},"primaryImageOfPage":{"@id":"https:\/\/naturalpoland.com\/tr\/urunler\/kozmetik-hammaddeleri\/ucucu-yaglar\/neroli-yagi\/#primaryimage"},"image":{"@id":"https:\/\/naturalpoland.com\/tr\/urunler\/kozmetik-hammaddeleri\/ucucu-yaglar\/neroli-yagi\/#primaryimage"},"thumbnailUrl":"https:\/\/naturalpoland.com\/wp-content\/uploads\/olejek-eteryczny-neroli.webp","datePublished":"2024-10-18T08:45:33+00:00","dateModified":"2026-02-25T16:13:53+00:00","description":"Ac\u0131 portakal a\u011fac\u0131n\u0131n narin \u00e7i\u00e7eklerinden elde edilen Neroli u\u00e7ucu ya\u011f\u0131, e\u015fsiz, \u00e7i\u00e7eksi-narenciye kokulu bir \u00fcr\u00fcnd\u00fcr.","breadcrumb":{"@id":"https:\/\/naturalpoland.com\/tr\/urunler\/kozmetik-hammaddeleri\/ucucu-yaglar\/neroli-yagi\/#breadcrumb"},"inLanguage":"tr","potentialAction":[{"@type":"ReadAction","target":["https:\/\/naturalpoland.com\/tr\/urunler\/kozmetik-hammaddeleri\/ucucu-yaglar\/neroli-yagi\/"]}]},{"@type":"ImageObject","inLanguage":"tr","@id":"https:\/\/naturalpoland.com\/tr\/urunler\/kozmetik-hammaddeleri\/ucucu-yaglar\/neroli-yagi\/#primaryimage","url":"https:\/\/naturalpoland.com\/wp-content\/uploads\/olejek-eteryczny-neroli.webp","contentUrl":"https:\/\/naturalpoland.com\/wp-content\/uploads\/olejek-eteryczny-neroli.webp","width":619,"height":619,"caption":"ac\u0131 portakal \u00e7i\u00e7e\u011fi neroli ya\u011f\u0131"},{"@type":"BreadcrumbList","@id":"https:\/\/naturalpoland.com\/tr\/urunler\/kozmetik-hammaddeleri\/ucucu-yaglar\/neroli-yagi\/#breadcrumb","itemListElement":[{"@type":"ListItem","position":1,"name":"Ana Sayfa","item":"https:\/\/naturalpoland.com\/tr\/"},{"@type":"ListItem","position":2,"name":"\u00dcr\u00fcnler","item":"https:\/\/naturalpoland.com\/tr\/urunler\/"},{"@type":"ListItem","position":3,"name":"Neroli Ya\u011f\u0131"}]},{"@type":"WebSite","@id":"https:\/\/naturalpoland.com\/tr\/#website","url":"https:\/\/naturalpoland.com\/tr\/","name":"NATURAL POLAND - Hurtowy Dystrybutor Surowc\u00f3w","description":"Surowce dla przemys\u0142u spo\u017cywczego, kosmetycznego i farmaceutycznego","publisher":{"@id":"https:\/\/naturalpoland.com\/tr\/#organization"},"potentialAction":[{"@type":"SearchAction","target":{"@type":"EntryPoint","urlTemplate":"https:\/\/naturalpoland.com\/tr\/?s={search_term_string}"},"query-input":{"@type":"PropertyValueSpecification","valueRequired":true,"valueName":"search_term_string"}}],"inLanguage":"tr"},{"@type":"Organization","@id":"https:\/\/naturalpoland.com\/tr\/#organization","name":"Natural Poland","url":"https:\/\/naturalpoland.com\/tr\/","logo":{"@type":"ImageObject","inLanguage":"tr","@id":"https:\/\/naturalpoland.com\/tr\/#\/schema\/logo\/image\/","url":"https:\/\/naturalpoland.com\/wp-content\/uploads\/2021\/05\/natural-poland-icon.png","contentUrl":"https:\/\/naturalpoland.com\/wp-content\/uploads\/2021\/05\/natural-poland-icon.png","width":512,"height":512,"caption":"Natural Poland"},"image":{"@id":"https:\/\/naturalpoland.com\/tr\/#\/schema\/logo\/image\/"},"sameAs":["https:\/\/www.facebook.com\/naturalpoland.b2b","https:\/\/pl.linkedin.com\/company\/natural-poland","https:\/\/www.youtube.com\/channel\/UCgeGGkvOMahZo-xu_MSEWxg"]}]}},"_links":{"self":[{"href":"https:\/\/naturalpoland.com\/tr\/wp-json\/wp\/v2\/product\/46184","targetHints":{"allow":["GET"]}}],"collection":[{"href":"https:\/\/naturalpoland.com\/tr\/wp-json\/wp\/v2\/product"}],"about":[{"href":"https:\/\/naturalpoland.com\/tr\/wp-json\/wp\/v2\/types\/product"}],"wp:featuredmedia":[{"embeddable":true,"href":"https:\/\/naturalpoland.com\/tr\/wp-json\/wp\/v2\/media\/46185"}],"wp:attachment":[{"href":"https:\/\/naturalpoland.com\/tr\/wp-json\/wp\/v2\/media?parent=46184"}],"wp:term":[{"taxonomy":"product_brand","embeddable":true,"href":"https:\/\/naturalpoland.com\/tr\/wp-json\/wp\/v2\/product_brand?post=46184"},{"taxonomy":"product_cat","embeddable":true,"href":"https:\/\/naturalpoland.com\/tr\/wp-json\/wp\/v2\/product_cat?post=46184"},{"taxonomy":"product_tag","embeddable":true,"href":"https:\/\/naturalpoland.com\/tr\/wp-json\/wp\/v2\/product_tag?post=46184"}],"curies":[{"name":"wp","href":"https:\/\/api.w.org\/{rel}","templated":true}]}}