{"id":46186,"date":"2024-10-21T13:13:31","date_gmt":"2024-10-21T11:13:31","guid":{"rendered":"https:\/\/naturalpoland.com\/produkty\/kategorilenmemis\/cin-portakali-yagi\/"},"modified":"2026-02-25T17:13:57","modified_gmt":"2026-02-25T16:13:57","slug":"cin-portakali-yagi","status":"publish","type":"product","link":"https:\/\/naturalpoland.com\/tr\/urunler\/kozmetik-hammaddeleri\/ucucu-yaglar\/cin-portakali-yagi\/","title":{"rendered":"\u00c7in Portakal\u0131 Ya\u011f\u0131"},"content":{"rendered":"<p>Tatl\u0131 portakal, Himalayalar ile \u00c7in aras\u0131ndaki b\u00f6lgeden gelmekte olup, 15. y\u00fczy\u0131lda Portekizli t\u00fcccarlar sayesinde Avrupa&#8217;ya ula\u015fm\u0131\u015ft\u0131r. G\u00fcn\u00fcm\u00fczde d\u00fcnya \u00e7ap\u0131nda yayg\u0131n olarak yeti\u015ftirilmekte, ba\u015fta meyveleri olmak \u00fczere hayat\u0131n bir\u00e7ok alan\u0131nda kullan\u0131lan de\u011ferli esansiyel ya\u011flar\u0131 i\u00e7in de \u00fcretilmektedir. <\/p>\n<p>Kullan\u0131m alanlar\u0131ndan biri aromaterapi olup, ya\u011f g\u00fc\u00e7l\u00fc yat\u0131\u015ft\u0131r\u0131c\u0131 ve rahatlat\u0131c\u0131 etkiye sahiptir. Sinirsel gerilimi, stresi ve yorgunlu\u011fu azaltmaya yard\u0131mc\u0131 olur. <\/p>\n<p>Antibakteriyel ve antiseptik \u00f6zellikleri sayesinde tatl\u0131 portakal ya\u011f\u0131, dezenfektan preparatlarda ve y\u00fczey temizleme \u00fcr\u00fcnlerinde kullan\u0131labilir. Ayr\u0131ca havay\u0131 ferahlatmada, bakteri, vir\u00fcs ve mantarlar\u0131 n\u00f6tralize ederek etkilidir. <\/p>\n<p>Kozmetikte portakal ya\u011f\u0131 cilt \u00fczerinde s\u0131k\u0131la\u015ft\u0131r\u0131c\u0131 ve tonlay\u0131c\u0131 etki g\u00f6sterir. Ba\u011f dokusunu g\u00fc\u00e7lendirir, cildin yenilenme s\u00fcre\u00e7lerini destekler ve s\u0131k\u0131la\u015ft\u0131r\u0131r, bu nedenle sel\u00fclitle m\u00fccadele kozmetiklerinde kullan\u0131l\u0131r. Bu ya\u011f ayr\u0131ca antienflamatuar etki g\u00f6stererek kesik ve b\u00f6cek \u0131s\u0131r\u0131klar\u0131n\u0131n iyile\u015fmesini h\u0131zland\u0131r\u0131r.  <\/p>\n<p>Masaj ya\u011flar\u0131nda kullan\u0131ld\u0131\u011f\u0131nda portakal ya\u011f\u0131 kaslar\u0131n gev\u015femesine, kramp ve a\u011fr\u0131lar\u0131n giderilmesine yard\u0131mc\u0131 olur, ayr\u0131ca kar\u0131n masaj\u0131 yoluyla sindirimi destekler.<\/p>\n<h3><\/h3>\n","protected":false},"excerpt":{"rendered":"<p><strong>Tatl\u0131 portakal esansiyel ya\u011f\u0131<\/strong> (<em>Citrus sinensis<\/em>), taze portakal kabuklar\u0131ndan so\u011fuk s\u0131k\u0131m y\u00f6ntemiyle elde edilir. Rahatlat\u0131c\u0131 etki g\u00f6steren, ruh halini iyile\u015ftiren ve ferahl\u0131k hissi veren tatl\u0131, narenciye aromas\u0131na sahiptir. <\/p>\n<h3><\/h3>\n","protected":false},"featured_media":46187,"template":"","meta":[],"product_brand":[],"product_cat":[9552],"product_tag":[],"class_list":{"0":"post-46186","1":"product","2":"type-product","3":"status-publish","4":"has-post-thumbnail","6":"product_cat-ucucu-yaglar","8":"first","9":"instock","10":"shipping-taxable","11":"product-type-simple"},"yoast_head":"<!-- This site is optimized with the Yoast SEO plugin v27.4 - https:\/\/yoast.com\/product\/yoast-seo-wordpress\/ -->\n<title>\u00c7in Portakal\u0131 Ya\u011f\u0131 - NATURAL POLAND - Hurtowy Dystrybutor Surowc\u00f3w<\/title>\n<meta name=\"description\" content=\"Tatl\u0131 portakal esansiyel ya\u011f\u0131 (Citrus sinensis), \u00e7ok say\u0131da sa\u011fl\u0131k ve kozmetik faydas\u0131 olan \u00e7ok y\u00f6nl\u00fc bir \u00fcr\u00fcnd\u00fcr.\" \/>\n<meta name=\"robots\" content=\"index, follow, max-snippet:-1, max-image-preview:large, max-video-preview:-1\" \/>\n<link rel=\"canonical\" href=\"https:\/\/naturalpoland.com\/tr\/urunler\/kozmetik-hammaddeleri\/ucucu-yaglar\/cin-portakali-yagi\/\" \/>\n<meta property=\"og:locale\" content=\"tr_TR\" \/>\n<meta property=\"og:type\" content=\"article\" \/>\n<meta property=\"og:title\" content=\"\u00c7in Portakal\u0131 Ya\u011f\u0131 - NATURAL POLAND - Hurtowy Dystrybutor Surowc\u00f3w\" \/>\n<meta property=\"og:description\" content=\"Tatl\u0131 portakal esansiyel ya\u011f\u0131 (Citrus sinensis), \u00e7ok say\u0131da sa\u011fl\u0131k ve kozmetik faydas\u0131 olan \u00e7ok y\u00f6nl\u00fc bir \u00fcr\u00fcnd\u00fcr.\" \/>\n<meta property=\"og:url\" content=\"https:\/\/naturalpoland.com\/tr\/urunler\/kozmetik-hammaddeleri\/ucucu-yaglar\/cin-portakali-yagi\/\" \/>\n<meta property=\"og:site_name\" content=\"NATURAL POLAND - Hurtowy Dystrybutor Surowc\u00f3w\" \/>\n<meta property=\"article:publisher\" content=\"https:\/\/www.facebook.com\/naturalpoland.b2b\" \/>\n<meta property=\"article:modified_time\" content=\"2026-02-25T16:13:57+00:00\" \/>\n<meta property=\"og:image\" content=\"https:\/\/naturalpoland.com\/wp-content\/uploads\/olejek-z-pomaranczy-chinskiej.webp\" \/>\n\t<meta property=\"og:image:width\" content=\"426\" \/>\n\t<meta property=\"og:image:height\" content=\"426\" \/>\n\t<meta property=\"og:image:type\" content=\"image\/webp\" \/>\n<script type=\"application\/ld+json\" class=\"yoast-schema-graph\">{\"@context\":\"https:\\\/\\\/schema.org\",\"@graph\":[{\"@type\":\"WebPage\",\"@id\":\"https:\\\/\\\/naturalpoland.com\\\/tr\\\/urunler\\\/kozmetik-hammaddeleri\\\/ucucu-yaglar\\\/cin-portakali-yagi\\\/\",\"url\":\"https:\\\/\\\/naturalpoland.com\\\/tr\\\/urunler\\\/kozmetik-hammaddeleri\\\/ucucu-yaglar\\\/cin-portakali-yagi\\\/\",\"name\":\"\u00c7in Portakal\u0131 Ya\u011f\u0131 - NATURAL POLAND - Hurtowy Dystrybutor Surowc\u00f3w\",\"isPartOf\":{\"@id\":\"https:\\\/\\\/naturalpoland.com\\\/tr\\\/#website\"},\"primaryImageOfPage\":{\"@id\":\"https:\\\/\\\/naturalpoland.com\\\/tr\\\/urunler\\\/kozmetik-hammaddeleri\\\/ucucu-yaglar\\\/cin-portakali-yagi\\\/#primaryimage\"},\"image\":{\"@id\":\"https:\\\/\\\/naturalpoland.com\\\/tr\\\/urunler\\\/kozmetik-hammaddeleri\\\/ucucu-yaglar\\\/cin-portakali-yagi\\\/#primaryimage\"},\"thumbnailUrl\":\"https:\\\/\\\/naturalpoland.com\\\/wp-content\\\/uploads\\\/olejek-z-pomaranczy-chinskiej.webp\",\"datePublished\":\"2024-10-21T11:13:31+00:00\",\"dateModified\":\"2026-02-25T16:13:57+00:00\",\"description\":\"Tatl\u0131 portakal esansiyel ya\u011f\u0131 (Citrus sinensis), \u00e7ok say\u0131da sa\u011fl\u0131k ve kozmetik faydas\u0131 olan \u00e7ok y\u00f6nl\u00fc bir \u00fcr\u00fcnd\u00fcr.\",\"breadcrumb\":{\"@id\":\"https:\\\/\\\/naturalpoland.com\\\/tr\\\/urunler\\\/kozmetik-hammaddeleri\\\/ucucu-yaglar\\\/cin-portakali-yagi\\\/#breadcrumb\"},\"inLanguage\":\"tr\",\"potentialAction\":[{\"@type\":\"ReadAction\",\"target\":[\"https:\\\/\\\/naturalpoland.com\\\/tr\\\/urunler\\\/kozmetik-hammaddeleri\\\/ucucu-yaglar\\\/cin-portakali-yagi\\\/\"]}]},{\"@type\":\"ImageObject\",\"inLanguage\":\"tr\",\"@id\":\"https:\\\/\\\/naturalpoland.com\\\/tr\\\/urunler\\\/kozmetik-hammaddeleri\\\/ucucu-yaglar\\\/cin-portakali-yagi\\\/#primaryimage\",\"url\":\"https:\\\/\\\/naturalpoland.com\\\/wp-content\\\/uploads\\\/olejek-z-pomaranczy-chinskiej.webp\",\"contentUrl\":\"https:\\\/\\\/naturalpoland.com\\\/wp-content\\\/uploads\\\/olejek-z-pomaranczy-chinskiej.webp\",\"width\":426,\"height\":426,\"caption\":\"Tatl\u0131 portakal esansiyel ya\u011f\u0131 (Citrus sinensis)\"},{\"@type\":\"BreadcrumbList\",\"@id\":\"https:\\\/\\\/naturalpoland.com\\\/tr\\\/urunler\\\/kozmetik-hammaddeleri\\\/ucucu-yaglar\\\/cin-portakali-yagi\\\/#breadcrumb\",\"itemListElement\":[{\"@type\":\"ListItem\",\"position\":1,\"name\":\"Ana Sayfa\",\"item\":\"https:\\\/\\\/naturalpoland.com\\\/tr\\\/\"},{\"@type\":\"ListItem\",\"position\":2,\"name\":\"\u00dcr\u00fcnler\",\"item\":\"https:\\\/\\\/naturalpoland.com\\\/tr\\\/urunler\\\/\"},{\"@type\":\"ListItem\",\"position\":3,\"name\":\"\u00c7in Portakal\u0131 Ya\u011f\u0131\"}]},{\"@type\":\"WebSite\",\"@id\":\"https:\\\/\\\/naturalpoland.com\\\/tr\\\/#website\",\"url\":\"https:\\\/\\\/naturalpoland.com\\\/tr\\\/\",\"name\":\"NATURAL POLAND - Hurtowy Dystrybutor Surowc\u00f3w\",\"description\":\"Surowce dla przemys\u0142u spo\u017cywczego, kosmetycznego i farmaceutycznego\",\"publisher\":{\"@id\":\"https:\\\/\\\/naturalpoland.com\\\/tr\\\/#organization\"},\"potentialAction\":[{\"@type\":\"SearchAction\",\"target\":{\"@type\":\"EntryPoint\",\"urlTemplate\":\"https:\\\/\\\/naturalpoland.com\\\/tr\\\/?s={search_term_string}\"},\"query-input\":{\"@type\":\"PropertyValueSpecification\",\"valueRequired\":true,\"valueName\":\"search_term_string\"}}],\"inLanguage\":\"tr\"},{\"@type\":\"Organization\",\"@id\":\"https:\\\/\\\/naturalpoland.com\\\/tr\\\/#organization\",\"name\":\"Natural Poland\",\"url\":\"https:\\\/\\\/naturalpoland.com\\\/tr\\\/\",\"logo\":{\"@type\":\"ImageObject\",\"inLanguage\":\"tr\",\"@id\":\"https:\\\/\\\/naturalpoland.com\\\/tr\\\/#\\\/schema\\\/logo\\\/image\\\/\",\"url\":\"https:\\\/\\\/naturalpoland.com\\\/wp-content\\\/uploads\\\/2021\\\/05\\\/natural-poland-icon.png\",\"contentUrl\":\"https:\\\/\\\/naturalpoland.com\\\/wp-content\\\/uploads\\\/2021\\\/05\\\/natural-poland-icon.png\",\"width\":512,\"height\":512,\"caption\":\"Natural Poland\"},\"image\":{\"@id\":\"https:\\\/\\\/naturalpoland.com\\\/tr\\\/#\\\/schema\\\/logo\\\/image\\\/\"},\"sameAs\":[\"https:\\\/\\\/www.facebook.com\\\/naturalpoland.b2b\",\"https:\\\/\\\/pl.linkedin.com\\\/company\\\/natural-poland\",\"https:\\\/\\\/www.youtube.com\\\/channel\\\/UCgeGGkvOMahZo-xu_MSEWxg\"]}]}<\/script>\n<!-- \/ Yoast SEO plugin. -->","yoast_head_json":{"title":"\u00c7in Portakal\u0131 Ya\u011f\u0131 - NATURAL POLAND - Hurtowy Dystrybutor Surowc\u00f3w","description":"Tatl\u0131 portakal esansiyel ya\u011f\u0131 (Citrus sinensis), \u00e7ok say\u0131da sa\u011fl\u0131k ve kozmetik faydas\u0131 olan \u00e7ok y\u00f6nl\u00fc bir \u00fcr\u00fcnd\u00fcr.","robots":{"index":"index","follow":"follow","max-snippet":"max-snippet:-1","max-image-preview":"max-image-preview:large","max-video-preview":"max-video-preview:-1"},"canonical":"https:\/\/naturalpoland.com\/tr\/urunler\/kozmetik-hammaddeleri\/ucucu-yaglar\/cin-portakali-yagi\/","og_locale":"tr_TR","og_type":"article","og_title":"\u00c7in Portakal\u0131 Ya\u011f\u0131 - NATURAL POLAND - Hurtowy Dystrybutor Surowc\u00f3w","og_description":"Tatl\u0131 portakal esansiyel ya\u011f\u0131 (Citrus sinensis), \u00e7ok say\u0131da sa\u011fl\u0131k ve kozmetik faydas\u0131 olan \u00e7ok y\u00f6nl\u00fc bir \u00fcr\u00fcnd\u00fcr.","og_url":"https:\/\/naturalpoland.com\/tr\/urunler\/kozmetik-hammaddeleri\/ucucu-yaglar\/cin-portakali-yagi\/","og_site_name":"NATURAL POLAND - Hurtowy Dystrybutor Surowc\u00f3w","article_publisher":"https:\/\/www.facebook.com\/naturalpoland.b2b","article_modified_time":"2026-02-25T16:13:57+00:00","og_image":[{"width":426,"height":426,"url":"https:\/\/naturalpoland.com\/wp-content\/uploads\/olejek-z-pomaranczy-chinskiej.webp","type":"image\/webp"}],"schema":{"@context":"https:\/\/schema.org","@graph":[{"@type":"WebPage","@id":"https:\/\/naturalpoland.com\/tr\/urunler\/kozmetik-hammaddeleri\/ucucu-yaglar\/cin-portakali-yagi\/","url":"https:\/\/naturalpoland.com\/tr\/urunler\/kozmetik-hammaddeleri\/ucucu-yaglar\/cin-portakali-yagi\/","name":"\u00c7in Portakal\u0131 Ya\u011f\u0131 - NATURAL POLAND - Hurtowy Dystrybutor Surowc\u00f3w","isPartOf":{"@id":"https:\/\/naturalpoland.com\/tr\/#website"},"primaryImageOfPage":{"@id":"https:\/\/naturalpoland.com\/tr\/urunler\/kozmetik-hammaddeleri\/ucucu-yaglar\/cin-portakali-yagi\/#primaryimage"},"image":{"@id":"https:\/\/naturalpoland.com\/tr\/urunler\/kozmetik-hammaddeleri\/ucucu-yaglar\/cin-portakali-yagi\/#primaryimage"},"thumbnailUrl":"https:\/\/naturalpoland.com\/wp-content\/uploads\/olejek-z-pomaranczy-chinskiej.webp","datePublished":"2024-10-21T11:13:31+00:00","dateModified":"2026-02-25T16:13:57+00:00","description":"Tatl\u0131 portakal esansiyel ya\u011f\u0131 (Citrus sinensis), \u00e7ok say\u0131da sa\u011fl\u0131k ve kozmetik faydas\u0131 olan \u00e7ok y\u00f6nl\u00fc bir \u00fcr\u00fcnd\u00fcr.","breadcrumb":{"@id":"https:\/\/naturalpoland.com\/tr\/urunler\/kozmetik-hammaddeleri\/ucucu-yaglar\/cin-portakali-yagi\/#breadcrumb"},"inLanguage":"tr","potentialAction":[{"@type":"ReadAction","target":["https:\/\/naturalpoland.com\/tr\/urunler\/kozmetik-hammaddeleri\/ucucu-yaglar\/cin-portakali-yagi\/"]}]},{"@type":"ImageObject","inLanguage":"tr","@id":"https:\/\/naturalpoland.com\/tr\/urunler\/kozmetik-hammaddeleri\/ucucu-yaglar\/cin-portakali-yagi\/#primaryimage","url":"https:\/\/naturalpoland.com\/wp-content\/uploads\/olejek-z-pomaranczy-chinskiej.webp","contentUrl":"https:\/\/naturalpoland.com\/wp-content\/uploads\/olejek-z-pomaranczy-chinskiej.webp","width":426,"height":426,"caption":"Tatl\u0131 portakal esansiyel ya\u011f\u0131 (Citrus sinensis)"},{"@type":"BreadcrumbList","@id":"https:\/\/naturalpoland.com\/tr\/urunler\/kozmetik-hammaddeleri\/ucucu-yaglar\/cin-portakali-yagi\/#breadcrumb","itemListElement":[{"@type":"ListItem","position":1,"name":"Ana Sayfa","item":"https:\/\/naturalpoland.com\/tr\/"},{"@type":"ListItem","position":2,"name":"\u00dcr\u00fcnler","item":"https:\/\/naturalpoland.com\/tr\/urunler\/"},{"@type":"ListItem","position":3,"name":"\u00c7in Portakal\u0131 Ya\u011f\u0131"}]},{"@type":"WebSite","@id":"https:\/\/naturalpoland.com\/tr\/#website","url":"https:\/\/naturalpoland.com\/tr\/","name":"NATURAL POLAND - Hurtowy Dystrybutor Surowc\u00f3w","description":"Surowce dla przemys\u0142u spo\u017cywczego, kosmetycznego i farmaceutycznego","publisher":{"@id":"https:\/\/naturalpoland.com\/tr\/#organization"},"potentialAction":[{"@type":"SearchAction","target":{"@type":"EntryPoint","urlTemplate":"https:\/\/naturalpoland.com\/tr\/?s={search_term_string}"},"query-input":{"@type":"PropertyValueSpecification","valueRequired":true,"valueName":"search_term_string"}}],"inLanguage":"tr"},{"@type":"Organization","@id":"https:\/\/naturalpoland.com\/tr\/#organization","name":"Natural Poland","url":"https:\/\/naturalpoland.com\/tr\/","logo":{"@type":"ImageObject","inLanguage":"tr","@id":"https:\/\/naturalpoland.com\/tr\/#\/schema\/logo\/image\/","url":"https:\/\/naturalpoland.com\/wp-content\/uploads\/2021\/05\/natural-poland-icon.png","contentUrl":"https:\/\/naturalpoland.com\/wp-content\/uploads\/2021\/05\/natural-poland-icon.png","width":512,"height":512,"caption":"Natural Poland"},"image":{"@id":"https:\/\/naturalpoland.com\/tr\/#\/schema\/logo\/image\/"},"sameAs":["https:\/\/www.facebook.com\/naturalpoland.b2b","https:\/\/pl.linkedin.com\/company\/natural-poland","https:\/\/www.youtube.com\/channel\/UCgeGGkvOMahZo-xu_MSEWxg"]}]}},"_links":{"self":[{"href":"https:\/\/naturalpoland.com\/tr\/wp-json\/wp\/v2\/product\/46186","targetHints":{"allow":["GET"]}}],"collection":[{"href":"https:\/\/naturalpoland.com\/tr\/wp-json\/wp\/v2\/product"}],"about":[{"href":"https:\/\/naturalpoland.com\/tr\/wp-json\/wp\/v2\/types\/product"}],"wp:featuredmedia":[{"embeddable":true,"href":"https:\/\/naturalpoland.com\/tr\/wp-json\/wp\/v2\/media\/46187"}],"wp:attachment":[{"href":"https:\/\/naturalpoland.com\/tr\/wp-json\/wp\/v2\/media?parent=46186"}],"wp:term":[{"taxonomy":"product_brand","embeddable":true,"href":"https:\/\/naturalpoland.com\/tr\/wp-json\/wp\/v2\/product_brand?post=46186"},{"taxonomy":"product_cat","embeddable":true,"href":"https:\/\/naturalpoland.com\/tr\/wp-json\/wp\/v2\/product_cat?post=46186"},{"taxonomy":"product_tag","embeddable":true,"href":"https:\/\/naturalpoland.com\/tr\/wp-json\/wp\/v2\/product_tag?post=46186"}],"curies":[{"name":"wp","href":"https:\/\/api.w.org\/{rel}","templated":true}]}}