{"id":46192,"date":"2024-10-18T11:27:02","date_gmt":"2024-10-18T09:27:02","guid":{"rendered":"https:\/\/naturalpoland.com\/produkty\/kategorilenmemis\/citronella-yagi\/"},"modified":"2026-02-25T17:14:21","modified_gmt":"2026-02-25T16:14:21","slug":"citronella-yagi","status":"publish","type":"product","link":"https:\/\/naturalpoland.com\/tr\/urunler\/kozmetik-hammaddeleri\/ucucu-yaglar\/citronella-yagi\/","title":{"rendered":"Citronella Ya\u011f\u0131"},"content":{"rendered":"<h2>\u00d6zellikler<\/h2>\n<p>Citronella Ya\u011f\u0131, taze, narenciye ve hafif odunsu notalara sahip olup, sadece do\u011fal bir kovucu de\u011fil, ayn\u0131 zamanda sa\u011fl\u0131k ve kozmetik uygulamalar\u0131nda etkili bir terap\u00f6tik ajand\u0131r.<\/p>\n<p>Citronella Ya\u011f\u0131n\u0131n Ba\u015fl\u0131ca Aktif Bile\u015fenleri<\/p>\n<ul>\n<li><strong>Sitronellal<\/strong><\/li>\n<li><strong>Sitronellol<\/strong><\/li>\n<li><strong>Geraniol<\/strong><\/li>\n<\/ul>\n<p>Bu bile\u015fenler, ya\u011f\u0131n antibakteriyel, antifungal ve b\u00f6cek kovucu etkilerinden sorumludur; ayr\u0131ca ona taze, enerji verici bir koku katarlar.<\/p>\n<h2>Kullan\u0131m:<\/h2>\n<p>Citronella Ya\u011f\u0131, \u00f6zellikle sivrisinekler olmak \u00fczere, en pop\u00fcler do\u011fal <strong>b\u00f6cek kovuculardan<\/strong> biridir. G\u00fc\u00e7l\u00fc kovucu \u00f6zellikleri sayesinde, hem i\u00e7 hem de d\u0131\u015f mekanlarda b\u00f6cekleri etkili bir \u015fekilde uzakla\u015ft\u0131ran mumlar, spreyler, losyonlar ve v\u00fccut ya\u011flar\u0131 gibi \u00e7e\u015fitli \u00fcr\u00fcnlerde kullan\u0131l\u0131r. <\/p>\n<p>Antiseptik \u00f6zellikleri sayesinde bakteri ve mantarlarla m\u00fccadelede de etkilidir. <strong>Yara dezenfeksiyonu<\/strong> i\u00e7in ve bakteriyel veya mantar enfeksiyonlar\u0131na yatk\u0131n <strong>cilt bak\u0131m\u0131<\/strong> \u00fcr\u00fcnlerinin bir bile\u015feni olarak kullan\u0131labilir. Ayr\u0131ca a\u011f\u0131z hijyeni \u00fcr\u00fcnlerinde de kullan\u0131larak di\u015f eti sa\u011fl\u0131\u011f\u0131n\u0131 destekler ve nefesi tazeler.  <\/p>\n<p>Citronella Ya\u011f\u0131, uygun bir ta\u015f\u0131y\u0131c\u0131 ya\u011fda seyreltildikten sonra <strong>masaj<\/strong> \u015feklinde kas gerginli\u011fini hafifletmek ve dola\u015f\u0131m\u0131 iyile\u015ftirmek amac\u0131yla da kullan\u0131labilir.<\/p>\n<p>\u00d6te yandan, onunla yap\u0131lan <strong>inhalasyonlar<\/strong> solunum yollar\u0131n\u0131 temizlemeye yard\u0131mc\u0131 olur, so\u011fuk alg\u0131nl\u0131\u011f\u0131, \u00f6ks\u00fcr\u00fck veya \u00fcst solunum yolu enfeksiyonlar\u0131n\u0131n semptomlar\u0131n\u0131 hafifletir.<\/p>\n<p>Citronella Ya\u011f\u0131, her g\u00fc\u00e7l\u00fc konsantre esansiyel ya\u011f gibi dikkatli kullan\u0131lmal\u0131d\u0131r. G\u00f6z ve mukoza zarlar\u0131yla temas\u0131ndan ka\u00e7\u0131n\u0131lmas\u0131 \u00f6nerilir. Saf ya\u011f do\u011frudan cilde uygulanmamal\u0131d\u0131r \u2013 her zaman bir ta\u015f\u0131y\u0131c\u0131 ya\u011fda seyreltilmelidir.  <\/p>\n","protected":false},"excerpt":{"rendered":"<p><strong>Citronella esansiyel ya\u011f\u0131<\/strong> (<em>Cymbopogon winterianus<\/em>) ayn\u0131 zamanda limon otu ya\u011f\u0131 olarak da bilinir. \u00d6zellikle g\u00fc\u00e7l\u00fc b\u00f6cek kovucu \u00f6zellikleriyle en \u00e7ok y\u00f6nl\u00fc ve de\u011ferli esansiyel ya\u011flardan biridir. Taze limon otu yapraklar\u0131n\u0131n buhar distilasyonu ile elde edilir.  <\/p>\n","protected":false},"featured_media":46193,"template":"","meta":[],"product_brand":[],"product_cat":[9552],"product_tag":[],"class_list":{"0":"post-46192","1":"product","2":"type-product","3":"status-publish","4":"has-post-thumbnail","6":"product_cat-ucucu-yaglar","8":"first","9":"instock","10":"shipping-taxable","11":"product-type-simple"},"yoast_head":"<!-- This site is optimized with the Yoast SEO plugin v27.4 - https:\/\/yoast.com\/product\/yoast-seo-wordpress\/ -->\n<title>Citronella Ya\u011f\u0131 - NATURAL POLAND - Hurtowy Dystrybutor Surowc\u00f3w<\/title>\n<meta name=\"description\" content=\"Citronella Ya\u011f\u0131, taze, narenciye kokulu ve hafif odunsu notalar\u0131yla sa\u011fl\u0131k uygulamalar\u0131nda terap\u00f6tik bir etki sunar.\" \/>\n<meta name=\"robots\" content=\"index, follow, max-snippet:-1, max-image-preview:large, max-video-preview:-1\" \/>\n<link rel=\"canonical\" href=\"https:\/\/naturalpoland.com\/tr\/urunler\/kozmetik-hammaddeleri\/ucucu-yaglar\/citronella-yagi\/\" \/>\n<meta property=\"og:locale\" content=\"tr_TR\" \/>\n<meta property=\"og:type\" content=\"article\" \/>\n<meta property=\"og:title\" content=\"Citronella Ya\u011f\u0131 - NATURAL POLAND - Hurtowy Dystrybutor Surowc\u00f3w\" \/>\n<meta property=\"og:description\" content=\"Citronella Ya\u011f\u0131, taze, narenciye kokulu ve hafif odunsu notalar\u0131yla sa\u011fl\u0131k uygulamalar\u0131nda terap\u00f6tik bir etki sunar.\" \/>\n<meta property=\"og:url\" content=\"https:\/\/naturalpoland.com\/tr\/urunler\/kozmetik-hammaddeleri\/ucucu-yaglar\/citronella-yagi\/\" \/>\n<meta property=\"og:site_name\" content=\"NATURAL POLAND - Hurtowy Dystrybutor Surowc\u00f3w\" \/>\n<meta property=\"article:publisher\" content=\"https:\/\/www.facebook.com\/naturalpoland.b2b\" \/>\n<meta property=\"article:modified_time\" content=\"2026-02-25T16:14:21+00:00\" \/>\n<meta property=\"og:image\" content=\"https:\/\/naturalpoland.com\/wp-content\/uploads\/olejek-eteryczny-citronella.webp\" \/>\n\t<meta property=\"og:image:width\" content=\"619\" \/>\n\t<meta property=\"og:image:height\" content=\"619\" \/>\n\t<meta property=\"og:image:type\" content=\"image\/webp\" \/>\n<script type=\"application\/ld+json\" class=\"yoast-schema-graph\">{\"@context\":\"https:\\\/\\\/schema.org\",\"@graph\":[{\"@type\":\"WebPage\",\"@id\":\"https:\\\/\\\/naturalpoland.com\\\/tr\\\/urunler\\\/kozmetik-hammaddeleri\\\/ucucu-yaglar\\\/citronella-yagi\\\/\",\"url\":\"https:\\\/\\\/naturalpoland.com\\\/tr\\\/urunler\\\/kozmetik-hammaddeleri\\\/ucucu-yaglar\\\/citronella-yagi\\\/\",\"name\":\"Citronella Ya\u011f\u0131 - NATURAL POLAND - Hurtowy Dystrybutor Surowc\u00f3w\",\"isPartOf\":{\"@id\":\"https:\\\/\\\/naturalpoland.com\\\/tr\\\/#website\"},\"primaryImageOfPage\":{\"@id\":\"https:\\\/\\\/naturalpoland.com\\\/tr\\\/urunler\\\/kozmetik-hammaddeleri\\\/ucucu-yaglar\\\/citronella-yagi\\\/#primaryimage\"},\"image\":{\"@id\":\"https:\\\/\\\/naturalpoland.com\\\/tr\\\/urunler\\\/kozmetik-hammaddeleri\\\/ucucu-yaglar\\\/citronella-yagi\\\/#primaryimage\"},\"thumbnailUrl\":\"https:\\\/\\\/naturalpoland.com\\\/wp-content\\\/uploads\\\/olejek-eteryczny-citronella.webp\",\"datePublished\":\"2024-10-18T09:27:02+00:00\",\"dateModified\":\"2026-02-25T16:14:21+00:00\",\"description\":\"Citronella Ya\u011f\u0131, taze, narenciye kokulu ve hafif odunsu notalar\u0131yla sa\u011fl\u0131k uygulamalar\u0131nda terap\u00f6tik bir etki sunar.\",\"breadcrumb\":{\"@id\":\"https:\\\/\\\/naturalpoland.com\\\/tr\\\/urunler\\\/kozmetik-hammaddeleri\\\/ucucu-yaglar\\\/citronella-yagi\\\/#breadcrumb\"},\"inLanguage\":\"tr\",\"potentialAction\":[{\"@type\":\"ReadAction\",\"target\":[\"https:\\\/\\\/naturalpoland.com\\\/tr\\\/urunler\\\/kozmetik-hammaddeleri\\\/ucucu-yaglar\\\/citronella-yagi\\\/\"]}]},{\"@type\":\"ImageObject\",\"inLanguage\":\"tr\",\"@id\":\"https:\\\/\\\/naturalpoland.com\\\/tr\\\/urunler\\\/kozmetik-hammaddeleri\\\/ucucu-yaglar\\\/citronella-yagi\\\/#primaryimage\",\"url\":\"https:\\\/\\\/naturalpoland.com\\\/wp-content\\\/uploads\\\/olejek-eteryczny-citronella.webp\",\"contentUrl\":\"https:\\\/\\\/naturalpoland.com\\\/wp-content\\\/uploads\\\/olejek-eteryczny-citronella.webp\",\"width\":619,\"height\":619,\"caption\":\"citronella esansiyel ya\u011f\u0131\"},{\"@type\":\"BreadcrumbList\",\"@id\":\"https:\\\/\\\/naturalpoland.com\\\/tr\\\/urunler\\\/kozmetik-hammaddeleri\\\/ucucu-yaglar\\\/citronella-yagi\\\/#breadcrumb\",\"itemListElement\":[{\"@type\":\"ListItem\",\"position\":1,\"name\":\"Ana Sayfa\",\"item\":\"https:\\\/\\\/naturalpoland.com\\\/tr\\\/\"},{\"@type\":\"ListItem\",\"position\":2,\"name\":\"\u00dcr\u00fcnler\",\"item\":\"https:\\\/\\\/naturalpoland.com\\\/tr\\\/urunler\\\/\"},{\"@type\":\"ListItem\",\"position\":3,\"name\":\"Citronella Ya\u011f\u0131\"}]},{\"@type\":\"WebSite\",\"@id\":\"https:\\\/\\\/naturalpoland.com\\\/tr\\\/#website\",\"url\":\"https:\\\/\\\/naturalpoland.com\\\/tr\\\/\",\"name\":\"NATURAL POLAND - Hurtowy Dystrybutor Surowc\u00f3w\",\"description\":\"Surowce dla przemys\u0142u spo\u017cywczego, kosmetycznego i farmaceutycznego\",\"publisher\":{\"@id\":\"https:\\\/\\\/naturalpoland.com\\\/tr\\\/#organization\"},\"potentialAction\":[{\"@type\":\"SearchAction\",\"target\":{\"@type\":\"EntryPoint\",\"urlTemplate\":\"https:\\\/\\\/naturalpoland.com\\\/tr\\\/?s={search_term_string}\"},\"query-input\":{\"@type\":\"PropertyValueSpecification\",\"valueRequired\":true,\"valueName\":\"search_term_string\"}}],\"inLanguage\":\"tr\"},{\"@type\":\"Organization\",\"@id\":\"https:\\\/\\\/naturalpoland.com\\\/tr\\\/#organization\",\"name\":\"Natural Poland\",\"url\":\"https:\\\/\\\/naturalpoland.com\\\/tr\\\/\",\"logo\":{\"@type\":\"ImageObject\",\"inLanguage\":\"tr\",\"@id\":\"https:\\\/\\\/naturalpoland.com\\\/tr\\\/#\\\/schema\\\/logo\\\/image\\\/\",\"url\":\"https:\\\/\\\/naturalpoland.com\\\/wp-content\\\/uploads\\\/2021\\\/05\\\/natural-poland-icon.png\",\"contentUrl\":\"https:\\\/\\\/naturalpoland.com\\\/wp-content\\\/uploads\\\/2021\\\/05\\\/natural-poland-icon.png\",\"width\":512,\"height\":512,\"caption\":\"Natural Poland\"},\"image\":{\"@id\":\"https:\\\/\\\/naturalpoland.com\\\/tr\\\/#\\\/schema\\\/logo\\\/image\\\/\"},\"sameAs\":[\"https:\\\/\\\/www.facebook.com\\\/naturalpoland.b2b\",\"https:\\\/\\\/pl.linkedin.com\\\/company\\\/natural-poland\",\"https:\\\/\\\/www.youtube.com\\\/channel\\\/UCgeGGkvOMahZo-xu_MSEWxg\"]}]}<\/script>\n<!-- \/ Yoast SEO plugin. -->","yoast_head_json":{"title":"Citronella Ya\u011f\u0131 - NATURAL POLAND - Hurtowy Dystrybutor Surowc\u00f3w","description":"Citronella Ya\u011f\u0131, taze, narenciye kokulu ve hafif odunsu notalar\u0131yla sa\u011fl\u0131k uygulamalar\u0131nda terap\u00f6tik bir etki sunar.","robots":{"index":"index","follow":"follow","max-snippet":"max-snippet:-1","max-image-preview":"max-image-preview:large","max-video-preview":"max-video-preview:-1"},"canonical":"https:\/\/naturalpoland.com\/tr\/urunler\/kozmetik-hammaddeleri\/ucucu-yaglar\/citronella-yagi\/","og_locale":"tr_TR","og_type":"article","og_title":"Citronella Ya\u011f\u0131 - NATURAL POLAND - Hurtowy Dystrybutor Surowc\u00f3w","og_description":"Citronella Ya\u011f\u0131, taze, narenciye kokulu ve hafif odunsu notalar\u0131yla sa\u011fl\u0131k uygulamalar\u0131nda terap\u00f6tik bir etki sunar.","og_url":"https:\/\/naturalpoland.com\/tr\/urunler\/kozmetik-hammaddeleri\/ucucu-yaglar\/citronella-yagi\/","og_site_name":"NATURAL POLAND - Hurtowy Dystrybutor Surowc\u00f3w","article_publisher":"https:\/\/www.facebook.com\/naturalpoland.b2b","article_modified_time":"2026-02-25T16:14:21+00:00","og_image":[{"width":619,"height":619,"url":"https:\/\/naturalpoland.com\/wp-content\/uploads\/olejek-eteryczny-citronella.webp","type":"image\/webp"}],"schema":{"@context":"https:\/\/schema.org","@graph":[{"@type":"WebPage","@id":"https:\/\/naturalpoland.com\/tr\/urunler\/kozmetik-hammaddeleri\/ucucu-yaglar\/citronella-yagi\/","url":"https:\/\/naturalpoland.com\/tr\/urunler\/kozmetik-hammaddeleri\/ucucu-yaglar\/citronella-yagi\/","name":"Citronella Ya\u011f\u0131 - NATURAL POLAND - Hurtowy Dystrybutor Surowc\u00f3w","isPartOf":{"@id":"https:\/\/naturalpoland.com\/tr\/#website"},"primaryImageOfPage":{"@id":"https:\/\/naturalpoland.com\/tr\/urunler\/kozmetik-hammaddeleri\/ucucu-yaglar\/citronella-yagi\/#primaryimage"},"image":{"@id":"https:\/\/naturalpoland.com\/tr\/urunler\/kozmetik-hammaddeleri\/ucucu-yaglar\/citronella-yagi\/#primaryimage"},"thumbnailUrl":"https:\/\/naturalpoland.com\/wp-content\/uploads\/olejek-eteryczny-citronella.webp","datePublished":"2024-10-18T09:27:02+00:00","dateModified":"2026-02-25T16:14:21+00:00","description":"Citronella Ya\u011f\u0131, taze, narenciye kokulu ve hafif odunsu notalar\u0131yla sa\u011fl\u0131k uygulamalar\u0131nda terap\u00f6tik bir etki sunar.","breadcrumb":{"@id":"https:\/\/naturalpoland.com\/tr\/urunler\/kozmetik-hammaddeleri\/ucucu-yaglar\/citronella-yagi\/#breadcrumb"},"inLanguage":"tr","potentialAction":[{"@type":"ReadAction","target":["https:\/\/naturalpoland.com\/tr\/urunler\/kozmetik-hammaddeleri\/ucucu-yaglar\/citronella-yagi\/"]}]},{"@type":"ImageObject","inLanguage":"tr","@id":"https:\/\/naturalpoland.com\/tr\/urunler\/kozmetik-hammaddeleri\/ucucu-yaglar\/citronella-yagi\/#primaryimage","url":"https:\/\/naturalpoland.com\/wp-content\/uploads\/olejek-eteryczny-citronella.webp","contentUrl":"https:\/\/naturalpoland.com\/wp-content\/uploads\/olejek-eteryczny-citronella.webp","width":619,"height":619,"caption":"citronella esansiyel ya\u011f\u0131"},{"@type":"BreadcrumbList","@id":"https:\/\/naturalpoland.com\/tr\/urunler\/kozmetik-hammaddeleri\/ucucu-yaglar\/citronella-yagi\/#breadcrumb","itemListElement":[{"@type":"ListItem","position":1,"name":"Ana Sayfa","item":"https:\/\/naturalpoland.com\/tr\/"},{"@type":"ListItem","position":2,"name":"\u00dcr\u00fcnler","item":"https:\/\/naturalpoland.com\/tr\/urunler\/"},{"@type":"ListItem","position":3,"name":"Citronella Ya\u011f\u0131"}]},{"@type":"WebSite","@id":"https:\/\/naturalpoland.com\/tr\/#website","url":"https:\/\/naturalpoland.com\/tr\/","name":"NATURAL POLAND - Hurtowy Dystrybutor Surowc\u00f3w","description":"Surowce dla przemys\u0142u spo\u017cywczego, kosmetycznego i farmaceutycznego","publisher":{"@id":"https:\/\/naturalpoland.com\/tr\/#organization"},"potentialAction":[{"@type":"SearchAction","target":{"@type":"EntryPoint","urlTemplate":"https:\/\/naturalpoland.com\/tr\/?s={search_term_string}"},"query-input":{"@type":"PropertyValueSpecification","valueRequired":true,"valueName":"search_term_string"}}],"inLanguage":"tr"},{"@type":"Organization","@id":"https:\/\/naturalpoland.com\/tr\/#organization","name":"Natural Poland","url":"https:\/\/naturalpoland.com\/tr\/","logo":{"@type":"ImageObject","inLanguage":"tr","@id":"https:\/\/naturalpoland.com\/tr\/#\/schema\/logo\/image\/","url":"https:\/\/naturalpoland.com\/wp-content\/uploads\/2021\/05\/natural-poland-icon.png","contentUrl":"https:\/\/naturalpoland.com\/wp-content\/uploads\/2021\/05\/natural-poland-icon.png","width":512,"height":512,"caption":"Natural Poland"},"image":{"@id":"https:\/\/naturalpoland.com\/tr\/#\/schema\/logo\/image\/"},"sameAs":["https:\/\/www.facebook.com\/naturalpoland.b2b","https:\/\/pl.linkedin.com\/company\/natural-poland","https:\/\/www.youtube.com\/channel\/UCgeGGkvOMahZo-xu_MSEWxg"]}]}},"_links":{"self":[{"href":"https:\/\/naturalpoland.com\/tr\/wp-json\/wp\/v2\/product\/46192","targetHints":{"allow":["GET"]}}],"collection":[{"href":"https:\/\/naturalpoland.com\/tr\/wp-json\/wp\/v2\/product"}],"about":[{"href":"https:\/\/naturalpoland.com\/tr\/wp-json\/wp\/v2\/types\/product"}],"wp:featuredmedia":[{"embeddable":true,"href":"https:\/\/naturalpoland.com\/tr\/wp-json\/wp\/v2\/media\/46193"}],"wp:attachment":[{"href":"https:\/\/naturalpoland.com\/tr\/wp-json\/wp\/v2\/media?parent=46192"}],"wp:term":[{"taxonomy":"product_brand","embeddable":true,"href":"https:\/\/naturalpoland.com\/tr\/wp-json\/wp\/v2\/product_brand?post=46192"},{"taxonomy":"product_cat","embeddable":true,"href":"https:\/\/naturalpoland.com\/tr\/wp-json\/wp\/v2\/product_cat?post=46192"},{"taxonomy":"product_tag","embeddable":true,"href":"https:\/\/naturalpoland.com\/tr\/wp-json\/wp\/v2\/product_tag?post=46192"}],"curies":[{"name":"wp","href":"https:\/\/api.w.org\/{rel}","templated":true}]}}