{"id":46196,"date":"2024-10-21T12:58:50","date_gmt":"2024-10-21T10:58:50","guid":{"rendered":"https:\/\/naturalpoland.com\/produkty\/kategorilenmemis\/aci-portakal-yagi\/"},"modified":"2026-02-25T17:14:47","modified_gmt":"2026-02-25T16:14:47","slug":"aci-portakal-yagi","status":"publish","type":"product","link":"https:\/\/naturalpoland.com\/tr\/urunler\/kozmetik-hammaddeleri\/ucucu-yaglar\/aci-portakal-yagi\/","title":{"rendered":"Ac\u0131 Portakal Ya\u011f\u0131"},"content":{"rendered":"<p>Ac\u0131 portakal ya\u011f\u0131, Hindistan, \u0130spanya, Sicilya, Fas ve Karayipler gibi s\u0131cak iklim b\u00f6lgelerinde yeti\u015ftirilen meyvelerin kabuklar\u0131ndan so\u011fuk s\u0131k\u0131m y\u00f6ntemiyle elde edilir. Ya\u011f, terap\u00f6tik etkilerinden sorumlu olan <strong>limonen<\/strong>, <strong>linalol<\/strong> ve <strong>sitral<\/strong> gibi aktif bile\u015fenler a\u00e7\u0131s\u0131ndan zengindir. <\/p>\n<p>Ya\u011fda bulunan <strong>flavonoidler<\/strong>, v\u00fccudun do\u011fal savunma mekanizmalar\u0131n\u0131 g\u00fc\u00e7lendirerek ba\u011f\u0131\u015f\u0131kl\u0131k sistemini destekler. So\u011fuk alg\u0131nl\u0131\u011f\u0131 ve grip mevsiminde dif\u00fcz\u00f6rde kullan\u0131lmas\u0131, havay\u0131 istenmeyen mikroplardan ar\u0131nd\u0131rmaya yard\u0131mc\u0131 olur. <\/p>\n<p>Ya\u011f ayr\u0131ca sindirim sistemini destekleyici \u00f6zelliklere sahiptir. \u0130\u015ftah\u0131 d\u00fczenlerken haz\u0131ms\u0131zl\u0131k, mide ek\u015fimesi ve \u015fi\u015fkinlik gibi sorunlar\u0131 hafifletmeye yard\u0131mc\u0131 olur. <\/p>\n<p>Canland\u0131r\u0131c\u0131 ve enerji verici kokusu sayesinde bu \u00fcr\u00fcn, sinir sistemi \u00fczerinde yat\u0131\u015ft\u0131r\u0131c\u0131 bir etki g\u00f6stererek stres, gerginlik ve kayg\u0131yla m\u00fccadeleye yard\u0131mc\u0131 olur. Aromaterapide ruh halini iyile\u015ftirmek, depresyon semptomlar\u0131n\u0131 hafifletmek ve rahatlamay\u0131 desteklemek i\u00e7in kullan\u0131l\u0131r. Solunum yoluyla teneff\u00fcs edildi\u011finde zihni uyar\u0131r, konsantrasyonu art\u0131r\u0131r ve enerji verir.  <\/p>\n<p>Kozmetik \u00fcr\u00fcnlerin bir bile\u015feni olarak ac\u0131 portakal ya\u011f\u0131, ar\u0131nd\u0131r\u0131c\u0131, tonikleyici ve ya\u015flanma kar\u015f\u0131t\u0131 etkilere sahiptir. Ya\u011fl\u0131, olgun ve kusurlara e\u011filimli ciltlerin durumunu iyile\u015ftirmek i\u00e7in kremlere, serumlara ve toniklere eklenebilir. <\/p>\n<p>Ac\u0131 portakal ya\u011f\u0131 <strong>fototoksiktir<\/strong>, yani cilde uyguland\u0131ktan sonra en az 18 saat boyunca do\u011frudan g\u00fcne\u015f \u0131\u015f\u0131\u011f\u0131na maruz b\u0131rak\u0131lmamal\u0131d\u0131r. Tahri\u015fi \u00f6nlemek i\u00e7in \u00fcr\u00fcn dikkatli kullan\u0131lmal\u0131 ve her zaman bir ta\u015f\u0131y\u0131c\u0131 ya\u011fda seyreltilmelidir. <\/p>\n","protected":false},"excerpt":{"rendered":"<p><strong>Ac\u0131 portakal esansiyel ya\u011f\u0131<\/strong>, <em>Citrus aurantium<\/em> meyvelerinden elde edilir. Taze, narenciye aromas\u0131 ile hafif ye\u015fil ve odunsu notalar\u0131yla \u00f6ne \u00e7\u0131kar.<\/p>\n","protected":false},"featured_media":46197,"template":"","meta":[],"product_brand":[],"product_cat":[9552],"product_tag":[],"class_list":{"0":"post-46196","1":"product","2":"type-product","3":"status-publish","4":"has-post-thumbnail","6":"product_cat-ucucu-yaglar","8":"first","9":"instock","10":"shipping-taxable","11":"product-type-simple"},"yoast_head":"<!-- This site is optimized with the Yoast SEO plugin v27.4 - https:\/\/yoast.com\/product\/yoast-seo-wordpress\/ -->\n<title>Ac\u0131 Portakal Ya\u011f\u0131 - NATURAL POLAND - Hurtowy Dystrybutor Surowc\u00f3w<\/title>\n<meta name=\"description\" content=\"Ac\u0131 portakal ya\u011f\u0131, Hindistan, \u0130spanya, Sicilya gibi s\u0131cak iklim b\u00f6lgelerinde yeti\u015ftirilen meyvelerin kabuklar\u0131ndan so\u011fuk s\u0131k\u0131m y\u00f6ntemiyle elde edilir.\" \/>\n<meta name=\"robots\" content=\"index, follow, max-snippet:-1, max-image-preview:large, max-video-preview:-1\" \/>\n<link rel=\"canonical\" href=\"https:\/\/naturalpoland.com\/tr\/urunler\/kozmetik-hammaddeleri\/ucucu-yaglar\/aci-portakal-yagi\/\" \/>\n<meta property=\"og:locale\" content=\"tr_TR\" \/>\n<meta property=\"og:type\" content=\"article\" \/>\n<meta property=\"og:title\" content=\"Ac\u0131 Portakal Ya\u011f\u0131 - NATURAL POLAND - Hurtowy Dystrybutor Surowc\u00f3w\" \/>\n<meta property=\"og:description\" content=\"Ac\u0131 portakal ya\u011f\u0131, Hindistan, \u0130spanya, Sicilya gibi s\u0131cak iklim b\u00f6lgelerinde yeti\u015ftirilen meyvelerin kabuklar\u0131ndan so\u011fuk s\u0131k\u0131m y\u00f6ntemiyle elde edilir.\" \/>\n<meta property=\"og:url\" content=\"https:\/\/naturalpoland.com\/tr\/urunler\/kozmetik-hammaddeleri\/ucucu-yaglar\/aci-portakal-yagi\/\" \/>\n<meta property=\"og:site_name\" content=\"NATURAL POLAND - Hurtowy Dystrybutor Surowc\u00f3w\" \/>\n<meta property=\"article:publisher\" content=\"https:\/\/www.facebook.com\/naturalpoland.b2b\" \/>\n<meta property=\"article:modified_time\" content=\"2026-02-25T16:14:47+00:00\" \/>\n<meta property=\"og:image\" content=\"https:\/\/naturalpoland.com\/wp-content\/uploads\/olejek-z-gorzkiej-pomaranczy.webp\" \/>\n\t<meta property=\"og:image:width\" content=\"426\" \/>\n\t<meta property=\"og:image:height\" content=\"426\" \/>\n\t<meta property=\"og:image:type\" content=\"image\/webp\" \/>\n<script type=\"application\/ld+json\" class=\"yoast-schema-graph\">{\"@context\":\"https:\\\/\\\/schema.org\",\"@graph\":[{\"@type\":\"WebPage\",\"@id\":\"https:\\\/\\\/naturalpoland.com\\\/tr\\\/urunler\\\/kozmetik-hammaddeleri\\\/ucucu-yaglar\\\/aci-portakal-yagi\\\/\",\"url\":\"https:\\\/\\\/naturalpoland.com\\\/tr\\\/urunler\\\/kozmetik-hammaddeleri\\\/ucucu-yaglar\\\/aci-portakal-yagi\\\/\",\"name\":\"Ac\u0131 Portakal Ya\u011f\u0131 - NATURAL POLAND - Hurtowy Dystrybutor Surowc\u00f3w\",\"isPartOf\":{\"@id\":\"https:\\\/\\\/naturalpoland.com\\\/tr\\\/#website\"},\"primaryImageOfPage\":{\"@id\":\"https:\\\/\\\/naturalpoland.com\\\/tr\\\/urunler\\\/kozmetik-hammaddeleri\\\/ucucu-yaglar\\\/aci-portakal-yagi\\\/#primaryimage\"},\"image\":{\"@id\":\"https:\\\/\\\/naturalpoland.com\\\/tr\\\/urunler\\\/kozmetik-hammaddeleri\\\/ucucu-yaglar\\\/aci-portakal-yagi\\\/#primaryimage\"},\"thumbnailUrl\":\"https:\\\/\\\/naturalpoland.com\\\/wp-content\\\/uploads\\\/olejek-z-gorzkiej-pomaranczy.webp\",\"datePublished\":\"2024-10-21T10:58:50+00:00\",\"dateModified\":\"2026-02-25T16:14:47+00:00\",\"description\":\"Ac\u0131 portakal ya\u011f\u0131, Hindistan, \u0130spanya, Sicilya gibi s\u0131cak iklim b\u00f6lgelerinde yeti\u015ftirilen meyvelerin kabuklar\u0131ndan so\u011fuk s\u0131k\u0131m y\u00f6ntemiyle elde edilir.\",\"breadcrumb\":{\"@id\":\"https:\\\/\\\/naturalpoland.com\\\/tr\\\/urunler\\\/kozmetik-hammaddeleri\\\/ucucu-yaglar\\\/aci-portakal-yagi\\\/#breadcrumb\"},\"inLanguage\":\"tr\",\"potentialAction\":[{\"@type\":\"ReadAction\",\"target\":[\"https:\\\/\\\/naturalpoland.com\\\/tr\\\/urunler\\\/kozmetik-hammaddeleri\\\/ucucu-yaglar\\\/aci-portakal-yagi\\\/\"]}]},{\"@type\":\"ImageObject\",\"inLanguage\":\"tr\",\"@id\":\"https:\\\/\\\/naturalpoland.com\\\/tr\\\/urunler\\\/kozmetik-hammaddeleri\\\/ucucu-yaglar\\\/aci-portakal-yagi\\\/#primaryimage\",\"url\":\"https:\\\/\\\/naturalpoland.com\\\/wp-content\\\/uploads\\\/olejek-z-gorzkiej-pomaranczy.webp\",\"contentUrl\":\"https:\\\/\\\/naturalpoland.com\\\/wp-content\\\/uploads\\\/olejek-z-gorzkiej-pomaranczy.webp\",\"width\":426,\"height\":426,\"caption\":\"Ac\u0131 Portakal Esansiyel Ya\u011f\u0131\"},{\"@type\":\"BreadcrumbList\",\"@id\":\"https:\\\/\\\/naturalpoland.com\\\/tr\\\/urunler\\\/kozmetik-hammaddeleri\\\/ucucu-yaglar\\\/aci-portakal-yagi\\\/#breadcrumb\",\"itemListElement\":[{\"@type\":\"ListItem\",\"position\":1,\"name\":\"Ana Sayfa\",\"item\":\"https:\\\/\\\/naturalpoland.com\\\/tr\\\/\"},{\"@type\":\"ListItem\",\"position\":2,\"name\":\"\u00dcr\u00fcnler\",\"item\":\"https:\\\/\\\/naturalpoland.com\\\/tr\\\/urunler\\\/\"},{\"@type\":\"ListItem\",\"position\":3,\"name\":\"Ac\u0131 Portakal Ya\u011f\u0131\"}]},{\"@type\":\"WebSite\",\"@id\":\"https:\\\/\\\/naturalpoland.com\\\/tr\\\/#website\",\"url\":\"https:\\\/\\\/naturalpoland.com\\\/tr\\\/\",\"name\":\"NATURAL POLAND - Hurtowy Dystrybutor Surowc\u00f3w\",\"description\":\"Surowce dla przemys\u0142u spo\u017cywczego, kosmetycznego i farmaceutycznego\",\"publisher\":{\"@id\":\"https:\\\/\\\/naturalpoland.com\\\/tr\\\/#organization\"},\"potentialAction\":[{\"@type\":\"SearchAction\",\"target\":{\"@type\":\"EntryPoint\",\"urlTemplate\":\"https:\\\/\\\/naturalpoland.com\\\/tr\\\/?s={search_term_string}\"},\"query-input\":{\"@type\":\"PropertyValueSpecification\",\"valueRequired\":true,\"valueName\":\"search_term_string\"}}],\"inLanguage\":\"tr\"},{\"@type\":\"Organization\",\"@id\":\"https:\\\/\\\/naturalpoland.com\\\/tr\\\/#organization\",\"name\":\"Natural Poland\",\"url\":\"https:\\\/\\\/naturalpoland.com\\\/tr\\\/\",\"logo\":{\"@type\":\"ImageObject\",\"inLanguage\":\"tr\",\"@id\":\"https:\\\/\\\/naturalpoland.com\\\/tr\\\/#\\\/schema\\\/logo\\\/image\\\/\",\"url\":\"https:\\\/\\\/naturalpoland.com\\\/wp-content\\\/uploads\\\/2021\\\/05\\\/natural-poland-icon.png\",\"contentUrl\":\"https:\\\/\\\/naturalpoland.com\\\/wp-content\\\/uploads\\\/2021\\\/05\\\/natural-poland-icon.png\",\"width\":512,\"height\":512,\"caption\":\"Natural Poland\"},\"image\":{\"@id\":\"https:\\\/\\\/naturalpoland.com\\\/tr\\\/#\\\/schema\\\/logo\\\/image\\\/\"},\"sameAs\":[\"https:\\\/\\\/www.facebook.com\\\/naturalpoland.b2b\",\"https:\\\/\\\/pl.linkedin.com\\\/company\\\/natural-poland\",\"https:\\\/\\\/www.youtube.com\\\/channel\\\/UCgeGGkvOMahZo-xu_MSEWxg\"]}]}<\/script>\n<!-- \/ Yoast SEO plugin. -->","yoast_head_json":{"title":"Ac\u0131 Portakal Ya\u011f\u0131 - NATURAL POLAND - Hurtowy Dystrybutor Surowc\u00f3w","description":"Ac\u0131 portakal ya\u011f\u0131, Hindistan, \u0130spanya, Sicilya gibi s\u0131cak iklim b\u00f6lgelerinde yeti\u015ftirilen meyvelerin kabuklar\u0131ndan so\u011fuk s\u0131k\u0131m y\u00f6ntemiyle elde edilir.","robots":{"index":"index","follow":"follow","max-snippet":"max-snippet:-1","max-image-preview":"max-image-preview:large","max-video-preview":"max-video-preview:-1"},"canonical":"https:\/\/naturalpoland.com\/tr\/urunler\/kozmetik-hammaddeleri\/ucucu-yaglar\/aci-portakal-yagi\/","og_locale":"tr_TR","og_type":"article","og_title":"Ac\u0131 Portakal Ya\u011f\u0131 - NATURAL POLAND - Hurtowy Dystrybutor Surowc\u00f3w","og_description":"Ac\u0131 portakal ya\u011f\u0131, Hindistan, \u0130spanya, Sicilya gibi s\u0131cak iklim b\u00f6lgelerinde yeti\u015ftirilen meyvelerin kabuklar\u0131ndan so\u011fuk s\u0131k\u0131m y\u00f6ntemiyle elde edilir.","og_url":"https:\/\/naturalpoland.com\/tr\/urunler\/kozmetik-hammaddeleri\/ucucu-yaglar\/aci-portakal-yagi\/","og_site_name":"NATURAL POLAND - Hurtowy Dystrybutor Surowc\u00f3w","article_publisher":"https:\/\/www.facebook.com\/naturalpoland.b2b","article_modified_time":"2026-02-25T16:14:47+00:00","og_image":[{"width":426,"height":426,"url":"https:\/\/naturalpoland.com\/wp-content\/uploads\/olejek-z-gorzkiej-pomaranczy.webp","type":"image\/webp"}],"schema":{"@context":"https:\/\/schema.org","@graph":[{"@type":"WebPage","@id":"https:\/\/naturalpoland.com\/tr\/urunler\/kozmetik-hammaddeleri\/ucucu-yaglar\/aci-portakal-yagi\/","url":"https:\/\/naturalpoland.com\/tr\/urunler\/kozmetik-hammaddeleri\/ucucu-yaglar\/aci-portakal-yagi\/","name":"Ac\u0131 Portakal Ya\u011f\u0131 - NATURAL POLAND - Hurtowy Dystrybutor Surowc\u00f3w","isPartOf":{"@id":"https:\/\/naturalpoland.com\/tr\/#website"},"primaryImageOfPage":{"@id":"https:\/\/naturalpoland.com\/tr\/urunler\/kozmetik-hammaddeleri\/ucucu-yaglar\/aci-portakal-yagi\/#primaryimage"},"image":{"@id":"https:\/\/naturalpoland.com\/tr\/urunler\/kozmetik-hammaddeleri\/ucucu-yaglar\/aci-portakal-yagi\/#primaryimage"},"thumbnailUrl":"https:\/\/naturalpoland.com\/wp-content\/uploads\/olejek-z-gorzkiej-pomaranczy.webp","datePublished":"2024-10-21T10:58:50+00:00","dateModified":"2026-02-25T16:14:47+00:00","description":"Ac\u0131 portakal ya\u011f\u0131, Hindistan, \u0130spanya, Sicilya gibi s\u0131cak iklim b\u00f6lgelerinde yeti\u015ftirilen meyvelerin kabuklar\u0131ndan so\u011fuk s\u0131k\u0131m y\u00f6ntemiyle elde edilir.","breadcrumb":{"@id":"https:\/\/naturalpoland.com\/tr\/urunler\/kozmetik-hammaddeleri\/ucucu-yaglar\/aci-portakal-yagi\/#breadcrumb"},"inLanguage":"tr","potentialAction":[{"@type":"ReadAction","target":["https:\/\/naturalpoland.com\/tr\/urunler\/kozmetik-hammaddeleri\/ucucu-yaglar\/aci-portakal-yagi\/"]}]},{"@type":"ImageObject","inLanguage":"tr","@id":"https:\/\/naturalpoland.com\/tr\/urunler\/kozmetik-hammaddeleri\/ucucu-yaglar\/aci-portakal-yagi\/#primaryimage","url":"https:\/\/naturalpoland.com\/wp-content\/uploads\/olejek-z-gorzkiej-pomaranczy.webp","contentUrl":"https:\/\/naturalpoland.com\/wp-content\/uploads\/olejek-z-gorzkiej-pomaranczy.webp","width":426,"height":426,"caption":"Ac\u0131 Portakal Esansiyel Ya\u011f\u0131"},{"@type":"BreadcrumbList","@id":"https:\/\/naturalpoland.com\/tr\/urunler\/kozmetik-hammaddeleri\/ucucu-yaglar\/aci-portakal-yagi\/#breadcrumb","itemListElement":[{"@type":"ListItem","position":1,"name":"Ana Sayfa","item":"https:\/\/naturalpoland.com\/tr\/"},{"@type":"ListItem","position":2,"name":"\u00dcr\u00fcnler","item":"https:\/\/naturalpoland.com\/tr\/urunler\/"},{"@type":"ListItem","position":3,"name":"Ac\u0131 Portakal Ya\u011f\u0131"}]},{"@type":"WebSite","@id":"https:\/\/naturalpoland.com\/tr\/#website","url":"https:\/\/naturalpoland.com\/tr\/","name":"NATURAL POLAND - Hurtowy Dystrybutor Surowc\u00f3w","description":"Surowce dla przemys\u0142u spo\u017cywczego, kosmetycznego i farmaceutycznego","publisher":{"@id":"https:\/\/naturalpoland.com\/tr\/#organization"},"potentialAction":[{"@type":"SearchAction","target":{"@type":"EntryPoint","urlTemplate":"https:\/\/naturalpoland.com\/tr\/?s={search_term_string}"},"query-input":{"@type":"PropertyValueSpecification","valueRequired":true,"valueName":"search_term_string"}}],"inLanguage":"tr"},{"@type":"Organization","@id":"https:\/\/naturalpoland.com\/tr\/#organization","name":"Natural Poland","url":"https:\/\/naturalpoland.com\/tr\/","logo":{"@type":"ImageObject","inLanguage":"tr","@id":"https:\/\/naturalpoland.com\/tr\/#\/schema\/logo\/image\/","url":"https:\/\/naturalpoland.com\/wp-content\/uploads\/2021\/05\/natural-poland-icon.png","contentUrl":"https:\/\/naturalpoland.com\/wp-content\/uploads\/2021\/05\/natural-poland-icon.png","width":512,"height":512,"caption":"Natural Poland"},"image":{"@id":"https:\/\/naturalpoland.com\/tr\/#\/schema\/logo\/image\/"},"sameAs":["https:\/\/www.facebook.com\/naturalpoland.b2b","https:\/\/pl.linkedin.com\/company\/natural-poland","https:\/\/www.youtube.com\/channel\/UCgeGGkvOMahZo-xu_MSEWxg"]}]}},"_links":{"self":[{"href":"https:\/\/naturalpoland.com\/tr\/wp-json\/wp\/v2\/product\/46196","targetHints":{"allow":["GET"]}}],"collection":[{"href":"https:\/\/naturalpoland.com\/tr\/wp-json\/wp\/v2\/product"}],"about":[{"href":"https:\/\/naturalpoland.com\/tr\/wp-json\/wp\/v2\/types\/product"}],"wp:featuredmedia":[{"embeddable":true,"href":"https:\/\/naturalpoland.com\/tr\/wp-json\/wp\/v2\/media\/46197"}],"wp:attachment":[{"href":"https:\/\/naturalpoland.com\/tr\/wp-json\/wp\/v2\/media?parent=46196"}],"wp:term":[{"taxonomy":"product_brand","embeddable":true,"href":"https:\/\/naturalpoland.com\/tr\/wp-json\/wp\/v2\/product_brand?post=46196"},{"taxonomy":"product_cat","embeddable":true,"href":"https:\/\/naturalpoland.com\/tr\/wp-json\/wp\/v2\/product_cat?post=46196"},{"taxonomy":"product_tag","embeddable":true,"href":"https:\/\/naturalpoland.com\/tr\/wp-json\/wp\/v2\/product_tag?post=46196"}],"curies":[{"name":"wp","href":"https:\/\/api.w.org\/{rel}","templated":true}]}}