{"id":46208,"date":"2024-08-02T10:41:58","date_gmt":"2024-08-02T08:41:58","guid":{"rendered":"https:\/\/naturalpoland.com\/produkty\/kategorilenmemis\/erigeron-canadensis-ekstrakti\/"},"modified":"2026-02-27T13:51:50","modified_gmt":"2026-02-27T12:51:50","slug":"erigeron-canadensis-ekstrakti","status":"publish","type":"product","link":"https:\/\/naturalpoland.com\/tr\/urunler\/bitkisel-ekstraktlar\/erigeron-canadensis-ekstrakti\/","title":{"rendered":"Erigeron canadensis Ekstrakt\u0131"},"content":{"rendered":"<p>Erigeron canadensis ekstrakt\u0131, farmas\u00f6tik end\u00fcstrisinde, diyet takviyelerinde ve kozmetikte kullan\u0131lmaktad\u0131r. Ba\u011f\u0131\u015f\u0131kl\u0131k sistemini desteklemeyi, iltihab\u0131 hafifletmeyi ama\u00e7layan form\u00fcllere ve anti-inflamatuar ve ar\u0131nd\u0131r\u0131c\u0131 \u00f6zellikleri nedeniyle cilt bak\u0131m \u00fcr\u00fcnlerine eklenebilir. <\/p>\n","protected":false},"excerpt":{"rendered":"<p>Erigeron canadensis ekstrakt\u0131, t\u00fcm <em>Erigeron canadensis L<\/em> bitkisinden elde edilmektedir. Ekstrakt, bitkinin do\u011fal \u00f6zelliklerini korumak amac\u0131yla \u00e7\u00f6z\u00fcc\u00fc olarak su kullan\u0131larak \u00fcretilmektedir. <\/p>\n","protected":false},"featured_media":46209,"template":"","meta":[],"product_brand":[],"product_cat":[9531],"product_tag":[],"class_list":{"0":"post-46208","1":"product","2":"type-product","3":"status-publish","4":"has-post-thumbnail","6":"product_cat-bitkisel-ekstraktlar","7":"pa_czesc-rosliny-tum-bitki","9":"first","10":"instock","11":"shipping-taxable","12":"product-type-simple"},"yoast_head":"<!-- This site is optimized with the Yoast SEO plugin v27.4 - https:\/\/yoast.com\/product\/yoast-seo-wordpress\/ -->\n<title>Erigeron canadensis Ekstrakt\u0131 - NATURAL POLAND - Hurtowy Dystrybutor Surowc\u00f3w<\/title>\n<meta name=\"description\" content=\"Erigeron canadensis ekstrakt\u0131, \u00e7\u00f6z\u00fcc\u00fc olarak su kullan\u0131larak \u00fcretilmektedir. \u00dcr\u00fcn, iyi kapat\u0131lm\u0131\u015f bir kapta saklanmal\u0131d\u0131r.\" \/>\n<meta name=\"robots\" content=\"index, follow, max-snippet:-1, max-image-preview:large, max-video-preview:-1\" \/>\n<link rel=\"canonical\" href=\"https:\/\/naturalpoland.com\/tr\/urunler\/bitkisel-ekstraktlar\/erigeron-canadensis-ekstrakti\/\" \/>\n<meta property=\"og:locale\" content=\"tr_TR\" \/>\n<meta property=\"og:type\" content=\"article\" \/>\n<meta property=\"og:title\" content=\"Erigeron canadensis Ekstrakt\u0131 - NATURAL POLAND - Hurtowy Dystrybutor Surowc\u00f3w\" \/>\n<meta property=\"og:description\" content=\"Erigeron canadensis ekstrakt\u0131, \u00e7\u00f6z\u00fcc\u00fc olarak su kullan\u0131larak \u00fcretilmektedir. \u00dcr\u00fcn, iyi kapat\u0131lm\u0131\u015f bir kapta saklanmal\u0131d\u0131r.\" \/>\n<meta property=\"og:url\" content=\"https:\/\/naturalpoland.com\/tr\/urunler\/bitkisel-ekstraktlar\/erigeron-canadensis-ekstrakti\/\" \/>\n<meta property=\"og:site_name\" content=\"NATURAL POLAND - Hurtowy Dystrybutor Surowc\u00f3w\" \/>\n<meta property=\"article:publisher\" content=\"https:\/\/www.facebook.com\/naturalpoland.b2b\" \/>\n<meta property=\"article:modified_time\" content=\"2026-02-27T12:51:50+00:00\" \/>\n<meta property=\"og:image\" content=\"https:\/\/naturalpoland.com\/wp-content\/uploads\/ekstrakt-z-erigeron-canadensis.webp\" \/>\n\t<meta property=\"og:image:width\" content=\"613\" \/>\n\t<meta property=\"og:image:height\" content=\"613\" \/>\n\t<meta property=\"og:image:type\" content=\"image\/webp\" \/>\n<script type=\"application\/ld+json\" class=\"yoast-schema-graph\">{\"@context\":\"https:\\\/\\\/schema.org\",\"@graph\":[{\"@type\":\"WebPage\",\"@id\":\"https:\\\/\\\/naturalpoland.com\\\/tr\\\/urunler\\\/bitkisel-ekstraktlar\\\/erigeron-canadensis-ekstrakti\\\/\",\"url\":\"https:\\\/\\\/naturalpoland.com\\\/tr\\\/urunler\\\/bitkisel-ekstraktlar\\\/erigeron-canadensis-ekstrakti\\\/\",\"name\":\"Erigeron canadensis Ekstrakt\u0131 - NATURAL POLAND - Hurtowy Dystrybutor Surowc\u00f3w\",\"isPartOf\":{\"@id\":\"https:\\\/\\\/naturalpoland.com\\\/tr\\\/#website\"},\"primaryImageOfPage\":{\"@id\":\"https:\\\/\\\/naturalpoland.com\\\/tr\\\/urunler\\\/bitkisel-ekstraktlar\\\/erigeron-canadensis-ekstrakti\\\/#primaryimage\"},\"image\":{\"@id\":\"https:\\\/\\\/naturalpoland.com\\\/tr\\\/urunler\\\/bitkisel-ekstraktlar\\\/erigeron-canadensis-ekstrakti\\\/#primaryimage\"},\"thumbnailUrl\":\"https:\\\/\\\/naturalpoland.com\\\/wp-content\\\/uploads\\\/ekstrakt-z-erigeron-canadensis.webp\",\"datePublished\":\"2024-08-02T08:41:58+00:00\",\"dateModified\":\"2026-02-27T12:51:50+00:00\",\"description\":\"Erigeron canadensis ekstrakt\u0131, \u00e7\u00f6z\u00fcc\u00fc olarak su kullan\u0131larak \u00fcretilmektedir. \u00dcr\u00fcn, iyi kapat\u0131lm\u0131\u015f bir kapta saklanmal\u0131d\u0131r.\",\"breadcrumb\":{\"@id\":\"https:\\\/\\\/naturalpoland.com\\\/tr\\\/urunler\\\/bitkisel-ekstraktlar\\\/erigeron-canadensis-ekstrakti\\\/#breadcrumb\"},\"inLanguage\":\"tr\",\"potentialAction\":[{\"@type\":\"ReadAction\",\"target\":[\"https:\\\/\\\/naturalpoland.com\\\/tr\\\/urunler\\\/bitkisel-ekstraktlar\\\/erigeron-canadensis-ekstrakti\\\/\"]}]},{\"@type\":\"ImageObject\",\"inLanguage\":\"tr\",\"@id\":\"https:\\\/\\\/naturalpoland.com\\\/tr\\\/urunler\\\/bitkisel-ekstraktlar\\\/erigeron-canadensis-ekstrakti\\\/#primaryimage\",\"url\":\"https:\\\/\\\/naturalpoland.com\\\/wp-content\\\/uploads\\\/ekstrakt-z-erigeron-canadensis.webp\",\"contentUrl\":\"https:\\\/\\\/naturalpoland.com\\\/wp-content\\\/uploads\\\/ekstrakt-z-erigeron-canadensis.webp\",\"width\":613,\"height\":613,\"caption\":\"Erigeron canadensis Ekstrakt\u0131\"},{\"@type\":\"BreadcrumbList\",\"@id\":\"https:\\\/\\\/naturalpoland.com\\\/tr\\\/urunler\\\/bitkisel-ekstraktlar\\\/erigeron-canadensis-ekstrakti\\\/#breadcrumb\",\"itemListElement\":[{\"@type\":\"ListItem\",\"position\":1,\"name\":\"Ana Sayfa\",\"item\":\"https:\\\/\\\/naturalpoland.com\\\/tr\\\/\"},{\"@type\":\"ListItem\",\"position\":2,\"name\":\"\u00dcr\u00fcnler\",\"item\":\"https:\\\/\\\/naturalpoland.com\\\/tr\\\/urunler\\\/\"},{\"@type\":\"ListItem\",\"position\":3,\"name\":\"Erigeron canadensis Ekstrakt\u0131\"}]},{\"@type\":\"WebSite\",\"@id\":\"https:\\\/\\\/naturalpoland.com\\\/tr\\\/#website\",\"url\":\"https:\\\/\\\/naturalpoland.com\\\/tr\\\/\",\"name\":\"NATURAL POLAND - Hurtowy Dystrybutor Surowc\u00f3w\",\"description\":\"Surowce dla przemys\u0142u spo\u017cywczego, kosmetycznego i farmaceutycznego\",\"publisher\":{\"@id\":\"https:\\\/\\\/naturalpoland.com\\\/tr\\\/#organization\"},\"potentialAction\":[{\"@type\":\"SearchAction\",\"target\":{\"@type\":\"EntryPoint\",\"urlTemplate\":\"https:\\\/\\\/naturalpoland.com\\\/tr\\\/?s={search_term_string}\"},\"query-input\":{\"@type\":\"PropertyValueSpecification\",\"valueRequired\":true,\"valueName\":\"search_term_string\"}}],\"inLanguage\":\"tr\"},{\"@type\":\"Organization\",\"@id\":\"https:\\\/\\\/naturalpoland.com\\\/tr\\\/#organization\",\"name\":\"Natural Poland\",\"url\":\"https:\\\/\\\/naturalpoland.com\\\/tr\\\/\",\"logo\":{\"@type\":\"ImageObject\",\"inLanguage\":\"tr\",\"@id\":\"https:\\\/\\\/naturalpoland.com\\\/tr\\\/#\\\/schema\\\/logo\\\/image\\\/\",\"url\":\"https:\\\/\\\/naturalpoland.com\\\/wp-content\\\/uploads\\\/2021\\\/05\\\/natural-poland-icon.png\",\"contentUrl\":\"https:\\\/\\\/naturalpoland.com\\\/wp-content\\\/uploads\\\/2021\\\/05\\\/natural-poland-icon.png\",\"width\":512,\"height\":512,\"caption\":\"Natural Poland\"},\"image\":{\"@id\":\"https:\\\/\\\/naturalpoland.com\\\/tr\\\/#\\\/schema\\\/logo\\\/image\\\/\"},\"sameAs\":[\"https:\\\/\\\/www.facebook.com\\\/naturalpoland.b2b\",\"https:\\\/\\\/pl.linkedin.com\\\/company\\\/natural-poland\",\"https:\\\/\\\/www.youtube.com\\\/channel\\\/UCgeGGkvOMahZo-xu_MSEWxg\"]}]}<\/script>\n<!-- \/ Yoast SEO plugin. -->","yoast_head_json":{"title":"Erigeron canadensis Ekstrakt\u0131 - NATURAL POLAND - Hurtowy Dystrybutor Surowc\u00f3w","description":"Erigeron canadensis ekstrakt\u0131, \u00e7\u00f6z\u00fcc\u00fc olarak su kullan\u0131larak \u00fcretilmektedir. \u00dcr\u00fcn, iyi kapat\u0131lm\u0131\u015f bir kapta saklanmal\u0131d\u0131r.","robots":{"index":"index","follow":"follow","max-snippet":"max-snippet:-1","max-image-preview":"max-image-preview:large","max-video-preview":"max-video-preview:-1"},"canonical":"https:\/\/naturalpoland.com\/tr\/urunler\/bitkisel-ekstraktlar\/erigeron-canadensis-ekstrakti\/","og_locale":"tr_TR","og_type":"article","og_title":"Erigeron canadensis Ekstrakt\u0131 - NATURAL POLAND - Hurtowy Dystrybutor Surowc\u00f3w","og_description":"Erigeron canadensis ekstrakt\u0131, \u00e7\u00f6z\u00fcc\u00fc olarak su kullan\u0131larak \u00fcretilmektedir. \u00dcr\u00fcn, iyi kapat\u0131lm\u0131\u015f bir kapta saklanmal\u0131d\u0131r.","og_url":"https:\/\/naturalpoland.com\/tr\/urunler\/bitkisel-ekstraktlar\/erigeron-canadensis-ekstrakti\/","og_site_name":"NATURAL POLAND - Hurtowy Dystrybutor Surowc\u00f3w","article_publisher":"https:\/\/www.facebook.com\/naturalpoland.b2b","article_modified_time":"2026-02-27T12:51:50+00:00","og_image":[{"width":613,"height":613,"url":"https:\/\/naturalpoland.com\/wp-content\/uploads\/ekstrakt-z-erigeron-canadensis.webp","type":"image\/webp"}],"schema":{"@context":"https:\/\/schema.org","@graph":[{"@type":"WebPage","@id":"https:\/\/naturalpoland.com\/tr\/urunler\/bitkisel-ekstraktlar\/erigeron-canadensis-ekstrakti\/","url":"https:\/\/naturalpoland.com\/tr\/urunler\/bitkisel-ekstraktlar\/erigeron-canadensis-ekstrakti\/","name":"Erigeron canadensis Ekstrakt\u0131 - NATURAL POLAND - Hurtowy Dystrybutor Surowc\u00f3w","isPartOf":{"@id":"https:\/\/naturalpoland.com\/tr\/#website"},"primaryImageOfPage":{"@id":"https:\/\/naturalpoland.com\/tr\/urunler\/bitkisel-ekstraktlar\/erigeron-canadensis-ekstrakti\/#primaryimage"},"image":{"@id":"https:\/\/naturalpoland.com\/tr\/urunler\/bitkisel-ekstraktlar\/erigeron-canadensis-ekstrakti\/#primaryimage"},"thumbnailUrl":"https:\/\/naturalpoland.com\/wp-content\/uploads\/ekstrakt-z-erigeron-canadensis.webp","datePublished":"2024-08-02T08:41:58+00:00","dateModified":"2026-02-27T12:51:50+00:00","description":"Erigeron canadensis ekstrakt\u0131, \u00e7\u00f6z\u00fcc\u00fc olarak su kullan\u0131larak \u00fcretilmektedir. \u00dcr\u00fcn, iyi kapat\u0131lm\u0131\u015f bir kapta saklanmal\u0131d\u0131r.","breadcrumb":{"@id":"https:\/\/naturalpoland.com\/tr\/urunler\/bitkisel-ekstraktlar\/erigeron-canadensis-ekstrakti\/#breadcrumb"},"inLanguage":"tr","potentialAction":[{"@type":"ReadAction","target":["https:\/\/naturalpoland.com\/tr\/urunler\/bitkisel-ekstraktlar\/erigeron-canadensis-ekstrakti\/"]}]},{"@type":"ImageObject","inLanguage":"tr","@id":"https:\/\/naturalpoland.com\/tr\/urunler\/bitkisel-ekstraktlar\/erigeron-canadensis-ekstrakti\/#primaryimage","url":"https:\/\/naturalpoland.com\/wp-content\/uploads\/ekstrakt-z-erigeron-canadensis.webp","contentUrl":"https:\/\/naturalpoland.com\/wp-content\/uploads\/ekstrakt-z-erigeron-canadensis.webp","width":613,"height":613,"caption":"Erigeron canadensis Ekstrakt\u0131"},{"@type":"BreadcrumbList","@id":"https:\/\/naturalpoland.com\/tr\/urunler\/bitkisel-ekstraktlar\/erigeron-canadensis-ekstrakti\/#breadcrumb","itemListElement":[{"@type":"ListItem","position":1,"name":"Ana Sayfa","item":"https:\/\/naturalpoland.com\/tr\/"},{"@type":"ListItem","position":2,"name":"\u00dcr\u00fcnler","item":"https:\/\/naturalpoland.com\/tr\/urunler\/"},{"@type":"ListItem","position":3,"name":"Erigeron canadensis Ekstrakt\u0131"}]},{"@type":"WebSite","@id":"https:\/\/naturalpoland.com\/tr\/#website","url":"https:\/\/naturalpoland.com\/tr\/","name":"NATURAL POLAND - Hurtowy Dystrybutor Surowc\u00f3w","description":"Surowce dla przemys\u0142u spo\u017cywczego, kosmetycznego i farmaceutycznego","publisher":{"@id":"https:\/\/naturalpoland.com\/tr\/#organization"},"potentialAction":[{"@type":"SearchAction","target":{"@type":"EntryPoint","urlTemplate":"https:\/\/naturalpoland.com\/tr\/?s={search_term_string}"},"query-input":{"@type":"PropertyValueSpecification","valueRequired":true,"valueName":"search_term_string"}}],"inLanguage":"tr"},{"@type":"Organization","@id":"https:\/\/naturalpoland.com\/tr\/#organization","name":"Natural Poland","url":"https:\/\/naturalpoland.com\/tr\/","logo":{"@type":"ImageObject","inLanguage":"tr","@id":"https:\/\/naturalpoland.com\/tr\/#\/schema\/logo\/image\/","url":"https:\/\/naturalpoland.com\/wp-content\/uploads\/2021\/05\/natural-poland-icon.png","contentUrl":"https:\/\/naturalpoland.com\/wp-content\/uploads\/2021\/05\/natural-poland-icon.png","width":512,"height":512,"caption":"Natural Poland"},"image":{"@id":"https:\/\/naturalpoland.com\/tr\/#\/schema\/logo\/image\/"},"sameAs":["https:\/\/www.facebook.com\/naturalpoland.b2b","https:\/\/pl.linkedin.com\/company\/natural-poland","https:\/\/www.youtube.com\/channel\/UCgeGGkvOMahZo-xu_MSEWxg"]}]}},"_links":{"self":[{"href":"https:\/\/naturalpoland.com\/tr\/wp-json\/wp\/v2\/product\/46208","targetHints":{"allow":["GET"]}}],"collection":[{"href":"https:\/\/naturalpoland.com\/tr\/wp-json\/wp\/v2\/product"}],"about":[{"href":"https:\/\/naturalpoland.com\/tr\/wp-json\/wp\/v2\/types\/product"}],"wp:featuredmedia":[{"embeddable":true,"href":"https:\/\/naturalpoland.com\/tr\/wp-json\/wp\/v2\/media\/46209"}],"wp:attachment":[{"href":"https:\/\/naturalpoland.com\/tr\/wp-json\/wp\/v2\/media?parent=46208"}],"wp:term":[{"taxonomy":"product_brand","embeddable":true,"href":"https:\/\/naturalpoland.com\/tr\/wp-json\/wp\/v2\/product_brand?post=46208"},{"taxonomy":"product_cat","embeddable":true,"href":"https:\/\/naturalpoland.com\/tr\/wp-json\/wp\/v2\/product_cat?post=46208"},{"taxonomy":"product_tag","embeddable":true,"href":"https:\/\/naturalpoland.com\/tr\/wp-json\/wp\/v2\/product_tag?post=46208"}],"curies":[{"name":"wp","href":"https:\/\/api.w.org\/{rel}","templated":true}]}}