{"id":46210,"date":"2024-10-03T13:42:52","date_gmt":"2024-10-03T11:42:52","guid":{"rendered":"https:\/\/naturalpoland.com\/produkty\/kategorilenmemis\/cassia-nomame-ekstrakti\/"},"modified":"2026-02-27T13:52:08","modified_gmt":"2026-02-27T12:52:08","slug":"cassia-nomame-ekstrakti","status":"publish","type":"product","link":"https:\/\/naturalpoland.com\/tr\/urunler\/bitkisel-ekstraktlar\/cassia-nomame-ekstrakti\/","title":{"rendered":"Cassia Nomame Ekstrakt\u0131"},"content":{"rendered":"<h2>\u00d6zellikler<\/h2>\n<p>Cassia Nomame Ekstrakt\u0131, v\u00fccuttaki ya\u011flar\u0131n par\u00e7alanmas\u0131ndan sorumlu enzim olan <strong>lipaz aktivitesini engelleyen<\/strong> do\u011fal bile\u015fikler i\u00e7erir. Bu sayede diyetle al\u0131nan ya\u011flar emilmez, sindirim sisteminden ge\u00e7erek v\u00fccutta depolanmak yerine at\u0131l\u0131r. Bu, ekstrakt\u0131n kilo kayb\u0131ndaki temel etki mekanizmas\u0131d\u0131r.  <\/p>\n<p>Bu ekstrakt, v\u00fccudun \u0131s\u0131 \u00fcretim s\u00fcreci olan <strong>termogenezi uyararak<\/strong> ya\u011f yak\u0131m\u0131n\u0131 art\u0131r\u0131r. B\u00f6ylece do\u011fal metabolik s\u00fcre\u00e7leri destekleyerek ya\u011f dokusunun azalt\u0131lmas\u0131na yard\u0131mc\u0131 olur. <\/p>\n<p>Lipolitik etkisinin yan\u0131 s\u0131ra, Cassia Nomame <strong>i\u015ftah bask\u0131lay\u0131c\u0131<\/strong> \u00f6zelliklere sahiptir. Bu da ya\u011fs\u0131z kas k\u00fctlesi olu\u015fturmay\u0131 kolayla\u015ft\u0131r\u0131r ve kilo verme s\u00fcre\u00e7lerini destekler. <\/p>\n<p>Cassia Nomame, v\u00fccuttan fazla suyun at\u0131lmas\u0131n\u0131 destekleyen do\u011fal bir <strong>di\u00fcretiktir<\/strong> ve \u015fi\u015fkinli\u011fin azalt\u0131lmas\u0131 ile detoksifikasyonda yard\u0131mc\u0131d\u0131r. Geleneksel \u00c7in t\u0131bb\u0131nda m\u00fcshil olarak da kullan\u0131lm\u0131\u015ft\u0131r, ancak g\u00fcncel ara\u015ft\u0131rmalar kilo kayb\u0131n\u0131n esas olarak bu \u00f6zelliklerden de\u011fil, ya\u011f metabolizmas\u0131 \u00fczerindeki etkisinden kaynakland\u0131\u011f\u0131n\u0131 g\u00f6stermektedir. <\/p>\n<h2>Kullan\u0131m alanlar\u0131<\/h2>\n<p><em>Cassia Nomame<\/em> Ekstrakt\u0131, kilo kontrol\u00fcn\u00fc ve kilo vermeyi destekleyen takviye g\u0131dalarda yayg\u0131n olarak kullan\u0131lmaktad\u0131r. Do\u011fal bir ya\u011f yak\u0131c\u0131 ve lipaz inhibit\u00f6r\u00fc olarak, ya\u011f dokusunun azalt\u0131lmas\u0131n\u0131, i\u015ftah kontrol\u00fcn\u00fc ve v\u00fccut temizli\u011fini destekleyen \u00fcr\u00fcnlerde ideal bir bile\u015fendir. <\/p>\n","protected":false},"excerpt":{"rendered":"<p>Botanik olarak <em>Cassia nomame (Sieb.) K.<\/em> olarak bilinen Cassia Nomame Ekstrakt\u0131, bitkinin tamam\u0131ndan elde edilen do\u011fal bir \u00fcr\u00fcnd\u00fcr. Ekstrakt, \u00e7\u00f6z\u00fcc\u00fc olarak su kullan\u0131larak elde edilir. <\/p>\n","protected":false},"featured_media":46211,"template":"","meta":[],"product_brand":[],"product_cat":[9531],"product_tag":[],"class_list":{"0":"post-46210","1":"product","2":"type-product","3":"status-publish","4":"has-post-thumbnail","6":"product_cat-bitkisel-ekstraktlar","7":"pa_czesc-rosliny-tum-bitki","9":"first","10":"instock","11":"shipping-taxable","12":"product-type-simple"},"yoast_head":"<!-- This site is optimized with the Yoast SEO plugin v27.4 - https:\/\/yoast.com\/product\/yoast-seo-wordpress\/ -->\n<title>Cassia Nomame Ekstrakt\u0131 - NATURAL POLAND - Hurtowy Dystrybutor Surowc\u00f3w<\/title>\n<meta name=\"description\" content=\"Cassia Nomame Ekstrakt\u0131, kilo vermeyi, kilo kontrol\u00fcn\u00fc ve termogenezi destekleyen ve metabolizmay\u0131 iyile\u015ftiren yenilik\u00e7i, do\u011fal bir bile\u015fendir.\" \/>\n<meta name=\"robots\" content=\"index, follow, max-snippet:-1, max-image-preview:large, max-video-preview:-1\" \/>\n<link rel=\"canonical\" href=\"https:\/\/naturalpoland.com\/tr\/urunler\/bitkisel-ekstraktlar\/cassia-nomame-ekstrakti\/\" \/>\n<meta property=\"og:locale\" content=\"tr_TR\" \/>\n<meta property=\"og:type\" content=\"article\" \/>\n<meta property=\"og:title\" content=\"Cassia Nomame Ekstrakt\u0131 - NATURAL POLAND - Hurtowy Dystrybutor Surowc\u00f3w\" \/>\n<meta property=\"og:description\" content=\"Cassia Nomame Ekstrakt\u0131, kilo vermeyi, kilo kontrol\u00fcn\u00fc ve termogenezi destekleyen ve metabolizmay\u0131 iyile\u015ftiren yenilik\u00e7i, do\u011fal bir bile\u015fendir.\" \/>\n<meta property=\"og:url\" content=\"https:\/\/naturalpoland.com\/tr\/urunler\/bitkisel-ekstraktlar\/cassia-nomame-ekstrakti\/\" \/>\n<meta property=\"og:site_name\" content=\"NATURAL POLAND - Hurtowy Dystrybutor Surowc\u00f3w\" \/>\n<meta property=\"article:publisher\" content=\"https:\/\/www.facebook.com\/naturalpoland.b2b\" \/>\n<meta property=\"article:modified_time\" content=\"2026-02-27T12:52:08+00:00\" \/>\n<meta property=\"og:image\" content=\"https:\/\/naturalpoland.com\/wp-content\/uploads\/ekstrakt-z-cassia-nomame.webp\" \/>\n\t<meta property=\"og:image:width\" content=\"350\" \/>\n\t<meta property=\"og:image:height\" content=\"350\" \/>\n\t<meta property=\"og:image:type\" content=\"image\/webp\" \/>\n<script type=\"application\/ld+json\" class=\"yoast-schema-graph\">{\"@context\":\"https:\\\/\\\/schema.org\",\"@graph\":[{\"@type\":\"WebPage\",\"@id\":\"https:\\\/\\\/naturalpoland.com\\\/tr\\\/urunler\\\/bitkisel-ekstraktlar\\\/cassia-nomame-ekstrakti\\\/\",\"url\":\"https:\\\/\\\/naturalpoland.com\\\/tr\\\/urunler\\\/bitkisel-ekstraktlar\\\/cassia-nomame-ekstrakti\\\/\",\"name\":\"Cassia Nomame Ekstrakt\u0131 - NATURAL POLAND - Hurtowy Dystrybutor Surowc\u00f3w\",\"isPartOf\":{\"@id\":\"https:\\\/\\\/naturalpoland.com\\\/tr\\\/#website\"},\"primaryImageOfPage\":{\"@id\":\"https:\\\/\\\/naturalpoland.com\\\/tr\\\/urunler\\\/bitkisel-ekstraktlar\\\/cassia-nomame-ekstrakti\\\/#primaryimage\"},\"image\":{\"@id\":\"https:\\\/\\\/naturalpoland.com\\\/tr\\\/urunler\\\/bitkisel-ekstraktlar\\\/cassia-nomame-ekstrakti\\\/#primaryimage\"},\"thumbnailUrl\":\"https:\\\/\\\/naturalpoland.com\\\/wp-content\\\/uploads\\\/ekstrakt-z-cassia-nomame.webp\",\"datePublished\":\"2024-10-03T11:42:52+00:00\",\"dateModified\":\"2026-02-27T12:52:08+00:00\",\"description\":\"Cassia Nomame Ekstrakt\u0131, kilo vermeyi, kilo kontrol\u00fcn\u00fc ve termogenezi destekleyen ve metabolizmay\u0131 iyile\u015ftiren yenilik\u00e7i, do\u011fal bir bile\u015fendir.\",\"breadcrumb\":{\"@id\":\"https:\\\/\\\/naturalpoland.com\\\/tr\\\/urunler\\\/bitkisel-ekstraktlar\\\/cassia-nomame-ekstrakti\\\/#breadcrumb\"},\"inLanguage\":\"tr\",\"potentialAction\":[{\"@type\":\"ReadAction\",\"target\":[\"https:\\\/\\\/naturalpoland.com\\\/tr\\\/urunler\\\/bitkisel-ekstraktlar\\\/cassia-nomame-ekstrakti\\\/\"]}]},{\"@type\":\"ImageObject\",\"inLanguage\":\"tr\",\"@id\":\"https:\\\/\\\/naturalpoland.com\\\/tr\\\/urunler\\\/bitkisel-ekstraktlar\\\/cassia-nomame-ekstrakti\\\/#primaryimage\",\"url\":\"https:\\\/\\\/naturalpoland.com\\\/wp-content\\\/uploads\\\/ekstrakt-z-cassia-nomame.webp\",\"contentUrl\":\"https:\\\/\\\/naturalpoland.com\\\/wp-content\\\/uploads\\\/ekstrakt-z-cassia-nomame.webp\",\"width\":350,\"height\":350,\"caption\":\"Cassia Nomame Ekstrakt\u0131\"},{\"@type\":\"BreadcrumbList\",\"@id\":\"https:\\\/\\\/naturalpoland.com\\\/tr\\\/urunler\\\/bitkisel-ekstraktlar\\\/cassia-nomame-ekstrakti\\\/#breadcrumb\",\"itemListElement\":[{\"@type\":\"ListItem\",\"position\":1,\"name\":\"Ana Sayfa\",\"item\":\"https:\\\/\\\/naturalpoland.com\\\/tr\\\/\"},{\"@type\":\"ListItem\",\"position\":2,\"name\":\"\u00dcr\u00fcnler\",\"item\":\"https:\\\/\\\/naturalpoland.com\\\/tr\\\/urunler\\\/\"},{\"@type\":\"ListItem\",\"position\":3,\"name\":\"Cassia Nomame Ekstrakt\u0131\"}]},{\"@type\":\"WebSite\",\"@id\":\"https:\\\/\\\/naturalpoland.com\\\/tr\\\/#website\",\"url\":\"https:\\\/\\\/naturalpoland.com\\\/tr\\\/\",\"name\":\"NATURAL POLAND - Hurtowy Dystrybutor Surowc\u00f3w\",\"description\":\"Surowce dla przemys\u0142u spo\u017cywczego, kosmetycznego i farmaceutycznego\",\"publisher\":{\"@id\":\"https:\\\/\\\/naturalpoland.com\\\/tr\\\/#organization\"},\"potentialAction\":[{\"@type\":\"SearchAction\",\"target\":{\"@type\":\"EntryPoint\",\"urlTemplate\":\"https:\\\/\\\/naturalpoland.com\\\/tr\\\/?s={search_term_string}\"},\"query-input\":{\"@type\":\"PropertyValueSpecification\",\"valueRequired\":true,\"valueName\":\"search_term_string\"}}],\"inLanguage\":\"tr\"},{\"@type\":\"Organization\",\"@id\":\"https:\\\/\\\/naturalpoland.com\\\/tr\\\/#organization\",\"name\":\"Natural Poland\",\"url\":\"https:\\\/\\\/naturalpoland.com\\\/tr\\\/\",\"logo\":{\"@type\":\"ImageObject\",\"inLanguage\":\"tr\",\"@id\":\"https:\\\/\\\/naturalpoland.com\\\/tr\\\/#\\\/schema\\\/logo\\\/image\\\/\",\"url\":\"https:\\\/\\\/naturalpoland.com\\\/wp-content\\\/uploads\\\/2021\\\/05\\\/natural-poland-icon.png\",\"contentUrl\":\"https:\\\/\\\/naturalpoland.com\\\/wp-content\\\/uploads\\\/2021\\\/05\\\/natural-poland-icon.png\",\"width\":512,\"height\":512,\"caption\":\"Natural Poland\"},\"image\":{\"@id\":\"https:\\\/\\\/naturalpoland.com\\\/tr\\\/#\\\/schema\\\/logo\\\/image\\\/\"},\"sameAs\":[\"https:\\\/\\\/www.facebook.com\\\/naturalpoland.b2b\",\"https:\\\/\\\/pl.linkedin.com\\\/company\\\/natural-poland\",\"https:\\\/\\\/www.youtube.com\\\/channel\\\/UCgeGGkvOMahZo-xu_MSEWxg\"]}]}<\/script>\n<!-- \/ Yoast SEO plugin. -->","yoast_head_json":{"title":"Cassia Nomame Ekstrakt\u0131 - NATURAL POLAND - Hurtowy Dystrybutor Surowc\u00f3w","description":"Cassia Nomame Ekstrakt\u0131, kilo vermeyi, kilo kontrol\u00fcn\u00fc ve termogenezi destekleyen ve metabolizmay\u0131 iyile\u015ftiren yenilik\u00e7i, do\u011fal bir bile\u015fendir.","robots":{"index":"index","follow":"follow","max-snippet":"max-snippet:-1","max-image-preview":"max-image-preview:large","max-video-preview":"max-video-preview:-1"},"canonical":"https:\/\/naturalpoland.com\/tr\/urunler\/bitkisel-ekstraktlar\/cassia-nomame-ekstrakti\/","og_locale":"tr_TR","og_type":"article","og_title":"Cassia Nomame Ekstrakt\u0131 - NATURAL POLAND - Hurtowy Dystrybutor Surowc\u00f3w","og_description":"Cassia Nomame Ekstrakt\u0131, kilo vermeyi, kilo kontrol\u00fcn\u00fc ve termogenezi destekleyen ve metabolizmay\u0131 iyile\u015ftiren yenilik\u00e7i, do\u011fal bir bile\u015fendir.","og_url":"https:\/\/naturalpoland.com\/tr\/urunler\/bitkisel-ekstraktlar\/cassia-nomame-ekstrakti\/","og_site_name":"NATURAL POLAND - Hurtowy Dystrybutor Surowc\u00f3w","article_publisher":"https:\/\/www.facebook.com\/naturalpoland.b2b","article_modified_time":"2026-02-27T12:52:08+00:00","og_image":[{"width":350,"height":350,"url":"https:\/\/naturalpoland.com\/wp-content\/uploads\/ekstrakt-z-cassia-nomame.webp","type":"image\/webp"}],"schema":{"@context":"https:\/\/schema.org","@graph":[{"@type":"WebPage","@id":"https:\/\/naturalpoland.com\/tr\/urunler\/bitkisel-ekstraktlar\/cassia-nomame-ekstrakti\/","url":"https:\/\/naturalpoland.com\/tr\/urunler\/bitkisel-ekstraktlar\/cassia-nomame-ekstrakti\/","name":"Cassia Nomame Ekstrakt\u0131 - NATURAL POLAND - Hurtowy Dystrybutor Surowc\u00f3w","isPartOf":{"@id":"https:\/\/naturalpoland.com\/tr\/#website"},"primaryImageOfPage":{"@id":"https:\/\/naturalpoland.com\/tr\/urunler\/bitkisel-ekstraktlar\/cassia-nomame-ekstrakti\/#primaryimage"},"image":{"@id":"https:\/\/naturalpoland.com\/tr\/urunler\/bitkisel-ekstraktlar\/cassia-nomame-ekstrakti\/#primaryimage"},"thumbnailUrl":"https:\/\/naturalpoland.com\/wp-content\/uploads\/ekstrakt-z-cassia-nomame.webp","datePublished":"2024-10-03T11:42:52+00:00","dateModified":"2026-02-27T12:52:08+00:00","description":"Cassia Nomame Ekstrakt\u0131, kilo vermeyi, kilo kontrol\u00fcn\u00fc ve termogenezi destekleyen ve metabolizmay\u0131 iyile\u015ftiren yenilik\u00e7i, do\u011fal bir bile\u015fendir.","breadcrumb":{"@id":"https:\/\/naturalpoland.com\/tr\/urunler\/bitkisel-ekstraktlar\/cassia-nomame-ekstrakti\/#breadcrumb"},"inLanguage":"tr","potentialAction":[{"@type":"ReadAction","target":["https:\/\/naturalpoland.com\/tr\/urunler\/bitkisel-ekstraktlar\/cassia-nomame-ekstrakti\/"]}]},{"@type":"ImageObject","inLanguage":"tr","@id":"https:\/\/naturalpoland.com\/tr\/urunler\/bitkisel-ekstraktlar\/cassia-nomame-ekstrakti\/#primaryimage","url":"https:\/\/naturalpoland.com\/wp-content\/uploads\/ekstrakt-z-cassia-nomame.webp","contentUrl":"https:\/\/naturalpoland.com\/wp-content\/uploads\/ekstrakt-z-cassia-nomame.webp","width":350,"height":350,"caption":"Cassia Nomame Ekstrakt\u0131"},{"@type":"BreadcrumbList","@id":"https:\/\/naturalpoland.com\/tr\/urunler\/bitkisel-ekstraktlar\/cassia-nomame-ekstrakti\/#breadcrumb","itemListElement":[{"@type":"ListItem","position":1,"name":"Ana Sayfa","item":"https:\/\/naturalpoland.com\/tr\/"},{"@type":"ListItem","position":2,"name":"\u00dcr\u00fcnler","item":"https:\/\/naturalpoland.com\/tr\/urunler\/"},{"@type":"ListItem","position":3,"name":"Cassia Nomame Ekstrakt\u0131"}]},{"@type":"WebSite","@id":"https:\/\/naturalpoland.com\/tr\/#website","url":"https:\/\/naturalpoland.com\/tr\/","name":"NATURAL POLAND - Hurtowy Dystrybutor Surowc\u00f3w","description":"Surowce dla przemys\u0142u spo\u017cywczego, kosmetycznego i farmaceutycznego","publisher":{"@id":"https:\/\/naturalpoland.com\/tr\/#organization"},"potentialAction":[{"@type":"SearchAction","target":{"@type":"EntryPoint","urlTemplate":"https:\/\/naturalpoland.com\/tr\/?s={search_term_string}"},"query-input":{"@type":"PropertyValueSpecification","valueRequired":true,"valueName":"search_term_string"}}],"inLanguage":"tr"},{"@type":"Organization","@id":"https:\/\/naturalpoland.com\/tr\/#organization","name":"Natural Poland","url":"https:\/\/naturalpoland.com\/tr\/","logo":{"@type":"ImageObject","inLanguage":"tr","@id":"https:\/\/naturalpoland.com\/tr\/#\/schema\/logo\/image\/","url":"https:\/\/naturalpoland.com\/wp-content\/uploads\/2021\/05\/natural-poland-icon.png","contentUrl":"https:\/\/naturalpoland.com\/wp-content\/uploads\/2021\/05\/natural-poland-icon.png","width":512,"height":512,"caption":"Natural Poland"},"image":{"@id":"https:\/\/naturalpoland.com\/tr\/#\/schema\/logo\/image\/"},"sameAs":["https:\/\/www.facebook.com\/naturalpoland.b2b","https:\/\/pl.linkedin.com\/company\/natural-poland","https:\/\/www.youtube.com\/channel\/UCgeGGkvOMahZo-xu_MSEWxg"]}]}},"_links":{"self":[{"href":"https:\/\/naturalpoland.com\/tr\/wp-json\/wp\/v2\/product\/46210","targetHints":{"allow":["GET"]}}],"collection":[{"href":"https:\/\/naturalpoland.com\/tr\/wp-json\/wp\/v2\/product"}],"about":[{"href":"https:\/\/naturalpoland.com\/tr\/wp-json\/wp\/v2\/types\/product"}],"wp:featuredmedia":[{"embeddable":true,"href":"https:\/\/naturalpoland.com\/tr\/wp-json\/wp\/v2\/media\/46211"}],"wp:attachment":[{"href":"https:\/\/naturalpoland.com\/tr\/wp-json\/wp\/v2\/media?parent=46210"}],"wp:term":[{"taxonomy":"product_brand","embeddable":true,"href":"https:\/\/naturalpoland.com\/tr\/wp-json\/wp\/v2\/product_brand?post=46210"},{"taxonomy":"product_cat","embeddable":true,"href":"https:\/\/naturalpoland.com\/tr\/wp-json\/wp\/v2\/product_cat?post=46210"},{"taxonomy":"product_tag","embeddable":true,"href":"https:\/\/naturalpoland.com\/tr\/wp-json\/wp\/v2\/product_tag?post=46210"}],"curies":[{"name":"wp","href":"https:\/\/api.w.org\/{rel}","templated":true}]}}