{"id":46216,"date":"2024-09-12T11:53:39","date_gmt":"2024-09-12T09:53:39","guid":{"rendered":"https:\/\/naturalpoland.com\/produkty\/kategorilenmemis\/coban-cantasi-ozutu\/"},"modified":"2026-02-27T13:53:18","modified_gmt":"2026-02-27T12:53:18","slug":"coban-cantasi-ozutu","status":"publish","type":"product","link":"https:\/\/naturalpoland.com\/tr\/urunler\/bitkisel-ekstraktlar\/coban-cantasi-ozutu\/","title":{"rendered":"\u00c7oban \u00c7antas\u0131 \u00d6z\u00fct\u00fc"},"content":{"rendered":"<h2>\u00c7oban \u00e7antas\u0131 \u00f6z\u00fct\u00fcn\u00fcn etkileri<\/h2>\n<p>\u00c7oban \u00e7antas\u0131, burun kanamalar\u0131, rahim kanamalar\u0131 ve a\u015f\u0131r\u0131 adet kanamalar\u0131 dahil olmak \u00fczere <strong>kanamalar\u0131n kontrol\u00fcne<\/strong> yard\u0131mc\u0131 olan hemostatik \u00f6zelliklere sahiptir. \u00d6z\u00fct ayr\u0131ca cilt yaralar\u0131, yan\u0131klar, varis, bas\u0131 yaralar\u0131 ve lokal kanamalar i\u00e7in de kullan\u0131l\u0131r. <\/p>\n<p><strong>Adet \u00f6ncesi gerginlik sendromu<\/strong> (PMS) belirtilerini hafifletici, d\u00fczensiz adetleri d\u00fczenleyici ve mesane ile prostat bezinin iltihaplanma durumlar\u0131n\u0131n tedavisine yard\u0131mc\u0131 bir ajan olarak yayg\u0131n \u015fekilde bilinmektedir.<\/p>\n<p>Ayr\u0131ca, \u00e7oban \u00e7antas\u0131 otu homeopatide <strong>mukoza zarlar\u0131ndan kaynaklanan kanamalar\u0131n tedavisinde<\/strong> kullan\u0131lmaktad\u0131r.<\/p>\n<p>Deneysel \u00e7al\u0131\u015fmalar, <strong>kan bas\u0131nc\u0131n\u0131 normalle\u015ftirme<\/strong> ve koroner ak\u0131\u015f\u0131 art\u0131rma konusundaki etkisini do\u011frulamaktad\u0131r.<\/p>\n<h2>\u00d6zellikler<\/h2>\n<p>\u00d6z\u00fct, a\u015fa\u011f\u0131dakiler gibi bir\u00e7ok aktif bile\u015fen i\u00e7erir:<\/p>\n<ul>\n<li><strong>aminler<\/strong> (kolin, asetilkolin, tiramin, histamin),<\/li>\n<li><strong>amino asitler<\/strong> (valin, ornitin, prolin),<\/li>\n<li><a href=\"https:\/\/naturalpoland.com\/artykuly\/produkty-naturalne\/czym-sa-i-jak-dzialaja-flawonoidy\/\"><strong>flavonoidler<\/strong><\/a> (flavonoller, flavonlar),<\/li>\n<li><strong>organik asitler<\/strong> (fumarik asit),<\/li>\n<li><strong>vitaminler<\/strong> (A, C, K).<\/li>\n<\/ul>\n<h2>Kullan\u0131m alanlar\u0131<\/h2>\n<p>\u00c7oban \u00e7antas\u0131 \u00f6z\u00fct\u00fc, \u00f6zellikle cildin rejenerasyona ve d\u0131\u015f etkenlerden korunmaya ihtiya\u00e7 duydu\u011fu sonbahar-k\u0131\u015f d\u00f6neminde kozmetik ve bak\u0131m \u00fcr\u00fcnlerinin bir bile\u015fenidir.<\/p>\n<p>\u00dcr\u00fcn GDO&#8217;suz, pestisitsizdir ve aflatoksin ile polisiklik aromatik hidrokarbonlar i\u00e7ermez.<\/p>\n","protected":false},"excerpt":{"rendered":"<p>\u00c7oban \u00e7antas\u0131 \u00f6z\u00fct\u00fc (<em>Capsella bursa-pastoris<\/em>), bu bitkinin k\u00f6k\u00fcnden elde edilir. \u00dcr\u00fcn, yard\u0131mc\u0131 madde olarak maltodekstrin ilavesiyle kahverengi-ye\u015fil renkli, karakteristik koku ve tada sahip ince toz formundad\u0131r. <\/p>\n","protected":false},"featured_media":46217,"template":"","meta":[],"product_brand":[],"product_cat":[9531],"product_tag":[],"class_list":{"0":"post-46216","1":"product","2":"type-product","3":"status-publish","4":"has-post-thumbnail","6":"product_cat-bitkisel-ekstraktlar","7":"pa_czesc-rosliny-kok","9":"first","10":"instock","11":"shipping-taxable","12":"product-type-simple"},"yoast_head":"<!-- This site is optimized with the Yoast SEO plugin v27.4 - https:\/\/yoast.com\/product\/yoast-seo-wordpress\/ -->\n<title>\u00c7oban \u00c7antas\u0131 \u00d6z\u00fct\u00fc - NATURAL POLAND - Hurtowy Dystrybutor Surowc\u00f3w<\/title>\n<meta name=\"description\" content=\"\u00c7oban \u00c7antas\u0131 \u00d6z\u00fct\u00fc (Capsella bursa-pastoris), bu bitkinin k\u00f6k\u00fcnden elde edilen y\u00fcksek kaliteli bir hammaddedir.\" \/>\n<meta name=\"robots\" content=\"index, follow, max-snippet:-1, max-image-preview:large, max-video-preview:-1\" \/>\n<link rel=\"canonical\" href=\"https:\/\/naturalpoland.com\/tr\/urunler\/bitkisel-ekstraktlar\/coban-cantasi-ozutu\/\" \/>\n<meta property=\"og:locale\" content=\"tr_TR\" \/>\n<meta property=\"og:type\" content=\"article\" \/>\n<meta property=\"og:title\" content=\"\u00c7oban \u00c7antas\u0131 \u00d6z\u00fct\u00fc - NATURAL POLAND - Hurtowy Dystrybutor Surowc\u00f3w\" \/>\n<meta property=\"og:description\" content=\"\u00c7oban \u00c7antas\u0131 \u00d6z\u00fct\u00fc (Capsella bursa-pastoris), bu bitkinin k\u00f6k\u00fcnden elde edilen y\u00fcksek kaliteli bir hammaddedir.\" \/>\n<meta property=\"og:url\" content=\"https:\/\/naturalpoland.com\/tr\/urunler\/bitkisel-ekstraktlar\/coban-cantasi-ozutu\/\" \/>\n<meta property=\"og:site_name\" content=\"NATURAL POLAND - Hurtowy Dystrybutor Surowc\u00f3w\" \/>\n<meta property=\"article:publisher\" content=\"https:\/\/www.facebook.com\/naturalpoland.b2b\" \/>\n<meta property=\"article:modified_time\" content=\"2026-02-27T12:53:18+00:00\" \/>\n<meta property=\"og:image\" content=\"https:\/\/naturalpoland.com\/wp-content\/uploads\/ekstrakt-z-tasznika-pospolitego.webp\" \/>\n\t<meta property=\"og:image:width\" content=\"619\" \/>\n\t<meta property=\"og:image:height\" content=\"619\" \/>\n\t<meta property=\"og:image:type\" content=\"image\/webp\" \/>\n<script type=\"application\/ld+json\" class=\"yoast-schema-graph\">{\"@context\":\"https:\\\/\\\/schema.org\",\"@graph\":[{\"@type\":\"WebPage\",\"@id\":\"https:\\\/\\\/naturalpoland.com\\\/tr\\\/urunler\\\/bitkisel-ekstraktlar\\\/coban-cantasi-ozutu\\\/\",\"url\":\"https:\\\/\\\/naturalpoland.com\\\/tr\\\/urunler\\\/bitkisel-ekstraktlar\\\/coban-cantasi-ozutu\\\/\",\"name\":\"\u00c7oban \u00c7antas\u0131 \u00d6z\u00fct\u00fc - NATURAL POLAND - Hurtowy Dystrybutor Surowc\u00f3w\",\"isPartOf\":{\"@id\":\"https:\\\/\\\/naturalpoland.com\\\/tr\\\/#website\"},\"primaryImageOfPage\":{\"@id\":\"https:\\\/\\\/naturalpoland.com\\\/tr\\\/urunler\\\/bitkisel-ekstraktlar\\\/coban-cantasi-ozutu\\\/#primaryimage\"},\"image\":{\"@id\":\"https:\\\/\\\/naturalpoland.com\\\/tr\\\/urunler\\\/bitkisel-ekstraktlar\\\/coban-cantasi-ozutu\\\/#primaryimage\"},\"thumbnailUrl\":\"https:\\\/\\\/naturalpoland.com\\\/wp-content\\\/uploads\\\/ekstrakt-z-tasznika-pospolitego.webp\",\"datePublished\":\"2024-09-12T09:53:39+00:00\",\"dateModified\":\"2026-02-27T12:53:18+00:00\",\"description\":\"\u00c7oban \u00c7antas\u0131 \u00d6z\u00fct\u00fc (Capsella bursa-pastoris), bu bitkinin k\u00f6k\u00fcnden elde edilen y\u00fcksek kaliteli bir hammaddedir.\",\"breadcrumb\":{\"@id\":\"https:\\\/\\\/naturalpoland.com\\\/tr\\\/urunler\\\/bitkisel-ekstraktlar\\\/coban-cantasi-ozutu\\\/#breadcrumb\"},\"inLanguage\":\"tr\",\"potentialAction\":[{\"@type\":\"ReadAction\",\"target\":[\"https:\\\/\\\/naturalpoland.com\\\/tr\\\/urunler\\\/bitkisel-ekstraktlar\\\/coban-cantasi-ozutu\\\/\"]}]},{\"@type\":\"ImageObject\",\"inLanguage\":\"tr\",\"@id\":\"https:\\\/\\\/naturalpoland.com\\\/tr\\\/urunler\\\/bitkisel-ekstraktlar\\\/coban-cantasi-ozutu\\\/#primaryimage\",\"url\":\"https:\\\/\\\/naturalpoland.com\\\/wp-content\\\/uploads\\\/ekstrakt-z-tasznika-pospolitego.webp\",\"contentUrl\":\"https:\\\/\\\/naturalpoland.com\\\/wp-content\\\/uploads\\\/ekstrakt-z-tasznika-pospolitego.webp\",\"width\":619,\"height\":619,\"caption\":\"\u00e7oban \u00e7antas\u0131 \u00f6z\u00fct\u00fc\"},{\"@type\":\"BreadcrumbList\",\"@id\":\"https:\\\/\\\/naturalpoland.com\\\/tr\\\/urunler\\\/bitkisel-ekstraktlar\\\/coban-cantasi-ozutu\\\/#breadcrumb\",\"itemListElement\":[{\"@type\":\"ListItem\",\"position\":1,\"name\":\"Ana Sayfa\",\"item\":\"https:\\\/\\\/naturalpoland.com\\\/tr\\\/\"},{\"@type\":\"ListItem\",\"position\":2,\"name\":\"\u00dcr\u00fcnler\",\"item\":\"https:\\\/\\\/naturalpoland.com\\\/tr\\\/urunler\\\/\"},{\"@type\":\"ListItem\",\"position\":3,\"name\":\"\u00c7oban \u00c7antas\u0131 \u00d6z\u00fct\u00fc\"}]},{\"@type\":\"WebSite\",\"@id\":\"https:\\\/\\\/naturalpoland.com\\\/tr\\\/#website\",\"url\":\"https:\\\/\\\/naturalpoland.com\\\/tr\\\/\",\"name\":\"NATURAL POLAND - Hurtowy Dystrybutor Surowc\u00f3w\",\"description\":\"Surowce dla przemys\u0142u spo\u017cywczego, kosmetycznego i farmaceutycznego\",\"publisher\":{\"@id\":\"https:\\\/\\\/naturalpoland.com\\\/tr\\\/#organization\"},\"potentialAction\":[{\"@type\":\"SearchAction\",\"target\":{\"@type\":\"EntryPoint\",\"urlTemplate\":\"https:\\\/\\\/naturalpoland.com\\\/tr\\\/?s={search_term_string}\"},\"query-input\":{\"@type\":\"PropertyValueSpecification\",\"valueRequired\":true,\"valueName\":\"search_term_string\"}}],\"inLanguage\":\"tr\"},{\"@type\":\"Organization\",\"@id\":\"https:\\\/\\\/naturalpoland.com\\\/tr\\\/#organization\",\"name\":\"Natural Poland\",\"url\":\"https:\\\/\\\/naturalpoland.com\\\/tr\\\/\",\"logo\":{\"@type\":\"ImageObject\",\"inLanguage\":\"tr\",\"@id\":\"https:\\\/\\\/naturalpoland.com\\\/tr\\\/#\\\/schema\\\/logo\\\/image\\\/\",\"url\":\"https:\\\/\\\/naturalpoland.com\\\/wp-content\\\/uploads\\\/2021\\\/05\\\/natural-poland-icon.png\",\"contentUrl\":\"https:\\\/\\\/naturalpoland.com\\\/wp-content\\\/uploads\\\/2021\\\/05\\\/natural-poland-icon.png\",\"width\":512,\"height\":512,\"caption\":\"Natural Poland\"},\"image\":{\"@id\":\"https:\\\/\\\/naturalpoland.com\\\/tr\\\/#\\\/schema\\\/logo\\\/image\\\/\"},\"sameAs\":[\"https:\\\/\\\/www.facebook.com\\\/naturalpoland.b2b\",\"https:\\\/\\\/pl.linkedin.com\\\/company\\\/natural-poland\",\"https:\\\/\\\/www.youtube.com\\\/channel\\\/UCgeGGkvOMahZo-xu_MSEWxg\"]}]}<\/script>\n<!-- \/ Yoast SEO plugin. -->","yoast_head_json":{"title":"\u00c7oban \u00c7antas\u0131 \u00d6z\u00fct\u00fc - NATURAL POLAND - Hurtowy Dystrybutor Surowc\u00f3w","description":"\u00c7oban \u00c7antas\u0131 \u00d6z\u00fct\u00fc (Capsella bursa-pastoris), bu bitkinin k\u00f6k\u00fcnden elde edilen y\u00fcksek kaliteli bir hammaddedir.","robots":{"index":"index","follow":"follow","max-snippet":"max-snippet:-1","max-image-preview":"max-image-preview:large","max-video-preview":"max-video-preview:-1"},"canonical":"https:\/\/naturalpoland.com\/tr\/urunler\/bitkisel-ekstraktlar\/coban-cantasi-ozutu\/","og_locale":"tr_TR","og_type":"article","og_title":"\u00c7oban \u00c7antas\u0131 \u00d6z\u00fct\u00fc - NATURAL POLAND - Hurtowy Dystrybutor Surowc\u00f3w","og_description":"\u00c7oban \u00c7antas\u0131 \u00d6z\u00fct\u00fc (Capsella bursa-pastoris), bu bitkinin k\u00f6k\u00fcnden elde edilen y\u00fcksek kaliteli bir hammaddedir.","og_url":"https:\/\/naturalpoland.com\/tr\/urunler\/bitkisel-ekstraktlar\/coban-cantasi-ozutu\/","og_site_name":"NATURAL POLAND - Hurtowy Dystrybutor Surowc\u00f3w","article_publisher":"https:\/\/www.facebook.com\/naturalpoland.b2b","article_modified_time":"2026-02-27T12:53:18+00:00","og_image":[{"width":619,"height":619,"url":"https:\/\/naturalpoland.com\/wp-content\/uploads\/ekstrakt-z-tasznika-pospolitego.webp","type":"image\/webp"}],"schema":{"@context":"https:\/\/schema.org","@graph":[{"@type":"WebPage","@id":"https:\/\/naturalpoland.com\/tr\/urunler\/bitkisel-ekstraktlar\/coban-cantasi-ozutu\/","url":"https:\/\/naturalpoland.com\/tr\/urunler\/bitkisel-ekstraktlar\/coban-cantasi-ozutu\/","name":"\u00c7oban \u00c7antas\u0131 \u00d6z\u00fct\u00fc - NATURAL POLAND - Hurtowy Dystrybutor Surowc\u00f3w","isPartOf":{"@id":"https:\/\/naturalpoland.com\/tr\/#website"},"primaryImageOfPage":{"@id":"https:\/\/naturalpoland.com\/tr\/urunler\/bitkisel-ekstraktlar\/coban-cantasi-ozutu\/#primaryimage"},"image":{"@id":"https:\/\/naturalpoland.com\/tr\/urunler\/bitkisel-ekstraktlar\/coban-cantasi-ozutu\/#primaryimage"},"thumbnailUrl":"https:\/\/naturalpoland.com\/wp-content\/uploads\/ekstrakt-z-tasznika-pospolitego.webp","datePublished":"2024-09-12T09:53:39+00:00","dateModified":"2026-02-27T12:53:18+00:00","description":"\u00c7oban \u00c7antas\u0131 \u00d6z\u00fct\u00fc (Capsella bursa-pastoris), bu bitkinin k\u00f6k\u00fcnden elde edilen y\u00fcksek kaliteli bir hammaddedir.","breadcrumb":{"@id":"https:\/\/naturalpoland.com\/tr\/urunler\/bitkisel-ekstraktlar\/coban-cantasi-ozutu\/#breadcrumb"},"inLanguage":"tr","potentialAction":[{"@type":"ReadAction","target":["https:\/\/naturalpoland.com\/tr\/urunler\/bitkisel-ekstraktlar\/coban-cantasi-ozutu\/"]}]},{"@type":"ImageObject","inLanguage":"tr","@id":"https:\/\/naturalpoland.com\/tr\/urunler\/bitkisel-ekstraktlar\/coban-cantasi-ozutu\/#primaryimage","url":"https:\/\/naturalpoland.com\/wp-content\/uploads\/ekstrakt-z-tasznika-pospolitego.webp","contentUrl":"https:\/\/naturalpoland.com\/wp-content\/uploads\/ekstrakt-z-tasznika-pospolitego.webp","width":619,"height":619,"caption":"\u00e7oban \u00e7antas\u0131 \u00f6z\u00fct\u00fc"},{"@type":"BreadcrumbList","@id":"https:\/\/naturalpoland.com\/tr\/urunler\/bitkisel-ekstraktlar\/coban-cantasi-ozutu\/#breadcrumb","itemListElement":[{"@type":"ListItem","position":1,"name":"Ana Sayfa","item":"https:\/\/naturalpoland.com\/tr\/"},{"@type":"ListItem","position":2,"name":"\u00dcr\u00fcnler","item":"https:\/\/naturalpoland.com\/tr\/urunler\/"},{"@type":"ListItem","position":3,"name":"\u00c7oban \u00c7antas\u0131 \u00d6z\u00fct\u00fc"}]},{"@type":"WebSite","@id":"https:\/\/naturalpoland.com\/tr\/#website","url":"https:\/\/naturalpoland.com\/tr\/","name":"NATURAL POLAND - Hurtowy Dystrybutor Surowc\u00f3w","description":"Surowce dla przemys\u0142u spo\u017cywczego, kosmetycznego i farmaceutycznego","publisher":{"@id":"https:\/\/naturalpoland.com\/tr\/#organization"},"potentialAction":[{"@type":"SearchAction","target":{"@type":"EntryPoint","urlTemplate":"https:\/\/naturalpoland.com\/tr\/?s={search_term_string}"},"query-input":{"@type":"PropertyValueSpecification","valueRequired":true,"valueName":"search_term_string"}}],"inLanguage":"tr"},{"@type":"Organization","@id":"https:\/\/naturalpoland.com\/tr\/#organization","name":"Natural Poland","url":"https:\/\/naturalpoland.com\/tr\/","logo":{"@type":"ImageObject","inLanguage":"tr","@id":"https:\/\/naturalpoland.com\/tr\/#\/schema\/logo\/image\/","url":"https:\/\/naturalpoland.com\/wp-content\/uploads\/2021\/05\/natural-poland-icon.png","contentUrl":"https:\/\/naturalpoland.com\/wp-content\/uploads\/2021\/05\/natural-poland-icon.png","width":512,"height":512,"caption":"Natural Poland"},"image":{"@id":"https:\/\/naturalpoland.com\/tr\/#\/schema\/logo\/image\/"},"sameAs":["https:\/\/www.facebook.com\/naturalpoland.b2b","https:\/\/pl.linkedin.com\/company\/natural-poland","https:\/\/www.youtube.com\/channel\/UCgeGGkvOMahZo-xu_MSEWxg"]}]}},"_links":{"self":[{"href":"https:\/\/naturalpoland.com\/tr\/wp-json\/wp\/v2\/product\/46216","targetHints":{"allow":["GET"]}}],"collection":[{"href":"https:\/\/naturalpoland.com\/tr\/wp-json\/wp\/v2\/product"}],"about":[{"href":"https:\/\/naturalpoland.com\/tr\/wp-json\/wp\/v2\/types\/product"}],"wp:featuredmedia":[{"embeddable":true,"href":"https:\/\/naturalpoland.com\/tr\/wp-json\/wp\/v2\/media\/46217"}],"wp:attachment":[{"href":"https:\/\/naturalpoland.com\/tr\/wp-json\/wp\/v2\/media?parent=46216"}],"wp:term":[{"taxonomy":"product_brand","embeddable":true,"href":"https:\/\/naturalpoland.com\/tr\/wp-json\/wp\/v2\/product_brand?post=46216"},{"taxonomy":"product_cat","embeddable":true,"href":"https:\/\/naturalpoland.com\/tr\/wp-json\/wp\/v2\/product_cat?post=46216"},{"taxonomy":"product_tag","embeddable":true,"href":"https:\/\/naturalpoland.com\/tr\/wp-json\/wp\/v2\/product_tag?post=46216"}],"curies":[{"name":"wp","href":"https:\/\/api.w.org\/{rel}","templated":true}]}}