{"id":46224,"date":"2024-07-23T13:43:33","date_gmt":"2024-07-23T11:43:33","guid":{"rendered":"https:\/\/naturalpoland.com\/produkty\/kategorilenmemis\/kuskirazi-ozutu\/"},"modified":"2026-02-27T13:56:19","modified_gmt":"2026-02-27T12:56:19","slug":"kuskirazi-ozutu","status":"publish","type":"product","link":"https:\/\/naturalpoland.com\/tr\/urunler\/bitkisel-ekstraktlar\/kuskirazi-ozutu\/","title":{"rendered":"Ku\u015fkiraz\u0131 \u00d6z\u00fct\u00fc"},"content":{"rendered":"<h2>Kullan\u0131m alanlar\u0131<\/h2>\n<p><strong>G\u0131da end\u00fcstrisinde<\/strong> ku\u015fkiraz\u0131 \u00f6z\u00fct\u00fc, g\u0131da ve i\u00e7eceklere m\u00fckemmel bir katk\u0131d\u0131r. Do\u011fal lezzet ve besin de\u011ferleriyle zenginle\u015ftirir. Meyve sular\u0131, i\u00e7ecekler, re\u00e7eller, tatl\u0131lar ve takviye g\u0131dalarda kullan\u0131larak de\u011ferli besin bile\u015fenleri sa\u011flar.  <\/p>\n<p><strong>\u0130la\u00e7 end\u00fcstrisinde<\/strong> kiraz \u00f6z\u00fct\u00fc, takviye g\u0131dalar\u0131n ve sa\u011fl\u0131\u011f\u0131 destekleyen preparatlar\u0131n de\u011ferli bir bile\u015fenidir. H\u00fccreleri oksidatif strese kar\u015f\u0131 korumaya yard\u0131mc\u0131 olur ve ba\u011f\u0131\u015f\u0131kl\u0131k sistemini destekler. <\/p>\n<p><strong>Kozmetik end\u00fcstrisinde<\/strong> ya\u015flanma kar\u015f\u0131t\u0131 ve ayd\u0131nlat\u0131c\u0131 \u00f6zellikleri nedeniyle cilt bak\u0131m \u00fcr\u00fcnlerinde kullan\u0131l\u0131r. Krem, serum, maske ve tonikleri zenginle\u015ftirerek cildin g\u00f6r\u00fcn\u00fcm\u00fcn\u00fc iyile\u015ftirmeye, lekeleri azaltmaya ve zararl\u0131 d\u0131\u015f etkenlere kar\u015f\u0131 korumaya yard\u0131mc\u0131 olur. <\/p>\n","protected":false},"excerpt":{"rendered":"<p>Ku\u015fkiraz\u0131 meyvelerinden (<em>Prunus avium L.<\/em>) elde edilen kiraz \u00f6z\u00fct\u00fc (<em>Prunus Extract Powder<\/em>), g\u0131da, ila\u00e7 ve kozmetik end\u00fcstrilerinde yayg\u0131n olarak kullan\u0131lmaktad\u0131r. Kiraz \u00f6z\u00fct\u00fc, karakteristik tat ve kokuya sahip ince toz formunda ve narin pembe renkte mevcuttur.  <\/p>\n","protected":false},"featured_media":46225,"template":"","meta":{"_acf_changed":false},"product_brand":[],"product_cat":[9531],"product_tag":[],"class_list":{"0":"post-46224","1":"product","2":"type-product","3":"status-publish","4":"has-post-thumbnail","6":"product_cat-bitkisel-ekstraktlar","7":"pa_czesc-rosliny-meyve","9":"first","10":"instock","11":"shipping-taxable","12":"product-type-simple"},"acf":[],"yoast_head":"<!-- This site is optimized with the Yoast SEO plugin v27.4 - https:\/\/yoast.com\/product\/yoast-seo-wordpress\/ -->\n<title>Ku\u015fkiraz\u0131 \u00d6z\u00fct\u00fc - NATURAL POLAND - Hurtowy Dystrybutor Surowc\u00f3w<\/title>\n<meta name=\"description\" content=\"Kiraz \u00f6z\u00fct\u00fc, ola\u011fan\u00fcst\u00fc besin ve sa\u011fl\u0131k \u00f6zellikleri sayesinde \u00e7ok y\u00f6nl\u00fc ve y\u00fcksek kaliteli bir \u00fcr\u00fcnd\u00fcr.\" \/>\n<meta name=\"robots\" content=\"index, follow, max-snippet:-1, max-image-preview:large, max-video-preview:-1\" \/>\n<link rel=\"canonical\" href=\"https:\/\/naturalpoland.com\/tr\/urunler\/bitkisel-ekstraktlar\/kuskirazi-ozutu\/\" \/>\n<meta property=\"og:locale\" content=\"tr_TR\" \/>\n<meta property=\"og:type\" content=\"article\" \/>\n<meta property=\"og:title\" content=\"Ku\u015fkiraz\u0131 \u00d6z\u00fct\u00fc - NATURAL POLAND - Hurtowy Dystrybutor Surowc\u00f3w\" \/>\n<meta property=\"og:description\" content=\"Kiraz \u00f6z\u00fct\u00fc, ola\u011fan\u00fcst\u00fc besin ve sa\u011fl\u0131k \u00f6zellikleri sayesinde \u00e7ok y\u00f6nl\u00fc ve y\u00fcksek kaliteli bir \u00fcr\u00fcnd\u00fcr.\" \/>\n<meta property=\"og:url\" content=\"https:\/\/naturalpoland.com\/tr\/urunler\/bitkisel-ekstraktlar\/kuskirazi-ozutu\/\" \/>\n<meta property=\"og:site_name\" content=\"NATURAL POLAND - Hurtowy Dystrybutor Surowc\u00f3w\" \/>\n<meta property=\"article:publisher\" content=\"https:\/\/www.facebook.com\/naturalpoland.b2b\" \/>\n<meta property=\"article:modified_time\" content=\"2026-02-27T12:56:19+00:00\" \/>\n<meta property=\"og:image\" content=\"https:\/\/naturalpoland.com\/wp-content\/uploads\/ekstrakt-z-wisni-ptasiej.webp\" \/>\n\t<meta property=\"og:image:width\" content=\"350\" \/>\n\t<meta property=\"og:image:height\" content=\"350\" \/>\n\t<meta property=\"og:image:type\" content=\"image\/webp\" \/>\n<script type=\"application\/ld+json\" class=\"yoast-schema-graph\">{\"@context\":\"https:\\\/\\\/schema.org\",\"@graph\":[{\"@type\":\"WebPage\",\"@id\":\"https:\\\/\\\/naturalpoland.com\\\/tr\\\/urunler\\\/bitkisel-ekstraktlar\\\/kuskirazi-ozutu\\\/\",\"url\":\"https:\\\/\\\/naturalpoland.com\\\/tr\\\/urunler\\\/bitkisel-ekstraktlar\\\/kuskirazi-ozutu\\\/\",\"name\":\"Ku\u015fkiraz\u0131 \u00d6z\u00fct\u00fc - NATURAL POLAND - Hurtowy Dystrybutor Surowc\u00f3w\",\"isPartOf\":{\"@id\":\"https:\\\/\\\/naturalpoland.com\\\/tr\\\/#website\"},\"primaryImageOfPage\":{\"@id\":\"https:\\\/\\\/naturalpoland.com\\\/tr\\\/urunler\\\/bitkisel-ekstraktlar\\\/kuskirazi-ozutu\\\/#primaryimage\"},\"image\":{\"@id\":\"https:\\\/\\\/naturalpoland.com\\\/tr\\\/urunler\\\/bitkisel-ekstraktlar\\\/kuskirazi-ozutu\\\/#primaryimage\"},\"thumbnailUrl\":\"https:\\\/\\\/naturalpoland.com\\\/wp-content\\\/uploads\\\/ekstrakt-z-wisni-ptasiej.webp\",\"datePublished\":\"2024-07-23T11:43:33+00:00\",\"dateModified\":\"2026-02-27T12:56:19+00:00\",\"description\":\"Kiraz \u00f6z\u00fct\u00fc, ola\u011fan\u00fcst\u00fc besin ve sa\u011fl\u0131k \u00f6zellikleri sayesinde \u00e7ok y\u00f6nl\u00fc ve y\u00fcksek kaliteli bir \u00fcr\u00fcnd\u00fcr.\",\"breadcrumb\":{\"@id\":\"https:\\\/\\\/naturalpoland.com\\\/tr\\\/urunler\\\/bitkisel-ekstraktlar\\\/kuskirazi-ozutu\\\/#breadcrumb\"},\"inLanguage\":\"tr\",\"potentialAction\":[{\"@type\":\"ReadAction\",\"target\":[\"https:\\\/\\\/naturalpoland.com\\\/tr\\\/urunler\\\/bitkisel-ekstraktlar\\\/kuskirazi-ozutu\\\/\"]}]},{\"@type\":\"ImageObject\",\"inLanguage\":\"tr\",\"@id\":\"https:\\\/\\\/naturalpoland.com\\\/tr\\\/urunler\\\/bitkisel-ekstraktlar\\\/kuskirazi-ozutu\\\/#primaryimage\",\"url\":\"https:\\\/\\\/naturalpoland.com\\\/wp-content\\\/uploads\\\/ekstrakt-z-wisni-ptasiej.webp\",\"contentUrl\":\"https:\\\/\\\/naturalpoland.com\\\/wp-content\\\/uploads\\\/ekstrakt-z-wisni-ptasiej.webp\",\"width\":350,\"height\":350,\"caption\":\"ku\u015fkiraz\u0131 \u00f6z\u00fct\u00fc\"},{\"@type\":\"BreadcrumbList\",\"@id\":\"https:\\\/\\\/naturalpoland.com\\\/tr\\\/urunler\\\/bitkisel-ekstraktlar\\\/kuskirazi-ozutu\\\/#breadcrumb\",\"itemListElement\":[{\"@type\":\"ListItem\",\"position\":1,\"name\":\"Ana Sayfa\",\"item\":\"https:\\\/\\\/naturalpoland.com\\\/tr\\\/\"},{\"@type\":\"ListItem\",\"position\":2,\"name\":\"\u00dcr\u00fcnler\",\"item\":\"https:\\\/\\\/naturalpoland.com\\\/tr\\\/urunler\\\/\"},{\"@type\":\"ListItem\",\"position\":3,\"name\":\"Ku\u015fkiraz\u0131 \u00d6z\u00fct\u00fc\"}]},{\"@type\":\"WebSite\",\"@id\":\"https:\\\/\\\/naturalpoland.com\\\/tr\\\/#website\",\"url\":\"https:\\\/\\\/naturalpoland.com\\\/tr\\\/\",\"name\":\"NATURAL POLAND - Hurtowy Dystrybutor Surowc\u00f3w\",\"description\":\"Surowce dla przemys\u0142u spo\u017cywczego, kosmetycznego i farmaceutycznego\",\"publisher\":{\"@id\":\"https:\\\/\\\/naturalpoland.com\\\/tr\\\/#organization\"},\"potentialAction\":[{\"@type\":\"SearchAction\",\"target\":{\"@type\":\"EntryPoint\",\"urlTemplate\":\"https:\\\/\\\/naturalpoland.com\\\/tr\\\/?s={search_term_string}\"},\"query-input\":{\"@type\":\"PropertyValueSpecification\",\"valueRequired\":true,\"valueName\":\"search_term_string\"}}],\"inLanguage\":\"tr\"},{\"@type\":\"Organization\",\"@id\":\"https:\\\/\\\/naturalpoland.com\\\/tr\\\/#organization\",\"name\":\"Natural Poland\",\"url\":\"https:\\\/\\\/naturalpoland.com\\\/tr\\\/\",\"logo\":{\"@type\":\"ImageObject\",\"inLanguage\":\"tr\",\"@id\":\"https:\\\/\\\/naturalpoland.com\\\/tr\\\/#\\\/schema\\\/logo\\\/image\\\/\",\"url\":\"https:\\\/\\\/naturalpoland.com\\\/wp-content\\\/uploads\\\/2021\\\/05\\\/natural-poland-icon.png\",\"contentUrl\":\"https:\\\/\\\/naturalpoland.com\\\/wp-content\\\/uploads\\\/2021\\\/05\\\/natural-poland-icon.png\",\"width\":512,\"height\":512,\"caption\":\"Natural Poland\"},\"image\":{\"@id\":\"https:\\\/\\\/naturalpoland.com\\\/tr\\\/#\\\/schema\\\/logo\\\/image\\\/\"},\"sameAs\":[\"https:\\\/\\\/www.facebook.com\\\/naturalpoland.b2b\",\"https:\\\/\\\/pl.linkedin.com\\\/company\\\/natural-poland\",\"https:\\\/\\\/www.youtube.com\\\/channel\\\/UCgeGGkvOMahZo-xu_MSEWxg\"]}]}<\/script>\n<!-- \/ Yoast SEO plugin. -->","yoast_head_json":{"title":"Ku\u015fkiraz\u0131 \u00d6z\u00fct\u00fc - NATURAL POLAND - Hurtowy Dystrybutor Surowc\u00f3w","description":"Kiraz \u00f6z\u00fct\u00fc, ola\u011fan\u00fcst\u00fc besin ve sa\u011fl\u0131k \u00f6zellikleri sayesinde \u00e7ok y\u00f6nl\u00fc ve y\u00fcksek kaliteli bir \u00fcr\u00fcnd\u00fcr.","robots":{"index":"index","follow":"follow","max-snippet":"max-snippet:-1","max-image-preview":"max-image-preview:large","max-video-preview":"max-video-preview:-1"},"canonical":"https:\/\/naturalpoland.com\/tr\/urunler\/bitkisel-ekstraktlar\/kuskirazi-ozutu\/","og_locale":"tr_TR","og_type":"article","og_title":"Ku\u015fkiraz\u0131 \u00d6z\u00fct\u00fc - NATURAL POLAND - Hurtowy Dystrybutor Surowc\u00f3w","og_description":"Kiraz \u00f6z\u00fct\u00fc, ola\u011fan\u00fcst\u00fc besin ve sa\u011fl\u0131k \u00f6zellikleri sayesinde \u00e7ok y\u00f6nl\u00fc ve y\u00fcksek kaliteli bir \u00fcr\u00fcnd\u00fcr.","og_url":"https:\/\/naturalpoland.com\/tr\/urunler\/bitkisel-ekstraktlar\/kuskirazi-ozutu\/","og_site_name":"NATURAL POLAND - Hurtowy Dystrybutor Surowc\u00f3w","article_publisher":"https:\/\/www.facebook.com\/naturalpoland.b2b","article_modified_time":"2026-02-27T12:56:19+00:00","og_image":[{"width":350,"height":350,"url":"https:\/\/naturalpoland.com\/wp-content\/uploads\/ekstrakt-z-wisni-ptasiej.webp","type":"image\/webp"}],"schema":{"@context":"https:\/\/schema.org","@graph":[{"@type":"WebPage","@id":"https:\/\/naturalpoland.com\/tr\/urunler\/bitkisel-ekstraktlar\/kuskirazi-ozutu\/","url":"https:\/\/naturalpoland.com\/tr\/urunler\/bitkisel-ekstraktlar\/kuskirazi-ozutu\/","name":"Ku\u015fkiraz\u0131 \u00d6z\u00fct\u00fc - NATURAL POLAND - Hurtowy Dystrybutor Surowc\u00f3w","isPartOf":{"@id":"https:\/\/naturalpoland.com\/tr\/#website"},"primaryImageOfPage":{"@id":"https:\/\/naturalpoland.com\/tr\/urunler\/bitkisel-ekstraktlar\/kuskirazi-ozutu\/#primaryimage"},"image":{"@id":"https:\/\/naturalpoland.com\/tr\/urunler\/bitkisel-ekstraktlar\/kuskirazi-ozutu\/#primaryimage"},"thumbnailUrl":"https:\/\/naturalpoland.com\/wp-content\/uploads\/ekstrakt-z-wisni-ptasiej.webp","datePublished":"2024-07-23T11:43:33+00:00","dateModified":"2026-02-27T12:56:19+00:00","description":"Kiraz \u00f6z\u00fct\u00fc, ola\u011fan\u00fcst\u00fc besin ve sa\u011fl\u0131k \u00f6zellikleri sayesinde \u00e7ok y\u00f6nl\u00fc ve y\u00fcksek kaliteli bir \u00fcr\u00fcnd\u00fcr.","breadcrumb":{"@id":"https:\/\/naturalpoland.com\/tr\/urunler\/bitkisel-ekstraktlar\/kuskirazi-ozutu\/#breadcrumb"},"inLanguage":"tr","potentialAction":[{"@type":"ReadAction","target":["https:\/\/naturalpoland.com\/tr\/urunler\/bitkisel-ekstraktlar\/kuskirazi-ozutu\/"]}]},{"@type":"ImageObject","inLanguage":"tr","@id":"https:\/\/naturalpoland.com\/tr\/urunler\/bitkisel-ekstraktlar\/kuskirazi-ozutu\/#primaryimage","url":"https:\/\/naturalpoland.com\/wp-content\/uploads\/ekstrakt-z-wisni-ptasiej.webp","contentUrl":"https:\/\/naturalpoland.com\/wp-content\/uploads\/ekstrakt-z-wisni-ptasiej.webp","width":350,"height":350,"caption":"ku\u015fkiraz\u0131 \u00f6z\u00fct\u00fc"},{"@type":"BreadcrumbList","@id":"https:\/\/naturalpoland.com\/tr\/urunler\/bitkisel-ekstraktlar\/kuskirazi-ozutu\/#breadcrumb","itemListElement":[{"@type":"ListItem","position":1,"name":"Ana Sayfa","item":"https:\/\/naturalpoland.com\/tr\/"},{"@type":"ListItem","position":2,"name":"\u00dcr\u00fcnler","item":"https:\/\/naturalpoland.com\/tr\/urunler\/"},{"@type":"ListItem","position":3,"name":"Ku\u015fkiraz\u0131 \u00d6z\u00fct\u00fc"}]},{"@type":"WebSite","@id":"https:\/\/naturalpoland.com\/tr\/#website","url":"https:\/\/naturalpoland.com\/tr\/","name":"NATURAL POLAND - Hurtowy Dystrybutor Surowc\u00f3w","description":"Surowce dla przemys\u0142u spo\u017cywczego, kosmetycznego i farmaceutycznego","publisher":{"@id":"https:\/\/naturalpoland.com\/tr\/#organization"},"potentialAction":[{"@type":"SearchAction","target":{"@type":"EntryPoint","urlTemplate":"https:\/\/naturalpoland.com\/tr\/?s={search_term_string}"},"query-input":{"@type":"PropertyValueSpecification","valueRequired":true,"valueName":"search_term_string"}}],"inLanguage":"tr"},{"@type":"Organization","@id":"https:\/\/naturalpoland.com\/tr\/#organization","name":"Natural Poland","url":"https:\/\/naturalpoland.com\/tr\/","logo":{"@type":"ImageObject","inLanguage":"tr","@id":"https:\/\/naturalpoland.com\/tr\/#\/schema\/logo\/image\/","url":"https:\/\/naturalpoland.com\/wp-content\/uploads\/2021\/05\/natural-poland-icon.png","contentUrl":"https:\/\/naturalpoland.com\/wp-content\/uploads\/2021\/05\/natural-poland-icon.png","width":512,"height":512,"caption":"Natural Poland"},"image":{"@id":"https:\/\/naturalpoland.com\/tr\/#\/schema\/logo\/image\/"},"sameAs":["https:\/\/www.facebook.com\/naturalpoland.b2b","https:\/\/pl.linkedin.com\/company\/natural-poland","https:\/\/www.youtube.com\/channel\/UCgeGGkvOMahZo-xu_MSEWxg"]}]}},"_links":{"self":[{"href":"https:\/\/naturalpoland.com\/tr\/wp-json\/wp\/v2\/product\/46224","targetHints":{"allow":["GET"]}}],"collection":[{"href":"https:\/\/naturalpoland.com\/tr\/wp-json\/wp\/v2\/product"}],"about":[{"href":"https:\/\/naturalpoland.com\/tr\/wp-json\/wp\/v2\/types\/product"}],"wp:featuredmedia":[{"embeddable":true,"href":"https:\/\/naturalpoland.com\/tr\/wp-json\/wp\/v2\/media\/46225"}],"wp:attachment":[{"href":"https:\/\/naturalpoland.com\/tr\/wp-json\/wp\/v2\/media?parent=46224"}],"wp:term":[{"taxonomy":"product_brand","embeddable":true,"href":"https:\/\/naturalpoland.com\/tr\/wp-json\/wp\/v2\/product_brand?post=46224"},{"taxonomy":"product_cat","embeddable":true,"href":"https:\/\/naturalpoland.com\/tr\/wp-json\/wp\/v2\/product_cat?post=46224"},{"taxonomy":"product_tag","embeddable":true,"href":"https:\/\/naturalpoland.com\/tr\/wp-json\/wp\/v2\/product_tag?post=46224"}],"curies":[{"name":"wp","href":"https:\/\/api.w.org\/{rel}","templated":true}]}}