{"id":46230,"date":"2023-12-29T12:44:56","date_gmt":"2023-12-29T11:44:56","guid":{"rendered":"https:\/\/naturalpoland.com\/produkty\/kategorilenmemis\/nane-ekstrakti\/"},"modified":"2026-02-27T13:57:01","modified_gmt":"2026-02-27T12:57:01","slug":"nane-ekstrakti","status":"publish","type":"product","link":"https:\/\/naturalpoland.com\/tr\/urunler\/bitkisel-ekstraktlar\/nane-ekstrakti\/","title":{"rendered":"Nane Ekstrakt\u0131"},"content":{"rendered":"<h2>Toz Ekstrakt<\/h2>\n<p>Toz formundaki nane ekstrakt\u0131, kahverengi rengi ve tipik nane tad\u0131 ve kokusu ile karakterize edilen ince \u00f6\u011f\u00fct\u00fclm\u00fc\u015f bir tozdur. USP standartlar\u0131na uygun olan ekstrakt, GDO, a\u011f\u0131r metal ve pestisit i\u00e7ermez, b\u00f6ylece kullan\u0131m g\u00fcvenli\u011fini garanti eder. <\/p>\n<p>Takviye edici g\u0131dalar\u0131n bir bile\u015feni olarak nane ekstrakt\u0131, sindirim sistemini rahatlat\u0131c\u0131, gev\u015femeyi destekleyici ve stres belirtilerini hafifletici \u00f6zellikleri i\u00e7in kullan\u0131l\u0131r. Kozmetikte ise antioksidan ve ferahlat\u0131c\u0131 \u00f6zellikleri sayesinde kremler, tonikler ve losyonlar dahil olmak \u00fczere cilt bak\u0131m \u00fcr\u00fcnlerinde kullan\u0131l\u0131r. Ayr\u0131ca nane, ferahlat\u0131c\u0131 ve tonikleyici etkisiyle de de\u011ferlidir.  <\/p>\n<h2>Gliserin-Su Ekstrakt\u0131<\/h2>\n<p>Gliserin-su ekstrakt\u0131 formundaki ekstrakt, kuru bitkinin su ve gliserin \u00e7\u00f6zeltisi kullan\u0131larak ekstraksiyonuyla elde edilir. Kozmetik form\u00fclasyonlarda, \u00f6zellikle cilt ve sa\u00e7 bak\u0131m \u00fcr\u00fcnlerinde kullan\u0131l\u0131r. <\/p>\n<p>Bu ekstrakt formu, kozmetik form\u00fclasyonlarda, \u00f6zellikle cilt ve sa\u00e7 bak\u0131m \u00fcr\u00fcnlerinde kullan\u0131l\u0131r. Ferahlat\u0131c\u0131 ve serinletici \u00f6zellikleri sayesinde tonikler, kremler, losyonlar ve y\u0131kama \u00fcr\u00fcnleri i\u00e7in ideal bir bile\u015fendir. Antiseptik ve antienflamatuar etkisi sayesinde a\u011f\u0131z hijyeni \u00fcr\u00fcnlerinde ve cilt tahri\u015flerini yat\u0131\u015ft\u0131r\u0131c\u0131 preparatlarda da kullan\u0131l\u0131r.  <\/p>\n","protected":false},"excerpt":{"rendered":"<p>Nane ekstrakt\u0131 (<em>Mentha Piperita<\/em>), g\u0131da takviyeleri ve kozmetik \u00fcretiminde olduk\u00e7a de\u011ferlidir. Bu \u00fcr\u00fcn\u00fc toz ekstrakt ve gliserin-su ekstrakt\u0131 formunda sunmaktay\u0131z. <\/p>\n","protected":false},"featured_media":46231,"template":"","meta":[],"product_brand":[],"product_cat":[9531],"product_tag":[],"class_list":{"0":"post-46230","1":"product","2":"type-product","3":"status-publish","4":"has-post-thumbnail","6":"product_cat-bitkisel-ekstraktlar","7":"pa_certyfikaty-helal","8":"pa_certyfikaty-koser-sertifikasi","9":"pa_czesc-rosliny-yapraklar-2","11":"first","12":"instock","13":"shipping-taxable","14":"product-type-variable"},"yoast_head":"<!-- This site is optimized with the Yoast SEO plugin v27.4 - https:\/\/yoast.com\/product\/yoast-seo-wordpress\/ -->\n<title>Nane Ekstrakt\u0131 - NATURAL POLAND - Hurtowy Dystrybutor Surowc\u00f3w<\/title>\n<meta name=\"description\" content=\"\u00c7in&#039;den elde edilen nane ekstrakt\u0131 (Mentha Piperita), g\u0131da takviyeleri ve kozmetik \u00fcretiminde olduk\u00e7a de\u011ferlidir.\" \/>\n<meta name=\"robots\" content=\"index, follow, max-snippet:-1, max-image-preview:large, max-video-preview:-1\" \/>\n<link rel=\"canonical\" href=\"https:\/\/naturalpoland.com\/tr\/urunler\/bitkisel-ekstraktlar\/nane-ekstrakti\/\" \/>\n<meta property=\"og:locale\" content=\"tr_TR\" \/>\n<meta property=\"og:type\" content=\"article\" \/>\n<meta property=\"og:title\" content=\"Nane Ekstrakt\u0131 - NATURAL POLAND - Hurtowy Dystrybutor Surowc\u00f3w\" \/>\n<meta property=\"og:description\" content=\"\u00c7in&#039;den elde edilen nane ekstrakt\u0131 (Mentha Piperita), g\u0131da takviyeleri ve kozmetik \u00fcretiminde olduk\u00e7a de\u011ferlidir.\" \/>\n<meta property=\"og:url\" content=\"https:\/\/naturalpoland.com\/tr\/urunler\/bitkisel-ekstraktlar\/nane-ekstrakti\/\" \/>\n<meta property=\"og:site_name\" content=\"NATURAL POLAND - Hurtowy Dystrybutor Surowc\u00f3w\" \/>\n<meta property=\"article:publisher\" content=\"https:\/\/www.facebook.com\/naturalpoland.b2b\" \/>\n<meta property=\"article:modified_time\" content=\"2026-02-27T12:57:01+00:00\" \/>\n<meta property=\"og:image\" content=\"https:\/\/naturalpoland.com\/wp-content\/uploads\/mentha_piperita_extract.webp\" \/>\n\t<meta property=\"og:image:width\" content=\"612\" \/>\n\t<meta property=\"og:image:height\" content=\"612\" \/>\n\t<meta property=\"og:image:type\" content=\"image\/webp\" \/>\n<script type=\"application\/ld+json\" class=\"yoast-schema-graph\">{\"@context\":\"https:\\\/\\\/schema.org\",\"@graph\":[{\"@type\":\"WebPage\",\"@id\":\"https:\\\/\\\/naturalpoland.com\\\/tr\\\/urunler\\\/bitkisel-ekstraktlar\\\/nane-ekstrakti\\\/\",\"url\":\"https:\\\/\\\/naturalpoland.com\\\/tr\\\/urunler\\\/bitkisel-ekstraktlar\\\/nane-ekstrakti\\\/\",\"name\":\"Nane Ekstrakt\u0131 - NATURAL POLAND - Hurtowy Dystrybutor Surowc\u00f3w\",\"isPartOf\":{\"@id\":\"https:\\\/\\\/naturalpoland.com\\\/tr\\\/#website\"},\"primaryImageOfPage\":{\"@id\":\"https:\\\/\\\/naturalpoland.com\\\/tr\\\/urunler\\\/bitkisel-ekstraktlar\\\/nane-ekstrakti\\\/#primaryimage\"},\"image\":{\"@id\":\"https:\\\/\\\/naturalpoland.com\\\/tr\\\/urunler\\\/bitkisel-ekstraktlar\\\/nane-ekstrakti\\\/#primaryimage\"},\"thumbnailUrl\":\"https:\\\/\\\/naturalpoland.com\\\/wp-content\\\/uploads\\\/mentha_piperita_extract.webp\",\"datePublished\":\"2023-12-29T11:44:56+00:00\",\"dateModified\":\"2026-02-27T12:57:01+00:00\",\"description\":\"\u00c7in'den elde edilen nane ekstrakt\u0131 (Mentha Piperita), g\u0131da takviyeleri ve kozmetik \u00fcretiminde olduk\u00e7a de\u011ferlidir.\",\"breadcrumb\":{\"@id\":\"https:\\\/\\\/naturalpoland.com\\\/tr\\\/urunler\\\/bitkisel-ekstraktlar\\\/nane-ekstrakti\\\/#breadcrumb\"},\"inLanguage\":\"tr\",\"potentialAction\":[{\"@type\":\"ReadAction\",\"target\":[\"https:\\\/\\\/naturalpoland.com\\\/tr\\\/urunler\\\/bitkisel-ekstraktlar\\\/nane-ekstrakti\\\/\"]}]},{\"@type\":\"ImageObject\",\"inLanguage\":\"tr\",\"@id\":\"https:\\\/\\\/naturalpoland.com\\\/tr\\\/urunler\\\/bitkisel-ekstraktlar\\\/nane-ekstrakti\\\/#primaryimage\",\"url\":\"https:\\\/\\\/naturalpoland.com\\\/wp-content\\\/uploads\\\/mentha_piperita_extract.webp\",\"contentUrl\":\"https:\\\/\\\/naturalpoland.com\\\/wp-content\\\/uploads\\\/mentha_piperita_extract.webp\",\"width\":612,\"height\":612,\"caption\":\"Toz Nane Ekstrakt\u0131\"},{\"@type\":\"BreadcrumbList\",\"@id\":\"https:\\\/\\\/naturalpoland.com\\\/tr\\\/urunler\\\/bitkisel-ekstraktlar\\\/nane-ekstrakti\\\/#breadcrumb\",\"itemListElement\":[{\"@type\":\"ListItem\",\"position\":1,\"name\":\"Ana Sayfa\",\"item\":\"https:\\\/\\\/naturalpoland.com\\\/tr\\\/\"},{\"@type\":\"ListItem\",\"position\":2,\"name\":\"\u00dcr\u00fcnler\",\"item\":\"https:\\\/\\\/naturalpoland.com\\\/tr\\\/urunler\\\/\"},{\"@type\":\"ListItem\",\"position\":3,\"name\":\"Nane Ekstrakt\u0131\"}]},{\"@type\":\"WebSite\",\"@id\":\"https:\\\/\\\/naturalpoland.com\\\/tr\\\/#website\",\"url\":\"https:\\\/\\\/naturalpoland.com\\\/tr\\\/\",\"name\":\"NATURAL POLAND - Hurtowy Dystrybutor Surowc\u00f3w\",\"description\":\"Surowce dla przemys\u0142u spo\u017cywczego, kosmetycznego i farmaceutycznego\",\"publisher\":{\"@id\":\"https:\\\/\\\/naturalpoland.com\\\/tr\\\/#organization\"},\"potentialAction\":[{\"@type\":\"SearchAction\",\"target\":{\"@type\":\"EntryPoint\",\"urlTemplate\":\"https:\\\/\\\/naturalpoland.com\\\/tr\\\/?s={search_term_string}\"},\"query-input\":{\"@type\":\"PropertyValueSpecification\",\"valueRequired\":true,\"valueName\":\"search_term_string\"}}],\"inLanguage\":\"tr\"},{\"@type\":\"Organization\",\"@id\":\"https:\\\/\\\/naturalpoland.com\\\/tr\\\/#organization\",\"name\":\"Natural Poland\",\"url\":\"https:\\\/\\\/naturalpoland.com\\\/tr\\\/\",\"logo\":{\"@type\":\"ImageObject\",\"inLanguage\":\"tr\",\"@id\":\"https:\\\/\\\/naturalpoland.com\\\/tr\\\/#\\\/schema\\\/logo\\\/image\\\/\",\"url\":\"https:\\\/\\\/naturalpoland.com\\\/wp-content\\\/uploads\\\/2021\\\/05\\\/natural-poland-icon.png\",\"contentUrl\":\"https:\\\/\\\/naturalpoland.com\\\/wp-content\\\/uploads\\\/2021\\\/05\\\/natural-poland-icon.png\",\"width\":512,\"height\":512,\"caption\":\"Natural Poland\"},\"image\":{\"@id\":\"https:\\\/\\\/naturalpoland.com\\\/tr\\\/#\\\/schema\\\/logo\\\/image\\\/\"},\"sameAs\":[\"https:\\\/\\\/www.facebook.com\\\/naturalpoland.b2b\",\"https:\\\/\\\/pl.linkedin.com\\\/company\\\/natural-poland\",\"https:\\\/\\\/www.youtube.com\\\/channel\\\/UCgeGGkvOMahZo-xu_MSEWxg\"]}]}<\/script>\n<!-- \/ Yoast SEO plugin. -->","yoast_head_json":{"title":"Nane Ekstrakt\u0131 - NATURAL POLAND - Hurtowy Dystrybutor Surowc\u00f3w","description":"\u00c7in'den elde edilen nane ekstrakt\u0131 (Mentha Piperita), g\u0131da takviyeleri ve kozmetik \u00fcretiminde olduk\u00e7a de\u011ferlidir.","robots":{"index":"index","follow":"follow","max-snippet":"max-snippet:-1","max-image-preview":"max-image-preview:large","max-video-preview":"max-video-preview:-1"},"canonical":"https:\/\/naturalpoland.com\/tr\/urunler\/bitkisel-ekstraktlar\/nane-ekstrakti\/","og_locale":"tr_TR","og_type":"article","og_title":"Nane Ekstrakt\u0131 - NATURAL POLAND - Hurtowy Dystrybutor Surowc\u00f3w","og_description":"\u00c7in'den elde edilen nane ekstrakt\u0131 (Mentha Piperita), g\u0131da takviyeleri ve kozmetik \u00fcretiminde olduk\u00e7a de\u011ferlidir.","og_url":"https:\/\/naturalpoland.com\/tr\/urunler\/bitkisel-ekstraktlar\/nane-ekstrakti\/","og_site_name":"NATURAL POLAND - Hurtowy Dystrybutor Surowc\u00f3w","article_publisher":"https:\/\/www.facebook.com\/naturalpoland.b2b","article_modified_time":"2026-02-27T12:57:01+00:00","og_image":[{"width":612,"height":612,"url":"https:\/\/naturalpoland.com\/wp-content\/uploads\/mentha_piperita_extract.webp","type":"image\/webp"}],"schema":{"@context":"https:\/\/schema.org","@graph":[{"@type":"WebPage","@id":"https:\/\/naturalpoland.com\/tr\/urunler\/bitkisel-ekstraktlar\/nane-ekstrakti\/","url":"https:\/\/naturalpoland.com\/tr\/urunler\/bitkisel-ekstraktlar\/nane-ekstrakti\/","name":"Nane Ekstrakt\u0131 - NATURAL POLAND - Hurtowy Dystrybutor Surowc\u00f3w","isPartOf":{"@id":"https:\/\/naturalpoland.com\/tr\/#website"},"primaryImageOfPage":{"@id":"https:\/\/naturalpoland.com\/tr\/urunler\/bitkisel-ekstraktlar\/nane-ekstrakti\/#primaryimage"},"image":{"@id":"https:\/\/naturalpoland.com\/tr\/urunler\/bitkisel-ekstraktlar\/nane-ekstrakti\/#primaryimage"},"thumbnailUrl":"https:\/\/naturalpoland.com\/wp-content\/uploads\/mentha_piperita_extract.webp","datePublished":"2023-12-29T11:44:56+00:00","dateModified":"2026-02-27T12:57:01+00:00","description":"\u00c7in'den elde edilen nane ekstrakt\u0131 (Mentha Piperita), g\u0131da takviyeleri ve kozmetik \u00fcretiminde olduk\u00e7a de\u011ferlidir.","breadcrumb":{"@id":"https:\/\/naturalpoland.com\/tr\/urunler\/bitkisel-ekstraktlar\/nane-ekstrakti\/#breadcrumb"},"inLanguage":"tr","potentialAction":[{"@type":"ReadAction","target":["https:\/\/naturalpoland.com\/tr\/urunler\/bitkisel-ekstraktlar\/nane-ekstrakti\/"]}]},{"@type":"ImageObject","inLanguage":"tr","@id":"https:\/\/naturalpoland.com\/tr\/urunler\/bitkisel-ekstraktlar\/nane-ekstrakti\/#primaryimage","url":"https:\/\/naturalpoland.com\/wp-content\/uploads\/mentha_piperita_extract.webp","contentUrl":"https:\/\/naturalpoland.com\/wp-content\/uploads\/mentha_piperita_extract.webp","width":612,"height":612,"caption":"Toz Nane Ekstrakt\u0131"},{"@type":"BreadcrumbList","@id":"https:\/\/naturalpoland.com\/tr\/urunler\/bitkisel-ekstraktlar\/nane-ekstrakti\/#breadcrumb","itemListElement":[{"@type":"ListItem","position":1,"name":"Ana Sayfa","item":"https:\/\/naturalpoland.com\/tr\/"},{"@type":"ListItem","position":2,"name":"\u00dcr\u00fcnler","item":"https:\/\/naturalpoland.com\/tr\/urunler\/"},{"@type":"ListItem","position":3,"name":"Nane Ekstrakt\u0131"}]},{"@type":"WebSite","@id":"https:\/\/naturalpoland.com\/tr\/#website","url":"https:\/\/naturalpoland.com\/tr\/","name":"NATURAL POLAND - Hurtowy Dystrybutor Surowc\u00f3w","description":"Surowce dla przemys\u0142u spo\u017cywczego, kosmetycznego i farmaceutycznego","publisher":{"@id":"https:\/\/naturalpoland.com\/tr\/#organization"},"potentialAction":[{"@type":"SearchAction","target":{"@type":"EntryPoint","urlTemplate":"https:\/\/naturalpoland.com\/tr\/?s={search_term_string}"},"query-input":{"@type":"PropertyValueSpecification","valueRequired":true,"valueName":"search_term_string"}}],"inLanguage":"tr"},{"@type":"Organization","@id":"https:\/\/naturalpoland.com\/tr\/#organization","name":"Natural Poland","url":"https:\/\/naturalpoland.com\/tr\/","logo":{"@type":"ImageObject","inLanguage":"tr","@id":"https:\/\/naturalpoland.com\/tr\/#\/schema\/logo\/image\/","url":"https:\/\/naturalpoland.com\/wp-content\/uploads\/2021\/05\/natural-poland-icon.png","contentUrl":"https:\/\/naturalpoland.com\/wp-content\/uploads\/2021\/05\/natural-poland-icon.png","width":512,"height":512,"caption":"Natural Poland"},"image":{"@id":"https:\/\/naturalpoland.com\/tr\/#\/schema\/logo\/image\/"},"sameAs":["https:\/\/www.facebook.com\/naturalpoland.b2b","https:\/\/pl.linkedin.com\/company\/natural-poland","https:\/\/www.youtube.com\/channel\/UCgeGGkvOMahZo-xu_MSEWxg"]}]}},"_links":{"self":[{"href":"https:\/\/naturalpoland.com\/tr\/wp-json\/wp\/v2\/product\/46230","targetHints":{"allow":["GET"]}}],"collection":[{"href":"https:\/\/naturalpoland.com\/tr\/wp-json\/wp\/v2\/product"}],"about":[{"href":"https:\/\/naturalpoland.com\/tr\/wp-json\/wp\/v2\/types\/product"}],"wp:featuredmedia":[{"embeddable":true,"href":"https:\/\/naturalpoland.com\/tr\/wp-json\/wp\/v2\/media\/46231"}],"wp:attachment":[{"href":"https:\/\/naturalpoland.com\/tr\/wp-json\/wp\/v2\/media?parent=46230"}],"wp:term":[{"taxonomy":"product_brand","embeddable":true,"href":"https:\/\/naturalpoland.com\/tr\/wp-json\/wp\/v2\/product_brand?post=46230"},{"taxonomy":"product_cat","embeddable":true,"href":"https:\/\/naturalpoland.com\/tr\/wp-json\/wp\/v2\/product_cat?post=46230"},{"taxonomy":"product_tag","embeddable":true,"href":"https:\/\/naturalpoland.com\/tr\/wp-json\/wp\/v2\/product_tag?post=46230"}],"curies":[{"name":"wp","href":"https:\/\/api.w.org\/{rel}","templated":true}]}}