{"id":46242,"date":"2023-12-29T15:07:49","date_gmt":"2023-12-29T14:07:49","guid":{"rendered":"https:\/\/naturalpoland.com\/produkty\/kategorilenmemis\/bambu-ozu\/"},"modified":"2026-02-27T13:57:12","modified_gmt":"2026-02-27T12:57:12","slug":"bambu-ozu","status":"publish","type":"product","link":"https:\/\/naturalpoland.com\/tr\/urunler\/bitkisel-ekstraktlar\/bambu-ozu\/","title":{"rendered":"Bambu \u00d6z\u00fc"},"content":{"rendered":"<p>Bambu \u00d6z\u00fc, %71,8&#8217;e varan ola\u011fan\u00fcst\u00fc y\u00fcksek silika i\u00e7eri\u011fine sahiptir, bu da kalitesini ve etkinli\u011fini vurgular. Kristal beyaz\u0131 renginde, ince \u00f6\u011f\u00fct\u00fclm\u00fc\u015f bir tozdur ve kendine \u00f6zg\u00fc bir kokuya sahiptir. \u00d6z\u00fcn \u00fcretim s\u00fcreci, \u00e7\u00f6z\u00fcc\u00fc olarak etanol ve su kullan\u0131m\u0131n\u0131 i\u00e7erir ve safl\u0131\u011f\u0131 USP standartlar\u0131na uygun testlerle do\u011frulanm\u0131\u015ft\u0131r.  <\/p>\n<p>Bambu \u00d6z\u00fc, y\u00fcksek silika i\u00e7eri\u011fi sayesinde <strong>cilt, sa\u00e7 ve t\u0131rnak sa\u011fl\u0131\u011f\u0131n\u0131 g\u00fc\u00e7lendirici \u00f6zellikleriyle<\/strong> \u00f6zellikle de\u011ferlidir; bu alanlar \u00fczerindeki faydal\u0131 etkileri bilinmektedir. Cilt, sa\u00e7 ve t\u0131rnaklar\u0131n durumunu ve g\u00f6r\u00fcn\u00fcm\u00fcn\u00fc iyile\u015ftirmeyi ama\u00e7layan krem, losyon ve takviyeler gibi kozmetik \u00fcr\u00fcnlerinde kullan\u0131m i\u00e7in idealdir. <\/p>\n<p>\u00dcr\u00fcn GDO i\u00e7ermez ve pestisit ve a\u011f\u0131r metal kal\u0131nt\u0131lar\u0131na ili\u015fkin kat\u0131 standartlar\u0131 kar\u015f\u0131layarak g\u00fcvenli\u011fini ve y\u00fcksek kalitesini garanti eder. Neme ve do\u011frudan g\u00fcne\u015f \u0131\u015f\u0131\u011f\u0131na maruz kalmayacak \u015fekilde hava ge\u00e7irmez bir kapta sakland\u0131\u011f\u0131nda, \u00f6zelliklerini 2 y\u0131l boyunca korur, bu da onu stabil ve g\u00fcvenilir bir bile\u015fen yapar. <\/p>\n","protected":false},"excerpt":{"rendered":"<p>\u00c7in&#8217;de \u00fcretilen Bambu \u00d6z\u00fc (<em>Bambusa Vulgaris<\/em>), sa\u011fl\u0131k ve kozmetik \u00fcr\u00fcnleri i\u00e7in de\u011ferli bir katk\u0131 maddesidir.<\/p>\n","protected":false},"featured_media":46243,"template":"","meta":{"_acf_changed":false},"product_brand":[],"product_cat":[9531],"product_tag":[],"class_list":{"0":"post-46242","1":"product","2":"type-product","3":"status-publish","4":"has-post-thumbnail","6":"product_cat-bitkisel-ekstraktlar","7":"pa_czesc-rosliny-govde-ve-yaprak","9":"first","10":"instock","11":"shipping-taxable","12":"product-type-simple"},"acf":[],"yoast_head":"<!-- This site is optimized with the Yoast SEO plugin v27.4 - https:\/\/yoast.com\/product\/yoast-seo-wordpress\/ -->\n<title>Bambu \u00d6z\u00fc - Hurtowy Dystrybutor<\/title>\n<meta name=\"description\" content=\"\u00c7in&#039;de \u00fcretilen Bambu \u00d6z\u00fc (Bambusa Vulgaris), sa\u011fl\u0131k ve kozmetik \u00fcr\u00fcnleri i\u00e7in de\u011ferli bir katk\u0131 maddesidir.\" \/>\n<meta name=\"robots\" content=\"index, follow, max-snippet:-1, max-image-preview:large, max-video-preview:-1\" \/>\n<link rel=\"canonical\" href=\"https:\/\/naturalpoland.com\/tr\/urunler\/bitkisel-ekstraktlar\/bambu-ozu\/\" \/>\n<meta property=\"og:locale\" content=\"tr_TR\" \/>\n<meta property=\"og:type\" content=\"article\" \/>\n<meta property=\"og:title\" content=\"Bambu \u00d6z\u00fc - Hurtowy Dystrybutor\" \/>\n<meta property=\"og:description\" content=\"\u00c7in&#039;de \u00fcretilen Bambu \u00d6z\u00fc (Bambusa Vulgaris), sa\u011fl\u0131k ve kozmetik \u00fcr\u00fcnleri i\u00e7in de\u011ferli bir katk\u0131 maddesidir.\" \/>\n<meta property=\"og:url\" content=\"https:\/\/naturalpoland.com\/tr\/urunler\/bitkisel-ekstraktlar\/bambu-ozu\/\" \/>\n<meta property=\"og:site_name\" content=\"NATURAL POLAND - Hurtowy Dystrybutor Surowc\u00f3w\" \/>\n<meta property=\"article:publisher\" content=\"https:\/\/www.facebook.com\/naturalpoland.b2b\" \/>\n<meta property=\"article:modified_time\" content=\"2026-02-27T12:57:12+00:00\" \/>\n<meta property=\"og:image\" content=\"https:\/\/naturalpoland.com\/wp-content\/uploads\/bamboo_extract.webp\" \/>\n\t<meta property=\"og:image:width\" content=\"603\" \/>\n\t<meta property=\"og:image:height\" content=\"603\" \/>\n\t<meta property=\"og:image:type\" content=\"image\/webp\" \/>\n<script type=\"application\/ld+json\" class=\"yoast-schema-graph\">{\"@context\":\"https:\\\/\\\/schema.org\",\"@graph\":[{\"@type\":\"WebPage\",\"@id\":\"https:\\\/\\\/naturalpoland.com\\\/tr\\\/urunler\\\/bitkisel-ekstraktlar\\\/bambu-ozu\\\/\",\"url\":\"https:\\\/\\\/naturalpoland.com\\\/tr\\\/urunler\\\/bitkisel-ekstraktlar\\\/bambu-ozu\\\/\",\"name\":\"Bambu \u00d6z\u00fc - Hurtowy Dystrybutor\",\"isPartOf\":{\"@id\":\"https:\\\/\\\/naturalpoland.com\\\/tr\\\/#website\"},\"primaryImageOfPage\":{\"@id\":\"https:\\\/\\\/naturalpoland.com\\\/tr\\\/urunler\\\/bitkisel-ekstraktlar\\\/bambu-ozu\\\/#primaryimage\"},\"image\":{\"@id\":\"https:\\\/\\\/naturalpoland.com\\\/tr\\\/urunler\\\/bitkisel-ekstraktlar\\\/bambu-ozu\\\/#primaryimage\"},\"thumbnailUrl\":\"https:\\\/\\\/naturalpoland.com\\\/wp-content\\\/uploads\\\/bamboo_extract.webp\",\"datePublished\":\"2023-12-29T14:07:49+00:00\",\"dateModified\":\"2026-02-27T12:57:12+00:00\",\"description\":\"\u00c7in'de \u00fcretilen Bambu \u00d6z\u00fc (Bambusa Vulgaris), sa\u011fl\u0131k ve kozmetik \u00fcr\u00fcnleri i\u00e7in de\u011ferli bir katk\u0131 maddesidir.\",\"breadcrumb\":{\"@id\":\"https:\\\/\\\/naturalpoland.com\\\/tr\\\/urunler\\\/bitkisel-ekstraktlar\\\/bambu-ozu\\\/#breadcrumb\"},\"inLanguage\":\"tr\",\"potentialAction\":[{\"@type\":\"ReadAction\",\"target\":[\"https:\\\/\\\/naturalpoland.com\\\/tr\\\/urunler\\\/bitkisel-ekstraktlar\\\/bambu-ozu\\\/\"]}]},{\"@type\":\"ImageObject\",\"inLanguage\":\"tr\",\"@id\":\"https:\\\/\\\/naturalpoland.com\\\/tr\\\/urunler\\\/bitkisel-ekstraktlar\\\/bambu-ozu\\\/#primaryimage\",\"url\":\"https:\\\/\\\/naturalpoland.com\\\/wp-content\\\/uploads\\\/bamboo_extract.webp\",\"contentUrl\":\"https:\\\/\\\/naturalpoland.com\\\/wp-content\\\/uploads\\\/bamboo_extract.webp\",\"width\":603,\"height\":603,\"caption\":\"bambu \u00f6z\u00fc\"},{\"@type\":\"BreadcrumbList\",\"@id\":\"https:\\\/\\\/naturalpoland.com\\\/tr\\\/urunler\\\/bitkisel-ekstraktlar\\\/bambu-ozu\\\/#breadcrumb\",\"itemListElement\":[{\"@type\":\"ListItem\",\"position\":1,\"name\":\"Ana Sayfa\",\"item\":\"https:\\\/\\\/naturalpoland.com\\\/tr\\\/\"},{\"@type\":\"ListItem\",\"position\":2,\"name\":\"\u00dcr\u00fcnler\",\"item\":\"https:\\\/\\\/naturalpoland.com\\\/tr\\\/urunler\\\/\"},{\"@type\":\"ListItem\",\"position\":3,\"name\":\"Bambu \u00d6z\u00fc\"}]},{\"@type\":\"WebSite\",\"@id\":\"https:\\\/\\\/naturalpoland.com\\\/tr\\\/#website\",\"url\":\"https:\\\/\\\/naturalpoland.com\\\/tr\\\/\",\"name\":\"NATURAL POLAND - Hurtowy Dystrybutor Surowc\u00f3w\",\"description\":\"Surowce dla przemys\u0142u spo\u017cywczego, kosmetycznego i farmaceutycznego\",\"publisher\":{\"@id\":\"https:\\\/\\\/naturalpoland.com\\\/tr\\\/#organization\"},\"potentialAction\":[{\"@type\":\"SearchAction\",\"target\":{\"@type\":\"EntryPoint\",\"urlTemplate\":\"https:\\\/\\\/naturalpoland.com\\\/tr\\\/?s={search_term_string}\"},\"query-input\":{\"@type\":\"PropertyValueSpecification\",\"valueRequired\":true,\"valueName\":\"search_term_string\"}}],\"inLanguage\":\"tr\"},{\"@type\":\"Organization\",\"@id\":\"https:\\\/\\\/naturalpoland.com\\\/tr\\\/#organization\",\"name\":\"Natural Poland\",\"url\":\"https:\\\/\\\/naturalpoland.com\\\/tr\\\/\",\"logo\":{\"@type\":\"ImageObject\",\"inLanguage\":\"tr\",\"@id\":\"https:\\\/\\\/naturalpoland.com\\\/tr\\\/#\\\/schema\\\/logo\\\/image\\\/\",\"url\":\"https:\\\/\\\/naturalpoland.com\\\/wp-content\\\/uploads\\\/2021\\\/05\\\/natural-poland-icon.png\",\"contentUrl\":\"https:\\\/\\\/naturalpoland.com\\\/wp-content\\\/uploads\\\/2021\\\/05\\\/natural-poland-icon.png\",\"width\":512,\"height\":512,\"caption\":\"Natural Poland\"},\"image\":{\"@id\":\"https:\\\/\\\/naturalpoland.com\\\/tr\\\/#\\\/schema\\\/logo\\\/image\\\/\"},\"sameAs\":[\"https:\\\/\\\/www.facebook.com\\\/naturalpoland.b2b\",\"https:\\\/\\\/pl.linkedin.com\\\/company\\\/natural-poland\",\"https:\\\/\\\/www.youtube.com\\\/channel\\\/UCgeGGkvOMahZo-xu_MSEWxg\"]}]}<\/script>\n<!-- \/ Yoast SEO plugin. -->","yoast_head_json":{"title":"Bambu \u00d6z\u00fc - Hurtowy Dystrybutor","description":"\u00c7in'de \u00fcretilen Bambu \u00d6z\u00fc (Bambusa Vulgaris), sa\u011fl\u0131k ve kozmetik \u00fcr\u00fcnleri i\u00e7in de\u011ferli bir katk\u0131 maddesidir.","robots":{"index":"index","follow":"follow","max-snippet":"max-snippet:-1","max-image-preview":"max-image-preview:large","max-video-preview":"max-video-preview:-1"},"canonical":"https:\/\/naturalpoland.com\/tr\/urunler\/bitkisel-ekstraktlar\/bambu-ozu\/","og_locale":"tr_TR","og_type":"article","og_title":"Bambu \u00d6z\u00fc - Hurtowy Dystrybutor","og_description":"\u00c7in'de \u00fcretilen Bambu \u00d6z\u00fc (Bambusa Vulgaris), sa\u011fl\u0131k ve kozmetik \u00fcr\u00fcnleri i\u00e7in de\u011ferli bir katk\u0131 maddesidir.","og_url":"https:\/\/naturalpoland.com\/tr\/urunler\/bitkisel-ekstraktlar\/bambu-ozu\/","og_site_name":"NATURAL POLAND - Hurtowy Dystrybutor Surowc\u00f3w","article_publisher":"https:\/\/www.facebook.com\/naturalpoland.b2b","article_modified_time":"2026-02-27T12:57:12+00:00","og_image":[{"width":603,"height":603,"url":"https:\/\/naturalpoland.com\/wp-content\/uploads\/bamboo_extract.webp","type":"image\/webp"}],"schema":{"@context":"https:\/\/schema.org","@graph":[{"@type":"WebPage","@id":"https:\/\/naturalpoland.com\/tr\/urunler\/bitkisel-ekstraktlar\/bambu-ozu\/","url":"https:\/\/naturalpoland.com\/tr\/urunler\/bitkisel-ekstraktlar\/bambu-ozu\/","name":"Bambu \u00d6z\u00fc - Hurtowy Dystrybutor","isPartOf":{"@id":"https:\/\/naturalpoland.com\/tr\/#website"},"primaryImageOfPage":{"@id":"https:\/\/naturalpoland.com\/tr\/urunler\/bitkisel-ekstraktlar\/bambu-ozu\/#primaryimage"},"image":{"@id":"https:\/\/naturalpoland.com\/tr\/urunler\/bitkisel-ekstraktlar\/bambu-ozu\/#primaryimage"},"thumbnailUrl":"https:\/\/naturalpoland.com\/wp-content\/uploads\/bamboo_extract.webp","datePublished":"2023-12-29T14:07:49+00:00","dateModified":"2026-02-27T12:57:12+00:00","description":"\u00c7in'de \u00fcretilen Bambu \u00d6z\u00fc (Bambusa Vulgaris), sa\u011fl\u0131k ve kozmetik \u00fcr\u00fcnleri i\u00e7in de\u011ferli bir katk\u0131 maddesidir.","breadcrumb":{"@id":"https:\/\/naturalpoland.com\/tr\/urunler\/bitkisel-ekstraktlar\/bambu-ozu\/#breadcrumb"},"inLanguage":"tr","potentialAction":[{"@type":"ReadAction","target":["https:\/\/naturalpoland.com\/tr\/urunler\/bitkisel-ekstraktlar\/bambu-ozu\/"]}]},{"@type":"ImageObject","inLanguage":"tr","@id":"https:\/\/naturalpoland.com\/tr\/urunler\/bitkisel-ekstraktlar\/bambu-ozu\/#primaryimage","url":"https:\/\/naturalpoland.com\/wp-content\/uploads\/bamboo_extract.webp","contentUrl":"https:\/\/naturalpoland.com\/wp-content\/uploads\/bamboo_extract.webp","width":603,"height":603,"caption":"bambu \u00f6z\u00fc"},{"@type":"BreadcrumbList","@id":"https:\/\/naturalpoland.com\/tr\/urunler\/bitkisel-ekstraktlar\/bambu-ozu\/#breadcrumb","itemListElement":[{"@type":"ListItem","position":1,"name":"Ana Sayfa","item":"https:\/\/naturalpoland.com\/tr\/"},{"@type":"ListItem","position":2,"name":"\u00dcr\u00fcnler","item":"https:\/\/naturalpoland.com\/tr\/urunler\/"},{"@type":"ListItem","position":3,"name":"Bambu \u00d6z\u00fc"}]},{"@type":"WebSite","@id":"https:\/\/naturalpoland.com\/tr\/#website","url":"https:\/\/naturalpoland.com\/tr\/","name":"NATURAL POLAND - Hurtowy Dystrybutor Surowc\u00f3w","description":"Surowce dla przemys\u0142u spo\u017cywczego, kosmetycznego i farmaceutycznego","publisher":{"@id":"https:\/\/naturalpoland.com\/tr\/#organization"},"potentialAction":[{"@type":"SearchAction","target":{"@type":"EntryPoint","urlTemplate":"https:\/\/naturalpoland.com\/tr\/?s={search_term_string}"},"query-input":{"@type":"PropertyValueSpecification","valueRequired":true,"valueName":"search_term_string"}}],"inLanguage":"tr"},{"@type":"Organization","@id":"https:\/\/naturalpoland.com\/tr\/#organization","name":"Natural Poland","url":"https:\/\/naturalpoland.com\/tr\/","logo":{"@type":"ImageObject","inLanguage":"tr","@id":"https:\/\/naturalpoland.com\/tr\/#\/schema\/logo\/image\/","url":"https:\/\/naturalpoland.com\/wp-content\/uploads\/2021\/05\/natural-poland-icon.png","contentUrl":"https:\/\/naturalpoland.com\/wp-content\/uploads\/2021\/05\/natural-poland-icon.png","width":512,"height":512,"caption":"Natural Poland"},"image":{"@id":"https:\/\/naturalpoland.com\/tr\/#\/schema\/logo\/image\/"},"sameAs":["https:\/\/www.facebook.com\/naturalpoland.b2b","https:\/\/pl.linkedin.com\/company\/natural-poland","https:\/\/www.youtube.com\/channel\/UCgeGGkvOMahZo-xu_MSEWxg"]}]}},"_links":{"self":[{"href":"https:\/\/naturalpoland.com\/tr\/wp-json\/wp\/v2\/product\/46242","targetHints":{"allow":["GET"]}}],"collection":[{"href":"https:\/\/naturalpoland.com\/tr\/wp-json\/wp\/v2\/product"}],"about":[{"href":"https:\/\/naturalpoland.com\/tr\/wp-json\/wp\/v2\/types\/product"}],"wp:featuredmedia":[{"embeddable":true,"href":"https:\/\/naturalpoland.com\/tr\/wp-json\/wp\/v2\/media\/46243"}],"wp:attachment":[{"href":"https:\/\/naturalpoland.com\/tr\/wp-json\/wp\/v2\/media?parent=46242"}],"wp:term":[{"taxonomy":"product_brand","embeddable":true,"href":"https:\/\/naturalpoland.com\/tr\/wp-json\/wp\/v2\/product_brand?post=46242"},{"taxonomy":"product_cat","embeddable":true,"href":"https:\/\/naturalpoland.com\/tr\/wp-json\/wp\/v2\/product_cat?post=46242"},{"taxonomy":"product_tag","embeddable":true,"href":"https:\/\/naturalpoland.com\/tr\/wp-json\/wp\/v2\/product_tag?post=46242"}],"curies":[{"name":"wp","href":"https:\/\/api.w.org\/{rel}","templated":true}]}}