{"id":46244,"date":"2023-12-29T15:38:27","date_gmt":"2023-12-29T14:38:27","guid":{"rendered":"https:\/\/naturalpoland.com\/produkty\/kategorilenmemis\/sarmasik-koku-ozutu\/"},"modified":"2026-02-27T13:57:17","modified_gmt":"2026-02-27T12:57:17","slug":"sarmasik-koku-ozutu","status":"publish","type":"product","link":"https:\/\/naturalpoland.com\/tr\/urunler\/bitkisel-ekstraktlar\/sarmasik-koku-ozutu\/","title":{"rendered":"Sarma\u015f\u0131k K\u00f6k\u00fc \u00d6z\u00fct\u00fc"},"content":{"rendered":"<p>Bitki k\u00f6klerinden elde edilen sarma\u015f\u0131k k\u00f6k\u00fc \u00f6z\u00fct\u00fc, \u015fifa verici ve besleyici \u00f6zellikleriyle de\u011fer g\u00f6r\u00fcr. A\u00e7\u0131k kahverengi-sar\u0131 renge sahiptir ve karakteristik bir tat ve kokuya sahiptir. \u00dcr\u00fcn, organoleptik \u00f6zelliklerini do\u011frulayan y\u00fcksek kalite standartlar\u0131n\u0131 kar\u015f\u0131lar.  <\/p>\n<p>Bu \u00f6z\u00fct, GDO&#8217;suz olup a\u011f\u0131r metaller veya pestisitler gibi kirleticilerden ar\u0131nd\u0131r\u0131lm\u0131\u015ft\u0131r ve bu durum kromatografik testlerle do\u011frulanm\u0131\u015ft\u0131r. Ayr\u0131ca zararl\u0131 pirolizidin alkaloidleri i\u00e7ermez. Bakteri bulunmad\u0131\u011f\u0131ndan mikrobiyolojik a\u00e7\u0131dan g\u00fcvenlidir.  <\/p>\n<p>Hem g\u0131da takviyelerinde hem de kozmetikte kullan\u0131lan Smilax officinalis \u00f6z\u00fct\u00fc bir\u00e7ok faydaya sahiptir. Akne veya egzama gibi cilt sorunlar\u0131yla m\u00fccadeleye yard\u0131mc\u0131 olan biyoaktif bile\u015fikler a\u00e7\u0131s\u0131ndan zengindir. Antienflamatuar ve antioksidan etki g\u00f6stererek cildin genel durumunu iyile\u015ftirir. Takviye olarak kullan\u0131ld\u0131\u011f\u0131nda v\u00fccudun ba\u011f\u0131\u015f\u0131kl\u0131k fonksiyonlar\u0131n\u0131 destekler ve eklem esnekli\u011finin artmas\u0131na katk\u0131da bulunabilir. Detoksifiye edici ve ar\u0131nd\u0131r\u0131c\u0131 \u00f6zellikleri sayesinde v\u00fccudu temizlemeye yard\u0131mc\u0131 \u00fcr\u00fcnlerde de\u011fer g\u00f6r\u00fcr.    <\/p>\n","protected":false},"excerpt":{"rendered":"<p>Sarma\u015f\u0131k k\u00f6k\u00fc \u00f6z\u00fct\u00fc, Smilax officinalis \u00f6z\u00fct\u00fc olarak da bilinir ve \u00e7e\u015fitli sa\u011fl\u0131k ve kozmetik sekt\u00f6rlerinde kullan\u0131lan do\u011fal bir bile\u015fendir.<\/p>\n","protected":false},"featured_media":46245,"template":"","meta":[],"product_brand":[],"product_cat":[9531],"product_tag":[],"class_list":{"0":"post-46244","1":"product","2":"type-product","3":"status-publish","4":"has-post-thumbnail","6":"product_cat-bitkisel-ekstraktlar","7":"pa_certyfikaty-helal","8":"pa_certyfikaty-koser-sertifikasi","9":"pa_czesc-rosliny-kok","11":"first","12":"instock","13":"shipping-taxable","14":"product-type-simple"},"yoast_head":"<!-- This site is optimized with the Yoast SEO plugin v27.4 - https:\/\/yoast.com\/product\/yoast-seo-wordpress\/ -->\n<title>Sarma\u015f\u0131k K\u00f6k\u00fc \u00d6z\u00fct\u00fc - Hurtowy Dystrybutor<\/title>\n<meta name=\"description\" content=\"Sarma\u015f\u0131k k\u00f6k\u00fc \u00f6z\u00fct\u00fc (Smilax officinalis \u00f6z\u00fct\u00fc), \u00e7e\u015fitli sa\u011fl\u0131k ve kozmetik sekt\u00f6rlerinde kullan\u0131lan do\u011fal bir bile\u015fendir.\" \/>\n<meta name=\"robots\" content=\"index, follow, max-snippet:-1, max-image-preview:large, max-video-preview:-1\" \/>\n<link rel=\"canonical\" href=\"https:\/\/naturalpoland.com\/tr\/urunler\/bitkisel-ekstraktlar\/sarmasik-koku-ozutu\/\" \/>\n<meta property=\"og:locale\" content=\"tr_TR\" \/>\n<meta property=\"og:type\" content=\"article\" \/>\n<meta property=\"og:title\" content=\"Sarma\u015f\u0131k K\u00f6k\u00fc \u00d6z\u00fct\u00fc - Hurtowy Dystrybutor\" \/>\n<meta property=\"og:description\" content=\"Sarma\u015f\u0131k k\u00f6k\u00fc \u00f6z\u00fct\u00fc (Smilax officinalis \u00f6z\u00fct\u00fc), \u00e7e\u015fitli sa\u011fl\u0131k ve kozmetik sekt\u00f6rlerinde kullan\u0131lan do\u011fal bir bile\u015fendir.\" \/>\n<meta property=\"og:url\" content=\"https:\/\/naturalpoland.com\/tr\/urunler\/bitkisel-ekstraktlar\/sarmasik-koku-ozutu\/\" \/>\n<meta property=\"og:site_name\" content=\"NATURAL POLAND - Hurtowy Dystrybutor Surowc\u00f3w\" \/>\n<meta property=\"article:publisher\" content=\"https:\/\/www.facebook.com\/naturalpoland.b2b\" \/>\n<meta property=\"article:modified_time\" content=\"2026-02-27T12:57:17+00:00\" \/>\n<meta property=\"og:image\" content=\"https:\/\/naturalpoland.com\/wp-content\/uploads\/smilax_officinalis_extract.webp\" \/>\n\t<meta property=\"og:image:width\" content=\"618\" \/>\n\t<meta property=\"og:image:height\" content=\"618\" \/>\n\t<meta property=\"og:image:type\" content=\"image\/webp\" \/>\n<script type=\"application\/ld+json\" class=\"yoast-schema-graph\">{\"@context\":\"https:\\\/\\\/schema.org\",\"@graph\":[{\"@type\":\"WebPage\",\"@id\":\"https:\\\/\\\/naturalpoland.com\\\/tr\\\/urunler\\\/bitkisel-ekstraktlar\\\/sarmasik-koku-ozutu\\\/\",\"url\":\"https:\\\/\\\/naturalpoland.com\\\/tr\\\/urunler\\\/bitkisel-ekstraktlar\\\/sarmasik-koku-ozutu\\\/\",\"name\":\"Sarma\u015f\u0131k K\u00f6k\u00fc \u00d6z\u00fct\u00fc - Hurtowy Dystrybutor\",\"isPartOf\":{\"@id\":\"https:\\\/\\\/naturalpoland.com\\\/tr\\\/#website\"},\"primaryImageOfPage\":{\"@id\":\"https:\\\/\\\/naturalpoland.com\\\/tr\\\/urunler\\\/bitkisel-ekstraktlar\\\/sarmasik-koku-ozutu\\\/#primaryimage\"},\"image\":{\"@id\":\"https:\\\/\\\/naturalpoland.com\\\/tr\\\/urunler\\\/bitkisel-ekstraktlar\\\/sarmasik-koku-ozutu\\\/#primaryimage\"},\"thumbnailUrl\":\"https:\\\/\\\/naturalpoland.com\\\/wp-content\\\/uploads\\\/smilax_officinalis_extract.webp\",\"datePublished\":\"2023-12-29T14:38:27+00:00\",\"dateModified\":\"2026-02-27T12:57:17+00:00\",\"description\":\"Sarma\u015f\u0131k k\u00f6k\u00fc \u00f6z\u00fct\u00fc (Smilax officinalis \u00f6z\u00fct\u00fc), \u00e7e\u015fitli sa\u011fl\u0131k ve kozmetik sekt\u00f6rlerinde kullan\u0131lan do\u011fal bir bile\u015fendir.\",\"breadcrumb\":{\"@id\":\"https:\\\/\\\/naturalpoland.com\\\/tr\\\/urunler\\\/bitkisel-ekstraktlar\\\/sarmasik-koku-ozutu\\\/#breadcrumb\"},\"inLanguage\":\"tr\",\"potentialAction\":[{\"@type\":\"ReadAction\",\"target\":[\"https:\\\/\\\/naturalpoland.com\\\/tr\\\/urunler\\\/bitkisel-ekstraktlar\\\/sarmasik-koku-ozutu\\\/\"]}]},{\"@type\":\"ImageObject\",\"inLanguage\":\"tr\",\"@id\":\"https:\\\/\\\/naturalpoland.com\\\/tr\\\/urunler\\\/bitkisel-ekstraktlar\\\/sarmasik-koku-ozutu\\\/#primaryimage\",\"url\":\"https:\\\/\\\/naturalpoland.com\\\/wp-content\\\/uploads\\\/smilax_officinalis_extract.webp\",\"contentUrl\":\"https:\\\/\\\/naturalpoland.com\\\/wp-content\\\/uploads\\\/smilax_officinalis_extract.webp\",\"width\":618,\"height\":618,\"caption\":\"Sarma\u015f\u0131k K\u00f6k\u00fc \u00d6z\u00fct\u00fc\"},{\"@type\":\"BreadcrumbList\",\"@id\":\"https:\\\/\\\/naturalpoland.com\\\/tr\\\/urunler\\\/bitkisel-ekstraktlar\\\/sarmasik-koku-ozutu\\\/#breadcrumb\",\"itemListElement\":[{\"@type\":\"ListItem\",\"position\":1,\"name\":\"Ana Sayfa\",\"item\":\"https:\\\/\\\/naturalpoland.com\\\/tr\\\/\"},{\"@type\":\"ListItem\",\"position\":2,\"name\":\"\u00dcr\u00fcnler\",\"item\":\"https:\\\/\\\/naturalpoland.com\\\/tr\\\/urunler\\\/\"},{\"@type\":\"ListItem\",\"position\":3,\"name\":\"Sarma\u015f\u0131k K\u00f6k\u00fc \u00d6z\u00fct\u00fc\"}]},{\"@type\":\"WebSite\",\"@id\":\"https:\\\/\\\/naturalpoland.com\\\/tr\\\/#website\",\"url\":\"https:\\\/\\\/naturalpoland.com\\\/tr\\\/\",\"name\":\"NATURAL POLAND - Hurtowy Dystrybutor Surowc\u00f3w\",\"description\":\"Surowce dla przemys\u0142u spo\u017cywczego, kosmetycznego i farmaceutycznego\",\"publisher\":{\"@id\":\"https:\\\/\\\/naturalpoland.com\\\/tr\\\/#organization\"},\"potentialAction\":[{\"@type\":\"SearchAction\",\"target\":{\"@type\":\"EntryPoint\",\"urlTemplate\":\"https:\\\/\\\/naturalpoland.com\\\/tr\\\/?s={search_term_string}\"},\"query-input\":{\"@type\":\"PropertyValueSpecification\",\"valueRequired\":true,\"valueName\":\"search_term_string\"}}],\"inLanguage\":\"tr\"},{\"@type\":\"Organization\",\"@id\":\"https:\\\/\\\/naturalpoland.com\\\/tr\\\/#organization\",\"name\":\"Natural Poland\",\"url\":\"https:\\\/\\\/naturalpoland.com\\\/tr\\\/\",\"logo\":{\"@type\":\"ImageObject\",\"inLanguage\":\"tr\",\"@id\":\"https:\\\/\\\/naturalpoland.com\\\/tr\\\/#\\\/schema\\\/logo\\\/image\\\/\",\"url\":\"https:\\\/\\\/naturalpoland.com\\\/wp-content\\\/uploads\\\/2021\\\/05\\\/natural-poland-icon.png\",\"contentUrl\":\"https:\\\/\\\/naturalpoland.com\\\/wp-content\\\/uploads\\\/2021\\\/05\\\/natural-poland-icon.png\",\"width\":512,\"height\":512,\"caption\":\"Natural Poland\"},\"image\":{\"@id\":\"https:\\\/\\\/naturalpoland.com\\\/tr\\\/#\\\/schema\\\/logo\\\/image\\\/\"},\"sameAs\":[\"https:\\\/\\\/www.facebook.com\\\/naturalpoland.b2b\",\"https:\\\/\\\/pl.linkedin.com\\\/company\\\/natural-poland\",\"https:\\\/\\\/www.youtube.com\\\/channel\\\/UCgeGGkvOMahZo-xu_MSEWxg\"]}]}<\/script>\n<!-- \/ Yoast SEO plugin. -->","yoast_head_json":{"title":"Sarma\u015f\u0131k K\u00f6k\u00fc \u00d6z\u00fct\u00fc - Hurtowy Dystrybutor","description":"Sarma\u015f\u0131k k\u00f6k\u00fc \u00f6z\u00fct\u00fc (Smilax officinalis \u00f6z\u00fct\u00fc), \u00e7e\u015fitli sa\u011fl\u0131k ve kozmetik sekt\u00f6rlerinde kullan\u0131lan do\u011fal bir bile\u015fendir.","robots":{"index":"index","follow":"follow","max-snippet":"max-snippet:-1","max-image-preview":"max-image-preview:large","max-video-preview":"max-video-preview:-1"},"canonical":"https:\/\/naturalpoland.com\/tr\/urunler\/bitkisel-ekstraktlar\/sarmasik-koku-ozutu\/","og_locale":"tr_TR","og_type":"article","og_title":"Sarma\u015f\u0131k K\u00f6k\u00fc \u00d6z\u00fct\u00fc - Hurtowy Dystrybutor","og_description":"Sarma\u015f\u0131k k\u00f6k\u00fc \u00f6z\u00fct\u00fc (Smilax officinalis \u00f6z\u00fct\u00fc), \u00e7e\u015fitli sa\u011fl\u0131k ve kozmetik sekt\u00f6rlerinde kullan\u0131lan do\u011fal bir bile\u015fendir.","og_url":"https:\/\/naturalpoland.com\/tr\/urunler\/bitkisel-ekstraktlar\/sarmasik-koku-ozutu\/","og_site_name":"NATURAL POLAND - Hurtowy Dystrybutor Surowc\u00f3w","article_publisher":"https:\/\/www.facebook.com\/naturalpoland.b2b","article_modified_time":"2026-02-27T12:57:17+00:00","og_image":[{"width":618,"height":618,"url":"https:\/\/naturalpoland.com\/wp-content\/uploads\/smilax_officinalis_extract.webp","type":"image\/webp"}],"schema":{"@context":"https:\/\/schema.org","@graph":[{"@type":"WebPage","@id":"https:\/\/naturalpoland.com\/tr\/urunler\/bitkisel-ekstraktlar\/sarmasik-koku-ozutu\/","url":"https:\/\/naturalpoland.com\/tr\/urunler\/bitkisel-ekstraktlar\/sarmasik-koku-ozutu\/","name":"Sarma\u015f\u0131k K\u00f6k\u00fc \u00d6z\u00fct\u00fc - Hurtowy Dystrybutor","isPartOf":{"@id":"https:\/\/naturalpoland.com\/tr\/#website"},"primaryImageOfPage":{"@id":"https:\/\/naturalpoland.com\/tr\/urunler\/bitkisel-ekstraktlar\/sarmasik-koku-ozutu\/#primaryimage"},"image":{"@id":"https:\/\/naturalpoland.com\/tr\/urunler\/bitkisel-ekstraktlar\/sarmasik-koku-ozutu\/#primaryimage"},"thumbnailUrl":"https:\/\/naturalpoland.com\/wp-content\/uploads\/smilax_officinalis_extract.webp","datePublished":"2023-12-29T14:38:27+00:00","dateModified":"2026-02-27T12:57:17+00:00","description":"Sarma\u015f\u0131k k\u00f6k\u00fc \u00f6z\u00fct\u00fc (Smilax officinalis \u00f6z\u00fct\u00fc), \u00e7e\u015fitli sa\u011fl\u0131k ve kozmetik sekt\u00f6rlerinde kullan\u0131lan do\u011fal bir bile\u015fendir.","breadcrumb":{"@id":"https:\/\/naturalpoland.com\/tr\/urunler\/bitkisel-ekstraktlar\/sarmasik-koku-ozutu\/#breadcrumb"},"inLanguage":"tr","potentialAction":[{"@type":"ReadAction","target":["https:\/\/naturalpoland.com\/tr\/urunler\/bitkisel-ekstraktlar\/sarmasik-koku-ozutu\/"]}]},{"@type":"ImageObject","inLanguage":"tr","@id":"https:\/\/naturalpoland.com\/tr\/urunler\/bitkisel-ekstraktlar\/sarmasik-koku-ozutu\/#primaryimage","url":"https:\/\/naturalpoland.com\/wp-content\/uploads\/smilax_officinalis_extract.webp","contentUrl":"https:\/\/naturalpoland.com\/wp-content\/uploads\/smilax_officinalis_extract.webp","width":618,"height":618,"caption":"Sarma\u015f\u0131k K\u00f6k\u00fc \u00d6z\u00fct\u00fc"},{"@type":"BreadcrumbList","@id":"https:\/\/naturalpoland.com\/tr\/urunler\/bitkisel-ekstraktlar\/sarmasik-koku-ozutu\/#breadcrumb","itemListElement":[{"@type":"ListItem","position":1,"name":"Ana Sayfa","item":"https:\/\/naturalpoland.com\/tr\/"},{"@type":"ListItem","position":2,"name":"\u00dcr\u00fcnler","item":"https:\/\/naturalpoland.com\/tr\/urunler\/"},{"@type":"ListItem","position":3,"name":"Sarma\u015f\u0131k K\u00f6k\u00fc \u00d6z\u00fct\u00fc"}]},{"@type":"WebSite","@id":"https:\/\/naturalpoland.com\/tr\/#website","url":"https:\/\/naturalpoland.com\/tr\/","name":"NATURAL POLAND - Hurtowy Dystrybutor Surowc\u00f3w","description":"Surowce dla przemys\u0142u spo\u017cywczego, kosmetycznego i farmaceutycznego","publisher":{"@id":"https:\/\/naturalpoland.com\/tr\/#organization"},"potentialAction":[{"@type":"SearchAction","target":{"@type":"EntryPoint","urlTemplate":"https:\/\/naturalpoland.com\/tr\/?s={search_term_string}"},"query-input":{"@type":"PropertyValueSpecification","valueRequired":true,"valueName":"search_term_string"}}],"inLanguage":"tr"},{"@type":"Organization","@id":"https:\/\/naturalpoland.com\/tr\/#organization","name":"Natural Poland","url":"https:\/\/naturalpoland.com\/tr\/","logo":{"@type":"ImageObject","inLanguage":"tr","@id":"https:\/\/naturalpoland.com\/tr\/#\/schema\/logo\/image\/","url":"https:\/\/naturalpoland.com\/wp-content\/uploads\/2021\/05\/natural-poland-icon.png","contentUrl":"https:\/\/naturalpoland.com\/wp-content\/uploads\/2021\/05\/natural-poland-icon.png","width":512,"height":512,"caption":"Natural Poland"},"image":{"@id":"https:\/\/naturalpoland.com\/tr\/#\/schema\/logo\/image\/"},"sameAs":["https:\/\/www.facebook.com\/naturalpoland.b2b","https:\/\/pl.linkedin.com\/company\/natural-poland","https:\/\/www.youtube.com\/channel\/UCgeGGkvOMahZo-xu_MSEWxg"]}]}},"_links":{"self":[{"href":"https:\/\/naturalpoland.com\/tr\/wp-json\/wp\/v2\/product\/46244","targetHints":{"allow":["GET"]}}],"collection":[{"href":"https:\/\/naturalpoland.com\/tr\/wp-json\/wp\/v2\/product"}],"about":[{"href":"https:\/\/naturalpoland.com\/tr\/wp-json\/wp\/v2\/types\/product"}],"wp:featuredmedia":[{"embeddable":true,"href":"https:\/\/naturalpoland.com\/tr\/wp-json\/wp\/v2\/media\/46245"}],"wp:attachment":[{"href":"https:\/\/naturalpoland.com\/tr\/wp-json\/wp\/v2\/media?parent=46244"}],"wp:term":[{"taxonomy":"product_brand","embeddable":true,"href":"https:\/\/naturalpoland.com\/tr\/wp-json\/wp\/v2\/product_brand?post=46244"},{"taxonomy":"product_cat","embeddable":true,"href":"https:\/\/naturalpoland.com\/tr\/wp-json\/wp\/v2\/product_cat?post=46244"},{"taxonomy":"product_tag","embeddable":true,"href":"https:\/\/naturalpoland.com\/tr\/wp-json\/wp\/v2\/product_tag?post=46244"}],"curies":[{"name":"wp","href":"https:\/\/api.w.org\/{rel}","templated":true}]}}