{"id":46248,"date":"2021-05-11T13:38:53","date_gmt":"2021-05-11T11:38:53","guid":{"rendered":"https:\/\/naturalpoland.com\/produkty\/kategorilenmemis\/damiana-ozu-turnera-diffusa\/"},"modified":"2026-02-27T14:00:40","modified_gmt":"2026-02-27T13:00:40","slug":"damiana-ozu-turnera-diffusa","status":"publish","type":"product","link":"https:\/\/naturalpoland.com\/tr\/urunler\/bitkisel-ekstraktlar\/damiana-ozu-turnera-diffusa\/","title":{"rendered":"Damiana \u00f6z\u00fc (Turnera diffusa)"},"content":{"rendered":"<h3>Damiana \u00f6z\u00fcn\u00fcn \u00f6zellikleri<\/h3>\n<p>Damiana \u00f6z\u00fc, en \u00e7ok <strong>afrodizyak \u00f6zellikleri<\/strong> ile bilinir. Kad\u0131n ve erkeklerde libido ile cinsel fonksiyonlar\u0131 iyile\u015ftirme yetene\u011fi bir\u00e7ok ara\u015ft\u0131rmaya konu olmu\u015ftur. Do\u011fal hormonal dengeyi destekleyerek ve \u00f6zel b\u00f6lgelerdeki kan ak\u0131\u015f\u0131n\u0131 iyile\u015ftirerek etki g\u00f6sterir; bu da hassasiyetin ve cinsel tatminin artmas\u0131na katk\u0131da bulunabilir.  <\/p>\n<p>Damiana, <strong>rahatlat\u0131c\u0131 ve antidepresan<\/strong> etkilere sahiptir; bu da onu stres, gerginlik ve hafif depresyon formlar\u0131n\u0131 hafifletmede de\u011ferli bir destek yapar. D\u00fczenli kullan\u0131m\u0131, ruh halinin iyile\u015fmesine ve g\u00fcnl\u00fck ya\u015fam\u0131n stres fakt\u00f6rlerine kar\u015f\u0131 direncin artmas\u0131na katk\u0131da bulunabilir. <\/p>\n<p>Damiana \u00f6z\u00fcn\u00fcn spesifik \u00f6zellikleri, \u00f6zellikle <strong>kad\u0131n sa\u011fl\u0131\u011f\u0131 i\u00e7in faydal\u0131<\/strong> olabilir, menopoz ve PMS semptomlar\u0131n\u0131n hafifletilmesine yard\u0131mc\u0131 olur. Hormonal destek sa\u011flayarak, adet d\u00f6ng\u00fcs\u00fcn\u00fcn d\u00fczenlenmesine ve ruh hali dalgalanmalar\u0131, a\u011fr\u0131lar ve gerginlik gibi rahats\u0131zl\u0131klar\u0131n azalt\u0131lmas\u0131na yard\u0131mc\u0131 olabilir. <\/p>\n<p>Damiana ayr\u0131ca <strong>detoksifikasyon \u00f6zelliklerine<\/strong> sahiptir, v\u00fccuttan toksinlerin at\u0131lmas\u0131n\u0131 destekleyerek karaci\u011fer ve idrar sisteminin daha iyi \u00e7al\u0131\u015fmas\u0131na katk\u0131da bulunabilir. Bu sayede, d\u00fczenli kullan\u0131m\u0131 genel canl\u0131l\u0131\u011f\u0131 ve iyi olu\u015fu destekleyebilir. <\/p>\n<h3>Damiana \u00f6z\u00fcn\u00fcn kullan\u0131m\u0131<\/h3>\n<p>Damiana \u00f6z\u00fc, geni\u015f bir yelpazedeki sa\u011fl\u0131k \u00fcr\u00fcnleri ve besin takviyelerinde kullan\u0131lmaktad\u0131r. Genellikle \u015funlarda kullan\u0131l\u0131r: <\/p>\n<ul>\n<li><strong>Libido takviyelerinde,<\/strong><\/li>\n<li><strong>Antistres \u00fcr\u00fcnlerinde,<\/strong><\/li>\n<li><strong>Kad\u0131n sa\u011fl\u0131\u011f\u0131n\u0131 destekleyen form\u00fcllerde,<\/strong><\/li>\n<li><strong>Genel g\u00fc\u00e7lendirici takviyelerde.<\/strong><\/li>\n<\/ul>\n","protected":false},"excerpt":{"rendered":"<p>Damiana \u00f6z\u00fc, <em>Turnera diffusa<\/em> \u00e7al\u0131s\u0131n\u0131n yapraklar\u0131ndan elde edilir ve tarihsel olarak <em>Turnera Aphrodisiaca<\/em> ad\u0131yla da bilinir. Karakteristik tat ve kokuya sahip do\u011fal, kahverengi tozu GDO i\u00e7ermez ve pestisit kal\u0131nt\u0131lar\u0131 ile a\u011f\u0131r metallerle ilgili kat\u0131 standartlar\u0131 kar\u015f\u0131lar. <\/p>\n","protected":false},"featured_media":46249,"template":"","meta":[],"product_brand":[],"product_cat":[9531],"product_tag":[],"class_list":{"0":"post-46248","1":"product","2":"type-product","3":"status-publish","4":"has-post-thumbnail","6":"product_cat-bitkisel-ekstraktlar","7":"pa_czesc-rosliny-yapraklar-2","9":"first","10":"instock","11":"shipping-taxable","12":"product-type-simple"},"yoast_head":"<!-- This site is optimized with the Yoast SEO plugin v27.4 - https:\/\/yoast.com\/product\/yoast-seo-wordpress\/ -->\n<title>Damiana \u00f6z\u00fc (Turnera diffusa) - Hurtowy Dystrybutor<\/title>\n<meta name=\"description\" content=\"Damiana \u00f6z\u00fc, Turnera diffusa \u00e7al\u0131s\u0131n\u0131n yapraklar\u0131ndan elde edilir ve tarihsel olarak Turnera Aphrodisiaca ad\u0131yla da bilinir.\" \/>\n<meta name=\"robots\" content=\"index, follow, max-snippet:-1, max-image-preview:large, max-video-preview:-1\" \/>\n<link rel=\"canonical\" href=\"https:\/\/naturalpoland.com\/tr\/urunler\/bitkisel-ekstraktlar\/damiana-ozu-turnera-diffusa\/\" \/>\n<meta property=\"og:locale\" content=\"tr_TR\" \/>\n<meta property=\"og:type\" content=\"article\" \/>\n<meta property=\"og:title\" content=\"Damiana \u00f6z\u00fc (Turnera diffusa) - Hurtowy Dystrybutor\" \/>\n<meta property=\"og:description\" content=\"Damiana \u00f6z\u00fc, Turnera diffusa \u00e7al\u0131s\u0131n\u0131n yapraklar\u0131ndan elde edilir ve tarihsel olarak Turnera Aphrodisiaca ad\u0131yla da bilinir.\" \/>\n<meta property=\"og:url\" content=\"https:\/\/naturalpoland.com\/tr\/urunler\/bitkisel-ekstraktlar\/damiana-ozu-turnera-diffusa\/\" \/>\n<meta property=\"og:site_name\" content=\"NATURAL POLAND - Hurtowy Dystrybutor Surowc\u00f3w\" \/>\n<meta property=\"article:publisher\" content=\"https:\/\/www.facebook.com\/naturalpoland.b2b\" \/>\n<meta property=\"article:modified_time\" content=\"2026-02-27T13:00:40+00:00\" \/>\n<meta property=\"og:image\" content=\"https:\/\/naturalpoland.com\/wp-content\/uploads\/2021\/05\/damiana-turnera-diffusa-extract.jpg\" \/>\n\t<meta property=\"og:image:width\" content=\"384\" \/>\n\t<meta property=\"og:image:height\" content=\"423\" \/>\n\t<meta property=\"og:image:type\" content=\"image\/jpeg\" \/>\n<script type=\"application\/ld+json\" class=\"yoast-schema-graph\">{\"@context\":\"https:\\\/\\\/schema.org\",\"@graph\":[{\"@type\":\"WebPage\",\"@id\":\"https:\\\/\\\/naturalpoland.com\\\/tr\\\/urunler\\\/bitkisel-ekstraktlar\\\/damiana-ozu-turnera-diffusa\\\/\",\"url\":\"https:\\\/\\\/naturalpoland.com\\\/tr\\\/urunler\\\/bitkisel-ekstraktlar\\\/damiana-ozu-turnera-diffusa\\\/\",\"name\":\"Damiana \u00f6z\u00fc (Turnera diffusa) - Hurtowy Dystrybutor\",\"isPartOf\":{\"@id\":\"https:\\\/\\\/naturalpoland.com\\\/tr\\\/#website\"},\"primaryImageOfPage\":{\"@id\":\"https:\\\/\\\/naturalpoland.com\\\/tr\\\/urunler\\\/bitkisel-ekstraktlar\\\/damiana-ozu-turnera-diffusa\\\/#primaryimage\"},\"image\":{\"@id\":\"https:\\\/\\\/naturalpoland.com\\\/tr\\\/urunler\\\/bitkisel-ekstraktlar\\\/damiana-ozu-turnera-diffusa\\\/#primaryimage\"},\"thumbnailUrl\":\"https:\\\/\\\/naturalpoland.com\\\/wp-content\\\/uploads\\\/2021\\\/05\\\/damiana-turnera-diffusa-extract.jpg\",\"datePublished\":\"2021-05-11T11:38:53+00:00\",\"dateModified\":\"2026-02-27T13:00:40+00:00\",\"description\":\"Damiana \u00f6z\u00fc, Turnera diffusa \u00e7al\u0131s\u0131n\u0131n yapraklar\u0131ndan elde edilir ve tarihsel olarak Turnera Aphrodisiaca ad\u0131yla da bilinir.\",\"breadcrumb\":{\"@id\":\"https:\\\/\\\/naturalpoland.com\\\/tr\\\/urunler\\\/bitkisel-ekstraktlar\\\/damiana-ozu-turnera-diffusa\\\/#breadcrumb\"},\"inLanguage\":\"tr\",\"potentialAction\":[{\"@type\":\"ReadAction\",\"target\":[\"https:\\\/\\\/naturalpoland.com\\\/tr\\\/urunler\\\/bitkisel-ekstraktlar\\\/damiana-ozu-turnera-diffusa\\\/\"]}]},{\"@type\":\"ImageObject\",\"inLanguage\":\"tr\",\"@id\":\"https:\\\/\\\/naturalpoland.com\\\/tr\\\/urunler\\\/bitkisel-ekstraktlar\\\/damiana-ozu-turnera-diffusa\\\/#primaryimage\",\"url\":\"https:\\\/\\\/naturalpoland.com\\\/wp-content\\\/uploads\\\/2021\\\/05\\\/damiana-turnera-diffusa-extract.jpg\",\"contentUrl\":\"https:\\\/\\\/naturalpoland.com\\\/wp-content\\\/uploads\\\/2021\\\/05\\\/damiana-turnera-diffusa-extract.jpg\",\"width\":384,\"height\":423,\"caption\":\"damiana \u00f6z\u00fc\"},{\"@type\":\"BreadcrumbList\",\"@id\":\"https:\\\/\\\/naturalpoland.com\\\/tr\\\/urunler\\\/bitkisel-ekstraktlar\\\/damiana-ozu-turnera-diffusa\\\/#breadcrumb\",\"itemListElement\":[{\"@type\":\"ListItem\",\"position\":1,\"name\":\"Ana Sayfa\",\"item\":\"https:\\\/\\\/naturalpoland.com\\\/tr\\\/\"},{\"@type\":\"ListItem\",\"position\":2,\"name\":\"\u00dcr\u00fcnler\",\"item\":\"https:\\\/\\\/naturalpoland.com\\\/tr\\\/urunler\\\/\"},{\"@type\":\"ListItem\",\"position\":3,\"name\":\"Damiana \u00f6z\u00fc (Turnera diffusa)\"}]},{\"@type\":\"WebSite\",\"@id\":\"https:\\\/\\\/naturalpoland.com\\\/tr\\\/#website\",\"url\":\"https:\\\/\\\/naturalpoland.com\\\/tr\\\/\",\"name\":\"NATURAL POLAND - Hurtowy Dystrybutor Surowc\u00f3w\",\"description\":\"Surowce dla przemys\u0142u spo\u017cywczego, kosmetycznego i farmaceutycznego\",\"publisher\":{\"@id\":\"https:\\\/\\\/naturalpoland.com\\\/tr\\\/#organization\"},\"potentialAction\":[{\"@type\":\"SearchAction\",\"target\":{\"@type\":\"EntryPoint\",\"urlTemplate\":\"https:\\\/\\\/naturalpoland.com\\\/tr\\\/?s={search_term_string}\"},\"query-input\":{\"@type\":\"PropertyValueSpecification\",\"valueRequired\":true,\"valueName\":\"search_term_string\"}}],\"inLanguage\":\"tr\"},{\"@type\":\"Organization\",\"@id\":\"https:\\\/\\\/naturalpoland.com\\\/tr\\\/#organization\",\"name\":\"Natural Poland\",\"url\":\"https:\\\/\\\/naturalpoland.com\\\/tr\\\/\",\"logo\":{\"@type\":\"ImageObject\",\"inLanguage\":\"tr\",\"@id\":\"https:\\\/\\\/naturalpoland.com\\\/tr\\\/#\\\/schema\\\/logo\\\/image\\\/\",\"url\":\"https:\\\/\\\/naturalpoland.com\\\/wp-content\\\/uploads\\\/2021\\\/05\\\/natural-poland-icon.png\",\"contentUrl\":\"https:\\\/\\\/naturalpoland.com\\\/wp-content\\\/uploads\\\/2021\\\/05\\\/natural-poland-icon.png\",\"width\":512,\"height\":512,\"caption\":\"Natural Poland\"},\"image\":{\"@id\":\"https:\\\/\\\/naturalpoland.com\\\/tr\\\/#\\\/schema\\\/logo\\\/image\\\/\"},\"sameAs\":[\"https:\\\/\\\/www.facebook.com\\\/naturalpoland.b2b\",\"https:\\\/\\\/pl.linkedin.com\\\/company\\\/natural-poland\",\"https:\\\/\\\/www.youtube.com\\\/channel\\\/UCgeGGkvOMahZo-xu_MSEWxg\"]}]}<\/script>\n<!-- \/ Yoast SEO plugin. -->","yoast_head_json":{"title":"Damiana \u00f6z\u00fc (Turnera diffusa) - Hurtowy Dystrybutor","description":"Damiana \u00f6z\u00fc, Turnera diffusa \u00e7al\u0131s\u0131n\u0131n yapraklar\u0131ndan elde edilir ve tarihsel olarak Turnera Aphrodisiaca ad\u0131yla da bilinir.","robots":{"index":"index","follow":"follow","max-snippet":"max-snippet:-1","max-image-preview":"max-image-preview:large","max-video-preview":"max-video-preview:-1"},"canonical":"https:\/\/naturalpoland.com\/tr\/urunler\/bitkisel-ekstraktlar\/damiana-ozu-turnera-diffusa\/","og_locale":"tr_TR","og_type":"article","og_title":"Damiana \u00f6z\u00fc (Turnera diffusa) - Hurtowy Dystrybutor","og_description":"Damiana \u00f6z\u00fc, Turnera diffusa \u00e7al\u0131s\u0131n\u0131n yapraklar\u0131ndan elde edilir ve tarihsel olarak Turnera Aphrodisiaca ad\u0131yla da bilinir.","og_url":"https:\/\/naturalpoland.com\/tr\/urunler\/bitkisel-ekstraktlar\/damiana-ozu-turnera-diffusa\/","og_site_name":"NATURAL POLAND - Hurtowy Dystrybutor Surowc\u00f3w","article_publisher":"https:\/\/www.facebook.com\/naturalpoland.b2b","article_modified_time":"2026-02-27T13:00:40+00:00","og_image":[{"width":384,"height":423,"url":"https:\/\/naturalpoland.com\/wp-content\/uploads\/2021\/05\/damiana-turnera-diffusa-extract.jpg","type":"image\/jpeg"}],"schema":{"@context":"https:\/\/schema.org","@graph":[{"@type":"WebPage","@id":"https:\/\/naturalpoland.com\/tr\/urunler\/bitkisel-ekstraktlar\/damiana-ozu-turnera-diffusa\/","url":"https:\/\/naturalpoland.com\/tr\/urunler\/bitkisel-ekstraktlar\/damiana-ozu-turnera-diffusa\/","name":"Damiana \u00f6z\u00fc (Turnera diffusa) - Hurtowy Dystrybutor","isPartOf":{"@id":"https:\/\/naturalpoland.com\/tr\/#website"},"primaryImageOfPage":{"@id":"https:\/\/naturalpoland.com\/tr\/urunler\/bitkisel-ekstraktlar\/damiana-ozu-turnera-diffusa\/#primaryimage"},"image":{"@id":"https:\/\/naturalpoland.com\/tr\/urunler\/bitkisel-ekstraktlar\/damiana-ozu-turnera-diffusa\/#primaryimage"},"thumbnailUrl":"https:\/\/naturalpoland.com\/wp-content\/uploads\/2021\/05\/damiana-turnera-diffusa-extract.jpg","datePublished":"2021-05-11T11:38:53+00:00","dateModified":"2026-02-27T13:00:40+00:00","description":"Damiana \u00f6z\u00fc, Turnera diffusa \u00e7al\u0131s\u0131n\u0131n yapraklar\u0131ndan elde edilir ve tarihsel olarak Turnera Aphrodisiaca ad\u0131yla da bilinir.","breadcrumb":{"@id":"https:\/\/naturalpoland.com\/tr\/urunler\/bitkisel-ekstraktlar\/damiana-ozu-turnera-diffusa\/#breadcrumb"},"inLanguage":"tr","potentialAction":[{"@type":"ReadAction","target":["https:\/\/naturalpoland.com\/tr\/urunler\/bitkisel-ekstraktlar\/damiana-ozu-turnera-diffusa\/"]}]},{"@type":"ImageObject","inLanguage":"tr","@id":"https:\/\/naturalpoland.com\/tr\/urunler\/bitkisel-ekstraktlar\/damiana-ozu-turnera-diffusa\/#primaryimage","url":"https:\/\/naturalpoland.com\/wp-content\/uploads\/2021\/05\/damiana-turnera-diffusa-extract.jpg","contentUrl":"https:\/\/naturalpoland.com\/wp-content\/uploads\/2021\/05\/damiana-turnera-diffusa-extract.jpg","width":384,"height":423,"caption":"damiana \u00f6z\u00fc"},{"@type":"BreadcrumbList","@id":"https:\/\/naturalpoland.com\/tr\/urunler\/bitkisel-ekstraktlar\/damiana-ozu-turnera-diffusa\/#breadcrumb","itemListElement":[{"@type":"ListItem","position":1,"name":"Ana Sayfa","item":"https:\/\/naturalpoland.com\/tr\/"},{"@type":"ListItem","position":2,"name":"\u00dcr\u00fcnler","item":"https:\/\/naturalpoland.com\/tr\/urunler\/"},{"@type":"ListItem","position":3,"name":"Damiana \u00f6z\u00fc (Turnera diffusa)"}]},{"@type":"WebSite","@id":"https:\/\/naturalpoland.com\/tr\/#website","url":"https:\/\/naturalpoland.com\/tr\/","name":"NATURAL POLAND - Hurtowy Dystrybutor Surowc\u00f3w","description":"Surowce dla przemys\u0142u spo\u017cywczego, kosmetycznego i farmaceutycznego","publisher":{"@id":"https:\/\/naturalpoland.com\/tr\/#organization"},"potentialAction":[{"@type":"SearchAction","target":{"@type":"EntryPoint","urlTemplate":"https:\/\/naturalpoland.com\/tr\/?s={search_term_string}"},"query-input":{"@type":"PropertyValueSpecification","valueRequired":true,"valueName":"search_term_string"}}],"inLanguage":"tr"},{"@type":"Organization","@id":"https:\/\/naturalpoland.com\/tr\/#organization","name":"Natural Poland","url":"https:\/\/naturalpoland.com\/tr\/","logo":{"@type":"ImageObject","inLanguage":"tr","@id":"https:\/\/naturalpoland.com\/tr\/#\/schema\/logo\/image\/","url":"https:\/\/naturalpoland.com\/wp-content\/uploads\/2021\/05\/natural-poland-icon.png","contentUrl":"https:\/\/naturalpoland.com\/wp-content\/uploads\/2021\/05\/natural-poland-icon.png","width":512,"height":512,"caption":"Natural Poland"},"image":{"@id":"https:\/\/naturalpoland.com\/tr\/#\/schema\/logo\/image\/"},"sameAs":["https:\/\/www.facebook.com\/naturalpoland.b2b","https:\/\/pl.linkedin.com\/company\/natural-poland","https:\/\/www.youtube.com\/channel\/UCgeGGkvOMahZo-xu_MSEWxg"]}]}},"_links":{"self":[{"href":"https:\/\/naturalpoland.com\/tr\/wp-json\/wp\/v2\/product\/46248","targetHints":{"allow":["GET"]}}],"collection":[{"href":"https:\/\/naturalpoland.com\/tr\/wp-json\/wp\/v2\/product"}],"about":[{"href":"https:\/\/naturalpoland.com\/tr\/wp-json\/wp\/v2\/types\/product"}],"wp:featuredmedia":[{"embeddable":true,"href":"https:\/\/naturalpoland.com\/tr\/wp-json\/wp\/v2\/media\/46249"}],"wp:attachment":[{"href":"https:\/\/naturalpoland.com\/tr\/wp-json\/wp\/v2\/media?parent=46248"}],"wp:term":[{"taxonomy":"product_brand","embeddable":true,"href":"https:\/\/naturalpoland.com\/tr\/wp-json\/wp\/v2\/product_brand?post=46248"},{"taxonomy":"product_cat","embeddable":true,"href":"https:\/\/naturalpoland.com\/tr\/wp-json\/wp\/v2\/product_cat?post=46248"},{"taxonomy":"product_tag","embeddable":true,"href":"https:\/\/naturalpoland.com\/tr\/wp-json\/wp\/v2\/product_tag?post=46248"}],"curies":[{"name":"wp","href":"https:\/\/api.w.org\/{rel}","templated":true}]}}