{"id":46253,"date":"2021-05-11T13:39:23","date_gmt":"2021-05-11T11:39:23","guid":{"rendered":"https:\/\/naturalpoland.com\/produkty\/kategorilenmemis\/aci-kok-ozutu\/"},"modified":"2026-02-27T14:01:21","modified_gmt":"2026-02-27T13:01:21","slug":"aci-kok-ozutu","status":"publish","type":"product","link":"https:\/\/naturalpoland.com\/tr\/urunler\/bitkisel-ekstraktlar\/aci-kok-ozutu\/","title":{"rendered":"Ac\u0131 K\u00f6k \u00d6z\u00fct\u00fc"},"content":{"rendered":"<h2>Ac\u0131 k\u00f6k \u00f6z\u00fct\u00fcn\u00fcn \u00f6zellikleri ve etkileri<\/h2>\n<p>Ac\u0131 k\u00f6k, \u00f6zellikle <strong>iridoid glikozitler<\/strong> (gentiopikrin gibi) ile birlikte <strong>triperpenler<\/strong>, <strong>\u015fekerler<\/strong> ve <strong>organik asitler<\/strong> olmak \u00fczere \u00e7ok y\u00fcksek ac\u0131 bile\u015fik i\u00e7eri\u011fine sahip hammaddeler aras\u0131ndad\u0131r. Karakteristik fizyolojik etkisinden sorumlu olan da bu yo\u011fun ac\u0131 profildir. <\/p>\n<p>Ac\u0131 k\u00f6k \u00f6z\u00fct\u00fc <strong>t\u00fck\u00fcr\u00fck, mide suyu ve safra salg\u0131lanmas\u0131n\u0131 uyararak<\/strong> sindirim s\u00fcre\u00e7lerinin iyile\u015fmesini sa\u011flar. Bu nedenle yemek sonras\u0131 a\u011f\u0131rl\u0131k hissi, d\u00f6nemsel haz\u0131ms\u0131zl\u0131k, mide yanmas\u0131 veya i\u015ftah azl\u0131\u011f\u0131 ya\u015fayan ki\u015filer i\u00e7in haz\u0131rlanan preparatlarda yayg\u0131n olarak kullan\u0131l\u0131r. Bu mekanizma, sindirim reflekslerini aktive eden ac\u0131 maddelere kar\u015f\u0131 v\u00fccudun do\u011fal tepkisine dayan\u0131r.  <\/p>\n<p>Bu sayede ac\u0131 k\u00f6k \u00f6z\u00fct\u00fc \u015fu takviyelerde kullan\u0131m alan\u0131 bulur:<\/p>\n<ul>\n<li>sindirim sisteminin \u00e7al\u0131\u015fmas\u0131n\u0131 d\u00fczenleyen,<\/li>\n<li>i\u015ftah\u0131n azald\u0131\u011f\u0131 d\u00f6nemlerde kullan\u0131lan,<\/li>\n<li>yemek \u00f6ncesi kullan\u0131ma y\u00f6nelik.<\/li>\n<\/ul>\n<p>A\u011f\u0131zdan al\u0131m\u0131n yan\u0131 s\u0131ra ac\u0131 k\u00f6k, koruyucu etkili biyoaktif bile\u015fiklerin varl\u0131\u011f\u0131ndan kaynaklanan <strong>antienflamatuar ve antibakteriyel \u00f6zellikleri<\/strong> nedeniyle de de\u011fer g\u00f6r\u00fcr. Geleneksel yakla\u015f\u0131mda bu hammadde, yenilenmeye ihtiya\u00e7 duyan cilde uygulanan d\u0131\u015f preparatlarda kullan\u0131lm\u0131\u015ft\u0131r. <\/p>\n<p>Ac\u0131 k\u00f6k \u00f6z\u00fct\u00fc <strong>cilt yenilenme s\u00fcre\u00e7lerini destekledi\u011finden<\/strong>, tahri\u015f, k\u00fc\u00e7\u00fck hasarlar veya kusurlar e\u011filimi g\u00f6steren cilt bak\u0131m\u0131 i\u00e7in kozmetik ve preparatlarda kullan\u0131l\u0131r. Antienflamatuar etkili bile\u015fikler a\u015f\u0131r\u0131 cilt reaksiyonu riskini azalt\u0131r ve epidermisin normal yenilenme ko\u015fullar\u0131n\u0131n korunmas\u0131na yard\u0131mc\u0131 olur. <\/p>\n<h2>Ac\u0131 k\u00f6k \u00f6z\u00fct\u00fcn\u00fcn kullan\u0131m alanlar\u0131<\/h2>\n<p>Formuna ba\u011fl\u0131 olarak ac\u0131 k\u00f6k \u00f6z\u00fct\u00fc \u015fu alanlarda kullan\u0131l\u0131r:<\/p>\n<p>Takviye g\u0131dalar ve nutras\u00f6tikler:<\/p>\n<ul>\n<li>sindirim preparatlar\u0131,<\/li>\n<li>i\u015ftah art\u0131r\u0131c\u0131 \u00fcr\u00fcnler,<\/li>\n<li>ac\u0131 kar\u0131\u015f\u0131mlar (bitters),<\/li>\n<li>yemek \u00f6ncesi bitkisel kompozisyonlar.<\/li>\n<\/ul>\n<p>Kozmetikler ve d\u0131\u015f form\u00fclasyonlar (a\u011f\u0131rl\u0131kl\u0131 olarak hidro-gliserinli \u00f6z\u00fct):<\/p>\n<ul>\n<li>problemli cilt bak\u0131m \u00fcr\u00fcnleri,<\/li>\n<li>yenileyici kozmetikler,<\/li>\n<li>temizleyici ve tonlay\u0131c\u0131 etkili preparatlar.<\/li>\n<\/ul>\n<p>\u00d6z\u00fct\u00fcn farkl\u0131 formlar\u0131 sayesinde bu hammadde, nihai \u00fcr\u00fcn\u00fcn teknolojik ve fonksiyonel gereksinimlerine esnek bir \u015fekilde uyarlanabilir.<\/p>\n","protected":false},"excerpt":{"rendered":"<p><strong>Ac\u0131 k\u00f6k \u00f6z\u00fct\u00fc<\/strong>, Avrupa fitoterapisinde uzun bir kullan\u0131m gelene\u011fine sahip bir bitki olan <em>Gentiana lutea L.<\/em> k\u00f6k\u00fcnden elde edilir. Bu hammadde hem <strong>toz halinde sulu \u00f6z\u00fct<\/strong> hem de kuru bitkisel hammaddeden su ve gliserin kar\u0131\u015f\u0131m\u0131 kullan\u0131larak elde edilen <strong>hidro-gliserinli \u00f6z\u00fct<\/strong> formunda bulunur. Her iki form da nutras\u00f6tik preparatlarda ve se\u00e7ilmi\u015f kozmetik form\u00fclasyonlarda kullan\u0131m alan\u0131 bulur.  <\/p>\n","protected":false},"featured_media":46255,"template":"","meta":[],"product_brand":[],"product_cat":[9531],"product_tag":[],"class_list":{"0":"post-46253","1":"product","2":"type-product","3":"status-publish","4":"has-post-thumbnail","6":"product_cat-bitkisel-ekstraktlar","7":"pa_czesc-rosliny-kok","9":"first","10":"instock","11":"shipping-taxable","12":"product-type-simple"},"yoast_head":"<!-- This site is optimized with the Yoast SEO plugin v27.4 - https:\/\/yoast.com\/product\/yoast-seo-wordpress\/ -->\n<title>Ac\u0131 K\u00f6k \u00d6z\u00fct\u00fc - Hurtowy Dystrybutor<\/title>\n<meta name=\"description\" content=\"Ac\u0131 k\u00f6k \u00f6z\u00fct\u00fc (Gentiana lutea) \u2013 takviye ve kozmetiklerde kullan\u0131lan hammadde, sindirim form\u00fclasyonlar\u0131nda ve cilt yenileme preparatlar\u0131nda kullan\u0131l\u0131r.\" \/>\n<meta name=\"robots\" content=\"index, follow, max-snippet:-1, max-image-preview:large, max-video-preview:-1\" \/>\n<link rel=\"canonical\" href=\"https:\/\/naturalpoland.com\/tr\/urunler\/bitkisel-ekstraktlar\/aci-kok-ozutu\/\" \/>\n<meta property=\"og:locale\" content=\"tr_TR\" \/>\n<meta property=\"og:type\" content=\"article\" \/>\n<meta property=\"og:title\" content=\"Ac\u0131 K\u00f6k \u00d6z\u00fct\u00fc - Hurtowy Dystrybutor\" \/>\n<meta property=\"og:description\" content=\"Ac\u0131 k\u00f6k \u00f6z\u00fct\u00fc (Gentiana lutea) \u2013 takviye ve kozmetiklerde kullan\u0131lan hammadde, sindirim form\u00fclasyonlar\u0131nda ve cilt yenileme preparatlar\u0131nda kullan\u0131l\u0131r.\" \/>\n<meta property=\"og:url\" content=\"https:\/\/naturalpoland.com\/tr\/urunler\/bitkisel-ekstraktlar\/aci-kok-ozutu\/\" \/>\n<meta property=\"og:site_name\" content=\"NATURAL POLAND - Hurtowy Dystrybutor Surowc\u00f3w\" \/>\n<meta property=\"article:publisher\" content=\"https:\/\/www.facebook.com\/naturalpoland.b2b\" \/>\n<meta property=\"article:modified_time\" content=\"2026-02-27T13:01:21+00:00\" \/>\n<meta property=\"og:image\" content=\"https:\/\/naturalpoland.com\/wp-content\/uploads\/ekstrakt-z-goryczki.webp\" \/>\n\t<meta property=\"og:image:width\" content=\"1024\" \/>\n\t<meta property=\"og:image:height\" content=\"1024\" \/>\n\t<meta property=\"og:image:type\" content=\"image\/webp\" \/>\n<script type=\"application\/ld+json\" class=\"yoast-schema-graph\">{\"@context\":\"https:\\\/\\\/schema.org\",\"@graph\":[{\"@type\":\"WebPage\",\"@id\":\"https:\\\/\\\/naturalpoland.com\\\/tr\\\/urunler\\\/bitkisel-ekstraktlar\\\/aci-kok-ozutu\\\/\",\"url\":\"https:\\\/\\\/naturalpoland.com\\\/tr\\\/urunler\\\/bitkisel-ekstraktlar\\\/aci-kok-ozutu\\\/\",\"name\":\"Ac\u0131 K\u00f6k \u00d6z\u00fct\u00fc - Hurtowy Dystrybutor\",\"isPartOf\":{\"@id\":\"https:\\\/\\\/naturalpoland.com\\\/tr\\\/#website\"},\"primaryImageOfPage\":{\"@id\":\"https:\\\/\\\/naturalpoland.com\\\/tr\\\/urunler\\\/bitkisel-ekstraktlar\\\/aci-kok-ozutu\\\/#primaryimage\"},\"image\":{\"@id\":\"https:\\\/\\\/naturalpoland.com\\\/tr\\\/urunler\\\/bitkisel-ekstraktlar\\\/aci-kok-ozutu\\\/#primaryimage\"},\"thumbnailUrl\":\"https:\\\/\\\/naturalpoland.com\\\/wp-content\\\/uploads\\\/ekstrakt-z-goryczki.webp\",\"datePublished\":\"2021-05-11T11:39:23+00:00\",\"dateModified\":\"2026-02-27T13:01:21+00:00\",\"description\":\"Ac\u0131 k\u00f6k \u00f6z\u00fct\u00fc (Gentiana lutea) \u2013 takviye ve kozmetiklerde kullan\u0131lan hammadde, sindirim form\u00fclasyonlar\u0131nda ve cilt yenileme preparatlar\u0131nda kullan\u0131l\u0131r.\",\"breadcrumb\":{\"@id\":\"https:\\\/\\\/naturalpoland.com\\\/tr\\\/urunler\\\/bitkisel-ekstraktlar\\\/aci-kok-ozutu\\\/#breadcrumb\"},\"inLanguage\":\"tr\",\"potentialAction\":[{\"@type\":\"ReadAction\",\"target\":[\"https:\\\/\\\/naturalpoland.com\\\/tr\\\/urunler\\\/bitkisel-ekstraktlar\\\/aci-kok-ozutu\\\/\"]}]},{\"@type\":\"ImageObject\",\"inLanguage\":\"tr\",\"@id\":\"https:\\\/\\\/naturalpoland.com\\\/tr\\\/urunler\\\/bitkisel-ekstraktlar\\\/aci-kok-ozutu\\\/#primaryimage\",\"url\":\"https:\\\/\\\/naturalpoland.com\\\/wp-content\\\/uploads\\\/ekstrakt-z-goryczki.webp\",\"contentUrl\":\"https:\\\/\\\/naturalpoland.com\\\/wp-content\\\/uploads\\\/ekstrakt-z-goryczki.webp\",\"width\":1024,\"height\":1024,\"caption\":\"toz ve s\u0131v\u0131 ac\u0131 k\u00f6k \u00f6z\u00fct\u00fc\"},{\"@type\":\"BreadcrumbList\",\"@id\":\"https:\\\/\\\/naturalpoland.com\\\/tr\\\/urunler\\\/bitkisel-ekstraktlar\\\/aci-kok-ozutu\\\/#breadcrumb\",\"itemListElement\":[{\"@type\":\"ListItem\",\"position\":1,\"name\":\"Ana Sayfa\",\"item\":\"https:\\\/\\\/naturalpoland.com\\\/tr\\\/\"},{\"@type\":\"ListItem\",\"position\":2,\"name\":\"\u00dcr\u00fcnler\",\"item\":\"https:\\\/\\\/naturalpoland.com\\\/tr\\\/urunler\\\/\"},{\"@type\":\"ListItem\",\"position\":3,\"name\":\"Ac\u0131 K\u00f6k \u00d6z\u00fct\u00fc\"}]},{\"@type\":\"WebSite\",\"@id\":\"https:\\\/\\\/naturalpoland.com\\\/tr\\\/#website\",\"url\":\"https:\\\/\\\/naturalpoland.com\\\/tr\\\/\",\"name\":\"NATURAL POLAND - Hurtowy Dystrybutor Surowc\u00f3w\",\"description\":\"Surowce dla przemys\u0142u spo\u017cywczego, kosmetycznego i farmaceutycznego\",\"publisher\":{\"@id\":\"https:\\\/\\\/naturalpoland.com\\\/tr\\\/#organization\"},\"potentialAction\":[{\"@type\":\"SearchAction\",\"target\":{\"@type\":\"EntryPoint\",\"urlTemplate\":\"https:\\\/\\\/naturalpoland.com\\\/tr\\\/?s={search_term_string}\"},\"query-input\":{\"@type\":\"PropertyValueSpecification\",\"valueRequired\":true,\"valueName\":\"search_term_string\"}}],\"inLanguage\":\"tr\"},{\"@type\":\"Organization\",\"@id\":\"https:\\\/\\\/naturalpoland.com\\\/tr\\\/#organization\",\"name\":\"Natural Poland\",\"url\":\"https:\\\/\\\/naturalpoland.com\\\/tr\\\/\",\"logo\":{\"@type\":\"ImageObject\",\"inLanguage\":\"tr\",\"@id\":\"https:\\\/\\\/naturalpoland.com\\\/tr\\\/#\\\/schema\\\/logo\\\/image\\\/\",\"url\":\"https:\\\/\\\/naturalpoland.com\\\/wp-content\\\/uploads\\\/2021\\\/05\\\/natural-poland-icon.png\",\"contentUrl\":\"https:\\\/\\\/naturalpoland.com\\\/wp-content\\\/uploads\\\/2021\\\/05\\\/natural-poland-icon.png\",\"width\":512,\"height\":512,\"caption\":\"Natural Poland\"},\"image\":{\"@id\":\"https:\\\/\\\/naturalpoland.com\\\/tr\\\/#\\\/schema\\\/logo\\\/image\\\/\"},\"sameAs\":[\"https:\\\/\\\/www.facebook.com\\\/naturalpoland.b2b\",\"https:\\\/\\\/pl.linkedin.com\\\/company\\\/natural-poland\",\"https:\\\/\\\/www.youtube.com\\\/channel\\\/UCgeGGkvOMahZo-xu_MSEWxg\"]}]}<\/script>\n<!-- \/ Yoast SEO plugin. -->","yoast_head_json":{"title":"Ac\u0131 K\u00f6k \u00d6z\u00fct\u00fc - Hurtowy Dystrybutor","description":"Ac\u0131 k\u00f6k \u00f6z\u00fct\u00fc (Gentiana lutea) \u2013 takviye ve kozmetiklerde kullan\u0131lan hammadde, sindirim form\u00fclasyonlar\u0131nda ve cilt yenileme preparatlar\u0131nda kullan\u0131l\u0131r.","robots":{"index":"index","follow":"follow","max-snippet":"max-snippet:-1","max-image-preview":"max-image-preview:large","max-video-preview":"max-video-preview:-1"},"canonical":"https:\/\/naturalpoland.com\/tr\/urunler\/bitkisel-ekstraktlar\/aci-kok-ozutu\/","og_locale":"tr_TR","og_type":"article","og_title":"Ac\u0131 K\u00f6k \u00d6z\u00fct\u00fc - Hurtowy Dystrybutor","og_description":"Ac\u0131 k\u00f6k \u00f6z\u00fct\u00fc (Gentiana lutea) \u2013 takviye ve kozmetiklerde kullan\u0131lan hammadde, sindirim form\u00fclasyonlar\u0131nda ve cilt yenileme preparatlar\u0131nda kullan\u0131l\u0131r.","og_url":"https:\/\/naturalpoland.com\/tr\/urunler\/bitkisel-ekstraktlar\/aci-kok-ozutu\/","og_site_name":"NATURAL POLAND - Hurtowy Dystrybutor Surowc\u00f3w","article_publisher":"https:\/\/www.facebook.com\/naturalpoland.b2b","article_modified_time":"2026-02-27T13:01:21+00:00","og_image":[{"width":1024,"height":1024,"url":"https:\/\/naturalpoland.com\/wp-content\/uploads\/ekstrakt-z-goryczki.webp","type":"image\/webp"}],"schema":{"@context":"https:\/\/schema.org","@graph":[{"@type":"WebPage","@id":"https:\/\/naturalpoland.com\/tr\/urunler\/bitkisel-ekstraktlar\/aci-kok-ozutu\/","url":"https:\/\/naturalpoland.com\/tr\/urunler\/bitkisel-ekstraktlar\/aci-kok-ozutu\/","name":"Ac\u0131 K\u00f6k \u00d6z\u00fct\u00fc - Hurtowy Dystrybutor","isPartOf":{"@id":"https:\/\/naturalpoland.com\/tr\/#website"},"primaryImageOfPage":{"@id":"https:\/\/naturalpoland.com\/tr\/urunler\/bitkisel-ekstraktlar\/aci-kok-ozutu\/#primaryimage"},"image":{"@id":"https:\/\/naturalpoland.com\/tr\/urunler\/bitkisel-ekstraktlar\/aci-kok-ozutu\/#primaryimage"},"thumbnailUrl":"https:\/\/naturalpoland.com\/wp-content\/uploads\/ekstrakt-z-goryczki.webp","datePublished":"2021-05-11T11:39:23+00:00","dateModified":"2026-02-27T13:01:21+00:00","description":"Ac\u0131 k\u00f6k \u00f6z\u00fct\u00fc (Gentiana lutea) \u2013 takviye ve kozmetiklerde kullan\u0131lan hammadde, sindirim form\u00fclasyonlar\u0131nda ve cilt yenileme preparatlar\u0131nda kullan\u0131l\u0131r.","breadcrumb":{"@id":"https:\/\/naturalpoland.com\/tr\/urunler\/bitkisel-ekstraktlar\/aci-kok-ozutu\/#breadcrumb"},"inLanguage":"tr","potentialAction":[{"@type":"ReadAction","target":["https:\/\/naturalpoland.com\/tr\/urunler\/bitkisel-ekstraktlar\/aci-kok-ozutu\/"]}]},{"@type":"ImageObject","inLanguage":"tr","@id":"https:\/\/naturalpoland.com\/tr\/urunler\/bitkisel-ekstraktlar\/aci-kok-ozutu\/#primaryimage","url":"https:\/\/naturalpoland.com\/wp-content\/uploads\/ekstrakt-z-goryczki.webp","contentUrl":"https:\/\/naturalpoland.com\/wp-content\/uploads\/ekstrakt-z-goryczki.webp","width":1024,"height":1024,"caption":"toz ve s\u0131v\u0131 ac\u0131 k\u00f6k \u00f6z\u00fct\u00fc"},{"@type":"BreadcrumbList","@id":"https:\/\/naturalpoland.com\/tr\/urunler\/bitkisel-ekstraktlar\/aci-kok-ozutu\/#breadcrumb","itemListElement":[{"@type":"ListItem","position":1,"name":"Ana Sayfa","item":"https:\/\/naturalpoland.com\/tr\/"},{"@type":"ListItem","position":2,"name":"\u00dcr\u00fcnler","item":"https:\/\/naturalpoland.com\/tr\/urunler\/"},{"@type":"ListItem","position":3,"name":"Ac\u0131 K\u00f6k \u00d6z\u00fct\u00fc"}]},{"@type":"WebSite","@id":"https:\/\/naturalpoland.com\/tr\/#website","url":"https:\/\/naturalpoland.com\/tr\/","name":"NATURAL POLAND - Hurtowy Dystrybutor Surowc\u00f3w","description":"Surowce dla przemys\u0142u spo\u017cywczego, kosmetycznego i farmaceutycznego","publisher":{"@id":"https:\/\/naturalpoland.com\/tr\/#organization"},"potentialAction":[{"@type":"SearchAction","target":{"@type":"EntryPoint","urlTemplate":"https:\/\/naturalpoland.com\/tr\/?s={search_term_string}"},"query-input":{"@type":"PropertyValueSpecification","valueRequired":true,"valueName":"search_term_string"}}],"inLanguage":"tr"},{"@type":"Organization","@id":"https:\/\/naturalpoland.com\/tr\/#organization","name":"Natural Poland","url":"https:\/\/naturalpoland.com\/tr\/","logo":{"@type":"ImageObject","inLanguage":"tr","@id":"https:\/\/naturalpoland.com\/tr\/#\/schema\/logo\/image\/","url":"https:\/\/naturalpoland.com\/wp-content\/uploads\/2021\/05\/natural-poland-icon.png","contentUrl":"https:\/\/naturalpoland.com\/wp-content\/uploads\/2021\/05\/natural-poland-icon.png","width":512,"height":512,"caption":"Natural Poland"},"image":{"@id":"https:\/\/naturalpoland.com\/tr\/#\/schema\/logo\/image\/"},"sameAs":["https:\/\/www.facebook.com\/naturalpoland.b2b","https:\/\/pl.linkedin.com\/company\/natural-poland","https:\/\/www.youtube.com\/channel\/UCgeGGkvOMahZo-xu_MSEWxg"]}]}},"_links":{"self":[{"href":"https:\/\/naturalpoland.com\/tr\/wp-json\/wp\/v2\/product\/46253","targetHints":{"allow":["GET"]}}],"collection":[{"href":"https:\/\/naturalpoland.com\/tr\/wp-json\/wp\/v2\/product"}],"about":[{"href":"https:\/\/naturalpoland.com\/tr\/wp-json\/wp\/v2\/types\/product"}],"wp:featuredmedia":[{"embeddable":true,"href":"https:\/\/naturalpoland.com\/tr\/wp-json\/wp\/v2\/media\/46255"}],"wp:attachment":[{"href":"https:\/\/naturalpoland.com\/tr\/wp-json\/wp\/v2\/media?parent=46253"}],"wp:term":[{"taxonomy":"product_brand","embeddable":true,"href":"https:\/\/naturalpoland.com\/tr\/wp-json\/wp\/v2\/product_brand?post=46253"},{"taxonomy":"product_cat","embeddable":true,"href":"https:\/\/naturalpoland.com\/tr\/wp-json\/wp\/v2\/product_cat?post=46253"},{"taxonomy":"product_tag","embeddable":true,"href":"https:\/\/naturalpoland.com\/tr\/wp-json\/wp\/v2\/product_tag?post=46253"}],"curies":[{"name":"wp","href":"https:\/\/api.w.org\/{rel}","templated":true}]}}