{"id":46259,"date":"2021-05-11T13:39:23","date_gmt":"2021-05-11T11:39:23","guid":{"rendered":"https:\/\/naturalpoland.com\/produkty\/kategorilenmemis\/aci-kavun-ozu-momordica-charantia\/"},"modified":"2026-02-27T14:01:48","modified_gmt":"2026-02-27T13:01:48","slug":"aci-kavun-ozu-momordica-charantia","status":"publish","type":"product","link":"https:\/\/naturalpoland.com\/tr\/urunler\/bitkisel-ekstraktlar\/aci-kavun-ozu-momordica-charantia\/","title":{"rendered":"Ac\u0131 kavun \u00f6z\u00fc (Momordica charantia)"},"content":{"rendered":"<p>Ac\u0131 kavun, Asya, Hindistan, Do\u011fu Afrika ve G\u00fcney Amerika gibi tropikal b\u00f6lgelerden gelmektedir. \u00c7ok ilgi \u00e7ekici bir g\u00f6r\u00fcn\u00fcme sahiptir. Salatal\u0131k ve karpuzun uzak bir akrabas\u0131d\u0131r. Kendine \u00f6zg\u00fc, k\u00f6riyi and\u0131ran ac\u0131 tad\u0131 ve zengin aktif bile\u015fen i\u00e7eri\u011fi (<strong>charantin<\/strong>, <strong>saponinler<\/strong>, <strong>fenolik asitler<\/strong>, <strong>polipeptitler<\/strong> ve <strong>vitaminler<\/strong>) ile \u00f6ne \u00e7\u0131kar.   <\/p>\n<p>Ac\u0131 kavun d\u00fc\u015f\u00fck kalorilidir, 100 gram\u0131nda yakla\u015f\u0131k 17 kcal bulunur ve ayr\u0131ca C vitamini, lif ve amino asitler a\u00e7\u0131s\u0131ndan zengindir.<\/p>\n<h2>Ac\u0131 Kavun \u00d6z\u00fcn\u00fcn \u00d6zellikleri<\/h2>\n<p>Ac\u0131 kavun \u00f6z\u00fc, hipoglisemik etkisi, yani kan \u015fekeri seviyesini d\u00fc\u015f\u00fcrme yetene\u011fi ile bilinir. \u0130\u00e7erdi\u011fi <strong>charantin<\/strong> sayesinde, \u00f6z\u00fct <strong>\u015feker seviyesinin d\u00fczenlenmesini<\/strong> destekler, bu nedenle tip 2 diyabet dahil olmak \u00fczere karbonhidrat metabolizmas\u0131 bozuklu\u011fu olan ki\u015filer taraf\u0131ndan kullan\u0131lmal\u0131d\u0131r. Ara\u015ft\u0131rmalar, ac\u0131 kavunda bulunan bile\u015fiklerin h\u00fccreler taraf\u0131ndan glikoz al\u0131m\u0131n\u0131 art\u0131rabilece\u011fini ve ins\u00fclin \u00fcretimini uyarabilece\u011fini d\u00fc\u015f\u00fcnd\u00fcrmektedir.  <\/p>\n<p>Hipoglisemik etkisinin yan\u0131 s\u0131ra, \u00f6z\u00fct ayn\u0131 zamanda <strong>hipolipidemik<\/strong> \u00f6zellikler g\u00f6stererek kandaki LDL kolesterol ve trigliserit seviyelerini d\u00fc\u015f\u00fcrmeye yard\u0131mc\u0131 olurken, HDL seviyesini art\u0131r\u0131r.<\/p>\n<p>Potansiyel antikanser etkisini de vurgulamak gerekir. Ac\u0131 kavun \u00f6zleri, karaci\u011fer, meme, kolon ve prostat kanseri dahil olmak \u00fczere baz\u0131 kanser h\u00fccre tiplerine kar\u015f\u0131 aktivite g\u00f6sterebilir. <\/p>\n<h2>Kullan\u0131m alanlar\u0131<\/h2>\n<p>Ac\u0131 kavun \u00f6z\u00fc, ila\u00e7 ve takviye end\u00fcstrisinde geni\u015f bir kullan\u0131m alan\u0131na sahiptir. Kaps\u00fcl, toz veya diyabet ve obezite ile m\u00fccadeleyi destekleyen ve lipid profilini iyile\u015ftiren diyet takviyelerinin bir bile\u015feni olarak kullan\u0131labilir. <\/p>\n","protected":false},"excerpt":{"rendered":"<p><em>Momordica charantia<\/em> meyvelerinden elde edilen ac\u0131 kavun \u00f6z\u00fc, birka\u00e7 y\u0131ld\u0131r Avrupa&#8217;da ger\u00e7ek bir hit olmu\u015ftur. Glikoz metabolizmas\u0131n\u0131 iyile\u015ftiren preparatlar\u0131n bir bile\u015fenidir. Kan \u015fekeri seviyesini d\u00fczenler, bu nedenle diyabet hastalar\u0131 i\u00e7in de tavsiye edilir.  <\/p>\n","protected":false},"featured_media":46261,"template":"","meta":[],"product_brand":[],"product_cat":[9531],"product_tag":[],"class_list":{"0":"post-46259","1":"product","2":"type-product","3":"status-publish","4":"has-post-thumbnail","6":"product_cat-bitkisel-ekstraktlar","7":"pa_czesc-rosliny-meyve","8":"pa_skladnik-aktywny-charantin","10":"first","11":"instock","12":"shipping-taxable","13":"product-type-simple"},"yoast_head":"<!-- This site is optimized with the Yoast SEO plugin v27.4 - https:\/\/yoast.com\/product\/yoast-seo-wordpress\/ -->\n<title>Ac\u0131 kavun \u00f6z\u00fc (Momordica charantia) - NATURAL POLAND - Hurtowy Dystrybutor Surowc\u00f3w<\/title>\n<meta name=\"description\" content=\"Ac\u0131 kavun \u00f6z\u00fc, kan \u015fekeri seviyesinin d\u00fczenlenmesini, kardiyovask\u00fcler hastal\u0131klar\u0131n \u00f6nlenmesini ve kanserle m\u00fccadeleyi destekleyen bir hammaddedir.\" \/>\n<meta name=\"robots\" content=\"index, follow, max-snippet:-1, max-image-preview:large, max-video-preview:-1\" \/>\n<link rel=\"canonical\" href=\"https:\/\/naturalpoland.com\/tr\/urunler\/bitkisel-ekstraktlar\/aci-kavun-ozu-momordica-charantia\/\" \/>\n<meta property=\"og:locale\" content=\"tr_TR\" \/>\n<meta property=\"og:type\" content=\"article\" \/>\n<meta property=\"og:title\" content=\"Ac\u0131 kavun \u00f6z\u00fc (Momordica charantia) - NATURAL POLAND - Hurtowy Dystrybutor Surowc\u00f3w\" \/>\n<meta property=\"og:description\" content=\"Ac\u0131 kavun \u00f6z\u00fc, kan \u015fekeri seviyesinin d\u00fczenlenmesini, kardiyovask\u00fcler hastal\u0131klar\u0131n \u00f6nlenmesini ve kanserle m\u00fccadeleyi destekleyen bir hammaddedir.\" \/>\n<meta property=\"og:url\" content=\"https:\/\/naturalpoland.com\/tr\/urunler\/bitkisel-ekstraktlar\/aci-kavun-ozu-momordica-charantia\/\" \/>\n<meta property=\"og:site_name\" content=\"NATURAL POLAND - Hurtowy Dystrybutor Surowc\u00f3w\" \/>\n<meta property=\"article:publisher\" content=\"https:\/\/www.facebook.com\/naturalpoland.b2b\" \/>\n<meta property=\"article:modified_time\" content=\"2026-02-27T13:01:48+00:00\" \/>\n<meta property=\"og:image\" content=\"https:\/\/naturalpoland.com\/wp-content\/uploads\/ekstrakt-z-gorzkiego-melona.webp\" \/>\n\t<meta property=\"og:image:width\" content=\"619\" \/>\n\t<meta property=\"og:image:height\" content=\"619\" \/>\n\t<meta property=\"og:image:type\" content=\"image\/webp\" \/>\n<script type=\"application\/ld+json\" class=\"yoast-schema-graph\">{\"@context\":\"https:\\\/\\\/schema.org\",\"@graph\":[{\"@type\":\"WebPage\",\"@id\":\"https:\\\/\\\/naturalpoland.com\\\/tr\\\/urunler\\\/bitkisel-ekstraktlar\\\/aci-kavun-ozu-momordica-charantia\\\/\",\"url\":\"https:\\\/\\\/naturalpoland.com\\\/tr\\\/urunler\\\/bitkisel-ekstraktlar\\\/aci-kavun-ozu-momordica-charantia\\\/\",\"name\":\"Ac\u0131 kavun \u00f6z\u00fc (Momordica charantia) - NATURAL POLAND - Hurtowy Dystrybutor Surowc\u00f3w\",\"isPartOf\":{\"@id\":\"https:\\\/\\\/naturalpoland.com\\\/tr\\\/#website\"},\"primaryImageOfPage\":{\"@id\":\"https:\\\/\\\/naturalpoland.com\\\/tr\\\/urunler\\\/bitkisel-ekstraktlar\\\/aci-kavun-ozu-momordica-charantia\\\/#primaryimage\"},\"image\":{\"@id\":\"https:\\\/\\\/naturalpoland.com\\\/tr\\\/urunler\\\/bitkisel-ekstraktlar\\\/aci-kavun-ozu-momordica-charantia\\\/#primaryimage\"},\"thumbnailUrl\":\"https:\\\/\\\/naturalpoland.com\\\/wp-content\\\/uploads\\\/ekstrakt-z-gorzkiego-melona.webp\",\"datePublished\":\"2021-05-11T11:39:23+00:00\",\"dateModified\":\"2026-02-27T13:01:48+00:00\",\"description\":\"Ac\u0131 kavun \u00f6z\u00fc, kan \u015fekeri seviyesinin d\u00fczenlenmesini, kardiyovask\u00fcler hastal\u0131klar\u0131n \u00f6nlenmesini ve kanserle m\u00fccadeleyi destekleyen bir hammaddedir.\",\"breadcrumb\":{\"@id\":\"https:\\\/\\\/naturalpoland.com\\\/tr\\\/urunler\\\/bitkisel-ekstraktlar\\\/aci-kavun-ozu-momordica-charantia\\\/#breadcrumb\"},\"inLanguage\":\"tr\",\"potentialAction\":[{\"@type\":\"ReadAction\",\"target\":[\"https:\\\/\\\/naturalpoland.com\\\/tr\\\/urunler\\\/bitkisel-ekstraktlar\\\/aci-kavun-ozu-momordica-charantia\\\/\"]}]},{\"@type\":\"ImageObject\",\"inLanguage\":\"tr\",\"@id\":\"https:\\\/\\\/naturalpoland.com\\\/tr\\\/urunler\\\/bitkisel-ekstraktlar\\\/aci-kavun-ozu-momordica-charantia\\\/#primaryimage\",\"url\":\"https:\\\/\\\/naturalpoland.com\\\/wp-content\\\/uploads\\\/ekstrakt-z-gorzkiego-melona.webp\",\"contentUrl\":\"https:\\\/\\\/naturalpoland.com\\\/wp-content\\\/uploads\\\/ekstrakt-z-gorzkiego-melona.webp\",\"width\":619,\"height\":619,\"caption\":\"ac\u0131 kavun \u00f6z\u00fc\"},{\"@type\":\"BreadcrumbList\",\"@id\":\"https:\\\/\\\/naturalpoland.com\\\/tr\\\/urunler\\\/bitkisel-ekstraktlar\\\/aci-kavun-ozu-momordica-charantia\\\/#breadcrumb\",\"itemListElement\":[{\"@type\":\"ListItem\",\"position\":1,\"name\":\"Ana Sayfa\",\"item\":\"https:\\\/\\\/naturalpoland.com\\\/tr\\\/\"},{\"@type\":\"ListItem\",\"position\":2,\"name\":\"\u00dcr\u00fcnler\",\"item\":\"https:\\\/\\\/naturalpoland.com\\\/tr\\\/urunler\\\/\"},{\"@type\":\"ListItem\",\"position\":3,\"name\":\"Ac\u0131 kavun \u00f6z\u00fc (Momordica charantia)\"}]},{\"@type\":\"WebSite\",\"@id\":\"https:\\\/\\\/naturalpoland.com\\\/tr\\\/#website\",\"url\":\"https:\\\/\\\/naturalpoland.com\\\/tr\\\/\",\"name\":\"NATURAL POLAND - Hurtowy Dystrybutor Surowc\u00f3w\",\"description\":\"Surowce dla przemys\u0142u spo\u017cywczego, kosmetycznego i farmaceutycznego\",\"publisher\":{\"@id\":\"https:\\\/\\\/naturalpoland.com\\\/tr\\\/#organization\"},\"potentialAction\":[{\"@type\":\"SearchAction\",\"target\":{\"@type\":\"EntryPoint\",\"urlTemplate\":\"https:\\\/\\\/naturalpoland.com\\\/tr\\\/?s={search_term_string}\"},\"query-input\":{\"@type\":\"PropertyValueSpecification\",\"valueRequired\":true,\"valueName\":\"search_term_string\"}}],\"inLanguage\":\"tr\"},{\"@type\":\"Organization\",\"@id\":\"https:\\\/\\\/naturalpoland.com\\\/tr\\\/#organization\",\"name\":\"Natural Poland\",\"url\":\"https:\\\/\\\/naturalpoland.com\\\/tr\\\/\",\"logo\":{\"@type\":\"ImageObject\",\"inLanguage\":\"tr\",\"@id\":\"https:\\\/\\\/naturalpoland.com\\\/tr\\\/#\\\/schema\\\/logo\\\/image\\\/\",\"url\":\"https:\\\/\\\/naturalpoland.com\\\/wp-content\\\/uploads\\\/2021\\\/05\\\/natural-poland-icon.png\",\"contentUrl\":\"https:\\\/\\\/naturalpoland.com\\\/wp-content\\\/uploads\\\/2021\\\/05\\\/natural-poland-icon.png\",\"width\":512,\"height\":512,\"caption\":\"Natural Poland\"},\"image\":{\"@id\":\"https:\\\/\\\/naturalpoland.com\\\/tr\\\/#\\\/schema\\\/logo\\\/image\\\/\"},\"sameAs\":[\"https:\\\/\\\/www.facebook.com\\\/naturalpoland.b2b\",\"https:\\\/\\\/pl.linkedin.com\\\/company\\\/natural-poland\",\"https:\\\/\\\/www.youtube.com\\\/channel\\\/UCgeGGkvOMahZo-xu_MSEWxg\"]}]}<\/script>\n<!-- \/ Yoast SEO plugin. -->","yoast_head_json":{"title":"Ac\u0131 kavun \u00f6z\u00fc (Momordica charantia) - NATURAL POLAND - Hurtowy Dystrybutor Surowc\u00f3w","description":"Ac\u0131 kavun \u00f6z\u00fc, kan \u015fekeri seviyesinin d\u00fczenlenmesini, kardiyovask\u00fcler hastal\u0131klar\u0131n \u00f6nlenmesini ve kanserle m\u00fccadeleyi destekleyen bir hammaddedir.","robots":{"index":"index","follow":"follow","max-snippet":"max-snippet:-1","max-image-preview":"max-image-preview:large","max-video-preview":"max-video-preview:-1"},"canonical":"https:\/\/naturalpoland.com\/tr\/urunler\/bitkisel-ekstraktlar\/aci-kavun-ozu-momordica-charantia\/","og_locale":"tr_TR","og_type":"article","og_title":"Ac\u0131 kavun \u00f6z\u00fc (Momordica charantia) - NATURAL POLAND - Hurtowy Dystrybutor Surowc\u00f3w","og_description":"Ac\u0131 kavun \u00f6z\u00fc, kan \u015fekeri seviyesinin d\u00fczenlenmesini, kardiyovask\u00fcler hastal\u0131klar\u0131n \u00f6nlenmesini ve kanserle m\u00fccadeleyi destekleyen bir hammaddedir.","og_url":"https:\/\/naturalpoland.com\/tr\/urunler\/bitkisel-ekstraktlar\/aci-kavun-ozu-momordica-charantia\/","og_site_name":"NATURAL POLAND - Hurtowy Dystrybutor Surowc\u00f3w","article_publisher":"https:\/\/www.facebook.com\/naturalpoland.b2b","article_modified_time":"2026-02-27T13:01:48+00:00","og_image":[{"width":619,"height":619,"url":"https:\/\/naturalpoland.com\/wp-content\/uploads\/ekstrakt-z-gorzkiego-melona.webp","type":"image\/webp"}],"schema":{"@context":"https:\/\/schema.org","@graph":[{"@type":"WebPage","@id":"https:\/\/naturalpoland.com\/tr\/urunler\/bitkisel-ekstraktlar\/aci-kavun-ozu-momordica-charantia\/","url":"https:\/\/naturalpoland.com\/tr\/urunler\/bitkisel-ekstraktlar\/aci-kavun-ozu-momordica-charantia\/","name":"Ac\u0131 kavun \u00f6z\u00fc (Momordica charantia) - NATURAL POLAND - Hurtowy Dystrybutor Surowc\u00f3w","isPartOf":{"@id":"https:\/\/naturalpoland.com\/tr\/#website"},"primaryImageOfPage":{"@id":"https:\/\/naturalpoland.com\/tr\/urunler\/bitkisel-ekstraktlar\/aci-kavun-ozu-momordica-charantia\/#primaryimage"},"image":{"@id":"https:\/\/naturalpoland.com\/tr\/urunler\/bitkisel-ekstraktlar\/aci-kavun-ozu-momordica-charantia\/#primaryimage"},"thumbnailUrl":"https:\/\/naturalpoland.com\/wp-content\/uploads\/ekstrakt-z-gorzkiego-melona.webp","datePublished":"2021-05-11T11:39:23+00:00","dateModified":"2026-02-27T13:01:48+00:00","description":"Ac\u0131 kavun \u00f6z\u00fc, kan \u015fekeri seviyesinin d\u00fczenlenmesini, kardiyovask\u00fcler hastal\u0131klar\u0131n \u00f6nlenmesini ve kanserle m\u00fccadeleyi destekleyen bir hammaddedir.","breadcrumb":{"@id":"https:\/\/naturalpoland.com\/tr\/urunler\/bitkisel-ekstraktlar\/aci-kavun-ozu-momordica-charantia\/#breadcrumb"},"inLanguage":"tr","potentialAction":[{"@type":"ReadAction","target":["https:\/\/naturalpoland.com\/tr\/urunler\/bitkisel-ekstraktlar\/aci-kavun-ozu-momordica-charantia\/"]}]},{"@type":"ImageObject","inLanguage":"tr","@id":"https:\/\/naturalpoland.com\/tr\/urunler\/bitkisel-ekstraktlar\/aci-kavun-ozu-momordica-charantia\/#primaryimage","url":"https:\/\/naturalpoland.com\/wp-content\/uploads\/ekstrakt-z-gorzkiego-melona.webp","contentUrl":"https:\/\/naturalpoland.com\/wp-content\/uploads\/ekstrakt-z-gorzkiego-melona.webp","width":619,"height":619,"caption":"ac\u0131 kavun \u00f6z\u00fc"},{"@type":"BreadcrumbList","@id":"https:\/\/naturalpoland.com\/tr\/urunler\/bitkisel-ekstraktlar\/aci-kavun-ozu-momordica-charantia\/#breadcrumb","itemListElement":[{"@type":"ListItem","position":1,"name":"Ana Sayfa","item":"https:\/\/naturalpoland.com\/tr\/"},{"@type":"ListItem","position":2,"name":"\u00dcr\u00fcnler","item":"https:\/\/naturalpoland.com\/tr\/urunler\/"},{"@type":"ListItem","position":3,"name":"Ac\u0131 kavun \u00f6z\u00fc (Momordica charantia)"}]},{"@type":"WebSite","@id":"https:\/\/naturalpoland.com\/tr\/#website","url":"https:\/\/naturalpoland.com\/tr\/","name":"NATURAL POLAND - Hurtowy Dystrybutor Surowc\u00f3w","description":"Surowce dla przemys\u0142u spo\u017cywczego, kosmetycznego i farmaceutycznego","publisher":{"@id":"https:\/\/naturalpoland.com\/tr\/#organization"},"potentialAction":[{"@type":"SearchAction","target":{"@type":"EntryPoint","urlTemplate":"https:\/\/naturalpoland.com\/tr\/?s={search_term_string}"},"query-input":{"@type":"PropertyValueSpecification","valueRequired":true,"valueName":"search_term_string"}}],"inLanguage":"tr"},{"@type":"Organization","@id":"https:\/\/naturalpoland.com\/tr\/#organization","name":"Natural Poland","url":"https:\/\/naturalpoland.com\/tr\/","logo":{"@type":"ImageObject","inLanguage":"tr","@id":"https:\/\/naturalpoland.com\/tr\/#\/schema\/logo\/image\/","url":"https:\/\/naturalpoland.com\/wp-content\/uploads\/2021\/05\/natural-poland-icon.png","contentUrl":"https:\/\/naturalpoland.com\/wp-content\/uploads\/2021\/05\/natural-poland-icon.png","width":512,"height":512,"caption":"Natural Poland"},"image":{"@id":"https:\/\/naturalpoland.com\/tr\/#\/schema\/logo\/image\/"},"sameAs":["https:\/\/www.facebook.com\/naturalpoland.b2b","https:\/\/pl.linkedin.com\/company\/natural-poland","https:\/\/www.youtube.com\/channel\/UCgeGGkvOMahZo-xu_MSEWxg"]}]}},"_links":{"self":[{"href":"https:\/\/naturalpoland.com\/tr\/wp-json\/wp\/v2\/product\/46259","targetHints":{"allow":["GET"]}}],"collection":[{"href":"https:\/\/naturalpoland.com\/tr\/wp-json\/wp\/v2\/product"}],"about":[{"href":"https:\/\/naturalpoland.com\/tr\/wp-json\/wp\/v2\/types\/product"}],"wp:featuredmedia":[{"embeddable":true,"href":"https:\/\/naturalpoland.com\/tr\/wp-json\/wp\/v2\/media\/46261"}],"wp:attachment":[{"href":"https:\/\/naturalpoland.com\/tr\/wp-json\/wp\/v2\/media?parent=46259"}],"wp:term":[{"taxonomy":"product_brand","embeddable":true,"href":"https:\/\/naturalpoland.com\/tr\/wp-json\/wp\/v2\/product_brand?post=46259"},{"taxonomy":"product_cat","embeddable":true,"href":"https:\/\/naturalpoland.com\/tr\/wp-json\/wp\/v2\/product_cat?post=46259"},{"taxonomy":"product_tag","embeddable":true,"href":"https:\/\/naturalpoland.com\/tr\/wp-json\/wp\/v2\/product_tag?post=46259"}],"curies":[{"name":"wp","href":"https:\/\/api.w.org\/{rel}","templated":true}]}}