{"id":46262,"date":"2021-05-11T13:39:23","date_gmt":"2021-05-11T11:39:23","guid":{"rendered":"https:\/\/naturalpoland.com\/produkty\/kategorilenmemis\/aci-portakal-ekstrakti\/"},"modified":"2026-02-27T14:01:54","modified_gmt":"2026-02-27T13:01:54","slug":"aci-portakal-ekstrakti","status":"publish","type":"product","link":"https:\/\/naturalpoland.com\/tr\/urunler\/bitkisel-ekstraktlar\/aci-portakal-ekstrakti\/","title":{"rendered":"Ac\u0131 Portakal Ekstrakt\u0131"},"content":{"rendered":"<h2>Ekstrakt\u0131n \u00d6zellikleri:<\/h2>\n<p>Ac\u0131 portakal ekstrakt\u0131; C, A, E, PP vitaminleri, B grubu vitaminleri, kalsiyum, magnezyum, demir ve fosfor a\u00e7\u0131s\u0131ndan zengindir. Ayr\u0131ca, sindirim s\u0131v\u0131lar\u0131n\u0131 uyarmakla g\u00f6revli lif ve ac\u0131 maddeler i\u00e7erir. <\/p>\n<p>Ac\u0131 portakal\u0131n ana aktif bile\u015feni, metabolizma h\u0131z\u0131n\u0131 art\u0131ran ve lipoliz (ya\u011f y\u0131k\u0131m\u0131) s\u00fcrecini h\u0131zland\u0131ran, kafeine benzer etkilere sahip bir alkaloid olan <strong>sinefrin<\/strong>dir. Bu sayede ya\u011f dokusunun yak\u0131lmas\u0131na yard\u0131mc\u0131 olur ve i\u015ftah kontrol\u00fcn\u00fc destekler. <\/p>\n<h2>Kullan\u0131m:<\/h2>\n<p>Ac\u0131 portakal ekstrakt\u0131, ba\u015fl\u0131ca kilo vermeyi destekleyen <strong>diyet takviyelerinde<\/strong> kullan\u0131lmaktad\u0131r. Ekstrakt\u0131n i\u00e7erdi\u011fi sinefrin, metabolizmay\u0131 uyar\u0131r, v\u00fccudun enerji harcamas\u0131n\u0131 art\u0131r\u0131r ve ya\u011f dokusunun yak\u0131lmas\u0131n\u0131 destekler. Ac\u0131 portakall\u0131 takviyeler ayr\u0131ca i\u015ftah\u0131 azaltmaya ve termogenezi iyile\u015ftirmeye de yard\u0131mc\u0131 olabilir. Bu \u00fcr\u00fcn, i\u00e7eceklere katk\u0131 maddesi, kaps\u00fcl veya tablet gibi \u00e7e\u015fitli formlarda kullan\u0131labilir.   <\/p>\n<p>Ek olarak, bu ekstrakt kan damarlar\u0131n\u0131 g\u00fc\u00e7lendirerek ateroskleroz ve kalp hastal\u0131klar\u0131n\u0131 \u00f6nler. Ba\u011f\u0131\u015f\u0131kl\u0131\u011f\u0131 g\u00fc\u00e7lendirir ve so\u011fuk alg\u0131nl\u0131\u011f\u0131, grip, bron\u015fit veya bo\u011faz enfeksiyonlar\u0131n\u0131n tedavisinde faydal\u0131 olabilir. <\/p>\n<p>Ekstrakt, \u00f6zellikle sel\u00fclit azaltma ve cilt s\u0131k\u0131l\u0131\u011f\u0131n\u0131 art\u0131rma preparatlar\u0131nda <strong>kozmetik end\u00fcstrisinde<\/strong> de kullan\u0131lmaktad\u0131r. \u0130\u00e7erdi\u011fi u\u00e7ucu ya\u011flar sayesinde bu \u00fcr\u00fcn, parf\u00fcmlerde ve di\u011fer kozmetik \u00fcr\u00fcnlerinde karakteristik narenciye kokusu ekleyerek yer bulur. <\/p>\n<p>&nbsp;<\/p>\n","protected":false},"excerpt":{"rendered":"<p>Ac\u0131 portakal (<em>Citrus aurantium<\/em>) ekstrakt\u0131, Arap ve \u00c7in t\u0131bb\u0131n\u0131n \u00f6nemli bir unsurudur. Avrupa pazar\u0131nda bulunan tariflerde de giderek daha s\u0131k yer almaktad\u0131r. <\/p>\n","protected":false},"featured_media":46264,"template":"","meta":[],"product_brand":[],"product_cat":[9531],"product_tag":[],"class_list":{"0":"post-46262","1":"product","2":"type-product","3":"status-publish","4":"has-post-thumbnail","6":"product_cat-bitkisel-ekstraktlar","7":"pa_czesc-rosliny-meyve","9":"first","10":"instock","11":"shipping-taxable","12":"product-type-simple"},"yoast_head":"<!-- This site is optimized with the Yoast SEO plugin v27.4 - https:\/\/yoast.com\/product\/yoast-seo-wordpress\/ -->\n<title>Ac\u0131 Portakal Ekstrakt\u0131 - NATURAL POLAND - Hurtowy Dystrybutor Surowc\u00f3w<\/title>\n<meta name=\"description\" content=\"Ac\u0131 portakal (Citrus aurantium) ekstrakt\u0131, \u00e7ok y\u00f6nl\u00fc sa\u011fl\u0131k faydalar\u0131na sahip, diyet takviyelerinde yayg\u0131n olarak kullan\u0131lan bir \u00fcr\u00fcnd\u00fcr.\" \/>\n<meta name=\"robots\" content=\"index, follow, max-snippet:-1, max-image-preview:large, max-video-preview:-1\" \/>\n<link rel=\"canonical\" href=\"https:\/\/naturalpoland.com\/tr\/urunler\/bitkisel-ekstraktlar\/aci-portakal-ekstrakti\/\" \/>\n<meta property=\"og:locale\" content=\"tr_TR\" \/>\n<meta property=\"og:type\" content=\"article\" \/>\n<meta property=\"og:title\" content=\"Ac\u0131 Portakal Ekstrakt\u0131 - NATURAL POLAND - Hurtowy Dystrybutor Surowc\u00f3w\" \/>\n<meta property=\"og:description\" content=\"Ac\u0131 portakal (Citrus aurantium) ekstrakt\u0131, \u00e7ok y\u00f6nl\u00fc sa\u011fl\u0131k faydalar\u0131na sahip, diyet takviyelerinde yayg\u0131n olarak kullan\u0131lan bir \u00fcr\u00fcnd\u00fcr.\" \/>\n<meta property=\"og:url\" content=\"https:\/\/naturalpoland.com\/tr\/urunler\/bitkisel-ekstraktlar\/aci-portakal-ekstrakti\/\" \/>\n<meta property=\"og:site_name\" content=\"NATURAL POLAND - Hurtowy Dystrybutor Surowc\u00f3w\" \/>\n<meta property=\"article:publisher\" content=\"https:\/\/www.facebook.com\/naturalpoland.b2b\" \/>\n<meta property=\"article:modified_time\" content=\"2026-02-27T13:01:54+00:00\" \/>\n<meta property=\"og:image\" content=\"https:\/\/naturalpoland.com\/wp-content\/uploads\/ekstrakt-z-gorzkiej-pomaranczy.webp\" \/>\n\t<meta property=\"og:image:width\" content=\"619\" \/>\n\t<meta property=\"og:image:height\" content=\"619\" \/>\n\t<meta property=\"og:image:type\" content=\"image\/webp\" \/>\n<script type=\"application\/ld+json\" class=\"yoast-schema-graph\">{\"@context\":\"https:\\\/\\\/schema.org\",\"@graph\":[{\"@type\":\"WebPage\",\"@id\":\"https:\\\/\\\/naturalpoland.com\\\/tr\\\/urunler\\\/bitkisel-ekstraktlar\\\/aci-portakal-ekstrakti\\\/\",\"url\":\"https:\\\/\\\/naturalpoland.com\\\/tr\\\/urunler\\\/bitkisel-ekstraktlar\\\/aci-portakal-ekstrakti\\\/\",\"name\":\"Ac\u0131 Portakal Ekstrakt\u0131 - NATURAL POLAND - Hurtowy Dystrybutor Surowc\u00f3w\",\"isPartOf\":{\"@id\":\"https:\\\/\\\/naturalpoland.com\\\/tr\\\/#website\"},\"primaryImageOfPage\":{\"@id\":\"https:\\\/\\\/naturalpoland.com\\\/tr\\\/urunler\\\/bitkisel-ekstraktlar\\\/aci-portakal-ekstrakti\\\/#primaryimage\"},\"image\":{\"@id\":\"https:\\\/\\\/naturalpoland.com\\\/tr\\\/urunler\\\/bitkisel-ekstraktlar\\\/aci-portakal-ekstrakti\\\/#primaryimage\"},\"thumbnailUrl\":\"https:\\\/\\\/naturalpoland.com\\\/wp-content\\\/uploads\\\/ekstrakt-z-gorzkiej-pomaranczy.webp\",\"datePublished\":\"2021-05-11T11:39:23+00:00\",\"dateModified\":\"2026-02-27T13:01:54+00:00\",\"description\":\"Ac\u0131 portakal (Citrus aurantium) ekstrakt\u0131, \u00e7ok y\u00f6nl\u00fc sa\u011fl\u0131k faydalar\u0131na sahip, diyet takviyelerinde yayg\u0131n olarak kullan\u0131lan bir \u00fcr\u00fcnd\u00fcr.\",\"breadcrumb\":{\"@id\":\"https:\\\/\\\/naturalpoland.com\\\/tr\\\/urunler\\\/bitkisel-ekstraktlar\\\/aci-portakal-ekstrakti\\\/#breadcrumb\"},\"inLanguage\":\"tr\",\"potentialAction\":[{\"@type\":\"ReadAction\",\"target\":[\"https:\\\/\\\/naturalpoland.com\\\/tr\\\/urunler\\\/bitkisel-ekstraktlar\\\/aci-portakal-ekstrakti\\\/\"]}]},{\"@type\":\"ImageObject\",\"inLanguage\":\"tr\",\"@id\":\"https:\\\/\\\/naturalpoland.com\\\/tr\\\/urunler\\\/bitkisel-ekstraktlar\\\/aci-portakal-ekstrakti\\\/#primaryimage\",\"url\":\"https:\\\/\\\/naturalpoland.com\\\/wp-content\\\/uploads\\\/ekstrakt-z-gorzkiej-pomaranczy.webp\",\"contentUrl\":\"https:\\\/\\\/naturalpoland.com\\\/wp-content\\\/uploads\\\/ekstrakt-z-gorzkiej-pomaranczy.webp\",\"width\":619,\"height\":619,\"caption\":\"Ac\u0131 Portakal Toz Ekstrakt\u0131\"},{\"@type\":\"BreadcrumbList\",\"@id\":\"https:\\\/\\\/naturalpoland.com\\\/tr\\\/urunler\\\/bitkisel-ekstraktlar\\\/aci-portakal-ekstrakti\\\/#breadcrumb\",\"itemListElement\":[{\"@type\":\"ListItem\",\"position\":1,\"name\":\"Ana Sayfa\",\"item\":\"https:\\\/\\\/naturalpoland.com\\\/tr\\\/\"},{\"@type\":\"ListItem\",\"position\":2,\"name\":\"\u00dcr\u00fcnler\",\"item\":\"https:\\\/\\\/naturalpoland.com\\\/tr\\\/urunler\\\/\"},{\"@type\":\"ListItem\",\"position\":3,\"name\":\"Ac\u0131 Portakal Ekstrakt\u0131\"}]},{\"@type\":\"WebSite\",\"@id\":\"https:\\\/\\\/naturalpoland.com\\\/tr\\\/#website\",\"url\":\"https:\\\/\\\/naturalpoland.com\\\/tr\\\/\",\"name\":\"NATURAL POLAND - Hurtowy Dystrybutor Surowc\u00f3w\",\"description\":\"Surowce dla przemys\u0142u spo\u017cywczego, kosmetycznego i farmaceutycznego\",\"publisher\":{\"@id\":\"https:\\\/\\\/naturalpoland.com\\\/tr\\\/#organization\"},\"potentialAction\":[{\"@type\":\"SearchAction\",\"target\":{\"@type\":\"EntryPoint\",\"urlTemplate\":\"https:\\\/\\\/naturalpoland.com\\\/tr\\\/?s={search_term_string}\"},\"query-input\":{\"@type\":\"PropertyValueSpecification\",\"valueRequired\":true,\"valueName\":\"search_term_string\"}}],\"inLanguage\":\"tr\"},{\"@type\":\"Organization\",\"@id\":\"https:\\\/\\\/naturalpoland.com\\\/tr\\\/#organization\",\"name\":\"Natural Poland\",\"url\":\"https:\\\/\\\/naturalpoland.com\\\/tr\\\/\",\"logo\":{\"@type\":\"ImageObject\",\"inLanguage\":\"tr\",\"@id\":\"https:\\\/\\\/naturalpoland.com\\\/tr\\\/#\\\/schema\\\/logo\\\/image\\\/\",\"url\":\"https:\\\/\\\/naturalpoland.com\\\/wp-content\\\/uploads\\\/2021\\\/05\\\/natural-poland-icon.png\",\"contentUrl\":\"https:\\\/\\\/naturalpoland.com\\\/wp-content\\\/uploads\\\/2021\\\/05\\\/natural-poland-icon.png\",\"width\":512,\"height\":512,\"caption\":\"Natural Poland\"},\"image\":{\"@id\":\"https:\\\/\\\/naturalpoland.com\\\/tr\\\/#\\\/schema\\\/logo\\\/image\\\/\"},\"sameAs\":[\"https:\\\/\\\/www.facebook.com\\\/naturalpoland.b2b\",\"https:\\\/\\\/pl.linkedin.com\\\/company\\\/natural-poland\",\"https:\\\/\\\/www.youtube.com\\\/channel\\\/UCgeGGkvOMahZo-xu_MSEWxg\"]}]}<\/script>\n<!-- \/ Yoast SEO plugin. -->","yoast_head_json":{"title":"Ac\u0131 Portakal Ekstrakt\u0131 - NATURAL POLAND - Hurtowy Dystrybutor Surowc\u00f3w","description":"Ac\u0131 portakal (Citrus aurantium) ekstrakt\u0131, \u00e7ok y\u00f6nl\u00fc sa\u011fl\u0131k faydalar\u0131na sahip, diyet takviyelerinde yayg\u0131n olarak kullan\u0131lan bir \u00fcr\u00fcnd\u00fcr.","robots":{"index":"index","follow":"follow","max-snippet":"max-snippet:-1","max-image-preview":"max-image-preview:large","max-video-preview":"max-video-preview:-1"},"canonical":"https:\/\/naturalpoland.com\/tr\/urunler\/bitkisel-ekstraktlar\/aci-portakal-ekstrakti\/","og_locale":"tr_TR","og_type":"article","og_title":"Ac\u0131 Portakal Ekstrakt\u0131 - NATURAL POLAND - Hurtowy Dystrybutor Surowc\u00f3w","og_description":"Ac\u0131 portakal (Citrus aurantium) ekstrakt\u0131, \u00e7ok y\u00f6nl\u00fc sa\u011fl\u0131k faydalar\u0131na sahip, diyet takviyelerinde yayg\u0131n olarak kullan\u0131lan bir \u00fcr\u00fcnd\u00fcr.","og_url":"https:\/\/naturalpoland.com\/tr\/urunler\/bitkisel-ekstraktlar\/aci-portakal-ekstrakti\/","og_site_name":"NATURAL POLAND - Hurtowy Dystrybutor Surowc\u00f3w","article_publisher":"https:\/\/www.facebook.com\/naturalpoland.b2b","article_modified_time":"2026-02-27T13:01:54+00:00","og_image":[{"width":619,"height":619,"url":"https:\/\/naturalpoland.com\/wp-content\/uploads\/ekstrakt-z-gorzkiej-pomaranczy.webp","type":"image\/webp"}],"schema":{"@context":"https:\/\/schema.org","@graph":[{"@type":"WebPage","@id":"https:\/\/naturalpoland.com\/tr\/urunler\/bitkisel-ekstraktlar\/aci-portakal-ekstrakti\/","url":"https:\/\/naturalpoland.com\/tr\/urunler\/bitkisel-ekstraktlar\/aci-portakal-ekstrakti\/","name":"Ac\u0131 Portakal Ekstrakt\u0131 - NATURAL POLAND - Hurtowy Dystrybutor Surowc\u00f3w","isPartOf":{"@id":"https:\/\/naturalpoland.com\/tr\/#website"},"primaryImageOfPage":{"@id":"https:\/\/naturalpoland.com\/tr\/urunler\/bitkisel-ekstraktlar\/aci-portakal-ekstrakti\/#primaryimage"},"image":{"@id":"https:\/\/naturalpoland.com\/tr\/urunler\/bitkisel-ekstraktlar\/aci-portakal-ekstrakti\/#primaryimage"},"thumbnailUrl":"https:\/\/naturalpoland.com\/wp-content\/uploads\/ekstrakt-z-gorzkiej-pomaranczy.webp","datePublished":"2021-05-11T11:39:23+00:00","dateModified":"2026-02-27T13:01:54+00:00","description":"Ac\u0131 portakal (Citrus aurantium) ekstrakt\u0131, \u00e7ok y\u00f6nl\u00fc sa\u011fl\u0131k faydalar\u0131na sahip, diyet takviyelerinde yayg\u0131n olarak kullan\u0131lan bir \u00fcr\u00fcnd\u00fcr.","breadcrumb":{"@id":"https:\/\/naturalpoland.com\/tr\/urunler\/bitkisel-ekstraktlar\/aci-portakal-ekstrakti\/#breadcrumb"},"inLanguage":"tr","potentialAction":[{"@type":"ReadAction","target":["https:\/\/naturalpoland.com\/tr\/urunler\/bitkisel-ekstraktlar\/aci-portakal-ekstrakti\/"]}]},{"@type":"ImageObject","inLanguage":"tr","@id":"https:\/\/naturalpoland.com\/tr\/urunler\/bitkisel-ekstraktlar\/aci-portakal-ekstrakti\/#primaryimage","url":"https:\/\/naturalpoland.com\/wp-content\/uploads\/ekstrakt-z-gorzkiej-pomaranczy.webp","contentUrl":"https:\/\/naturalpoland.com\/wp-content\/uploads\/ekstrakt-z-gorzkiej-pomaranczy.webp","width":619,"height":619,"caption":"Ac\u0131 Portakal Toz Ekstrakt\u0131"},{"@type":"BreadcrumbList","@id":"https:\/\/naturalpoland.com\/tr\/urunler\/bitkisel-ekstraktlar\/aci-portakal-ekstrakti\/#breadcrumb","itemListElement":[{"@type":"ListItem","position":1,"name":"Ana Sayfa","item":"https:\/\/naturalpoland.com\/tr\/"},{"@type":"ListItem","position":2,"name":"\u00dcr\u00fcnler","item":"https:\/\/naturalpoland.com\/tr\/urunler\/"},{"@type":"ListItem","position":3,"name":"Ac\u0131 Portakal Ekstrakt\u0131"}]},{"@type":"WebSite","@id":"https:\/\/naturalpoland.com\/tr\/#website","url":"https:\/\/naturalpoland.com\/tr\/","name":"NATURAL POLAND - Hurtowy Dystrybutor Surowc\u00f3w","description":"Surowce dla przemys\u0142u spo\u017cywczego, kosmetycznego i farmaceutycznego","publisher":{"@id":"https:\/\/naturalpoland.com\/tr\/#organization"},"potentialAction":[{"@type":"SearchAction","target":{"@type":"EntryPoint","urlTemplate":"https:\/\/naturalpoland.com\/tr\/?s={search_term_string}"},"query-input":{"@type":"PropertyValueSpecification","valueRequired":true,"valueName":"search_term_string"}}],"inLanguage":"tr"},{"@type":"Organization","@id":"https:\/\/naturalpoland.com\/tr\/#organization","name":"Natural Poland","url":"https:\/\/naturalpoland.com\/tr\/","logo":{"@type":"ImageObject","inLanguage":"tr","@id":"https:\/\/naturalpoland.com\/tr\/#\/schema\/logo\/image\/","url":"https:\/\/naturalpoland.com\/wp-content\/uploads\/2021\/05\/natural-poland-icon.png","contentUrl":"https:\/\/naturalpoland.com\/wp-content\/uploads\/2021\/05\/natural-poland-icon.png","width":512,"height":512,"caption":"Natural Poland"},"image":{"@id":"https:\/\/naturalpoland.com\/tr\/#\/schema\/logo\/image\/"},"sameAs":["https:\/\/www.facebook.com\/naturalpoland.b2b","https:\/\/pl.linkedin.com\/company\/natural-poland","https:\/\/www.youtube.com\/channel\/UCgeGGkvOMahZo-xu_MSEWxg"]}]}},"_links":{"self":[{"href":"https:\/\/naturalpoland.com\/tr\/wp-json\/wp\/v2\/product\/46262","targetHints":{"allow":["GET"]}}],"collection":[{"href":"https:\/\/naturalpoland.com\/tr\/wp-json\/wp\/v2\/product"}],"about":[{"href":"https:\/\/naturalpoland.com\/tr\/wp-json\/wp\/v2\/types\/product"}],"wp:featuredmedia":[{"embeddable":true,"href":"https:\/\/naturalpoland.com\/tr\/wp-json\/wp\/v2\/media\/46264"}],"wp:attachment":[{"href":"https:\/\/naturalpoland.com\/tr\/wp-json\/wp\/v2\/media?parent=46262"}],"wp:term":[{"taxonomy":"product_brand","embeddable":true,"href":"https:\/\/naturalpoland.com\/tr\/wp-json\/wp\/v2\/product_brand?post=46262"},{"taxonomy":"product_cat","embeddable":true,"href":"https:\/\/naturalpoland.com\/tr\/wp-json\/wp\/v2\/product_cat?post=46262"},{"taxonomy":"product_tag","embeddable":true,"href":"https:\/\/naturalpoland.com\/tr\/wp-json\/wp\/v2\/product_tag?post=46262"}],"curies":[{"name":"wp","href":"https:\/\/api.w.org\/{rel}","templated":true}]}}