{"id":46276,"date":"2021-05-11T13:38:07","date_gmt":"2021-05-11T11:38:07","guid":{"rendered":"https:\/\/naturalpoland.com\/produkty\/kategorilenmemis\/kadin-tuzlugu-ozu\/"},"modified":"2026-02-27T14:09:51","modified_gmt":"2026-02-27T13:09:51","slug":"kadin-tuzlugu-ozu","status":"publish","type":"product","link":"https:\/\/naturalpoland.com\/tr\/urunler\/bitkisel-ekstraktlar\/kadin-tuzlugu-ozu\/","title":{"rendered":"Kad\u0131n tuzlu\u011fu \u00f6z\u00fc"},"content":{"rendered":"<p class=\"\" data-start=\"0\" data-end=\"571\">Kad\u0131n tuzlu\u011fu \u00f6z\u00fc, ince \u00f6\u011f\u00fct\u00fclm\u00fc\u015f, karakteristik koku ve tada sahip sar\u0131 toz formundad\u0131r, ta\u015f\u0131y\u0131c\u0131 olarak az miktarda maltodekstrin i\u00e7erir. D\u00fc\u015f\u00fck nem ve k\u00fcl i\u00e7eri\u011fi ile karakterizedir. <\/p>\n<p class=\"\" data-start=\"573\" data-end=\"1158\">Bu \u00f6z\u00fct, esas olarak <strong>sindirim, metabolizma ve ba\u011f\u0131\u015f\u0131kl\u0131k sistemi fonksiyonlar\u0131n\u0131 destekleyen<\/strong> takviye g\u0131dalarda kullan\u0131l\u0131r. Kad\u0131n tuzlu\u011fu \u015fu \u00f6zellikleriyle bilinir: <\/p>\n<ul>\n<li data-start=\"573\" data-end=\"1158\"><strong>antienflamatuar etki,<\/strong><\/li>\n<li data-start=\"573\" data-end=\"1158\"><strong>antibakteriyel<\/strong>,<\/li>\n<li data-start=\"573\" data-end=\"1158\"><strong>ba\u011f\u0131rsak mikrofloras\u0131n\u0131n dengesini destekleme<\/strong>.<\/li>\n<\/ul>\n<p>Hafif tad\u0131 ve iyi \u00e7\u00f6z\u00fcn\u00fcrl\u00fc\u011f\u00fc sayesinde bu hammadde hem kaps\u00fcllerde hem de toz kar\u0131\u015f\u0131mlarda kullan\u0131labilir. \u00dcr\u00fcn, mikrobiyolojik ve kimyasal safl\u0131k a\u00e7\u0131s\u0131ndan kat\u0131 standartlar\u0131 kar\u015f\u0131lar, a\u011f\u0131r metallerden, pestisitlerden ve aflatoksinlerden ar\u0131nd\u0131r\u0131lm\u0131\u015ft\u0131r, bu da onu n\u00fctras\u00f6tik \u00fcretiminde g\u00fcvenli bir se\u00e7enek haline getirir. <\/p>\n","protected":false},"excerpt":{"rendered":"<p><strong>Kad\u0131n tuzlu\u011fu k\u00f6k\u00fc \u00f6z\u00fct\u00fc<\/strong> (<em>Berberis aristata<\/em>) sulu ekstraksiyon i\u015flemiyle elde edilir. Kad\u0131n tuzlu\u011fu yat\u0131\u015ft\u0131r\u0131c\u0131 etkiye sahiptir ve karaci\u011fer hastal\u0131klar\u0131 ile sindirim sistemi rahats\u0131zl\u0131klar\u0131n\u0131n tedavisini destekler. <\/p>\n","protected":false},"featured_media":46278,"template":"","meta":[],"product_brand":[],"product_cat":[9531],"product_tag":[],"class_list":{"0":"post-46276","1":"product","2":"type-product","3":"status-publish","4":"has-post-thumbnail","6":"product_cat-bitkisel-ekstraktlar","7":"pa_czesc-rosliny-kok","9":"first","10":"instock","11":"shipping-taxable","12":"product-type-simple"},"yoast_head":"<!-- This site is optimized with the Yoast SEO plugin v27.4 - https:\/\/yoast.com\/product\/yoast-seo-wordpress\/ -->\n<title>Kad\u0131n tuzlu\u011fu \u00f6z\u00fc - Hurtowy Dystrybutor<\/title>\n<meta name=\"description\" content=\"Kad\u0131n tuzlu\u011fu \u00f6z\u00fc, esas olarak sindirim, metabolizma ve ba\u011f\u0131\u015f\u0131kl\u0131k sistemi fonksiyonlar\u0131n\u0131 destekleyen takviye g\u0131dalarda kullan\u0131l\u0131r.\" \/>\n<meta name=\"robots\" content=\"index, follow, max-snippet:-1, max-image-preview:large, max-video-preview:-1\" \/>\n<link rel=\"canonical\" href=\"https:\/\/naturalpoland.com\/tr\/urunler\/bitkisel-ekstraktlar\/kadin-tuzlugu-ozu\/\" \/>\n<meta property=\"og:locale\" content=\"tr_TR\" \/>\n<meta property=\"og:type\" content=\"article\" \/>\n<meta property=\"og:title\" content=\"Kad\u0131n tuzlu\u011fu \u00f6z\u00fc - Hurtowy Dystrybutor\" \/>\n<meta property=\"og:description\" content=\"Kad\u0131n tuzlu\u011fu \u00f6z\u00fc, esas olarak sindirim, metabolizma ve ba\u011f\u0131\u015f\u0131kl\u0131k sistemi fonksiyonlar\u0131n\u0131 destekleyen takviye g\u0131dalarda kullan\u0131l\u0131r.\" \/>\n<meta property=\"og:url\" content=\"https:\/\/naturalpoland.com\/tr\/urunler\/bitkisel-ekstraktlar\/kadin-tuzlugu-ozu\/\" \/>\n<meta property=\"og:site_name\" content=\"NATURAL POLAND - Hurtowy Dystrybutor Surowc\u00f3w\" \/>\n<meta property=\"article:publisher\" content=\"https:\/\/www.facebook.com\/naturalpoland.b2b\" \/>\n<meta property=\"article:modified_time\" content=\"2026-02-27T13:09:51+00:00\" \/>\n<meta property=\"og:image\" content=\"https:\/\/naturalpoland.com\/wp-content\/uploads\/ekstrakt-z-berberysu.webp\" \/>\n\t<meta property=\"og:image:width\" content=\"1024\" \/>\n\t<meta property=\"og:image:height\" content=\"1024\" \/>\n\t<meta property=\"og:image:type\" content=\"image\/webp\" \/>\n<script type=\"application\/ld+json\" class=\"yoast-schema-graph\">{\"@context\":\"https:\\\/\\\/schema.org\",\"@graph\":[{\"@type\":\"WebPage\",\"@id\":\"https:\\\/\\\/naturalpoland.com\\\/tr\\\/urunler\\\/bitkisel-ekstraktlar\\\/kadin-tuzlugu-ozu\\\/\",\"url\":\"https:\\\/\\\/naturalpoland.com\\\/tr\\\/urunler\\\/bitkisel-ekstraktlar\\\/kadin-tuzlugu-ozu\\\/\",\"name\":\"Kad\u0131n tuzlu\u011fu \u00f6z\u00fc - Hurtowy Dystrybutor\",\"isPartOf\":{\"@id\":\"https:\\\/\\\/naturalpoland.com\\\/tr\\\/#website\"},\"primaryImageOfPage\":{\"@id\":\"https:\\\/\\\/naturalpoland.com\\\/tr\\\/urunler\\\/bitkisel-ekstraktlar\\\/kadin-tuzlugu-ozu\\\/#primaryimage\"},\"image\":{\"@id\":\"https:\\\/\\\/naturalpoland.com\\\/tr\\\/urunler\\\/bitkisel-ekstraktlar\\\/kadin-tuzlugu-ozu\\\/#primaryimage\"},\"thumbnailUrl\":\"https:\\\/\\\/naturalpoland.com\\\/wp-content\\\/uploads\\\/ekstrakt-z-berberysu.webp\",\"datePublished\":\"2021-05-11T11:38:07+00:00\",\"dateModified\":\"2026-02-27T13:09:51+00:00\",\"description\":\"Kad\u0131n tuzlu\u011fu \u00f6z\u00fc, esas olarak sindirim, metabolizma ve ba\u011f\u0131\u015f\u0131kl\u0131k sistemi fonksiyonlar\u0131n\u0131 destekleyen takviye g\u0131dalarda kullan\u0131l\u0131r.\",\"breadcrumb\":{\"@id\":\"https:\\\/\\\/naturalpoland.com\\\/tr\\\/urunler\\\/bitkisel-ekstraktlar\\\/kadin-tuzlugu-ozu\\\/#breadcrumb\"},\"inLanguage\":\"tr\",\"potentialAction\":[{\"@type\":\"ReadAction\",\"target\":[\"https:\\\/\\\/naturalpoland.com\\\/tr\\\/urunler\\\/bitkisel-ekstraktlar\\\/kadin-tuzlugu-ozu\\\/\"]}]},{\"@type\":\"ImageObject\",\"inLanguage\":\"tr\",\"@id\":\"https:\\\/\\\/naturalpoland.com\\\/tr\\\/urunler\\\/bitkisel-ekstraktlar\\\/kadin-tuzlugu-ozu\\\/#primaryimage\",\"url\":\"https:\\\/\\\/naturalpoland.com\\\/wp-content\\\/uploads\\\/ekstrakt-z-berberysu.webp\",\"contentUrl\":\"https:\\\/\\\/naturalpoland.com\\\/wp-content\\\/uploads\\\/ekstrakt-z-berberysu.webp\",\"width\":1024,\"height\":1024,\"caption\":\"kad\u0131n tuzlu\u011fu \u00f6z\u00fc\"},{\"@type\":\"BreadcrumbList\",\"@id\":\"https:\\\/\\\/naturalpoland.com\\\/tr\\\/urunler\\\/bitkisel-ekstraktlar\\\/kadin-tuzlugu-ozu\\\/#breadcrumb\",\"itemListElement\":[{\"@type\":\"ListItem\",\"position\":1,\"name\":\"Ana Sayfa\",\"item\":\"https:\\\/\\\/naturalpoland.com\\\/tr\\\/\"},{\"@type\":\"ListItem\",\"position\":2,\"name\":\"\u00dcr\u00fcnler\",\"item\":\"https:\\\/\\\/naturalpoland.com\\\/tr\\\/urunler\\\/\"},{\"@type\":\"ListItem\",\"position\":3,\"name\":\"Kad\u0131n tuzlu\u011fu \u00f6z\u00fc\"}]},{\"@type\":\"WebSite\",\"@id\":\"https:\\\/\\\/naturalpoland.com\\\/tr\\\/#website\",\"url\":\"https:\\\/\\\/naturalpoland.com\\\/tr\\\/\",\"name\":\"NATURAL POLAND - Hurtowy Dystrybutor Surowc\u00f3w\",\"description\":\"Surowce dla przemys\u0142u spo\u017cywczego, kosmetycznego i farmaceutycznego\",\"publisher\":{\"@id\":\"https:\\\/\\\/naturalpoland.com\\\/tr\\\/#organization\"},\"potentialAction\":[{\"@type\":\"SearchAction\",\"target\":{\"@type\":\"EntryPoint\",\"urlTemplate\":\"https:\\\/\\\/naturalpoland.com\\\/tr\\\/?s={search_term_string}\"},\"query-input\":{\"@type\":\"PropertyValueSpecification\",\"valueRequired\":true,\"valueName\":\"search_term_string\"}}],\"inLanguage\":\"tr\"},{\"@type\":\"Organization\",\"@id\":\"https:\\\/\\\/naturalpoland.com\\\/tr\\\/#organization\",\"name\":\"Natural Poland\",\"url\":\"https:\\\/\\\/naturalpoland.com\\\/tr\\\/\",\"logo\":{\"@type\":\"ImageObject\",\"inLanguage\":\"tr\",\"@id\":\"https:\\\/\\\/naturalpoland.com\\\/tr\\\/#\\\/schema\\\/logo\\\/image\\\/\",\"url\":\"https:\\\/\\\/naturalpoland.com\\\/wp-content\\\/uploads\\\/2021\\\/05\\\/natural-poland-icon.png\",\"contentUrl\":\"https:\\\/\\\/naturalpoland.com\\\/wp-content\\\/uploads\\\/2021\\\/05\\\/natural-poland-icon.png\",\"width\":512,\"height\":512,\"caption\":\"Natural Poland\"},\"image\":{\"@id\":\"https:\\\/\\\/naturalpoland.com\\\/tr\\\/#\\\/schema\\\/logo\\\/image\\\/\"},\"sameAs\":[\"https:\\\/\\\/www.facebook.com\\\/naturalpoland.b2b\",\"https:\\\/\\\/pl.linkedin.com\\\/company\\\/natural-poland\",\"https:\\\/\\\/www.youtube.com\\\/channel\\\/UCgeGGkvOMahZo-xu_MSEWxg\"]}]}<\/script>\n<!-- \/ Yoast SEO plugin. -->","yoast_head_json":{"title":"Kad\u0131n tuzlu\u011fu \u00f6z\u00fc - Hurtowy Dystrybutor","description":"Kad\u0131n tuzlu\u011fu \u00f6z\u00fc, esas olarak sindirim, metabolizma ve ba\u011f\u0131\u015f\u0131kl\u0131k sistemi fonksiyonlar\u0131n\u0131 destekleyen takviye g\u0131dalarda kullan\u0131l\u0131r.","robots":{"index":"index","follow":"follow","max-snippet":"max-snippet:-1","max-image-preview":"max-image-preview:large","max-video-preview":"max-video-preview:-1"},"canonical":"https:\/\/naturalpoland.com\/tr\/urunler\/bitkisel-ekstraktlar\/kadin-tuzlugu-ozu\/","og_locale":"tr_TR","og_type":"article","og_title":"Kad\u0131n tuzlu\u011fu \u00f6z\u00fc - Hurtowy Dystrybutor","og_description":"Kad\u0131n tuzlu\u011fu \u00f6z\u00fc, esas olarak sindirim, metabolizma ve ba\u011f\u0131\u015f\u0131kl\u0131k sistemi fonksiyonlar\u0131n\u0131 destekleyen takviye g\u0131dalarda kullan\u0131l\u0131r.","og_url":"https:\/\/naturalpoland.com\/tr\/urunler\/bitkisel-ekstraktlar\/kadin-tuzlugu-ozu\/","og_site_name":"NATURAL POLAND - Hurtowy Dystrybutor Surowc\u00f3w","article_publisher":"https:\/\/www.facebook.com\/naturalpoland.b2b","article_modified_time":"2026-02-27T13:09:51+00:00","og_image":[{"width":1024,"height":1024,"url":"https:\/\/naturalpoland.com\/wp-content\/uploads\/ekstrakt-z-berberysu.webp","type":"image\/webp"}],"schema":{"@context":"https:\/\/schema.org","@graph":[{"@type":"WebPage","@id":"https:\/\/naturalpoland.com\/tr\/urunler\/bitkisel-ekstraktlar\/kadin-tuzlugu-ozu\/","url":"https:\/\/naturalpoland.com\/tr\/urunler\/bitkisel-ekstraktlar\/kadin-tuzlugu-ozu\/","name":"Kad\u0131n tuzlu\u011fu \u00f6z\u00fc - Hurtowy Dystrybutor","isPartOf":{"@id":"https:\/\/naturalpoland.com\/tr\/#website"},"primaryImageOfPage":{"@id":"https:\/\/naturalpoland.com\/tr\/urunler\/bitkisel-ekstraktlar\/kadin-tuzlugu-ozu\/#primaryimage"},"image":{"@id":"https:\/\/naturalpoland.com\/tr\/urunler\/bitkisel-ekstraktlar\/kadin-tuzlugu-ozu\/#primaryimage"},"thumbnailUrl":"https:\/\/naturalpoland.com\/wp-content\/uploads\/ekstrakt-z-berberysu.webp","datePublished":"2021-05-11T11:38:07+00:00","dateModified":"2026-02-27T13:09:51+00:00","description":"Kad\u0131n tuzlu\u011fu \u00f6z\u00fc, esas olarak sindirim, metabolizma ve ba\u011f\u0131\u015f\u0131kl\u0131k sistemi fonksiyonlar\u0131n\u0131 destekleyen takviye g\u0131dalarda kullan\u0131l\u0131r.","breadcrumb":{"@id":"https:\/\/naturalpoland.com\/tr\/urunler\/bitkisel-ekstraktlar\/kadin-tuzlugu-ozu\/#breadcrumb"},"inLanguage":"tr","potentialAction":[{"@type":"ReadAction","target":["https:\/\/naturalpoland.com\/tr\/urunler\/bitkisel-ekstraktlar\/kadin-tuzlugu-ozu\/"]}]},{"@type":"ImageObject","inLanguage":"tr","@id":"https:\/\/naturalpoland.com\/tr\/urunler\/bitkisel-ekstraktlar\/kadin-tuzlugu-ozu\/#primaryimage","url":"https:\/\/naturalpoland.com\/wp-content\/uploads\/ekstrakt-z-berberysu.webp","contentUrl":"https:\/\/naturalpoland.com\/wp-content\/uploads\/ekstrakt-z-berberysu.webp","width":1024,"height":1024,"caption":"kad\u0131n tuzlu\u011fu \u00f6z\u00fc"},{"@type":"BreadcrumbList","@id":"https:\/\/naturalpoland.com\/tr\/urunler\/bitkisel-ekstraktlar\/kadin-tuzlugu-ozu\/#breadcrumb","itemListElement":[{"@type":"ListItem","position":1,"name":"Ana Sayfa","item":"https:\/\/naturalpoland.com\/tr\/"},{"@type":"ListItem","position":2,"name":"\u00dcr\u00fcnler","item":"https:\/\/naturalpoland.com\/tr\/urunler\/"},{"@type":"ListItem","position":3,"name":"Kad\u0131n tuzlu\u011fu \u00f6z\u00fc"}]},{"@type":"WebSite","@id":"https:\/\/naturalpoland.com\/tr\/#website","url":"https:\/\/naturalpoland.com\/tr\/","name":"NATURAL POLAND - Hurtowy Dystrybutor Surowc\u00f3w","description":"Surowce dla przemys\u0142u spo\u017cywczego, kosmetycznego i farmaceutycznego","publisher":{"@id":"https:\/\/naturalpoland.com\/tr\/#organization"},"potentialAction":[{"@type":"SearchAction","target":{"@type":"EntryPoint","urlTemplate":"https:\/\/naturalpoland.com\/tr\/?s={search_term_string}"},"query-input":{"@type":"PropertyValueSpecification","valueRequired":true,"valueName":"search_term_string"}}],"inLanguage":"tr"},{"@type":"Organization","@id":"https:\/\/naturalpoland.com\/tr\/#organization","name":"Natural Poland","url":"https:\/\/naturalpoland.com\/tr\/","logo":{"@type":"ImageObject","inLanguage":"tr","@id":"https:\/\/naturalpoland.com\/tr\/#\/schema\/logo\/image\/","url":"https:\/\/naturalpoland.com\/wp-content\/uploads\/2021\/05\/natural-poland-icon.png","contentUrl":"https:\/\/naturalpoland.com\/wp-content\/uploads\/2021\/05\/natural-poland-icon.png","width":512,"height":512,"caption":"Natural Poland"},"image":{"@id":"https:\/\/naturalpoland.com\/tr\/#\/schema\/logo\/image\/"},"sameAs":["https:\/\/www.facebook.com\/naturalpoland.b2b","https:\/\/pl.linkedin.com\/company\/natural-poland","https:\/\/www.youtube.com\/channel\/UCgeGGkvOMahZo-xu_MSEWxg"]}]}},"_links":{"self":[{"href":"https:\/\/naturalpoland.com\/tr\/wp-json\/wp\/v2\/product\/46276","targetHints":{"allow":["GET"]}}],"collection":[{"href":"https:\/\/naturalpoland.com\/tr\/wp-json\/wp\/v2\/product"}],"about":[{"href":"https:\/\/naturalpoland.com\/tr\/wp-json\/wp\/v2\/types\/product"}],"wp:featuredmedia":[{"embeddable":true,"href":"https:\/\/naturalpoland.com\/tr\/wp-json\/wp\/v2\/media\/46278"}],"wp:attachment":[{"href":"https:\/\/naturalpoland.com\/tr\/wp-json\/wp\/v2\/media?parent=46276"}],"wp:term":[{"taxonomy":"product_brand","embeddable":true,"href":"https:\/\/naturalpoland.com\/tr\/wp-json\/wp\/v2\/product_brand?post=46276"},{"taxonomy":"product_cat","embeddable":true,"href":"https:\/\/naturalpoland.com\/tr\/wp-json\/wp\/v2\/product_cat?post=46276"},{"taxonomy":"product_tag","embeddable":true,"href":"https:\/\/naturalpoland.com\/tr\/wp-json\/wp\/v2\/product_tag?post=46276"}],"curies":[{"name":"wp","href":"https:\/\/api.w.org\/{rel}","templated":true}]}}